{"id":6391,"date":"2023-01-31T13:04:42","date_gmt":"2023-01-31T13:04:42","guid":{"rendered":"https:\/\/emea.technetix.com\/hfc-netzwerke\/losungen-fur-kopfstellen\/nci-narrowcast-insertion-losung\/"},"modified":"2023-05-06T19:55:12","modified_gmt":"2023-05-06T19:55:12","slug":"nci-narrowcast-insertion-losung","status":"publish","type":"page","link":"https:\/\/emea.technetix.com\/de\/hfc-netzwerke\/losungen-fur-kopfstellen\/nci-narrowcast-insertion-losung\/","title":{"rendered":"Narrowcast-Insertion-L\u00f6sung (NCI)"},"content":{"rendered":"<div class=\"gb-container gb-container-f86f3f4f gb-container-hero-banner\"><div class=\"gb-inside-container\">\n<h1 class=\"gb-headline gb-headline-e1547755 gb-headline-text gb-headline-hero-banner-title\">Narrowcast-Insertion-L\u00f6sung (NCI)<\/h1>\n<\/div><\/div>\n\n<div class=\"gb-container gb-container-40b0b303 gb-container-inner-back-page-con\">\n\n<h2 class=\"gb-headline gb-headline-d02c52e4 gb-headline-text\">High-QAM-Modulationsschemata in der CCAP-Ausr\u00fcstung erfordern bei der Signalvereinigung eine hohe Isolation. Der CCAP-Standard erfordert eine Isolation von 70 dB zwischen den Ports eines CCAP-Ger\u00e4ts. <\/h2>\n\n\n\n<ul class=\"wp-block-list\">\n<li>DOCSIS 3.1 CCAP-konforme Combiner-L\u00f6sung<\/li>\n\n\n\n<li>Hohe CSO\/CTB-Spezifikation<\/li>\n\n\n\n<li>Elektronische Steuerung der Steigung und des Niveaus f\u00fcr jeden Eingangsport (in 0,5 dB Stufen)<\/li>\n\n\n\n<li>Keine Unterbrechung der Dienste bei Einstellungs- oder \u00c4nderungsarbeiten<\/li>\n\n\n\n<li>Remote Zugriff und \u00dcberwachung \u00fcber SNMP und Webserver<\/li>\n<\/ul>\n\n\n\n<p class=\"gb-headline gb-headline-6656b5c3 gb-headline-text\">Vorhandene passive und mit Verteilern und Richtkopplern aufgebaute Kopfstellen-Combiner-Systeme verursachen leakage pathes und verringern die Isolation. Dieses leakage verringert das CNR und die MER der angebotenen Dienste. <\/p>\n\n\n\n<p class=\"gb-headline gb-headline-5d191d05 gb-headline-text\">Die NCI-L\u00f6sung von Technetix stellt die h\u00f6chstm\u00f6gliche Isolation bei der Signalverarbeitung in der Kopfstelle bereit und bietet ein wenigstens 3 dB besseres CNR im Access-Netzwerk nach der optischen Schaltung. Dies gibt mehr Raum f\u00fcr den Einsatz h\u00f6herer Modulationsschemata wie beispielsweise 4K QAM. Remote Zugriff, elektronische Umschaltung sowie das Rack mit hoher Packungsdichte \u2212 alles best\u00e4tigt die Flexibilit\u00e4t des NCI-Systems. <\/p>\n\n\n\n<figure class=\"gb-block-image gb-block-image-61e35e7d\"><img loading=\"lazy\" decoding=\"async\" width=\"600\" height=\"486\" class=\"gb-image gb-image-61e35e7d\" src=\"https:\/\/emea.technetix.com\/wp-content\/uploads\/sites\/2\/2023\/01\/problem_nci-1.jpeg\" alt=\"DOCSIS 3.1 CCAP-konforme Combiner-L\u00f6sung\" srcset=\"https:\/\/emea.technetix.com\/wp-content\/uploads\/sites\/2\/2023\/01\/problem_nci-1.jpeg 600w, https:\/\/emea.technetix.com\/wp-content\/uploads\/sites\/2\/2023\/01\/problem_nci-1-300x243.jpeg 300w\" sizes=\"auto, (max-width: 600px) 100vw, 600px\" \/><\/figure>\n\n\n\n<h2 class=\"gb-headline gb-headline-6b17d0fd gb-headline-text gb-headline-h2-in-content\">Die intelligente L\u00f6sung f\u00fcr das HF-Signalmanagement in Kopfstellen<\/h2>\n\n\n\n<p class=\"gb-headline gb-headline-623f5b86 gb-headline-text\">Aktive Combiner sind die beste L\u00f6sung zur Bereitstellung eines zukunftssicheren Systems, das DOCSIS 3.0, DOCSIS 3.1 und CCAP handhaben kann. Die kompakte CCAP-konforme Narrowcast-Inserter-L\u00f6sung (NCI) von Technetix ist die intelligente Wahl zur Bew\u00e4ltigung dieser Herausforderungen. <\/p>\n\n\n\n<p class=\"gb-headline gb-headline-599967f8 gb-headline-text\">NCO bietet maximale Flexibilit\u00e4t bei minimalem Platzbedarf sowie geringe Leistungsaufnahme und hohe Isolation.<\/p>\n\n\n\n<figure class=\"gb-block-image gb-block-image-f5380205\"><img loading=\"lazy\" decoding=\"async\" width=\"600\" height=\"600\" class=\"gb-image gb-image-f5380205\" src=\"https:\/\/emea.technetix.com\/wp-content\/uploads\/sites\/2\/2023\/01\/solution_nci.jpeg\" alt=\"Die intelligente L\u00f6sung f\u00fcr das HF-Signalmanagement in Kopfstellen\" srcset=\"https:\/\/emea.technetix.com\/wp-content\/uploads\/sites\/2\/2023\/01\/solution_nci.jpeg 600w, https:\/\/emea.technetix.com\/wp-content\/uploads\/sites\/2\/2023\/01\/solution_nci-300x300.jpeg 300w, https:\/\/emea.technetix.com\/wp-content\/uploads\/sites\/2\/2023\/01\/solution_nci-150x150.jpeg 150w, https:\/\/emea.technetix.com\/wp-content\/uploads\/sites\/2\/2023\/01\/solution_nci-100x100.jpeg 100w\" sizes=\"auto, (max-width: 600px) 100vw, 600px\" \/><\/figure>\n\n<\/div>\n\n<div class=\"gb-container gb-container-df7dd8f7 gb-container-con-buttons-bottom\">\n\n<h2 class=\"gb-headline gb-headline-7ce6fa4b gb-headline-text gb-headline-head-bottom-buttons\">N\u00fctzliche Links<\/h2>\n\n\n<div class=\"gb-button-wrapper gb-button-wrapper-5300c273 gb-button-wrapper-after-con-buttons\">\n\n<a class=\"gb-button gb-button-5e4e6530 gb-button-text gb-button-bottom-button\" href=\"https:\/\/emea.technetix.com\/wp-content\/uploads\/sites\/2\/2023\/02\/NCI-Solution_BRC_EN.pdf\" target=\"_blank\" rel=\"noopener noreferrer\">Brosch\u00fcre<\/a>\n\n\n\n<a class=\"gb-button gb-button-3eadfa91 gb-button-text gb-button-bottom-button\" href=\"https:\/\/emea.technetix.com\/wp-content\/uploads\/sites\/2\/2023\/02\/NCI_WP_EN.pdf\" target=\"_blank\" rel=\"noopener noreferrer\">White paper<\/a>\n\n\n\n<a class=\"gb-button gb-button-4ceed201 gb-button-text gb-button-bottom-button\" href=\"https:\/\/emea.technetix.com\/de\/produkte\/breitband-technologie\/hf-kopfstelle\/\">Durchsuchen<\/a>\n\n\n\n<a class=\"gb-button gb-button-74bfad52 gb-button-text gb-button-bottom-button\" href=\"https:\/\/emea.technetix.com\/de\/kontakt\/\">Kontakt<\/a>\n\n<\/div>\n<\/div>","protected":false},"excerpt":{"rendered":"<p>Narrowcast-Insertion-L\u00f6sung (NCI) High-QAM-Modulationsschemata in der CCAP-Ausr\u00fcstung erfordern bei der Signalvereinigung eine hohe Isolation. Der CCAP-Standard erfordert eine Isolation von 70 dB zwischen den Ports eines CCAP-Ger\u00e4ts. Vorhandene passive und mit Verteilern und Richtkopplern aufgebaute Kopfstellen-Combiner-Systeme verursachen leakage pathes und verringern die Isolation. Dieses leakage verringert das CNR und die MER der angebotenen Dienste. Die NCI-L\u00f6sung &#8230; <a title=\"Narrowcast-Insertion-L\u00f6sung (NCI)\" class=\"read-more\" href=\"https:\/\/emea.technetix.com\/de\/hfc-netzwerke\/losungen-fur-kopfstellen\/nci-narrowcast-insertion-losung\/\" aria-label=\"Mehr Informationen \u00fcber Narrowcast-Insertion-L\u00f6sung (NCI)\">Read more<\/a><\/p>\n","protected":false},"author":1,"featured_media":2252,"parent":6167,"menu_order":0,"comment_status":"open","ping_status":"closed","template":"","meta":{"_acf_changed":false,"_gspb_post_css":"","footnotes":""},"class_list":["post-6391","page","type-page","status-publish","has-post-thumbnail"],"yoast_head":"<!-- This site is optimized with the Yoast SEO Premium plugin v22.5 (Yoast SEO v27.3) - https:\/\/yoast.com\/product\/yoast-seo-premium-wordpress\/ -->\n<title>Narrowcast-Insertion-L\u00f6sung (NCI) - Technetix EMEA<\/title>\n<meta name=\"robots\" content=\"index, follow, max-snippet:-1, max-image-preview:large, max-video-preview:-1\" \/>\n<link rel=\"canonical\" href=\"https:\/\/emea.technetix.com\/de\/hfc-netzwerke\/losungen-fur-kopfstellen\/nci-narrowcast-insertion-losung\/\" \/>\n<meta property=\"og:locale\" content=\"de_DE\" \/>\n<meta property=\"og:type\" content=\"article\" \/>\n<meta property=\"og:title\" content=\"Narrowcast-Insertion-L\u00f6sung (NCI) - Technetix EMEA\" \/>\n<meta property=\"og:description\" content=\"Narrowcast-Insertion-L\u00f6sung (NCI) High-QAM-Modulationsschemata in der CCAP-Ausr\u00fcstung erfordern bei der Signalvereinigung eine hohe Isolation. Der CCAP-Standard erfordert eine Isolation von 70 dB zwischen den Ports eines CCAP-Ger\u00e4ts. Vorhandene passive und mit Verteilern und Richtkopplern aufgebaute Kopfstellen-Combiner-Systeme verursachen leakage pathes und verringern die Isolation. Dieses leakage verringert das CNR und die MER der angebotenen Dienste. Die NCI-L\u00f6sung ... Read more\" \/>\n<meta property=\"og:url\" content=\"https:\/\/emea.technetix.com\/de\/hfc-netzwerke\/losungen-fur-kopfstellen\/nci-narrowcast-insertion-losung\/\" \/>\n<meta property=\"og:site_name\" content=\"Technetix EMEA\" \/>\n<meta property=\"article:modified_time\" content=\"2023-05-06T19:55:12+00:00\" \/>\n<meta property=\"og:image\" content=\"https:\/\/emea.technetix.com\/wp-content\/uploads\/sites\/2\/2023\/01\/LANDING_PAGE_LARGE_NARROWCAST_FINAL.jpeg\" \/>\n\t<meta property=\"og:image:width\" content=\"1920\" \/>\n\t<meta property=\"og:image:height\" content=\"450\" \/>\n\t<meta property=\"og:image:type\" content=\"image\/jpeg\" \/>\n<meta name=\"twitter:card\" content=\"summary_large_image\" \/>\n<meta name=\"twitter:site\" content=\"@technetixgroup\" \/>\n<meta name=\"twitter:label1\" content=\"Gesch\u00e4tzte Lesezeit\" \/>\n\t<meta name=\"twitter:data1\" content=\"2\u00a0Minuten\" \/>\n<script type=\"application\/ld+json\" class=\"yoast-schema-graph\">{\"@context\":\"https:\\\/\\\/schema.org\",\"@graph\":[{\"@type\":\"WebPage\",\"@id\":\"https:\\\/\\\/emea.technetix.com\\\/de\\\/hfc-netzwerke\\\/losungen-fur-kopfstellen\\\/nci-narrowcast-insertion-losung\\\/\",\"url\":\"https:\\\/\\\/emea.technetix.com\\\/de\\\/hfc-netzwerke\\\/losungen-fur-kopfstellen\\\/nci-narrowcast-insertion-losung\\\/\",\"name\":\"Narrowcast-Insertion-L\u00f6sung (NCI) - Technetix EMEA\",\"isPartOf\":{\"@id\":\"https:\\\/\\\/emea.technetix.com\\\/de\\\/#website\"},\"primaryImageOfPage\":{\"@id\":\"https:\\\/\\\/emea.technetix.com\\\/de\\\/hfc-netzwerke\\\/losungen-fur-kopfstellen\\\/nci-narrowcast-insertion-losung\\\/#primaryimage\"},\"image\":{\"@id\":\"https:\\\/\\\/emea.technetix.com\\\/de\\\/hfc-netzwerke\\\/losungen-fur-kopfstellen\\\/nci-narrowcast-insertion-losung\\\/#primaryimage\"},\"thumbnailUrl\":\"https:\\\/\\\/emea.technetix.com\\\/wp-content\\\/uploads\\\/sites\\\/2\\\/2023\\\/01\\\/LANDING_PAGE_LARGE_NARROWCAST_FINAL.jpeg\",\"datePublished\":\"2023-01-31T13:04:42+00:00\",\"dateModified\":\"2023-05-06T19:55:12+00:00\",\"breadcrumb\":{\"@id\":\"https:\\\/\\\/emea.technetix.com\\\/de\\\/hfc-netzwerke\\\/losungen-fur-kopfstellen\\\/nci-narrowcast-insertion-losung\\\/#breadcrumb\"},\"inLanguage\":\"de\",\"potentialAction\":[{\"@type\":\"ReadAction\",\"target\":[\"https:\\\/\\\/emea.technetix.com\\\/de\\\/hfc-netzwerke\\\/losungen-fur-kopfstellen\\\/nci-narrowcast-insertion-losung\\\/\"]}]},{\"@type\":\"ImageObject\",\"inLanguage\":\"de\",\"@id\":\"https:\\\/\\\/emea.technetix.com\\\/de\\\/hfc-netzwerke\\\/losungen-fur-kopfstellen\\\/nci-narrowcast-insertion-losung\\\/#primaryimage\",\"url\":\"https:\\\/\\\/emea.technetix.com\\\/wp-content\\\/uploads\\\/sites\\\/2\\\/2023\\\/01\\\/LANDING_PAGE_LARGE_NARROWCAST_FINAL.jpeg\",\"contentUrl\":\"https:\\\/\\\/emea.technetix.com\\\/wp-content\\\/uploads\\\/sites\\\/2\\\/2023\\\/01\\\/LANDING_PAGE_LARGE_NARROWCAST_FINAL.jpeg\",\"width\":1920,\"height\":450},{\"@type\":\"BreadcrumbList\",\"@id\":\"https:\\\/\\\/emea.technetix.com\\\/de\\\/hfc-netzwerke\\\/losungen-fur-kopfstellen\\\/nci-narrowcast-insertion-losung\\\/#breadcrumb\",\"itemListElement\":[{\"@type\":\"ListItem\",\"position\":1,\"name\":\"Home\",\"item\":\"https:\\\/\\\/emea.technetix.com\\\/de\\\/\"},{\"@type\":\"ListItem\",\"position\":2,\"name\":\"Breitband Kabel\",\"item\":\"https:\\\/\\\/emea.technetix.com\\\/de\\\/hfc-netzwerke\\\/\"},{\"@type\":\"ListItem\",\"position\":3,\"name\":\"L\u00f6sungen f\u00fcr Kopfstellen\",\"item\":\"https:\\\/\\\/emea.technetix.com\\\/de\\\/hfc-netzwerke\\\/losungen-fur-kopfstellen\\\/\"},{\"@type\":\"ListItem\",\"position\":4,\"name\":\"Narrowcast-Insertion-L\u00f6sung (NCI)\"}]},{\"@type\":\"WebSite\",\"@id\":\"https:\\\/\\\/emea.technetix.com\\\/de\\\/#website\",\"url\":\"https:\\\/\\\/emea.technetix.com\\\/de\\\/\",\"name\":\"Technetix\",\"description\":\"Next-generation broadband equipment engineering\",\"publisher\":{\"@id\":\"https:\\\/\\\/emea.technetix.com\\\/de\\\/#organization\"},\"potentialAction\":[{\"@type\":\"SearchAction\",\"target\":{\"@type\":\"EntryPoint\",\"urlTemplate\":\"https:\\\/\\\/emea.technetix.com\\\/de\\\/?s={search_term_string}\"},\"query-input\":{\"@type\":\"PropertyValueSpecification\",\"valueRequired\":true,\"valueName\":\"search_term_string\"}}],\"inLanguage\":\"de\"},{\"@type\":\"Organization\",\"@id\":\"https:\\\/\\\/emea.technetix.com\\\/de\\\/#organization\",\"name\":\"Technetix\",\"url\":\"https:\\\/\\\/emea.technetix.com\\\/de\\\/\",\"logo\":{\"@type\":\"ImageObject\",\"inLanguage\":\"de\",\"@id\":\"https:\\\/\\\/emea.technetix.com\\\/de\\\/#\\\/schema\\\/logo\\\/image\\\/\",\"url\":\"https:\\\/\\\/emea.technetix.com\\\/wp-content\\\/uploads\\\/sites\\\/2\\\/2023\\\/06\\\/logo-Technetix-1000x1000-1.png\",\"contentUrl\":\"https:\\\/\\\/emea.technetix.com\\\/wp-content\\\/uploads\\\/sites\\\/2\\\/2023\\\/06\\\/logo-Technetix-1000x1000-1.png\",\"width\":1000,\"height\":1000,\"caption\":\"Technetix\"},\"image\":{\"@id\":\"https:\\\/\\\/emea.technetix.com\\\/de\\\/#\\\/schema\\\/logo\\\/image\\\/\"},\"sameAs\":[\"https:\\\/\\\/x.com\\\/technetixgroup\",\"https:\\\/\\\/www.linkedin.com\\\/company\\\/technetix\\\/\",\"https:\\\/\\\/www.youtube.com\\\/c\\\/Technetix-group\"]}]}<\/script>\n<!-- \/ Yoast SEO Premium plugin. -->","yoast_head_json":{"title":"Narrowcast-Insertion-L\u00f6sung (NCI) - Technetix EMEA","robots":{"index":"index","follow":"follow","max-snippet":"max-snippet:-1","max-image-preview":"max-image-preview:large","max-video-preview":"max-video-preview:-1"},"canonical":"https:\/\/emea.technetix.com\/de\/hfc-netzwerke\/losungen-fur-kopfstellen\/nci-narrowcast-insertion-losung\/","og_locale":"de_DE","og_type":"article","og_title":"Narrowcast-Insertion-L\u00f6sung (NCI) - Technetix EMEA","og_description":"Narrowcast-Insertion-L\u00f6sung (NCI) High-QAM-Modulationsschemata in der CCAP-Ausr\u00fcstung erfordern bei der Signalvereinigung eine hohe Isolation. Der CCAP-Standard erfordert eine Isolation von 70 dB zwischen den Ports eines CCAP-Ger\u00e4ts. Vorhandene passive und mit Verteilern und Richtkopplern aufgebaute Kopfstellen-Combiner-Systeme verursachen leakage pathes und verringern die Isolation. Dieses leakage verringert das CNR und die MER der angebotenen Dienste. Die NCI-L\u00f6sung ... Read more","og_url":"https:\/\/emea.technetix.com\/de\/hfc-netzwerke\/losungen-fur-kopfstellen\/nci-narrowcast-insertion-losung\/","og_site_name":"Technetix EMEA","article_modified_time":"2023-05-06T19:55:12+00:00","og_image":[{"width":1920,"height":450,"url":"https:\/\/emea.technetix.com\/wp-content\/uploads\/sites\/2\/2023\/01\/LANDING_PAGE_LARGE_NARROWCAST_FINAL.jpeg","type":"image\/jpeg"}],"twitter_card":"summary_large_image","twitter_site":"@technetixgroup","twitter_misc":{"Gesch\u00e4tzte Lesezeit":"2\u00a0Minuten"},"schema":{"@context":"https:\/\/schema.org","@graph":[{"@type":"WebPage","@id":"https:\/\/emea.technetix.com\/de\/hfc-netzwerke\/losungen-fur-kopfstellen\/nci-narrowcast-insertion-losung\/","url":"https:\/\/emea.technetix.com\/de\/hfc-netzwerke\/losungen-fur-kopfstellen\/nci-narrowcast-insertion-losung\/","name":"Narrowcast-Insertion-L\u00f6sung (NCI) - Technetix EMEA","isPartOf":{"@id":"https:\/\/emea.technetix.com\/de\/#website"},"primaryImageOfPage":{"@id":"https:\/\/emea.technetix.com\/de\/hfc-netzwerke\/losungen-fur-kopfstellen\/nci-narrowcast-insertion-losung\/#primaryimage"},"image":{"@id":"https:\/\/emea.technetix.com\/de\/hfc-netzwerke\/losungen-fur-kopfstellen\/nci-narrowcast-insertion-losung\/#primaryimage"},"thumbnailUrl":"https:\/\/emea.technetix.com\/wp-content\/uploads\/sites\/2\/2023\/01\/LANDING_PAGE_LARGE_NARROWCAST_FINAL.jpeg","datePublished":"2023-01-31T13:04:42+00:00","dateModified":"2023-05-06T19:55:12+00:00","breadcrumb":{"@id":"https:\/\/emea.technetix.com\/de\/hfc-netzwerke\/losungen-fur-kopfstellen\/nci-narrowcast-insertion-losung\/#breadcrumb"},"inLanguage":"de","potentialAction":[{"@type":"ReadAction","target":["https:\/\/emea.technetix.com\/de\/hfc-netzwerke\/losungen-fur-kopfstellen\/nci-narrowcast-insertion-losung\/"]}]},{"@type":"ImageObject","inLanguage":"de","@id":"https:\/\/emea.technetix.com\/de\/hfc-netzwerke\/losungen-fur-kopfstellen\/nci-narrowcast-insertion-losung\/#primaryimage","url":"https:\/\/emea.technetix.com\/wp-content\/uploads\/sites\/2\/2023\/01\/LANDING_PAGE_LARGE_NARROWCAST_FINAL.jpeg","contentUrl":"https:\/\/emea.technetix.com\/wp-content\/uploads\/sites\/2\/2023\/01\/LANDING_PAGE_LARGE_NARROWCAST_FINAL.jpeg","width":1920,"height":450},{"@type":"BreadcrumbList","@id":"https:\/\/emea.technetix.com\/de\/hfc-netzwerke\/losungen-fur-kopfstellen\/nci-narrowcast-insertion-losung\/#breadcrumb","itemListElement":[{"@type":"ListItem","position":1,"name":"Home","item":"https:\/\/emea.technetix.com\/de\/"},{"@type":"ListItem","position":2,"name":"Breitband Kabel","item":"https:\/\/emea.technetix.com\/de\/hfc-netzwerke\/"},{"@type":"ListItem","position":3,"name":"L\u00f6sungen f\u00fcr Kopfstellen","item":"https:\/\/emea.technetix.com\/de\/hfc-netzwerke\/losungen-fur-kopfstellen\/"},{"@type":"ListItem","position":4,"name":"Narrowcast-Insertion-L\u00f6sung (NCI)"}]},{"@type":"WebSite","@id":"https:\/\/emea.technetix.com\/de\/#website","url":"https:\/\/emea.technetix.com\/de\/","name":"Technetix","description":"Next-generation broadband equipment engineering","publisher":{"@id":"https:\/\/emea.technetix.com\/de\/#organization"},"potentialAction":[{"@type":"SearchAction","target":{"@type":"EntryPoint","urlTemplate":"https:\/\/emea.technetix.com\/de\/?s={search_term_string}"},"query-input":{"@type":"PropertyValueSpecification","valueRequired":true,"valueName":"search_term_string"}}],"inLanguage":"de"},{"@type":"Organization","@id":"https:\/\/emea.technetix.com\/de\/#organization","name":"Technetix","url":"https:\/\/emea.technetix.com\/de\/","logo":{"@type":"ImageObject","inLanguage":"de","@id":"https:\/\/emea.technetix.com\/de\/#\/schema\/logo\/image\/","url":"https:\/\/emea.technetix.com\/wp-content\/uploads\/sites\/2\/2023\/06\/logo-Technetix-1000x1000-1.png","contentUrl":"https:\/\/emea.technetix.com\/wp-content\/uploads\/sites\/2\/2023\/06\/logo-Technetix-1000x1000-1.png","width":1000,"height":1000,"caption":"Technetix"},"image":{"@id":"https:\/\/emea.technetix.com\/de\/#\/schema\/logo\/image\/"},"sameAs":["https:\/\/x.com\/technetixgroup","https:\/\/www.linkedin.com\/company\/technetix\/","https:\/\/www.youtube.com\/c\/Technetix-group"]}]}},"acf":[],"publishpress_future_workflow_manual_trigger":{"enabledWorkflows":[]},"_links":{"self":[{"href":"https:\/\/emea.technetix.com\/de\/wp-json\/wp\/v2\/pages\/6391","targetHints":{"allow":["GET"]}}],"collection":[{"href":"https:\/\/emea.technetix.com\/de\/wp-json\/wp\/v2\/pages"}],"about":[{"href":"https:\/\/emea.technetix.com\/de\/wp-json\/wp\/v2\/types\/page"}],"author":[{"embeddable":true,"href":"https:\/\/emea.technetix.com\/de\/wp-json\/wp\/v2\/users\/1"}],"replies":[{"embeddable":true,"href":"https:\/\/emea.technetix.com\/de\/wp-json\/wp\/v2\/comments?post=6391"}],"version-history":[{"count":0,"href":"https:\/\/emea.technetix.com\/de\/wp-json\/wp\/v2\/pages\/6391\/revisions"}],"up":[{"embeddable":true,"href":"https:\/\/emea.technetix.com\/de\/wp-json\/wp\/v2\/pages\/6167"}],"wp:featuredmedia":[{"embeddable":true,"href":"https:\/\/emea.technetix.com\/de\/wp-json\/wp\/v2\/media\/2252"}],"wp:attachment":[{"href":"https:\/\/emea.technetix.com\/de\/wp-json\/wp\/v2\/media?parent=6391"}],"curies":[{"name":"wp","href":"https:\/\/api.w.org\/{rel}","templated":true}]}}