{"id":6389,"date":"2023-01-31T13:17:34","date_gmt":"2023-01-31T13:17:34","guid":{"rendered":"https:\/\/emea.technetix.com\/hfc-netzwerke\/losungen-fur-kopfstellen\/flexible-panel-losung\/"},"modified":"2024-02-08T10:25:21","modified_gmt":"2024-02-08T10:25:21","slug":"flexible-panel-losung","status":"publish","type":"page","link":"https:\/\/emea.technetix.com\/de\/hfc-netzwerke\/losungen-fur-kopfstellen\/flexible-panel-losung\/","title":{"rendered":"Flexible Panel-L\u00f6sung"},"content":{"rendered":"<div class=\"gb-container gb-container-f86f3f4f gb-container-hero-banner\"><div class=\"gb-inside-container\">\n<h1 class=\"gb-headline gb-headline-e1547755 gb-headline-text gb-headline-hero-banner-title\">Flexible Panel-L\u00f6sung<\/h1>\n<\/div><\/div>\n\n<div class=\"gb-container gb-container-93c24776 gb-container-inner-back-page-con\">\n\n<h2 class=\"gb-headline gb-headline-d02c52e4 gb-headline-text\">Erstellen, verbauen, verschlie\u00dfen \u2013 die Gesamtl\u00f6sung von Technetix.<\/h2>\n\n\n\n<p class=\"gb-headline gb-headline-6656b5c3 gb-headline-text\">Technetix bietet eine vollst\u00e4ndig customised Gesamtl\u00f6sung f\u00fcr flexible Patchpanels.<\/p>\n\n\n\n<ul class=\"wp-block-list\">\n<li>Kann f\u00fcr alle Szenarien in der Kopfstelle genutzt werden, die die Splittung oder die Zusammenf\u00fchrung von Signalen betreffen<\/li>\n\n\n\n<li>Spezifische Frontplattenaufkleber mit klaren Bezeichnungen f\u00fcr eine einfache Organisation und Erkennung der Steckverbinder-Funktionen<\/li>\n\n\n\n<li>Eine rein passive L\u00f6sung \u2013 keine zus\u00e4tzliche Stromversorgung erforderlich, keine zu versteckenden Kabel und keine Beschr\u00e4nkung des Montageortes<\/li>\n\n\n\n<li>Schraubbefestigung mit Standard-Phillips-Schrauben f\u00fcr eine einfache Montage und fortlaufende Wartung.<\/li>\n<\/ul>\n\n\n\n<p class=\"gb-headline gb-headline-623f5b86 gb-headline-text\">Nennen Sie uns Ihre Verteiler- und Combiner-Anforderungen, wir werden Ihnen eine auf Ihre Anforderungen exakt zugeschnittene Panel-L\u00f6sung zukommen lassen.<\/p>\n\n\n\n<figure class=\"gb-block-image gb-block-image-61e35e7d\"><img loading=\"lazy\" decoding=\"async\" width=\"1000\" height=\"1200\" class=\"gb-image gb-image-61e35e7d\" src=\"https:\/\/emea.technetix.com\/wp-content\/uploads\/sites\/2\/2023\/01\/FlexiblePanelSolution.jpeg\" alt=\"Standardisiert: Modulares Design, einfache Montage, Wartung und Aufr\u00fcstung im Rahmen Ihrer zuk\u00fcnftigen Aufteilungs- und Zusammenf\u00fchrungsanforderungen des Netzes. 1, 2 und 3 HE-Panels verf\u00fcgbar.\" srcset=\"https:\/\/emea.technetix.com\/wp-content\/uploads\/sites\/2\/2023\/01\/FlexiblePanelSolution.jpeg 1000w, https:\/\/emea.technetix.com\/wp-content\/uploads\/sites\/2\/2023\/01\/FlexiblePanelSolution-250x300.jpeg 250w, https:\/\/emea.technetix.com\/wp-content\/uploads\/sites\/2\/2023\/01\/FlexiblePanelSolution-853x1024.jpeg 853w, https:\/\/emea.technetix.com\/wp-content\/uploads\/sites\/2\/2023\/01\/FlexiblePanelSolution-768x922.jpeg 768w, https:\/\/emea.technetix.com\/wp-content\/uploads\/sites\/2\/2023\/01\/FlexiblePanelSolution-600x720.jpeg 600w\" sizes=\"auto, (max-width: 1000px) 100vw, 1000px\" \/><\/figure>\n\n\n\n<p class=\"gb-headline gb-headline-a8348cf5 gb-headline-text\">Standardisiert: Modulares Design, einfache Montage, Wartung und Aufr\u00fcstung im Rahmen Ihrerzuk\u00fcnftigen Aufteilungs- und Zusammenf\u00fchrungsanforderungen des Netzes. 1, 2 und 3 HE-Panels verf\u00fcgbar. <\/p>\n\n\n\n<p class=\"gb-headline gb-headline-8fe160e1 gb-headline-text\">Personalisiert: Ausr\u00fcstung, die die spezifischen Anforderungen Ihres Netzwerks erf\u00fcllt, einfach zu nutzen, flexibel, funktional und ansprechend. Kundenspezifisch gestaltete Frontplattenaufkleber gem\u00e4\u00df Ihrer Corporate Identity. <\/p>\n\n\n\n<p class=\"gb-headline gb-headline-d1b839b3 gb-headline-text\">Optimiert: Verwendung hochqualitativer passiver Verteiler und Richtkoppler, die sowohl vertikal als auch horizontal an einer massiven R\u00fcckwand montiert werden k\u00f6nnen.<\/p>\n\n<\/div>\n\n<div class=\"gb-container gb-container-f49a946f gb-container-con-buttons-bottom\">\n\n<h2 class=\"gb-headline gb-headline-7ce6fa4b gb-headline-text gb-headline-head-bottom-buttons\">N\u00fctzliche Links<\/h2>\n\n\n<div class=\"gb-button-wrapper gb-button-wrapper-5300c273 gb-button-wrapper-after-con-buttons\">\n\n<a class=\"gb-button gb-button-4ceed201 gb-button-text gb-button-bottom-button\" href=\"https:\/\/emea.technetix.com\/wp-content\/uploads\/sites\/2\/2023\/02\/Flexible-Panel-Solution_BRC_EN.pdf\" target=\"_blank\" rel=\"noopener noreferrer\">Brosch\u00fcre<\/a>\n\n\n\n<a class=\"gb-button gb-button-74bfad52 gb-button-text gb-button-bottom-button\" href=\"https:\/\/emea.technetix.com\/de\/kontakt\/\">Kontakt<\/a>\n\n<\/div>\n<\/div>","protected":false},"excerpt":{"rendered":"<p>Flexible Panel-L\u00f6sung Erstellen, verbauen, verschlie\u00dfen \u2013 die Gesamtl\u00f6sung von Technetix. Technetix bietet eine vollst\u00e4ndig customised Gesamtl\u00f6sung f\u00fcr flexible Patchpanels. Nennen Sie uns Ihre Verteiler- und Combiner-Anforderungen, wir werden Ihnen eine auf Ihre Anforderungen exakt zugeschnittene Panel-L\u00f6sung zukommen lassen. Standardisiert: Modulares Design, einfache Montage, Wartung und Aufr\u00fcstung im Rahmen Ihrerzuk\u00fcnftigen Aufteilungs- und Zusammenf\u00fchrungsanforderungen des Netzes. 1, &#8230; <a title=\"Flexible Panel-L\u00f6sung\" class=\"read-more\" href=\"https:\/\/emea.technetix.com\/de\/hfc-netzwerke\/losungen-fur-kopfstellen\/flexible-panel-losung\/\" aria-label=\"Mehr Informationen \u00fcber Flexible Panel-L\u00f6sung\">Read more<\/a><\/p>\n","protected":false},"author":1,"featured_media":2287,"parent":6167,"menu_order":0,"comment_status":"closed","ping_status":"closed","template":"","meta":{"_acf_changed":false,"_gspb_post_css":"","footnotes":""},"class_list":["post-6389","page","type-page","status-publish","has-post-thumbnail"],"yoast_head":"<!-- This site is optimized with the Yoast SEO Premium plugin v22.5 (Yoast SEO v27.4) - https:\/\/yoast.com\/product\/yoast-seo-premium-wordpress\/ -->\n<title>Flexible Panel-L\u00f6sung - Technetix EMEA<\/title>\n<meta name=\"robots\" content=\"index, follow, max-snippet:-1, max-image-preview:large, max-video-preview:-1\" \/>\n<link rel=\"canonical\" href=\"https:\/\/emea.technetix.com\/de\/hfc-netzwerke\/losungen-fur-kopfstellen\/flexible-panel-losung\/\" \/>\n<meta property=\"og:locale\" content=\"de_DE\" \/>\n<meta property=\"og:type\" content=\"article\" \/>\n<meta property=\"og:title\" content=\"Flexible Panel-L\u00f6sung - Technetix EMEA\" \/>\n<meta property=\"og:description\" content=\"Flexible Panel-L\u00f6sung Erstellen, verbauen, verschlie\u00dfen \u2013 die Gesamtl\u00f6sung von Technetix. Technetix bietet eine vollst\u00e4ndig customised Gesamtl\u00f6sung f\u00fcr flexible Patchpanels. Nennen Sie uns Ihre Verteiler- und Combiner-Anforderungen, wir werden Ihnen eine auf Ihre Anforderungen exakt zugeschnittene Panel-L\u00f6sung zukommen lassen. Standardisiert: Modulares Design, einfache Montage, Wartung und Aufr\u00fcstung im Rahmen Ihrerzuk\u00fcnftigen Aufteilungs- und Zusammenf\u00fchrungsanforderungen des Netzes. 1, ... Read more\" \/>\n<meta property=\"og:url\" content=\"https:\/\/emea.technetix.com\/de\/hfc-netzwerke\/losungen-fur-kopfstellen\/flexible-panel-losung\/\" \/>\n<meta property=\"og:site_name\" content=\"Technetix EMEA\" \/>\n<meta property=\"article:modified_time\" content=\"2024-02-08T10:25:21+00:00\" \/>\n<meta property=\"og:image\" content=\"https:\/\/emea.technetix.com\/wp-content\/uploads\/sites\/2\/2023\/01\/LANDING_PAGE_LARGE_FLEXIBLE-PANEL_FINAL.jpeg\" \/>\n\t<meta property=\"og:image:width\" content=\"1920\" \/>\n\t<meta property=\"og:image:height\" content=\"450\" \/>\n\t<meta property=\"og:image:type\" content=\"image\/jpeg\" \/>\n<meta name=\"twitter:card\" content=\"summary_large_image\" \/>\n<meta name=\"twitter:site\" content=\"@technetixgroup\" \/>\n<meta name=\"twitter:label1\" content=\"Gesch\u00e4tzte Lesezeit\" \/>\n\t<meta name=\"twitter:data1\" content=\"2\u00a0Minuten\" \/>\n<script type=\"application\/ld+json\" class=\"yoast-schema-graph\">{\"@context\":\"https:\\\/\\\/schema.org\",\"@graph\":[{\"@type\":\"WebPage\",\"@id\":\"https:\\\/\\\/emea.technetix.com\\\/de\\\/hfc-netzwerke\\\/losungen-fur-kopfstellen\\\/flexible-panel-losung\\\/\",\"url\":\"https:\\\/\\\/emea.technetix.com\\\/de\\\/hfc-netzwerke\\\/losungen-fur-kopfstellen\\\/flexible-panel-losung\\\/\",\"name\":\"Flexible Panel-L\u00f6sung - Technetix EMEA\",\"isPartOf\":{\"@id\":\"https:\\\/\\\/emea.technetix.com\\\/de\\\/#website\"},\"primaryImageOfPage\":{\"@id\":\"https:\\\/\\\/emea.technetix.com\\\/de\\\/hfc-netzwerke\\\/losungen-fur-kopfstellen\\\/flexible-panel-losung\\\/#primaryimage\"},\"image\":{\"@id\":\"https:\\\/\\\/emea.technetix.com\\\/de\\\/hfc-netzwerke\\\/losungen-fur-kopfstellen\\\/flexible-panel-losung\\\/#primaryimage\"},\"thumbnailUrl\":\"https:\\\/\\\/emea.technetix.com\\\/wp-content\\\/uploads\\\/sites\\\/2\\\/2023\\\/01\\\/LANDING_PAGE_LARGE_FLEXIBLE-PANEL_FINAL.jpeg\",\"datePublished\":\"2023-01-31T13:17:34+00:00\",\"dateModified\":\"2024-02-08T10:25:21+00:00\",\"breadcrumb\":{\"@id\":\"https:\\\/\\\/emea.technetix.com\\\/de\\\/hfc-netzwerke\\\/losungen-fur-kopfstellen\\\/flexible-panel-losung\\\/#breadcrumb\"},\"inLanguage\":\"de\",\"potentialAction\":[{\"@type\":\"ReadAction\",\"target\":[\"https:\\\/\\\/emea.technetix.com\\\/de\\\/hfc-netzwerke\\\/losungen-fur-kopfstellen\\\/flexible-panel-losung\\\/\"]}]},{\"@type\":\"ImageObject\",\"inLanguage\":\"de\",\"@id\":\"https:\\\/\\\/emea.technetix.com\\\/de\\\/hfc-netzwerke\\\/losungen-fur-kopfstellen\\\/flexible-panel-losung\\\/#primaryimage\",\"url\":\"https:\\\/\\\/emea.technetix.com\\\/wp-content\\\/uploads\\\/sites\\\/2\\\/2023\\\/01\\\/LANDING_PAGE_LARGE_FLEXIBLE-PANEL_FINAL.jpeg\",\"contentUrl\":\"https:\\\/\\\/emea.technetix.com\\\/wp-content\\\/uploads\\\/sites\\\/2\\\/2023\\\/01\\\/LANDING_PAGE_LARGE_FLEXIBLE-PANEL_FINAL.jpeg\",\"width\":1920,\"height\":450},{\"@type\":\"BreadcrumbList\",\"@id\":\"https:\\\/\\\/emea.technetix.com\\\/de\\\/hfc-netzwerke\\\/losungen-fur-kopfstellen\\\/flexible-panel-losung\\\/#breadcrumb\",\"itemListElement\":[{\"@type\":\"ListItem\",\"position\":1,\"name\":\"Home\",\"item\":\"https:\\\/\\\/emea.technetix.com\\\/de\\\/\"},{\"@type\":\"ListItem\",\"position\":2,\"name\":\"Breitband Kabel\",\"item\":\"https:\\\/\\\/emea.technetix.com\\\/de\\\/hfc-netzwerke\\\/\"},{\"@type\":\"ListItem\",\"position\":3,\"name\":\"L\u00f6sungen f\u00fcr Kopfstellen\",\"item\":\"https:\\\/\\\/emea.technetix.com\\\/de\\\/hfc-netzwerke\\\/losungen-fur-kopfstellen\\\/\"},{\"@type\":\"ListItem\",\"position\":4,\"name\":\"Flexible Panel-L\u00f6sung\"}]},{\"@type\":\"WebSite\",\"@id\":\"https:\\\/\\\/emea.technetix.com\\\/de\\\/#website\",\"url\":\"https:\\\/\\\/emea.technetix.com\\\/de\\\/\",\"name\":\"Technetix\",\"description\":\"Next-generation broadband equipment engineering\",\"publisher\":{\"@id\":\"https:\\\/\\\/emea.technetix.com\\\/de\\\/#organization\"},\"potentialAction\":[{\"@type\":\"SearchAction\",\"target\":{\"@type\":\"EntryPoint\",\"urlTemplate\":\"https:\\\/\\\/emea.technetix.com\\\/de\\\/?s={search_term_string}\"},\"query-input\":{\"@type\":\"PropertyValueSpecification\",\"valueRequired\":true,\"valueName\":\"search_term_string\"}}],\"inLanguage\":\"de\"},{\"@type\":\"Organization\",\"@id\":\"https:\\\/\\\/emea.technetix.com\\\/de\\\/#organization\",\"name\":\"Technetix\",\"url\":\"https:\\\/\\\/emea.technetix.com\\\/de\\\/\",\"logo\":{\"@type\":\"ImageObject\",\"inLanguage\":\"de\",\"@id\":\"https:\\\/\\\/emea.technetix.com\\\/de\\\/#\\\/schema\\\/logo\\\/image\\\/\",\"url\":\"https:\\\/\\\/emea.technetix.com\\\/wp-content\\\/uploads\\\/sites\\\/2\\\/2023\\\/06\\\/logo-Technetix-1000x1000-1.png\",\"contentUrl\":\"https:\\\/\\\/emea.technetix.com\\\/wp-content\\\/uploads\\\/sites\\\/2\\\/2023\\\/06\\\/logo-Technetix-1000x1000-1.png\",\"width\":1000,\"height\":1000,\"caption\":\"Technetix\"},\"image\":{\"@id\":\"https:\\\/\\\/emea.technetix.com\\\/de\\\/#\\\/schema\\\/logo\\\/image\\\/\"},\"sameAs\":[\"https:\\\/\\\/x.com\\\/technetixgroup\",\"https:\\\/\\\/www.linkedin.com\\\/company\\\/technetix\\\/\",\"https:\\\/\\\/www.youtube.com\\\/c\\\/Technetix-group\"]}]}<\/script>\n<!-- \/ Yoast SEO Premium plugin. -->","yoast_head_json":{"title":"Flexible Panel-L\u00f6sung - Technetix EMEA","robots":{"index":"index","follow":"follow","max-snippet":"max-snippet:-1","max-image-preview":"max-image-preview:large","max-video-preview":"max-video-preview:-1"},"canonical":"https:\/\/emea.technetix.com\/de\/hfc-netzwerke\/losungen-fur-kopfstellen\/flexible-panel-losung\/","og_locale":"de_DE","og_type":"article","og_title":"Flexible Panel-L\u00f6sung - Technetix EMEA","og_description":"Flexible Panel-L\u00f6sung Erstellen, verbauen, verschlie\u00dfen \u2013 die Gesamtl\u00f6sung von Technetix. Technetix bietet eine vollst\u00e4ndig customised Gesamtl\u00f6sung f\u00fcr flexible Patchpanels. Nennen Sie uns Ihre Verteiler- und Combiner-Anforderungen, wir werden Ihnen eine auf Ihre Anforderungen exakt zugeschnittene Panel-L\u00f6sung zukommen lassen. Standardisiert: Modulares Design, einfache Montage, Wartung und Aufr\u00fcstung im Rahmen Ihrerzuk\u00fcnftigen Aufteilungs- und Zusammenf\u00fchrungsanforderungen des Netzes. 1, ... Read more","og_url":"https:\/\/emea.technetix.com\/de\/hfc-netzwerke\/losungen-fur-kopfstellen\/flexible-panel-losung\/","og_site_name":"Technetix EMEA","article_modified_time":"2024-02-08T10:25:21+00:00","og_image":[{"width":1920,"height":450,"url":"https:\/\/emea.technetix.com\/wp-content\/uploads\/sites\/2\/2023\/01\/LANDING_PAGE_LARGE_FLEXIBLE-PANEL_FINAL.jpeg","type":"image\/jpeg"}],"twitter_card":"summary_large_image","twitter_site":"@technetixgroup","twitter_misc":{"Gesch\u00e4tzte Lesezeit":"2\u00a0Minuten"},"schema":{"@context":"https:\/\/schema.org","@graph":[{"@type":"WebPage","@id":"https:\/\/emea.technetix.com\/de\/hfc-netzwerke\/losungen-fur-kopfstellen\/flexible-panel-losung\/","url":"https:\/\/emea.technetix.com\/de\/hfc-netzwerke\/losungen-fur-kopfstellen\/flexible-panel-losung\/","name":"Flexible Panel-L\u00f6sung - Technetix EMEA","isPartOf":{"@id":"https:\/\/emea.technetix.com\/de\/#website"},"primaryImageOfPage":{"@id":"https:\/\/emea.technetix.com\/de\/hfc-netzwerke\/losungen-fur-kopfstellen\/flexible-panel-losung\/#primaryimage"},"image":{"@id":"https:\/\/emea.technetix.com\/de\/hfc-netzwerke\/losungen-fur-kopfstellen\/flexible-panel-losung\/#primaryimage"},"thumbnailUrl":"https:\/\/emea.technetix.com\/wp-content\/uploads\/sites\/2\/2023\/01\/LANDING_PAGE_LARGE_FLEXIBLE-PANEL_FINAL.jpeg","datePublished":"2023-01-31T13:17:34+00:00","dateModified":"2024-02-08T10:25:21+00:00","breadcrumb":{"@id":"https:\/\/emea.technetix.com\/de\/hfc-netzwerke\/losungen-fur-kopfstellen\/flexible-panel-losung\/#breadcrumb"},"inLanguage":"de","potentialAction":[{"@type":"ReadAction","target":["https:\/\/emea.technetix.com\/de\/hfc-netzwerke\/losungen-fur-kopfstellen\/flexible-panel-losung\/"]}]},{"@type":"ImageObject","inLanguage":"de","@id":"https:\/\/emea.technetix.com\/de\/hfc-netzwerke\/losungen-fur-kopfstellen\/flexible-panel-losung\/#primaryimage","url":"https:\/\/emea.technetix.com\/wp-content\/uploads\/sites\/2\/2023\/01\/LANDING_PAGE_LARGE_FLEXIBLE-PANEL_FINAL.jpeg","contentUrl":"https:\/\/emea.technetix.com\/wp-content\/uploads\/sites\/2\/2023\/01\/LANDING_PAGE_LARGE_FLEXIBLE-PANEL_FINAL.jpeg","width":1920,"height":450},{"@type":"BreadcrumbList","@id":"https:\/\/emea.technetix.com\/de\/hfc-netzwerke\/losungen-fur-kopfstellen\/flexible-panel-losung\/#breadcrumb","itemListElement":[{"@type":"ListItem","position":1,"name":"Home","item":"https:\/\/emea.technetix.com\/de\/"},{"@type":"ListItem","position":2,"name":"Breitband Kabel","item":"https:\/\/emea.technetix.com\/de\/hfc-netzwerke\/"},{"@type":"ListItem","position":3,"name":"L\u00f6sungen f\u00fcr Kopfstellen","item":"https:\/\/emea.technetix.com\/de\/hfc-netzwerke\/losungen-fur-kopfstellen\/"},{"@type":"ListItem","position":4,"name":"Flexible Panel-L\u00f6sung"}]},{"@type":"WebSite","@id":"https:\/\/emea.technetix.com\/de\/#website","url":"https:\/\/emea.technetix.com\/de\/","name":"Technetix","description":"Next-generation broadband equipment engineering","publisher":{"@id":"https:\/\/emea.technetix.com\/de\/#organization"},"potentialAction":[{"@type":"SearchAction","target":{"@type":"EntryPoint","urlTemplate":"https:\/\/emea.technetix.com\/de\/?s={search_term_string}"},"query-input":{"@type":"PropertyValueSpecification","valueRequired":true,"valueName":"search_term_string"}}],"inLanguage":"de"},{"@type":"Organization","@id":"https:\/\/emea.technetix.com\/de\/#organization","name":"Technetix","url":"https:\/\/emea.technetix.com\/de\/","logo":{"@type":"ImageObject","inLanguage":"de","@id":"https:\/\/emea.technetix.com\/de\/#\/schema\/logo\/image\/","url":"https:\/\/emea.technetix.com\/wp-content\/uploads\/sites\/2\/2023\/06\/logo-Technetix-1000x1000-1.png","contentUrl":"https:\/\/emea.technetix.com\/wp-content\/uploads\/sites\/2\/2023\/06\/logo-Technetix-1000x1000-1.png","width":1000,"height":1000,"caption":"Technetix"},"image":{"@id":"https:\/\/emea.technetix.com\/de\/#\/schema\/logo\/image\/"},"sameAs":["https:\/\/x.com\/technetixgroup","https:\/\/www.linkedin.com\/company\/technetix\/","https:\/\/www.youtube.com\/c\/Technetix-group"]}]}},"acf":[],"publishpress_future_workflow_manual_trigger":{"enabledWorkflows":[]},"_links":{"self":[{"href":"https:\/\/emea.technetix.com\/de\/wp-json\/wp\/v2\/pages\/6389","targetHints":{"allow":["GET"]}}],"collection":[{"href":"https:\/\/emea.technetix.com\/de\/wp-json\/wp\/v2\/pages"}],"about":[{"href":"https:\/\/emea.technetix.com\/de\/wp-json\/wp\/v2\/types\/page"}],"author":[{"embeddable":true,"href":"https:\/\/emea.technetix.com\/de\/wp-json\/wp\/v2\/users\/1"}],"replies":[{"embeddable":true,"href":"https:\/\/emea.technetix.com\/de\/wp-json\/wp\/v2\/comments?post=6389"}],"version-history":[{"count":0,"href":"https:\/\/emea.technetix.com\/de\/wp-json\/wp\/v2\/pages\/6389\/revisions"}],"up":[{"embeddable":true,"href":"https:\/\/emea.technetix.com\/de\/wp-json\/wp\/v2\/pages\/6167"}],"wp:featuredmedia":[{"embeddable":true,"href":"https:\/\/emea.technetix.com\/de\/wp-json\/wp\/v2\/media\/2287"}],"wp:attachment":[{"href":"https:\/\/emea.technetix.com\/de\/wp-json\/wp\/v2\/media?parent=6389"}],"curies":[{"name":"wp","href":"https:\/\/api.w.org\/{rel}","templated":true}]}}