{"id":6387,"date":"2023-01-31T12:54:25","date_gmt":"2023-01-31T12:54:25","guid":{"rendered":"https:\/\/emea.technetix.com\/hfc-netzwerke\/losungen-fur-kopfstellen\/aima3000\/"},"modified":"2023-05-06T19:57:31","modified_gmt":"2023-05-06T19:57:31","slug":"aima3000","status":"publish","type":"page","link":"https:\/\/emea.technetix.com\/de\/hfc-netzwerke\/losungen-fur-kopfstellen\/aima3000\/","title":{"rendered":"AIMA3000"},"content":{"rendered":"<div class=\"gb-container gb-container-f86f3f4f gb-container-hero-banner\"><div class=\"gb-inside-container\">\n<h1 class=\"gb-headline gb-headline-e1547755 gb-headline-text gb-headline-hero-banner-title\">AIMA3000<\/h1>\n<\/div><\/div>\n\n<div class=\"gb-container gb-container-cac7ed2e gb-container-inner-back-page-con\">\n\n<h2 class=\"gb-headline gb-headline-d02c52e4 gb-headline-text\">Fortschrittliche Intelligente Multi-Service Headend-Plattform.<\/h2>\n\n\n\n<ul class=\"wp-block-list\">\n<li>AIMA3000 ist die effiziente L\u00f6sung f\u00fcr die Migration zu DOCSIS 3.1<\/li>\n\n\n\n<li>Die ganzheitlichen Gesamtkosten (Total Cost of Ownership, TCO) sind im Markt un\u00fcbertroffen g\u00fcnstig<\/li>\n\n\n\n<li>Technetix kann durch seine Erfahrung mit aktiven und passiven Kopfstellenprodukten sowie Komplettl\u00f6sungen f\u00fcr Access-Netzwerke eine un\u00fcbertroffene Systemleistung garantieren.<\/li>\n<\/ul>\n\n\n\n<p class=\"gb-headline gb-headline-6656b5c3 gb-headline-text\">W\u00e4hrend sich viele Betreiber auf den Einsatz von Remote PHY in einer DAA-Architektur vorbereiten, setzt eine gro\u00dfe Zahl von Netzbetreibern weiterhin auf die Erweiterung ihrer vorhandenen CAA-Architektur. Packungsdichte, Klimatisierung, sowie Betriebskosten und Komplexit\u00e4t sind hier entscheidende Faktoren. AIMA3000 setzt exakt bei diesen Herausforderungen mit einem \u00e4u\u00dferst kompakten und einfach zu verwaltenden Hochleistungsdesign an. <\/p>\n\n\n\n<figure class=\"gb-block-image gb-block-image-61e35e7d\"><img loading=\"lazy\" decoding=\"async\" width=\"1000\" height=\"406\" class=\"gb-image gb-image-61e35e7d\" src=\"https:\/\/emea.technetix.com\/wp-content\/uploads\/sites\/2\/2023\/01\/AIMA3000_1.jpeg\" alt=\"AIMA3000 ist die effiziente L\u00f6sung f\u00fcr die Migration zu DOCSIS 3.1\" srcset=\"https:\/\/emea.technetix.com\/wp-content\/uploads\/sites\/2\/2023\/01\/AIMA3000_1.jpeg 1000w, https:\/\/emea.technetix.com\/wp-content\/uploads\/sites\/2\/2023\/01\/AIMA3000_1-300x122.jpeg 300w, https:\/\/emea.technetix.com\/wp-content\/uploads\/sites\/2\/2023\/01\/AIMA3000_1-768x312.jpeg 768w, https:\/\/emea.technetix.com\/wp-content\/uploads\/sites\/2\/2023\/01\/AIMA3000_1-600x244.jpeg 600w\" sizes=\"auto, (max-width: 1000px) 100vw, 1000px\" \/><\/figure>\n\n<\/div>\n\n<div class=\"gb-container gb-container-dae5ca67\"><div class=\"gb-inside-container\"><\/div><\/div>\n\n<div class=\"gb-container gb-container-fbc7a710 gb-container-inner-back-page-con\">\n\n<h2 class=\"gb-headline gb-headline-e9eab6aa gb-headline-text gb-headline-h2-in-content\">DOCSIS 3.1 &#8211; CAA Optische Plattform<\/h2>\n\n\n\n<p class=\"gb-headline gb-headline-f6b3f62d gb-headline-text\">AIMA3000 ist eine universelle optische Kopfstellen-Plattform f\u00fcr den Einsatz in CAA HFC-Netzwerken, FTTx-Netzwerken sowie beliebigen Arten von Sub-Kopfstellen-Verteilungen, bei denen ebenfalls eine HF-\u00dcbertragung erforderlich ist.<\/p>\n\n\n\n<p class=\"gb-headline gb-headline-eb310b0e gb-headline-text\">Mit seinen einzigartigen abstimmbaren DWDM-Transmittern des AIMA3000-Systems k\u00f6nnen Betreiber den Lageraufwand verringern und Reparaturzeiten optimieren, da DWDM-Kan\u00e4le nur vom Anwender ausgew\u00e4hlt werden und nicht von der Hardware vorgegeben sind.<\/p>\n\n\n\n<p class=\"gb-headline gb-headline-0ac7ffea gb-headline-text\">Das einzigartige Management erm\u00f6glicht sogar den schnellen Austausch von Hardware durch ungeschultes Personal \u2212 und das bei minimaler Unterbrechung der Verbindung zum Kunden.<\/p>\n\n\n\n<figure class=\"gb-block-image gb-block-image-ed31d729\"><img loading=\"lazy\" decoding=\"async\" width=\"600\" height=\"600\" class=\"gb-image gb-image-ed31d729\" src=\"https:\/\/emea.technetix.com\/wp-content\/uploads\/sites\/2\/2023\/01\/solution_aima.jpeg\" alt=\"DOCSIS 3.1 - CAA Optische Plattform\" srcset=\"https:\/\/emea.technetix.com\/wp-content\/uploads\/sites\/2\/2023\/01\/solution_aima.jpeg 600w, https:\/\/emea.technetix.com\/wp-content\/uploads\/sites\/2\/2023\/01\/solution_aima-300x300.jpeg 300w, https:\/\/emea.technetix.com\/wp-content\/uploads\/sites\/2\/2023\/01\/solution_aima-150x150.jpeg 150w, https:\/\/emea.technetix.com\/wp-content\/uploads\/sites\/2\/2023\/01\/solution_aima-100x100.jpeg 100w\" sizes=\"auto, (max-width: 600px) 100vw, 600px\" \/><\/figure>\n\n<\/div>\n\n<div class=\"gb-container gb-container-6ffaf5cd gb-container-con-buttons-bottom\">\n\n<h2 class=\"gb-headline gb-headline-534ef62b gb-headline-text gb-headline-head-bottom-buttons\">N\u00fctzliche Links<\/h2>\n\n\n<div class=\"gb-button-wrapper gb-button-wrapper-d4d87f89 gb-button-wrapper-after-con-buttons\">\n\n<a class=\"gb-button gb-button-b98271f1 gb-button-text gb-button-bottom-button\" href=\"https:\/\/emea.technetix.com\/wp-content\/uploads\/sites\/2\/2023\/02\/HFC-Solutions_BRC_EN.pdf\" target=\"_blank\" rel=\"noopener noreferrer\">Brosch\u00fcre<\/a>\n\n\n\n<a class=\"gb-button gb-button-047421dc gb-button-text gb-button-bottom-button\" href=\"https:\/\/emea.technetix.com\/de\/produkte\/breitband-technologie\/optische-kopfstelle\/\">Durchsuchen<\/a>\n\n\n\n<a class=\"gb-button gb-button-baffd93c gb-button-text gb-button-bottom-button\" href=\"https:\/\/emea.technetix.com\/de\/kontakt\/\">Kontakt<\/a>\n\n<\/div>\n<\/div>","protected":false},"excerpt":{"rendered":"<p>AIMA3000 Fortschrittliche Intelligente Multi-Service Headend-Plattform. W\u00e4hrend sich viele Betreiber auf den Einsatz von Remote PHY in einer DAA-Architektur vorbereiten, setzt eine gro\u00dfe Zahl von Netzbetreibern weiterhin auf die Erweiterung ihrer vorhandenen CAA-Architektur. Packungsdichte, Klimatisierung, sowie Betriebskosten und Komplexit\u00e4t sind hier entscheidende Faktoren. AIMA3000 setzt exakt bei diesen Herausforderungen mit einem \u00e4u\u00dferst kompakten und einfach zu &#8230; <a title=\"AIMA3000\" class=\"read-more\" href=\"https:\/\/emea.technetix.com\/de\/hfc-netzwerke\/losungen-fur-kopfstellen\/aima3000\/\" aria-label=\"Mehr Informationen \u00fcber AIMA3000\">Read more<\/a><\/p>\n","protected":false},"author":1,"featured_media":2237,"parent":6167,"menu_order":0,"comment_status":"open","ping_status":"closed","template":"","meta":{"_acf_changed":false,"_gspb_post_css":"","footnotes":""},"class_list":["post-6387","page","type-page","status-publish","has-post-thumbnail"],"yoast_head":"<!-- This site is optimized with the Yoast SEO Premium plugin v22.5 (Yoast SEO v27.4) - https:\/\/yoast.com\/product\/yoast-seo-premium-wordpress\/ -->\n<title>AIMA3000 - Technetix EMEA<\/title>\n<meta name=\"robots\" content=\"index, follow, max-snippet:-1, max-image-preview:large, max-video-preview:-1\" \/>\n<link rel=\"canonical\" href=\"https:\/\/emea.technetix.com\/de\/hfc-netzwerke\/losungen-fur-kopfstellen\/aima3000\/\" \/>\n<meta property=\"og:locale\" content=\"de_DE\" \/>\n<meta property=\"og:type\" content=\"article\" \/>\n<meta property=\"og:title\" content=\"AIMA3000 - Technetix EMEA\" \/>\n<meta property=\"og:description\" content=\"AIMA3000 Fortschrittliche Intelligente Multi-Service Headend-Plattform. W\u00e4hrend sich viele Betreiber auf den Einsatz von Remote PHY in einer DAA-Architektur vorbereiten, setzt eine gro\u00dfe Zahl von Netzbetreibern weiterhin auf die Erweiterung ihrer vorhandenen CAA-Architektur. Packungsdichte, Klimatisierung, sowie Betriebskosten und Komplexit\u00e4t sind hier entscheidende Faktoren. AIMA3000 setzt exakt bei diesen Herausforderungen mit einem \u00e4u\u00dferst kompakten und einfach zu ... Read more\" \/>\n<meta property=\"og:url\" content=\"https:\/\/emea.technetix.com\/de\/hfc-netzwerke\/losungen-fur-kopfstellen\/aima3000\/\" \/>\n<meta property=\"og:site_name\" content=\"Technetix EMEA\" \/>\n<meta property=\"article:modified_time\" content=\"2023-05-06T19:57:31+00:00\" \/>\n<meta property=\"og:image\" content=\"https:\/\/emea.technetix.com\/wp-content\/uploads\/sites\/2\/2023\/01\/LANDING_PAGE_LARGE_AIMA-3000_FINAL.jpeg\" \/>\n\t<meta property=\"og:image:width\" content=\"1920\" \/>\n\t<meta property=\"og:image:height\" content=\"450\" \/>\n\t<meta property=\"og:image:type\" content=\"image\/jpeg\" \/>\n<meta name=\"twitter:card\" content=\"summary_large_image\" \/>\n<meta name=\"twitter:site\" content=\"@technetixgroup\" \/>\n<meta name=\"twitter:label1\" content=\"Gesch\u00e4tzte Lesezeit\" \/>\n\t<meta name=\"twitter:data1\" content=\"2\u00a0Minuten\" \/>\n<script type=\"application\/ld+json\" class=\"yoast-schema-graph\">{\"@context\":\"https:\\\/\\\/schema.org\",\"@graph\":[{\"@type\":\"WebPage\",\"@id\":\"https:\\\/\\\/emea.technetix.com\\\/de\\\/hfc-netzwerke\\\/losungen-fur-kopfstellen\\\/aima3000\\\/\",\"url\":\"https:\\\/\\\/emea.technetix.com\\\/de\\\/hfc-netzwerke\\\/losungen-fur-kopfstellen\\\/aima3000\\\/\",\"name\":\"AIMA3000 - Technetix EMEA\",\"isPartOf\":{\"@id\":\"https:\\\/\\\/emea.technetix.com\\\/de\\\/#website\"},\"primaryImageOfPage\":{\"@id\":\"https:\\\/\\\/emea.technetix.com\\\/de\\\/hfc-netzwerke\\\/losungen-fur-kopfstellen\\\/aima3000\\\/#primaryimage\"},\"image\":{\"@id\":\"https:\\\/\\\/emea.technetix.com\\\/de\\\/hfc-netzwerke\\\/losungen-fur-kopfstellen\\\/aima3000\\\/#primaryimage\"},\"thumbnailUrl\":\"https:\\\/\\\/emea.technetix.com\\\/wp-content\\\/uploads\\\/sites\\\/2\\\/2023\\\/01\\\/LANDING_PAGE_LARGE_AIMA-3000_FINAL.jpeg\",\"datePublished\":\"2023-01-31T12:54:25+00:00\",\"dateModified\":\"2023-05-06T19:57:31+00:00\",\"breadcrumb\":{\"@id\":\"https:\\\/\\\/emea.technetix.com\\\/de\\\/hfc-netzwerke\\\/losungen-fur-kopfstellen\\\/aima3000\\\/#breadcrumb\"},\"inLanguage\":\"de\",\"potentialAction\":[{\"@type\":\"ReadAction\",\"target\":[\"https:\\\/\\\/emea.technetix.com\\\/de\\\/hfc-netzwerke\\\/losungen-fur-kopfstellen\\\/aima3000\\\/\"]}]},{\"@type\":\"ImageObject\",\"inLanguage\":\"de\",\"@id\":\"https:\\\/\\\/emea.technetix.com\\\/de\\\/hfc-netzwerke\\\/losungen-fur-kopfstellen\\\/aima3000\\\/#primaryimage\",\"url\":\"https:\\\/\\\/emea.technetix.com\\\/wp-content\\\/uploads\\\/sites\\\/2\\\/2023\\\/01\\\/LANDING_PAGE_LARGE_AIMA-3000_FINAL.jpeg\",\"contentUrl\":\"https:\\\/\\\/emea.technetix.com\\\/wp-content\\\/uploads\\\/sites\\\/2\\\/2023\\\/01\\\/LANDING_PAGE_LARGE_AIMA-3000_FINAL.jpeg\",\"width\":1920,\"height\":450},{\"@type\":\"BreadcrumbList\",\"@id\":\"https:\\\/\\\/emea.technetix.com\\\/de\\\/hfc-netzwerke\\\/losungen-fur-kopfstellen\\\/aima3000\\\/#breadcrumb\",\"itemListElement\":[{\"@type\":\"ListItem\",\"position\":1,\"name\":\"Home\",\"item\":\"https:\\\/\\\/emea.technetix.com\\\/de\\\/\"},{\"@type\":\"ListItem\",\"position\":2,\"name\":\"Breitband Kabel\",\"item\":\"https:\\\/\\\/emea.technetix.com\\\/de\\\/hfc-netzwerke\\\/\"},{\"@type\":\"ListItem\",\"position\":3,\"name\":\"L\u00f6sungen f\u00fcr Kopfstellen\",\"item\":\"https:\\\/\\\/emea.technetix.com\\\/de\\\/hfc-netzwerke\\\/losungen-fur-kopfstellen\\\/\"},{\"@type\":\"ListItem\",\"position\":4,\"name\":\"AIMA3000\"}]},{\"@type\":\"WebSite\",\"@id\":\"https:\\\/\\\/emea.technetix.com\\\/de\\\/#website\",\"url\":\"https:\\\/\\\/emea.technetix.com\\\/de\\\/\",\"name\":\"Technetix\",\"description\":\"Next-generation broadband equipment engineering\",\"publisher\":{\"@id\":\"https:\\\/\\\/emea.technetix.com\\\/de\\\/#organization\"},\"potentialAction\":[{\"@type\":\"SearchAction\",\"target\":{\"@type\":\"EntryPoint\",\"urlTemplate\":\"https:\\\/\\\/emea.technetix.com\\\/de\\\/?s={search_term_string}\"},\"query-input\":{\"@type\":\"PropertyValueSpecification\",\"valueRequired\":true,\"valueName\":\"search_term_string\"}}],\"inLanguage\":\"de\"},{\"@type\":\"Organization\",\"@id\":\"https:\\\/\\\/emea.technetix.com\\\/de\\\/#organization\",\"name\":\"Technetix\",\"url\":\"https:\\\/\\\/emea.technetix.com\\\/de\\\/\",\"logo\":{\"@type\":\"ImageObject\",\"inLanguage\":\"de\",\"@id\":\"https:\\\/\\\/emea.technetix.com\\\/de\\\/#\\\/schema\\\/logo\\\/image\\\/\",\"url\":\"https:\\\/\\\/emea.technetix.com\\\/wp-content\\\/uploads\\\/sites\\\/2\\\/2023\\\/06\\\/logo-Technetix-1000x1000-1.png\",\"contentUrl\":\"https:\\\/\\\/emea.technetix.com\\\/wp-content\\\/uploads\\\/sites\\\/2\\\/2023\\\/06\\\/logo-Technetix-1000x1000-1.png\",\"width\":1000,\"height\":1000,\"caption\":\"Technetix\"},\"image\":{\"@id\":\"https:\\\/\\\/emea.technetix.com\\\/de\\\/#\\\/schema\\\/logo\\\/image\\\/\"},\"sameAs\":[\"https:\\\/\\\/x.com\\\/technetixgroup\",\"https:\\\/\\\/www.linkedin.com\\\/company\\\/technetix\\\/\",\"https:\\\/\\\/www.youtube.com\\\/c\\\/Technetix-group\"]}]}<\/script>\n<!-- \/ Yoast SEO Premium plugin. -->","yoast_head_json":{"title":"AIMA3000 - Technetix EMEA","robots":{"index":"index","follow":"follow","max-snippet":"max-snippet:-1","max-image-preview":"max-image-preview:large","max-video-preview":"max-video-preview:-1"},"canonical":"https:\/\/emea.technetix.com\/de\/hfc-netzwerke\/losungen-fur-kopfstellen\/aima3000\/","og_locale":"de_DE","og_type":"article","og_title":"AIMA3000 - Technetix EMEA","og_description":"AIMA3000 Fortschrittliche Intelligente Multi-Service Headend-Plattform. W\u00e4hrend sich viele Betreiber auf den Einsatz von Remote PHY in einer DAA-Architektur vorbereiten, setzt eine gro\u00dfe Zahl von Netzbetreibern weiterhin auf die Erweiterung ihrer vorhandenen CAA-Architektur. Packungsdichte, Klimatisierung, sowie Betriebskosten und Komplexit\u00e4t sind hier entscheidende Faktoren. AIMA3000 setzt exakt bei diesen Herausforderungen mit einem \u00e4u\u00dferst kompakten und einfach zu ... Read more","og_url":"https:\/\/emea.technetix.com\/de\/hfc-netzwerke\/losungen-fur-kopfstellen\/aima3000\/","og_site_name":"Technetix EMEA","article_modified_time":"2023-05-06T19:57:31+00:00","og_image":[{"width":1920,"height":450,"url":"https:\/\/emea.technetix.com\/wp-content\/uploads\/sites\/2\/2023\/01\/LANDING_PAGE_LARGE_AIMA-3000_FINAL.jpeg","type":"image\/jpeg"}],"twitter_card":"summary_large_image","twitter_site":"@technetixgroup","twitter_misc":{"Gesch\u00e4tzte Lesezeit":"2\u00a0Minuten"},"schema":{"@context":"https:\/\/schema.org","@graph":[{"@type":"WebPage","@id":"https:\/\/emea.technetix.com\/de\/hfc-netzwerke\/losungen-fur-kopfstellen\/aima3000\/","url":"https:\/\/emea.technetix.com\/de\/hfc-netzwerke\/losungen-fur-kopfstellen\/aima3000\/","name":"AIMA3000 - Technetix EMEA","isPartOf":{"@id":"https:\/\/emea.technetix.com\/de\/#website"},"primaryImageOfPage":{"@id":"https:\/\/emea.technetix.com\/de\/hfc-netzwerke\/losungen-fur-kopfstellen\/aima3000\/#primaryimage"},"image":{"@id":"https:\/\/emea.technetix.com\/de\/hfc-netzwerke\/losungen-fur-kopfstellen\/aima3000\/#primaryimage"},"thumbnailUrl":"https:\/\/emea.technetix.com\/wp-content\/uploads\/sites\/2\/2023\/01\/LANDING_PAGE_LARGE_AIMA-3000_FINAL.jpeg","datePublished":"2023-01-31T12:54:25+00:00","dateModified":"2023-05-06T19:57:31+00:00","breadcrumb":{"@id":"https:\/\/emea.technetix.com\/de\/hfc-netzwerke\/losungen-fur-kopfstellen\/aima3000\/#breadcrumb"},"inLanguage":"de","potentialAction":[{"@type":"ReadAction","target":["https:\/\/emea.technetix.com\/de\/hfc-netzwerke\/losungen-fur-kopfstellen\/aima3000\/"]}]},{"@type":"ImageObject","inLanguage":"de","@id":"https:\/\/emea.technetix.com\/de\/hfc-netzwerke\/losungen-fur-kopfstellen\/aima3000\/#primaryimage","url":"https:\/\/emea.technetix.com\/wp-content\/uploads\/sites\/2\/2023\/01\/LANDING_PAGE_LARGE_AIMA-3000_FINAL.jpeg","contentUrl":"https:\/\/emea.technetix.com\/wp-content\/uploads\/sites\/2\/2023\/01\/LANDING_PAGE_LARGE_AIMA-3000_FINAL.jpeg","width":1920,"height":450},{"@type":"BreadcrumbList","@id":"https:\/\/emea.technetix.com\/de\/hfc-netzwerke\/losungen-fur-kopfstellen\/aima3000\/#breadcrumb","itemListElement":[{"@type":"ListItem","position":1,"name":"Home","item":"https:\/\/emea.technetix.com\/de\/"},{"@type":"ListItem","position":2,"name":"Breitband Kabel","item":"https:\/\/emea.technetix.com\/de\/hfc-netzwerke\/"},{"@type":"ListItem","position":3,"name":"L\u00f6sungen f\u00fcr Kopfstellen","item":"https:\/\/emea.technetix.com\/de\/hfc-netzwerke\/losungen-fur-kopfstellen\/"},{"@type":"ListItem","position":4,"name":"AIMA3000"}]},{"@type":"WebSite","@id":"https:\/\/emea.technetix.com\/de\/#website","url":"https:\/\/emea.technetix.com\/de\/","name":"Technetix","description":"Next-generation broadband equipment engineering","publisher":{"@id":"https:\/\/emea.technetix.com\/de\/#organization"},"potentialAction":[{"@type":"SearchAction","target":{"@type":"EntryPoint","urlTemplate":"https:\/\/emea.technetix.com\/de\/?s={search_term_string}"},"query-input":{"@type":"PropertyValueSpecification","valueRequired":true,"valueName":"search_term_string"}}],"inLanguage":"de"},{"@type":"Organization","@id":"https:\/\/emea.technetix.com\/de\/#organization","name":"Technetix","url":"https:\/\/emea.technetix.com\/de\/","logo":{"@type":"ImageObject","inLanguage":"de","@id":"https:\/\/emea.technetix.com\/de\/#\/schema\/logo\/image\/","url":"https:\/\/emea.technetix.com\/wp-content\/uploads\/sites\/2\/2023\/06\/logo-Technetix-1000x1000-1.png","contentUrl":"https:\/\/emea.technetix.com\/wp-content\/uploads\/sites\/2\/2023\/06\/logo-Technetix-1000x1000-1.png","width":1000,"height":1000,"caption":"Technetix"},"image":{"@id":"https:\/\/emea.technetix.com\/de\/#\/schema\/logo\/image\/"},"sameAs":["https:\/\/x.com\/technetixgroup","https:\/\/www.linkedin.com\/company\/technetix\/","https:\/\/www.youtube.com\/c\/Technetix-group"]}]}},"acf":[],"publishpress_future_workflow_manual_trigger":{"enabledWorkflows":[]},"_links":{"self":[{"href":"https:\/\/emea.technetix.com\/de\/wp-json\/wp\/v2\/pages\/6387","targetHints":{"allow":["GET"]}}],"collection":[{"href":"https:\/\/emea.technetix.com\/de\/wp-json\/wp\/v2\/pages"}],"about":[{"href":"https:\/\/emea.technetix.com\/de\/wp-json\/wp\/v2\/types\/page"}],"author":[{"embeddable":true,"href":"https:\/\/emea.technetix.com\/de\/wp-json\/wp\/v2\/users\/1"}],"replies":[{"embeddable":true,"href":"https:\/\/emea.technetix.com\/de\/wp-json\/wp\/v2\/comments?post=6387"}],"version-history":[{"count":0,"href":"https:\/\/emea.technetix.com\/de\/wp-json\/wp\/v2\/pages\/6387\/revisions"}],"up":[{"embeddable":true,"href":"https:\/\/emea.technetix.com\/de\/wp-json\/wp\/v2\/pages\/6167"}],"wp:featuredmedia":[{"embeddable":true,"href":"https:\/\/emea.technetix.com\/de\/wp-json\/wp\/v2\/media\/2237"}],"wp:attachment":[{"href":"https:\/\/emea.technetix.com\/de\/wp-json\/wp\/v2\/media?parent=6387"}],"curies":[{"name":"wp","href":"https:\/\/api.w.org\/{rel}","templated":true}]}}