{"id":6338,"date":"2023-01-17T17:23:19","date_gmt":"2023-01-17T17:23:19","guid":{"rendered":"https:\/\/emea.technetix.com\/nutzungsbedingungen\/"},"modified":"2024-08-15T08:15:19","modified_gmt":"2024-08-15T08:15:19","slug":"nutzungsbedingungen","status":"publish","type":"page","link":"https:\/\/emea.technetix.com\/de\/nutzungsbedingungen\/","title":{"rendered":"Nutzungsbedingungen"},"content":{"rendered":"<div class=\"gb-container gb-container-f86f3f4f gb-container-hero-banner\"><div class=\"gb-inside-container\">\n<h1 class=\"gb-headline gb-headline-e1547755 gb-headline-text gb-headline-hero-banner-title\">Nutzungsbedingungen<\/h1>\n<\/div><\/div>\n\n<div class=\"gb-container gb-container-2b756a3f gb-container-inner-back-page-con\">\n\n<p class=\"gb-headline gb-headline-6656b5c3 gb-headline-text\">Die folgenden Bedingungen gelten f\u00fcr Ihre Nutzung der Website von Technetix (die \u201eWebsite von Technetix\u201c) sowie f\u00fcr Ihre Beziehung zu Technetix. Diese Bedingungen wirken sich auf Ihre gesetzlichen Rechte und Pflichten aus. Lesen Sie sie deshalb bitte sorgf\u00e4ltig durch. Wenn Sie mit diesen Bedingungen nicht einverstanden sind, d\u00fcrfen Sie Website von Technetix nicht nutzen. Wenn Sie Fragen zu den Bedingungen haben, kontaktieren Sie uns bitte \u00fcber diesen <a href=\"https:\/\/emea.technetix.com\/de\/kontakt\/\">Link.<\/a><\/p>\n\n\n\n<h2 class=\"gb-headline gb-headline-d02c52e4 gb-headline-text gb-headline-h2-in-content\">1 Nutzung der Website von Technetix<\/h2>\n\n\n\n<p class=\"gb-headline gb-headline-7444ac95 gb-headline-text\">Die Website von Technetix wird Ihnen zu Ihrer pers\u00f6nlichen Nutzung gem\u00e4\u00df den vorliegenden Nutzungsbedingungen bereitgestellt. Durch die Nutzung der Website von Technetix erkennen Sie die vorliegenden Nutzungsbedingungen an. Technetix kann die vorliegenden Nutzungsbedingungen von Zeit zu Zeit \u00e4ndern, und jede solche \u00c4nderung tritt mit ihrer Einstellung auf dieser Seite in Kraft.  <\/p>\n\n\n\n<h2 class=\"gb-headline gb-headline-931820fe gb-headline-text gb-headline-h2-in-content\">2 Geistiges Eigentum<\/h2>\n\n\n\n<p class=\"gb-headline gb-headline-6e9b9362 gb-headline-text\">Die Inhalte der Website von Technetix sind durch Urheber-, Marken- oder Datenbankrecht und andere Rechte an geistigem Eigentum gesch\u00fctzt. Sie d\u00fcrfen die Inhalte der Website von Technetix abrufen und auf einem Computerbildschirm anzeigen, diese Inhalte in elektronischer Form auf einem Datentr\u00e4ger speichern (jedoch nicht auf einem Server oder einem anderen Speichermedium, das mit einem Netzwerk verbunden ist) oder eine Kopie dieser Inhalte zur pers\u00f6nlichen, nichtkommerziellen Nutzung drucken, sofern Sie alle Urheberrechts- und Eigentumshinweise unver\u00e4ndert lassen. <\/p>\n\n\n\n<p class=\"gb-headline gb-headline-3c1bdb5d gb-headline-text\">Soweit dies weiter oben nicht ausdr\u00fccklich gestattet wird, d\u00fcrfen Sie Materialien oder Inhalte der Website von Technetix ohne vorherige schriftliche Einwilligung von Technetix nicht vervielf\u00e4ltigen, \u00e4ndern, ver\u00f6ffentlichen, \u00fcbertragen, verbreiten oder f\u00fcr \u00f6ffentliche oder kommerzielle Zwecke nutzen.<\/p>\n\n\n\n<p class=\"gb-headline gb-headline-4df9e9cf gb-headline-text\">Die auf der Website von Technetix verwendeten Marken, Logos und Markennamen sind das Eigentum von Technetix oder von anderen Dritten. Sie d\u00fcrfen keine dieser Marken, Logos oder Markennamen ohne vorherige schriftliche Einwilligung des jeweiligen Inhabers nutzen. In den vorliegenden Nutzungsbedingungen wird keine solche Einwilligung erteilt. <\/p>\n\n\n\n<h2 class=\"gb-headline gb-headline-6adc7ec1 gb-headline-text gb-headline-h2-in-content\">3 Ihre Nutzung der Website von Technetix<\/h2>\n\n\n\n<p class=\"gb-headline gb-headline-bb43bb8f gb-headline-text\">Bei Ihrer Nutzung der Website von Technetix ist Ihnen die Einstellung, Verlinkung, \u00dcbertragung oder anderweitige Ver\u00f6ffentlichung von Folgendem untersagt:<\/p>\n\n\n\n<ul class=\"wp-block-list\">\n<li>rechtswidriges, bel\u00e4stigendes, verleumderisches, beleidigendes, bedrohendes, sch\u00e4digendes, obsz\u00f6nes oder anderweitig inakzeptables Material;<\/li>\n\n\n\n<li>Material, das Verhaltensweisen f\u00f6rdert, die eine Straftat darstellen, das eine zivilrechtliche Haftung nach sich zieht oder das auf sonstige Weise gegen anwendbare Gesetze, Vorschriften oder Verhaltensregeln verst\u00f6\u00dft;<\/li>\n\n\n\n<li>Kopien von urheberrechtlich gesch\u00fctzten Materialien ohne Einwilligung des Inhabers;<\/li>\n\n\n\n<li>personenbezogene Daten von Dritten wie Name, E-Mail-Adresse oder Telefonnummer;<\/li>\n\n\n\n<li>Inhalte, die Softwareviren, Dateien oder Code enthalten, die dazu entwickelt wurden, die Funktionalit\u00e4t der Website von Technetix oder von Software oder Ger\u00e4ten zu unterbrechen, zu zerst\u00f6ren oder zu beschr\u00e4nken.<\/li>\n<\/ul>\n\n\n\n<p class=\"gb-headline gb-headline-307352be gb-headline-text\">Sie d\u00fcrfen nicht (a) die Nutzung oder das Recht zur Nutzung der Website von Technetix durch irgendeine andere Person beeintr\u00e4chtigen; oder (b) sich f\u00fcr eine andere Person oder ein Unternehmen ausgeben oder (c) die Nutzung der Website von Technetix durch andere Benutzer beschr\u00e4nken oder blockieren.   <\/p>\n\n\n\n<p class=\"gb-headline gb-headline-61c67806 gb-headline-text\">Sie haften f\u00fcr unsere Sch\u00e4den und Kosten, die aufgrund Ihres Versto\u00dfes gegen diesen Abschnitt 3 entstehen.<\/p>\n\n\n\n<h2 class=\"gb-headline gb-headline-3311186f gb-headline-text gb-headline-h2-in-content\">4 Verf\u00fcgbarkeit von Produkten<\/h2>\n\n\n\n<p class=\"gb-headline gb-headline-ac55fe88 gb-headline-text\">Auf der Website von Technetix werden internationale Informationen bereitgestellt. Wenden Sie sich deshalb bitte an den f\u00fcr Sie zust\u00e4ndigen Vertriebsmitarbeiter von Technetix, um zu erfahren, ob die auf der Website von Technetix erw\u00e4hnten Produkte oder Services verf\u00fcgbar sind. Keine Angaben auf der Website von Technetix stellen ein Angebot oder eine andere Art von Vertragsdokument dar, das angenommen werden kann. Die Produkte und Services von Technetix werden gem\u00e4\u00df den Standardverkaufsbedingungen von Technetix verkauft, die auf Anfrage bereitgestellt werden.  <\/p>\n\n\n\n<h2 class=\"gb-headline gb-headline-46be4142 gb-headline-text gb-headline-h2-in-content\">5 Websites von Dritten<\/h2>\n\n\n\n<p class=\"gb-headline gb-headline-1002d842 gb-headline-text\">Zur Unterst\u00fctzung der Kunden enth\u00e4lt die Website von Technetix Links auf andere Websites oder Inhalte, die alle au\u00dferhalb der Kontrolle von Technetix liegen. Technetix haftet nicht f\u00fcr die Genauigkeit oder Zuverl\u00e4ssigkeit von Informationen, Daten, Meinungen, Ratschl\u00e4gen oder Aussagen, die auf diesen Websites bereitgestellt werden. Die Aufnahme solcher Links impliziert nicht, dass Technetix die darunter bereitgestellten Inhalte empfiehlt oder bef\u00fcrwortet.  <\/p>\n\n\n\n<h2 class=\"gb-headline gb-headline-049ac5db gb-headline-text gb-headline-h2-in-content\">6 Allgemeiner Haftungsausschluss<\/h2>\n\n\n\n<p class=\"gb-headline gb-headline-146a8d06 gb-headline-text\">Technetix hat zwar versucht, genaue Informationen auf der Website von Technetix bereitzustellen, aber Technetix haftet nicht f\u00fcr die Qualit\u00e4t, Genauigkeit oder Vollst\u00e4ndigkeit der Informationen. Au\u00dferdem darf Technetix die erw\u00e4hnten Informationen jederzeit und ohne Vorank\u00fcndigung \u00e4ndern. Wenn andere Produkte oder Services als die von Technetix erw\u00e4hnt werden, dient diese Erw\u00e4hnung nur zu Informationszwecken und stellt keine Bef\u00fcrwortung oder Empfehlung dar. <\/p>\n\n\n\n<p class=\"gb-headline gb-headline-d6d58f85 gb-headline-text\">ALLE AUF DER WEBSITE VON TECHNETIX BEREITGESTELLTEN INFORMATIONEN WERDEN OHNE M\u00c4NGELGEW\u00c4HR MIT ALLEN M\u00c4NGELN UND OHNE GEW\u00c4HRLEISTUNG IRGENDEINER ART, EGAL OB AUSDR\u00dcCKLICH ODER STILLSCHWEIGEND ERTEILT, BEREITGESTELLT. TECHNETIX UND SEINE LIEFERANTEN SCHLIESSEN ALLE GEW\u00c4HRLEISTUNGEN, OB AUSDR\u00dcCKLICH ODER STILLSCHWEIGEND ERTEILT, AUS, UNTER ANDEREM GEW\u00c4HRLEISTUNGEN HINSICHTLICH DER ZUFRIEDENSTELLENDEN QUALIT\u00c4T, DER EIGNUNG F\u00dcR EINEN BESTIMMTEN ZWECK UND DER NICHTVERLETZUNG VON RECHTEN DRITTER, SOWIE GEW\u00c4HRLEISTUNGEN, DIE AUS G\u00c4NGIGER VERHALTENSWEISE, HANDELSBRAUCH ODER HANDELSPRAKTIKEN HERVORGEHEN. <\/p>\n\n\n\n<p class=\"gb-headline gb-headline-a598edb0 gb-headline-text\">TECHNETIX UND SEINE LIEFERANTEN HAFTEN NICHT F\u00dcR SCH\u00c4DEN, DIE INFOLGE DER NUTZUNG ODER UNM\u00d6GLICHKEIT DER NUTZUNG DIESER WEBSITE ODER INFOLGE DER NUTZUNG DER VORHANDENEN INFORMATIONEN ODER DES VERTRAUENS AUF DIESE ENTSTANDEN SIND. TECHNETIX UND SEINE LIEFERANTEN HAFTEN NICHT F\u00dcR MITTELBARE, KONKRETE ODER FOLGESCH\u00c4DEN, SELBST WENN TECHNETIX ODER DESSEN LIEFERANTEN AUF DIE M\u00d6GLICHKEIT SOLCHER SCH\u00c4DEN HINGEWIESEN WURDEN. <\/p>\n\n\n\n<p class=\"gb-headline gb-headline-ebb3962b gb-headline-text\">Technetix haftet nicht f\u00fcr Sch\u00e4den, die durch Umst\u00e4nde verursacht wurden, die au\u00dferhalb seiner zumutbaren Kontrolle liegen.<\/p>\n\n\n\n<p class=\"gb-headline gb-headline-429ef074 gb-headline-text\">TDie Haftung von Technetix im Falle des Tods von Personen oder im Falle von Personensch\u00e4den, die unmittelbar durch Fahrl\u00e4ssigkeit von Technetix verursacht wurden, wird in den L\u00e4ndern nicht beschr\u00e4nkt, in denen es f\u00fcr Technetix rechtswidrig ist, zu versuchen, eine solche Haftung auszuschlie\u00dfen.<\/p>\n\n\n\n<h2 class=\"gb-headline gb-headline-c92866b8 gb-headline-text gb-headline-h2-in-content\">7 Recht von Technetix, den Zugriff zu sperren, zu beschr\u00e4nken oder zu blockieren<\/h2>\n\n\n\n<p class=\"gb-headline gb-headline-061905f6 gb-headline-text\">Wir k\u00f6nnen Ihren Zugriff auf die Website von Technetix unverz\u00fcglich sperren, beschr\u00e4nken oder blockieren, und zwar nach unserem vern\u00fcnftigen Ermessen oder wenn Sie gegen Ihre Pflichten unter den vorliegenden Nutzungsbedingungen versto\u00dfen.<\/p>\n\n\n\n<h2 class=\"gb-headline gb-headline-7197b59f gb-headline-text gb-headline-h2-in-content\">8 Anwendbares Recht<\/h2>\n\n\n\n<p class=\"gb-headline gb-headline-e884fd3c gb-headline-text\">Die vorliegenden Nutzungsbedingungen unterliegen den Gesetzen von England und Wales. Wir versuchen, Meinungsverschiedenheiten schnell und effizient beizulegen. Wenn Sie mit der Handhabung einer Meinungsverschiedenheit durch uns nicht einverstanden sind und gerichtlich vorgehen m\u00f6chten, muss dies im Vereinigten K\u00f6nigreich erfolgen.  <\/p>\n\n\n\n<h2 class=\"gb-headline gb-headline-11f34bd4 gb-headline-text gb-headline-h2-in-content\">9 Verschiedenes<\/h2>\n\n\n\n<p class=\"gb-headline gb-headline-7c8bba21 gb-headline-text\">Sie d\u00fcrfen keine Ihrer Rechte gem\u00e4\u00df den vorliegenden Nutzungsbedingungen auf eine andere Person \u00fcbertragen. Wir d\u00fcrfen unsere Rechte gem\u00e4\u00df den vorliegenden Nutzungsbedingungen auf ein anderes Unternehmen \u00fcbertragen, wenn wir begr\u00fcndet davon ausgehen, dass Ihre Rechte hiervon nicht beeintr\u00e4chtigt werden. <\/p>\n\n\n\n<p class=\"gb-headline gb-headline-ccb8ac67 gb-headline-text\">Wenn Sie gegen die vorliegenden Nutzungsbedingungen versto\u00dfen und Technetix nicht dagegen vorgeht, kann Technetix dennoch zu einem sp\u00e4teren Zeitpunkt oder in einer anderen Situation, zu dem bzw. in der Sie gegen die Nutzungsbedingungen versto\u00dfen, von seinen Rechten und Abhilfeanspr\u00fcchen Gebrauch machen.<\/p>\n\n\n\n<p class=\"gb-headline gb-headline-32b965b4 gb-headline-text\">Die Website von Technetix steht im Eigentum und unter der Verwaltung von Technetix Limited, eingetragen in England und Wales unter der Gesellschaftsnummer 2484988. Sitz: Innovation House, Technetix Business Park, Albourne, West Sussex, BN6 9EB, Vereinigtes K\u00f6nigreich. <\/p>\n\n<\/div>","protected":false},"excerpt":{"rendered":"<p>Nutzungsbedingungen Die folgenden Bedingungen gelten f\u00fcr Ihre Nutzung der Website von Technetix (die \u201eWebsite von Technetix\u201c) sowie f\u00fcr Ihre Beziehung zu Technetix. Diese Bedingungen wirken sich auf Ihre gesetzlichen Rechte und Pflichten aus. Lesen Sie sie deshalb bitte sorgf\u00e4ltig durch. Wenn Sie mit diesen Bedingungen nicht einverstanden sind, d\u00fcrfen Sie Website von Technetix nicht nutzen. &#8230; <a title=\"Nutzungsbedingungen\" class=\"read-more\" href=\"https:\/\/emea.technetix.com\/de\/nutzungsbedingungen\/\" aria-label=\"Mehr Informationen \u00fcber Nutzungsbedingungen\">Read more<\/a><\/p>\n","protected":false},"author":1,"featured_media":0,"parent":0,"menu_order":0,"comment_status":"closed","ping_status":"closed","template":"","meta":{"_acf_changed":false,"_gspb_post_css":"","footnotes":""},"class_list":["post-6338","page","type-page","status-publish"],"yoast_head":"<!-- This site is optimized with the Yoast SEO Premium plugin v22.5 (Yoast SEO v27.4) - https:\/\/yoast.com\/product\/yoast-seo-premium-wordpress\/ -->\n<title>Nutzungsbedingungen - Technetix EMEA<\/title>\n<meta name=\"robots\" content=\"index, follow, max-snippet:-1, max-image-preview:large, max-video-preview:-1\" \/>\n<link rel=\"canonical\" href=\"https:\/\/emea.technetix.com\/de\/nutzungsbedingungen\/\" \/>\n<meta property=\"og:locale\" content=\"de_DE\" \/>\n<meta property=\"og:type\" content=\"article\" \/>\n<meta property=\"og:title\" content=\"Nutzungsbedingungen - Technetix EMEA\" \/>\n<meta property=\"og:description\" content=\"Nutzungsbedingungen Die folgenden Bedingungen gelten f\u00fcr Ihre Nutzung der Website von Technetix (die \u201eWebsite von Technetix\u201c) sowie f\u00fcr Ihre Beziehung zu Technetix. Diese Bedingungen wirken sich auf Ihre gesetzlichen Rechte und Pflichten aus. Lesen Sie sie deshalb bitte sorgf\u00e4ltig durch. Wenn Sie mit diesen Bedingungen nicht einverstanden sind, d\u00fcrfen Sie Website von Technetix nicht nutzen. ... Read more\" \/>\n<meta property=\"og:url\" content=\"https:\/\/emea.technetix.com\/de\/nutzungsbedingungen\/\" \/>\n<meta property=\"og:site_name\" content=\"Technetix EMEA\" \/>\n<meta property=\"article:modified_time\" content=\"2024-08-15T08:15:19+00:00\" \/>\n<meta property=\"og:image\" content=\"https:\/\/emea.technetix.com\/wp-content\/uploads\/sites\/2\/2023\/06\/logo-Technetix-1200x675-1.png\" \/>\n\t<meta property=\"og:image:width\" content=\"1200\" \/>\n\t<meta property=\"og:image:height\" content=\"675\" \/>\n\t<meta property=\"og:image:type\" content=\"image\/png\" \/>\n<meta name=\"twitter:card\" content=\"summary_large_image\" \/>\n<meta name=\"twitter:site\" content=\"@technetixgroup\" \/>\n<meta name=\"twitter:label1\" content=\"Gesch\u00e4tzte Lesezeit\" \/>\n\t<meta name=\"twitter:data1\" content=\"5\u00a0Minuten\" \/>\n<script type=\"application\/ld+json\" class=\"yoast-schema-graph\">{\"@context\":\"https:\\\/\\\/schema.org\",\"@graph\":[{\"@type\":\"WebPage\",\"@id\":\"https:\\\/\\\/emea.technetix.com\\\/de\\\/nutzungsbedingungen\\\/\",\"url\":\"https:\\\/\\\/emea.technetix.com\\\/de\\\/nutzungsbedingungen\\\/\",\"name\":\"Nutzungsbedingungen - Technetix EMEA\",\"isPartOf\":{\"@id\":\"https:\\\/\\\/emea.technetix.com\\\/de\\\/#website\"},\"datePublished\":\"2023-01-17T17:23:19+00:00\",\"dateModified\":\"2024-08-15T08:15:19+00:00\",\"breadcrumb\":{\"@id\":\"https:\\\/\\\/emea.technetix.com\\\/de\\\/nutzungsbedingungen\\\/#breadcrumb\"},\"inLanguage\":\"de\",\"potentialAction\":[{\"@type\":\"ReadAction\",\"target\":[\"https:\\\/\\\/emea.technetix.com\\\/de\\\/nutzungsbedingungen\\\/\"]}]},{\"@type\":\"BreadcrumbList\",\"@id\":\"https:\\\/\\\/emea.technetix.com\\\/de\\\/nutzungsbedingungen\\\/#breadcrumb\",\"itemListElement\":[{\"@type\":\"ListItem\",\"position\":1,\"name\":\"Home\",\"item\":\"https:\\\/\\\/emea.technetix.com\\\/de\\\/\"},{\"@type\":\"ListItem\",\"position\":2,\"name\":\"Nutzungsbedingungen\"}]},{\"@type\":\"WebSite\",\"@id\":\"https:\\\/\\\/emea.technetix.com\\\/de\\\/#website\",\"url\":\"https:\\\/\\\/emea.technetix.com\\\/de\\\/\",\"name\":\"Technetix\",\"description\":\"Next-generation broadband equipment engineering\",\"publisher\":{\"@id\":\"https:\\\/\\\/emea.technetix.com\\\/de\\\/#organization\"},\"potentialAction\":[{\"@type\":\"SearchAction\",\"target\":{\"@type\":\"EntryPoint\",\"urlTemplate\":\"https:\\\/\\\/emea.technetix.com\\\/de\\\/?s={search_term_string}\"},\"query-input\":{\"@type\":\"PropertyValueSpecification\",\"valueRequired\":true,\"valueName\":\"search_term_string\"}}],\"inLanguage\":\"de\"},{\"@type\":\"Organization\",\"@id\":\"https:\\\/\\\/emea.technetix.com\\\/de\\\/#organization\",\"name\":\"Technetix\",\"url\":\"https:\\\/\\\/emea.technetix.com\\\/de\\\/\",\"logo\":{\"@type\":\"ImageObject\",\"inLanguage\":\"de\",\"@id\":\"https:\\\/\\\/emea.technetix.com\\\/de\\\/#\\\/schema\\\/logo\\\/image\\\/\",\"url\":\"https:\\\/\\\/emea.technetix.com\\\/wp-content\\\/uploads\\\/sites\\\/2\\\/2023\\\/06\\\/logo-Technetix-1000x1000-1.png\",\"contentUrl\":\"https:\\\/\\\/emea.technetix.com\\\/wp-content\\\/uploads\\\/sites\\\/2\\\/2023\\\/06\\\/logo-Technetix-1000x1000-1.png\",\"width\":1000,\"height\":1000,\"caption\":\"Technetix\"},\"image\":{\"@id\":\"https:\\\/\\\/emea.technetix.com\\\/de\\\/#\\\/schema\\\/logo\\\/image\\\/\"},\"sameAs\":[\"https:\\\/\\\/x.com\\\/technetixgroup\",\"https:\\\/\\\/www.linkedin.com\\\/company\\\/technetix\\\/\",\"https:\\\/\\\/www.youtube.com\\\/c\\\/Technetix-group\"]}]}<\/script>\n<!-- \/ Yoast SEO Premium plugin. -->","yoast_head_json":{"title":"Nutzungsbedingungen - Technetix EMEA","robots":{"index":"index","follow":"follow","max-snippet":"max-snippet:-1","max-image-preview":"max-image-preview:large","max-video-preview":"max-video-preview:-1"},"canonical":"https:\/\/emea.technetix.com\/de\/nutzungsbedingungen\/","og_locale":"de_DE","og_type":"article","og_title":"Nutzungsbedingungen - Technetix EMEA","og_description":"Nutzungsbedingungen Die folgenden Bedingungen gelten f\u00fcr Ihre Nutzung der Website von Technetix (die \u201eWebsite von Technetix\u201c) sowie f\u00fcr Ihre Beziehung zu Technetix. Diese Bedingungen wirken sich auf Ihre gesetzlichen Rechte und Pflichten aus. Lesen Sie sie deshalb bitte sorgf\u00e4ltig durch. Wenn Sie mit diesen Bedingungen nicht einverstanden sind, d\u00fcrfen Sie Website von Technetix nicht nutzen. ... Read more","og_url":"https:\/\/emea.technetix.com\/de\/nutzungsbedingungen\/","og_site_name":"Technetix EMEA","article_modified_time":"2024-08-15T08:15:19+00:00","og_image":[{"width":1200,"height":675,"url":"https:\/\/emea.technetix.com\/wp-content\/uploads\/sites\/2\/2023\/06\/logo-Technetix-1200x675-1.png","type":"image\/png"}],"twitter_card":"summary_large_image","twitter_site":"@technetixgroup","twitter_misc":{"Gesch\u00e4tzte Lesezeit":"5\u00a0Minuten"},"schema":{"@context":"https:\/\/schema.org","@graph":[{"@type":"WebPage","@id":"https:\/\/emea.technetix.com\/de\/nutzungsbedingungen\/","url":"https:\/\/emea.technetix.com\/de\/nutzungsbedingungen\/","name":"Nutzungsbedingungen - Technetix EMEA","isPartOf":{"@id":"https:\/\/emea.technetix.com\/de\/#website"},"datePublished":"2023-01-17T17:23:19+00:00","dateModified":"2024-08-15T08:15:19+00:00","breadcrumb":{"@id":"https:\/\/emea.technetix.com\/de\/nutzungsbedingungen\/#breadcrumb"},"inLanguage":"de","potentialAction":[{"@type":"ReadAction","target":["https:\/\/emea.technetix.com\/de\/nutzungsbedingungen\/"]}]},{"@type":"BreadcrumbList","@id":"https:\/\/emea.technetix.com\/de\/nutzungsbedingungen\/#breadcrumb","itemListElement":[{"@type":"ListItem","position":1,"name":"Home","item":"https:\/\/emea.technetix.com\/de\/"},{"@type":"ListItem","position":2,"name":"Nutzungsbedingungen"}]},{"@type":"WebSite","@id":"https:\/\/emea.technetix.com\/de\/#website","url":"https:\/\/emea.technetix.com\/de\/","name":"Technetix","description":"Next-generation broadband equipment engineering","publisher":{"@id":"https:\/\/emea.technetix.com\/de\/#organization"},"potentialAction":[{"@type":"SearchAction","target":{"@type":"EntryPoint","urlTemplate":"https:\/\/emea.technetix.com\/de\/?s={search_term_string}"},"query-input":{"@type":"PropertyValueSpecification","valueRequired":true,"valueName":"search_term_string"}}],"inLanguage":"de"},{"@type":"Organization","@id":"https:\/\/emea.technetix.com\/de\/#organization","name":"Technetix","url":"https:\/\/emea.technetix.com\/de\/","logo":{"@type":"ImageObject","inLanguage":"de","@id":"https:\/\/emea.technetix.com\/de\/#\/schema\/logo\/image\/","url":"https:\/\/emea.technetix.com\/wp-content\/uploads\/sites\/2\/2023\/06\/logo-Technetix-1000x1000-1.png","contentUrl":"https:\/\/emea.technetix.com\/wp-content\/uploads\/sites\/2\/2023\/06\/logo-Technetix-1000x1000-1.png","width":1000,"height":1000,"caption":"Technetix"},"image":{"@id":"https:\/\/emea.technetix.com\/de\/#\/schema\/logo\/image\/"},"sameAs":["https:\/\/x.com\/technetixgroup","https:\/\/www.linkedin.com\/company\/technetix\/","https:\/\/www.youtube.com\/c\/Technetix-group"]}]}},"acf":[],"publishpress_future_workflow_manual_trigger":{"enabledWorkflows":[]},"_links":{"self":[{"href":"https:\/\/emea.technetix.com\/de\/wp-json\/wp\/v2\/pages\/6338","targetHints":{"allow":["GET"]}}],"collection":[{"href":"https:\/\/emea.technetix.com\/de\/wp-json\/wp\/v2\/pages"}],"about":[{"href":"https:\/\/emea.technetix.com\/de\/wp-json\/wp\/v2\/types\/page"}],"author":[{"embeddable":true,"href":"https:\/\/emea.technetix.com\/de\/wp-json\/wp\/v2\/users\/1"}],"replies":[{"embeddable":true,"href":"https:\/\/emea.technetix.com\/de\/wp-json\/wp\/v2\/comments?post=6338"}],"version-history":[{"count":0,"href":"https:\/\/emea.technetix.com\/de\/wp-json\/wp\/v2\/pages\/6338\/revisions"}],"wp:attachment":[{"href":"https:\/\/emea.technetix.com\/de\/wp-json\/wp\/v2\/media?parent=6338"}],"curies":[{"name":"wp","href":"https:\/\/api.w.org\/{rel}","templated":true}]}}