{"id":6336,"date":"2023-01-17T17:22:35","date_gmt":"2023-01-17T17:22:35","guid":{"rendered":"https:\/\/emea.technetix.com\/datenschutz\/"},"modified":"2024-08-15T07:59:42","modified_gmt":"2024-08-15T07:59:42","slug":"datenschutz","status":"publish","type":"page","link":"https:\/\/emea.technetix.com\/de\/datenschutz\/","title":{"rendered":"Datenschutz"},"content":{"rendered":"<div class=\"gb-container gb-container-f86f3f4f gb-container-hero-banner\"><div class=\"gb-inside-container\">\n<h1 class=\"gb-headline gb-headline-e1547755 gb-headline-text gb-headline-hero-banner-title\">Datenschutz<\/h1>\n<\/div><\/div>\n\n<div class=\"gb-container gb-container-561b9ec2 gb-container-inner-back-page-con\">\n\n<h2 class=\"gb-headline gb-headline-7aeaa0c3 gb-headline-text gb-headline-h2-in-content\">Bei Technetix werden Ihre Daten sorgf\u00e4ltig verwahrt. Wir halten uns genau an die Anforderungen der europ\u00e4ischen Datenschutzgrundverordnung.<\/h2>\n\n\n\n<p>In dieser Richtlinie wird beschrieben, wie wir die Daten erfassen, verwenden und verwahren, die Sie uns bei der Nutzung der Website von Technetix.com bereitstellen. Wir k\u00f6nnen diese Richtlinie jederzeit ohne Ank\u00fcndigung aktualisieren. Ihre Nutzung der Website von Technetix gilt als Ihre Zustimmung zu den Bestimmungen dieser Datenschutzrichtlinie in ihrer jeweils g\u00fcltigen Fassung, sofern Sie uns nicht ausdr\u00fccklich etwas anderes mitteilen.  <\/p>\n\n\n\n<h2 class=\"gb-headline gb-headline-aadf287b gb-headline-text gb-headline-h2-in-content\">Welche Daten werden von uns erfasst?<\/h2>\n\n\n\n<p>Um unsere Website weiterzuentwickeln und zu verbessern, erfassen wir Informationen dazu, wie Sie unsere Website nutzen, unter anderem Informationen wie Ihren Domain-Namen und Ihre IP-Adresse (Internet Protocol), Ihr Betriebssystem, die Browser-Version und Cookie-Daten, wie viel Zeit Sie auf einer Seite verbracht haben, auf welchem Weg Sie zu den Seiten navigiert sind und welche Website Sie vor dem Zugriff auf unsere Website besucht haben.<\/p>\n\n\n\n<p>Wenn Sie Informationen von uns anfordern, jemanden von Technetix bitten, Sie zu kontaktieren, eine Bestellung \u00fcber unseren Webshop aufgeben, dem Erhalt von E-Mails, Newslettern oder Produktinformationen von Technetix zustimmen (der jederzeit \u00fcber die in jeder Mitteilung angegebenen Links widerrufen werden kann) oder ein Technetix-Onlineportal nutzen, werden wir Sie dar\u00fcber hinaus bitten, Ihren Namen, Ihre Adresse, E-Mail-Adresse, Telefonnummer, den Namen und die Adresse Ihrer Organisation sowie andere Informationen anzugeben, die zur Bearbeitung Ihrer Anfrage im angemessenen Rahmen erforderlich sind.<\/p>\n\n\n\n<h2 class=\"gb-headline gb-headline-11bf3807 gb-headline-text gb-headline-h2-in-content\">Wof\u00fcr verwenden wir Ihre personenbezogenen Daten?<\/h2>\n\n\n\n<p>Wir m\u00f6chten besser verstehen, was Sie von uns ben\u00f6tigen. Wir verwenden Ihre personenbezogenen Daten, um das Surfen auf unserer Website angenehmer zu machen und zu versuchen, es zu verbessern. Ihre Daten werden haupts\u00e4chlich dazu verwendet:  <\/p>\n\n\n\n<ul class=\"wp-block-list\">\n<li>Ihre Anfragen zu beantworten und\/oder auf Ihre Anliegen einzugehen<\/li>\n\n\n\n<li>Ihnen Produkte, Dienstleistungen und gew\u00fcnschte Informationen zur Verf\u00fcgung stellen<\/li>\n\n\n\n<li>Ihnen Informationen \u00fcber Produkte und Services zu senden, von denen wir glauben, dass sie f\u00fcr Ihr Unternehmen interessant sind<\/li>\n\n\n\n<li>Sie \u00fcber die Entwicklungen bei Technetix auf dem Laufenden zu halten den Datenverkehr auf der Website von Technetix zu analysieren und zu \u00fcberwachen und damit die Bereitstellung und Verbesserung der Website zu unterst\u00fctzen<\/li>\n\n\n\n<li>Uns die M\u00f6glichkeit zu geben, unsere Produkte und Services zu \u00fcberpr\u00fcfen, weiterzuentwickeln und zu verbessern<\/li>\n\n\n\n<li>Unsere Website vor unbefugtem Zugriff zu sch\u00fctzen<\/li>\n\n\n\n<li>Aufzeichnungen zu Verwaltungszwecken zu f\u00fchren<\/li>\n\n\n\n<li>Gesetzliche und\/oder aufsichtsrechtliche Verpflichtungen zu erf\u00fcllen<\/li>\n<\/ul>\n\n\n\n<p>Wir m\u00f6gen Junkmail genauso wenig wie Sie. Es bleibt deshalb Ihnen \u00fcberlassen, ob Sie diese Informationen erhalten m\u00f6chten oder nicht.<\/p>\n\n\n\n<h2 class=\"gb-headline gb-headline-acf182ba gb-headline-text gb-headline-h2-in-content\">Wem gegen\u00fcber legen wir Ihre personenbezogenen Daten offen?<\/h2>\n\n\n\n<p>Wir k\u00f6nnen Mitarbeitern und Bevollm\u00e4chtigten von Technetix Daten \u00fcber Sie bereitstellen, damit diese Vorg\u00e4nge in Bezug auf Konten, Produkte und Services ausf\u00fchren k\u00f6nnen, die Ihnen jetzt oder zuk\u00fcnftig von Technetix oder von Unternehmen unserer Gruppe bereitgestellt werden. Dies gilt auch f\u00fcr gewisse dritte Parteien, um die Funktion unserer Webseite zu gew\u00e4hrleisten.<\/p>\n\n\n\n<p>Wenn Sie sich daf\u00fcr entscheiden, Produkte oder Services \u00fcber unseren Webshop oder unser Online-Portal zu erwerben, geben wir Ihre Daten an unseren externen Zahlungsdienstleister weiter. Dieser externe Zahlungsdienstleister kann zus\u00e4tzliche Informationen von Ihnen ben\u00f6tigen, um Ihre Zahlung bearbeiten zu k\u00f6nnen. <\/p>\n\n\n\n<p>Wir k\u00f6nnen gesammelte Informationen und Statistiken zu Zwecken der \u00dcberwachung der Website-Nutzung verwenden, um die Website und unseren Service weiterzuentwickeln, und wir k\u00f6nnen Dritten wie Partnern und Werbetreibenden diese gesammelten Informationen in anonymisierter Form bereitstellen. Diese Statistiken enthalten keine Daten, die zu Ihrer Identifikation verwendet werden k\u00f6nnen. <\/p>\n\n\n\n<p>Wir leiten Ihre personenbezogenen Daten nicht an Dritte weiter, au\u00dfer dies ist gem\u00e4\u00df der vorliegenden Richtlinie gestattet oder wir sind aufgrund gesetzlicher Anforderungen zur Offenlegung dieser Daten verpflichtet.<\/p>\n\n\n\n<h2 class=\"gb-headline gb-headline-a041f672 gb-headline-text gb-headline-h2-in-content\">\u00dcbertragung von Daten ins Ausland<\/h2>\n\n\n\n<p>Technetix ist weltweit t\u00e4tig und verf\u00fcgt \u00fcber Niederlassungen im Vereinigten K\u00f6nigreich, in den Niederlanden, in Spanien, Polen, Belgien, Irland, dem Kosovo, den USA, in Taiwan sowie in China. Mit der Bereitstellung von Informationen an Technetix erkl\u00e4ren Sie sich damit einverstanden, dass Technetix rechtm\u00e4\u00dfig Informationen an derzeitige oder zuk\u00fcnftige Mutter-, Tochter- und verbundene Unternehmen von Technetix und andere Dritte, die sich au\u00dferhalb des Europ\u00e4ischen Wirtschaftsraums befinden k\u00f6nnen, \u00fcbermitteln kann. <\/p>\n\n\n\n<h2 class=\"gb-headline gb-headline-9fdd5049 gb-headline-text gb-headline-h2-in-content\">Cookies<\/h2>\n\n\n\n<p>Cookies sind kleine Textdateien, die auf Ihrem Computer gespeichert werden und die es uns erm\u00f6glichen, die Anzahl der Besucher unserer Website zu \u00fcberwachen und die Funktionalit\u00e4t der Website zu gew\u00e4hrleisten. Da sie Daten \u00fcber die Nutzung der Website durch einen Besucher erfassen k\u00f6nnen, w\u00fcrden einige es vorziehen, wenn keine Cookies verwendet werden w\u00fcrden. Wenn Sie keine Cookies erhalten m\u00f6chten, k\u00f6nnen Sie Ihren Browser so einstellen, dass er entweder alle Cookies blockiert oder Sie benachrichtigt, wenn Cookies verwendet werden. Bitte beachten Sie jedoch, dass die Deaktivierung von Cookies die Funktionalit\u00e4t einiger Webseiten beeintr\u00e4chtigen kann.   <\/p>\n\n\n\n<h2 class=\"gb-headline gb-headline-45df64ce gb-headline-text gb-headline-h2-in-content\">Informationsanfragen<\/h2>\n\n\n\n<p>Sie k\u00f6nnen jederzeit eine Kopie der Informationen anfordern, die wir \u00fcber Sie gespeichert haben, wobei wir hierf\u00fcr eine Verwaltungsgeb\u00fchr gem\u00e4\u00df den geltenden Gesetzen berechnen. Wenn Sie Informationen, die wir \u00fcber Sie gespeichert haben, \u00e4ndern oder Fehler in Ihren Informationen korrigieren m\u00f6chten, oder wenn Sie m\u00f6chten, dass wir keine Informationen mehr verwenden, die Sie uns zur Verf\u00fcgung gestellt haben, kontaktieren Sie uns bitte \u00fcber <a href=\"https:\/\/emea.technetix.com\/manage-your-preferences\/\">diesen Link<\/a>.  Wenn uns hierzu keine Aufforderung von Ihnen vorliegt, stimmen Sie mit der Nutzung dieser Website der Erfassung und Verwendung Ihrer personenbezogenen Daten durch die Technetix Group Limited und ihre Tochter- und verbundenen Unternehmen in \u00dcbereinstimmung mit den Bestimmungen dieser Datenschutzrichtlinie zu.<\/p>\n\n\n\n<h2 class=\"gb-headline gb-headline-94a5e884 gb-headline-text gb-headline-h2-in-content\">Anwendbares Recht<\/h2>\n\n\n\n<p>Alle Streitigkeiten im Zusammenhang mit dieser Website, ihrer Nutzung durch Sie, oder den Inhalten unterliegen englischem Recht und der ausschlie\u00dflichen Zust\u00e4ndigkeit der englischen Gerichte.<\/p>\n\n\n\n<h2 class=\"gb-headline gb-headline-3e3b2032 gb-headline-text gb-headline-h2-in-content\">Kontakt<\/h2>\n\n\n\n<p><br>Wenn Sie Fragen oder Bedenken bez\u00fcglich unserer Verwendung Ihrer pers\u00f6nlichen Daten haben, kontaktieren Sie uns bitte \u00fcber diesen <a href=\"https:\/\/emea.technetix.com\/de\/kontakt\/\">Link<\/a>. Sie k\u00f6nnen sich auch schriftlich an den Data Protection Officer, Technetix Group Limited, Innovation House, Technetix Business Park, Albourne, West Sussex, Gro\u00dfbritannien, wenden.<\/p>\n\n<\/div>","protected":false},"excerpt":{"rendered":"<p>Datenschutz Bei Technetix werden Ihre Daten sorgf\u00e4ltig verwahrt. Wir halten uns genau an die Anforderungen der europ\u00e4ischen Datenschutzgrundverordnung. In dieser Richtlinie wird beschrieben, wie wir die Daten erfassen, verwenden und verwahren, die Sie uns bei der Nutzung der Website von Technetix.com bereitstellen. Wir k\u00f6nnen diese Richtlinie jederzeit ohne Ank\u00fcndigung aktualisieren. Ihre Nutzung der Website von &#8230; <a title=\"Datenschutz\" class=\"read-more\" href=\"https:\/\/emea.technetix.com\/de\/datenschutz\/\" aria-label=\"Mehr Informationen \u00fcber Datenschutz\">Read more<\/a><\/p>\n","protected":false},"author":1,"featured_media":0,"parent":0,"menu_order":0,"comment_status":"closed","ping_status":"closed","template":"","meta":{"_acf_changed":false,"_gspb_post_css":"","footnotes":""},"class_list":["post-6336","page","type-page","status-publish"],"yoast_head":"<!-- This site is optimized with the Yoast SEO Premium plugin v22.5 (Yoast SEO v27.4) - https:\/\/yoast.com\/product\/yoast-seo-premium-wordpress\/ -->\n<title>Datenschutz - Technetix EMEA<\/title>\n<meta name=\"robots\" content=\"index, follow, max-snippet:-1, max-image-preview:large, max-video-preview:-1\" \/>\n<link rel=\"canonical\" href=\"https:\/\/emea.technetix.com\/de\/datenschutz\/\" \/>\n<meta property=\"og:locale\" content=\"de_DE\" \/>\n<meta property=\"og:type\" content=\"article\" \/>\n<meta property=\"og:title\" content=\"Datenschutz - Technetix EMEA\" \/>\n<meta property=\"og:description\" content=\"Datenschutz Bei Technetix werden Ihre Daten sorgf\u00e4ltig verwahrt. Wir halten uns genau an die Anforderungen der europ\u00e4ischen Datenschutzgrundverordnung. In dieser Richtlinie wird beschrieben, wie wir die Daten erfassen, verwenden und verwahren, die Sie uns bei der Nutzung der Website von Technetix.com bereitstellen. Wir k\u00f6nnen diese Richtlinie jederzeit ohne Ank\u00fcndigung aktualisieren. Ihre Nutzung der Website von ... Read more\" \/>\n<meta property=\"og:url\" content=\"https:\/\/emea.technetix.com\/de\/datenschutz\/\" \/>\n<meta property=\"og:site_name\" content=\"Technetix EMEA\" \/>\n<meta property=\"article:modified_time\" content=\"2024-08-15T07:59:42+00:00\" \/>\n<meta property=\"og:image\" content=\"https:\/\/emea.technetix.com\/wp-content\/uploads\/sites\/2\/2023\/06\/logo-Technetix-1200x675-1.png\" \/>\n\t<meta property=\"og:image:width\" content=\"1200\" \/>\n\t<meta property=\"og:image:height\" content=\"675\" \/>\n\t<meta property=\"og:image:type\" content=\"image\/png\" \/>\n<meta name=\"twitter:card\" content=\"summary_large_image\" \/>\n<meta name=\"twitter:site\" content=\"@technetixgroup\" \/>\n<meta name=\"twitter:label1\" content=\"Gesch\u00e4tzte Lesezeit\" \/>\n\t<meta name=\"twitter:data1\" content=\"4\u00a0Minuten\" \/>\n<script type=\"application\/ld+json\" class=\"yoast-schema-graph\">{\"@context\":\"https:\\\/\\\/schema.org\",\"@graph\":[{\"@type\":\"WebPage\",\"@id\":\"https:\\\/\\\/emea.technetix.com\\\/de\\\/datenschutz\\\/\",\"url\":\"https:\\\/\\\/emea.technetix.com\\\/de\\\/datenschutz\\\/\",\"name\":\"Datenschutz - Technetix EMEA\",\"isPartOf\":{\"@id\":\"https:\\\/\\\/emea.technetix.com\\\/de\\\/#website\"},\"datePublished\":\"2023-01-17T17:22:35+00:00\",\"dateModified\":\"2024-08-15T07:59:42+00:00\",\"breadcrumb\":{\"@id\":\"https:\\\/\\\/emea.technetix.com\\\/de\\\/datenschutz\\\/#breadcrumb\"},\"inLanguage\":\"de\",\"potentialAction\":[{\"@type\":\"ReadAction\",\"target\":[\"https:\\\/\\\/emea.technetix.com\\\/de\\\/datenschutz\\\/\"]}]},{\"@type\":\"BreadcrumbList\",\"@id\":\"https:\\\/\\\/emea.technetix.com\\\/de\\\/datenschutz\\\/#breadcrumb\",\"itemListElement\":[{\"@type\":\"ListItem\",\"position\":1,\"name\":\"Home\",\"item\":\"https:\\\/\\\/emea.technetix.com\\\/de\\\/\"},{\"@type\":\"ListItem\",\"position\":2,\"name\":\"Datenschutz\"}]},{\"@type\":\"WebSite\",\"@id\":\"https:\\\/\\\/emea.technetix.com\\\/de\\\/#website\",\"url\":\"https:\\\/\\\/emea.technetix.com\\\/de\\\/\",\"name\":\"Technetix\",\"description\":\"Next-generation broadband equipment engineering\",\"publisher\":{\"@id\":\"https:\\\/\\\/emea.technetix.com\\\/de\\\/#organization\"},\"potentialAction\":[{\"@type\":\"SearchAction\",\"target\":{\"@type\":\"EntryPoint\",\"urlTemplate\":\"https:\\\/\\\/emea.technetix.com\\\/de\\\/?s={search_term_string}\"},\"query-input\":{\"@type\":\"PropertyValueSpecification\",\"valueRequired\":true,\"valueName\":\"search_term_string\"}}],\"inLanguage\":\"de\"},{\"@type\":\"Organization\",\"@id\":\"https:\\\/\\\/emea.technetix.com\\\/de\\\/#organization\",\"name\":\"Technetix\",\"url\":\"https:\\\/\\\/emea.technetix.com\\\/de\\\/\",\"logo\":{\"@type\":\"ImageObject\",\"inLanguage\":\"de\",\"@id\":\"https:\\\/\\\/emea.technetix.com\\\/de\\\/#\\\/schema\\\/logo\\\/image\\\/\",\"url\":\"https:\\\/\\\/emea.technetix.com\\\/wp-content\\\/uploads\\\/sites\\\/2\\\/2023\\\/06\\\/logo-Technetix-1000x1000-1.png\",\"contentUrl\":\"https:\\\/\\\/emea.technetix.com\\\/wp-content\\\/uploads\\\/sites\\\/2\\\/2023\\\/06\\\/logo-Technetix-1000x1000-1.png\",\"width\":1000,\"height\":1000,\"caption\":\"Technetix\"},\"image\":{\"@id\":\"https:\\\/\\\/emea.technetix.com\\\/de\\\/#\\\/schema\\\/logo\\\/image\\\/\"},\"sameAs\":[\"https:\\\/\\\/x.com\\\/technetixgroup\",\"https:\\\/\\\/www.linkedin.com\\\/company\\\/technetix\\\/\",\"https:\\\/\\\/www.youtube.com\\\/c\\\/Technetix-group\"]}]}<\/script>\n<!-- \/ Yoast SEO Premium plugin. -->","yoast_head_json":{"title":"Datenschutz - Technetix EMEA","robots":{"index":"index","follow":"follow","max-snippet":"max-snippet:-1","max-image-preview":"max-image-preview:large","max-video-preview":"max-video-preview:-1"},"canonical":"https:\/\/emea.technetix.com\/de\/datenschutz\/","og_locale":"de_DE","og_type":"article","og_title":"Datenschutz - Technetix EMEA","og_description":"Datenschutz Bei Technetix werden Ihre Daten sorgf\u00e4ltig verwahrt. Wir halten uns genau an die Anforderungen der europ\u00e4ischen Datenschutzgrundverordnung. In dieser Richtlinie wird beschrieben, wie wir die Daten erfassen, verwenden und verwahren, die Sie uns bei der Nutzung der Website von Technetix.com bereitstellen. Wir k\u00f6nnen diese Richtlinie jederzeit ohne Ank\u00fcndigung aktualisieren. Ihre Nutzung der Website von ... Read more","og_url":"https:\/\/emea.technetix.com\/de\/datenschutz\/","og_site_name":"Technetix EMEA","article_modified_time":"2024-08-15T07:59:42+00:00","og_image":[{"width":1200,"height":675,"url":"https:\/\/emea.technetix.com\/wp-content\/uploads\/sites\/2\/2023\/06\/logo-Technetix-1200x675-1.png","type":"image\/png"}],"twitter_card":"summary_large_image","twitter_site":"@technetixgroup","twitter_misc":{"Gesch\u00e4tzte Lesezeit":"4\u00a0Minuten"},"schema":{"@context":"https:\/\/schema.org","@graph":[{"@type":"WebPage","@id":"https:\/\/emea.technetix.com\/de\/datenschutz\/","url":"https:\/\/emea.technetix.com\/de\/datenschutz\/","name":"Datenschutz - Technetix EMEA","isPartOf":{"@id":"https:\/\/emea.technetix.com\/de\/#website"},"datePublished":"2023-01-17T17:22:35+00:00","dateModified":"2024-08-15T07:59:42+00:00","breadcrumb":{"@id":"https:\/\/emea.technetix.com\/de\/datenschutz\/#breadcrumb"},"inLanguage":"de","potentialAction":[{"@type":"ReadAction","target":["https:\/\/emea.technetix.com\/de\/datenschutz\/"]}]},{"@type":"BreadcrumbList","@id":"https:\/\/emea.technetix.com\/de\/datenschutz\/#breadcrumb","itemListElement":[{"@type":"ListItem","position":1,"name":"Home","item":"https:\/\/emea.technetix.com\/de\/"},{"@type":"ListItem","position":2,"name":"Datenschutz"}]},{"@type":"WebSite","@id":"https:\/\/emea.technetix.com\/de\/#website","url":"https:\/\/emea.technetix.com\/de\/","name":"Technetix","description":"Next-generation broadband equipment engineering","publisher":{"@id":"https:\/\/emea.technetix.com\/de\/#organization"},"potentialAction":[{"@type":"SearchAction","target":{"@type":"EntryPoint","urlTemplate":"https:\/\/emea.technetix.com\/de\/?s={search_term_string}"},"query-input":{"@type":"PropertyValueSpecification","valueRequired":true,"valueName":"search_term_string"}}],"inLanguage":"de"},{"@type":"Organization","@id":"https:\/\/emea.technetix.com\/de\/#organization","name":"Technetix","url":"https:\/\/emea.technetix.com\/de\/","logo":{"@type":"ImageObject","inLanguage":"de","@id":"https:\/\/emea.technetix.com\/de\/#\/schema\/logo\/image\/","url":"https:\/\/emea.technetix.com\/wp-content\/uploads\/sites\/2\/2023\/06\/logo-Technetix-1000x1000-1.png","contentUrl":"https:\/\/emea.technetix.com\/wp-content\/uploads\/sites\/2\/2023\/06\/logo-Technetix-1000x1000-1.png","width":1000,"height":1000,"caption":"Technetix"},"image":{"@id":"https:\/\/emea.technetix.com\/de\/#\/schema\/logo\/image\/"},"sameAs":["https:\/\/x.com\/technetixgroup","https:\/\/www.linkedin.com\/company\/technetix\/","https:\/\/www.youtube.com\/c\/Technetix-group"]}]}},"acf":[],"publishpress_future_workflow_manual_trigger":{"enabledWorkflows":[]},"_links":{"self":[{"href":"https:\/\/emea.technetix.com\/de\/wp-json\/wp\/v2\/pages\/6336","targetHints":{"allow":["GET"]}}],"collection":[{"href":"https:\/\/emea.technetix.com\/de\/wp-json\/wp\/v2\/pages"}],"about":[{"href":"https:\/\/emea.technetix.com\/de\/wp-json\/wp\/v2\/types\/page"}],"author":[{"embeddable":true,"href":"https:\/\/emea.technetix.com\/de\/wp-json\/wp\/v2\/users\/1"}],"replies":[{"embeddable":true,"href":"https:\/\/emea.technetix.com\/de\/wp-json\/wp\/v2\/comments?post=6336"}],"version-history":[{"count":0,"href":"https:\/\/emea.technetix.com\/de\/wp-json\/wp\/v2\/pages\/6336\/revisions"}],"wp:attachment":[{"href":"https:\/\/emea.technetix.com\/de\/wp-json\/wp\/v2\/media?parent=6336"}],"curies":[{"name":"wp","href":"https:\/\/api.w.org\/{rel}","templated":true}]}}