{"id":6313,"date":"2023-01-20T17:38:23","date_gmt":"2023-01-20T17:38:23","guid":{"rendered":"https:\/\/emea.technetix.com\/uber-uns\/fertigung-und-qualitatssicherung\/"},"modified":"2025-11-14T14:35:59","modified_gmt":"2025-11-14T14:35:59","slug":"fertigung-und-qualitatssicherung","status":"publish","type":"page","link":"https:\/\/emea.technetix.com\/de\/uber-uns\/fertigung-und-qualitatssicherung\/","title":{"rendered":"Fertigung und Qualit\u00e4tssicherung"},"content":{"rendered":"<div class=\"gb-container gb-container-f86f3f4f gb-container-hero-banner\"><div class=\"gb-inside-container\">\n<h1 class=\"gb-headline gb-headline-e1547755 gb-headline-text gb-headline-hero-banner-title\">Fertigung und Qualit\u00e4tssicherung<\/h1>\n<\/div><\/div>\n\n<div class=\"gb-container gb-container-ccae1302 gb-container-inner-back-page-con\">\n\n<h2 class=\"gb-headline gb-headline-d02c52e4 gb-headline-text\">Technetix fertigt seine Produkte unter anderem an f\u00fcnf langfristig etablierten Standorten in Asien, die alle entsprechend den Anforderungen der Qualit\u00e4ts- und Umwelt-Managementsysteme nach ISO9001 bzw. ISO14001 zertifiziert sind.<\/h2>\n\n\n\n<h2 class=\"gb-headline gb-headline-70ac4e31 gb-headline-text gb-headline-h2-in-content\">Fertigungseinrichtungen und Produktion<\/h2>\n\n\n\n<p class=\"gb-headline gb-headline-6656b5c3 gb-headline-text\">Der Gro\u00dfteil des umfangreichen Produktsortiments wird in Asien gefertigt. An den vertikal integrierten Standorten wird der gesamte Fertigungsprozess von der automatischen Leiterplattenfertigung (oberfl\u00e4chenmontierte und Durchsteck-Komponenten, entsprechend RoHS- und REACH-Standards), dem Zink- und Aluminiumdruckguss, den Kunststoffspritzverfahren, der Endmontage bis zum Test und Verpackung gehandhabt. Alle Standorte verf\u00fcgen \u00fcber Laboratorien f\u00fcr eine umf\u00e4ngliche Qualifikation der Produkte.  <\/p>\n\n\n\n<p class=\"gb-headline gb-headline-7b5274ef gb-headline-text\">Durch regelm\u00e4\u00dfige Lieferantenbesuche st\u00e4rken wir Partnerschaften, bieten Unterst\u00fctzung und verschlanken Prozesse w\u00e4hrend einer neuen Produktentwicklung und w\u00e4hrend des Fertigungsprozesses.<\/p>\n\n\n\n<h2 class=\"gb-headline gb-headline-6b17d0fd gb-headline-text gb-headline-h2-in-content\">Qualit\u00e4tssicherung<\/h2>\n\n\n\n<p class=\"gb-headline gb-headline-623f5b86 gb-headline-text\">Technetix \u00fcberwacht die Qualit\u00e4t direkt an der Quelle. Das Qualit\u00e4tsmanagementsystem ist nach <a href=\"https:\/\/docs.technetix.com\/documents\/quality%20ISO.pdf\" target=\"_blank\" rel=\"noreferrer noopener\">ISO9001:2015<\/a> zertifiziert und bietet den Rahmen f\u00fcr die \u00dcberwachung aller Qualit\u00e4ts\u00acprozesse und Qualit\u00e4tspr\u00fcfungen bei Technetix. <\/p>\n\n\n\n<ul class=\"wp-block-list\">\n<li>Unsere Qualit\u00e4tssicherungsingenieure vor Ort in Asien arbeiten eng mit unseren Fertigungspartnern zusammen und gew\u00e4hrleisten, dass die Lieferanten die Qualit\u00e4t auch in ihren Fertigungslinien sicherstellen. Wir \u00fcberwachen und gew\u00e4hrleisten die Qualit\u00e4t der Produkte von Technetix vor der globalen Lagerfreigabe. Die \u00dcberpr\u00fcfungen erfolgen entsprechend Qualit\u00e4tsstandard ISO2859-1:1999 (MIL-STD 105E). Qualit\u00e4ts\u00fcberpr\u00fcfungen werden entsprechend ihrer Relevanz f\u00fcr jedes Produkt festgelegt. Alle Produkte unterliegen einer vollst\u00e4ndigen Nachverfolgbarkeit der Fertigungslose.   <\/li>\n\n\n\n<li>Technetix verf\u00e4hrt bei der Validierung des ersten Muster-Produktionsloses und der Freigabe von Waren f\u00fcr die Volumenfertigung nach einem strikten Produktfreigabe-prozess. Hierdurch hat Technetix die Kontrolle \u00fcber Produktdesign und -entwicklung vom Konzept bis zur Lieferung.<\/li>\n\n\n\n<li>Technische \u00c4nderungen und Produktabweichungen werden vom Hersteller engmaschig gesteuert. Bei Auftreten eines Problems gew\u00e4hrleisten unser Beschwerdesystem und der robuste Korrekturprozess sowie vorbeugende Ma\u00dfnahmen nicht nur dessen L\u00f6sung, sondern auch dessen Beitrag zum kontinuierlichen Qualit\u00e4tsverbesserungssystem (Kaizen). <\/li>\n\n\n\n<li>Regelm\u00e4\u00dfige Werks\u00fcberpr\u00fcfungen gew\u00e4hrleisten, dass Technetix die Qualit\u00e4t, Compliance und Leistung innerhalb der erweiterten Lieferkette vorantreibt.<\/li>\n<\/ul>\n\n<\/div>\n\n<div class=\"gb-container gb-container-dacd3408 gb-container-con-buttons-bottom\">\n\n<h2 class=\"gb-headline gb-headline-7ce6fa4b gb-headline-text gb-headline-head-bottom-buttons\">N\u00fctzliche Links<\/h2>\n\n\n<div class=\"gb-button-wrapper gb-button-wrapper-5300c273 gb-button-wrapper-after-con-buttons\">\n\n<a class=\"gb-button gb-button-74bfad52 gb-button-text gb-button-bottom-button\" href=\"https:\/\/emea.technetix.com\/wp-content\/uploads\/sites\/2\/2024\/10\/Tx0.1-Quality-Policy-V9-1.pdf\">Quality policy<\/a>\n\n\n\n<a class=\"gb-button gb-button-693ef8ac gb-button-text gb-button-bottom-button\" href=\"https:\/\/emea.technetix.com\/de\/kontakt\/\">Kontakt<\/a>\n\n<\/div>\n<\/div>\n\n\n<p><\/p>\n","protected":false},"excerpt":{"rendered":"<p>Fertigung und Qualit\u00e4tssicherung Technetix fertigt seine Produkte unter anderem an f\u00fcnf langfristig etablierten Standorten in Asien, die alle entsprechend den Anforderungen der Qualit\u00e4ts- und Umwelt-Managementsysteme nach ISO9001 bzw. ISO14001 zertifiziert sind. Fertigungseinrichtungen und Produktion Der Gro\u00dfteil des umfangreichen Produktsortiments wird in Asien gefertigt. An den vertikal integrierten Standorten wird der gesamte Fertigungsprozess von der automatischen &#8230; <a title=\"Fertigung und Qualit\u00e4tssicherung\" class=\"read-more\" href=\"https:\/\/emea.technetix.com\/de\/uber-uns\/fertigung-und-qualitatssicherung\/\" aria-label=\"Mehr Informationen \u00fcber Fertigung und Qualit\u00e4tssicherung\">Read more<\/a><\/p>\n","protected":false},"author":1,"featured_media":956,"parent":6291,"menu_order":0,"comment_status":"closed","ping_status":"closed","template":"","meta":{"_acf_changed":false,"_gspb_post_css":"","footnotes":""},"class_list":["post-6313","page","type-page","status-publish","has-post-thumbnail"],"yoast_head":"<!-- This site is optimized with the Yoast SEO Premium plugin v22.5 (Yoast SEO v27.4) - https:\/\/yoast.com\/product\/yoast-seo-premium-wordpress\/ -->\n<title>Fertigung und Qualit\u00e4tssicherung - Technetix EMEA<\/title>\n<meta name=\"robots\" content=\"index, follow, max-snippet:-1, max-image-preview:large, max-video-preview:-1\" \/>\n<link rel=\"canonical\" href=\"https:\/\/emea.technetix.com\/de\/uber-uns\/fertigung-und-qualitatssicherung\/\" \/>\n<meta property=\"og:locale\" content=\"de_DE\" \/>\n<meta property=\"og:type\" content=\"article\" \/>\n<meta property=\"og:title\" content=\"Fertigung und Qualit\u00e4tssicherung - Technetix EMEA\" \/>\n<meta property=\"og:description\" content=\"Fertigung und Qualit\u00e4tssicherung Technetix fertigt seine Produkte unter anderem an f\u00fcnf langfristig etablierten Standorten in Asien, die alle entsprechend den Anforderungen der Qualit\u00e4ts- und Umwelt-Managementsysteme nach ISO9001 bzw. ISO14001 zertifiziert sind. Fertigungseinrichtungen und Produktion Der Gro\u00dfteil des umfangreichen Produktsortiments wird in Asien gefertigt. An den vertikal integrierten Standorten wird der gesamte Fertigungsprozess von der automatischen ... Read more\" \/>\n<meta property=\"og:url\" content=\"https:\/\/emea.technetix.com\/de\/uber-uns\/fertigung-und-qualitatssicherung\/\" \/>\n<meta property=\"og:site_name\" content=\"Technetix EMEA\" \/>\n<meta property=\"article:modified_time\" content=\"2025-11-14T14:35:59+00:00\" \/>\n<meta property=\"og:image\" content=\"https:\/\/emea.technetix.com\/wp-content\/uploads\/sites\/2\/2023\/01\/ABOUT_LARGE_MANUFACTURING_FINAL.jpg\" \/>\n\t<meta property=\"og:image:width\" content=\"1920\" \/>\n\t<meta property=\"og:image:height\" content=\"450\" \/>\n\t<meta property=\"og:image:type\" content=\"image\/jpeg\" \/>\n<meta name=\"twitter:card\" content=\"summary_large_image\" \/>\n<meta name=\"twitter:site\" content=\"@technetixgroup\" \/>\n<meta name=\"twitter:label1\" content=\"Gesch\u00e4tzte Lesezeit\" \/>\n\t<meta name=\"twitter:data1\" content=\"2\u00a0Minuten\" \/>\n<script type=\"application\/ld+json\" class=\"yoast-schema-graph\">{\"@context\":\"https:\\\/\\\/schema.org\",\"@graph\":[{\"@type\":\"WebPage\",\"@id\":\"https:\\\/\\\/emea.technetix.com\\\/de\\\/uber-uns\\\/fertigung-und-qualitatssicherung\\\/\",\"url\":\"https:\\\/\\\/emea.technetix.com\\\/de\\\/uber-uns\\\/fertigung-und-qualitatssicherung\\\/\",\"name\":\"Fertigung und Qualit\u00e4tssicherung - Technetix EMEA\",\"isPartOf\":{\"@id\":\"https:\\\/\\\/emea.technetix.com\\\/de\\\/#website\"},\"primaryImageOfPage\":{\"@id\":\"https:\\\/\\\/emea.technetix.com\\\/de\\\/uber-uns\\\/fertigung-und-qualitatssicherung\\\/#primaryimage\"},\"image\":{\"@id\":\"https:\\\/\\\/emea.technetix.com\\\/de\\\/uber-uns\\\/fertigung-und-qualitatssicherung\\\/#primaryimage\"},\"thumbnailUrl\":\"https:\\\/\\\/emea.technetix.com\\\/wp-content\\\/uploads\\\/sites\\\/2\\\/2023\\\/01\\\/ABOUT_LARGE_MANUFACTURING_FINAL.jpg\",\"datePublished\":\"2023-01-20T17:38:23+00:00\",\"dateModified\":\"2025-11-14T14:35:59+00:00\",\"breadcrumb\":{\"@id\":\"https:\\\/\\\/emea.technetix.com\\\/de\\\/uber-uns\\\/fertigung-und-qualitatssicherung\\\/#breadcrumb\"},\"inLanguage\":\"de\",\"potentialAction\":[{\"@type\":\"ReadAction\",\"target\":[\"https:\\\/\\\/emea.technetix.com\\\/de\\\/uber-uns\\\/fertigung-und-qualitatssicherung\\\/\"]}]},{\"@type\":\"ImageObject\",\"inLanguage\":\"de\",\"@id\":\"https:\\\/\\\/emea.technetix.com\\\/de\\\/uber-uns\\\/fertigung-und-qualitatssicherung\\\/#primaryimage\",\"url\":\"https:\\\/\\\/emea.technetix.com\\\/wp-content\\\/uploads\\\/sites\\\/2\\\/2023\\\/01\\\/ABOUT_LARGE_MANUFACTURING_FINAL.jpg\",\"contentUrl\":\"https:\\\/\\\/emea.technetix.com\\\/wp-content\\\/uploads\\\/sites\\\/2\\\/2023\\\/01\\\/ABOUT_LARGE_MANUFACTURING_FINAL.jpg\",\"width\":1920,\"height\":450},{\"@type\":\"BreadcrumbList\",\"@id\":\"https:\\\/\\\/emea.technetix.com\\\/de\\\/uber-uns\\\/fertigung-und-qualitatssicherung\\\/#breadcrumb\",\"itemListElement\":[{\"@type\":\"ListItem\",\"position\":1,\"name\":\"Home\",\"item\":\"https:\\\/\\\/emea.technetix.com\\\/de\\\/\"},{\"@type\":\"ListItem\",\"position\":2,\"name\":\"\u00dcber uns\",\"item\":\"https:\\\/\\\/emea.technetix.com\\\/de\\\/uber-uns\\\/\"},{\"@type\":\"ListItem\",\"position\":3,\"name\":\"Fertigung und Qualit\u00e4tssicherung\"}]},{\"@type\":\"WebSite\",\"@id\":\"https:\\\/\\\/emea.technetix.com\\\/de\\\/#website\",\"url\":\"https:\\\/\\\/emea.technetix.com\\\/de\\\/\",\"name\":\"Technetix\",\"description\":\"Next-generation broadband equipment engineering\",\"publisher\":{\"@id\":\"https:\\\/\\\/emea.technetix.com\\\/de\\\/#organization\"},\"potentialAction\":[{\"@type\":\"SearchAction\",\"target\":{\"@type\":\"EntryPoint\",\"urlTemplate\":\"https:\\\/\\\/emea.technetix.com\\\/de\\\/?s={search_term_string}\"},\"query-input\":{\"@type\":\"PropertyValueSpecification\",\"valueRequired\":true,\"valueName\":\"search_term_string\"}}],\"inLanguage\":\"de\"},{\"@type\":\"Organization\",\"@id\":\"https:\\\/\\\/emea.technetix.com\\\/de\\\/#organization\",\"name\":\"Technetix\",\"url\":\"https:\\\/\\\/emea.technetix.com\\\/de\\\/\",\"logo\":{\"@type\":\"ImageObject\",\"inLanguage\":\"de\",\"@id\":\"https:\\\/\\\/emea.technetix.com\\\/de\\\/#\\\/schema\\\/logo\\\/image\\\/\",\"url\":\"https:\\\/\\\/emea.technetix.com\\\/wp-content\\\/uploads\\\/sites\\\/2\\\/2023\\\/06\\\/logo-Technetix-1000x1000-1.png\",\"contentUrl\":\"https:\\\/\\\/emea.technetix.com\\\/wp-content\\\/uploads\\\/sites\\\/2\\\/2023\\\/06\\\/logo-Technetix-1000x1000-1.png\",\"width\":1000,\"height\":1000,\"caption\":\"Technetix\"},\"image\":{\"@id\":\"https:\\\/\\\/emea.technetix.com\\\/de\\\/#\\\/schema\\\/logo\\\/image\\\/\"},\"sameAs\":[\"https:\\\/\\\/x.com\\\/technetixgroup\",\"https:\\\/\\\/www.linkedin.com\\\/company\\\/technetix\\\/\",\"https:\\\/\\\/www.youtube.com\\\/c\\\/Technetix-group\"]}]}<\/script>\n<!-- \/ Yoast SEO Premium plugin. -->","yoast_head_json":{"title":"Fertigung und Qualit\u00e4tssicherung - Technetix EMEA","robots":{"index":"index","follow":"follow","max-snippet":"max-snippet:-1","max-image-preview":"max-image-preview:large","max-video-preview":"max-video-preview:-1"},"canonical":"https:\/\/emea.technetix.com\/de\/uber-uns\/fertigung-und-qualitatssicherung\/","og_locale":"de_DE","og_type":"article","og_title":"Fertigung und Qualit\u00e4tssicherung - Technetix EMEA","og_description":"Fertigung und Qualit\u00e4tssicherung Technetix fertigt seine Produkte unter anderem an f\u00fcnf langfristig etablierten Standorten in Asien, die alle entsprechend den Anforderungen der Qualit\u00e4ts- und Umwelt-Managementsysteme nach ISO9001 bzw. ISO14001 zertifiziert sind. Fertigungseinrichtungen und Produktion Der Gro\u00dfteil des umfangreichen Produktsortiments wird in Asien gefertigt. An den vertikal integrierten Standorten wird der gesamte Fertigungsprozess von der automatischen ... Read more","og_url":"https:\/\/emea.technetix.com\/de\/uber-uns\/fertigung-und-qualitatssicherung\/","og_site_name":"Technetix EMEA","article_modified_time":"2025-11-14T14:35:59+00:00","og_image":[{"width":1920,"height":450,"url":"https:\/\/emea.technetix.com\/wp-content\/uploads\/sites\/2\/2023\/01\/ABOUT_LARGE_MANUFACTURING_FINAL.jpg","type":"image\/jpeg"}],"twitter_card":"summary_large_image","twitter_site":"@technetixgroup","twitter_misc":{"Gesch\u00e4tzte Lesezeit":"2\u00a0Minuten"},"schema":{"@context":"https:\/\/schema.org","@graph":[{"@type":"WebPage","@id":"https:\/\/emea.technetix.com\/de\/uber-uns\/fertigung-und-qualitatssicherung\/","url":"https:\/\/emea.technetix.com\/de\/uber-uns\/fertigung-und-qualitatssicherung\/","name":"Fertigung und Qualit\u00e4tssicherung - Technetix EMEA","isPartOf":{"@id":"https:\/\/emea.technetix.com\/de\/#website"},"primaryImageOfPage":{"@id":"https:\/\/emea.technetix.com\/de\/uber-uns\/fertigung-und-qualitatssicherung\/#primaryimage"},"image":{"@id":"https:\/\/emea.technetix.com\/de\/uber-uns\/fertigung-und-qualitatssicherung\/#primaryimage"},"thumbnailUrl":"https:\/\/emea.technetix.com\/wp-content\/uploads\/sites\/2\/2023\/01\/ABOUT_LARGE_MANUFACTURING_FINAL.jpg","datePublished":"2023-01-20T17:38:23+00:00","dateModified":"2025-11-14T14:35:59+00:00","breadcrumb":{"@id":"https:\/\/emea.technetix.com\/de\/uber-uns\/fertigung-und-qualitatssicherung\/#breadcrumb"},"inLanguage":"de","potentialAction":[{"@type":"ReadAction","target":["https:\/\/emea.technetix.com\/de\/uber-uns\/fertigung-und-qualitatssicherung\/"]}]},{"@type":"ImageObject","inLanguage":"de","@id":"https:\/\/emea.technetix.com\/de\/uber-uns\/fertigung-und-qualitatssicherung\/#primaryimage","url":"https:\/\/emea.technetix.com\/wp-content\/uploads\/sites\/2\/2023\/01\/ABOUT_LARGE_MANUFACTURING_FINAL.jpg","contentUrl":"https:\/\/emea.technetix.com\/wp-content\/uploads\/sites\/2\/2023\/01\/ABOUT_LARGE_MANUFACTURING_FINAL.jpg","width":1920,"height":450},{"@type":"BreadcrumbList","@id":"https:\/\/emea.technetix.com\/de\/uber-uns\/fertigung-und-qualitatssicherung\/#breadcrumb","itemListElement":[{"@type":"ListItem","position":1,"name":"Home","item":"https:\/\/emea.technetix.com\/de\/"},{"@type":"ListItem","position":2,"name":"\u00dcber uns","item":"https:\/\/emea.technetix.com\/de\/uber-uns\/"},{"@type":"ListItem","position":3,"name":"Fertigung und Qualit\u00e4tssicherung"}]},{"@type":"WebSite","@id":"https:\/\/emea.technetix.com\/de\/#website","url":"https:\/\/emea.technetix.com\/de\/","name":"Technetix","description":"Next-generation broadband equipment engineering","publisher":{"@id":"https:\/\/emea.technetix.com\/de\/#organization"},"potentialAction":[{"@type":"SearchAction","target":{"@type":"EntryPoint","urlTemplate":"https:\/\/emea.technetix.com\/de\/?s={search_term_string}"},"query-input":{"@type":"PropertyValueSpecification","valueRequired":true,"valueName":"search_term_string"}}],"inLanguage":"de"},{"@type":"Organization","@id":"https:\/\/emea.technetix.com\/de\/#organization","name":"Technetix","url":"https:\/\/emea.technetix.com\/de\/","logo":{"@type":"ImageObject","inLanguage":"de","@id":"https:\/\/emea.technetix.com\/de\/#\/schema\/logo\/image\/","url":"https:\/\/emea.technetix.com\/wp-content\/uploads\/sites\/2\/2023\/06\/logo-Technetix-1000x1000-1.png","contentUrl":"https:\/\/emea.technetix.com\/wp-content\/uploads\/sites\/2\/2023\/06\/logo-Technetix-1000x1000-1.png","width":1000,"height":1000,"caption":"Technetix"},"image":{"@id":"https:\/\/emea.technetix.com\/de\/#\/schema\/logo\/image\/"},"sameAs":["https:\/\/x.com\/technetixgroup","https:\/\/www.linkedin.com\/company\/technetix\/","https:\/\/www.youtube.com\/c\/Technetix-group"]}]}},"acf":[],"publishpress_future_workflow_manual_trigger":{"enabledWorkflows":[]},"_links":{"self":[{"href":"https:\/\/emea.technetix.com\/de\/wp-json\/wp\/v2\/pages\/6313","targetHints":{"allow":["GET"]}}],"collection":[{"href":"https:\/\/emea.technetix.com\/de\/wp-json\/wp\/v2\/pages"}],"about":[{"href":"https:\/\/emea.technetix.com\/de\/wp-json\/wp\/v2\/types\/page"}],"author":[{"embeddable":true,"href":"https:\/\/emea.technetix.com\/de\/wp-json\/wp\/v2\/users\/1"}],"replies":[{"embeddable":true,"href":"https:\/\/emea.technetix.com\/de\/wp-json\/wp\/v2\/comments?post=6313"}],"version-history":[{"count":1,"href":"https:\/\/emea.technetix.com\/de\/wp-json\/wp\/v2\/pages\/6313\/revisions"}],"predecessor-version":[{"id":1108772,"href":"https:\/\/emea.technetix.com\/de\/wp-json\/wp\/v2\/pages\/6313\/revisions\/1108772"}],"up":[{"embeddable":true,"href":"https:\/\/emea.technetix.com\/de\/wp-json\/wp\/v2\/pages\/6291"}],"wp:featuredmedia":[{"embeddable":true,"href":"https:\/\/emea.technetix.com\/de\/wp-json\/wp\/v2\/media\/956"}],"wp:attachment":[{"href":"https:\/\/emea.technetix.com\/de\/wp-json\/wp\/v2\/media?parent=6313"}],"curies":[{"name":"wp","href":"https:\/\/api.w.org\/{rel}","templated":true}]}}