{"id":6287,"date":"2023-01-20T17:33:19","date_gmt":"2023-01-20T17:33:19","guid":{"rendered":"https:\/\/emea.technetix.com\/software-downloads\/"},"modified":"2025-09-03T08:12:14","modified_gmt":"2025-09-03T08:12:14","slug":"software-downloads","status":"publish","type":"page","link":"https:\/\/emea.technetix.com\/de\/software-downloads\/","title":{"rendered":"Software-Downloads"},"content":{"rendered":"<div class=\"gb-container gb-container-f86f3f4f gb-container-hero-banner\"><div class=\"gb-inside-container\">\n<h1 class=\"gb-headline gb-headline-e1547755 gb-headline-text gb-headline-hero-banner-title\">Software-Downloads<\/h1>\n<\/div><\/div>\n\n<div class=\"gb-container gb-container-4b0132b3 gb-container-inner-back-page-con\">\n\n<h2 class=\"gb-headline gb-headline-d02c52e4 gb-headline-text\">In diesem Bereich der Webseite stellt Technetix die f\u00fcr den Betrieb der DBx-Ausr\u00fcstung ben\u00f6tigte neueste Software bereit. Weitere Details \u00fcber die einzelnen Versions\u00e4nderungen finden Sie in den Versionshinweisen. <\/h2>\n\n\n\n<p class=\"gb-headline gb-headline-6656b5c3 gb-headline-text\">Alle Downloads sind Passwort-gesch\u00fctzt. Bitte kontaktieren Sie f\u00fcr alle weiteren Fragen oder um ein Passwort zu erhalten unseren <a href=\"mailto:customer.service.vdl@technetix.com\" target=\"_blank\" rel=\"noreferrer noopener\">Kundendienst<\/a>.<\/p>\n\n\n<div class=\"gb-container gb-container-e804f340 software-downloads-dl-section\"><div class=\"gb-inside-container\">\n\n<h2 class=\"gb-headline gb-headline-6b17d0fd gb-headline-text gb-headline-h2-in-content\" id=\"t-box-Control-software-for-DBx-series-amplifier-and-fiber-nodes\">t-box \u2212 Steuersoftware f\u00fcr Verst\u00e4rker und Fibrenodes der DBxSerie<\/h2>\n\n\n\n<p class=\"gb-headline gb-headline-623f5b86 gb-headline-text\">Die aktuelle t-box-Version steht zum Download bereit.<\/p>\n\n\n\n<p class=\"gb-headline gb-headline-fa8f18d6\"><span class=\"gb-icon\"><\/span><span class=\"gb-headline-text\"><a href=\"https:\/\/emea.technetix.com\/wp-content\/uploads\/sites\/2\/2023\/02\/tbox-1-22-14.zip\" target=\"_blank\" rel=\"noreferrer noopener\">t-box software (version 1.22.14) (24.5 MB)<\/a><\/span><\/p>\n\n\n\n<p class=\"gb-headline gb-headline-0e6c244e\"><span class=\"gb-icon\"><\/span><span class=\"gb-headline-text\"><a href=\"https:\/\/emea.technetix.com\/wp-content\/uploads\/sites\/2\/2023\/02\/tbox-release-1.22.25.zip\" target=\"_blank\" rel=\"noreferrer noopener\">t-box software (version 1.22.25) (20.1 MB)<\/a><\/span><\/p>\n\n\n\n<p class=\"gb-headline gb-headline-52ac7eef\"><span class=\"gb-icon\"><\/span><span class=\"gb-headline-text\"><a href=\"https:\/\/emea.technetix.com\/wp-content\/uploads\/sites\/2\/2023\/02\/T-BOX_V1-22-25_SRN_EN.pdf\" target=\"_blank\" rel=\"noreferrer noopener\">t-box release notes v1.22.25 (779 kB)<\/a><\/span><\/p>\n\n\n\n<h2 class=\"gb-headline gb-headline-4b572e45 gb-headline-text gb-headline-h2-in-content\" id=\"BLL-Windows-control-software-for-DBx-series-amplifier-and-fiber-nodes\">BLL \u2212 Windows-Steuersoftware f\u00fcr Verst\u00e4rker und Fibrenodes der DBxSerie<\/h2>\n\n\n\n<p class=\"gb-headline gb-headline-c9b08205 gb-headline-text\">Die aktuelle BLL-Version steht zum Download bereit. Bitte stellen Sie sicher, dass die aktuelle Version des .NET-Framework installiert ist. Dies ist f\u00fcr die korrekte Funktion der Software erforderlich.<\/p>\n\n\n\n<p class=\"gb-headline gb-headline-6808fe73\"><span class=\"gb-icon\"><\/span><span class=\"gb-headline-text\"><a href=\"https:\/\/emea.technetix.com\/wp-content\/uploads\/sites\/2\/2025\/09\/BLL_rel_v3.25.15.1.zip\">BLL (komplett, version v3.25.15) (5 MB)<\/a><\/span><\/p>\n\n\n\n<p class=\"gb-headline gb-headline-34bfae9b\"><span class=\"gb-icon\"><\/span><span class=\"gb-headline-text\"><a href=\"https:\/\/emea.technetix.com\/wp-content\/uploads\/sites\/2\/2023\/02\/BLL-release-V3.22.26.zip\">BLL (komplett, version 3.22.26) (2.7 MB)<\/a><\/span><\/p>\n\n\n\n<p class=\"gb-headline gb-headline-d4aecfcf\"><span class=\"gb-icon\"><\/span><span class=\"gb-headline-text\"><a href=\"https:\/\/emea.technetix.com\/wp-content\/uploads\/sites\/2\/2023\/02\/SRN_BLL_V3.22.25_V1.pdf\" target=\"_blank\" rel=\"noreferrer noopener\">BLL release notes v3.22.25 (520 kB)<\/a><\/span><\/p>\n\n\n\n<h2 class=\"gb-headline gb-headline-e3742336 gb-headline-text gb-headline-h2-in-content\" id=\"BLA-Android-control-software-for-DBx-series-amplifiers\">BLA &#8211; Android-Steuersoftware f\u00fcr Verst\u00e4rker der DBx-Serie<\/h2>\n\n\n\n<p class=\"gb-headline gb-headline-399aa230 gb-headline-text\">Die aktuelle BLA-Version steht nun zum Download bereit. Bitte beachten Sie, dass Sie ein Smartphone ben\u00f6tigen, das als USB-Host agieren kann. Weiterhin ist ein Adapterkabel erforderlich. <\/p>\n\n\n\n<p class=\"gb-headline gb-headline-0070cb11\"><span class=\"gb-icon\"><\/span><span class=\"gb-headline-text\"><a href=\"https:\/\/emea.technetix.com\/wp-content\/uploads\/sites\/2\/2023\/02\/BLA-release-3.22.18.1.zip\" target=\"_blank\" rel=\"noreferrer noopener\">BLA (komplett, version 3.22.18.1) (2.52 MB)<\/a><\/span><\/p>\n\n\n\n<p class=\"gb-headline gb-headline-284bad4a\"><span class=\"gb-icon\"><\/span><span class=\"gb-headline-text\"><a href=\"https:\/\/emea.technetix.com\/wp-content\/uploads\/sites\/2\/2023\/02\/BLA_V3.22.18_SRN_EN.pdf\" target=\"_blank\" rel=\"noreferrer noopener\">BLA release notes v3.22.18 (688 kB)<\/a><\/span><\/p>\n\n\n\n<h2 class=\"gb-headline gb-headline-455110cf gb-headline-text gb-headline-h2-in-content\" id=\"NCC-Firmware\">NCC &#8211; Firmware<\/h2>\n\n\n\n<p class=\"gb-headline gb-headline-11388744 gb-headline-text\">Die aktuelle NCC-1222-Firmware steht zum Download bereit. Sie bietet die st\u00e4ndig aktualisierten Tools und unterst\u00fctzt die neueste Generation von NCI-Modulen. <\/p>\n\n\n\n<p class=\"gb-headline gb-headline-c765d135\"><span class=\"gb-icon\"><\/span><span class=\"gb-headline-text\"><a href=\"https:\/\/emea.technetix.com\/wp-content\/uploads\/sites\/2\/2024\/01\/NCC-1222-Client-Package-V1_12_2.zip\">NCC-1222 client upgrade <\/a><\/span><\/p>\n\n\n\n<p class=\"gb-headline gb-headline-20517bbe\"><span class=\"gb-icon\"><\/span><span class=\"gb-headline-text\"><a href=\"https:\/\/emea.technetix.com\/wp-content\/uploads\/sites\/2\/2024\/04\/NCC-2222-App-Client-Upgrade-Package-FW-V1_4-2024-03-30.zip\">NCC-2222 client upgrade<\/a> <\/span><\/p>\n\n\n\n<p class=\"gb-headline gb-headline-d801a768\"><span class=\"gb-icon\"><\/span><span class=\"gb-headline-text\"><a href=\"https:\/\/emea.technetix.com\/wp-content\/uploads\/sites\/2\/2024\/02\/UCC-321_Version-1_0_1-Release.zip\">UCC-321 client upgrade <\/a><\/span><\/p>\n\n\n\n<h2 class=\"gb-headline gb-headline-8e2d3de4 gb-headline-text gb-headline-h2-in-content\" id=\"TxNMS---User-guide\">TxNMS &#8211; Benutzerhandbuch<\/h2>\n\n\n\n<p class=\"gb-headline gb-headline-1c8df307\"><span class=\"gb-icon\"><\/span><span class=\"gb-headline-text\"><a href=\"https:\/\/emea.technetix.com\/wp-content\/uploads\/sites\/2\/2023\/02\/TXNMS.pdf\" target=\"_blank\" rel=\"noreferrer noopener\">TXNMS (3.39 MB)<\/a><\/span><\/p>\n\n<\/div><\/div>\n<\/div>\n\n<div class=\"gb-container gb-container-a232fa81 gb-container-con-buttons-bottom\">\n\n<h2 class=\"gb-headline gb-headline-7ce6fa4b gb-headline-text gb-headline-head-bottom-buttons\">N\u00fctzliche Links<\/h2>\n\n\n<div class=\"gb-button-wrapper gb-button-wrapper-5300c273 gb-button-wrapper-after-con-buttons\">\n\n<a class=\"gb-button gb-button-4ceed201 gb-button-text gb-button-bottom-button\" href=\"https:\/\/emea.technetix.com\/de\/unsere-vision\/software-defined-netzwerke\/\">Software-defined Netzwerke<\/a>\n\n\n\n<a class=\"gb-button gb-button-74bfad52 gb-button-text gb-button-bottom-button\" href=\"https:\/\/emea.technetix.com\/de\/kontakt\/\">Kontakt<\/a>\n\n<\/div>\n<\/div>","protected":false},"excerpt":{"rendered":"<p>Software-Downloads In diesem Bereich der Webseite stellt Technetix die f\u00fcr den Betrieb der DBx-Ausr\u00fcstung ben\u00f6tigte neueste Software bereit. Weitere Details \u00fcber die einzelnen Versions\u00e4nderungen finden Sie in den Versionshinweisen. Alle Downloads sind Passwort-gesch\u00fctzt. Bitte kontaktieren Sie f\u00fcr alle weiteren Fragen oder um ein Passwort zu erhalten unseren Kundendienst. t-box \u2212 Steuersoftware f\u00fcr Verst\u00e4rker und Fibrenodes &#8230; <a title=\"Software-Downloads\" class=\"read-more\" href=\"https:\/\/emea.technetix.com\/de\/software-downloads\/\" aria-label=\"Mehr Informationen \u00fcber Software-Downloads\">Read more<\/a><\/p>\n","protected":false},"author":1,"featured_media":944,"parent":0,"menu_order":0,"comment_status":"closed","ping_status":"closed","template":"","meta":{"_acf_changed":false,"_gspb_post_css":"","footnotes":""},"class_list":["post-6287","page","type-page","status-publish","has-post-thumbnail"],"yoast_head":"<!-- This site is optimized with the Yoast SEO Premium plugin v22.5 (Yoast SEO v27.4) - https:\/\/yoast.com\/product\/yoast-seo-premium-wordpress\/ -->\n<title>Software-Downloads - Technetix EMEA<\/title>\n<meta name=\"robots\" content=\"index, follow, max-snippet:-1, max-image-preview:large, max-video-preview:-1\" \/>\n<link rel=\"canonical\" href=\"https:\/\/emea.technetix.com\/de\/software-downloads\/\" \/>\n<meta property=\"og:locale\" content=\"de_DE\" \/>\n<meta property=\"og:type\" content=\"article\" \/>\n<meta property=\"og:title\" content=\"Software-Downloads - Technetix EMEA\" \/>\n<meta property=\"og:description\" content=\"Software-Downloads In diesem Bereich der Webseite stellt Technetix die f\u00fcr den Betrieb der DBx-Ausr\u00fcstung ben\u00f6tigte neueste Software bereit. Weitere Details \u00fcber die einzelnen Versions\u00e4nderungen finden Sie in den Versionshinweisen. Alle Downloads sind Passwort-gesch\u00fctzt. Bitte kontaktieren Sie f\u00fcr alle weiteren Fragen oder um ein Passwort zu erhalten unseren Kundendienst. t-box \u2212 Steuersoftware f\u00fcr Verst\u00e4rker und Fibrenodes ... Read more\" \/>\n<meta property=\"og:url\" content=\"https:\/\/emea.technetix.com\/de\/software-downloads\/\" \/>\n<meta property=\"og:site_name\" content=\"Technetix EMEA\" \/>\n<meta property=\"article:modified_time\" content=\"2025-09-03T08:12:14+00:00\" \/>\n<meta property=\"og:image\" content=\"https:\/\/emea.technetix.com\/wp-content\/uploads\/sites\/2\/2023\/01\/SERVICES_LARGE_SD_FINAL.jpg\" \/>\n\t<meta property=\"og:image:width\" content=\"1920\" \/>\n\t<meta property=\"og:image:height\" content=\"450\" \/>\n\t<meta property=\"og:image:type\" content=\"image\/jpeg\" \/>\n<meta name=\"twitter:card\" content=\"summary_large_image\" \/>\n<meta name=\"twitter:site\" content=\"@technetixgroup\" \/>\n<meta name=\"twitter:label1\" content=\"Gesch\u00e4tzte Lesezeit\" \/>\n\t<meta name=\"twitter:data1\" content=\"2\u00a0Minuten\" \/>\n<script type=\"application\/ld+json\" class=\"yoast-schema-graph\">{\"@context\":\"https:\\\/\\\/schema.org\",\"@graph\":[{\"@type\":\"WebPage\",\"@id\":\"https:\\\/\\\/emea.technetix.com\\\/de\\\/software-downloads\\\/\",\"url\":\"https:\\\/\\\/emea.technetix.com\\\/de\\\/software-downloads\\\/\",\"name\":\"Software-Downloads - Technetix EMEA\",\"isPartOf\":{\"@id\":\"https:\\\/\\\/emea.technetix.com\\\/de\\\/#website\"},\"primaryImageOfPage\":{\"@id\":\"https:\\\/\\\/emea.technetix.com\\\/de\\\/software-downloads\\\/#primaryimage\"},\"image\":{\"@id\":\"https:\\\/\\\/emea.technetix.com\\\/de\\\/software-downloads\\\/#primaryimage\"},\"thumbnailUrl\":\"https:\\\/\\\/emea.technetix.com\\\/wp-content\\\/uploads\\\/sites\\\/2\\\/2023\\\/01\\\/SERVICES_LARGE_SD_FINAL.jpg\",\"datePublished\":\"2023-01-20T17:33:19+00:00\",\"dateModified\":\"2025-09-03T08:12:14+00:00\",\"breadcrumb\":{\"@id\":\"https:\\\/\\\/emea.technetix.com\\\/de\\\/software-downloads\\\/#breadcrumb\"},\"inLanguage\":\"de\",\"potentialAction\":[{\"@type\":\"ReadAction\",\"target\":[\"https:\\\/\\\/emea.technetix.com\\\/de\\\/software-downloads\\\/\"]}]},{\"@type\":\"ImageObject\",\"inLanguage\":\"de\",\"@id\":\"https:\\\/\\\/emea.technetix.com\\\/de\\\/software-downloads\\\/#primaryimage\",\"url\":\"https:\\\/\\\/emea.technetix.com\\\/wp-content\\\/uploads\\\/sites\\\/2\\\/2023\\\/01\\\/SERVICES_LARGE_SD_FINAL.jpg\",\"contentUrl\":\"https:\\\/\\\/emea.technetix.com\\\/wp-content\\\/uploads\\\/sites\\\/2\\\/2023\\\/01\\\/SERVICES_LARGE_SD_FINAL.jpg\",\"width\":1920,\"height\":450},{\"@type\":\"BreadcrumbList\",\"@id\":\"https:\\\/\\\/emea.technetix.com\\\/de\\\/software-downloads\\\/#breadcrumb\",\"itemListElement\":[{\"@type\":\"ListItem\",\"position\":1,\"name\":\"Home\",\"item\":\"https:\\\/\\\/emea.technetix.com\\\/de\\\/\"},{\"@type\":\"ListItem\",\"position\":2,\"name\":\"Software-Downloads\"}]},{\"@type\":\"WebSite\",\"@id\":\"https:\\\/\\\/emea.technetix.com\\\/de\\\/#website\",\"url\":\"https:\\\/\\\/emea.technetix.com\\\/de\\\/\",\"name\":\"Technetix\",\"description\":\"Next-generation broadband equipment engineering\",\"publisher\":{\"@id\":\"https:\\\/\\\/emea.technetix.com\\\/de\\\/#organization\"},\"potentialAction\":[{\"@type\":\"SearchAction\",\"target\":{\"@type\":\"EntryPoint\",\"urlTemplate\":\"https:\\\/\\\/emea.technetix.com\\\/de\\\/?s={search_term_string}\"},\"query-input\":{\"@type\":\"PropertyValueSpecification\",\"valueRequired\":true,\"valueName\":\"search_term_string\"}}],\"inLanguage\":\"de\"},{\"@type\":\"Organization\",\"@id\":\"https:\\\/\\\/emea.technetix.com\\\/de\\\/#organization\",\"name\":\"Technetix\",\"url\":\"https:\\\/\\\/emea.technetix.com\\\/de\\\/\",\"logo\":{\"@type\":\"ImageObject\",\"inLanguage\":\"de\",\"@id\":\"https:\\\/\\\/emea.technetix.com\\\/de\\\/#\\\/schema\\\/logo\\\/image\\\/\",\"url\":\"https:\\\/\\\/emea.technetix.com\\\/wp-content\\\/uploads\\\/sites\\\/2\\\/2023\\\/06\\\/logo-Technetix-1000x1000-1.png\",\"contentUrl\":\"https:\\\/\\\/emea.technetix.com\\\/wp-content\\\/uploads\\\/sites\\\/2\\\/2023\\\/06\\\/logo-Technetix-1000x1000-1.png\",\"width\":1000,\"height\":1000,\"caption\":\"Technetix\"},\"image\":{\"@id\":\"https:\\\/\\\/emea.technetix.com\\\/de\\\/#\\\/schema\\\/logo\\\/image\\\/\"},\"sameAs\":[\"https:\\\/\\\/x.com\\\/technetixgroup\",\"https:\\\/\\\/www.linkedin.com\\\/company\\\/technetix\\\/\",\"https:\\\/\\\/www.youtube.com\\\/c\\\/Technetix-group\"]}]}<\/script>\n<!-- \/ Yoast SEO Premium plugin. -->","yoast_head_json":{"title":"Software-Downloads - Technetix EMEA","robots":{"index":"index","follow":"follow","max-snippet":"max-snippet:-1","max-image-preview":"max-image-preview:large","max-video-preview":"max-video-preview:-1"},"canonical":"https:\/\/emea.technetix.com\/de\/software-downloads\/","og_locale":"de_DE","og_type":"article","og_title":"Software-Downloads - Technetix EMEA","og_description":"Software-Downloads In diesem Bereich der Webseite stellt Technetix die f\u00fcr den Betrieb der DBx-Ausr\u00fcstung ben\u00f6tigte neueste Software bereit. Weitere Details \u00fcber die einzelnen Versions\u00e4nderungen finden Sie in den Versionshinweisen. Alle Downloads sind Passwort-gesch\u00fctzt. Bitte kontaktieren Sie f\u00fcr alle weiteren Fragen oder um ein Passwort zu erhalten unseren Kundendienst. t-box \u2212 Steuersoftware f\u00fcr Verst\u00e4rker und Fibrenodes ... Read more","og_url":"https:\/\/emea.technetix.com\/de\/software-downloads\/","og_site_name":"Technetix EMEA","article_modified_time":"2025-09-03T08:12:14+00:00","og_image":[{"width":1920,"height":450,"url":"https:\/\/emea.technetix.com\/wp-content\/uploads\/sites\/2\/2023\/01\/SERVICES_LARGE_SD_FINAL.jpg","type":"image\/jpeg"}],"twitter_card":"summary_large_image","twitter_site":"@technetixgroup","twitter_misc":{"Gesch\u00e4tzte Lesezeit":"2\u00a0Minuten"},"schema":{"@context":"https:\/\/schema.org","@graph":[{"@type":"WebPage","@id":"https:\/\/emea.technetix.com\/de\/software-downloads\/","url":"https:\/\/emea.technetix.com\/de\/software-downloads\/","name":"Software-Downloads - Technetix EMEA","isPartOf":{"@id":"https:\/\/emea.technetix.com\/de\/#website"},"primaryImageOfPage":{"@id":"https:\/\/emea.technetix.com\/de\/software-downloads\/#primaryimage"},"image":{"@id":"https:\/\/emea.technetix.com\/de\/software-downloads\/#primaryimage"},"thumbnailUrl":"https:\/\/emea.technetix.com\/wp-content\/uploads\/sites\/2\/2023\/01\/SERVICES_LARGE_SD_FINAL.jpg","datePublished":"2023-01-20T17:33:19+00:00","dateModified":"2025-09-03T08:12:14+00:00","breadcrumb":{"@id":"https:\/\/emea.technetix.com\/de\/software-downloads\/#breadcrumb"},"inLanguage":"de","potentialAction":[{"@type":"ReadAction","target":["https:\/\/emea.technetix.com\/de\/software-downloads\/"]}]},{"@type":"ImageObject","inLanguage":"de","@id":"https:\/\/emea.technetix.com\/de\/software-downloads\/#primaryimage","url":"https:\/\/emea.technetix.com\/wp-content\/uploads\/sites\/2\/2023\/01\/SERVICES_LARGE_SD_FINAL.jpg","contentUrl":"https:\/\/emea.technetix.com\/wp-content\/uploads\/sites\/2\/2023\/01\/SERVICES_LARGE_SD_FINAL.jpg","width":1920,"height":450},{"@type":"BreadcrumbList","@id":"https:\/\/emea.technetix.com\/de\/software-downloads\/#breadcrumb","itemListElement":[{"@type":"ListItem","position":1,"name":"Home","item":"https:\/\/emea.technetix.com\/de\/"},{"@type":"ListItem","position":2,"name":"Software-Downloads"}]},{"@type":"WebSite","@id":"https:\/\/emea.technetix.com\/de\/#website","url":"https:\/\/emea.technetix.com\/de\/","name":"Technetix","description":"Next-generation broadband equipment engineering","publisher":{"@id":"https:\/\/emea.technetix.com\/de\/#organization"},"potentialAction":[{"@type":"SearchAction","target":{"@type":"EntryPoint","urlTemplate":"https:\/\/emea.technetix.com\/de\/?s={search_term_string}"},"query-input":{"@type":"PropertyValueSpecification","valueRequired":true,"valueName":"search_term_string"}}],"inLanguage":"de"},{"@type":"Organization","@id":"https:\/\/emea.technetix.com\/de\/#organization","name":"Technetix","url":"https:\/\/emea.technetix.com\/de\/","logo":{"@type":"ImageObject","inLanguage":"de","@id":"https:\/\/emea.technetix.com\/de\/#\/schema\/logo\/image\/","url":"https:\/\/emea.technetix.com\/wp-content\/uploads\/sites\/2\/2023\/06\/logo-Technetix-1000x1000-1.png","contentUrl":"https:\/\/emea.technetix.com\/wp-content\/uploads\/sites\/2\/2023\/06\/logo-Technetix-1000x1000-1.png","width":1000,"height":1000,"caption":"Technetix"},"image":{"@id":"https:\/\/emea.technetix.com\/de\/#\/schema\/logo\/image\/"},"sameAs":["https:\/\/x.com\/technetixgroup","https:\/\/www.linkedin.com\/company\/technetix\/","https:\/\/www.youtube.com\/c\/Technetix-group"]}]}},"acf":[],"publishpress_future_workflow_manual_trigger":{"enabledWorkflows":[]},"_links":{"self":[{"href":"https:\/\/emea.technetix.com\/de\/wp-json\/wp\/v2\/pages\/6287","targetHints":{"allow":["GET"]}}],"collection":[{"href":"https:\/\/emea.technetix.com\/de\/wp-json\/wp\/v2\/pages"}],"about":[{"href":"https:\/\/emea.technetix.com\/de\/wp-json\/wp\/v2\/types\/page"}],"author":[{"embeddable":true,"href":"https:\/\/emea.technetix.com\/de\/wp-json\/wp\/v2\/users\/1"}],"replies":[{"embeddable":true,"href":"https:\/\/emea.technetix.com\/de\/wp-json\/wp\/v2\/comments?post=6287"}],"version-history":[{"count":0,"href":"https:\/\/emea.technetix.com\/de\/wp-json\/wp\/v2\/pages\/6287\/revisions"}],"wp:featuredmedia":[{"embeddable":true,"href":"https:\/\/emea.technetix.com\/de\/wp-json\/wp\/v2\/media\/944"}],"wp:attachment":[{"href":"https:\/\/emea.technetix.com\/de\/wp-json\/wp\/v2\/media?parent=6287"}],"curies":[{"name":"wp","href":"https:\/\/api.w.org\/{rel}","templated":true}]}}