{"id":6270,"date":"2023-01-20T17:31:43","date_gmt":"2023-01-20T17:31:43","guid":{"rendered":"https:\/\/emea.technetix.com\/lieferkette-und-logistik\/"},"modified":"2024-08-15T09:14:58","modified_gmt":"2024-08-15T09:14:58","slug":"lieferkette-und-logistik","status":"publish","type":"page","link":"https:\/\/emea.technetix.com\/de\/lieferkette-und-logistik\/","title":{"rendered":"Lieferkette und Logistik"},"content":{"rendered":"<div class=\"gb-container gb-container-f86f3f4f gb-container-hero-banner\"><div class=\"gb-inside-container\">\n<h1 class=\"gb-headline gb-headline-e1547755 gb-headline-text gb-headline-hero-banner-title\">Lieferkette und Logistik<\/h1>\n<\/div><\/div>\n\n<div class=\"gb-container gb-container-246538ae gb-container-inner-back-page-con\">\n\n<h2 class=\"gb-headline gb-headline-d02c52e4 gb-headline-text\">Wir bieten Spitzenprodukte und einen kompletten Lieferkettenservice, sodass Sie sich voll auf Ihr Kerngesch\u00e4ft konzentrieren k\u00f6nnen.<\/h2>\n\n\n\n<p class=\"gb-headline gb-headline-6656b5c3 gb-headline-text\">Technetix steht im Bereich Breitbandtechnologie im Zentrum der Innovationen. Durch seine globale Reichweite verf\u00fcgt das Unternehmen \u00fcber Logistikzentren an wichtigen Standorten \u00fcberall auf der Welt. Mit Niederlassungen in 20 L\u00e4ndern, unter anderem in den USA, den Niederlanden und in Gro\u00dfbritannien, sind wir bestens aufgestellt, um das Logistikmanagement und einen kompletten Lieferkettenservice f\u00fcr Europa, Nordamerika und Lateinamerika bereitzustellen. <\/p>\n\n\n\n<p class=\"gb-headline gb-headline-fd56e9e9 gb-headline-text\">Technetix st\u00fctzt sich auf ein fortschrittliches ERP-System (Enterprise-Resource-Planning), um die Auftragsabwicklung ab Lager zu planen und zu verwalten und um die strengen Service-Level-Agreements der weltweit f\u00fchrenden Breitband-Kabelbetreiber einzuhalten.<\/p>\n\n\n\n<p class=\"gb-headline gb-headline-a43e9ab2 gb-headline-text\">Unsere drei strategisch positionierten Hauptniederlassungen steuern ein weltweites Netz von Verteilzentren.<\/p>\n\n\n\n<h2 class=\"gb-headline gb-headline-6b17d0fd gb-headline-text gb-headline-h2-in-content\">Amerika<\/h2>\n\n\n\n<p class=\"gb-headline gb-headline-623f5b86 gb-headline-text\">An unserem regionalen Hauptsitz in Englewood, CO, USA, f\u00fchren wir ein Zentrallager f\u00fcr den Vertrieb an ausgelagerte Satellitenwarenlager in der gesamten Region Amerika.<\/p>\n\n\n\n<h2 class=\"gb-headline gb-headline-4b572e45 gb-headline-text gb-headline-h2-in-content\">Europa<\/h2>\n\n\n\n<p class=\"gb-headline gb-headline-c9b08205 gb-headline-text\">In unserer britischen Zentrale in Albourne, West Sussex, und an unserem regionalen Hauptsitz f\u00fcr Mitteleuropa in Veenendaal, Niederlande, betreiben wir Zentrallager f\u00fcr den Vertrieb in ganz Europa. Diese Einrichtungen bedienen Kunden in zentralen europ\u00e4ischen M\u00e4rkten direkt und werden von regionalen Warenlagern unter der Leitung von Technetix in Dublin (Irland), Saragossa (Spanien), Pristina (Kosovo) und Bukarest (Rum\u00e4nien) unterst\u00fctzt. Die Standorte verf\u00fcgen \u00fcber eine Gesamt-Lagerkapazit\u00e4t von 20.000 Paletten.  <\/p>\n\n\n\n<p class=\"gb-headline gb-headline-c0ecb95b gb-headline-text\">Technetix kann Produkte beschaffen, die direkt an unser Warenlager oder zur Wiederauff\u00fcllung Ihres Lagers von unseren Liegenschaften aus entsprechend den zuvor vereinbarten Inventar-Managementregeln geliefert werden. H\u00e4ufig beliefern wir die Endkunden und die Techniker unserer Kunden auch direkt. <\/p>\n\n\n\n<h2 class=\"gb-headline gb-headline-e3742336 gb-headline-text gb-headline-h2-in-content\">Ein innovatives Online-Portal<\/h2>\n\n\n\n<p class=\"gb-headline gb-headline-399aa230 gb-headline-text\">Um uns von unseren Mitbewerbern zu differenzieren, verwenden wir f\u00fcr die Verwaltung der gesamten Lieferkettenfunktionen innerhalb des Unternehmens ein ERP-System sowie Bestandsplanungssoftware nach dem neuesten Stand der Technik. Ein speziell entwickeltes Kundenportal bietet durchg\u00e4ngige Transparenz, sodass unsere Kunden in jeder Phase der Lieferkette ein H\u00f6chstma\u00df an Kontrolle und Sicherheit haben. <\/p>\n\n\n\n<p class=\"gb-headline gb-headline-37660b83 gb-headline-text\">Das Portal bietet Informationen zu den Produkten von Technetix sowie zu den Drittanbieterprodukten, die wir Ihnen liefern. F\u00fcr alle von Ihnen gekauften Produkte werden gegebenenfalls Alternativen angeboten, die von Ihren eigenen Technikern freigegeben werden. Wir glauben, dass dies eine weitere M\u00f6glichkeit der Kostensenkung darstellt, w\u00e4hrend die Leistung Ihres Netzes gesch\u00fctzt oder verbessert wird.  <\/p>\n\n\n\n<p class=\"gb-headline gb-headline-88f7d01a gb-headline-text\">Das System kannzurBereitstellung von &#8222;Online-Dashboards\u201c und geeignetenBerichten individuellangepasstwerden, wobeiunteranderemdie Lagerverf\u00fcgbarkeit, die Auftragsabwicklung, kundenspezifischeBedarfsprognosen und Lagerbest\u00e4nde nachArtikelnummern in einerzentralenAnsicht angezeigtwerdenk\u00f6nnen.<\/p>\n\n\n\n<p class=\"gb-headline gb-headline-20fa9b88 gb-headline-text\">Wenn wir Produkte f\u00fcr Ihr Warenlager liefern, werden im Portal Informationen zum Fortschritt bei der Abwicklung offener Auftr\u00e4ge bis zur Rechnungsstellung bereitgestellt. Sie sehen, welche Produkte bereits unterwegs sind und welche gerade gefertigt werden. Dashboards zeigen m\u00f6gliche Engp\u00e4sse bei Lagerbest\u00e4nden an, und Sie k\u00f6nnen gezielt Informationen abrufen, die Ihnen dabei helfen, diese Engp\u00e4sse in den Griff zu bekommen und Verz\u00f6gerungen zu verhindern, bevor sie auftreten. Wenn wir Waren im Rahmen einer vertraglichen Vereinbarung aus unserem eigenen Warenlager liefern, erhalten Sie \u00fcber das Online-Portal weiterhin einen genauen \u00dcberblick \u00fcber Ihre Lagerbest\u00e4nde.   <\/p>\n\n\n\n<h2 class=\"gb-headline gb-headline-aaf9d944 gb-headline-text gb-headline-h2-in-content\">Bew\u00e4hrter Ansatz<\/h2>\n\n\n\n<p class=\"gb-headline gb-headline-d84bc6ae gb-headline-text\">Der erfolgreiche Betrieb eines Lieferkettenservices auf globaler Ebene erfordert ein hervorragendes Zeitmanagement, eine effiziente Kommunikation und eine hohe Termintreue. Technetix stellt bereits seit 15 Jahren ein Lieferkettenmanagement f\u00fcr Kabelunternehmen auf der ganzen Welt bereit. Unser Lieferketten- und Logistikservice bietet Ihnen den Komfort und die Effizienz, die mit der Zusammenarbeit mit einem einzigen Lieferanten verbunden sind, sowie die erforderliche Flexibilit\u00e4t zur Erf\u00fcllung Ihrer individuellen Anforderungen. <\/p>\n\n\n\n<p class=\"gb-headline gb-headline-5211d4c7 gb-headline-text\">Wenn Sie Technetix mit Ihrem Bestandsmanagement beauftragen, reduzieren Sie Ihre Kosten im Zusammenhang mit der Auftragsabwicklung, der Bedarfsplanung, der Prognose und der Beschaffung. Wir erf\u00fcllen Ihre Produktanforderungen basierend auf abgestimmten Schwellenwerten, Mindestlagerbest\u00e4nden und Trendprognosen, die wir fortlaufend beobachten. Mithilfe unserer Dienstleistung k\u00f6nnen Sie den Produktbestand in Ihren eigenen Warenlagern reduzieren, Ihren Cash-Flow verbessern und weitere Ressourcen f\u00fcr die Verwendung in den Kernbereichen Ihres Unternehmens freisetzen. <\/p>\n\n\n\n<p class=\"gb-headline gb-headline-7ee5264d gb-headline-text\">Alleine in den USA verwaltet Technetix seit 2008 zahlreiche Produktbest\u00e4nde und liefert Waren an Standorte in den meisten Bundesstaaten von der West- bis zur Ostk\u00fcste. Um die Leistungen des Bestandsmanagements \u00fcberall in den USA erbringen zu k\u00f6nnen, sind unsere Einkaufs- und Kundenserviceteams so positioniert, dass verschiedene Zeitzonen abgedeckt werden. <\/p>\n\n\n\n<h2 class=\"gb-headline gb-headline-14fa9ab6 gb-headline-text gb-headline-h2-in-content\">Gutes Kosten-Nutzen-Verh\u00e4ltnis<\/h2>\n\n\n\n<p class=\"gb-headline gb-headline-82a608bb gb-headline-text\">Technetix hat eine transparente Preisstruktur. Wenn Sie eine langfristige Liefervereinbarung mit uns abschlie\u00dfen, erhalten Sie unsere Produkte versandkostenfrei. F\u00fcr die Produkte von Drittanbietern werden die Kosten zuz\u00fcglich einer festen prozentualen Marge in Rechnung gestellt. Die Verwaltung der Lieferkette durch Technetix erlaubt den Blick auf das Wesentliche, sowie die Reduzierung von Kosten \u2013 Sie k\u00f6nnen den Fokus ganz auf die Anforderungen Ihrer Kunden legen.  <\/p>\n\n\n\n<p class=\"gb-headline gb-headline-53c193a1 gb-headline-text\">Wenn Sie an unserem Supply-Chain-Service interessiert sind, wenden Sie sich bitte an den <a href=\"https:\/\/emea.technetix.com\/de\/kontakt\/\">Vertriebskontakt<\/a> Ihrer Region.<\/p>\n\n<\/div>\n\n<div class=\"gb-container gb-container-ac5c20f9 gb-container-con-buttons-bottom\">\n\n<h2 class=\"gb-headline gb-headline-7ce6fa4b gb-headline-text gb-headline-head-bottom-buttons\">N\u00fctzliche Links<\/h2>\n\n\n<div class=\"gb-button-wrapper gb-button-wrapper-5300c273 gb-button-wrapper-after-con-buttons\">\n\n<a class=\"gb-button gb-button-74bfad52 gb-button-text gb-button-bottom-button\" href=\"https:\/\/emea.technetix.com\/de\/kontakt\/\">Kontakt<\/a>\n\n\n\n<a class=\"gb-button gb-button-4ceed201 gb-button-text gb-button-bottom-button\" href=\"https:\/\/emea.technetix.com\/de\/support-services\/\">Support-Services<\/a>\n\n<\/div>\n<\/div>","protected":false},"excerpt":{"rendered":"<p>Lieferkette und Logistik Wir bieten Spitzenprodukte und einen kompletten Lieferkettenservice, sodass Sie sich voll auf Ihr Kerngesch\u00e4ft konzentrieren k\u00f6nnen. Technetix steht im Bereich Breitbandtechnologie im Zentrum der Innovationen. Durch seine globale Reichweite verf\u00fcgt das Unternehmen \u00fcber Logistikzentren an wichtigen Standorten \u00fcberall auf der Welt. Mit Niederlassungen in 20 L\u00e4ndern, unter anderem in den USA, den &#8230; <a title=\"Lieferkette und Logistik\" class=\"read-more\" href=\"https:\/\/emea.technetix.com\/de\/lieferkette-und-logistik\/\" aria-label=\"Mehr Informationen \u00fcber Lieferkette und Logistik\">Read more<\/a><\/p>\n","protected":false},"author":1,"featured_media":935,"parent":0,"menu_order":0,"comment_status":"closed","ping_status":"closed","template":"","meta":{"_acf_changed":false,"_gspb_post_css":"","footnotes":""},"class_list":["post-6270","page","type-page","status-publish","has-post-thumbnail"],"yoast_head":"<!-- This site is optimized with the Yoast SEO Premium plugin v22.5 (Yoast SEO v27.4) - https:\/\/yoast.com\/product\/yoast-seo-premium-wordpress\/ -->\n<title>Lieferkette und Logistik - Technetix EMEA<\/title>\n<meta name=\"robots\" content=\"index, follow, max-snippet:-1, max-image-preview:large, max-video-preview:-1\" \/>\n<link rel=\"canonical\" href=\"https:\/\/emea.technetix.com\/de\/lieferkette-und-logistik\/\" \/>\n<meta property=\"og:locale\" content=\"de_DE\" \/>\n<meta property=\"og:type\" content=\"article\" \/>\n<meta property=\"og:title\" content=\"Lieferkette und Logistik - Technetix EMEA\" \/>\n<meta property=\"og:description\" content=\"Lieferkette und Logistik Wir bieten Spitzenprodukte und einen kompletten Lieferkettenservice, sodass Sie sich voll auf Ihr Kerngesch\u00e4ft konzentrieren k\u00f6nnen. Technetix steht im Bereich Breitbandtechnologie im Zentrum der Innovationen. Durch seine globale Reichweite verf\u00fcgt das Unternehmen \u00fcber Logistikzentren an wichtigen Standorten \u00fcberall auf der Welt. Mit Niederlassungen in 20 L\u00e4ndern, unter anderem in den USA, den ... Read more\" \/>\n<meta property=\"og:url\" content=\"https:\/\/emea.technetix.com\/de\/lieferkette-und-logistik\/\" \/>\n<meta property=\"og:site_name\" content=\"Technetix EMEA\" \/>\n<meta property=\"article:modified_time\" content=\"2024-08-15T09:14:58+00:00\" \/>\n<meta property=\"og:image\" content=\"https:\/\/emea.technetix.com\/wp-content\/uploads\/sites\/2\/2023\/01\/SERVICES_LARGE_LOGISTICS_FINAL.jpg\" \/>\n\t<meta property=\"og:image:width\" content=\"1920\" \/>\n\t<meta property=\"og:image:height\" content=\"450\" \/>\n\t<meta property=\"og:image:type\" content=\"image\/jpeg\" \/>\n<meta name=\"twitter:card\" content=\"summary_large_image\" \/>\n<meta name=\"twitter:site\" content=\"@technetixgroup\" \/>\n<meta name=\"twitter:label1\" content=\"Gesch\u00e4tzte Lesezeit\" \/>\n\t<meta name=\"twitter:data1\" content=\"4\u00a0Minuten\" \/>\n<script type=\"application\/ld+json\" class=\"yoast-schema-graph\">{\"@context\":\"https:\\\/\\\/schema.org\",\"@graph\":[{\"@type\":\"WebPage\",\"@id\":\"https:\\\/\\\/emea.technetix.com\\\/de\\\/lieferkette-und-logistik\\\/\",\"url\":\"https:\\\/\\\/emea.technetix.com\\\/de\\\/lieferkette-und-logistik\\\/\",\"name\":\"Lieferkette und Logistik - Technetix EMEA\",\"isPartOf\":{\"@id\":\"https:\\\/\\\/emea.technetix.com\\\/de\\\/#website\"},\"primaryImageOfPage\":{\"@id\":\"https:\\\/\\\/emea.technetix.com\\\/de\\\/lieferkette-und-logistik\\\/#primaryimage\"},\"image\":{\"@id\":\"https:\\\/\\\/emea.technetix.com\\\/de\\\/lieferkette-und-logistik\\\/#primaryimage\"},\"thumbnailUrl\":\"https:\\\/\\\/emea.technetix.com\\\/wp-content\\\/uploads\\\/sites\\\/2\\\/2023\\\/01\\\/SERVICES_LARGE_LOGISTICS_FINAL.jpg\",\"datePublished\":\"2023-01-20T17:31:43+00:00\",\"dateModified\":\"2024-08-15T09:14:58+00:00\",\"breadcrumb\":{\"@id\":\"https:\\\/\\\/emea.technetix.com\\\/de\\\/lieferkette-und-logistik\\\/#breadcrumb\"},\"inLanguage\":\"de\",\"potentialAction\":[{\"@type\":\"ReadAction\",\"target\":[\"https:\\\/\\\/emea.technetix.com\\\/de\\\/lieferkette-und-logistik\\\/\"]}]},{\"@type\":\"ImageObject\",\"inLanguage\":\"de\",\"@id\":\"https:\\\/\\\/emea.technetix.com\\\/de\\\/lieferkette-und-logistik\\\/#primaryimage\",\"url\":\"https:\\\/\\\/emea.technetix.com\\\/wp-content\\\/uploads\\\/sites\\\/2\\\/2023\\\/01\\\/SERVICES_LARGE_LOGISTICS_FINAL.jpg\",\"contentUrl\":\"https:\\\/\\\/emea.technetix.com\\\/wp-content\\\/uploads\\\/sites\\\/2\\\/2023\\\/01\\\/SERVICES_LARGE_LOGISTICS_FINAL.jpg\",\"width\":1920,\"height\":450},{\"@type\":\"BreadcrumbList\",\"@id\":\"https:\\\/\\\/emea.technetix.com\\\/de\\\/lieferkette-und-logistik\\\/#breadcrumb\",\"itemListElement\":[{\"@type\":\"ListItem\",\"position\":1,\"name\":\"Home\",\"item\":\"https:\\\/\\\/emea.technetix.com\\\/de\\\/\"},{\"@type\":\"ListItem\",\"position\":2,\"name\":\"Lieferkette und Logistik\"}]},{\"@type\":\"WebSite\",\"@id\":\"https:\\\/\\\/emea.technetix.com\\\/de\\\/#website\",\"url\":\"https:\\\/\\\/emea.technetix.com\\\/de\\\/\",\"name\":\"Technetix\",\"description\":\"Next-generation broadband equipment engineering\",\"publisher\":{\"@id\":\"https:\\\/\\\/emea.technetix.com\\\/de\\\/#organization\"},\"potentialAction\":[{\"@type\":\"SearchAction\",\"target\":{\"@type\":\"EntryPoint\",\"urlTemplate\":\"https:\\\/\\\/emea.technetix.com\\\/de\\\/?s={search_term_string}\"},\"query-input\":{\"@type\":\"PropertyValueSpecification\",\"valueRequired\":true,\"valueName\":\"search_term_string\"}}],\"inLanguage\":\"de\"},{\"@type\":\"Organization\",\"@id\":\"https:\\\/\\\/emea.technetix.com\\\/de\\\/#organization\",\"name\":\"Technetix\",\"url\":\"https:\\\/\\\/emea.technetix.com\\\/de\\\/\",\"logo\":{\"@type\":\"ImageObject\",\"inLanguage\":\"de\",\"@id\":\"https:\\\/\\\/emea.technetix.com\\\/de\\\/#\\\/schema\\\/logo\\\/image\\\/\",\"url\":\"https:\\\/\\\/emea.technetix.com\\\/wp-content\\\/uploads\\\/sites\\\/2\\\/2023\\\/06\\\/logo-Technetix-1000x1000-1.png\",\"contentUrl\":\"https:\\\/\\\/emea.technetix.com\\\/wp-content\\\/uploads\\\/sites\\\/2\\\/2023\\\/06\\\/logo-Technetix-1000x1000-1.png\",\"width\":1000,\"height\":1000,\"caption\":\"Technetix\"},\"image\":{\"@id\":\"https:\\\/\\\/emea.technetix.com\\\/de\\\/#\\\/schema\\\/logo\\\/image\\\/\"},\"sameAs\":[\"https:\\\/\\\/x.com\\\/technetixgroup\",\"https:\\\/\\\/www.linkedin.com\\\/company\\\/technetix\\\/\",\"https:\\\/\\\/www.youtube.com\\\/c\\\/Technetix-group\"]}]}<\/script>\n<!-- \/ Yoast SEO Premium plugin. -->","yoast_head_json":{"title":"Lieferkette und Logistik - Technetix EMEA","robots":{"index":"index","follow":"follow","max-snippet":"max-snippet:-1","max-image-preview":"max-image-preview:large","max-video-preview":"max-video-preview:-1"},"canonical":"https:\/\/emea.technetix.com\/de\/lieferkette-und-logistik\/","og_locale":"de_DE","og_type":"article","og_title":"Lieferkette und Logistik - Technetix EMEA","og_description":"Lieferkette und Logistik Wir bieten Spitzenprodukte und einen kompletten Lieferkettenservice, sodass Sie sich voll auf Ihr Kerngesch\u00e4ft konzentrieren k\u00f6nnen. Technetix steht im Bereich Breitbandtechnologie im Zentrum der Innovationen. Durch seine globale Reichweite verf\u00fcgt das Unternehmen \u00fcber Logistikzentren an wichtigen Standorten \u00fcberall auf der Welt. Mit Niederlassungen in 20 L\u00e4ndern, unter anderem in den USA, den ... Read more","og_url":"https:\/\/emea.technetix.com\/de\/lieferkette-und-logistik\/","og_site_name":"Technetix EMEA","article_modified_time":"2024-08-15T09:14:58+00:00","og_image":[{"width":1920,"height":450,"url":"https:\/\/emea.technetix.com\/wp-content\/uploads\/sites\/2\/2023\/01\/SERVICES_LARGE_LOGISTICS_FINAL.jpg","type":"image\/jpeg"}],"twitter_card":"summary_large_image","twitter_site":"@technetixgroup","twitter_misc":{"Gesch\u00e4tzte Lesezeit":"4\u00a0Minuten"},"schema":{"@context":"https:\/\/schema.org","@graph":[{"@type":"WebPage","@id":"https:\/\/emea.technetix.com\/de\/lieferkette-und-logistik\/","url":"https:\/\/emea.technetix.com\/de\/lieferkette-und-logistik\/","name":"Lieferkette und Logistik - Technetix EMEA","isPartOf":{"@id":"https:\/\/emea.technetix.com\/de\/#website"},"primaryImageOfPage":{"@id":"https:\/\/emea.technetix.com\/de\/lieferkette-und-logistik\/#primaryimage"},"image":{"@id":"https:\/\/emea.technetix.com\/de\/lieferkette-und-logistik\/#primaryimage"},"thumbnailUrl":"https:\/\/emea.technetix.com\/wp-content\/uploads\/sites\/2\/2023\/01\/SERVICES_LARGE_LOGISTICS_FINAL.jpg","datePublished":"2023-01-20T17:31:43+00:00","dateModified":"2024-08-15T09:14:58+00:00","breadcrumb":{"@id":"https:\/\/emea.technetix.com\/de\/lieferkette-und-logistik\/#breadcrumb"},"inLanguage":"de","potentialAction":[{"@type":"ReadAction","target":["https:\/\/emea.technetix.com\/de\/lieferkette-und-logistik\/"]}]},{"@type":"ImageObject","inLanguage":"de","@id":"https:\/\/emea.technetix.com\/de\/lieferkette-und-logistik\/#primaryimage","url":"https:\/\/emea.technetix.com\/wp-content\/uploads\/sites\/2\/2023\/01\/SERVICES_LARGE_LOGISTICS_FINAL.jpg","contentUrl":"https:\/\/emea.technetix.com\/wp-content\/uploads\/sites\/2\/2023\/01\/SERVICES_LARGE_LOGISTICS_FINAL.jpg","width":1920,"height":450},{"@type":"BreadcrumbList","@id":"https:\/\/emea.technetix.com\/de\/lieferkette-und-logistik\/#breadcrumb","itemListElement":[{"@type":"ListItem","position":1,"name":"Home","item":"https:\/\/emea.technetix.com\/de\/"},{"@type":"ListItem","position":2,"name":"Lieferkette und Logistik"}]},{"@type":"WebSite","@id":"https:\/\/emea.technetix.com\/de\/#website","url":"https:\/\/emea.technetix.com\/de\/","name":"Technetix","description":"Next-generation broadband equipment engineering","publisher":{"@id":"https:\/\/emea.technetix.com\/de\/#organization"},"potentialAction":[{"@type":"SearchAction","target":{"@type":"EntryPoint","urlTemplate":"https:\/\/emea.technetix.com\/de\/?s={search_term_string}"},"query-input":{"@type":"PropertyValueSpecification","valueRequired":true,"valueName":"search_term_string"}}],"inLanguage":"de"},{"@type":"Organization","@id":"https:\/\/emea.technetix.com\/de\/#organization","name":"Technetix","url":"https:\/\/emea.technetix.com\/de\/","logo":{"@type":"ImageObject","inLanguage":"de","@id":"https:\/\/emea.technetix.com\/de\/#\/schema\/logo\/image\/","url":"https:\/\/emea.technetix.com\/wp-content\/uploads\/sites\/2\/2023\/06\/logo-Technetix-1000x1000-1.png","contentUrl":"https:\/\/emea.technetix.com\/wp-content\/uploads\/sites\/2\/2023\/06\/logo-Technetix-1000x1000-1.png","width":1000,"height":1000,"caption":"Technetix"},"image":{"@id":"https:\/\/emea.technetix.com\/de\/#\/schema\/logo\/image\/"},"sameAs":["https:\/\/x.com\/technetixgroup","https:\/\/www.linkedin.com\/company\/technetix\/","https:\/\/www.youtube.com\/c\/Technetix-group"]}]}},"acf":[],"publishpress_future_workflow_manual_trigger":{"enabledWorkflows":[]},"_links":{"self":[{"href":"https:\/\/emea.technetix.com\/de\/wp-json\/wp\/v2\/pages\/6270","targetHints":{"allow":["GET"]}}],"collection":[{"href":"https:\/\/emea.technetix.com\/de\/wp-json\/wp\/v2\/pages"}],"about":[{"href":"https:\/\/emea.technetix.com\/de\/wp-json\/wp\/v2\/types\/page"}],"author":[{"embeddable":true,"href":"https:\/\/emea.technetix.com\/de\/wp-json\/wp\/v2\/users\/1"}],"replies":[{"embeddable":true,"href":"https:\/\/emea.technetix.com\/de\/wp-json\/wp\/v2\/comments?post=6270"}],"version-history":[{"count":0,"href":"https:\/\/emea.technetix.com\/de\/wp-json\/wp\/v2\/pages\/6270\/revisions"}],"wp:featuredmedia":[{"embeddable":true,"href":"https:\/\/emea.technetix.com\/de\/wp-json\/wp\/v2\/media\/935"}],"wp:attachment":[{"href":"https:\/\/emea.technetix.com\/de\/wp-json\/wp\/v2\/media?parent=6270"}],"curies":[{"name":"wp","href":"https:\/\/api.w.org\/{rel}","templated":true}]}}