{"id":6265,"date":"2023-01-20T17:28:51","date_gmt":"2023-01-20T17:28:51","guid":{"rendered":"https:\/\/emea.technetix.com\/reparaturen-aufrustungen-und-erweiterte-garantien\/"},"modified":"2025-11-17T10:22:33","modified_gmt":"2025-11-17T10:22:33","slug":"reparaturen-aufrustungen-und-erweiterte-garantien","status":"publish","type":"page","link":"https:\/\/emea.technetix.com\/de\/reparaturen-aufrustungen-und-erweiterte-garantien\/","title":{"rendered":"Reparaturen, Aufr\u00fcstungen und erweiterte Garantien"},"content":{"rendered":"<div class=\"gb-container gb-container-f86f3f4f gb-container-hero-banner\"><div class=\"gb-inside-container\">\n<h1 class=\"gb-headline gb-headline-e1547755 gb-headline-text gb-headline-hero-banner-title\">Reparaturen, Aufr\u00fcstungen und erweiterte Garantien<\/h1>\n<\/div><\/div>\n\n<div class=\"gb-container gb-container-6669737b gb-container-inner-back-page-con\">\n\n<h2 class=\"gb-headline gb-headline-d02c52e4 gb-headline-text\">Mit unseren Reparatur- und Upgrade-Services behalten Sie Ihre Investitionskosten unter Kontrolle und steigern die Leistung Ihres Netzwerks.<\/h2>\n\n\n\n<p class=\"gb-headline gb-headline-6656b5c3 gb-headline-text\">Technetix bietet umfassende Reparatur- und Upgrade-Services f\u00fcr viele eigene Produkte innerhalb und au\u00dferhalb der Garantie.<\/p>\n\n\n\n<h2 class=\"gb-headline gb-headline-6b17d0fd gb-headline-text gb-headline-h2-in-content\">Die Reparatur und das Upgrade Ihrer Komponenten hat mehrere Vorteile:<\/h2>\n\n\n\n<ul class=\"wp-block-list\">\n<li>Geringere Gesamtkosten (Total Cost of Ownership, TCO) durch eine verl\u00e4ngerte Nutzungsdauer der Netzwerkprodukte<\/li>\n\n\n\n<li>Reduzierter Kapitalaufwand durch Reparatur und Upgrade anstelle von Erneuerung<\/li>\n\n\n\n<li>Gesteigerte Nachhaltigkeit durch Wiederverwendung anstelle von Entsorgung<\/li>\n\n\n\n<li>Verbesserte Netzwerkleistung<\/li>\n<\/ul>\n\n\n\n<h2 class=\"gb-headline gb-headline-4b572e45 gb-headline-text gb-headline-h2-in-content\">Professionelles Reparaturzentrum<\/h2>\n\n\n\n<p class=\"gb-headline gb-headline-623f5b86 gb-headline-text\">Unser Reparatur- und Upgrade-Zentrum bietet mit seinem erfahrenem Ingenieursteam umfassende Leistungen f\u00fcr relevante Technetix-Ausr\u00fcstung einschlie\u00dflich:<\/p>\n\n\n\n<ul class=\"wp-block-list\">\n<li>Kurze Durchlaufzeiten<\/li>\n\n\n\n<li>Garantie auf Reparaturen<\/li>\n\n\n\n<li>Strukturierte Reparaturberichte<\/li>\n\n\n\n<li>Umfassende Mess- und Testbereiche<\/li>\n\n\n\n<li>Vormontage und Test zur Gew\u00e4hrleistung des reibungslosen Einsatzes Ihrer Ausr\u00fcstung.Dies ist insbesondere bei umfangreichen Projekten wichtig, bei denen jede Minute z\u00e4hlt<\/li>\n<\/ul>\n\n\n\n<h2 class=\"gb-headline gb-headline-e3742336 gb-headline-text gb-headline-h2-in-content\">Upgrades<\/h2>\n\n\n\n<p class=\"gb-headline gb-headline-c9b08205 gb-headline-text\">Unsere Upgrade-Dienstleistungen beinhalten Laser, Bandbreite, Verst\u00e4rkung, Diplex-Filter und mehr. Nutzen Sie diese auch f\u00fcr: <\/p>\n\n\n\n<ul class=\"wp-block-list\">\n<li>Test und Aufarbeitung \u00e4lterer Equipments, die sich bereits bei Ihnen befindet. So ist diese immer aktuell und einsatzbereit<\/li>\n\n\n\n<li>Erh\u00f6hung der \u00dcbertragungskapazit\u00e4t Ihres Equipments durch den Einsatz neuer Module mit gr\u00f6\u00dferer Bandbreite sowie Diplexern mit gr\u00f6\u00dferen Teilungsverh\u00e4ltnissen<\/li>\n\n\n\n<li>Nutzen Sie modernste Stromversorgungen und steigern Sie so die Leistungseffizienz Ihres Equipments<\/li>\n<\/ul>\n\n\n\n<h2 class=\"gb-headline gb-headline-548a85be gb-headline-text gb-headline-h2-in-content\">Verl\u00e4ngerte Garantien<\/h2>\n\n\n\n<p class=\"gb-headline gb-headline-399aa230 gb-headline-text\">Wir bieten verl\u00e4ngerte Garantien und erh\u00f6hen so die Nutzungsdauer Ihrer Technetix-Ausr\u00fcstung.<\/p>\n\n\n\n<p class=\"gb-headline gb-headline-2731d162 gb-headline-text\">Durch eine verl\u00e4ngerte Garantie wird der Upgrade-Prozess effizienter, da m\u00f6gliche Defekte w\u00e4hrend eines Updates automatisch behoben werden k\u00f6nnen.<\/p>\n\n\n\n<p class=\"gb-headline gb-headline-8748ad91 gb-headline-text\">Senden Sie eine E-Mail an <a href=\"mailto:orders-nl@technetix.com\" target=\"_blank\" rel=\"noreferrer noopener nofollow\">orders-nl@technetix.com<\/a> oder kontaktieren Sie Ihren Ansprechpartner vor Ort, um mehr \u00fcber Technetix zu erfahren.<\/p>\n\n<\/div>\n\n<div class=\"gb-container gb-container-bbe8dc07 gb-container-con-buttons-bottom\">\n\n<h2 class=\"gb-headline gb-headline-7ce6fa4b gb-headline-text gb-headline-head-bottom-buttons\">N\u00fctzliche Links<\/h2>\n\n\n<div class=\"gb-button-wrapper gb-button-wrapper-5300c273 gb-button-wrapper-after-con-buttons\">\n\n<a class=\"gb-button gb-button-74bfad52 gb-button-text gb-button-bottom-button\" href=\"https:\/\/customers.technetix.com\/s\/login\/?ec=302&amp;startURL=%2Fs%2F\">Login<\/a>\n\n\n\n<a class=\"gb-button gb-button-fb3defa5 gb-button-text gb-button-bottom-button\" href=\"https:\/\/emea.technetix.com\/de\/kontakt\/\">Kontakt<\/a>\n\n\n\n<a class=\"gb-button gb-button-ff3bad62 gb-button-text gb-button-bottom-button\" href=\"https:\/\/emea.technetix.com\/de\/netzwerk-consulting\/\">Netzwerk-Consulting<\/a>\n\n\n\n<a class=\"gb-button gb-button-3eadfa91 gb-button-text gb-button-bottom-button\" href=\"https:\/\/emea.technetix.com\/de\/support-services\/\">Support-Services<\/a>\n\n\n\n<a class=\"gb-button gb-button-4ceed201 gb-button-text gb-button-bottom-button\" href=\"https:\/\/emea.technetix.com\/wp-content\/uploads\/sites\/2\/2023\/09\/Technetix-RMA-Returns-Europe.pdf\" target=\"_blank\" rel=\"noopener noreferrer\">Returns Process &#8211; Europe<\/a>\n\n<\/div>\n<\/div>","protected":false},"excerpt":{"rendered":"<p>Reparaturen, Aufr\u00fcstungen und erweiterte Garantien Mit unseren Reparatur- und Upgrade-Services behalten Sie Ihre Investitionskosten unter Kontrolle und steigern die Leistung Ihres Netzwerks. Technetix bietet umfassende Reparatur- und Upgrade-Services f\u00fcr viele eigene Produkte innerhalb und au\u00dferhalb der Garantie. Die Reparatur und das Upgrade Ihrer Komponenten hat mehrere Vorteile: Professionelles Reparaturzentrum Unser Reparatur- und Upgrade-Zentrum bietet mit &#8230; <a title=\"Reparaturen, Aufr\u00fcstungen und erweiterte Garantien\" class=\"read-more\" href=\"https:\/\/emea.technetix.com\/de\/reparaturen-aufrustungen-und-erweiterte-garantien\/\" aria-label=\"Mehr Informationen \u00fcber Reparaturen, Aufr\u00fcstungen und erweiterte Garantien\">Read more<\/a><\/p>\n","protected":false},"author":1,"featured_media":932,"parent":0,"menu_order":0,"comment_status":"closed","ping_status":"closed","template":"","meta":{"_acf_changed":false,"_gspb_post_css":"","footnotes":""},"class_list":["post-6265","page","type-page","status-publish","has-post-thumbnail"],"yoast_head":"<!-- This site is optimized with the Yoast SEO Premium plugin v22.5 (Yoast SEO v27.4) - https:\/\/yoast.com\/product\/yoast-seo-premium-wordpress\/ -->\n<title>Reparaturen, Aufr\u00fcstungen und erweiterte Garantien - Technetix EMEA<\/title>\n<meta name=\"robots\" content=\"index, follow, max-snippet:-1, max-image-preview:large, max-video-preview:-1\" \/>\n<link rel=\"canonical\" href=\"https:\/\/emea.technetix.com\/de\/reparaturen-aufrustungen-und-erweiterte-garantien\/\" \/>\n<meta property=\"og:locale\" content=\"de_DE\" \/>\n<meta property=\"og:type\" content=\"article\" \/>\n<meta property=\"og:title\" content=\"Reparaturen, Aufr\u00fcstungen und erweiterte Garantien - Technetix EMEA\" \/>\n<meta property=\"og:description\" content=\"Reparaturen, Aufr\u00fcstungen und erweiterte Garantien Mit unseren Reparatur- und Upgrade-Services behalten Sie Ihre Investitionskosten unter Kontrolle und steigern die Leistung Ihres Netzwerks. Technetix bietet umfassende Reparatur- und Upgrade-Services f\u00fcr viele eigene Produkte innerhalb und au\u00dferhalb der Garantie. Die Reparatur und das Upgrade Ihrer Komponenten hat mehrere Vorteile: Professionelles Reparaturzentrum Unser Reparatur- und Upgrade-Zentrum bietet mit ... Read more\" \/>\n<meta property=\"og:url\" content=\"https:\/\/emea.technetix.com\/de\/reparaturen-aufrustungen-und-erweiterte-garantien\/\" \/>\n<meta property=\"og:site_name\" content=\"Technetix EMEA\" \/>\n<meta property=\"article:modified_time\" content=\"2025-11-17T10:22:33+00:00\" \/>\n<meta property=\"og:image\" content=\"https:\/\/emea.technetix.com\/wp-content\/uploads\/sites\/2\/2023\/01\/SERVICES_LARGE_REPAIRS_FINAL.jpg\" \/>\n\t<meta property=\"og:image:width\" content=\"1920\" \/>\n\t<meta property=\"og:image:height\" content=\"450\" \/>\n\t<meta property=\"og:image:type\" content=\"image\/jpeg\" \/>\n<meta name=\"twitter:card\" content=\"summary_large_image\" \/>\n<meta name=\"twitter:site\" content=\"@technetixgroup\" \/>\n<meta name=\"twitter:label1\" content=\"Gesch\u00e4tzte Lesezeit\" \/>\n\t<meta name=\"twitter:data1\" content=\"2\u00a0Minuten\" \/>\n<script type=\"application\/ld+json\" class=\"yoast-schema-graph\">{\"@context\":\"https:\\\/\\\/schema.org\",\"@graph\":[{\"@type\":\"WebPage\",\"@id\":\"https:\\\/\\\/emea.technetix.com\\\/de\\\/reparaturen-aufrustungen-und-erweiterte-garantien\\\/\",\"url\":\"https:\\\/\\\/emea.technetix.com\\\/de\\\/reparaturen-aufrustungen-und-erweiterte-garantien\\\/\",\"name\":\"Reparaturen, Aufr\u00fcstungen und erweiterte Garantien - Technetix EMEA\",\"isPartOf\":{\"@id\":\"https:\\\/\\\/emea.technetix.com\\\/de\\\/#website\"},\"primaryImageOfPage\":{\"@id\":\"https:\\\/\\\/emea.technetix.com\\\/de\\\/reparaturen-aufrustungen-und-erweiterte-garantien\\\/#primaryimage\"},\"image\":{\"@id\":\"https:\\\/\\\/emea.technetix.com\\\/de\\\/reparaturen-aufrustungen-und-erweiterte-garantien\\\/#primaryimage\"},\"thumbnailUrl\":\"https:\\\/\\\/emea.technetix.com\\\/wp-content\\\/uploads\\\/sites\\\/2\\\/2023\\\/01\\\/SERVICES_LARGE_REPAIRS_FINAL.jpg\",\"datePublished\":\"2023-01-20T17:28:51+00:00\",\"dateModified\":\"2025-11-17T10:22:33+00:00\",\"breadcrumb\":{\"@id\":\"https:\\\/\\\/emea.technetix.com\\\/de\\\/reparaturen-aufrustungen-und-erweiterte-garantien\\\/#breadcrumb\"},\"inLanguage\":\"de\",\"potentialAction\":[{\"@type\":\"ReadAction\",\"target\":[\"https:\\\/\\\/emea.technetix.com\\\/de\\\/reparaturen-aufrustungen-und-erweiterte-garantien\\\/\"]}]},{\"@type\":\"ImageObject\",\"inLanguage\":\"de\",\"@id\":\"https:\\\/\\\/emea.technetix.com\\\/de\\\/reparaturen-aufrustungen-und-erweiterte-garantien\\\/#primaryimage\",\"url\":\"https:\\\/\\\/emea.technetix.com\\\/wp-content\\\/uploads\\\/sites\\\/2\\\/2023\\\/01\\\/SERVICES_LARGE_REPAIRS_FINAL.jpg\",\"contentUrl\":\"https:\\\/\\\/emea.technetix.com\\\/wp-content\\\/uploads\\\/sites\\\/2\\\/2023\\\/01\\\/SERVICES_LARGE_REPAIRS_FINAL.jpg\",\"width\":1920,\"height\":450},{\"@type\":\"BreadcrumbList\",\"@id\":\"https:\\\/\\\/emea.technetix.com\\\/de\\\/reparaturen-aufrustungen-und-erweiterte-garantien\\\/#breadcrumb\",\"itemListElement\":[{\"@type\":\"ListItem\",\"position\":1,\"name\":\"Home\",\"item\":\"https:\\\/\\\/emea.technetix.com\\\/de\\\/\"},{\"@type\":\"ListItem\",\"position\":2,\"name\":\"Reparaturen, Aufr\u00fcstungen und erweiterte Garantien\"}]},{\"@type\":\"WebSite\",\"@id\":\"https:\\\/\\\/emea.technetix.com\\\/de\\\/#website\",\"url\":\"https:\\\/\\\/emea.technetix.com\\\/de\\\/\",\"name\":\"Technetix\",\"description\":\"Next-generation broadband equipment engineering\",\"publisher\":{\"@id\":\"https:\\\/\\\/emea.technetix.com\\\/de\\\/#organization\"},\"potentialAction\":[{\"@type\":\"SearchAction\",\"target\":{\"@type\":\"EntryPoint\",\"urlTemplate\":\"https:\\\/\\\/emea.technetix.com\\\/de\\\/?s={search_term_string}\"},\"query-input\":{\"@type\":\"PropertyValueSpecification\",\"valueRequired\":true,\"valueName\":\"search_term_string\"}}],\"inLanguage\":\"de\"},{\"@type\":\"Organization\",\"@id\":\"https:\\\/\\\/emea.technetix.com\\\/de\\\/#organization\",\"name\":\"Technetix\",\"url\":\"https:\\\/\\\/emea.technetix.com\\\/de\\\/\",\"logo\":{\"@type\":\"ImageObject\",\"inLanguage\":\"de\",\"@id\":\"https:\\\/\\\/emea.technetix.com\\\/de\\\/#\\\/schema\\\/logo\\\/image\\\/\",\"url\":\"https:\\\/\\\/emea.technetix.com\\\/wp-content\\\/uploads\\\/sites\\\/2\\\/2023\\\/06\\\/logo-Technetix-1000x1000-1.png\",\"contentUrl\":\"https:\\\/\\\/emea.technetix.com\\\/wp-content\\\/uploads\\\/sites\\\/2\\\/2023\\\/06\\\/logo-Technetix-1000x1000-1.png\",\"width\":1000,\"height\":1000,\"caption\":\"Technetix\"},\"image\":{\"@id\":\"https:\\\/\\\/emea.technetix.com\\\/de\\\/#\\\/schema\\\/logo\\\/image\\\/\"},\"sameAs\":[\"https:\\\/\\\/x.com\\\/technetixgroup\",\"https:\\\/\\\/www.linkedin.com\\\/company\\\/technetix\\\/\",\"https:\\\/\\\/www.youtube.com\\\/c\\\/Technetix-group\"]}]}<\/script>\n<!-- \/ Yoast SEO Premium plugin. -->","yoast_head_json":{"title":"Reparaturen, Aufr\u00fcstungen und erweiterte Garantien - Technetix EMEA","robots":{"index":"index","follow":"follow","max-snippet":"max-snippet:-1","max-image-preview":"max-image-preview:large","max-video-preview":"max-video-preview:-1"},"canonical":"https:\/\/emea.technetix.com\/de\/reparaturen-aufrustungen-und-erweiterte-garantien\/","og_locale":"de_DE","og_type":"article","og_title":"Reparaturen, Aufr\u00fcstungen und erweiterte Garantien - Technetix EMEA","og_description":"Reparaturen, Aufr\u00fcstungen und erweiterte Garantien Mit unseren Reparatur- und Upgrade-Services behalten Sie Ihre Investitionskosten unter Kontrolle und steigern die Leistung Ihres Netzwerks. Technetix bietet umfassende Reparatur- und Upgrade-Services f\u00fcr viele eigene Produkte innerhalb und au\u00dferhalb der Garantie. Die Reparatur und das Upgrade Ihrer Komponenten hat mehrere Vorteile: Professionelles Reparaturzentrum Unser Reparatur- und Upgrade-Zentrum bietet mit ... Read more","og_url":"https:\/\/emea.technetix.com\/de\/reparaturen-aufrustungen-und-erweiterte-garantien\/","og_site_name":"Technetix EMEA","article_modified_time":"2025-11-17T10:22:33+00:00","og_image":[{"width":1920,"height":450,"url":"https:\/\/emea.technetix.com\/wp-content\/uploads\/sites\/2\/2023\/01\/SERVICES_LARGE_REPAIRS_FINAL.jpg","type":"image\/jpeg"}],"twitter_card":"summary_large_image","twitter_site":"@technetixgroup","twitter_misc":{"Gesch\u00e4tzte Lesezeit":"2\u00a0Minuten"},"schema":{"@context":"https:\/\/schema.org","@graph":[{"@type":"WebPage","@id":"https:\/\/emea.technetix.com\/de\/reparaturen-aufrustungen-und-erweiterte-garantien\/","url":"https:\/\/emea.technetix.com\/de\/reparaturen-aufrustungen-und-erweiterte-garantien\/","name":"Reparaturen, Aufr\u00fcstungen und erweiterte Garantien - Technetix EMEA","isPartOf":{"@id":"https:\/\/emea.technetix.com\/de\/#website"},"primaryImageOfPage":{"@id":"https:\/\/emea.technetix.com\/de\/reparaturen-aufrustungen-und-erweiterte-garantien\/#primaryimage"},"image":{"@id":"https:\/\/emea.technetix.com\/de\/reparaturen-aufrustungen-und-erweiterte-garantien\/#primaryimage"},"thumbnailUrl":"https:\/\/emea.technetix.com\/wp-content\/uploads\/sites\/2\/2023\/01\/SERVICES_LARGE_REPAIRS_FINAL.jpg","datePublished":"2023-01-20T17:28:51+00:00","dateModified":"2025-11-17T10:22:33+00:00","breadcrumb":{"@id":"https:\/\/emea.technetix.com\/de\/reparaturen-aufrustungen-und-erweiterte-garantien\/#breadcrumb"},"inLanguage":"de","potentialAction":[{"@type":"ReadAction","target":["https:\/\/emea.technetix.com\/de\/reparaturen-aufrustungen-und-erweiterte-garantien\/"]}]},{"@type":"ImageObject","inLanguage":"de","@id":"https:\/\/emea.technetix.com\/de\/reparaturen-aufrustungen-und-erweiterte-garantien\/#primaryimage","url":"https:\/\/emea.technetix.com\/wp-content\/uploads\/sites\/2\/2023\/01\/SERVICES_LARGE_REPAIRS_FINAL.jpg","contentUrl":"https:\/\/emea.technetix.com\/wp-content\/uploads\/sites\/2\/2023\/01\/SERVICES_LARGE_REPAIRS_FINAL.jpg","width":1920,"height":450},{"@type":"BreadcrumbList","@id":"https:\/\/emea.technetix.com\/de\/reparaturen-aufrustungen-und-erweiterte-garantien\/#breadcrumb","itemListElement":[{"@type":"ListItem","position":1,"name":"Home","item":"https:\/\/emea.technetix.com\/de\/"},{"@type":"ListItem","position":2,"name":"Reparaturen, Aufr\u00fcstungen und erweiterte Garantien"}]},{"@type":"WebSite","@id":"https:\/\/emea.technetix.com\/de\/#website","url":"https:\/\/emea.technetix.com\/de\/","name":"Technetix","description":"Next-generation broadband equipment engineering","publisher":{"@id":"https:\/\/emea.technetix.com\/de\/#organization"},"potentialAction":[{"@type":"SearchAction","target":{"@type":"EntryPoint","urlTemplate":"https:\/\/emea.technetix.com\/de\/?s={search_term_string}"},"query-input":{"@type":"PropertyValueSpecification","valueRequired":true,"valueName":"search_term_string"}}],"inLanguage":"de"},{"@type":"Organization","@id":"https:\/\/emea.technetix.com\/de\/#organization","name":"Technetix","url":"https:\/\/emea.technetix.com\/de\/","logo":{"@type":"ImageObject","inLanguage":"de","@id":"https:\/\/emea.technetix.com\/de\/#\/schema\/logo\/image\/","url":"https:\/\/emea.technetix.com\/wp-content\/uploads\/sites\/2\/2023\/06\/logo-Technetix-1000x1000-1.png","contentUrl":"https:\/\/emea.technetix.com\/wp-content\/uploads\/sites\/2\/2023\/06\/logo-Technetix-1000x1000-1.png","width":1000,"height":1000,"caption":"Technetix"},"image":{"@id":"https:\/\/emea.technetix.com\/de\/#\/schema\/logo\/image\/"},"sameAs":["https:\/\/x.com\/technetixgroup","https:\/\/www.linkedin.com\/company\/technetix\/","https:\/\/www.youtube.com\/c\/Technetix-group"]}]}},"acf":[],"publishpress_future_workflow_manual_trigger":{"enabledWorkflows":[]},"_links":{"self":[{"href":"https:\/\/emea.technetix.com\/de\/wp-json\/wp\/v2\/pages\/6265","targetHints":{"allow":["GET"]}}],"collection":[{"href":"https:\/\/emea.technetix.com\/de\/wp-json\/wp\/v2\/pages"}],"about":[{"href":"https:\/\/emea.technetix.com\/de\/wp-json\/wp\/v2\/types\/page"}],"author":[{"embeddable":true,"href":"https:\/\/emea.technetix.com\/de\/wp-json\/wp\/v2\/users\/1"}],"replies":[{"embeddable":true,"href":"https:\/\/emea.technetix.com\/de\/wp-json\/wp\/v2\/comments?post=6265"}],"version-history":[{"count":1,"href":"https:\/\/emea.technetix.com\/de\/wp-json\/wp\/v2\/pages\/6265\/revisions"}],"predecessor-version":[{"id":1108778,"href":"https:\/\/emea.technetix.com\/de\/wp-json\/wp\/v2\/pages\/6265\/revisions\/1108778"}],"wp:featuredmedia":[{"embeddable":true,"href":"https:\/\/emea.technetix.com\/de\/wp-json\/wp\/v2\/media\/932"}],"wp:attachment":[{"href":"https:\/\/emea.technetix.com\/de\/wp-json\/wp\/v2\/media?parent=6265"}],"curies":[{"name":"wp","href":"https:\/\/api.w.org\/{rel}","templated":true}]}}