{"id":6253,"date":"2023-01-20T17:20:32","date_gmt":"2023-01-20T17:20:32","guid":{"rendered":"https:\/\/emea.technetix.com\/unsere-vision\/software-defined-netzwerke\/"},"modified":"2023-03-30T20:20:02","modified_gmt":"2023-03-30T20:20:02","slug":"software-defined-netzwerke","status":"publish","type":"page","link":"https:\/\/emea.technetix.com\/de\/unsere-vision\/software-defined-netzwerke\/","title":{"rendered":"Software-defined Netzwerke"},"content":{"rendered":"<div class=\"gb-container gb-container-f86f3f4f gb-container-hero-banner\"><div class=\"gb-inside-container\"><\/div><\/div>\n\n<div class=\"gb-container gb-container-2b362058 gb-container-inner-back-page-con\">\n<h1 class=\"gb-headline gb-headline-e1547755 gb-headline-text\">Software-defined Netzwerke<\/h1>\n\n\n<h2 class=\"gb-headline gb-headline-d02c52e4 gb-headline-text\">Netzwerke ohne Einschr\u00e4nkungen<\/h2>\n\n\n\n<p class=\"gb-headline gb-headline-6656b5c3 gb-headline-text\">In der Vergangenheit haben MSOs zur \u00c4nderung der Ger\u00e4teeinstellungen einen Techniker zum Standort der aktiven Elemente entsandt. Die Einf\u00fchrung von Software-defined Netzwerken hat f\u00fcr Netzwerke viele Vorteile: <\/p>\n\n\n\n<ul class=\"wp-block-list\">\n<li>Verbesserte Flexibilit\u00e4t<\/li>\n\n\n\n<li>Erh\u00f6hte Kapazit\u00e4t<\/li>\n\n\n\n<li>Verbesserter Kundenservice<\/li>\n\n\n\n<li>Geringere Betriebskosten<\/li>\n<\/ul>\n\n\n\n<figure class=\"gb-block-image gb-block-image-61e35e7d\"><img loading=\"lazy\" decoding=\"async\" width=\"1616\" height=\"477\" class=\"gb-image gb-image-61e35e7d\" src=\"https:\/\/emea.technetix.com\/wp-content\/uploads\/sites\/2\/2023\/01\/SDN_01_1.png\" alt=\"Netzwerke ohne Einschr\u00e4nkungen\" srcset=\"https:\/\/emea.technetix.com\/wp-content\/uploads\/sites\/2\/2023\/01\/SDN_01_1.png 1616w, https:\/\/emea.technetix.com\/wp-content\/uploads\/sites\/2\/2023\/01\/SDN_01_1-300x89.png 300w, https:\/\/emea.technetix.com\/wp-content\/uploads\/sites\/2\/2023\/01\/SDN_01_1-1024x302.png 1024w, https:\/\/emea.technetix.com\/wp-content\/uploads\/sites\/2\/2023\/01\/SDN_01_1-768x227.png 768w, https:\/\/emea.technetix.com\/wp-content\/uploads\/sites\/2\/2023\/01\/SDN_01_1-1536x453.png 1536w, https:\/\/emea.technetix.com\/wp-content\/uploads\/sites\/2\/2023\/01\/SDN_01_1-600x177.png 600w\" sizes=\"auto, (max-width: 1616px) 100vw, 1616px\" \/><\/figure>\n\n\n\n<h2 class=\"gb-headline gb-headline-6b17d0fd gb-headline-text gb-headline-h2-in-content\">Was ist ein Software-defined Netzwerk?<\/h2>\n\n\n\n<p class=\"gb-headline gb-headline-623f5b86 gb-headline-text\">Der Markt bewegt sich hin zu einer verteilten Access-Architektur (Distributed Access Architecture, DAA), bei der ein Teil der Intelligenz der CMTS weiter in Richtung Access verlagert wird. Der klassische optische Node wird durch ein Remote PHY-Ger\u00e4t (Remote PHY Device, RPD) oder ein Remote MAC-PHY-Ger\u00e4t (Remote Max-PHY Device, RMD) ersetzt. Die CPE ist ebenfalls ein intelligentes Element des Netzwerks.  <\/p>\n\n\n\n<p class=\"gb-headline gb-headline-f1b7d391 gb-headline-text\">Diese Elemente k\u00f6nnen zur Steuerung des Netzwerkdatenverkehrs kommunizieren. So wird der Upload-Datenverkehr w\u00e4hrend der klassischen Arbeitszeiten wichtiger, da im Homeoffice arbeitende Mitarbeiter Daten auf einen Server laden m\u00fcssen. W\u00e4hrend der Freizeit wird der Download wichtiger, da die User nun z.B. Filme zur Entspannung streamen. <\/p>\n\n\n\n<p class=\"gb-headline gb-headline-8b189d1d gb-headline-text\">Das RPD und das CPE k\u00f6nnen gewisse Zeiten zur Anpassung der Bedarfe im Up- und Downstream definieren. Aufgrund der Software-definierten Struktur des Netzwerks k\u00f6nnen die \u00c4nderungen remote durchgef\u00fchrt werden. Eine physische Anpassung der Diplexfilter ist nicht erforderlich \u2212 dies bedeutet den Wegfall der durch vor-Ort-Eins\u00e4tze verursachten Kosten. <\/p>\n\n\n\n<figure class=\"gb-block-image gb-block-image-f5380205\"><img loading=\"lazy\" decoding=\"async\" width=\"1920\" height=\"475\" class=\"gb-image gb-image-f5380205\" src=\"https:\/\/emea.technetix.com\/wp-content\/uploads\/sites\/2\/2023\/01\/SDN_02_1.png\" alt=\"Was ist ein Software-defined Netzwerk?\" srcset=\"https:\/\/emea.technetix.com\/wp-content\/uploads\/sites\/2\/2023\/01\/SDN_02_1.png 1920w, https:\/\/emea.technetix.com\/wp-content\/uploads\/sites\/2\/2023\/01\/SDN_02_1-300x74.png 300w, https:\/\/emea.technetix.com\/wp-content\/uploads\/sites\/2\/2023\/01\/SDN_02_1-1024x253.png 1024w, https:\/\/emea.technetix.com\/wp-content\/uploads\/sites\/2\/2023\/01\/SDN_02_1-768x190.png 768w, https:\/\/emea.technetix.com\/wp-content\/uploads\/sites\/2\/2023\/01\/SDN_02_1-1536x380.png 1536w, https:\/\/emea.technetix.com\/wp-content\/uploads\/sites\/2\/2023\/01\/SDN_02_1-600x148.png 600w\" sizes=\"auto, (max-width: 1920px) 100vw, 1920px\" \/><\/figure>\n\n<\/div>\n\n<div class=\"gb-container gb-container-88ee2aff gb-container-con-buttons-bottom\">\n\n<h2 class=\"gb-headline gb-headline-7ce6fa4b gb-headline-text gb-headline-head-bottom-buttons\">N\u00fctzliche Links<\/h2>\n\n\n<div class=\"gb-button-wrapper gb-button-wrapper-5300c273 gb-button-wrapper-after-con-buttons\">\n\n<a class=\"gb-button gb-button-74bfad52 gb-button-text gb-button-bottom-button\" href=\"https:\/\/emea.technetix.com\/de\/kontakt\/\">Kontakt<\/a>\n\n\n\n<a class=\"gb-button gb-button-e7a0fe73 gb-button-text gb-button-bottom-button\" href=\"https:\/\/emea.technetix.com\/de\/technetix-akademie\/\">Technetix Akademie<\/a>\n\n\n\n<a class=\"gb-button gb-button-ff3bad62 gb-button-text gb-button-bottom-button\" href=\"https:\/\/emea.technetix.com\/de\/netzwerk-consulting\/\">Netzwerk-Consulting<\/a>\n\n\n\n<a class=\"gb-button gb-button-5e4e6530 gb-button-text gb-button-bottom-button\" href=\"https:\/\/emea.technetix.com\/de\/hfc-netzwerke\/access-verstarker\/dnn\/dna-1800\/\">DNA-1800<\/a>\n\n\n\n<a class=\"gb-button gb-button-3eadfa91 gb-button-text gb-button-bottom-button\" href=\"https:\/\/emea.technetix.com\/de\/software-downloads\/\">Software-Downloads<\/a>\n\n<\/div>\n<\/div>","protected":false},"excerpt":{"rendered":"<p>Software-defined Netzwerke Netzwerke ohne Einschr\u00e4nkungen In der Vergangenheit haben MSOs zur \u00c4nderung der Ger\u00e4teeinstellungen einen Techniker zum Standort der aktiven Elemente entsandt. Die Einf\u00fchrung von Software-defined Netzwerken hat f\u00fcr Netzwerke viele Vorteile: Was ist ein Software-defined Netzwerk? Der Markt bewegt sich hin zu einer verteilten Access-Architektur (Distributed Access Architecture, DAA), bei der ein Teil der &#8230; <a title=\"Software-defined Netzwerke\" class=\"read-more\" href=\"https:\/\/emea.technetix.com\/de\/unsere-vision\/software-defined-netzwerke\/\" aria-label=\"Mehr Informationen \u00fcber Software-defined Netzwerke\">Read more<\/a><\/p>\n","protected":false},"author":1,"featured_media":884,"parent":6231,"menu_order":0,"comment_status":"closed","ping_status":"closed","template":"","meta":{"_acf_changed":false,"_gspb_post_css":"","footnotes":""},"class_list":["post-6253","page","type-page","status-publish","has-post-thumbnail"],"yoast_head":"<!-- This site is optimized with the Yoast SEO Premium plugin v22.5 (Yoast SEO v27.4) - https:\/\/yoast.com\/product\/yoast-seo-premium-wordpress\/ -->\n<title>Software-defined Netzwerke - Technetix EMEA<\/title>\n<meta name=\"robots\" content=\"index, follow, max-snippet:-1, max-image-preview:large, max-video-preview:-1\" \/>\n<link rel=\"canonical\" href=\"https:\/\/emea.technetix.com\/de\/unsere-vision\/software-defined-netzwerke\/\" \/>\n<meta property=\"og:locale\" content=\"de_DE\" \/>\n<meta property=\"og:type\" content=\"article\" \/>\n<meta property=\"og:title\" content=\"Software-defined Netzwerke - Technetix EMEA\" \/>\n<meta property=\"og:description\" content=\"Software-defined Netzwerke Netzwerke ohne Einschr\u00e4nkungen In der Vergangenheit haben MSOs zur \u00c4nderung der Ger\u00e4teeinstellungen einen Techniker zum Standort der aktiven Elemente entsandt. Die Einf\u00fchrung von Software-defined Netzwerken hat f\u00fcr Netzwerke viele Vorteile: Was ist ein Software-defined Netzwerk? Der Markt bewegt sich hin zu einer verteilten Access-Architektur (Distributed Access Architecture, DAA), bei der ein Teil der ... Read more\" \/>\n<meta property=\"og:url\" content=\"https:\/\/emea.technetix.com\/de\/unsere-vision\/software-defined-netzwerke\/\" \/>\n<meta property=\"og:site_name\" content=\"Technetix EMEA\" \/>\n<meta property=\"article:modified_time\" content=\"2023-03-30T20:20:02+00:00\" \/>\n<meta property=\"og:image\" content=\"https:\/\/emea.technetix.com\/wp-content\/uploads\/sites\/2\/2023\/01\/SOLUTIONS_LARGE_SDN_FINAL.jpg\" \/>\n\t<meta property=\"og:image:width\" content=\"1920\" \/>\n\t<meta property=\"og:image:height\" content=\"450\" \/>\n\t<meta property=\"og:image:type\" content=\"image\/jpeg\" \/>\n<meta name=\"twitter:card\" content=\"summary_large_image\" \/>\n<meta name=\"twitter:site\" content=\"@technetixgroup\" \/>\n<meta name=\"twitter:label1\" content=\"Gesch\u00e4tzte Lesezeit\" \/>\n\t<meta name=\"twitter:data1\" content=\"2\u00a0Minuten\" \/>\n<script type=\"application\/ld+json\" class=\"yoast-schema-graph\">{\"@context\":\"https:\\\/\\\/schema.org\",\"@graph\":[{\"@type\":\"WebPage\",\"@id\":\"https:\\\/\\\/emea.technetix.com\\\/de\\\/unsere-vision\\\/software-defined-netzwerke\\\/\",\"url\":\"https:\\\/\\\/emea.technetix.com\\\/de\\\/unsere-vision\\\/software-defined-netzwerke\\\/\",\"name\":\"Software-defined Netzwerke - Technetix EMEA\",\"isPartOf\":{\"@id\":\"https:\\\/\\\/emea.technetix.com\\\/de\\\/#website\"},\"primaryImageOfPage\":{\"@id\":\"https:\\\/\\\/emea.technetix.com\\\/de\\\/unsere-vision\\\/software-defined-netzwerke\\\/#primaryimage\"},\"image\":{\"@id\":\"https:\\\/\\\/emea.technetix.com\\\/de\\\/unsere-vision\\\/software-defined-netzwerke\\\/#primaryimage\"},\"thumbnailUrl\":\"https:\\\/\\\/emea.technetix.com\\\/wp-content\\\/uploads\\\/sites\\\/2\\\/2023\\\/01\\\/SOLUTIONS_LARGE_SDN_FINAL.jpg\",\"datePublished\":\"2023-01-20T17:20:32+00:00\",\"dateModified\":\"2023-03-30T20:20:02+00:00\",\"breadcrumb\":{\"@id\":\"https:\\\/\\\/emea.technetix.com\\\/de\\\/unsere-vision\\\/software-defined-netzwerke\\\/#breadcrumb\"},\"inLanguage\":\"de\",\"potentialAction\":[{\"@type\":\"ReadAction\",\"target\":[\"https:\\\/\\\/emea.technetix.com\\\/de\\\/unsere-vision\\\/software-defined-netzwerke\\\/\"]}]},{\"@type\":\"ImageObject\",\"inLanguage\":\"de\",\"@id\":\"https:\\\/\\\/emea.technetix.com\\\/de\\\/unsere-vision\\\/software-defined-netzwerke\\\/#primaryimage\",\"url\":\"https:\\\/\\\/emea.technetix.com\\\/wp-content\\\/uploads\\\/sites\\\/2\\\/2023\\\/01\\\/SOLUTIONS_LARGE_SDN_FINAL.jpg\",\"contentUrl\":\"https:\\\/\\\/emea.technetix.com\\\/wp-content\\\/uploads\\\/sites\\\/2\\\/2023\\\/01\\\/SOLUTIONS_LARGE_SDN_FINAL.jpg\",\"width\":1920,\"height\":450},{\"@type\":\"BreadcrumbList\",\"@id\":\"https:\\\/\\\/emea.technetix.com\\\/de\\\/unsere-vision\\\/software-defined-netzwerke\\\/#breadcrumb\",\"itemListElement\":[{\"@type\":\"ListItem\",\"position\":1,\"name\":\"Home\",\"item\":\"https:\\\/\\\/emea.technetix.com\\\/de\\\/\"},{\"@type\":\"ListItem\",\"position\":2,\"name\":\"Unsere Vision\",\"item\":\"https:\\\/\\\/emea.technetix.com\\\/de\\\/unsere-vision\\\/\"},{\"@type\":\"ListItem\",\"position\":3,\"name\":\"Software-defined Netzwerke\"}]},{\"@type\":\"WebSite\",\"@id\":\"https:\\\/\\\/emea.technetix.com\\\/de\\\/#website\",\"url\":\"https:\\\/\\\/emea.technetix.com\\\/de\\\/\",\"name\":\"Technetix\",\"description\":\"Next-generation broadband equipment engineering\",\"publisher\":{\"@id\":\"https:\\\/\\\/emea.technetix.com\\\/de\\\/#organization\"},\"potentialAction\":[{\"@type\":\"SearchAction\",\"target\":{\"@type\":\"EntryPoint\",\"urlTemplate\":\"https:\\\/\\\/emea.technetix.com\\\/de\\\/?s={search_term_string}\"},\"query-input\":{\"@type\":\"PropertyValueSpecification\",\"valueRequired\":true,\"valueName\":\"search_term_string\"}}],\"inLanguage\":\"de\"},{\"@type\":\"Organization\",\"@id\":\"https:\\\/\\\/emea.technetix.com\\\/de\\\/#organization\",\"name\":\"Technetix\",\"url\":\"https:\\\/\\\/emea.technetix.com\\\/de\\\/\",\"logo\":{\"@type\":\"ImageObject\",\"inLanguage\":\"de\",\"@id\":\"https:\\\/\\\/emea.technetix.com\\\/de\\\/#\\\/schema\\\/logo\\\/image\\\/\",\"url\":\"https:\\\/\\\/emea.technetix.com\\\/wp-content\\\/uploads\\\/sites\\\/2\\\/2023\\\/06\\\/logo-Technetix-1000x1000-1.png\",\"contentUrl\":\"https:\\\/\\\/emea.technetix.com\\\/wp-content\\\/uploads\\\/sites\\\/2\\\/2023\\\/06\\\/logo-Technetix-1000x1000-1.png\",\"width\":1000,\"height\":1000,\"caption\":\"Technetix\"},\"image\":{\"@id\":\"https:\\\/\\\/emea.technetix.com\\\/de\\\/#\\\/schema\\\/logo\\\/image\\\/\"},\"sameAs\":[\"https:\\\/\\\/x.com\\\/technetixgroup\",\"https:\\\/\\\/www.linkedin.com\\\/company\\\/technetix\\\/\",\"https:\\\/\\\/www.youtube.com\\\/c\\\/Technetix-group\"]}]}<\/script>\n<!-- \/ Yoast SEO Premium plugin. -->","yoast_head_json":{"title":"Software-defined Netzwerke - Technetix EMEA","robots":{"index":"index","follow":"follow","max-snippet":"max-snippet:-1","max-image-preview":"max-image-preview:large","max-video-preview":"max-video-preview:-1"},"canonical":"https:\/\/emea.technetix.com\/de\/unsere-vision\/software-defined-netzwerke\/","og_locale":"de_DE","og_type":"article","og_title":"Software-defined Netzwerke - Technetix EMEA","og_description":"Software-defined Netzwerke Netzwerke ohne Einschr\u00e4nkungen In der Vergangenheit haben MSOs zur \u00c4nderung der Ger\u00e4teeinstellungen einen Techniker zum Standort der aktiven Elemente entsandt. Die Einf\u00fchrung von Software-defined Netzwerken hat f\u00fcr Netzwerke viele Vorteile: Was ist ein Software-defined Netzwerk? Der Markt bewegt sich hin zu einer verteilten Access-Architektur (Distributed Access Architecture, DAA), bei der ein Teil der ... Read more","og_url":"https:\/\/emea.technetix.com\/de\/unsere-vision\/software-defined-netzwerke\/","og_site_name":"Technetix EMEA","article_modified_time":"2023-03-30T20:20:02+00:00","og_image":[{"width":1920,"height":450,"url":"https:\/\/emea.technetix.com\/wp-content\/uploads\/sites\/2\/2023\/01\/SOLUTIONS_LARGE_SDN_FINAL.jpg","type":"image\/jpeg"}],"twitter_card":"summary_large_image","twitter_site":"@technetixgroup","twitter_misc":{"Gesch\u00e4tzte Lesezeit":"2\u00a0Minuten"},"schema":{"@context":"https:\/\/schema.org","@graph":[{"@type":"WebPage","@id":"https:\/\/emea.technetix.com\/de\/unsere-vision\/software-defined-netzwerke\/","url":"https:\/\/emea.technetix.com\/de\/unsere-vision\/software-defined-netzwerke\/","name":"Software-defined Netzwerke - Technetix EMEA","isPartOf":{"@id":"https:\/\/emea.technetix.com\/de\/#website"},"primaryImageOfPage":{"@id":"https:\/\/emea.technetix.com\/de\/unsere-vision\/software-defined-netzwerke\/#primaryimage"},"image":{"@id":"https:\/\/emea.technetix.com\/de\/unsere-vision\/software-defined-netzwerke\/#primaryimage"},"thumbnailUrl":"https:\/\/emea.technetix.com\/wp-content\/uploads\/sites\/2\/2023\/01\/SOLUTIONS_LARGE_SDN_FINAL.jpg","datePublished":"2023-01-20T17:20:32+00:00","dateModified":"2023-03-30T20:20:02+00:00","breadcrumb":{"@id":"https:\/\/emea.technetix.com\/de\/unsere-vision\/software-defined-netzwerke\/#breadcrumb"},"inLanguage":"de","potentialAction":[{"@type":"ReadAction","target":["https:\/\/emea.technetix.com\/de\/unsere-vision\/software-defined-netzwerke\/"]}]},{"@type":"ImageObject","inLanguage":"de","@id":"https:\/\/emea.technetix.com\/de\/unsere-vision\/software-defined-netzwerke\/#primaryimage","url":"https:\/\/emea.technetix.com\/wp-content\/uploads\/sites\/2\/2023\/01\/SOLUTIONS_LARGE_SDN_FINAL.jpg","contentUrl":"https:\/\/emea.technetix.com\/wp-content\/uploads\/sites\/2\/2023\/01\/SOLUTIONS_LARGE_SDN_FINAL.jpg","width":1920,"height":450},{"@type":"BreadcrumbList","@id":"https:\/\/emea.technetix.com\/de\/unsere-vision\/software-defined-netzwerke\/#breadcrumb","itemListElement":[{"@type":"ListItem","position":1,"name":"Home","item":"https:\/\/emea.technetix.com\/de\/"},{"@type":"ListItem","position":2,"name":"Unsere Vision","item":"https:\/\/emea.technetix.com\/de\/unsere-vision\/"},{"@type":"ListItem","position":3,"name":"Software-defined Netzwerke"}]},{"@type":"WebSite","@id":"https:\/\/emea.technetix.com\/de\/#website","url":"https:\/\/emea.technetix.com\/de\/","name":"Technetix","description":"Next-generation broadband equipment engineering","publisher":{"@id":"https:\/\/emea.technetix.com\/de\/#organization"},"potentialAction":[{"@type":"SearchAction","target":{"@type":"EntryPoint","urlTemplate":"https:\/\/emea.technetix.com\/de\/?s={search_term_string}"},"query-input":{"@type":"PropertyValueSpecification","valueRequired":true,"valueName":"search_term_string"}}],"inLanguage":"de"},{"@type":"Organization","@id":"https:\/\/emea.technetix.com\/de\/#organization","name":"Technetix","url":"https:\/\/emea.technetix.com\/de\/","logo":{"@type":"ImageObject","inLanguage":"de","@id":"https:\/\/emea.technetix.com\/de\/#\/schema\/logo\/image\/","url":"https:\/\/emea.technetix.com\/wp-content\/uploads\/sites\/2\/2023\/06\/logo-Technetix-1000x1000-1.png","contentUrl":"https:\/\/emea.technetix.com\/wp-content\/uploads\/sites\/2\/2023\/06\/logo-Technetix-1000x1000-1.png","width":1000,"height":1000,"caption":"Technetix"},"image":{"@id":"https:\/\/emea.technetix.com\/de\/#\/schema\/logo\/image\/"},"sameAs":["https:\/\/x.com\/technetixgroup","https:\/\/www.linkedin.com\/company\/technetix\/","https:\/\/www.youtube.com\/c\/Technetix-group"]}]}},"acf":[],"publishpress_future_workflow_manual_trigger":{"enabledWorkflows":[]},"_links":{"self":[{"href":"https:\/\/emea.technetix.com\/de\/wp-json\/wp\/v2\/pages\/6253","targetHints":{"allow":["GET"]}}],"collection":[{"href":"https:\/\/emea.technetix.com\/de\/wp-json\/wp\/v2\/pages"}],"about":[{"href":"https:\/\/emea.technetix.com\/de\/wp-json\/wp\/v2\/types\/page"}],"author":[{"embeddable":true,"href":"https:\/\/emea.technetix.com\/de\/wp-json\/wp\/v2\/users\/1"}],"replies":[{"embeddable":true,"href":"https:\/\/emea.technetix.com\/de\/wp-json\/wp\/v2\/comments?post=6253"}],"version-history":[{"count":0,"href":"https:\/\/emea.technetix.com\/de\/wp-json\/wp\/v2\/pages\/6253\/revisions"}],"up":[{"embeddable":true,"href":"https:\/\/emea.technetix.com\/de\/wp-json\/wp\/v2\/pages\/6231"}],"wp:featuredmedia":[{"embeddable":true,"href":"https:\/\/emea.technetix.com\/de\/wp-json\/wp\/v2\/media\/884"}],"wp:attachment":[{"href":"https:\/\/emea.technetix.com\/de\/wp-json\/wp\/v2\/media?parent=6253"}],"curies":[{"name":"wp","href":"https:\/\/api.w.org\/{rel}","templated":true}]}}