{"id":6250,"date":"2023-01-20T17:19:54","date_gmt":"2023-01-20T17:19:54","guid":{"rendered":"https:\/\/emea.technetix.com\/unsere-vision\/flexi-split\/"},"modified":"2024-02-08T10:55:05","modified_gmt":"2024-02-08T10:55:05","slug":"flexi-split","status":"publish","type":"page","link":"https:\/\/emea.technetix.com\/de\/unsere-vision\/flexi-split\/","title":{"rendered":"Flexi-Split"},"content":{"rendered":"<div class=\"gb-container gb-container-f86f3f4f gb-container-hero-banner\"><div class=\"gb-inside-container\"><\/div><\/div>\n\n<div class=\"gb-container gb-container-bf2246da gb-container-inner-back-page-con\">\n<h1 class=\"gb-headline gb-headline-e1547755 gb-headline-text\">Flexi-Split<\/h1>\n\n\n<h2 class=\"gb-headline gb-headline-d02c52e4 gb-headline-text\">Bei Verwendung der Flexi-Split-L\u00f6sung von Technetix kann die Frequenzaufteilung zwischen Up- und Downstream ohne Ersatz oder \u00c4nderung der Flexi-Split-Verst\u00e4rker modifiziert werden. Grund daf\u00fcr ist der Verzicht von Diplexfiltern in dem Verst\u00e4rker &#8211; eine neue Paradigmenverschiebung! <\/h2>\n\n\n\n<ul class=\"wp-block-list\">\n<li>Eine neue Paradigmenverschiebung, Verzicht auf Diplexfilter<\/li>\n\n\n\n<li>Vollst\u00e4ndig flexible Frequenzaufteilung<\/li>\n\n\n\n<li>Mehr Bandbreite, kein \u00dcbergangsbereich<\/li>\n\n\n\n<li>Zukunftssicher; vorbereitet f\u00fcr ESD, FDx und DOCSIS 4.0<\/li>\n<\/ul>\n\n\n\n<p class=\"gb-headline gb-headline-6656b5c3 gb-headline-text\">Zur Vermeidung eines Oszillierens eines Verst\u00e4rkers m\u00fcssen die Up- und Downstream-Pfade des Verst\u00e4rkers voneinander getrennt werden, es bedarf einer guten Isolation. Bei einem klassischen Ansatz werden die Up- und Downstream-Pfade eines Verst\u00e4rkers durch Diplexfilter voneinander isoliert. <\/p>\n\n\n\n<p class=\"gb-headline gb-headline-025b8425 gb-headline-text\">In diesem neuen Verfahren stellt Flexi-Split einen neuen Baustein zur Isolation der Up- und Downstream-Pfade ohne Filter dar. In der Praxis kann der Verst\u00e4rker alle Up- und Downstream-Frequenzaufteilungen zwischen 54 MHz und 684 MHz ohne Anpassung oder Austausch des Verst\u00e4rkers verarbeiten. <\/p>\n\n\n\n<figure class=\"gb-block-image gb-block-image-61e35e7d\"><img loading=\"lazy\" decoding=\"async\" width=\"901\" height=\"279\" class=\"gb-image gb-image-61e35e7d\" src=\"https:\/\/emea.technetix.com\/wp-content\/uploads\/sites\/2\/2023\/01\/FLEXI_SPLIT_01.png\" alt=\"Eine neue Paradigmenverschiebung, Verzicht auf Diplexfilter\" srcset=\"https:\/\/emea.technetix.com\/wp-content\/uploads\/sites\/2\/2023\/01\/FLEXI_SPLIT_01.png 901w, https:\/\/emea.technetix.com\/wp-content\/uploads\/sites\/2\/2023\/01\/FLEXI_SPLIT_01-300x93.png 300w, https:\/\/emea.technetix.com\/wp-content\/uploads\/sites\/2\/2023\/01\/FLEXI_SPLIT_01-768x238.png 768w, https:\/\/emea.technetix.com\/wp-content\/uploads\/sites\/2\/2023\/01\/FLEXI_SPLIT_01-600x186.png 600w\" sizes=\"auto, (max-width: 901px) 100vw, 901px\" \/><\/figure>\n\n\n\n<figure class=\"gb-block-image gb-block-image-45462035\"><img loading=\"lazy\" decoding=\"async\" width=\"901\" height=\"391\" class=\"gb-image gb-image-45462035\" src=\"https:\/\/emea.technetix.com\/wp-content\/uploads\/sites\/2\/2023\/01\/FLEXI_SPLIT_02_B.png\" alt=\"Vollst\u00e4ndig flexible Frequenzaufteilung\" srcset=\"https:\/\/emea.technetix.com\/wp-content\/uploads\/sites\/2\/2023\/01\/FLEXI_SPLIT_02_B.png 901w, https:\/\/emea.technetix.com\/wp-content\/uploads\/sites\/2\/2023\/01\/FLEXI_SPLIT_02_B-300x130.png 300w, https:\/\/emea.technetix.com\/wp-content\/uploads\/sites\/2\/2023\/01\/FLEXI_SPLIT_02_B-768x333.png 768w, https:\/\/emea.technetix.com\/wp-content\/uploads\/sites\/2\/2023\/01\/FLEXI_SPLIT_02_B-600x260.png 600w\" sizes=\"auto, (max-width: 901px) 100vw, 901px\" \/><\/figure>\n\n\n\n<figure class=\"gb-block-image gb-block-image-68098c19\"><img loading=\"lazy\" decoding=\"async\" width=\"901\" height=\"391\" class=\"gb-image gb-image-68098c19\" src=\"https:\/\/emea.technetix.com\/wp-content\/uploads\/sites\/2\/2023\/01\/FLEXI_SPLIT_02_A.png\" alt=\"Der neue DNA-Verst\u00e4rker von Technetix ist der weltweit erste Verst\u00e4rker, der die Flexi-Split-Technologie nutzen kann. Der DNA ist ein 20 dB-Leistungsverst\u00e4rker mit Eignung f\u00fcr die Distrubted-Gain-Architektur (DGA). Der DNA ist ein zukunftssicherer 1800 MHz-Verst\u00e4rker und ist f\u00fcr ESD, FDx sowie DOCSIS 4.0 vorbereitet. Aufgrund der im DNA fehlenden Diplexfilter entstehen neue M\u00f6glichkeiten f\u00fcr das CATV-Netzwerk, z.B.:\" srcset=\"https:\/\/emea.technetix.com\/wp-content\/uploads\/sites\/2\/2023\/01\/FLEXI_SPLIT_02_A.png 901w, https:\/\/emea.technetix.com\/wp-content\/uploads\/sites\/2\/2023\/01\/FLEXI_SPLIT_02_A-300x130.png 300w, https:\/\/emea.technetix.com\/wp-content\/uploads\/sites\/2\/2023\/01\/FLEXI_SPLIT_02_A-768x333.png 768w, https:\/\/emea.technetix.com\/wp-content\/uploads\/sites\/2\/2023\/01\/FLEXI_SPLIT_02_A-600x260.png 600w\" sizes=\"auto, (max-width: 901px) 100vw, 901px\" \/><\/figure>\n\n\n\n<p class=\"gb-headline gb-headline-623f5b86 gb-headline-text\">Der neue DNA-Verst\u00e4rker von Technetix ist der weltweit erste Verst\u00e4rker, der die Flexi-Split-Technologie nutzen kann. Der DNA ist ein 20 dB-Leistungsverst\u00e4rker mit Eignung f\u00fcr die Distrubted-Gain-Architektur (DGA). Der DNA ist ein zukunftssicherer 1800 MHz-Verst\u00e4rker und ist f\u00fcr ESD, FDx sowie DOCSIS 4.0 vorbereitet.  <\/p>\n\n\n\n<p class=\"gb-headline gb-headline-fb6a3809 gb-headline-text\">Aufgrund der im DNA fehlenden Diplexfilter entstehen neue M\u00f6glichkeiten f\u00fcr das CATV-Netzwerk, z.B.:<\/p>\n\n\n\n<ul class=\"wp-block-list\">\n<li>Zukunftssicher und nachhaltig; sobald der neue Verst\u00e4rker im Netzwerk integriert ist, wird er nie wieder aktualisiert, angepasst oder ersetzt werden m\u00fcssen, wenn eine Frequenzaufteilung erforderlich ist.<\/li>\n\n\n\n<li>Die Aufteilung zwischen Up- und Downstream kann in Echtzeit angepasst werden \u2013 je nach aktuellem Bedarf.<\/li>\n\n\n\n<li>Es gibt keinen \u00dcbergangsbereich mehr \u2013 das Frequenzspektrum wird optimal genutzt.<\/li>\n<\/ul>\n\n\n\n<p class=\"gb-headline gb-headline-f301c979 gb-headline-text\">Bitte <a href=\"https:\/\/emea.technetix.com\/de\/kontakt\/\">kontaktieren<\/a> Sie uns, um alle M\u00f6glichkeiten der Flexi-Split-Technologie zu diskutieren.<\/p>\n\n<\/div>\n\n<div class=\"gb-container gb-container-7010ca5a gb-container-con-buttons-bottom\">\n\n<h2 class=\"gb-headline gb-headline-7ce6fa4b gb-headline-text gb-headline-head-bottom-buttons\">N\u00fctzliche Links<\/h2>\n\n\n<div class=\"gb-button-wrapper gb-button-wrapper-5300c273 gb-button-wrapper-after-con-buttons\">\n\n<a class=\"gb-button gb-button-5e4e6530 gb-button-text gb-button-bottom-button\" href=\"https:\/\/emea.technetix.com\/de\/hfc-netzwerke\/access-verstarker\/dnn\/dna-1800\/\">DNA-1800<\/a>\n\n\n\n<a class=\"gb-button gb-button-e7a0fe73 gb-button-text gb-button-bottom-button\" href=\"https:\/\/emea.technetix.com\/de\/technetix-akademie\/\">Technetix Akademie<\/a>\n\n\n\n<a class=\"gb-button gb-button-ff3bad62 gb-button-text gb-button-bottom-button\" href=\"https:\/\/emea.technetix.com\/de\/netzwerk-consulting\/\">Netzwerk-Consulting<\/a>\n\n\n\n<a class=\"gb-button gb-button-74bfad52 gb-button-text gb-button-bottom-button\" href=\"https:\/\/emea.technetix.com\/de\/kontakt\/\">Kontakt<\/a>\n\n<\/div>\n<\/div>","protected":false},"excerpt":{"rendered":"<p>Flexi-Split Bei Verwendung der Flexi-Split-L\u00f6sung von Technetix kann die Frequenzaufteilung zwischen Up- und Downstream ohne Ersatz oder \u00c4nderung der Flexi-Split-Verst\u00e4rker modifiziert werden. Grund daf\u00fcr ist der Verzicht von Diplexfiltern in dem Verst\u00e4rker &#8211; eine neue Paradigmenverschiebung! Zur Vermeidung eines Oszillierens eines Verst\u00e4rkers m\u00fcssen die Up- und Downstream-Pfade des Verst\u00e4rkers voneinander getrennt werden, es bedarf einer &#8230; <a title=\"Flexi-Split\" class=\"read-more\" href=\"https:\/\/emea.technetix.com\/de\/unsere-vision\/flexi-split\/\" aria-label=\"Mehr Informationen \u00fcber Flexi-Split\">Read more<\/a><\/p>\n","protected":false},"author":1,"featured_media":881,"parent":6231,"menu_order":0,"comment_status":"closed","ping_status":"closed","template":"","meta":{"_acf_changed":false,"_gspb_post_css":"","footnotes":""},"class_list":["post-6250","page","type-page","status-publish","has-post-thumbnail"],"yoast_head":"<!-- This site is optimized with the Yoast SEO Premium plugin v22.5 (Yoast SEO v27.3) - https:\/\/yoast.com\/product\/yoast-seo-premium-wordpress\/ -->\n<title>Flexi-Split - Technetix EMEA<\/title>\n<meta name=\"robots\" content=\"index, follow, max-snippet:-1, max-image-preview:large, max-video-preview:-1\" \/>\n<link rel=\"canonical\" href=\"https:\/\/emea.technetix.com\/de\/unsere-vision\/flexi-split\/\" \/>\n<meta property=\"og:locale\" content=\"de_DE\" \/>\n<meta property=\"og:type\" content=\"article\" \/>\n<meta property=\"og:title\" content=\"Flexi-Split - Technetix EMEA\" \/>\n<meta property=\"og:description\" content=\"Flexi-Split Bei Verwendung der Flexi-Split-L\u00f6sung von Technetix kann die Frequenzaufteilung zwischen Up- und Downstream ohne Ersatz oder \u00c4nderung der Flexi-Split-Verst\u00e4rker modifiziert werden. Grund daf\u00fcr ist der Verzicht von Diplexfiltern in dem Verst\u00e4rker &#8211; eine neue Paradigmenverschiebung! Zur Vermeidung eines Oszillierens eines Verst\u00e4rkers m\u00fcssen die Up- und Downstream-Pfade des Verst\u00e4rkers voneinander getrennt werden, es bedarf einer ... Read more\" \/>\n<meta property=\"og:url\" content=\"https:\/\/emea.technetix.com\/de\/unsere-vision\/flexi-split\/\" \/>\n<meta property=\"og:site_name\" content=\"Technetix EMEA\" \/>\n<meta property=\"article:modified_time\" content=\"2024-02-08T10:55:05+00:00\" \/>\n<meta property=\"og:image\" content=\"https:\/\/emea.technetix.com\/wp-content\/uploads\/sites\/2\/2023\/01\/SOLUTIONS_LARGE_FLEXI-SPLIT_FINAL.jpg\" \/>\n\t<meta property=\"og:image:width\" content=\"1920\" \/>\n\t<meta property=\"og:image:height\" content=\"450\" \/>\n\t<meta property=\"og:image:type\" content=\"image\/jpeg\" \/>\n<meta name=\"twitter:card\" content=\"summary_large_image\" \/>\n<meta name=\"twitter:site\" content=\"@technetixgroup\" \/>\n<meta name=\"twitter:label1\" content=\"Gesch\u00e4tzte Lesezeit\" \/>\n\t<meta name=\"twitter:data1\" content=\"2\u00a0Minuten\" \/>\n<script type=\"application\/ld+json\" class=\"yoast-schema-graph\">{\"@context\":\"https:\\\/\\\/schema.org\",\"@graph\":[{\"@type\":\"WebPage\",\"@id\":\"https:\\\/\\\/emea.technetix.com\\\/de\\\/unsere-vision\\\/flexi-split\\\/\",\"url\":\"https:\\\/\\\/emea.technetix.com\\\/de\\\/unsere-vision\\\/flexi-split\\\/\",\"name\":\"Flexi-Split - Technetix EMEA\",\"isPartOf\":{\"@id\":\"https:\\\/\\\/emea.technetix.com\\\/de\\\/#website\"},\"primaryImageOfPage\":{\"@id\":\"https:\\\/\\\/emea.technetix.com\\\/de\\\/unsere-vision\\\/flexi-split\\\/#primaryimage\"},\"image\":{\"@id\":\"https:\\\/\\\/emea.technetix.com\\\/de\\\/unsere-vision\\\/flexi-split\\\/#primaryimage\"},\"thumbnailUrl\":\"https:\\\/\\\/emea.technetix.com\\\/wp-content\\\/uploads\\\/sites\\\/2\\\/2023\\\/01\\\/SOLUTIONS_LARGE_FLEXI-SPLIT_FINAL.jpg\",\"datePublished\":\"2023-01-20T17:19:54+00:00\",\"dateModified\":\"2024-02-08T10:55:05+00:00\",\"breadcrumb\":{\"@id\":\"https:\\\/\\\/emea.technetix.com\\\/de\\\/unsere-vision\\\/flexi-split\\\/#breadcrumb\"},\"inLanguage\":\"de\",\"potentialAction\":[{\"@type\":\"ReadAction\",\"target\":[\"https:\\\/\\\/emea.technetix.com\\\/de\\\/unsere-vision\\\/flexi-split\\\/\"]}]},{\"@type\":\"ImageObject\",\"inLanguage\":\"de\",\"@id\":\"https:\\\/\\\/emea.technetix.com\\\/de\\\/unsere-vision\\\/flexi-split\\\/#primaryimage\",\"url\":\"https:\\\/\\\/emea.technetix.com\\\/wp-content\\\/uploads\\\/sites\\\/2\\\/2023\\\/01\\\/SOLUTIONS_LARGE_FLEXI-SPLIT_FINAL.jpg\",\"contentUrl\":\"https:\\\/\\\/emea.technetix.com\\\/wp-content\\\/uploads\\\/sites\\\/2\\\/2023\\\/01\\\/SOLUTIONS_LARGE_FLEXI-SPLIT_FINAL.jpg\",\"width\":1920,\"height\":450},{\"@type\":\"BreadcrumbList\",\"@id\":\"https:\\\/\\\/emea.technetix.com\\\/de\\\/unsere-vision\\\/flexi-split\\\/#breadcrumb\",\"itemListElement\":[{\"@type\":\"ListItem\",\"position\":1,\"name\":\"Home\",\"item\":\"https:\\\/\\\/emea.technetix.com\\\/de\\\/\"},{\"@type\":\"ListItem\",\"position\":2,\"name\":\"Unsere Vision\",\"item\":\"https:\\\/\\\/emea.technetix.com\\\/de\\\/unsere-vision\\\/\"},{\"@type\":\"ListItem\",\"position\":3,\"name\":\"Flexi-Split\"}]},{\"@type\":\"WebSite\",\"@id\":\"https:\\\/\\\/emea.technetix.com\\\/de\\\/#website\",\"url\":\"https:\\\/\\\/emea.technetix.com\\\/de\\\/\",\"name\":\"Technetix\",\"description\":\"Next-generation broadband equipment engineering\",\"publisher\":{\"@id\":\"https:\\\/\\\/emea.technetix.com\\\/de\\\/#organization\"},\"potentialAction\":[{\"@type\":\"SearchAction\",\"target\":{\"@type\":\"EntryPoint\",\"urlTemplate\":\"https:\\\/\\\/emea.technetix.com\\\/de\\\/?s={search_term_string}\"},\"query-input\":{\"@type\":\"PropertyValueSpecification\",\"valueRequired\":true,\"valueName\":\"search_term_string\"}}],\"inLanguage\":\"de\"},{\"@type\":\"Organization\",\"@id\":\"https:\\\/\\\/emea.technetix.com\\\/de\\\/#organization\",\"name\":\"Technetix\",\"url\":\"https:\\\/\\\/emea.technetix.com\\\/de\\\/\",\"logo\":{\"@type\":\"ImageObject\",\"inLanguage\":\"de\",\"@id\":\"https:\\\/\\\/emea.technetix.com\\\/de\\\/#\\\/schema\\\/logo\\\/image\\\/\",\"url\":\"https:\\\/\\\/emea.technetix.com\\\/wp-content\\\/uploads\\\/sites\\\/2\\\/2023\\\/06\\\/logo-Technetix-1000x1000-1.png\",\"contentUrl\":\"https:\\\/\\\/emea.technetix.com\\\/wp-content\\\/uploads\\\/sites\\\/2\\\/2023\\\/06\\\/logo-Technetix-1000x1000-1.png\",\"width\":1000,\"height\":1000,\"caption\":\"Technetix\"},\"image\":{\"@id\":\"https:\\\/\\\/emea.technetix.com\\\/de\\\/#\\\/schema\\\/logo\\\/image\\\/\"},\"sameAs\":[\"https:\\\/\\\/x.com\\\/technetixgroup\",\"https:\\\/\\\/www.linkedin.com\\\/company\\\/technetix\\\/\",\"https:\\\/\\\/www.youtube.com\\\/c\\\/Technetix-group\"]}]}<\/script>\n<!-- \/ Yoast SEO Premium plugin. -->","yoast_head_json":{"title":"Flexi-Split - Technetix EMEA","robots":{"index":"index","follow":"follow","max-snippet":"max-snippet:-1","max-image-preview":"max-image-preview:large","max-video-preview":"max-video-preview:-1"},"canonical":"https:\/\/emea.technetix.com\/de\/unsere-vision\/flexi-split\/","og_locale":"de_DE","og_type":"article","og_title":"Flexi-Split - Technetix EMEA","og_description":"Flexi-Split Bei Verwendung der Flexi-Split-L\u00f6sung von Technetix kann die Frequenzaufteilung zwischen Up- und Downstream ohne Ersatz oder \u00c4nderung der Flexi-Split-Verst\u00e4rker modifiziert werden. Grund daf\u00fcr ist der Verzicht von Diplexfiltern in dem Verst\u00e4rker &#8211; eine neue Paradigmenverschiebung! Zur Vermeidung eines Oszillierens eines Verst\u00e4rkers m\u00fcssen die Up- und Downstream-Pfade des Verst\u00e4rkers voneinander getrennt werden, es bedarf einer ... Read more","og_url":"https:\/\/emea.technetix.com\/de\/unsere-vision\/flexi-split\/","og_site_name":"Technetix EMEA","article_modified_time":"2024-02-08T10:55:05+00:00","og_image":[{"width":1920,"height":450,"url":"https:\/\/emea.technetix.com\/wp-content\/uploads\/sites\/2\/2023\/01\/SOLUTIONS_LARGE_FLEXI-SPLIT_FINAL.jpg","type":"image\/jpeg"}],"twitter_card":"summary_large_image","twitter_site":"@technetixgroup","twitter_misc":{"Gesch\u00e4tzte Lesezeit":"2\u00a0Minuten"},"schema":{"@context":"https:\/\/schema.org","@graph":[{"@type":"WebPage","@id":"https:\/\/emea.technetix.com\/de\/unsere-vision\/flexi-split\/","url":"https:\/\/emea.technetix.com\/de\/unsere-vision\/flexi-split\/","name":"Flexi-Split - Technetix EMEA","isPartOf":{"@id":"https:\/\/emea.technetix.com\/de\/#website"},"primaryImageOfPage":{"@id":"https:\/\/emea.technetix.com\/de\/unsere-vision\/flexi-split\/#primaryimage"},"image":{"@id":"https:\/\/emea.technetix.com\/de\/unsere-vision\/flexi-split\/#primaryimage"},"thumbnailUrl":"https:\/\/emea.technetix.com\/wp-content\/uploads\/sites\/2\/2023\/01\/SOLUTIONS_LARGE_FLEXI-SPLIT_FINAL.jpg","datePublished":"2023-01-20T17:19:54+00:00","dateModified":"2024-02-08T10:55:05+00:00","breadcrumb":{"@id":"https:\/\/emea.technetix.com\/de\/unsere-vision\/flexi-split\/#breadcrumb"},"inLanguage":"de","potentialAction":[{"@type":"ReadAction","target":["https:\/\/emea.technetix.com\/de\/unsere-vision\/flexi-split\/"]}]},{"@type":"ImageObject","inLanguage":"de","@id":"https:\/\/emea.technetix.com\/de\/unsere-vision\/flexi-split\/#primaryimage","url":"https:\/\/emea.technetix.com\/wp-content\/uploads\/sites\/2\/2023\/01\/SOLUTIONS_LARGE_FLEXI-SPLIT_FINAL.jpg","contentUrl":"https:\/\/emea.technetix.com\/wp-content\/uploads\/sites\/2\/2023\/01\/SOLUTIONS_LARGE_FLEXI-SPLIT_FINAL.jpg","width":1920,"height":450},{"@type":"BreadcrumbList","@id":"https:\/\/emea.technetix.com\/de\/unsere-vision\/flexi-split\/#breadcrumb","itemListElement":[{"@type":"ListItem","position":1,"name":"Home","item":"https:\/\/emea.technetix.com\/de\/"},{"@type":"ListItem","position":2,"name":"Unsere Vision","item":"https:\/\/emea.technetix.com\/de\/unsere-vision\/"},{"@type":"ListItem","position":3,"name":"Flexi-Split"}]},{"@type":"WebSite","@id":"https:\/\/emea.technetix.com\/de\/#website","url":"https:\/\/emea.technetix.com\/de\/","name":"Technetix","description":"Next-generation broadband equipment engineering","publisher":{"@id":"https:\/\/emea.technetix.com\/de\/#organization"},"potentialAction":[{"@type":"SearchAction","target":{"@type":"EntryPoint","urlTemplate":"https:\/\/emea.technetix.com\/de\/?s={search_term_string}"},"query-input":{"@type":"PropertyValueSpecification","valueRequired":true,"valueName":"search_term_string"}}],"inLanguage":"de"},{"@type":"Organization","@id":"https:\/\/emea.technetix.com\/de\/#organization","name":"Technetix","url":"https:\/\/emea.technetix.com\/de\/","logo":{"@type":"ImageObject","inLanguage":"de","@id":"https:\/\/emea.technetix.com\/de\/#\/schema\/logo\/image\/","url":"https:\/\/emea.technetix.com\/wp-content\/uploads\/sites\/2\/2023\/06\/logo-Technetix-1000x1000-1.png","contentUrl":"https:\/\/emea.technetix.com\/wp-content\/uploads\/sites\/2\/2023\/06\/logo-Technetix-1000x1000-1.png","width":1000,"height":1000,"caption":"Technetix"},"image":{"@id":"https:\/\/emea.technetix.com\/de\/#\/schema\/logo\/image\/"},"sameAs":["https:\/\/x.com\/technetixgroup","https:\/\/www.linkedin.com\/company\/technetix\/","https:\/\/www.youtube.com\/c\/Technetix-group"]}]}},"acf":[],"publishpress_future_workflow_manual_trigger":{"enabledWorkflows":[]},"_links":{"self":[{"href":"https:\/\/emea.technetix.com\/de\/wp-json\/wp\/v2\/pages\/6250","targetHints":{"allow":["GET"]}}],"collection":[{"href":"https:\/\/emea.technetix.com\/de\/wp-json\/wp\/v2\/pages"}],"about":[{"href":"https:\/\/emea.technetix.com\/de\/wp-json\/wp\/v2\/types\/page"}],"author":[{"embeddable":true,"href":"https:\/\/emea.technetix.com\/de\/wp-json\/wp\/v2\/users\/1"}],"replies":[{"embeddable":true,"href":"https:\/\/emea.technetix.com\/de\/wp-json\/wp\/v2\/comments?post=6250"}],"version-history":[{"count":0,"href":"https:\/\/emea.technetix.com\/de\/wp-json\/wp\/v2\/pages\/6250\/revisions"}],"up":[{"embeddable":true,"href":"https:\/\/emea.technetix.com\/de\/wp-json\/wp\/v2\/pages\/6231"}],"wp:featuredmedia":[{"embeddable":true,"href":"https:\/\/emea.technetix.com\/de\/wp-json\/wp\/v2\/media\/881"}],"wp:attachment":[{"href":"https:\/\/emea.technetix.com\/de\/wp-json\/wp\/v2\/media?parent=6250"}],"curies":[{"name":"wp","href":"https:\/\/api.w.org\/{rel}","templated":true}]}}