{"id":6242,"date":"2023-01-20T17:17:31","date_gmt":"2023-01-20T17:17:31","guid":{"rendered":"https:\/\/emea.technetix.com\/unsere-vision\/docsis4-0-esd\/"},"modified":"2024-02-08T10:47:22","modified_gmt":"2024-02-08T10:47:22","slug":"docsis4-0-esd","status":"publish","type":"page","link":"https:\/\/emea.technetix.com\/de\/unsere-vision\/docsis4-0-esd\/","title":{"rendered":"DOCSIS mit erweitertem Spektrum"},"content":{"rendered":"<div class=\"gb-container gb-container-f86f3f4f gb-container-hero-banner\"><div class=\"gb-inside-container\"><\/div><\/div>\n\n<div class=\"gb-container gb-container-3e14eda9 gb-container-inner-back-page-con\">\n<h1 class=\"gb-headline gb-headline-e1547755 gb-headline-text\">DOCSIS mit erweitertem Spektrum<\/h1>\n\n\n<h2 class=\"gb-headline gb-headline-d02c52e4 gb-headline-text\">R\u00fcsten Sie Ihr Netzwerk auf DOCSIS 4.0 mit erweitertem Spektrum auf<\/h2>\n\n\n\n<ul class=\"wp-block-list\">\n<li>H\u00f6here Kapazit\u00e4t (10 Gbps Downstream (DS) und 2 Gbps Upstream (US))<\/li>\n\n\n\n<li>Geringere Latenz<\/li>\n\n\n\n<li>Verbesserte Sicherheit<\/li>\n\n\n\n<li>Unterst\u00fctzt symmetrischen Datenverkehr<\/li>\n<\/ul>\n\n\n\n<p class=\"gb-headline gb-headline-6656b5c3 gb-headline-text\"><\/p>\n\n\n\n<ul class=\"wp-block-list\">\n<li>Downstream-Frequenzbereich bis zu 1800 MHz, 3 GHz sind in Vorbereitung<\/li>\n\n\n\n<li>Upstream-Frequenzbereich bis zu 684 MHz<\/li>\n\n\n\n<li>Die flexible Up-\/Down-Frequenzaufteilung unterst\u00fctzt den Durchsatz. Die h\u00f6chste Aufteilung betr\u00e4gt 684\/834 MHz. <\/li>\n\n\n\n<li>Getrennter Upstream- und Downstream-Datenverkehr<\/li>\n<\/ul>\n\n\n\n<p class=\"gb-headline gb-headline-4d1213c3 gb-headline-text\">ESD unterst\u00fctzt das robustere Orthogonal Frequency Division Multiplexing (OFDM) Modulationsschema mit fortschrittlicher Forward Error Correction (FEC) und fortschrittlichem Queue-Management. Dies resultiert in einer geringen Latenz und einem stabilen Daten\u00fcbertragungssystem mit Unterst\u00fctzung von 4KQAM. <\/p>\n\n\n\n<figure class=\"gb-block-image gb-block-image-61e35e7d\"><img loading=\"lazy\" decoding=\"async\" width=\"1201\" height=\"96\" class=\"gb-image gb-image-61e35e7d\" src=\"https:\/\/emea.technetix.com\/wp-content\/uploads\/sites\/2\/2023\/01\/DS4.png\" alt=\"DOCSIS 3.1 Hoher Frequenzaufteilungsbereich\" srcset=\"https:\/\/emea.technetix.com\/wp-content\/uploads\/sites\/2\/2023\/01\/DS4.png 1201w, https:\/\/emea.technetix.com\/wp-content\/uploads\/sites\/2\/2023\/01\/DS4-300x24.png 300w, https:\/\/emea.technetix.com\/wp-content\/uploads\/sites\/2\/2023\/01\/DS4-1024x82.png 1024w, https:\/\/emea.technetix.com\/wp-content\/uploads\/sites\/2\/2023\/01\/DS4-768x61.png 768w, https:\/\/emea.technetix.com\/wp-content\/uploads\/sites\/2\/2023\/01\/DS4-600x48.png 600w\" sizes=\"auto, (max-width: 1201px) 100vw, 1201px\" \/><\/figure>\n\n\n\n<p class=\"gb-headline gb-headline-69155a85 gb-headline-text gb-headline-image-caption\">DOCSIS 4.0 Hoher Frequenzaufteilungsbereich<\/p>\n\n\n\n<h2 class=\"gb-headline gb-headline-6b17d0fd gb-headline-text gb-headline-h2-in-content\">Welche Auswirkungen hat ESD auf das Netzwerk?<\/h2>\n\n\n\n<p class=\"gb-headline gb-headline-623f5b86 gb-headline-text\">Alle Netzwerk- und Einzelkomponenten m\u00fcssen bis zu (minimal) 1800 MHz spezifiziert sein. Der Downstream-Frequenzbereich bis zu 684 MHz muss ebenfalls unterst\u00fctzt werden. Es werden flexible L\u00f6sungen wie die DBx-Serie (Nodes) und Netzwerkverst\u00e4rker mit steckbaren oder schaltbaren Diplexer- und Verst\u00e4rkermodulen ben\u00f6tigt. Alternativ passt auch der richtungsunabh\u00e4ngige Diplexfilter-freie 1,8 GHz- Verst\u00e4rker (Direction Neutral Amplifier, DNA) perfekt in dieses Szenario.  <\/p>\n\n\n\n<h2 class=\"gb-headline gb-headline-4b572e45 gb-headline-text gb-headline-h2-in-content\">M\u00f6gliche Probleme?<\/h2>\n\n\n\n<p class=\"gb-headline gb-headline-c9b08205 gb-headline-text\">DOCSIS 4.0 ESD ist ein stabiles Protokoll \u2212 jedoch sind qualitativ hochwertige Komponenten erforderlich. Adjacent Device Interference (ADI) k\u00f6nnte ein Problem in den Gebieten darstellen, in denen DOCSIS 3.1 mit klassischen Plattformen koexistiert. Einige klassische Abzweiger f\u00fcr den Au\u00dfeneinsatz und auch passive Leitungskomponenten beinhalten Bypass-Switche, die bei der Installation neuer 1800 MHz-Produkte Probleme bereiten k\u00f6nnen, da einige dieser Switche eine ausgepr\u00e4gte Resonanz im Frequenzbereich von 1300 MHz bis 1600 MHz aufweisen.  <\/p>\n\n<\/div>\n\n<div class=\"gb-container gb-container-172b366a gb-container-con-buttons-bottom\">\n\n<h2 class=\"gb-headline gb-headline-7ce6fa4b gb-headline-text gb-headline-head-bottom-buttons\">N\u00fctzliche Links<\/h2>\n\n\n<div class=\"gb-button-wrapper gb-button-wrapper-5300c273 gb-button-wrapper-after-con-buttons\">\n\n<a class=\"gb-button gb-button-5e4e6530 gb-button-text gb-button-bottom-button\" href=\"https:\/\/emea.technetix.com\/de\/hfc-netzwerke\/mehrfachabzweiger-und-passive-leitungskomponenten\/xgt-abzweiger\/\">XGT-Abzweiger<\/a>\n\n\n\n<a class=\"gb-button gb-button-3eadfa91 gb-button-text gb-button-bottom-button\" href=\"https:\/\/emea.technetix.com\/de\/hfc-netzwerke\/access-verstarker\/dnn\/dna-1800\/\">DNA-1800<\/a>\n\n\n\n<a class=\"gb-button gb-button-4ceed201 gb-button-text gb-button-bottom-button\" href=\"https:\/\/emea.technetix.com\/de\/hfc-netzwerke\/access-verstarker\/dbx-smarte-hf-verstarker\/\">DBx Smarte HF-Verst\u00e4rker<\/a>\n\n\n\n<a class=\"gb-button gb-button-903f7f13 gb-button-text gb-button-bottom-button\" href=\"https:\/\/emea.technetix.com\/de\/produkte\/breitband-technologie\/signalaufbereitung\/\">1,8 GHz Signalaufbereitung<\/a>\n\n\n\n<a class=\"gb-button gb-button-74bfad52 gb-button-text gb-button-bottom-button\" href=\"https:\/\/emea.technetix.com\/de\/kontakt\/\">Kontakt<\/a>\n\n<\/div>\n<\/div>","protected":false},"excerpt":{"rendered":"<p>DOCSIS mit erweitertem Spektrum R\u00fcsten Sie Ihr Netzwerk auf DOCSIS 4.0 mit erweitertem Spektrum auf ESD unterst\u00fctzt das robustere Orthogonal Frequency Division Multiplexing (OFDM) Modulationsschema mit fortschrittlicher Forward Error Correction (FEC) und fortschrittlichem Queue-Management. Dies resultiert in einer geringen Latenz und einem stabilen Daten\u00fcbertragungssystem mit Unterst\u00fctzung von 4KQAM. DOCSIS 4.0 Hoher Frequenzaufteilungsbereich Welche Auswirkungen hat &#8230; <a title=\"DOCSIS mit erweitertem Spektrum\" class=\"read-more\" href=\"https:\/\/emea.technetix.com\/de\/unsere-vision\/docsis4-0-esd\/\" aria-label=\"Mehr Informationen \u00fcber DOCSIS mit erweitertem Spektrum\">Read more<\/a><\/p>\n","protected":false},"author":1,"featured_media":869,"parent":6231,"menu_order":0,"comment_status":"closed","ping_status":"closed","template":"","meta":{"_acf_changed":false,"_gspb_post_css":"","footnotes":""},"class_list":["post-6242","page","type-page","status-publish","has-post-thumbnail"],"yoast_head":"<!-- This site is optimized with the Yoast SEO Premium plugin v22.5 (Yoast SEO v27.3) - https:\/\/yoast.com\/product\/yoast-seo-premium-wordpress\/ -->\n<title>DOCSIS mit erweitertem Spektrum - Technetix EMEA<\/title>\n<meta name=\"robots\" content=\"index, follow, max-snippet:-1, max-image-preview:large, max-video-preview:-1\" \/>\n<link rel=\"canonical\" href=\"https:\/\/emea.technetix.com\/de\/unsere-vision\/docsis4-0-esd\/\" \/>\n<meta property=\"og:locale\" content=\"de_DE\" \/>\n<meta property=\"og:type\" content=\"article\" \/>\n<meta property=\"og:title\" content=\"DOCSIS mit erweitertem Spektrum - Technetix EMEA\" \/>\n<meta property=\"og:description\" content=\"DOCSIS mit erweitertem Spektrum R\u00fcsten Sie Ihr Netzwerk auf DOCSIS 4.0 mit erweitertem Spektrum auf ESD unterst\u00fctzt das robustere Orthogonal Frequency Division Multiplexing (OFDM) Modulationsschema mit fortschrittlicher Forward Error Correction (FEC) und fortschrittlichem Queue-Management. Dies resultiert in einer geringen Latenz und einem stabilen Daten\u00fcbertragungssystem mit Unterst\u00fctzung von 4KQAM. DOCSIS 4.0 Hoher Frequenzaufteilungsbereich Welche Auswirkungen hat ... Read more\" \/>\n<meta property=\"og:url\" content=\"https:\/\/emea.technetix.com\/de\/unsere-vision\/docsis4-0-esd\/\" \/>\n<meta property=\"og:site_name\" content=\"Technetix EMEA\" \/>\n<meta property=\"article:modified_time\" content=\"2024-02-08T10:47:22+00:00\" \/>\n<meta property=\"og:image\" content=\"https:\/\/emea.technetix.com\/wp-content\/uploads\/sites\/2\/2023\/01\/SOLUTIONS_LARGE_D4-ESD_FINAL.jpg\" \/>\n\t<meta property=\"og:image:width\" content=\"1920\" \/>\n\t<meta property=\"og:image:height\" content=\"450\" \/>\n\t<meta property=\"og:image:type\" content=\"image\/jpeg\" \/>\n<meta name=\"twitter:card\" content=\"summary_large_image\" \/>\n<meta name=\"twitter:site\" content=\"@technetixgroup\" \/>\n<meta name=\"twitter:label1\" content=\"Gesch\u00e4tzte Lesezeit\" \/>\n\t<meta name=\"twitter:data1\" content=\"2\u00a0Minuten\" \/>\n<script type=\"application\/ld+json\" class=\"yoast-schema-graph\">{\"@context\":\"https:\\\/\\\/schema.org\",\"@graph\":[{\"@type\":\"WebPage\",\"@id\":\"https:\\\/\\\/emea.technetix.com\\\/de\\\/unsere-vision\\\/docsis4-0-esd\\\/\",\"url\":\"https:\\\/\\\/emea.technetix.com\\\/de\\\/unsere-vision\\\/docsis4-0-esd\\\/\",\"name\":\"DOCSIS mit erweitertem Spektrum - Technetix EMEA\",\"isPartOf\":{\"@id\":\"https:\\\/\\\/emea.technetix.com\\\/de\\\/#website\"},\"primaryImageOfPage\":{\"@id\":\"https:\\\/\\\/emea.technetix.com\\\/de\\\/unsere-vision\\\/docsis4-0-esd\\\/#primaryimage\"},\"image\":{\"@id\":\"https:\\\/\\\/emea.technetix.com\\\/de\\\/unsere-vision\\\/docsis4-0-esd\\\/#primaryimage\"},\"thumbnailUrl\":\"https:\\\/\\\/emea.technetix.com\\\/wp-content\\\/uploads\\\/sites\\\/2\\\/2023\\\/01\\\/SOLUTIONS_LARGE_D4-ESD_FINAL.jpg\",\"datePublished\":\"2023-01-20T17:17:31+00:00\",\"dateModified\":\"2024-02-08T10:47:22+00:00\",\"breadcrumb\":{\"@id\":\"https:\\\/\\\/emea.technetix.com\\\/de\\\/unsere-vision\\\/docsis4-0-esd\\\/#breadcrumb\"},\"inLanguage\":\"de\",\"potentialAction\":[{\"@type\":\"ReadAction\",\"target\":[\"https:\\\/\\\/emea.technetix.com\\\/de\\\/unsere-vision\\\/docsis4-0-esd\\\/\"]}]},{\"@type\":\"ImageObject\",\"inLanguage\":\"de\",\"@id\":\"https:\\\/\\\/emea.technetix.com\\\/de\\\/unsere-vision\\\/docsis4-0-esd\\\/#primaryimage\",\"url\":\"https:\\\/\\\/emea.technetix.com\\\/wp-content\\\/uploads\\\/sites\\\/2\\\/2023\\\/01\\\/SOLUTIONS_LARGE_D4-ESD_FINAL.jpg\",\"contentUrl\":\"https:\\\/\\\/emea.technetix.com\\\/wp-content\\\/uploads\\\/sites\\\/2\\\/2023\\\/01\\\/SOLUTIONS_LARGE_D4-ESD_FINAL.jpg\",\"width\":1920,\"height\":450},{\"@type\":\"BreadcrumbList\",\"@id\":\"https:\\\/\\\/emea.technetix.com\\\/de\\\/unsere-vision\\\/docsis4-0-esd\\\/#breadcrumb\",\"itemListElement\":[{\"@type\":\"ListItem\",\"position\":1,\"name\":\"Home\",\"item\":\"https:\\\/\\\/emea.technetix.com\\\/de\\\/\"},{\"@type\":\"ListItem\",\"position\":2,\"name\":\"Unsere Vision\",\"item\":\"https:\\\/\\\/emea.technetix.com\\\/de\\\/unsere-vision\\\/\"},{\"@type\":\"ListItem\",\"position\":3,\"name\":\"DOCSIS mit erweitertem Spektrum\"}]},{\"@type\":\"WebSite\",\"@id\":\"https:\\\/\\\/emea.technetix.com\\\/de\\\/#website\",\"url\":\"https:\\\/\\\/emea.technetix.com\\\/de\\\/\",\"name\":\"Technetix\",\"description\":\"Next-generation broadband equipment engineering\",\"publisher\":{\"@id\":\"https:\\\/\\\/emea.technetix.com\\\/de\\\/#organization\"},\"potentialAction\":[{\"@type\":\"SearchAction\",\"target\":{\"@type\":\"EntryPoint\",\"urlTemplate\":\"https:\\\/\\\/emea.technetix.com\\\/de\\\/?s={search_term_string}\"},\"query-input\":{\"@type\":\"PropertyValueSpecification\",\"valueRequired\":true,\"valueName\":\"search_term_string\"}}],\"inLanguage\":\"de\"},{\"@type\":\"Organization\",\"@id\":\"https:\\\/\\\/emea.technetix.com\\\/de\\\/#organization\",\"name\":\"Technetix\",\"url\":\"https:\\\/\\\/emea.technetix.com\\\/de\\\/\",\"logo\":{\"@type\":\"ImageObject\",\"inLanguage\":\"de\",\"@id\":\"https:\\\/\\\/emea.technetix.com\\\/de\\\/#\\\/schema\\\/logo\\\/image\\\/\",\"url\":\"https:\\\/\\\/emea.technetix.com\\\/wp-content\\\/uploads\\\/sites\\\/2\\\/2023\\\/06\\\/logo-Technetix-1000x1000-1.png\",\"contentUrl\":\"https:\\\/\\\/emea.technetix.com\\\/wp-content\\\/uploads\\\/sites\\\/2\\\/2023\\\/06\\\/logo-Technetix-1000x1000-1.png\",\"width\":1000,\"height\":1000,\"caption\":\"Technetix\"},\"image\":{\"@id\":\"https:\\\/\\\/emea.technetix.com\\\/de\\\/#\\\/schema\\\/logo\\\/image\\\/\"},\"sameAs\":[\"https:\\\/\\\/x.com\\\/technetixgroup\",\"https:\\\/\\\/www.linkedin.com\\\/company\\\/technetix\\\/\",\"https:\\\/\\\/www.youtube.com\\\/c\\\/Technetix-group\"]}]}<\/script>\n<!-- \/ Yoast SEO Premium plugin. -->","yoast_head_json":{"title":"DOCSIS mit erweitertem Spektrum - Technetix EMEA","robots":{"index":"index","follow":"follow","max-snippet":"max-snippet:-1","max-image-preview":"max-image-preview:large","max-video-preview":"max-video-preview:-1"},"canonical":"https:\/\/emea.technetix.com\/de\/unsere-vision\/docsis4-0-esd\/","og_locale":"de_DE","og_type":"article","og_title":"DOCSIS mit erweitertem Spektrum - Technetix EMEA","og_description":"DOCSIS mit erweitertem Spektrum R\u00fcsten Sie Ihr Netzwerk auf DOCSIS 4.0 mit erweitertem Spektrum auf ESD unterst\u00fctzt das robustere Orthogonal Frequency Division Multiplexing (OFDM) Modulationsschema mit fortschrittlicher Forward Error Correction (FEC) und fortschrittlichem Queue-Management. Dies resultiert in einer geringen Latenz und einem stabilen Daten\u00fcbertragungssystem mit Unterst\u00fctzung von 4KQAM. DOCSIS 4.0 Hoher Frequenzaufteilungsbereich Welche Auswirkungen hat ... Read more","og_url":"https:\/\/emea.technetix.com\/de\/unsere-vision\/docsis4-0-esd\/","og_site_name":"Technetix EMEA","article_modified_time":"2024-02-08T10:47:22+00:00","og_image":[{"width":1920,"height":450,"url":"https:\/\/emea.technetix.com\/wp-content\/uploads\/sites\/2\/2023\/01\/SOLUTIONS_LARGE_D4-ESD_FINAL.jpg","type":"image\/jpeg"}],"twitter_card":"summary_large_image","twitter_site":"@technetixgroup","twitter_misc":{"Gesch\u00e4tzte Lesezeit":"2\u00a0Minuten"},"schema":{"@context":"https:\/\/schema.org","@graph":[{"@type":"WebPage","@id":"https:\/\/emea.technetix.com\/de\/unsere-vision\/docsis4-0-esd\/","url":"https:\/\/emea.technetix.com\/de\/unsere-vision\/docsis4-0-esd\/","name":"DOCSIS mit erweitertem Spektrum - Technetix EMEA","isPartOf":{"@id":"https:\/\/emea.technetix.com\/de\/#website"},"primaryImageOfPage":{"@id":"https:\/\/emea.technetix.com\/de\/unsere-vision\/docsis4-0-esd\/#primaryimage"},"image":{"@id":"https:\/\/emea.technetix.com\/de\/unsere-vision\/docsis4-0-esd\/#primaryimage"},"thumbnailUrl":"https:\/\/emea.technetix.com\/wp-content\/uploads\/sites\/2\/2023\/01\/SOLUTIONS_LARGE_D4-ESD_FINAL.jpg","datePublished":"2023-01-20T17:17:31+00:00","dateModified":"2024-02-08T10:47:22+00:00","breadcrumb":{"@id":"https:\/\/emea.technetix.com\/de\/unsere-vision\/docsis4-0-esd\/#breadcrumb"},"inLanguage":"de","potentialAction":[{"@type":"ReadAction","target":["https:\/\/emea.technetix.com\/de\/unsere-vision\/docsis4-0-esd\/"]}]},{"@type":"ImageObject","inLanguage":"de","@id":"https:\/\/emea.technetix.com\/de\/unsere-vision\/docsis4-0-esd\/#primaryimage","url":"https:\/\/emea.technetix.com\/wp-content\/uploads\/sites\/2\/2023\/01\/SOLUTIONS_LARGE_D4-ESD_FINAL.jpg","contentUrl":"https:\/\/emea.technetix.com\/wp-content\/uploads\/sites\/2\/2023\/01\/SOLUTIONS_LARGE_D4-ESD_FINAL.jpg","width":1920,"height":450},{"@type":"BreadcrumbList","@id":"https:\/\/emea.technetix.com\/de\/unsere-vision\/docsis4-0-esd\/#breadcrumb","itemListElement":[{"@type":"ListItem","position":1,"name":"Home","item":"https:\/\/emea.technetix.com\/de\/"},{"@type":"ListItem","position":2,"name":"Unsere Vision","item":"https:\/\/emea.technetix.com\/de\/unsere-vision\/"},{"@type":"ListItem","position":3,"name":"DOCSIS mit erweitertem Spektrum"}]},{"@type":"WebSite","@id":"https:\/\/emea.technetix.com\/de\/#website","url":"https:\/\/emea.technetix.com\/de\/","name":"Technetix","description":"Next-generation broadband equipment engineering","publisher":{"@id":"https:\/\/emea.technetix.com\/de\/#organization"},"potentialAction":[{"@type":"SearchAction","target":{"@type":"EntryPoint","urlTemplate":"https:\/\/emea.technetix.com\/de\/?s={search_term_string}"},"query-input":{"@type":"PropertyValueSpecification","valueRequired":true,"valueName":"search_term_string"}}],"inLanguage":"de"},{"@type":"Organization","@id":"https:\/\/emea.technetix.com\/de\/#organization","name":"Technetix","url":"https:\/\/emea.technetix.com\/de\/","logo":{"@type":"ImageObject","inLanguage":"de","@id":"https:\/\/emea.technetix.com\/de\/#\/schema\/logo\/image\/","url":"https:\/\/emea.technetix.com\/wp-content\/uploads\/sites\/2\/2023\/06\/logo-Technetix-1000x1000-1.png","contentUrl":"https:\/\/emea.technetix.com\/wp-content\/uploads\/sites\/2\/2023\/06\/logo-Technetix-1000x1000-1.png","width":1000,"height":1000,"caption":"Technetix"},"image":{"@id":"https:\/\/emea.technetix.com\/de\/#\/schema\/logo\/image\/"},"sameAs":["https:\/\/x.com\/technetixgroup","https:\/\/www.linkedin.com\/company\/technetix\/","https:\/\/www.youtube.com\/c\/Technetix-group"]}]}},"acf":[],"publishpress_future_workflow_manual_trigger":{"enabledWorkflows":[]},"_links":{"self":[{"href":"https:\/\/emea.technetix.com\/de\/wp-json\/wp\/v2\/pages\/6242","targetHints":{"allow":["GET"]}}],"collection":[{"href":"https:\/\/emea.technetix.com\/de\/wp-json\/wp\/v2\/pages"}],"about":[{"href":"https:\/\/emea.technetix.com\/de\/wp-json\/wp\/v2\/types\/page"}],"author":[{"embeddable":true,"href":"https:\/\/emea.technetix.com\/de\/wp-json\/wp\/v2\/users\/1"}],"replies":[{"embeddable":true,"href":"https:\/\/emea.technetix.com\/de\/wp-json\/wp\/v2\/comments?post=6242"}],"version-history":[{"count":0,"href":"https:\/\/emea.technetix.com\/de\/wp-json\/wp\/v2\/pages\/6242\/revisions"}],"up":[{"embeddable":true,"href":"https:\/\/emea.technetix.com\/de\/wp-json\/wp\/v2\/pages\/6231"}],"wp:featuredmedia":[{"embeddable":true,"href":"https:\/\/emea.technetix.com\/de\/wp-json\/wp\/v2\/media\/869"}],"wp:attachment":[{"href":"https:\/\/emea.technetix.com\/de\/wp-json\/wp\/v2\/media?parent=6242"}],"curies":[{"name":"wp","href":"https:\/\/api.w.org\/{rel}","templated":true}]}}