{"id":6228,"date":"2023-01-20T17:17:08","date_gmt":"2023-01-20T17:17:08","guid":{"rendered":"https:\/\/emea.technetix.com\/docsis3-1\/"},"modified":"2024-02-08T10:45:00","modified_gmt":"2024-02-08T10:45:00","slug":"docsis3-1","status":"publish","type":"page","link":"https:\/\/emea.technetix.com\/de\/unsere-vision\/docsis3-1\/","title":{"rendered":"Aufr\u00fcsten Ihres Netzwerkes auf DOCSIS 3.1"},"content":{"rendered":"<div class=\"gb-container gb-container-f86f3f4f gb-container-hero-banner\"><div class=\"gb-inside-container\"><\/div><\/div>\n\n<div class=\"gb-container gb-container-69e983b3 gb-container-inner-back-page-con\">\n<h1 class=\"gb-headline gb-headline-e1547755 gb-headline-text\">Aufr\u00fcsten Ihres Netzwerkes auf DOCSIS 3.1<\/h1>\n\n\n<h2 class=\"gb-headline gb-headline-d02c52e4 gb-headline-text\">Die DOCSIS 3.1-Technologie bietet superschnelles Internet mit au\u00dferordentlicher Qualit\u00e4t, was f\u00fcr Online-Gaming und Echtzeitanwendungen wie erweiterter Realit\u00e4t (Augmented Reality) und IoT essentiell ist. DOCSIS 3.1 ist auch eine nachhaltigere, gr\u00fcnere L\u00f6sung mit fortschrittlichen Energie-Managementprotokollen zur Steigerung der Energieeffizienz und Reduzierung des CO2-Fu\u00dfabdrucks. <\/h2>\n\n\n\n<ul class=\"wp-block-list\">\n<li>H\u00f6here Kapazit\u00e4t (10 Gbps Downstream (DS) und 2 Gbps Upstream (US))<\/li>\n\n\n\n<li>Geringere Latenz<\/li>\n\n\n\n<li>Energieeffizient<\/li>\n\n\n\n<li>R\u00fcckw\u00e4rtskompatibel<\/li>\n<\/ul>\n\n\n\n<p class=\"gb-headline gb-headline-6656b5c3 gb-headline-text\">DOCSIS 3.1 nutzt ein im Vergleich zu fr\u00fcheren DOCSIS-Versionen erweitertes Spektrum mit einem Downstream-Frequenzbereich bis zu 1218 MHz und einem Upstream-Frequenzbereich von bis zu 204 MHz. Die Up-\/Down-Frequenzaufteilung ist vergleichsweise flexibel (sub-, mittel- oder hohe Aufteilung) und unterst\u00fctzt eine zuk\u00fcnftige Erweiterung mit einer m\u00f6glichen, hohen Aufteilung von 204\/258 MHz. <\/p>\n\n\n\n<p class=\"gb-headline gb-headline-f861b16e gb-headline-text\">DOCSIS 3.1 unterst\u00fctzt Orthogonal Frequency Division Multiplexing (OFDM), ein robusteres Modulationsschema mit fortschrittlicher Forward Error Correction (FEC) und fortschrittlichem Queue-Management. Dies resultiert in einer geringen Latenz und einem stabilen Daten\u00fcbertragungssystem mit Unterst\u00fctzung von 4KQAM. <\/p>\n\n\n\n<figure class=\"gb-block-image gb-block-image-61e35e7d\"><img loading=\"lazy\" decoding=\"async\" width=\"1201\" height=\"203\" class=\"gb-image gb-image-61e35e7d\" src=\"https:\/\/emea.technetix.com\/wp-content\/uploads\/sites\/2\/2023\/01\/DS3.png\" alt=\"DOCSIS 3.1 Hoher Frequenzaufteilungsbereich\" srcset=\"https:\/\/emea.technetix.com\/wp-content\/uploads\/sites\/2\/2023\/01\/DS3.png 1201w, https:\/\/emea.technetix.com\/wp-content\/uploads\/sites\/2\/2023\/01\/DS3-300x51.png 300w, https:\/\/emea.technetix.com\/wp-content\/uploads\/sites\/2\/2023\/01\/DS3-1024x173.png 1024w, https:\/\/emea.technetix.com\/wp-content\/uploads\/sites\/2\/2023\/01\/DS3-768x130.png 768w, https:\/\/emea.technetix.com\/wp-content\/uploads\/sites\/2\/2023\/01\/DS3-600x101.png 600w\" sizes=\"auto, (max-width: 1201px) 100vw, 1201px\" \/><\/figure>\n\n\n\n<p class=\"gb-headline gb-headline-623f5b86 gb-headline-text gb-headline-image-caption\">DOCSIS 3.1 Hoher Frequenzaufteilungsbereich<\/p>\n\n\n\n<h2 class=\"gb-headline gb-headline-6b17d0fd gb-headline-text gb-headline-h2-in-content\">Wie wirkt sich dies auf das Netzwerk aus?<\/h2>\n\n\n\n<p class=\"gb-headline gb-headline-50c1ef74 gb-headline-text\">Netzwerk und Einzelkomponenten in Geb\u00e4uden m\u00fcssen als Minimum bis 1218 MHz spezifiziert sein, um den stetig wachsenden Anforderungen sowohl von privaten Haushalten als auch Unternehmen zu gen\u00fcgen. Weiterhin muss ein Downstream-Frequenzbereich bis zu 204 MHz unterst\u00fctzt werden. Es werden flexible L\u00f6sungen mit steck- oder schaltbaren Diplexern wie beispielsweise der DBx-Node-Serie von Technetix sowie Netzwerkverst\u00e4rker in Verbindung mit dem EZ-Hausverst\u00e4rker oder dem richtungsunabh\u00e4ngigen 1,8 GHz-Verst\u00e4rker (DNA), dem preisgekr\u00f6nten bidirektionalen Diplexfilter-freien Verst\u00e4rker, ben\u00f6tigt. H\u00f6here Kabelverluste bei 1218 MHz bedeuten, dass die Verst\u00e4rker eine h\u00f6here Gesamtleistung (Total Composite Power) sowohl im Up- als auch im Downstream aufweisen m\u00fcssen.   <\/p>\n\n\n\n<h2 class=\"gb-headline gb-headline-4b572e45 gb-headline-text gb-headline-h2-in-content\">Sind Probleme zu erwarten?<\/h2>\n\n\n\n<p class=\"gb-headline gb-headline-c9b08205 gb-headline-text\">Auch wenn DOCSIS 3.1 ein robustes Protokoll ist, m\u00fcssen Netzwerk und Komponenten die bestm\u00f6gliche Qualit\u00e4t aufweisen. Adjacent Device Interference (ADI) k\u00f6nnte ein Problem in Gebieten darstellen, in denen DOCSIS 3.1 mit klassischen Plattformen ko-existiert. Ein DOCSIS 3.1-Modem \u00fcbertr\u00e4gt ein starkes Signal im Empfangsfenster einer klassischen Set-Top-Box (STB) und \u00fcbersteuert damit die STB. Die Isolation zwischen den Ports ist in diesem Fall noch wichtiger.   <\/p>\n\n<\/div>\n\n<div class=\"gb-container gb-container-232c61f6 gb-container-con-buttons-bottom\">\n\n<h2 class=\"gb-headline gb-headline-7ce6fa4b gb-headline-text gb-headline-head-bottom-buttons\">N\u00fctzliche Links<\/h2>\n\n\n<div class=\"gb-button-wrapper gb-button-wrapper-5300c273 gb-button-wrapper-after-con-buttons\">\n\n<a class=\"gb-button gb-button-5e4e6530 gb-button-text gb-button-bottom-button\" href=\"https:\/\/emea.technetix.com\/de\/hfc-netzwerke\/access-verstarker\/dbx-smarte-hf-verstarker\/\">DBx Smarte HF-Verst\u00e4rker<\/a>\n\n\n\n<a class=\"gb-button gb-button-3eadfa91 gb-button-text gb-button-bottom-button\" href=\"https:\/\/emea.technetix.com\/de\/hfc-netzwerke\/mehrfachabzweiger-und-passive-leitungskomponenten\/\">Mehrfachabzweiger und passive Leitungskomponenten<\/a>\n\n\n\n<a class=\"gb-button gb-button-4ceed201 gb-button-text gb-button-bottom-button\" href=\"https:\/\/emea.technetix.com\/de\/hfc-netzwerke\/passive-komponenten-fur-den-inneneinsatz\/\">Passive Komponenten f\u00fcr den Inneneinsatz<\/a>\n\n\n\n<a class=\"gb-button gb-button-74bfad52 gb-button-text gb-button-bottom-button\" href=\"https:\/\/emea.technetix.com\/de\/kontakt\/\">Kontakt<\/a>\n\n<\/div>\n<\/div>","protected":false},"excerpt":{"rendered":"<p>Aufr\u00fcsten Ihres Netzwerkes auf DOCSIS 3.1 Die DOCSIS 3.1-Technologie bietet superschnelles Internet mit au\u00dferordentlicher Qualit\u00e4t, was f\u00fcr Online-Gaming und Echtzeitanwendungen wie erweiterter Realit\u00e4t (Augmented Reality) und IoT essentiell ist. DOCSIS 3.1 ist auch eine nachhaltigere, gr\u00fcnere L\u00f6sung mit fortschrittlichen Energie-Managementprotokollen zur Steigerung der Energieeffizienz und Reduzierung des CO2-Fu\u00dfabdrucks. DOCSIS 3.1 nutzt ein im Vergleich zu &#8230; <a title=\"Aufr\u00fcsten Ihres Netzwerkes auf DOCSIS 3.1\" class=\"read-more\" href=\"https:\/\/emea.technetix.com\/de\/unsere-vision\/docsis3-1\/\" aria-label=\"Mehr Informationen \u00fcber Aufr\u00fcsten Ihres Netzwerkes auf DOCSIS 3.1\">Read more<\/a><\/p>\n","protected":false},"author":1,"featured_media":866,"parent":6231,"menu_order":0,"comment_status":"closed","ping_status":"closed","template":"","meta":{"_acf_changed":false,"_gspb_post_css":"","footnotes":""},"class_list":["post-6228","page","type-page","status-publish","has-post-thumbnail"],"yoast_head":"<!-- This site is optimized with the Yoast SEO Premium plugin v22.5 (Yoast SEO v27.4) - https:\/\/yoast.com\/product\/yoast-seo-premium-wordpress\/ -->\n<title>Aufr\u00fcsten Ihres Netzwerkes auf DOCSIS 3.1 - Technetix EMEA<\/title>\n<meta name=\"robots\" content=\"index, follow, max-snippet:-1, max-image-preview:large, max-video-preview:-1\" \/>\n<link rel=\"canonical\" href=\"https:\/\/emea.technetix.com\/de\/unsere-vision\/docsis3-1\/\" \/>\n<meta property=\"og:locale\" content=\"de_DE\" \/>\n<meta property=\"og:type\" content=\"article\" \/>\n<meta property=\"og:title\" content=\"Aufr\u00fcsten Ihres Netzwerkes auf DOCSIS 3.1 - Technetix EMEA\" \/>\n<meta property=\"og:description\" content=\"Aufr\u00fcsten Ihres Netzwerkes auf DOCSIS 3.1 Die DOCSIS 3.1-Technologie bietet superschnelles Internet mit au\u00dferordentlicher Qualit\u00e4t, was f\u00fcr Online-Gaming und Echtzeitanwendungen wie erweiterter Realit\u00e4t (Augmented Reality) und IoT essentiell ist. DOCSIS 3.1 ist auch eine nachhaltigere, gr\u00fcnere L\u00f6sung mit fortschrittlichen Energie-Managementprotokollen zur Steigerung der Energieeffizienz und Reduzierung des CO2-Fu\u00dfabdrucks. DOCSIS 3.1 nutzt ein im Vergleich zu ... Read more\" \/>\n<meta property=\"og:url\" content=\"https:\/\/emea.technetix.com\/de\/unsere-vision\/docsis3-1\/\" \/>\n<meta property=\"og:site_name\" content=\"Technetix EMEA\" \/>\n<meta property=\"article:modified_time\" content=\"2024-02-08T10:45:00+00:00\" \/>\n<meta property=\"og:image\" content=\"https:\/\/emea.technetix.com\/wp-content\/uploads\/sites\/2\/2023\/01\/SOLUTIONS_LARGE_D3-1_FINAL.jpg\" \/>\n\t<meta property=\"og:image:width\" content=\"1920\" \/>\n\t<meta property=\"og:image:height\" content=\"450\" \/>\n\t<meta property=\"og:image:type\" content=\"image\/jpeg\" \/>\n<meta name=\"twitter:card\" content=\"summary_large_image\" \/>\n<meta name=\"twitter:site\" content=\"@technetixgroup\" \/>\n<meta name=\"twitter:label1\" content=\"Gesch\u00e4tzte Lesezeit\" \/>\n\t<meta name=\"twitter:data1\" content=\"2\u00a0Minuten\" \/>\n<script type=\"application\/ld+json\" class=\"yoast-schema-graph\">{\"@context\":\"https:\\\/\\\/schema.org\",\"@graph\":[{\"@type\":\"WebPage\",\"@id\":\"https:\\\/\\\/emea.technetix.com\\\/de\\\/unsere-vision\\\/docsis3-1\\\/\",\"url\":\"https:\\\/\\\/emea.technetix.com\\\/de\\\/unsere-vision\\\/docsis3-1\\\/\",\"name\":\"Aufr\u00fcsten Ihres Netzwerkes auf DOCSIS 3.1 - Technetix EMEA\",\"isPartOf\":{\"@id\":\"https:\\\/\\\/emea.technetix.com\\\/de\\\/#website\"},\"primaryImageOfPage\":{\"@id\":\"https:\\\/\\\/emea.technetix.com\\\/de\\\/unsere-vision\\\/docsis3-1\\\/#primaryimage\"},\"image\":{\"@id\":\"https:\\\/\\\/emea.technetix.com\\\/de\\\/unsere-vision\\\/docsis3-1\\\/#primaryimage\"},\"thumbnailUrl\":\"https:\\\/\\\/emea.technetix.com\\\/wp-content\\\/uploads\\\/sites\\\/2\\\/2023\\\/01\\\/SOLUTIONS_LARGE_D3-1_FINAL.jpg\",\"datePublished\":\"2023-01-20T17:17:08+00:00\",\"dateModified\":\"2024-02-08T10:45:00+00:00\",\"breadcrumb\":{\"@id\":\"https:\\\/\\\/emea.technetix.com\\\/de\\\/unsere-vision\\\/docsis3-1\\\/#breadcrumb\"},\"inLanguage\":\"de\",\"potentialAction\":[{\"@type\":\"ReadAction\",\"target\":[\"https:\\\/\\\/emea.technetix.com\\\/de\\\/unsere-vision\\\/docsis3-1\\\/\"]}]},{\"@type\":\"ImageObject\",\"inLanguage\":\"de\",\"@id\":\"https:\\\/\\\/emea.technetix.com\\\/de\\\/unsere-vision\\\/docsis3-1\\\/#primaryimage\",\"url\":\"https:\\\/\\\/emea.technetix.com\\\/wp-content\\\/uploads\\\/sites\\\/2\\\/2023\\\/01\\\/SOLUTIONS_LARGE_D3-1_FINAL.jpg\",\"contentUrl\":\"https:\\\/\\\/emea.technetix.com\\\/wp-content\\\/uploads\\\/sites\\\/2\\\/2023\\\/01\\\/SOLUTIONS_LARGE_D3-1_FINAL.jpg\",\"width\":1920,\"height\":450},{\"@type\":\"BreadcrumbList\",\"@id\":\"https:\\\/\\\/emea.technetix.com\\\/de\\\/unsere-vision\\\/docsis3-1\\\/#breadcrumb\",\"itemListElement\":[{\"@type\":\"ListItem\",\"position\":1,\"name\":\"Home\",\"item\":\"https:\\\/\\\/emea.technetix.com\\\/de\\\/\"},{\"@type\":\"ListItem\",\"position\":2,\"name\":\"Unsere Vision\",\"item\":\"https:\\\/\\\/emea.technetix.com\\\/de\\\/unsere-vision\\\/\"},{\"@type\":\"ListItem\",\"position\":3,\"name\":\"Aufr\u00fcsten Ihres Netzwerkes auf DOCSIS 3.1\"}]},{\"@type\":\"WebSite\",\"@id\":\"https:\\\/\\\/emea.technetix.com\\\/de\\\/#website\",\"url\":\"https:\\\/\\\/emea.technetix.com\\\/de\\\/\",\"name\":\"Technetix\",\"description\":\"Next-generation broadband equipment engineering\",\"publisher\":{\"@id\":\"https:\\\/\\\/emea.technetix.com\\\/de\\\/#organization\"},\"potentialAction\":[{\"@type\":\"SearchAction\",\"target\":{\"@type\":\"EntryPoint\",\"urlTemplate\":\"https:\\\/\\\/emea.technetix.com\\\/de\\\/?s={search_term_string}\"},\"query-input\":{\"@type\":\"PropertyValueSpecification\",\"valueRequired\":true,\"valueName\":\"search_term_string\"}}],\"inLanguage\":\"de\"},{\"@type\":\"Organization\",\"@id\":\"https:\\\/\\\/emea.technetix.com\\\/de\\\/#organization\",\"name\":\"Technetix\",\"url\":\"https:\\\/\\\/emea.technetix.com\\\/de\\\/\",\"logo\":{\"@type\":\"ImageObject\",\"inLanguage\":\"de\",\"@id\":\"https:\\\/\\\/emea.technetix.com\\\/de\\\/#\\\/schema\\\/logo\\\/image\\\/\",\"url\":\"https:\\\/\\\/emea.technetix.com\\\/wp-content\\\/uploads\\\/sites\\\/2\\\/2023\\\/06\\\/logo-Technetix-1000x1000-1.png\",\"contentUrl\":\"https:\\\/\\\/emea.technetix.com\\\/wp-content\\\/uploads\\\/sites\\\/2\\\/2023\\\/06\\\/logo-Technetix-1000x1000-1.png\",\"width\":1000,\"height\":1000,\"caption\":\"Technetix\"},\"image\":{\"@id\":\"https:\\\/\\\/emea.technetix.com\\\/de\\\/#\\\/schema\\\/logo\\\/image\\\/\"},\"sameAs\":[\"https:\\\/\\\/x.com\\\/technetixgroup\",\"https:\\\/\\\/www.linkedin.com\\\/company\\\/technetix\\\/\",\"https:\\\/\\\/www.youtube.com\\\/c\\\/Technetix-group\"]}]}<\/script>\n<!-- \/ Yoast SEO Premium plugin. -->","yoast_head_json":{"title":"Aufr\u00fcsten Ihres Netzwerkes auf DOCSIS 3.1 - Technetix EMEA","robots":{"index":"index","follow":"follow","max-snippet":"max-snippet:-1","max-image-preview":"max-image-preview:large","max-video-preview":"max-video-preview:-1"},"canonical":"https:\/\/emea.technetix.com\/de\/unsere-vision\/docsis3-1\/","og_locale":"de_DE","og_type":"article","og_title":"Aufr\u00fcsten Ihres Netzwerkes auf DOCSIS 3.1 - Technetix EMEA","og_description":"Aufr\u00fcsten Ihres Netzwerkes auf DOCSIS 3.1 Die DOCSIS 3.1-Technologie bietet superschnelles Internet mit au\u00dferordentlicher Qualit\u00e4t, was f\u00fcr Online-Gaming und Echtzeitanwendungen wie erweiterter Realit\u00e4t (Augmented Reality) und IoT essentiell ist. DOCSIS 3.1 ist auch eine nachhaltigere, gr\u00fcnere L\u00f6sung mit fortschrittlichen Energie-Managementprotokollen zur Steigerung der Energieeffizienz und Reduzierung des CO2-Fu\u00dfabdrucks. DOCSIS 3.1 nutzt ein im Vergleich zu ... Read more","og_url":"https:\/\/emea.technetix.com\/de\/unsere-vision\/docsis3-1\/","og_site_name":"Technetix EMEA","article_modified_time":"2024-02-08T10:45:00+00:00","og_image":[{"width":1920,"height":450,"url":"https:\/\/emea.technetix.com\/wp-content\/uploads\/sites\/2\/2023\/01\/SOLUTIONS_LARGE_D3-1_FINAL.jpg","type":"image\/jpeg"}],"twitter_card":"summary_large_image","twitter_site":"@technetixgroup","twitter_misc":{"Gesch\u00e4tzte Lesezeit":"2\u00a0Minuten"},"schema":{"@context":"https:\/\/schema.org","@graph":[{"@type":"WebPage","@id":"https:\/\/emea.technetix.com\/de\/unsere-vision\/docsis3-1\/","url":"https:\/\/emea.technetix.com\/de\/unsere-vision\/docsis3-1\/","name":"Aufr\u00fcsten Ihres Netzwerkes auf DOCSIS 3.1 - Technetix EMEA","isPartOf":{"@id":"https:\/\/emea.technetix.com\/de\/#website"},"primaryImageOfPage":{"@id":"https:\/\/emea.technetix.com\/de\/unsere-vision\/docsis3-1\/#primaryimage"},"image":{"@id":"https:\/\/emea.technetix.com\/de\/unsere-vision\/docsis3-1\/#primaryimage"},"thumbnailUrl":"https:\/\/emea.technetix.com\/wp-content\/uploads\/sites\/2\/2023\/01\/SOLUTIONS_LARGE_D3-1_FINAL.jpg","datePublished":"2023-01-20T17:17:08+00:00","dateModified":"2024-02-08T10:45:00+00:00","breadcrumb":{"@id":"https:\/\/emea.technetix.com\/de\/unsere-vision\/docsis3-1\/#breadcrumb"},"inLanguage":"de","potentialAction":[{"@type":"ReadAction","target":["https:\/\/emea.technetix.com\/de\/unsere-vision\/docsis3-1\/"]}]},{"@type":"ImageObject","inLanguage":"de","@id":"https:\/\/emea.technetix.com\/de\/unsere-vision\/docsis3-1\/#primaryimage","url":"https:\/\/emea.technetix.com\/wp-content\/uploads\/sites\/2\/2023\/01\/SOLUTIONS_LARGE_D3-1_FINAL.jpg","contentUrl":"https:\/\/emea.technetix.com\/wp-content\/uploads\/sites\/2\/2023\/01\/SOLUTIONS_LARGE_D3-1_FINAL.jpg","width":1920,"height":450},{"@type":"BreadcrumbList","@id":"https:\/\/emea.technetix.com\/de\/unsere-vision\/docsis3-1\/#breadcrumb","itemListElement":[{"@type":"ListItem","position":1,"name":"Home","item":"https:\/\/emea.technetix.com\/de\/"},{"@type":"ListItem","position":2,"name":"Unsere Vision","item":"https:\/\/emea.technetix.com\/de\/unsere-vision\/"},{"@type":"ListItem","position":3,"name":"Aufr\u00fcsten Ihres Netzwerkes auf DOCSIS 3.1"}]},{"@type":"WebSite","@id":"https:\/\/emea.technetix.com\/de\/#website","url":"https:\/\/emea.technetix.com\/de\/","name":"Technetix","description":"Next-generation broadband equipment engineering","publisher":{"@id":"https:\/\/emea.technetix.com\/de\/#organization"},"potentialAction":[{"@type":"SearchAction","target":{"@type":"EntryPoint","urlTemplate":"https:\/\/emea.technetix.com\/de\/?s={search_term_string}"},"query-input":{"@type":"PropertyValueSpecification","valueRequired":true,"valueName":"search_term_string"}}],"inLanguage":"de"},{"@type":"Organization","@id":"https:\/\/emea.technetix.com\/de\/#organization","name":"Technetix","url":"https:\/\/emea.technetix.com\/de\/","logo":{"@type":"ImageObject","inLanguage":"de","@id":"https:\/\/emea.technetix.com\/de\/#\/schema\/logo\/image\/","url":"https:\/\/emea.technetix.com\/wp-content\/uploads\/sites\/2\/2023\/06\/logo-Technetix-1000x1000-1.png","contentUrl":"https:\/\/emea.technetix.com\/wp-content\/uploads\/sites\/2\/2023\/06\/logo-Technetix-1000x1000-1.png","width":1000,"height":1000,"caption":"Technetix"},"image":{"@id":"https:\/\/emea.technetix.com\/de\/#\/schema\/logo\/image\/"},"sameAs":["https:\/\/x.com\/technetixgroup","https:\/\/www.linkedin.com\/company\/technetix\/","https:\/\/www.youtube.com\/c\/Technetix-group"]}]}},"acf":[],"publishpress_future_workflow_manual_trigger":{"enabledWorkflows":[]},"_links":{"self":[{"href":"https:\/\/emea.technetix.com\/de\/wp-json\/wp\/v2\/pages\/6228","targetHints":{"allow":["GET"]}}],"collection":[{"href":"https:\/\/emea.technetix.com\/de\/wp-json\/wp\/v2\/pages"}],"about":[{"href":"https:\/\/emea.technetix.com\/de\/wp-json\/wp\/v2\/types\/page"}],"author":[{"embeddable":true,"href":"https:\/\/emea.technetix.com\/de\/wp-json\/wp\/v2\/users\/1"}],"replies":[{"embeddable":true,"href":"https:\/\/emea.technetix.com\/de\/wp-json\/wp\/v2\/comments?post=6228"}],"version-history":[{"count":0,"href":"https:\/\/emea.technetix.com\/de\/wp-json\/wp\/v2\/pages\/6228\/revisions"}],"up":[{"embeddable":true,"href":"https:\/\/emea.technetix.com\/de\/wp-json\/wp\/v2\/pages\/6231"}],"wp:featuredmedia":[{"embeddable":true,"href":"https:\/\/emea.technetix.com\/de\/wp-json\/wp\/v2\/media\/866"}],"wp:attachment":[{"href":"https:\/\/emea.technetix.com\/de\/wp-json\/wp\/v2\/media?parent=6228"}],"curies":[{"name":"wp","href":"https:\/\/api.w.org\/{rel}","templated":true}]}}