{"id":6225,"date":"2023-01-20T17:16:33","date_gmt":"2023-01-20T17:16:33","guid":{"rendered":"https:\/\/emea.technetix.com\/distributed-gain-architektur\/"},"modified":"2024-02-08T10:44:10","modified_gmt":"2024-02-08T10:44:10","slug":"distributed-gain-architektur","status":"publish","type":"page","link":"https:\/\/emea.technetix.com\/de\/unsere-vision\/distributed-gain-architektur\/","title":{"rendered":"Distributed-Gain-Architektur"},"content":{"rendered":"<div class=\"gb-container gb-container-f86f3f4f gb-container-hero-banner\"><div class=\"gb-inside-container\"><\/div><\/div>\n\n<div class=\"gb-container gb-container-bbf9251f gb-container-inner-back-page-con\">\n<h1 class=\"gb-headline gb-headline-e1547755 gb-headline-text\">Distributed-Gain-Architektur<\/h1>\n\n\n<h2 class=\"gb-headline gb-headline-d02c52e4 gb-headline-text\">Die Distributed-Gain-Architektur (DGA) wurde f\u00fcr Netzbetreiber entwickelt, die mit geringem Aufwand gr\u00f6\u00dferen Nutzen \u00fcber ihr Koax-Netzwerk erzielen m\u00f6chten.<\/h2>\n\n\n\n<ul class=\"wp-block-list\">\n<li>Mehr Kapazit\u00e4t<\/li>\n\n\n\n<li>Mehr Flexibilit\u00e4t<\/li>\n\n\n\n<li>H\u00f6here Zuverl\u00e4ssigkeit<\/li>\n\n\n\n<li>Weniger Aufwand<\/li>\n\n\n\n<li>Geringere Leistungsaufnahme<\/li>\n<\/ul>\n\n\n\n<p class=\"gb-headline gb-headline-6656b5c3 gb-headline-text\">DGA erm\u00f6glicht es Ihnen, mit weniger Aufwand einen h\u00f6heren Ertrag zu erzielen \u2212 mehr f\u00fcr weniger.<\/p>\n\n\n\n<h2 class=\"gb-headline gb-headline-6b17d0fd gb-headline-text gb-headline-h2-in-content\">Wie ist dies m\u00f6glich?<\/h2>\n\n\n\n<p class=\"gb-headline gb-headline-623f5b86 gb-headline-text\">Ein hybrides Glasfaser-Koax-Netzwerk (HFC) ist f\u00fcr die \u00dcbertragung von Daten- und TV-Signalen von einer Kopfstelle zur Liegenschaft eines Teilnehmers gebaut. W\u00e4hrend der \u00dcbertragung von der Kopfstelle \u00fcber das Koaxialkabel verringert sich die Signalst\u00e4rke. Daher werden entlang der Strecke Verst\u00e4rker zur Kompensation des Verlusts eingesetzt. Mit steigender Geschwindigkeit und Frequenz erh\u00f6ht sich auch der Verlust auf der Strecke und die Verst\u00e4rker m\u00fcssen mehr leisten.  <\/p>\n\n\n\n<p class=\"gb-headline gb-headline-767d4658 gb-headline-text\">Das Verh\u00e4ltnis zwischen dem von den Verst\u00e4rkern erzeugten Gewinn und der hierf\u00fcr erforderlichen Leistung wird mit zunehmenden Gewinn immer schlechter. Die Distributed-Gain-Architektur verwendet kleinere Verst\u00e4rker mit einem extrem hohen Gewinn-Leistungs-Verh\u00e4ltnis und erm\u00f6glicht so die \u00dcberwindung einer gewissen Strecke mit nur einem Drittel der Leistungsaufnahme im Vergleich zum klassischen Netzaufbau. <\/p>\n\n\n\n<figure class=\"gb-block-image gb-block-image-f5380205\"><img loading=\"lazy\" decoding=\"async\" width=\"1920\" height=\"707\" class=\"gb-image gb-image-f5380205\" src=\"https:\/\/emea.technetix.com\/wp-content\/uploads\/sites\/2\/2023\/01\/DIAGRAM_FINAL_DGA_1920px.jpeg\" alt=\"Das Netzwerk von heute: hohe Verst\u00e4rkung, hohe Leistung\" srcset=\"https:\/\/emea.technetix.com\/wp-content\/uploads\/sites\/2\/2023\/01\/DIAGRAM_FINAL_DGA_1920px.jpeg 1920w, https:\/\/emea.technetix.com\/wp-content\/uploads\/sites\/2\/2023\/01\/DIAGRAM_FINAL_DGA_1920px-300x110.jpeg 300w, https:\/\/emea.technetix.com\/wp-content\/uploads\/sites\/2\/2023\/01\/DIAGRAM_FINAL_DGA_1920px-1024x377.jpeg 1024w, https:\/\/emea.technetix.com\/wp-content\/uploads\/sites\/2\/2023\/01\/DIAGRAM_FINAL_DGA_1920px-768x283.jpeg 768w, https:\/\/emea.technetix.com\/wp-content\/uploads\/sites\/2\/2023\/01\/DIAGRAM_FINAL_DGA_1920px-1536x566.jpeg 1536w, https:\/\/emea.technetix.com\/wp-content\/uploads\/sites\/2\/2023\/01\/DIAGRAM_FINAL_DGA_1920px-600x221.jpeg 600w\" sizes=\"auto, (max-width: 1920px) 100vw, 1920px\" \/><\/figure>\n\n\n\n<p class=\"gb-headline gb-headline-6543274b gb-headline-text gb-headline-image-caption\">Das Netzwerk von heute: hohe Verst\u00e4rkung, hohe Leistung<\/p>\n\n\n\n<figure class=\"gb-block-image gb-block-image-228e3ad1\"><img loading=\"lazy\" decoding=\"async\" width=\"1920\" height=\"475\" class=\"gb-image gb-image-228e3ad1\" src=\"https:\/\/emea.technetix.com\/wp-content\/uploads\/sites\/2\/2023\/01\/DIAGRAM_FINAL_DGA2_1920px.jpeg\" alt=\"Distributed-Gain-Architektur (DGA)\" srcset=\"https:\/\/emea.technetix.com\/wp-content\/uploads\/sites\/2\/2023\/01\/DIAGRAM_FINAL_DGA2_1920px.jpeg 1920w, https:\/\/emea.technetix.com\/wp-content\/uploads\/sites\/2\/2023\/01\/DIAGRAM_FINAL_DGA2_1920px-300x74.jpeg 300w, https:\/\/emea.technetix.com\/wp-content\/uploads\/sites\/2\/2023\/01\/DIAGRAM_FINAL_DGA2_1920px-1024x253.jpeg 1024w, https:\/\/emea.technetix.com\/wp-content\/uploads\/sites\/2\/2023\/01\/DIAGRAM_FINAL_DGA2_1920px-768x190.jpeg 768w, https:\/\/emea.technetix.com\/wp-content\/uploads\/sites\/2\/2023\/01\/DIAGRAM_FINAL_DGA2_1920px-1536x380.jpeg 1536w, https:\/\/emea.technetix.com\/wp-content\/uploads\/sites\/2\/2023\/01\/DIAGRAM_FINAL_DGA2_1920px-600x148.jpeg 600w\" sizes=\"auto, (max-width: 1920px) 100vw, 1920px\" \/><\/figure>\n\n\n\n<p class=\"gb-headline gb-headline-52ff7817 gb-headline-text gb-headline-image-caption\">Distributed-Gain-Architektur (DGA)<\/p>\n\n\n\n<p class=\"gb-headline gb-headline-c9b08205 gb-headline-text\">Aufgrund der geringen Leistungsaufnahme und durch energieeffizientere Komponenten erzeugt der in DGA genutzte Verst\u00e4rker deutlich weniger W\u00e4rme. Dies resultiert in einer deutlich geringeren Belastung der DGA-Verst\u00e4rker und damit in einer zehnfach h\u00f6heren Zuverl\u00e4ssigkeit. <\/p>\n\n\n\n<p class=\"gb-headline gb-headline-399aa230 gb-headline-text\">Signalst\u00e4rke und -qualit\u00e4t sind weitere Vorteile der DGA. Aufgrund des \u00fcberlegenen Gewinn-Leistungsverh\u00e4ltnisses der DGA, weisen die Verst\u00e4rker eine deutlich kleinere Bauform auf (\u00e4hnlich der Baugr\u00f6\u00dfe eines Abzweigers f\u00fcr den Au\u00dfeneinsatz) und k\u00f6nnen daher dort eingesetzt werden, wo sie ben\u00f6tigt werden. Daher zeigen die Bereiche, in denen Intermodulation und Rauschen in einem Verst\u00e4rker auftreten, eine deutlich verbesserte Signalst\u00e4rke und eine sp\u00fcrbar bessere Signalqualit\u00e4t. Nun k\u00f6nnen h\u00f6here Modulation-Schemata genutzt und mehr Daten \u00fcber das Netzwerk transportiert werden.  <\/p>\n\n\n\n<p class=\"gb-headline gb-headline-51171ed7 gb-headline-text\">Analysen der Gesamtbetriebskosten (Total Cost of Ownership, TCO) und der Kapazit\u00e4t zeigen, dass im Verlauf von 10 Jahren 40 % mehr Datenkapazit\u00e4t mit 37 % geringeren TCO generiert werden kann.<\/p>\n\n<\/div>\n\n<div class=\"gb-container gb-container-4d40766b gb-container-con-buttons-bottom\">\n\n<h2 class=\"gb-headline gb-headline-7ce6fa4b gb-headline-text gb-headline-head-bottom-buttons\">N\u00fctzliche Links<\/h2>\n\n\n<div class=\"gb-button-wrapper gb-button-wrapper-5300c273 gb-button-wrapper-after-con-buttons\">\n\n<a class=\"gb-button gb-button-5e4e6530 gb-button-text gb-button-bottom-button\" href=\"https:\/\/emea.technetix.com\/de\/hfc-netzwerke\/access-verstarker\/dnn\/dna-1800\/\">DNA-1800<\/a>\n\n\n\n<a class=\"gb-button gb-button-e7a0fe73 gb-button-text gb-button-bottom-button\" href=\"https:\/\/emea.technetix.com\/de\/technetix-akademie\/\">Technetix Akademie<\/a>\n\n\n\n<a class=\"gb-button gb-button-ff3bad62 gb-button-text gb-button-bottom-button\" href=\"https:\/\/emea.technetix.com\/de\/netzwerk-consulting\/\">Netzwerk-Consulting<\/a>\n\n\n\n<a class=\"gb-button gb-button-3eadfa91 gb-button-text gb-button-bottom-button\" href=\"https:\/\/emea.technetix.com\/wp-content\/uploads\/sites\/2\/2023\/02\/DGA_WP_EN.pdf\" target=\"_blank\" rel=\"noopener noreferrer\">White paper<\/a>\n\n\n\n<a class=\"gb-button gb-button-74bfad52 gb-button-text gb-button-bottom-button\" href=\"https:\/\/emea.technetix.com\/de\/kontakt\/\">Kontakt<\/a>\n\n<\/div>\n<\/div>","protected":false},"excerpt":{"rendered":"<p>Distributed-Gain-Architektur Die Distributed-Gain-Architektur (DGA) wurde f\u00fcr Netzbetreiber entwickelt, die mit geringem Aufwand gr\u00f6\u00dferen Nutzen \u00fcber ihr Koax-Netzwerk erzielen m\u00f6chten. DGA erm\u00f6glicht es Ihnen, mit weniger Aufwand einen h\u00f6heren Ertrag zu erzielen \u2212 mehr f\u00fcr weniger. Wie ist dies m\u00f6glich? Ein hybrides Glasfaser-Koax-Netzwerk (HFC) ist f\u00fcr die \u00dcbertragung von Daten- und TV-Signalen von einer Kopfstelle zur &#8230; <a title=\"Distributed-Gain-Architektur\" class=\"read-more\" href=\"https:\/\/emea.technetix.com\/de\/unsere-vision\/distributed-gain-architektur\/\" aria-label=\"Mehr Informationen \u00fcber Distributed-Gain-Architektur\">Read more<\/a><\/p>\n","protected":false},"author":1,"featured_media":6236,"parent":6231,"menu_order":0,"comment_status":"closed","ping_status":"closed","template":"","meta":{"_acf_changed":false,"_gspb_post_css":"","footnotes":""},"class_list":["post-6225","page","type-page","status-publish","has-post-thumbnail"],"yoast_head":"<!-- This site is optimized with the Yoast SEO Premium plugin v22.5 (Yoast SEO v27.4) - https:\/\/yoast.com\/product\/yoast-seo-premium-wordpress\/ -->\n<title>Distributed-Gain-Architektur - Technetix EMEA<\/title>\n<meta name=\"robots\" content=\"index, follow, max-snippet:-1, max-image-preview:large, max-video-preview:-1\" \/>\n<link rel=\"canonical\" href=\"https:\/\/emea.technetix.com\/de\/unsere-vision\/distributed-gain-architektur\/\" \/>\n<meta property=\"og:locale\" content=\"de_DE\" \/>\n<meta property=\"og:type\" content=\"article\" \/>\n<meta property=\"og:title\" content=\"Distributed-Gain-Architektur - Technetix EMEA\" \/>\n<meta property=\"og:description\" content=\"Distributed-Gain-Architektur Die Distributed-Gain-Architektur (DGA) wurde f\u00fcr Netzbetreiber entwickelt, die mit geringem Aufwand gr\u00f6\u00dferen Nutzen \u00fcber ihr Koax-Netzwerk erzielen m\u00f6chten. DGA erm\u00f6glicht es Ihnen, mit weniger Aufwand einen h\u00f6heren Ertrag zu erzielen \u2212 mehr f\u00fcr weniger. Wie ist dies m\u00f6glich? Ein hybrides Glasfaser-Koax-Netzwerk (HFC) ist f\u00fcr die \u00dcbertragung von Daten- und TV-Signalen von einer Kopfstelle zur ... Read more\" \/>\n<meta property=\"og:url\" content=\"https:\/\/emea.technetix.com\/de\/unsere-vision\/distributed-gain-architektur\/\" \/>\n<meta property=\"og:site_name\" content=\"Technetix EMEA\" \/>\n<meta property=\"article:modified_time\" content=\"2024-02-08T10:44:10+00:00\" \/>\n<meta property=\"og:image\" content=\"https:\/\/emea.technetix.com\/wp-content\/uploads\/sites\/2\/2023\/03\/SOLUTIONS_LARGE_DGA_DE_FINAL.jpeg\" \/>\n\t<meta property=\"og:image:width\" content=\"1920\" \/>\n\t<meta property=\"og:image:height\" content=\"450\" \/>\n\t<meta property=\"og:image:type\" content=\"image\/jpeg\" \/>\n<meta name=\"twitter:card\" content=\"summary_large_image\" \/>\n<meta name=\"twitter:site\" content=\"@technetixgroup\" \/>\n<meta name=\"twitter:label1\" content=\"Gesch\u00e4tzte Lesezeit\" \/>\n\t<meta name=\"twitter:data1\" content=\"2\u00a0Minuten\" \/>\n<script type=\"application\/ld+json\" class=\"yoast-schema-graph\">{\"@context\":\"https:\\\/\\\/schema.org\",\"@graph\":[{\"@type\":\"WebPage\",\"@id\":\"https:\\\/\\\/emea.technetix.com\\\/de\\\/unsere-vision\\\/distributed-gain-architektur\\\/\",\"url\":\"https:\\\/\\\/emea.technetix.com\\\/de\\\/unsere-vision\\\/distributed-gain-architektur\\\/\",\"name\":\"Distributed-Gain-Architektur - Technetix EMEA\",\"isPartOf\":{\"@id\":\"https:\\\/\\\/emea.technetix.com\\\/de\\\/#website\"},\"primaryImageOfPage\":{\"@id\":\"https:\\\/\\\/emea.technetix.com\\\/de\\\/unsere-vision\\\/distributed-gain-architektur\\\/#primaryimage\"},\"image\":{\"@id\":\"https:\\\/\\\/emea.technetix.com\\\/de\\\/unsere-vision\\\/distributed-gain-architektur\\\/#primaryimage\"},\"thumbnailUrl\":\"https:\\\/\\\/emea.technetix.com\\\/wp-content\\\/uploads\\\/sites\\\/2\\\/2023\\\/03\\\/SOLUTIONS_LARGE_DGA_DE_FINAL.jpeg\",\"datePublished\":\"2023-01-20T17:16:33+00:00\",\"dateModified\":\"2024-02-08T10:44:10+00:00\",\"breadcrumb\":{\"@id\":\"https:\\\/\\\/emea.technetix.com\\\/de\\\/unsere-vision\\\/distributed-gain-architektur\\\/#breadcrumb\"},\"inLanguage\":\"de\",\"potentialAction\":[{\"@type\":\"ReadAction\",\"target\":[\"https:\\\/\\\/emea.technetix.com\\\/de\\\/unsere-vision\\\/distributed-gain-architektur\\\/\"]}]},{\"@type\":\"ImageObject\",\"inLanguage\":\"de\",\"@id\":\"https:\\\/\\\/emea.technetix.com\\\/de\\\/unsere-vision\\\/distributed-gain-architektur\\\/#primaryimage\",\"url\":\"https:\\\/\\\/emea.technetix.com\\\/wp-content\\\/uploads\\\/sites\\\/2\\\/2023\\\/03\\\/SOLUTIONS_LARGE_DGA_DE_FINAL.jpeg\",\"contentUrl\":\"https:\\\/\\\/emea.technetix.com\\\/wp-content\\\/uploads\\\/sites\\\/2\\\/2023\\\/03\\\/SOLUTIONS_LARGE_DGA_DE_FINAL.jpeg\",\"width\":1920,\"height\":450},{\"@type\":\"BreadcrumbList\",\"@id\":\"https:\\\/\\\/emea.technetix.com\\\/de\\\/unsere-vision\\\/distributed-gain-architektur\\\/#breadcrumb\",\"itemListElement\":[{\"@type\":\"ListItem\",\"position\":1,\"name\":\"Home\",\"item\":\"https:\\\/\\\/emea.technetix.com\\\/de\\\/\"},{\"@type\":\"ListItem\",\"position\":2,\"name\":\"Unsere Vision\",\"item\":\"https:\\\/\\\/emea.technetix.com\\\/de\\\/unsere-vision\\\/\"},{\"@type\":\"ListItem\",\"position\":3,\"name\":\"Distributed-Gain-Architektur\"}]},{\"@type\":\"WebSite\",\"@id\":\"https:\\\/\\\/emea.technetix.com\\\/de\\\/#website\",\"url\":\"https:\\\/\\\/emea.technetix.com\\\/de\\\/\",\"name\":\"Technetix\",\"description\":\"Next-generation broadband equipment engineering\",\"publisher\":{\"@id\":\"https:\\\/\\\/emea.technetix.com\\\/de\\\/#organization\"},\"potentialAction\":[{\"@type\":\"SearchAction\",\"target\":{\"@type\":\"EntryPoint\",\"urlTemplate\":\"https:\\\/\\\/emea.technetix.com\\\/de\\\/?s={search_term_string}\"},\"query-input\":{\"@type\":\"PropertyValueSpecification\",\"valueRequired\":true,\"valueName\":\"search_term_string\"}}],\"inLanguage\":\"de\"},{\"@type\":\"Organization\",\"@id\":\"https:\\\/\\\/emea.technetix.com\\\/de\\\/#organization\",\"name\":\"Technetix\",\"url\":\"https:\\\/\\\/emea.technetix.com\\\/de\\\/\",\"logo\":{\"@type\":\"ImageObject\",\"inLanguage\":\"de\",\"@id\":\"https:\\\/\\\/emea.technetix.com\\\/de\\\/#\\\/schema\\\/logo\\\/image\\\/\",\"url\":\"https:\\\/\\\/emea.technetix.com\\\/wp-content\\\/uploads\\\/sites\\\/2\\\/2023\\\/06\\\/logo-Technetix-1000x1000-1.png\",\"contentUrl\":\"https:\\\/\\\/emea.technetix.com\\\/wp-content\\\/uploads\\\/sites\\\/2\\\/2023\\\/06\\\/logo-Technetix-1000x1000-1.png\",\"width\":1000,\"height\":1000,\"caption\":\"Technetix\"},\"image\":{\"@id\":\"https:\\\/\\\/emea.technetix.com\\\/de\\\/#\\\/schema\\\/logo\\\/image\\\/\"},\"sameAs\":[\"https:\\\/\\\/x.com\\\/technetixgroup\",\"https:\\\/\\\/www.linkedin.com\\\/company\\\/technetix\\\/\",\"https:\\\/\\\/www.youtube.com\\\/c\\\/Technetix-group\"]}]}<\/script>\n<!-- \/ Yoast SEO Premium plugin. -->","yoast_head_json":{"title":"Distributed-Gain-Architektur - Technetix EMEA","robots":{"index":"index","follow":"follow","max-snippet":"max-snippet:-1","max-image-preview":"max-image-preview:large","max-video-preview":"max-video-preview:-1"},"canonical":"https:\/\/emea.technetix.com\/de\/unsere-vision\/distributed-gain-architektur\/","og_locale":"de_DE","og_type":"article","og_title":"Distributed-Gain-Architektur - Technetix EMEA","og_description":"Distributed-Gain-Architektur Die Distributed-Gain-Architektur (DGA) wurde f\u00fcr Netzbetreiber entwickelt, die mit geringem Aufwand gr\u00f6\u00dferen Nutzen \u00fcber ihr Koax-Netzwerk erzielen m\u00f6chten. DGA erm\u00f6glicht es Ihnen, mit weniger Aufwand einen h\u00f6heren Ertrag zu erzielen \u2212 mehr f\u00fcr weniger. Wie ist dies m\u00f6glich? Ein hybrides Glasfaser-Koax-Netzwerk (HFC) ist f\u00fcr die \u00dcbertragung von Daten- und TV-Signalen von einer Kopfstelle zur ... Read more","og_url":"https:\/\/emea.technetix.com\/de\/unsere-vision\/distributed-gain-architektur\/","og_site_name":"Technetix EMEA","article_modified_time":"2024-02-08T10:44:10+00:00","og_image":[{"width":1920,"height":450,"url":"https:\/\/emea.technetix.com\/wp-content\/uploads\/sites\/2\/2023\/03\/SOLUTIONS_LARGE_DGA_DE_FINAL.jpeg","type":"image\/jpeg"}],"twitter_card":"summary_large_image","twitter_site":"@technetixgroup","twitter_misc":{"Gesch\u00e4tzte Lesezeit":"2\u00a0Minuten"},"schema":{"@context":"https:\/\/schema.org","@graph":[{"@type":"WebPage","@id":"https:\/\/emea.technetix.com\/de\/unsere-vision\/distributed-gain-architektur\/","url":"https:\/\/emea.technetix.com\/de\/unsere-vision\/distributed-gain-architektur\/","name":"Distributed-Gain-Architektur - Technetix EMEA","isPartOf":{"@id":"https:\/\/emea.technetix.com\/de\/#website"},"primaryImageOfPage":{"@id":"https:\/\/emea.technetix.com\/de\/unsere-vision\/distributed-gain-architektur\/#primaryimage"},"image":{"@id":"https:\/\/emea.technetix.com\/de\/unsere-vision\/distributed-gain-architektur\/#primaryimage"},"thumbnailUrl":"https:\/\/emea.technetix.com\/wp-content\/uploads\/sites\/2\/2023\/03\/SOLUTIONS_LARGE_DGA_DE_FINAL.jpeg","datePublished":"2023-01-20T17:16:33+00:00","dateModified":"2024-02-08T10:44:10+00:00","breadcrumb":{"@id":"https:\/\/emea.technetix.com\/de\/unsere-vision\/distributed-gain-architektur\/#breadcrumb"},"inLanguage":"de","potentialAction":[{"@type":"ReadAction","target":["https:\/\/emea.technetix.com\/de\/unsere-vision\/distributed-gain-architektur\/"]}]},{"@type":"ImageObject","inLanguage":"de","@id":"https:\/\/emea.technetix.com\/de\/unsere-vision\/distributed-gain-architektur\/#primaryimage","url":"https:\/\/emea.technetix.com\/wp-content\/uploads\/sites\/2\/2023\/03\/SOLUTIONS_LARGE_DGA_DE_FINAL.jpeg","contentUrl":"https:\/\/emea.technetix.com\/wp-content\/uploads\/sites\/2\/2023\/03\/SOLUTIONS_LARGE_DGA_DE_FINAL.jpeg","width":1920,"height":450},{"@type":"BreadcrumbList","@id":"https:\/\/emea.technetix.com\/de\/unsere-vision\/distributed-gain-architektur\/#breadcrumb","itemListElement":[{"@type":"ListItem","position":1,"name":"Home","item":"https:\/\/emea.technetix.com\/de\/"},{"@type":"ListItem","position":2,"name":"Unsere Vision","item":"https:\/\/emea.technetix.com\/de\/unsere-vision\/"},{"@type":"ListItem","position":3,"name":"Distributed-Gain-Architektur"}]},{"@type":"WebSite","@id":"https:\/\/emea.technetix.com\/de\/#website","url":"https:\/\/emea.technetix.com\/de\/","name":"Technetix","description":"Next-generation broadband equipment engineering","publisher":{"@id":"https:\/\/emea.technetix.com\/de\/#organization"},"potentialAction":[{"@type":"SearchAction","target":{"@type":"EntryPoint","urlTemplate":"https:\/\/emea.technetix.com\/de\/?s={search_term_string}"},"query-input":{"@type":"PropertyValueSpecification","valueRequired":true,"valueName":"search_term_string"}}],"inLanguage":"de"},{"@type":"Organization","@id":"https:\/\/emea.technetix.com\/de\/#organization","name":"Technetix","url":"https:\/\/emea.technetix.com\/de\/","logo":{"@type":"ImageObject","inLanguage":"de","@id":"https:\/\/emea.technetix.com\/de\/#\/schema\/logo\/image\/","url":"https:\/\/emea.technetix.com\/wp-content\/uploads\/sites\/2\/2023\/06\/logo-Technetix-1000x1000-1.png","contentUrl":"https:\/\/emea.technetix.com\/wp-content\/uploads\/sites\/2\/2023\/06\/logo-Technetix-1000x1000-1.png","width":1000,"height":1000,"caption":"Technetix"},"image":{"@id":"https:\/\/emea.technetix.com\/de\/#\/schema\/logo\/image\/"},"sameAs":["https:\/\/x.com\/technetixgroup","https:\/\/www.linkedin.com\/company\/technetix\/","https:\/\/www.youtube.com\/c\/Technetix-group"]}]}},"acf":[],"publishpress_future_workflow_manual_trigger":{"enabledWorkflows":[]},"_links":{"self":[{"href":"https:\/\/emea.technetix.com\/de\/wp-json\/wp\/v2\/pages\/6225","targetHints":{"allow":["GET"]}}],"collection":[{"href":"https:\/\/emea.technetix.com\/de\/wp-json\/wp\/v2\/pages"}],"about":[{"href":"https:\/\/emea.technetix.com\/de\/wp-json\/wp\/v2\/types\/page"}],"author":[{"embeddable":true,"href":"https:\/\/emea.technetix.com\/de\/wp-json\/wp\/v2\/users\/1"}],"replies":[{"embeddable":true,"href":"https:\/\/emea.technetix.com\/de\/wp-json\/wp\/v2\/comments?post=6225"}],"version-history":[{"count":0,"href":"https:\/\/emea.technetix.com\/de\/wp-json\/wp\/v2\/pages\/6225\/revisions"}],"up":[{"embeddable":true,"href":"https:\/\/emea.technetix.com\/de\/wp-json\/wp\/v2\/pages\/6231"}],"wp:featuredmedia":[{"embeddable":true,"href":"https:\/\/emea.technetix.com\/de\/wp-json\/wp\/v2\/media\/6236"}],"wp:attachment":[{"href":"https:\/\/emea.technetix.com\/de\/wp-json\/wp\/v2\/media?parent=6225"}],"curies":[{"name":"wp","href":"https:\/\/api.w.org\/{rel}","templated":true}]}}