{"id":6215,"date":"2023-01-20T17:08:04","date_gmt":"2023-01-20T17:08:04","guid":{"rendered":"https:\/\/emea.technetix.com\/10-gbps-uber-koax-fur-unternehmen\/"},"modified":"2024-02-08T10:41:09","modified_gmt":"2024-02-08T10:41:09","slug":"10-gbps-uber-koax-fur-unternehmen","status":"publish","type":"page","link":"https:\/\/emea.technetix.com\/de\/unsere-vision\/10-gbps-uber-koax-fur-unternehmen\/","title":{"rendered":"10 Gbps \u00fcber Koax f\u00fcr Unternehmen"},"content":{"rendered":"<div class=\"gb-container gb-container-f86f3f4f gb-container-hero-banner\"><div class=\"gb-inside-container\"><\/div><\/div>\n\n<div class=\"gb-container gb-container-d02d9e1a gb-container-inner-back-page-con\">\n<h1 class=\"gb-headline gb-headline-e1547755 gb-headline-text\">10 Gbps \u00fcber Koax f\u00fcr Unternehmen<\/h1>\n\n\n<h2 class=\"gb-headline gb-headline-d02c52e4 gb-headline-text\">Virtual Segmentation\u2122, die virtuelle Glasfaserl\u00f6sung von Technetix, kann Ihr Netzwerk auf bis zu 10 Gbps erweitern und erm\u00f6glicht Ihnen das Angebot von Hochgeschwindigkeitsverbindungen \u00fcber Koax f\u00fcr Unternehmenskunden.<\/h2>\n\n\n\n<ul class=\"wp-block-list\">\n<li>Hochgeschwindigkeit<\/li>\n\n\n\n<li>Geringe Latenz<\/li>\n\n\n\n<li>Schnelle Installation<\/li>\n\n\n\n<li>Symmetrisch<\/li>\n\n\n\n<li>Bis zu 10 Gbps<\/li>\n\n\n\n<li>Keine Ver\u00e4nderung des Netzwerks<\/li>\n<\/ul>\n\n\n\n<p class=\"gb-headline gb-headline-6656b5c3 gb-headline-text\">Ein klassisches HFC-Netzwerk nutzt die Netzwerkkapazit\u00e4t nur eingeschr\u00e4nkt, es werden 862 MHz, 1006 MHz und manchmal bis zu 1218 MHz verwendet.<\/p>\n\n\n\n<p class=\"gb-headline gb-headline-a8794b0c gb-headline-text\">Mit DOCSIS 3.0 und DOCSIS 3.1 k\u00f6nnen Sie Ihren Privatkunden die ben\u00f6tigten Dienste anbieten \u2013 Gesch\u00e4ftskunden haben jedoch andere Anforderungen.<\/p>\n\n<\/div>\n\n<div class=\"gb-container gb-container-bf0e03f7\">\n<div class=\"gb-container gb-container-e12a4e8a\">\n\n<h3 class=\"gb-headline gb-headline-bb2241bc gb-headline-text\">Was ben\u00f6tigen Gesch\u00e4ftskunden?<\/h3>\n\n\n\n<p class=\"gb-headline gb-headline-227b6ebb gb-headline-text\">Geschwindigkeit \u2013 Hochgeschwindigkeit: Ein Gesch\u00e4ftskunde wird symmetrische Verbindungen ben\u00f6tigen, die eine hervorragende Qualit\u00e4t und ein sehr gro\u00dfes Ma\u00df an Sicherheit aufweisen. K\u00f6nnen wir hierf\u00fcr DOCSIS nutzen? Dies wird einen gro\u00dfen Teil der Kapazit\u00e4t unserer Standard-Gesch\u00e4ftskunden nutzen. Glasfaser ist die offensichtliche Alternative \u2013 der Aufbau von Glasfaserverbindungen ist jedoch zeitaufw\u00e4ndig. H\u00e4ufig entstehen Verz\u00f6gerungen durch die Wartezeit auf \u00f6ffentliche Genehmigungen oder Kostensteigerungen bei den Tiefbauarbeiten. Die Virtuelle Segmentierungs-L\u00f6sung kann in nur wenigen Tagen eingerichtet werden!     <\/p>\n\n<\/div>\n\n<div class=\"gb-container gb-container-a537d1f3\">\n\n<figure class=\"gb-block-image gb-block-image-ed0c3143\"><img loading=\"lazy\" decoding=\"async\" width=\"1000\" height=\"1000\" class=\"gb-image gb-image-ed0c3143\" src=\"https:\/\/emea.technetix.com\/wp-content\/uploads\/sites\/2\/2023\/01\/1000X1000_BUSINESS-CUSTOMERS.jpeg\" alt=\"Geschwindigkeit \u2013 Hochgeschwindigkeit: Ein Gesch\u00e4ftskunde wird symmetrische Verbindungen ben\u00f6tigen, die eine hervorragende Qualit\u00e4t und ein sehr gro\u00dfes Ma\u00df an Sicherheit aufweisen.\" srcset=\"https:\/\/emea.technetix.com\/wp-content\/uploads\/sites\/2\/2023\/01\/1000X1000_BUSINESS-CUSTOMERS.jpeg 1000w, https:\/\/emea.technetix.com\/wp-content\/uploads\/sites\/2\/2023\/01\/1000X1000_BUSINESS-CUSTOMERS-300x300.jpeg 300w, https:\/\/emea.technetix.com\/wp-content\/uploads\/sites\/2\/2023\/01\/1000X1000_BUSINESS-CUSTOMERS-150x150.jpeg 150w, https:\/\/emea.technetix.com\/wp-content\/uploads\/sites\/2\/2023\/01\/1000X1000_BUSINESS-CUSTOMERS-768x768.jpeg 768w, https:\/\/emea.technetix.com\/wp-content\/uploads\/sites\/2\/2023\/01\/1000X1000_BUSINESS-CUSTOMERS-600x600.jpeg 600w, https:\/\/emea.technetix.com\/wp-content\/uploads\/sites\/2\/2023\/01\/1000X1000_BUSINESS-CUSTOMERS-100x100.jpeg 100w\" sizes=\"auto, (max-width: 1000px) 100vw, 1000px\" \/><\/figure>\n\n<\/div>\n<\/div>\n\n<div class=\"gb-container gb-container-78f30cf9\">\n<div class=\"gb-container gb-container-ef286b58\">\n\n<figure class=\"gb-block-image gb-block-image-e7ba4278\"><img loading=\"lazy\" decoding=\"async\" width=\"1000\" height=\"1000\" class=\"gb-image gb-image-e7ba4278\" src=\"https:\/\/emea.technetix.com\/wp-content\/uploads\/sites\/2\/2023\/01\/1000X1000_VS.jpeg\" alt=\"Virtual Segmentation ist eine HF-\u00dcberlagerung, die in jedem HFC-Netzwerk eingesetzt werden kann. Koax-Kabel werden bis zu 1218 MHz genutzt und sind nun bis zu 4000 MHz verf\u00fcgbar. Somit wird ein ungenutztes Spektrum von 2800 MHz frei.\" srcset=\"https:\/\/emea.technetix.com\/wp-content\/uploads\/sites\/2\/2023\/01\/1000X1000_VS.jpeg 1000w, https:\/\/emea.technetix.com\/wp-content\/uploads\/sites\/2\/2023\/01\/1000X1000_VS-300x300.jpeg 300w, https:\/\/emea.technetix.com\/wp-content\/uploads\/sites\/2\/2023\/01\/1000X1000_VS-150x150.jpeg 150w, https:\/\/emea.technetix.com\/wp-content\/uploads\/sites\/2\/2023\/01\/1000X1000_VS-768x768.jpeg 768w, https:\/\/emea.technetix.com\/wp-content\/uploads\/sites\/2\/2023\/01\/1000X1000_VS-600x600.jpeg 600w, https:\/\/emea.technetix.com\/wp-content\/uploads\/sites\/2\/2023\/01\/1000X1000_VS-100x100.jpeg 100w\" sizes=\"auto, (max-width: 1000px) 100vw, 1000px\" \/><\/figure>\n\n<\/div>\n\n<div class=\"gb-container gb-container-441af29a\">\n\n<h3 class=\"gb-headline gb-headline-7952711f gb-headline-text\">Was ist Virtual Segmentation?<\/h3>\n\n\n\n<p class=\"gb-headline gb-headline-5ca9c1ab gb-headline-text\">Virtual Segmentation ist eine HF-\u00dcberlagerung, die in jedem HFC-Netzwerk eingesetzt werden kann. Koax-Kabel werden bis zu 1218 MHz genutzt und sind nun bis zu 4000 MHz verf\u00fcgbar. Somit wird ein ungenutztes Spektrum von 2800 MHz frei. <\/p>\n\n\n\n<p class=\"gb-headline gb-headline-fe37f0bb gb-headline-text\">Die Virtual Segmentation simuliert eine Glasfaserverbindung im Frequenzbereich \u00fcber 1218 MHz.<\/p>\n\n<\/div>\n<\/div>\n\n<div class=\"gb-container gb-container-a062927b gb-container-inner-back-page-con\">\n\n<p class=\"gb-headline gb-headline-c9c6befc gb-headline-text\">Eine transparente 10 Gbps-Ethernetverbindung wird f\u00fcr mehrere Dienste hergestellt. Gesch\u00e4ftskunden k\u00f6nnen einfach angeschlossen und ihnen eine symmetrische Verbindung von 1 Gbps bis zu 10 Gbps angeboten werden.<\/p>\n\n\n\n<figure class=\"gb-block-image gb-block-image-421fbf80\"><img loading=\"lazy\" decoding=\"async\" width=\"1920\" height=\"847\" class=\"gb-image gb-image-421fbf80\" src=\"https:\/\/emea.technetix.com\/wp-content\/uploads\/sites\/2\/2023\/01\/5G_-XHAUL_DIAGRAMS_x1-2.png\" alt=\"Eine transparente 10 Gbps-Ethernetverbindung wird f\u00fcr mehrere Dienste hergestellt. Gesch\u00e4ftskunden k\u00f6nnen einfach angeschlossen und ihnen eine symmetrische Verbindung von 1 Gbps bis zu 10 Gbps angeboten werden.\" srcset=\"https:\/\/emea.technetix.com\/wp-content\/uploads\/sites\/2\/2023\/01\/5G_-XHAUL_DIAGRAMS_x1-2.png 1920w, https:\/\/emea.technetix.com\/wp-content\/uploads\/sites\/2\/2023\/01\/5G_-XHAUL_DIAGRAMS_x1-2-300x132.png 300w, https:\/\/emea.technetix.com\/wp-content\/uploads\/sites\/2\/2023\/01\/5G_-XHAUL_DIAGRAMS_x1-2-1024x452.png 1024w, https:\/\/emea.technetix.com\/wp-content\/uploads\/sites\/2\/2023\/01\/5G_-XHAUL_DIAGRAMS_x1-2-768x339.png 768w, https:\/\/emea.technetix.com\/wp-content\/uploads\/sites\/2\/2023\/01\/5G_-XHAUL_DIAGRAMS_x1-2-1536x678.png 1536w, https:\/\/emea.technetix.com\/wp-content\/uploads\/sites\/2\/2023\/01\/5G_-XHAUL_DIAGRAMS_x1-2-600x265.png 600w\" sizes=\"auto, (max-width: 1920px) 100vw, 1920px\" \/><\/figure>\n\n\n\n<p class=\"gb-headline gb-headline-d9e061c3 gb-headline-text\">Virtuelle Glasfasern k\u00f6nnen durch die Positionierung eines Senders am Kabelanfang und eines Empf\u00e4ngers am Kabelende installiert werden. Die hohen Frequenzsignale werden anschlie\u00dfend durch Diplex-Filter ein- und ausgekoppelt. Bei langen Kabelstrecken steht ein Repeater zur Verf\u00fcgung. Ein Switch erm\u00f6glicht ein 10 Gbps Ethernet-Netzwerk unmittelbar neben dem HFC-Netzwerk. Das klassische Netzwerk steht allen Standard-Kunden und Diensten vollst\u00e4ndig zur Verf\u00fcgung.  <\/p>\n\n<\/div>\n\n<div class=\"gb-container gb-container-4341547e gb-container-con-buttons-bottom\">\n\n<h2 class=\"gb-headline gb-headline-aa083fcb gb-headline-text gb-headline-head-bottom-buttons\">N\u00fctzliche Links<\/h2>\n\n\n<div class=\"gb-button-wrapper gb-button-wrapper-0384e333 gb-button-wrapper-after-con-buttons\">\n\n<a class=\"gb-button gb-button-ca5fa09e gb-button-text gb-button-bottom-button\" href=\"https:\/\/emea.technetix.com\/de\/hfc-netzwerke\/virtuelle-segmentierung\/\">Virtual segmentation<\/a>\n\n\n\n<a class=\"gb-button gb-button-1248e729 gb-button-text gb-button-bottom-button\" href=\"https:\/\/emea.technetix.com\/de\/technetix-akademie\/\">Technetix Akademie<\/a>\n\n\n\n<a class=\"gb-button gb-button-0a1b5f1f gb-button-text gb-button-bottom-button\" href=\"https:\/\/emea.technetix.com\/de\/netzwerk-consulting\/\">Netzwerk-Consulting<\/a>\n\n\n\n<a class=\"gb-button gb-button-54f5a180 gb-button-text gb-button-bottom-button\" href=\"https:\/\/emea.technetix.com\/de\/kontakt\/\">Kontakt<\/a>\n\n<\/div>\n<\/div>","protected":false},"excerpt":{"rendered":"<p>10 Gbps \u00fcber Koax f\u00fcr Unternehmen Virtual Segmentation\u2122, die virtuelle Glasfaserl\u00f6sung von Technetix, kann Ihr Netzwerk auf bis zu 10 Gbps erweitern und erm\u00f6glicht Ihnen das Angebot von Hochgeschwindigkeitsverbindungen \u00fcber Koax f\u00fcr Unternehmenskunden. Ein klassisches HFC-Netzwerk nutzt die Netzwerkkapazit\u00e4t nur eingeschr\u00e4nkt, es werden 862 MHz, 1006 MHz und manchmal bis zu 1218 MHz verwendet. Mit &#8230; <a title=\"10 Gbps \u00fcber Koax f\u00fcr Unternehmen\" class=\"read-more\" href=\"https:\/\/emea.technetix.com\/de\/unsere-vision\/10-gbps-uber-koax-fur-unternehmen\/\" aria-label=\"Mehr Informationen \u00fcber 10 Gbps \u00fcber Koax f\u00fcr Unternehmen\">Read more<\/a><\/p>\n","protected":false},"author":1,"featured_media":818,"parent":6231,"menu_order":0,"comment_status":"closed","ping_status":"closed","template":"","meta":{"_acf_changed":false,"_gspb_post_css":"","footnotes":""},"class_list":["post-6215","page","type-page","status-publish","has-post-thumbnail"],"yoast_head":"<!-- This site is optimized with the Yoast SEO Premium plugin v22.5 (Yoast SEO v27.4) - https:\/\/yoast.com\/product\/yoast-seo-premium-wordpress\/ -->\n<title>10 Gbps \u00fcber Koax f\u00fcr Unternehmen - Technetix EMEA<\/title>\n<meta name=\"robots\" content=\"index, follow, max-snippet:-1, max-image-preview:large, max-video-preview:-1\" \/>\n<link rel=\"canonical\" href=\"https:\/\/emea.technetix.com\/de\/unsere-vision\/10-gbps-uber-koax-fur-unternehmen\/\" \/>\n<meta property=\"og:locale\" content=\"de_DE\" \/>\n<meta property=\"og:type\" content=\"article\" \/>\n<meta property=\"og:title\" content=\"10 Gbps \u00fcber Koax f\u00fcr Unternehmen - Technetix EMEA\" \/>\n<meta property=\"og:description\" content=\"10 Gbps \u00fcber Koax f\u00fcr Unternehmen Virtual Segmentation\u2122, die virtuelle Glasfaserl\u00f6sung von Technetix, kann Ihr Netzwerk auf bis zu 10 Gbps erweitern und erm\u00f6glicht Ihnen das Angebot von Hochgeschwindigkeitsverbindungen \u00fcber Koax f\u00fcr Unternehmenskunden. Ein klassisches HFC-Netzwerk nutzt die Netzwerkkapazit\u00e4t nur eingeschr\u00e4nkt, es werden 862 MHz, 1006 MHz und manchmal bis zu 1218 MHz verwendet. Mit ... Read more\" \/>\n<meta property=\"og:url\" content=\"https:\/\/emea.technetix.com\/de\/unsere-vision\/10-gbps-uber-koax-fur-unternehmen\/\" \/>\n<meta property=\"og:site_name\" content=\"Technetix EMEA\" \/>\n<meta property=\"article:modified_time\" content=\"2024-02-08T10:41:09+00:00\" \/>\n<meta property=\"og:image\" content=\"https:\/\/emea.technetix.com\/wp-content\/uploads\/sites\/2\/2023\/01\/SOLUTIONS_LARGE_10G_FINAL.jpg\" \/>\n\t<meta property=\"og:image:width\" content=\"1920\" \/>\n\t<meta property=\"og:image:height\" content=\"450\" \/>\n\t<meta property=\"og:image:type\" content=\"image\/jpeg\" \/>\n<meta name=\"twitter:card\" content=\"summary_large_image\" \/>\n<meta name=\"twitter:site\" content=\"@technetixgroup\" \/>\n<meta name=\"twitter:label1\" content=\"Gesch\u00e4tzte Lesezeit\" \/>\n\t<meta name=\"twitter:data1\" content=\"3\u00a0Minuten\" \/>\n<script type=\"application\/ld+json\" class=\"yoast-schema-graph\">{\"@context\":\"https:\\\/\\\/schema.org\",\"@graph\":[{\"@type\":\"WebPage\",\"@id\":\"https:\\\/\\\/emea.technetix.com\\\/de\\\/unsere-vision\\\/10-gbps-uber-koax-fur-unternehmen\\\/\",\"url\":\"https:\\\/\\\/emea.technetix.com\\\/de\\\/unsere-vision\\\/10-gbps-uber-koax-fur-unternehmen\\\/\",\"name\":\"10 Gbps \u00fcber Koax f\u00fcr Unternehmen - Technetix EMEA\",\"isPartOf\":{\"@id\":\"https:\\\/\\\/emea.technetix.com\\\/de\\\/#website\"},\"primaryImageOfPage\":{\"@id\":\"https:\\\/\\\/emea.technetix.com\\\/de\\\/unsere-vision\\\/10-gbps-uber-koax-fur-unternehmen\\\/#primaryimage\"},\"image\":{\"@id\":\"https:\\\/\\\/emea.technetix.com\\\/de\\\/unsere-vision\\\/10-gbps-uber-koax-fur-unternehmen\\\/#primaryimage\"},\"thumbnailUrl\":\"https:\\\/\\\/emea.technetix.com\\\/wp-content\\\/uploads\\\/sites\\\/2\\\/2023\\\/01\\\/SOLUTIONS_LARGE_10G_FINAL.jpg\",\"datePublished\":\"2023-01-20T17:08:04+00:00\",\"dateModified\":\"2024-02-08T10:41:09+00:00\",\"breadcrumb\":{\"@id\":\"https:\\\/\\\/emea.technetix.com\\\/de\\\/unsere-vision\\\/10-gbps-uber-koax-fur-unternehmen\\\/#breadcrumb\"},\"inLanguage\":\"de\",\"potentialAction\":[{\"@type\":\"ReadAction\",\"target\":[\"https:\\\/\\\/emea.technetix.com\\\/de\\\/unsere-vision\\\/10-gbps-uber-koax-fur-unternehmen\\\/\"]}]},{\"@type\":\"ImageObject\",\"inLanguage\":\"de\",\"@id\":\"https:\\\/\\\/emea.technetix.com\\\/de\\\/unsere-vision\\\/10-gbps-uber-koax-fur-unternehmen\\\/#primaryimage\",\"url\":\"https:\\\/\\\/emea.technetix.com\\\/wp-content\\\/uploads\\\/sites\\\/2\\\/2023\\\/01\\\/SOLUTIONS_LARGE_10G_FINAL.jpg\",\"contentUrl\":\"https:\\\/\\\/emea.technetix.com\\\/wp-content\\\/uploads\\\/sites\\\/2\\\/2023\\\/01\\\/SOLUTIONS_LARGE_10G_FINAL.jpg\",\"width\":1920,\"height\":450},{\"@type\":\"BreadcrumbList\",\"@id\":\"https:\\\/\\\/emea.technetix.com\\\/de\\\/unsere-vision\\\/10-gbps-uber-koax-fur-unternehmen\\\/#breadcrumb\",\"itemListElement\":[{\"@type\":\"ListItem\",\"position\":1,\"name\":\"Home\",\"item\":\"https:\\\/\\\/emea.technetix.com\\\/de\\\/\"},{\"@type\":\"ListItem\",\"position\":2,\"name\":\"Unsere Vision\",\"item\":\"https:\\\/\\\/emea.technetix.com\\\/de\\\/unsere-vision\\\/\"},{\"@type\":\"ListItem\",\"position\":3,\"name\":\"10 Gbps \u00fcber Koax f\u00fcr Unternehmen\"}]},{\"@type\":\"WebSite\",\"@id\":\"https:\\\/\\\/emea.technetix.com\\\/de\\\/#website\",\"url\":\"https:\\\/\\\/emea.technetix.com\\\/de\\\/\",\"name\":\"Technetix\",\"description\":\"Next-generation broadband equipment engineering\",\"publisher\":{\"@id\":\"https:\\\/\\\/emea.technetix.com\\\/de\\\/#organization\"},\"potentialAction\":[{\"@type\":\"SearchAction\",\"target\":{\"@type\":\"EntryPoint\",\"urlTemplate\":\"https:\\\/\\\/emea.technetix.com\\\/de\\\/?s={search_term_string}\"},\"query-input\":{\"@type\":\"PropertyValueSpecification\",\"valueRequired\":true,\"valueName\":\"search_term_string\"}}],\"inLanguage\":\"de\"},{\"@type\":\"Organization\",\"@id\":\"https:\\\/\\\/emea.technetix.com\\\/de\\\/#organization\",\"name\":\"Technetix\",\"url\":\"https:\\\/\\\/emea.technetix.com\\\/de\\\/\",\"logo\":{\"@type\":\"ImageObject\",\"inLanguage\":\"de\",\"@id\":\"https:\\\/\\\/emea.technetix.com\\\/de\\\/#\\\/schema\\\/logo\\\/image\\\/\",\"url\":\"https:\\\/\\\/emea.technetix.com\\\/wp-content\\\/uploads\\\/sites\\\/2\\\/2023\\\/06\\\/logo-Technetix-1000x1000-1.png\",\"contentUrl\":\"https:\\\/\\\/emea.technetix.com\\\/wp-content\\\/uploads\\\/sites\\\/2\\\/2023\\\/06\\\/logo-Technetix-1000x1000-1.png\",\"width\":1000,\"height\":1000,\"caption\":\"Technetix\"},\"image\":{\"@id\":\"https:\\\/\\\/emea.technetix.com\\\/de\\\/#\\\/schema\\\/logo\\\/image\\\/\"},\"sameAs\":[\"https:\\\/\\\/x.com\\\/technetixgroup\",\"https:\\\/\\\/www.linkedin.com\\\/company\\\/technetix\\\/\",\"https:\\\/\\\/www.youtube.com\\\/c\\\/Technetix-group\"]}]}<\/script>\n<!-- \/ Yoast SEO Premium plugin. -->","yoast_head_json":{"title":"10 Gbps \u00fcber Koax f\u00fcr Unternehmen - Technetix EMEA","robots":{"index":"index","follow":"follow","max-snippet":"max-snippet:-1","max-image-preview":"max-image-preview:large","max-video-preview":"max-video-preview:-1"},"canonical":"https:\/\/emea.technetix.com\/de\/unsere-vision\/10-gbps-uber-koax-fur-unternehmen\/","og_locale":"de_DE","og_type":"article","og_title":"10 Gbps \u00fcber Koax f\u00fcr Unternehmen - Technetix EMEA","og_description":"10 Gbps \u00fcber Koax f\u00fcr Unternehmen Virtual Segmentation\u2122, die virtuelle Glasfaserl\u00f6sung von Technetix, kann Ihr Netzwerk auf bis zu 10 Gbps erweitern und erm\u00f6glicht Ihnen das Angebot von Hochgeschwindigkeitsverbindungen \u00fcber Koax f\u00fcr Unternehmenskunden. Ein klassisches HFC-Netzwerk nutzt die Netzwerkkapazit\u00e4t nur eingeschr\u00e4nkt, es werden 862 MHz, 1006 MHz und manchmal bis zu 1218 MHz verwendet. Mit ... Read more","og_url":"https:\/\/emea.technetix.com\/de\/unsere-vision\/10-gbps-uber-koax-fur-unternehmen\/","og_site_name":"Technetix EMEA","article_modified_time":"2024-02-08T10:41:09+00:00","og_image":[{"width":1920,"height":450,"url":"https:\/\/emea.technetix.com\/wp-content\/uploads\/sites\/2\/2023\/01\/SOLUTIONS_LARGE_10G_FINAL.jpg","type":"image\/jpeg"}],"twitter_card":"summary_large_image","twitter_site":"@technetixgroup","twitter_misc":{"Gesch\u00e4tzte Lesezeit":"3\u00a0Minuten"},"schema":{"@context":"https:\/\/schema.org","@graph":[{"@type":"WebPage","@id":"https:\/\/emea.technetix.com\/de\/unsere-vision\/10-gbps-uber-koax-fur-unternehmen\/","url":"https:\/\/emea.technetix.com\/de\/unsere-vision\/10-gbps-uber-koax-fur-unternehmen\/","name":"10 Gbps \u00fcber Koax f\u00fcr Unternehmen - Technetix EMEA","isPartOf":{"@id":"https:\/\/emea.technetix.com\/de\/#website"},"primaryImageOfPage":{"@id":"https:\/\/emea.technetix.com\/de\/unsere-vision\/10-gbps-uber-koax-fur-unternehmen\/#primaryimage"},"image":{"@id":"https:\/\/emea.technetix.com\/de\/unsere-vision\/10-gbps-uber-koax-fur-unternehmen\/#primaryimage"},"thumbnailUrl":"https:\/\/emea.technetix.com\/wp-content\/uploads\/sites\/2\/2023\/01\/SOLUTIONS_LARGE_10G_FINAL.jpg","datePublished":"2023-01-20T17:08:04+00:00","dateModified":"2024-02-08T10:41:09+00:00","breadcrumb":{"@id":"https:\/\/emea.technetix.com\/de\/unsere-vision\/10-gbps-uber-koax-fur-unternehmen\/#breadcrumb"},"inLanguage":"de","potentialAction":[{"@type":"ReadAction","target":["https:\/\/emea.technetix.com\/de\/unsere-vision\/10-gbps-uber-koax-fur-unternehmen\/"]}]},{"@type":"ImageObject","inLanguage":"de","@id":"https:\/\/emea.technetix.com\/de\/unsere-vision\/10-gbps-uber-koax-fur-unternehmen\/#primaryimage","url":"https:\/\/emea.technetix.com\/wp-content\/uploads\/sites\/2\/2023\/01\/SOLUTIONS_LARGE_10G_FINAL.jpg","contentUrl":"https:\/\/emea.technetix.com\/wp-content\/uploads\/sites\/2\/2023\/01\/SOLUTIONS_LARGE_10G_FINAL.jpg","width":1920,"height":450},{"@type":"BreadcrumbList","@id":"https:\/\/emea.technetix.com\/de\/unsere-vision\/10-gbps-uber-koax-fur-unternehmen\/#breadcrumb","itemListElement":[{"@type":"ListItem","position":1,"name":"Home","item":"https:\/\/emea.technetix.com\/de\/"},{"@type":"ListItem","position":2,"name":"Unsere Vision","item":"https:\/\/emea.technetix.com\/de\/unsere-vision\/"},{"@type":"ListItem","position":3,"name":"10 Gbps \u00fcber Koax f\u00fcr Unternehmen"}]},{"@type":"WebSite","@id":"https:\/\/emea.technetix.com\/de\/#website","url":"https:\/\/emea.technetix.com\/de\/","name":"Technetix","description":"Next-generation broadband equipment engineering","publisher":{"@id":"https:\/\/emea.technetix.com\/de\/#organization"},"potentialAction":[{"@type":"SearchAction","target":{"@type":"EntryPoint","urlTemplate":"https:\/\/emea.technetix.com\/de\/?s={search_term_string}"},"query-input":{"@type":"PropertyValueSpecification","valueRequired":true,"valueName":"search_term_string"}}],"inLanguage":"de"},{"@type":"Organization","@id":"https:\/\/emea.technetix.com\/de\/#organization","name":"Technetix","url":"https:\/\/emea.technetix.com\/de\/","logo":{"@type":"ImageObject","inLanguage":"de","@id":"https:\/\/emea.technetix.com\/de\/#\/schema\/logo\/image\/","url":"https:\/\/emea.technetix.com\/wp-content\/uploads\/sites\/2\/2023\/06\/logo-Technetix-1000x1000-1.png","contentUrl":"https:\/\/emea.technetix.com\/wp-content\/uploads\/sites\/2\/2023\/06\/logo-Technetix-1000x1000-1.png","width":1000,"height":1000,"caption":"Technetix"},"image":{"@id":"https:\/\/emea.technetix.com\/de\/#\/schema\/logo\/image\/"},"sameAs":["https:\/\/x.com\/technetixgroup","https:\/\/www.linkedin.com\/company\/technetix\/","https:\/\/www.youtube.com\/c\/Technetix-group"]}]}},"acf":[],"publishpress_future_workflow_manual_trigger":{"enabledWorkflows":[]},"_links":{"self":[{"href":"https:\/\/emea.technetix.com\/de\/wp-json\/wp\/v2\/pages\/6215","targetHints":{"allow":["GET"]}}],"collection":[{"href":"https:\/\/emea.technetix.com\/de\/wp-json\/wp\/v2\/pages"}],"about":[{"href":"https:\/\/emea.technetix.com\/de\/wp-json\/wp\/v2\/types\/page"}],"author":[{"embeddable":true,"href":"https:\/\/emea.technetix.com\/de\/wp-json\/wp\/v2\/users\/1"}],"replies":[{"embeddable":true,"href":"https:\/\/emea.technetix.com\/de\/wp-json\/wp\/v2\/comments?post=6215"}],"version-history":[{"count":0,"href":"https:\/\/emea.technetix.com\/de\/wp-json\/wp\/v2\/pages\/6215\/revisions"}],"up":[{"embeddable":true,"href":"https:\/\/emea.technetix.com\/de\/wp-json\/wp\/v2\/pages\/6231"}],"wp:featuredmedia":[{"embeddable":true,"href":"https:\/\/emea.technetix.com\/de\/wp-json\/wp\/v2\/media\/818"}],"wp:attachment":[{"href":"https:\/\/emea.technetix.com\/de\/wp-json\/wp\/v2\/media?parent=6215"}],"curies":[{"name":"wp","href":"https:\/\/api.w.org\/{rel}","templated":true}]}}