{"id":6210,"date":"2023-01-19T18:55:45","date_gmt":"2023-01-19T18:55:45","guid":{"rendered":"https:\/\/emea.technetix.com\/5g-xhaul\/"},"modified":"2024-02-08T10:37:12","modified_gmt":"2024-02-08T10:37:12","slug":"5g-xhaul","status":"publish","type":"page","link":"https:\/\/emea.technetix.com\/de\/unsere-vision\/5g-xhaul\/","title":{"rendered":"5G xHaul"},"content":{"rendered":"<div class=\"gb-container gb-container-c05f0c4a gb-container-hero-banner\"><div class=\"gb-inside-container\"><\/div><\/div>\n\n<div class=\"gb-container gb-container-3c4f976e gb-container-inner-back-page-con\">\n<h1 class=\"gb-headline gb-headline-ba9347e4 gb-headline-text\">5G xHaul<\/h1>\n\n\n<h2 class=\"gb-headline gb-headline-d02c52e4 gb-headline-text gb-headline-h2\">Technetix offeriert eine Virtuelle Segmentierung\u2122 (Virtuelle Glasfaser)-L\u00f6sung, die Ihr Netzwerk mit zus\u00e4tzlichen 10 Gbps erweitert. Sie kann zur Bereitstellung von 5G-Diensten f\u00fcr Kabelnetz- oder Mobilfunkbetreiber genutzt werden. Klassische Kabelnetzwerke haben eine erhebliche Ausdehnung und einen gro\u00dfen Platzbedarf, wodurch sie ideal f\u00fcr den Backhaul kleiner Mobilfunkzellen, mittleren Strecken oder Fronthaul-Anwendungen geeignet sind \u2013 bieten sie doch die F\u00e4higkeit zur Leistungsversorgung von 5G, was Glasfasern nicht k\u00f6nnen. <\/h2>\n\n\n\n<ul class=\"wp-block-list\">\n<li>Hochgeschwindigkeit<\/li>\n\n\n\n<li>Ultra-geringe Latenz<\/li>\n\n\n\n<li>Schnelle Installation<\/li>\n\n\n\n<li>Symmetrisch<\/li>\n\n\n\n<li>Bis zu 10 Gbps<\/li>\n\n\n\n<li>Keine Ver\u00e4nderung des existierenden Netzwerks oder der angebotenen Dienste<\/li>\n<\/ul>\n\n\n\n<figure class=\"gb-block-image gb-block-image-61e35e7d\"><img loading=\"lazy\" decoding=\"async\" width=\"1920\" height=\"847\" class=\"gb-image gb-image-61e35e7d\" src=\"https:\/\/emea.technetix.com\/wp-content\/uploads\/sites\/2\/2023\/01\/5G_-XHAUL_DIAGRAMS_x1-1.png\" alt=\"Die Virtuelle Segmentierung bietet Hochgeschwindigkeitsverbindungen auf Basis der vorhandenen Kupferkabelinfrastruktur in einem Frequenzbereich \u00fcber 1218 MHz. Dies vermeidet die Investition neuer Glasfaserkabel und bietet Kabelnetzbetreibern eine Flexibilit\u00e4t in Bezug auf die Platzierung von neuen Verteilungen, sowie die Bereitstellung von Konnektivit\u00e4t zu ihrem Kernnetzwerk.\" srcset=\"https:\/\/emea.technetix.com\/wp-content\/uploads\/sites\/2\/2023\/01\/5G_-XHAUL_DIAGRAMS_x1-1.png 1920w, https:\/\/emea.technetix.com\/wp-content\/uploads\/sites\/2\/2023\/01\/5G_-XHAUL_DIAGRAMS_x1-1-300x132.png 300w, https:\/\/emea.technetix.com\/wp-content\/uploads\/sites\/2\/2023\/01\/5G_-XHAUL_DIAGRAMS_x1-1-1024x452.png 1024w, https:\/\/emea.technetix.com\/wp-content\/uploads\/sites\/2\/2023\/01\/5G_-XHAUL_DIAGRAMS_x1-1-768x339.png 768w, https:\/\/emea.technetix.com\/wp-content\/uploads\/sites\/2\/2023\/01\/5G_-XHAUL_DIAGRAMS_x1-1-1536x678.png 1536w, https:\/\/emea.technetix.com\/wp-content\/uploads\/sites\/2\/2023\/01\/5G_-XHAUL_DIAGRAMS_x1-1-600x265.png 600w\" sizes=\"auto, (max-width: 1920px) 100vw, 1920px\" \/><\/figure>\n\n\n\n<p class=\"gb-headline gb-headline-623f5b86 gb-headline-text\">Die Virtuelle Segmentierung bietet Hochgeschwindigkeitsverbindungen auf Basis der vorhandenen Kupferkabelinfrastruktur in einem Frequenzbereich \u00fcber 1218 MHz. Dies vermeidet die Investition neuer Glasfaserkabel und bietet Kabelnetzbetreibern eine Flexibilit\u00e4t in Bezug auf die Platzierung von neuen Verteilungen, sowie die Bereitstellung von Konnektivit\u00e4t zu ihrem Kernnetzwerk. <\/p>\n\n\n\n<h2 class=\"gb-headline gb-headline-6b17d0fd gb-headline-text gb-headline-h2-in-content\">Vorteile:<\/h2>\n\n\n\n<ul class=\"wp-block-list\">\n<li>Die vorhandene Infrastruktur wird erhalten \u2013 Virtuelle Segmentierung\u2122 ist eine Erg\u00e4nzung<\/li>\n\n\n\n<li>Kosteneffizient<\/li>\n\n\n\n<li>Zuk\u00fcnftiges Bandbreitenwachstum<\/li>\n<\/ul>\n\n<\/div>\n\n<div class=\"gb-container gb-container-0fc662d2 gb-container-con-buttons-bottom\">\n\n<h2 class=\"gb-headline gb-headline-7ce6fa4b gb-headline-text gb-headline-head-bottom-buttons\">N\u00fctzliche Links<\/h2>\n\n\n<div class=\"gb-button-wrapper gb-button-wrapper-5300c273 gb-button-wrapper-after-con-buttons\">\n\n<a class=\"gb-button gb-button-5e4e6530 gb-button-text gb-button-bottom-button\" href=\"https:\/\/emea.technetix.com\/de\/hfc-netzwerke\/virtuelle-segmentierung\/\">Virtual Segmentation<\/a>\n\n\n\n<a class=\"gb-button gb-button-e7a0fe73 gb-button-text gb-button-bottom-button\" href=\"https:\/\/emea.technetix.com\/de\/technetix-akademie\/\">Technetix Akademie<\/a>\n\n\n\n<a class=\"gb-button gb-button-ff3bad62 gb-button-text gb-button-bottom-button\" href=\"https:\/\/emea.technetix.com\/de\/netzwerk-consulting\/\">Netzwerk-Consulting<\/a>\n\n\n\n<a class=\"gb-button gb-button-3eadfa91 gb-button-text gb-button-bottom-button\" href=\"https:\/\/emea.technetix.com\/de\/xhaul\/\">xHaul<\/a>\n\n\n\n<a class=\"gb-button gb-button-4ceed201 gb-button-text gb-button-bottom-button\" href=\"https:\/\/emea.technetix.com\/de\/unsere-vision\/10-gbps-uber-koax-fur-unternehmen\/\">10 Gbps \u00fcber Koax f\u00fcr Unternehmen<\/a>\n\n\n\n<a class=\"gb-button gb-button-74bfad52 gb-button-text gb-button-bottom-button\" href=\"https:\/\/emea.technetix.com\/de\/kontakt\/\">Kontakt<\/a>\n\n<\/div>\n<\/div>","protected":false},"excerpt":{"rendered":"<p>5G xHaul Technetix offeriert eine Virtuelle Segmentierung\u2122 (Virtuelle Glasfaser)-L\u00f6sung, die Ihr Netzwerk mit zus\u00e4tzlichen 10 Gbps erweitert. Sie kann zur Bereitstellung von 5G-Diensten f\u00fcr Kabelnetz- oder Mobilfunkbetreiber genutzt werden. Klassische Kabelnetzwerke haben eine erhebliche Ausdehnung und einen gro\u00dfen Platzbedarf, wodurch sie ideal f\u00fcr den Backhaul kleiner Mobilfunkzellen, mittleren Strecken oder Fronthaul-Anwendungen geeignet sind \u2013 bieten &#8230; <a title=\"5G xHaul\" class=\"read-more\" href=\"https:\/\/emea.technetix.com\/de\/unsere-vision\/5g-xhaul\/\" aria-label=\"Mehr Informationen \u00fcber 5G xHaul\">Read more<\/a><\/p>\n","protected":false},"author":1,"featured_media":607,"parent":6231,"menu_order":0,"comment_status":"closed","ping_status":"closed","template":"","meta":{"_acf_changed":false,"_gspb_post_css":"","footnotes":""},"class_list":["post-6210","page","type-page","status-publish","has-post-thumbnail"],"yoast_head":"<!-- This site is optimized with the Yoast SEO Premium plugin v22.5 (Yoast SEO v27.4) - https:\/\/yoast.com\/product\/yoast-seo-premium-wordpress\/ -->\n<title>5G xHaul - Technetix EMEA<\/title>\n<meta name=\"robots\" content=\"index, follow, max-snippet:-1, max-image-preview:large, max-video-preview:-1\" \/>\n<link rel=\"canonical\" href=\"https:\/\/emea.technetix.com\/de\/unsere-vision\/5g-xhaul\/\" \/>\n<meta property=\"og:locale\" content=\"de_DE\" \/>\n<meta property=\"og:type\" content=\"article\" \/>\n<meta property=\"og:title\" content=\"5G xHaul - Technetix EMEA\" \/>\n<meta property=\"og:description\" content=\"5G xHaul Technetix offeriert eine Virtuelle Segmentierung\u2122 (Virtuelle Glasfaser)-L\u00f6sung, die Ihr Netzwerk mit zus\u00e4tzlichen 10 Gbps erweitert. Sie kann zur Bereitstellung von 5G-Diensten f\u00fcr Kabelnetz- oder Mobilfunkbetreiber genutzt werden. Klassische Kabelnetzwerke haben eine erhebliche Ausdehnung und einen gro\u00dfen Platzbedarf, wodurch sie ideal f\u00fcr den Backhaul kleiner Mobilfunkzellen, mittleren Strecken oder Fronthaul-Anwendungen geeignet sind \u2013 bieten ... Read more\" \/>\n<meta property=\"og:url\" content=\"https:\/\/emea.technetix.com\/de\/unsere-vision\/5g-xhaul\/\" \/>\n<meta property=\"og:site_name\" content=\"Technetix EMEA\" \/>\n<meta property=\"article:modified_time\" content=\"2024-02-08T10:37:12+00:00\" \/>\n<meta property=\"og:image\" content=\"https:\/\/emea.technetix.com\/wp-content\/uploads\/sites\/2\/2023\/01\/SOLUTIONS_LARGE_5G_FINAL.jpg\" \/>\n\t<meta property=\"og:image:width\" content=\"1920\" \/>\n\t<meta property=\"og:image:height\" content=\"450\" \/>\n\t<meta property=\"og:image:type\" content=\"image\/jpeg\" \/>\n<meta name=\"twitter:card\" content=\"summary_large_image\" \/>\n<meta name=\"twitter:site\" content=\"@technetixgroup\" \/>\n<meta name=\"twitter:label1\" content=\"Gesch\u00e4tzte Lesezeit\" \/>\n\t<meta name=\"twitter:data1\" content=\"2\u00a0Minuten\" \/>\n<script type=\"application\/ld+json\" class=\"yoast-schema-graph\">{\"@context\":\"https:\\\/\\\/schema.org\",\"@graph\":[{\"@type\":\"WebPage\",\"@id\":\"https:\\\/\\\/emea.technetix.com\\\/de\\\/unsere-vision\\\/5g-xhaul\\\/\",\"url\":\"https:\\\/\\\/emea.technetix.com\\\/de\\\/unsere-vision\\\/5g-xhaul\\\/\",\"name\":\"5G xHaul - Technetix EMEA\",\"isPartOf\":{\"@id\":\"https:\\\/\\\/emea.technetix.com\\\/de\\\/#website\"},\"primaryImageOfPage\":{\"@id\":\"https:\\\/\\\/emea.technetix.com\\\/de\\\/unsere-vision\\\/5g-xhaul\\\/#primaryimage\"},\"image\":{\"@id\":\"https:\\\/\\\/emea.technetix.com\\\/de\\\/unsere-vision\\\/5g-xhaul\\\/#primaryimage\"},\"thumbnailUrl\":\"https:\\\/\\\/emea.technetix.com\\\/wp-content\\\/uploads\\\/sites\\\/2\\\/2023\\\/01\\\/SOLUTIONS_LARGE_5G_FINAL.jpg\",\"datePublished\":\"2023-01-19T18:55:45+00:00\",\"dateModified\":\"2024-02-08T10:37:12+00:00\",\"breadcrumb\":{\"@id\":\"https:\\\/\\\/emea.technetix.com\\\/de\\\/unsere-vision\\\/5g-xhaul\\\/#breadcrumb\"},\"inLanguage\":\"de\",\"potentialAction\":[{\"@type\":\"ReadAction\",\"target\":[\"https:\\\/\\\/emea.technetix.com\\\/de\\\/unsere-vision\\\/5g-xhaul\\\/\"]}]},{\"@type\":\"ImageObject\",\"inLanguage\":\"de\",\"@id\":\"https:\\\/\\\/emea.technetix.com\\\/de\\\/unsere-vision\\\/5g-xhaul\\\/#primaryimage\",\"url\":\"https:\\\/\\\/emea.technetix.com\\\/wp-content\\\/uploads\\\/sites\\\/2\\\/2023\\\/01\\\/SOLUTIONS_LARGE_5G_FINAL.jpg\",\"contentUrl\":\"https:\\\/\\\/emea.technetix.com\\\/wp-content\\\/uploads\\\/sites\\\/2\\\/2023\\\/01\\\/SOLUTIONS_LARGE_5G_FINAL.jpg\",\"width\":1920,\"height\":450},{\"@type\":\"BreadcrumbList\",\"@id\":\"https:\\\/\\\/emea.technetix.com\\\/de\\\/unsere-vision\\\/5g-xhaul\\\/#breadcrumb\",\"itemListElement\":[{\"@type\":\"ListItem\",\"position\":1,\"name\":\"Home\",\"item\":\"https:\\\/\\\/emea.technetix.com\\\/de\\\/\"},{\"@type\":\"ListItem\",\"position\":2,\"name\":\"Unsere Vision\",\"item\":\"https:\\\/\\\/emea.technetix.com\\\/de\\\/unsere-vision\\\/\"},{\"@type\":\"ListItem\",\"position\":3,\"name\":\"5G xHaul\"}]},{\"@type\":\"WebSite\",\"@id\":\"https:\\\/\\\/emea.technetix.com\\\/de\\\/#website\",\"url\":\"https:\\\/\\\/emea.technetix.com\\\/de\\\/\",\"name\":\"Technetix\",\"description\":\"Next-generation broadband equipment engineering\",\"publisher\":{\"@id\":\"https:\\\/\\\/emea.technetix.com\\\/de\\\/#organization\"},\"potentialAction\":[{\"@type\":\"SearchAction\",\"target\":{\"@type\":\"EntryPoint\",\"urlTemplate\":\"https:\\\/\\\/emea.technetix.com\\\/de\\\/?s={search_term_string}\"},\"query-input\":{\"@type\":\"PropertyValueSpecification\",\"valueRequired\":true,\"valueName\":\"search_term_string\"}}],\"inLanguage\":\"de\"},{\"@type\":\"Organization\",\"@id\":\"https:\\\/\\\/emea.technetix.com\\\/de\\\/#organization\",\"name\":\"Technetix\",\"url\":\"https:\\\/\\\/emea.technetix.com\\\/de\\\/\",\"logo\":{\"@type\":\"ImageObject\",\"inLanguage\":\"de\",\"@id\":\"https:\\\/\\\/emea.technetix.com\\\/de\\\/#\\\/schema\\\/logo\\\/image\\\/\",\"url\":\"https:\\\/\\\/emea.technetix.com\\\/wp-content\\\/uploads\\\/sites\\\/2\\\/2023\\\/06\\\/logo-Technetix-1000x1000-1.png\",\"contentUrl\":\"https:\\\/\\\/emea.technetix.com\\\/wp-content\\\/uploads\\\/sites\\\/2\\\/2023\\\/06\\\/logo-Technetix-1000x1000-1.png\",\"width\":1000,\"height\":1000,\"caption\":\"Technetix\"},\"image\":{\"@id\":\"https:\\\/\\\/emea.technetix.com\\\/de\\\/#\\\/schema\\\/logo\\\/image\\\/\"},\"sameAs\":[\"https:\\\/\\\/x.com\\\/technetixgroup\",\"https:\\\/\\\/www.linkedin.com\\\/company\\\/technetix\\\/\",\"https:\\\/\\\/www.youtube.com\\\/c\\\/Technetix-group\"]}]}<\/script>\n<!-- \/ Yoast SEO Premium plugin. -->","yoast_head_json":{"title":"5G xHaul - Technetix EMEA","robots":{"index":"index","follow":"follow","max-snippet":"max-snippet:-1","max-image-preview":"max-image-preview:large","max-video-preview":"max-video-preview:-1"},"canonical":"https:\/\/emea.technetix.com\/de\/unsere-vision\/5g-xhaul\/","og_locale":"de_DE","og_type":"article","og_title":"5G xHaul - Technetix EMEA","og_description":"5G xHaul Technetix offeriert eine Virtuelle Segmentierung\u2122 (Virtuelle Glasfaser)-L\u00f6sung, die Ihr Netzwerk mit zus\u00e4tzlichen 10 Gbps erweitert. Sie kann zur Bereitstellung von 5G-Diensten f\u00fcr Kabelnetz- oder Mobilfunkbetreiber genutzt werden. Klassische Kabelnetzwerke haben eine erhebliche Ausdehnung und einen gro\u00dfen Platzbedarf, wodurch sie ideal f\u00fcr den Backhaul kleiner Mobilfunkzellen, mittleren Strecken oder Fronthaul-Anwendungen geeignet sind \u2013 bieten ... Read more","og_url":"https:\/\/emea.technetix.com\/de\/unsere-vision\/5g-xhaul\/","og_site_name":"Technetix EMEA","article_modified_time":"2024-02-08T10:37:12+00:00","og_image":[{"width":1920,"height":450,"url":"https:\/\/emea.technetix.com\/wp-content\/uploads\/sites\/2\/2023\/01\/SOLUTIONS_LARGE_5G_FINAL.jpg","type":"image\/jpeg"}],"twitter_card":"summary_large_image","twitter_site":"@technetixgroup","twitter_misc":{"Gesch\u00e4tzte Lesezeit":"2\u00a0Minuten"},"schema":{"@context":"https:\/\/schema.org","@graph":[{"@type":"WebPage","@id":"https:\/\/emea.technetix.com\/de\/unsere-vision\/5g-xhaul\/","url":"https:\/\/emea.technetix.com\/de\/unsere-vision\/5g-xhaul\/","name":"5G xHaul - Technetix EMEA","isPartOf":{"@id":"https:\/\/emea.technetix.com\/de\/#website"},"primaryImageOfPage":{"@id":"https:\/\/emea.technetix.com\/de\/unsere-vision\/5g-xhaul\/#primaryimage"},"image":{"@id":"https:\/\/emea.technetix.com\/de\/unsere-vision\/5g-xhaul\/#primaryimage"},"thumbnailUrl":"https:\/\/emea.technetix.com\/wp-content\/uploads\/sites\/2\/2023\/01\/SOLUTIONS_LARGE_5G_FINAL.jpg","datePublished":"2023-01-19T18:55:45+00:00","dateModified":"2024-02-08T10:37:12+00:00","breadcrumb":{"@id":"https:\/\/emea.technetix.com\/de\/unsere-vision\/5g-xhaul\/#breadcrumb"},"inLanguage":"de","potentialAction":[{"@type":"ReadAction","target":["https:\/\/emea.technetix.com\/de\/unsere-vision\/5g-xhaul\/"]}]},{"@type":"ImageObject","inLanguage":"de","@id":"https:\/\/emea.technetix.com\/de\/unsere-vision\/5g-xhaul\/#primaryimage","url":"https:\/\/emea.technetix.com\/wp-content\/uploads\/sites\/2\/2023\/01\/SOLUTIONS_LARGE_5G_FINAL.jpg","contentUrl":"https:\/\/emea.technetix.com\/wp-content\/uploads\/sites\/2\/2023\/01\/SOLUTIONS_LARGE_5G_FINAL.jpg","width":1920,"height":450},{"@type":"BreadcrumbList","@id":"https:\/\/emea.technetix.com\/de\/unsere-vision\/5g-xhaul\/#breadcrumb","itemListElement":[{"@type":"ListItem","position":1,"name":"Home","item":"https:\/\/emea.technetix.com\/de\/"},{"@type":"ListItem","position":2,"name":"Unsere Vision","item":"https:\/\/emea.technetix.com\/de\/unsere-vision\/"},{"@type":"ListItem","position":3,"name":"5G xHaul"}]},{"@type":"WebSite","@id":"https:\/\/emea.technetix.com\/de\/#website","url":"https:\/\/emea.technetix.com\/de\/","name":"Technetix","description":"Next-generation broadband equipment engineering","publisher":{"@id":"https:\/\/emea.technetix.com\/de\/#organization"},"potentialAction":[{"@type":"SearchAction","target":{"@type":"EntryPoint","urlTemplate":"https:\/\/emea.technetix.com\/de\/?s={search_term_string}"},"query-input":{"@type":"PropertyValueSpecification","valueRequired":true,"valueName":"search_term_string"}}],"inLanguage":"de"},{"@type":"Organization","@id":"https:\/\/emea.technetix.com\/de\/#organization","name":"Technetix","url":"https:\/\/emea.technetix.com\/de\/","logo":{"@type":"ImageObject","inLanguage":"de","@id":"https:\/\/emea.technetix.com\/de\/#\/schema\/logo\/image\/","url":"https:\/\/emea.technetix.com\/wp-content\/uploads\/sites\/2\/2023\/06\/logo-Technetix-1000x1000-1.png","contentUrl":"https:\/\/emea.technetix.com\/wp-content\/uploads\/sites\/2\/2023\/06\/logo-Technetix-1000x1000-1.png","width":1000,"height":1000,"caption":"Technetix"},"image":{"@id":"https:\/\/emea.technetix.com\/de\/#\/schema\/logo\/image\/"},"sameAs":["https:\/\/x.com\/technetixgroup","https:\/\/www.linkedin.com\/company\/technetix\/","https:\/\/www.youtube.com\/c\/Technetix-group"]}]}},"acf":[],"publishpress_future_workflow_manual_trigger":{"enabledWorkflows":[]},"_links":{"self":[{"href":"https:\/\/emea.technetix.com\/de\/wp-json\/wp\/v2\/pages\/6210","targetHints":{"allow":["GET"]}}],"collection":[{"href":"https:\/\/emea.technetix.com\/de\/wp-json\/wp\/v2\/pages"}],"about":[{"href":"https:\/\/emea.technetix.com\/de\/wp-json\/wp\/v2\/types\/page"}],"author":[{"embeddable":true,"href":"https:\/\/emea.technetix.com\/de\/wp-json\/wp\/v2\/users\/1"}],"replies":[{"embeddable":true,"href":"https:\/\/emea.technetix.com\/de\/wp-json\/wp\/v2\/comments?post=6210"}],"version-history":[{"count":0,"href":"https:\/\/emea.technetix.com\/de\/wp-json\/wp\/v2\/pages\/6210\/revisions"}],"up":[{"embeddable":true,"href":"https:\/\/emea.technetix.com\/de\/wp-json\/wp\/v2\/pages\/6231"}],"wp:featuredmedia":[{"embeddable":true,"href":"https:\/\/emea.technetix.com\/de\/wp-json\/wp\/v2\/media\/607"}],"wp:attachment":[{"href":"https:\/\/emea.technetix.com\/de\/wp-json\/wp\/v2\/media?parent=6210"}],"curies":[{"name":"wp","href":"https:\/\/api.w.org\/{rel}","templated":true}]}}