{"id":6200,"date":"2023-01-19T23:00:22","date_gmt":"2023-01-19T23:00:22","guid":{"rendered":"https:\/\/emea.technetix.com\/hfc-netzwerke\/netzwerk-managementsysteme\/"},"modified":"2023-05-17T08:49:23","modified_gmt":"2023-05-17T08:49:23","slug":"netzwerk-managementsysteme","status":"publish","type":"page","link":"https:\/\/emea.technetix.com\/de\/hfc-netzwerke\/netzwerk-managementsysteme\/","title":{"rendered":"Netzwerk-Managementsysteme"},"content":{"rendered":"<div class=\"gb-container gb-container-f86f3f4f gb-container-hero-banner\"><div class=\"gb-inside-container\">\n<h1 class=\"gb-headline gb-headline-e1547755 gb-headline-text gb-headline-hero-banner-title\">Netzwerk-Managementsysteme<\/h1>\n<\/div><\/div>\n\n<div class=\"gb-container gb-container-5e743113 gb-container-inner-back-page-con\">\n\n<h2 class=\"gb-headline gb-headline-d02c52e4 gb-headline-text\">Software-L\u00f6sungen f\u00fcr ein einfacheres Netzwerk- und Ger\u00e4temanagement.<\/h2>\n\n\n\n<p class=\"gb-headline gb-headline-6656b5c3 gb-headline-text\">Technetix offeriert innovative Software-L\u00f6sungen, die von Kunden f\u00fcr die elektronische Einstellung und \u00dcberwachung von Produkten f\u00fcr das Access-Netzwerk einschlie\u00dflich Verst\u00e4rkern, optischen Nodes und Ger\u00e4ten f\u00fcr Remote-PHY sowie Remote-Mac-PHY genutzt werden k\u00f6nnen.<\/p>\n\n\n\n<p class=\"gb-headline gb-headline-aad20459 gb-headline-text\">Die Vorteile der Verwendung von Software-Tools im Vergleich zu klassischen Verfahren mit Verwendung von Einsch\u00fcben sind unter anderem:<\/p>\n\n\n\n<ul class=\"wp-block-list\">\n<li>Verk\u00fcrzte Einrichtungszeit<\/li>\n\n\n\n<li>Verbesserte Netzwerkzuverl\u00e4ssigkeit und weniger Unterbrechungen der Dienste<\/li>\n\n\n\n<li>Erh\u00f6hte Betriebseffizienz und Einsparung von Betriebskosten<\/li>\n\n\n\n<li>CapEx-Einsparungen<\/li>\n\n\n\n<li>Einheitliches Software-Werkzeug f\u00fcr die gesamte Plattform: dieselbe Software kann alle Typen von MAP-Network steuern<\/li>\n<\/ul>\n\n\n\n<p class=\"gb-headline gb-headline-e93090c6 gb-headline-text\">Technetix offeriert eine Vielzahl von Software-Tools f\u00fcr die DBx-Access-Plattform:<\/p>\n\n<\/div>\n\n<div class=\"gb-container gb-container-c95c1a27 gb-container-wide-back-page-con\">\n<div class=\"gb-grid-wrapper gb-grid-wrapper-3fb04185\">\n<div class=\"gb-grid-column gb-grid-column-f133f3b0\"><div class=\"gb-container gb-container-f133f3b0\">\n\n<figure class=\"gb-block-image gb-block-image-50414978\"><img loading=\"lazy\" decoding=\"async\" width=\"1000\" height=\"500\" class=\"gb-image gb-image-50414978\" src=\"https:\/\/emea.technetix.com\/wp-content\/uploads\/sites\/2\/2023\/01\/BLA.jpeg\" alt=\"BLA Android-Applikation - Basis Locon Android (BLA) ist eine Android-Applikation, die auf jedem Android-Ger\u00e4t betrieben werden kann und dem Benutzer eine lokale Verbindung zu den Ger\u00e4ten erlaubt (USB). Die Applikation erm\u00f6glicht Benutzern die Einrichtung und die Konfiguration von D\u00e4mpfungsgliedern, Equalizer, Verst\u00e4rkungsregelung, automatischer Verst\u00e4rkungskontrolle (Automatic Gain Control, AGC) und automatischer Steigungskontrolle (Automatic Line and Slope Control, ALSC)\" srcset=\"https:\/\/emea.technetix.com\/wp-content\/uploads\/sites\/2\/2023\/01\/BLA.jpeg 1000w, https:\/\/emea.technetix.com\/wp-content\/uploads\/sites\/2\/2023\/01\/BLA-300x150.jpeg 300w, https:\/\/emea.technetix.com\/wp-content\/uploads\/sites\/2\/2023\/01\/BLA-768x384.jpeg 768w, https:\/\/emea.technetix.com\/wp-content\/uploads\/sites\/2\/2023\/01\/BLA-600x300.jpeg 600w\" sizes=\"auto, (max-width: 1000px) 100vw, 1000px\" \/><\/figure>\n\n\n\n<h2 class=\"gb-headline gb-headline-2283596f gb-headline-text\">BLA Android-Applikation<\/h2>\n\n\n<div class=\"gb-container gb-container-5a903ebd full-image-link-block\">\n\n<p class=\"gb-headline gb-headline-75bb4965 gb-headline-text\">Basis Locon Android (BLA) ist eine Android-Applikation, die auf jedem Android-Ger\u00e4t betrieben werden kann und dem Benutzer eine lokale Verbindung zu den Ger\u00e4ten erlaubt (USB). Die Applikation erm\u00f6glicht Benutzern die Einrichtung und die Konfiguration von D\u00e4mpfungsgliedern, Equalizer, Verst\u00e4rkungsregelung, automatischer Verst\u00e4rkungskontrolle (Automatic Gain Control, AGC) und automatischer Steigungskontrolle (Automatic Line and Slope Control, ALSC). <\/p>\n\n\n\n<span class=\"gb-button gb-button-7f9dbd98 gb-button-text gb-button-stand-alone-button set-button-line-height popmake-6481\">Kontakt<\/span>\n\n<\/div>\n<\/div><\/div>\n\n<div class=\"gb-grid-column gb-grid-column-b31f65b8\"><div class=\"gb-container gb-container-b31f65b8\">\n\n<figure class=\"gb-block-image gb-block-image-ef7c9550\"><img loading=\"lazy\" decoding=\"async\" width=\"1000\" height=\"500\" class=\"gb-image gb-image-ef7c9550\" src=\"https:\/\/emea.technetix.com\/wp-content\/uploads\/sites\/2\/2023\/01\/BLL.jpeg\" alt=\"BLL PC-Applikation - Basis Locon Laptop ist eine Windows-Applikation, die auf Laptops betrieben werden kann und dem Benutzer eine Verbindung zu den Ger\u00e4ten \u00fcber eine lokale (USB) oder eine ferngesteuerte (DOCSIS) Schnittstelle erlaubt. Die Applikation erm\u00f6glicht Benutzern die Einrichtung und die Konfiguration von D\u00e4mpfungsgliedern, Equalizer, Verst\u00e4rkungsregelung, automatischer Verst\u00e4rkungskontrolle (Automatic Gain Control, AGC) und automatischer Steigungskontrolle (Automatic Line and Slope Control, ALSC)\" srcset=\"https:\/\/emea.technetix.com\/wp-content\/uploads\/sites\/2\/2023\/01\/BLL.jpeg 1000w, https:\/\/emea.technetix.com\/wp-content\/uploads\/sites\/2\/2023\/01\/BLL-300x150.jpeg 300w, https:\/\/emea.technetix.com\/wp-content\/uploads\/sites\/2\/2023\/01\/BLL-768x384.jpeg 768w, https:\/\/emea.technetix.com\/wp-content\/uploads\/sites\/2\/2023\/01\/BLL-600x300.jpeg 600w\" sizes=\"auto, (max-width: 1000px) 100vw, 1000px\" \/><\/figure>\n\n\n\n<h2 class=\"gb-headline gb-headline-5de241b3 gb-headline-text\">BLL PC-Applikation<\/h2>\n\n\n<div class=\"gb-container gb-container-02b1cd74 full-image-link-block\">\n\n<p class=\"gb-headline gb-headline-95292eeb gb-headline-text\">Basis Locon Laptop ist eine Windows-Applikation, die auf Laptops betrieben werden kann und dem Benutzer eine Verbindung zu den Ger\u00e4ten \u00fcber eine lokale (USB) oder eine ferngesteuerte (DOCSIS) Schnittstelle erlaubt. Die Applikation erm\u00f6glicht Benutzern die Einrichtung und die Konfiguration von D\u00e4mpfungsgliedern, Equalizer, Verst\u00e4rkungsregelung, automatischer Verst\u00e4rkungskontrolle (Automatic Gain Control, AGC) und automatischer Steigungskontrolle (Automatic Line and Slope Control, ALSC). <\/p>\n\n\n\n<span class=\"gb-button gb-button-8989b936 gb-button-text gb-button-stand-alone-button set-button-line-height popmake-6482\">Kontakt<\/span>\n\n<\/div>\n<\/div><\/div>\n\n<div class=\"gb-grid-column gb-grid-column-e86b7807\"><div class=\"gb-container gb-container-e86b7807\"><a class=\"gb-container-link\" href=\"https:\/\/emea.technetix.com\/de\/dbx-feldeinsatz-konfigurationsloesung\/\"><\/a>\n\n<figure class=\"gb-block-image gb-block-image-b945fa2a\"><a href=\"https:\/\/emea.technetix.com\/de\/dbx-feldeinsatz-konfigurationsloesung\/\"><img loading=\"lazy\" decoding=\"async\" width=\"1000\" height=\"500\" class=\"gb-image gb-image-b945fa2a\" src=\"https:\/\/emea.technetix.com\/wp-content\/uploads\/sites\/2\/2023\/01\/t-box.jpeg\" alt=\"T-Box - Die T-Box ist ein kleines und portables Wi-Fi-Konfigurationsger\u00e4t. Die Web-basierende Konnektivit\u00e4t erm\u00f6glicht die Konfiguration der DBx-Plattform \u00fcber ein Smartphone, ein Tablet oder einen Laptop\" srcset=\"https:\/\/emea.technetix.com\/wp-content\/uploads\/sites\/2\/2023\/01\/t-box.jpeg 1000w, https:\/\/emea.technetix.com\/wp-content\/uploads\/sites\/2\/2023\/01\/t-box-300x150.jpeg 300w, https:\/\/emea.technetix.com\/wp-content\/uploads\/sites\/2\/2023\/01\/t-box-768x384.jpeg 768w, https:\/\/emea.technetix.com\/wp-content\/uploads\/sites\/2\/2023\/01\/t-box-600x300.jpeg 600w\" sizes=\"auto, (max-width: 1000px) 100vw, 1000px\" \/><\/a><\/figure>\n\n\n\n<h2 class=\"gb-headline gb-headline-c13b9f79 gb-headline-text\">T-Box<\/h2>\n\n\n<div class=\"gb-container gb-container-783446d5 full-image-link-block\">\n\n<p class=\"gb-headline gb-headline-cf1b6a06 gb-headline-text\">Die T-Box ist ein kleines und portables Wi-Fi-Konfigurationsger\u00e4t. Die Web-basierende Konnektivit\u00e4t erm\u00f6glicht die Konfiguration der DBx-Plattform \u00fcber ein Smartphone, ein Tablet oder einen Laptop.<\/p>\n\n<\/div>\n<\/div><\/div>\n\n<div class=\"gb-grid-column gb-grid-column-58a52ce7\"><div class=\"gb-container gb-container-58a52ce7\">\n\n<figure class=\"gb-block-image gb-block-image-816a0c0d\"><img loading=\"lazy\" decoding=\"async\" width=\"1000\" height=\"500\" class=\"gb-image gb-image-816a0c0d\" src=\"https:\/\/emea.technetix.com\/wp-content\/uploads\/sites\/2\/2023\/01\/TxNMS.jpeg\" alt=\"TxNMS Web-Applikation - Das Technetix Netzwerkmanagementsystem (Technetix Network Management System, TxNMS) ist ein Managementsystem f\u00fcr Access-Netzwerkger\u00e4te. Bei Verwendung der DOCSIS-Transponder k\u00f6nnen Kunden Ger\u00e4te im Feld fernsteuern und \u00fcberwachen\" srcset=\"https:\/\/emea.technetix.com\/wp-content\/uploads\/sites\/2\/2023\/01\/TxNMS.jpeg 1000w, https:\/\/emea.technetix.com\/wp-content\/uploads\/sites\/2\/2023\/01\/TxNMS-300x150.jpeg 300w, https:\/\/emea.technetix.com\/wp-content\/uploads\/sites\/2\/2023\/01\/TxNMS-768x384.jpeg 768w, https:\/\/emea.technetix.com\/wp-content\/uploads\/sites\/2\/2023\/01\/TxNMS-600x300.jpeg 600w\" sizes=\"auto, (max-width: 1000px) 100vw, 1000px\" \/><\/figure>\n\n\n\n<h2 class=\"gb-headline gb-headline-db4719f5 gb-headline-text\">TxNMS Web-Applikation<\/h2>\n\n\n<div class=\"gb-container gb-container-1dcbd168 full-image-link-block\">\n\n<p class=\"gb-headline gb-headline-0ab0ac94 gb-headline-text\">Das Technetix Netzwerkmanagementsystem (Technetix Network Management System, TxNMS) ist ein Managementsystem f\u00fcr Access-Netzwerkger\u00e4te. Bei Verwendung der DOCSIS-Transponder k\u00f6nnen Kunden Ger\u00e4te im Feld fernsteuern und \u00fcberwachen. <\/p>\n\n\n\n<span class=\"gb-button gb-button-ddf187a0 gb-button-text gb-button-stand-alone-button set-button-line-height popmake-6484\">Kontakt<\/span>\n\n<\/div>\n<\/div><\/div>\n<\/div>\n<\/div>","protected":false},"excerpt":{"rendered":"<p>Netzwerk-Managementsysteme Software-L\u00f6sungen f\u00fcr ein einfacheres Netzwerk- und Ger\u00e4temanagement. Technetix offeriert innovative Software-L\u00f6sungen, die von Kunden f\u00fcr die elektronische Einstellung und \u00dcberwachung von Produkten f\u00fcr das Access-Netzwerk einschlie\u00dflich Verst\u00e4rkern, optischen Nodes und Ger\u00e4ten f\u00fcr Remote-PHY sowie Remote-Mac-PHY genutzt werden k\u00f6nnen. Die Vorteile der Verwendung von Software-Tools im Vergleich zu klassischen Verfahren mit Verwendung von Einsch\u00fcben sind &#8230; <a title=\"Netzwerk-Managementsysteme\" class=\"read-more\" href=\"https:\/\/emea.technetix.com\/de\/hfc-netzwerke\/netzwerk-managementsysteme\/\" aria-label=\"Mehr Informationen \u00fcber Netzwerk-Managementsysteme\">Read more<\/a><\/p>\n","protected":false},"author":1,"featured_media":706,"parent":6162,"menu_order":0,"comment_status":"closed","ping_status":"closed","template":"","meta":{"_acf_changed":false,"_gspb_post_css":"","footnotes":""},"class_list":["post-6200","page","type-page","status-publish","has-post-thumbnail"],"yoast_head":"<!-- This site is optimized with the Yoast SEO Premium plugin v22.5 (Yoast SEO v27.4) - https:\/\/yoast.com\/product\/yoast-seo-premium-wordpress\/ -->\n<title>Netzwerk-Managementsysteme - Technetix EMEA<\/title>\n<meta name=\"robots\" content=\"index, follow, max-snippet:-1, max-image-preview:large, max-video-preview:-1\" \/>\n<link rel=\"canonical\" href=\"https:\/\/emea.technetix.com\/de\/hfc-netzwerke\/netzwerk-managementsysteme\/\" \/>\n<meta property=\"og:locale\" content=\"de_DE\" \/>\n<meta property=\"og:type\" content=\"article\" \/>\n<meta property=\"og:title\" content=\"Netzwerk-Managementsysteme - Technetix EMEA\" \/>\n<meta property=\"og:description\" content=\"Netzwerk-Managementsysteme Software-L\u00f6sungen f\u00fcr ein einfacheres Netzwerk- und Ger\u00e4temanagement. Technetix offeriert innovative Software-L\u00f6sungen, die von Kunden f\u00fcr die elektronische Einstellung und \u00dcberwachung von Produkten f\u00fcr das Access-Netzwerk einschlie\u00dflich Verst\u00e4rkern, optischen Nodes und Ger\u00e4ten f\u00fcr Remote-PHY sowie Remote-Mac-PHY genutzt werden k\u00f6nnen. Die Vorteile der Verwendung von Software-Tools im Vergleich zu klassischen Verfahren mit Verwendung von Einsch\u00fcben sind ... Read more\" \/>\n<meta property=\"og:url\" content=\"https:\/\/emea.technetix.com\/de\/hfc-netzwerke\/netzwerk-managementsysteme\/\" \/>\n<meta property=\"og:site_name\" content=\"Technetix EMEA\" \/>\n<meta property=\"article:modified_time\" content=\"2023-05-17T08:49:23+00:00\" \/>\n<meta property=\"og:image\" content=\"https:\/\/emea.technetix.com\/wp-content\/uploads\/sites\/2\/2023\/01\/SERVICES_LARGE_NETWORK_MAN_SYSTEMS_FINAL.jpg\" \/>\n\t<meta property=\"og:image:width\" content=\"1920\" \/>\n\t<meta property=\"og:image:height\" content=\"450\" \/>\n\t<meta property=\"og:image:type\" content=\"image\/jpeg\" \/>\n<meta name=\"twitter:card\" content=\"summary_large_image\" \/>\n<meta name=\"twitter:site\" content=\"@technetixgroup\" \/>\n<meta name=\"twitter:label1\" content=\"Gesch\u00e4tzte Lesezeit\" \/>\n\t<meta name=\"twitter:data1\" content=\"2\u00a0Minuten\" \/>\n<script type=\"application\/ld+json\" class=\"yoast-schema-graph\">{\"@context\":\"https:\\\/\\\/schema.org\",\"@graph\":[{\"@type\":\"WebPage\",\"@id\":\"https:\\\/\\\/emea.technetix.com\\\/de\\\/hfc-netzwerke\\\/netzwerk-managementsysteme\\\/\",\"url\":\"https:\\\/\\\/emea.technetix.com\\\/de\\\/hfc-netzwerke\\\/netzwerk-managementsysteme\\\/\",\"name\":\"Netzwerk-Managementsysteme - Technetix EMEA\",\"isPartOf\":{\"@id\":\"https:\\\/\\\/emea.technetix.com\\\/de\\\/#website\"},\"primaryImageOfPage\":{\"@id\":\"https:\\\/\\\/emea.technetix.com\\\/de\\\/hfc-netzwerke\\\/netzwerk-managementsysteme\\\/#primaryimage\"},\"image\":{\"@id\":\"https:\\\/\\\/emea.technetix.com\\\/de\\\/hfc-netzwerke\\\/netzwerk-managementsysteme\\\/#primaryimage\"},\"thumbnailUrl\":\"https:\\\/\\\/emea.technetix.com\\\/wp-content\\\/uploads\\\/sites\\\/2\\\/2023\\\/01\\\/SERVICES_LARGE_NETWORK_MAN_SYSTEMS_FINAL.jpg\",\"datePublished\":\"2023-01-19T23:00:22+00:00\",\"dateModified\":\"2023-05-17T08:49:23+00:00\",\"breadcrumb\":{\"@id\":\"https:\\\/\\\/emea.technetix.com\\\/de\\\/hfc-netzwerke\\\/netzwerk-managementsysteme\\\/#breadcrumb\"},\"inLanguage\":\"de\",\"potentialAction\":[{\"@type\":\"ReadAction\",\"target\":[\"https:\\\/\\\/emea.technetix.com\\\/de\\\/hfc-netzwerke\\\/netzwerk-managementsysteme\\\/\"]}]},{\"@type\":\"ImageObject\",\"inLanguage\":\"de\",\"@id\":\"https:\\\/\\\/emea.technetix.com\\\/de\\\/hfc-netzwerke\\\/netzwerk-managementsysteme\\\/#primaryimage\",\"url\":\"https:\\\/\\\/emea.technetix.com\\\/wp-content\\\/uploads\\\/sites\\\/2\\\/2023\\\/01\\\/SERVICES_LARGE_NETWORK_MAN_SYSTEMS_FINAL.jpg\",\"contentUrl\":\"https:\\\/\\\/emea.technetix.com\\\/wp-content\\\/uploads\\\/sites\\\/2\\\/2023\\\/01\\\/SERVICES_LARGE_NETWORK_MAN_SYSTEMS_FINAL.jpg\",\"width\":1920,\"height\":450},{\"@type\":\"BreadcrumbList\",\"@id\":\"https:\\\/\\\/emea.technetix.com\\\/de\\\/hfc-netzwerke\\\/netzwerk-managementsysteme\\\/#breadcrumb\",\"itemListElement\":[{\"@type\":\"ListItem\",\"position\":1,\"name\":\"Home\",\"item\":\"https:\\\/\\\/emea.technetix.com\\\/de\\\/\"},{\"@type\":\"ListItem\",\"position\":2,\"name\":\"Breitband Kabel\",\"item\":\"https:\\\/\\\/emea.technetix.com\\\/de\\\/hfc-netzwerke\\\/\"},{\"@type\":\"ListItem\",\"position\":3,\"name\":\"Netzwerk-Managementsysteme\"}]},{\"@type\":\"WebSite\",\"@id\":\"https:\\\/\\\/emea.technetix.com\\\/de\\\/#website\",\"url\":\"https:\\\/\\\/emea.technetix.com\\\/de\\\/\",\"name\":\"Technetix\",\"description\":\"Next-generation broadband equipment engineering\",\"publisher\":{\"@id\":\"https:\\\/\\\/emea.technetix.com\\\/de\\\/#organization\"},\"potentialAction\":[{\"@type\":\"SearchAction\",\"target\":{\"@type\":\"EntryPoint\",\"urlTemplate\":\"https:\\\/\\\/emea.technetix.com\\\/de\\\/?s={search_term_string}\"},\"query-input\":{\"@type\":\"PropertyValueSpecification\",\"valueRequired\":true,\"valueName\":\"search_term_string\"}}],\"inLanguage\":\"de\"},{\"@type\":\"Organization\",\"@id\":\"https:\\\/\\\/emea.technetix.com\\\/de\\\/#organization\",\"name\":\"Technetix\",\"url\":\"https:\\\/\\\/emea.technetix.com\\\/de\\\/\",\"logo\":{\"@type\":\"ImageObject\",\"inLanguage\":\"de\",\"@id\":\"https:\\\/\\\/emea.technetix.com\\\/de\\\/#\\\/schema\\\/logo\\\/image\\\/\",\"url\":\"https:\\\/\\\/emea.technetix.com\\\/wp-content\\\/uploads\\\/sites\\\/2\\\/2023\\\/06\\\/logo-Technetix-1000x1000-1.png\",\"contentUrl\":\"https:\\\/\\\/emea.technetix.com\\\/wp-content\\\/uploads\\\/sites\\\/2\\\/2023\\\/06\\\/logo-Technetix-1000x1000-1.png\",\"width\":1000,\"height\":1000,\"caption\":\"Technetix\"},\"image\":{\"@id\":\"https:\\\/\\\/emea.technetix.com\\\/de\\\/#\\\/schema\\\/logo\\\/image\\\/\"},\"sameAs\":[\"https:\\\/\\\/x.com\\\/technetixgroup\",\"https:\\\/\\\/www.linkedin.com\\\/company\\\/technetix\\\/\",\"https:\\\/\\\/www.youtube.com\\\/c\\\/Technetix-group\"]}]}<\/script>\n<!-- \/ Yoast SEO Premium plugin. -->","yoast_head_json":{"title":"Netzwerk-Managementsysteme - Technetix EMEA","robots":{"index":"index","follow":"follow","max-snippet":"max-snippet:-1","max-image-preview":"max-image-preview:large","max-video-preview":"max-video-preview:-1"},"canonical":"https:\/\/emea.technetix.com\/de\/hfc-netzwerke\/netzwerk-managementsysteme\/","og_locale":"de_DE","og_type":"article","og_title":"Netzwerk-Managementsysteme - Technetix EMEA","og_description":"Netzwerk-Managementsysteme Software-L\u00f6sungen f\u00fcr ein einfacheres Netzwerk- und Ger\u00e4temanagement. Technetix offeriert innovative Software-L\u00f6sungen, die von Kunden f\u00fcr die elektronische Einstellung und \u00dcberwachung von Produkten f\u00fcr das Access-Netzwerk einschlie\u00dflich Verst\u00e4rkern, optischen Nodes und Ger\u00e4ten f\u00fcr Remote-PHY sowie Remote-Mac-PHY genutzt werden k\u00f6nnen. Die Vorteile der Verwendung von Software-Tools im Vergleich zu klassischen Verfahren mit Verwendung von Einsch\u00fcben sind ... Read more","og_url":"https:\/\/emea.technetix.com\/de\/hfc-netzwerke\/netzwerk-managementsysteme\/","og_site_name":"Technetix EMEA","article_modified_time":"2023-05-17T08:49:23+00:00","og_image":[{"width":1920,"height":450,"url":"https:\/\/emea.technetix.com\/wp-content\/uploads\/sites\/2\/2023\/01\/SERVICES_LARGE_NETWORK_MAN_SYSTEMS_FINAL.jpg","type":"image\/jpeg"}],"twitter_card":"summary_large_image","twitter_site":"@technetixgroup","twitter_misc":{"Gesch\u00e4tzte Lesezeit":"2\u00a0Minuten"},"schema":{"@context":"https:\/\/schema.org","@graph":[{"@type":"WebPage","@id":"https:\/\/emea.technetix.com\/de\/hfc-netzwerke\/netzwerk-managementsysteme\/","url":"https:\/\/emea.technetix.com\/de\/hfc-netzwerke\/netzwerk-managementsysteme\/","name":"Netzwerk-Managementsysteme - Technetix EMEA","isPartOf":{"@id":"https:\/\/emea.technetix.com\/de\/#website"},"primaryImageOfPage":{"@id":"https:\/\/emea.technetix.com\/de\/hfc-netzwerke\/netzwerk-managementsysteme\/#primaryimage"},"image":{"@id":"https:\/\/emea.technetix.com\/de\/hfc-netzwerke\/netzwerk-managementsysteme\/#primaryimage"},"thumbnailUrl":"https:\/\/emea.technetix.com\/wp-content\/uploads\/sites\/2\/2023\/01\/SERVICES_LARGE_NETWORK_MAN_SYSTEMS_FINAL.jpg","datePublished":"2023-01-19T23:00:22+00:00","dateModified":"2023-05-17T08:49:23+00:00","breadcrumb":{"@id":"https:\/\/emea.technetix.com\/de\/hfc-netzwerke\/netzwerk-managementsysteme\/#breadcrumb"},"inLanguage":"de","potentialAction":[{"@type":"ReadAction","target":["https:\/\/emea.technetix.com\/de\/hfc-netzwerke\/netzwerk-managementsysteme\/"]}]},{"@type":"ImageObject","inLanguage":"de","@id":"https:\/\/emea.technetix.com\/de\/hfc-netzwerke\/netzwerk-managementsysteme\/#primaryimage","url":"https:\/\/emea.technetix.com\/wp-content\/uploads\/sites\/2\/2023\/01\/SERVICES_LARGE_NETWORK_MAN_SYSTEMS_FINAL.jpg","contentUrl":"https:\/\/emea.technetix.com\/wp-content\/uploads\/sites\/2\/2023\/01\/SERVICES_LARGE_NETWORK_MAN_SYSTEMS_FINAL.jpg","width":1920,"height":450},{"@type":"BreadcrumbList","@id":"https:\/\/emea.technetix.com\/de\/hfc-netzwerke\/netzwerk-managementsysteme\/#breadcrumb","itemListElement":[{"@type":"ListItem","position":1,"name":"Home","item":"https:\/\/emea.technetix.com\/de\/"},{"@type":"ListItem","position":2,"name":"Breitband Kabel","item":"https:\/\/emea.technetix.com\/de\/hfc-netzwerke\/"},{"@type":"ListItem","position":3,"name":"Netzwerk-Managementsysteme"}]},{"@type":"WebSite","@id":"https:\/\/emea.technetix.com\/de\/#website","url":"https:\/\/emea.technetix.com\/de\/","name":"Technetix","description":"Next-generation broadband equipment engineering","publisher":{"@id":"https:\/\/emea.technetix.com\/de\/#organization"},"potentialAction":[{"@type":"SearchAction","target":{"@type":"EntryPoint","urlTemplate":"https:\/\/emea.technetix.com\/de\/?s={search_term_string}"},"query-input":{"@type":"PropertyValueSpecification","valueRequired":true,"valueName":"search_term_string"}}],"inLanguage":"de"},{"@type":"Organization","@id":"https:\/\/emea.technetix.com\/de\/#organization","name":"Technetix","url":"https:\/\/emea.technetix.com\/de\/","logo":{"@type":"ImageObject","inLanguage":"de","@id":"https:\/\/emea.technetix.com\/de\/#\/schema\/logo\/image\/","url":"https:\/\/emea.technetix.com\/wp-content\/uploads\/sites\/2\/2023\/06\/logo-Technetix-1000x1000-1.png","contentUrl":"https:\/\/emea.technetix.com\/wp-content\/uploads\/sites\/2\/2023\/06\/logo-Technetix-1000x1000-1.png","width":1000,"height":1000,"caption":"Technetix"},"image":{"@id":"https:\/\/emea.technetix.com\/de\/#\/schema\/logo\/image\/"},"sameAs":["https:\/\/x.com\/technetixgroup","https:\/\/www.linkedin.com\/company\/technetix\/","https:\/\/www.youtube.com\/c\/Technetix-group"]}]}},"acf":[],"publishpress_future_workflow_manual_trigger":{"enabledWorkflows":[]},"_links":{"self":[{"href":"https:\/\/emea.technetix.com\/de\/wp-json\/wp\/v2\/pages\/6200","targetHints":{"allow":["GET"]}}],"collection":[{"href":"https:\/\/emea.technetix.com\/de\/wp-json\/wp\/v2\/pages"}],"about":[{"href":"https:\/\/emea.technetix.com\/de\/wp-json\/wp\/v2\/types\/page"}],"author":[{"embeddable":true,"href":"https:\/\/emea.technetix.com\/de\/wp-json\/wp\/v2\/users\/1"}],"replies":[{"embeddable":true,"href":"https:\/\/emea.technetix.com\/de\/wp-json\/wp\/v2\/comments?post=6200"}],"version-history":[{"count":0,"href":"https:\/\/emea.technetix.com\/de\/wp-json\/wp\/v2\/pages\/6200\/revisions"}],"up":[{"embeddable":true,"href":"https:\/\/emea.technetix.com\/de\/wp-json\/wp\/v2\/pages\/6162"}],"wp:featuredmedia":[{"embeddable":true,"href":"https:\/\/emea.technetix.com\/de\/wp-json\/wp\/v2\/media\/706"}],"wp:attachment":[{"href":"https:\/\/emea.technetix.com\/de\/wp-json\/wp\/v2\/media?parent=6200"}],"curies":[{"name":"wp","href":"https:\/\/api.w.org\/{rel}","templated":true}]}}