{"id":6190,"date":"2023-01-19T22:58:52","date_gmt":"2023-01-19T22:58:52","guid":{"rendered":"https:\/\/emea.technetix.com\/hfc-netzwerke\/passive-komponenten-fur-den-inneneinsatz\/"},"modified":"2023-05-06T19:55:42","modified_gmt":"2023-05-06T19:55:42","slug":"passive-komponenten-fur-den-inneneinsatz","status":"publish","type":"page","link":"https:\/\/emea.technetix.com\/de\/hfc-netzwerke\/passive-komponenten-fur-den-inneneinsatz\/","title":{"rendered":"Passive Komponenten f\u00fcr den Inneneinsatz"},"content":{"rendered":"<div class=\"gb-container gb-container-f86f3f4f gb-container-hero-banner\"><div class=\"gb-inside-container\">\n<h1 class=\"gb-headline gb-headline-e1547755 gb-headline-text gb-headline-hero-banner-title\">Passive Komponenten f\u00fcr den Inneneinsatz<\/h1>\n<\/div><\/div>\n\n<div class=\"gb-container gb-container-18c0750c gb-container-f2ce63f1\"><div class=\"gb-inside-container\">\n<div class=\"gb-container gb-container-b5ed821f gb-container-wide-inner\"><div class=\"gb-inside-container\"><\/div><\/div>\n<\/div><\/div>\n\n<div class=\"gb-container gb-container-d5eb82c2 gb-container-con-centered-header\">\n\n<h2 class=\"gb-headline gb-headline-d02c52e4 gb-headline-text\">Hochqualitative passive Komponenten f\u00fcr den Inneneinsatz, die Ihnen bei der Reduzierung der Gesamtkosten Ihres Netzwerks helfen.<\/h2>\n\n<\/div>\n\n<div class=\"gb-container gb-container-8229340a gb-container-wide-back-page-con\">\n<div class=\"gb-grid-wrapper gb-grid-wrapper-53f55656\">\n<div class=\"gb-grid-column gb-grid-column-0cfe6208\"><div class=\"gb-container gb-container-0cfe6208 image-link-block\"><a class=\"gb-container-link\" href=\"https:\/\/emea.technetix.com\/de\/hfc-netzwerke\/passive-komponenten-fur-den-inneneinsatz\/core-serie\/\"><\/a><div class=\"gb-inside-container\">\n<div class=\"gb-container gb-container-45115771\"><div class=\"gb-inside-container\">\n\n<figure class=\"gb-block-image gb-block-image-d45b5225\"><img loading=\"lazy\" decoding=\"async\" width=\"1000\" height=\"500\" class=\"gb-image gb-image-d45b5225\" src=\"https:\/\/emea.technetix.com\/wp-content\/uploads\/sites\/2\/2023\/04\/500_CSZ-04.png\" alt=\"Core Serie\" srcset=\"https:\/\/emea.technetix.com\/wp-content\/uploads\/sites\/2\/2023\/04\/500_CSZ-04.png 1000w, https:\/\/emea.technetix.com\/wp-content\/uploads\/sites\/2\/2023\/04\/500_CSZ-04-300x150.png 300w, https:\/\/emea.technetix.com\/wp-content\/uploads\/sites\/2\/2023\/04\/500_CSZ-04-768x384.png 768w, https:\/\/emea.technetix.com\/wp-content\/uploads\/sites\/2\/2023\/04\/500_CSZ-04-600x300.png 600w\" sizes=\"auto, (max-width: 1000px) 100vw, 1000px\" \/><\/figure>\n\n\n\n<h2 class=\"gb-headline gb-headline-78ff2c05 gb-headline-text\">Core-Serie<\/h2>\n\n\n\n<p class=\"gb-headline gb-headline-63c026be gb-headline-text\">Herausragend durch ein sehr hohes Schirmungsma\u00df, welches der Klasse A++ entspricht. Klassenbeste After-Surge-Intermodulationsleistung mit einer hervorragenden Performance der F-Steckverbinder.<\/p>\n\n<\/div><\/div>\n<\/div><\/div><\/div>\n\n<div class=\"gb-grid-column gb-grid-column-d19ccd35\"><div class=\"gb-container gb-container-d19ccd35 image-link-block\"><a class=\"gb-container-link\" href=\"https:\/\/emea.technetix.com\/de\/produkte\/breitband-technologie\/einbau-abzweiger-und-verteiler\/12-ghz-ecoline-abzweiger-verteiler\/\"><\/a><div class=\"gb-inside-container\">\n<div class=\"gb-container gb-container-7d541e26\"><div class=\"gb-inside-container\">\n\n<figure class=\"gb-block-image gb-block-image-c08597ba\"><img loading=\"lazy\" decoding=\"async\" width=\"1000\" height=\"500\" class=\"gb-image gb-image-c08597ba\" src=\"https:\/\/emea.technetix.com\/wp-content\/uploads\/sites\/2\/2023\/01\/501_ecoline.png\" alt=\"\" srcset=\"https:\/\/emea.technetix.com\/wp-content\/uploads\/sites\/2\/2023\/01\/501_ecoline.png 1000w, https:\/\/emea.technetix.com\/wp-content\/uploads\/sites\/2\/2023\/01\/501_ecoline-300x150.png 300w, https:\/\/emea.technetix.com\/wp-content\/uploads\/sites\/2\/2023\/01\/501_ecoline-768x384.png 768w, https:\/\/emea.technetix.com\/wp-content\/uploads\/sites\/2\/2023\/01\/501_ecoline-600x300.png 600w\" sizes=\"auto, (max-width: 1000px) 100vw, 1000px\" \/><\/figure>\n\n\n\n<h2 class=\"gb-headline gb-headline-a9a555f1 gb-headline-text\">Ecoline-Serie<\/h2>\n\n\n\n<p class=\"gb-headline gb-headline-c4a92b45 gb-headline-text\">Unser erfolgreiches und umfangreiches Portfolio passiver Komponenten f\u00fcr den Inneneinsatz. Zus\u00e4tzlich unterst\u00fctzt die Technetix Serie Ecoline unsere Technologien Modem-Safe und CPD-Safe.<\/p>\n\n<\/div><\/div>\n<\/div><\/div><\/div>\n\n<div class=\"gb-grid-column gb-grid-column-b8b9d511\"><div class=\"gb-container gb-container-b8b9d511 image-link-block\"><a class=\"gb-container-link\" href=\"https:\/\/emea.technetix.com\/de\/produkte\/breitband-technologie\/?swoof=1&#038;pa_style-sub-brand=tlt-series&#038;really_curr_tax=635-product_cat\"><\/a><div class=\"gb-inside-container\">\n<div class=\"gb-container gb-container-569e694c\"><div class=\"gb-inside-container\">\n\n<figure class=\"gb-block-image gb-block-image-28e684fe\"><img loading=\"lazy\" decoding=\"async\" width=\"1000\" height=\"500\" class=\"gb-image gb-image-28e684fe\" src=\"https:\/\/emea.technetix.com\/wp-content\/uploads\/sites\/2\/2023\/01\/502_TLT-series.png\" alt=\"\" srcset=\"https:\/\/emea.technetix.com\/wp-content\/uploads\/sites\/2\/2023\/01\/502_TLT-series.png 1000w, https:\/\/emea.technetix.com\/wp-content\/uploads\/sites\/2\/2023\/01\/502_TLT-series-300x150.png 300w, https:\/\/emea.technetix.com\/wp-content\/uploads\/sites\/2\/2023\/01\/502_TLT-series-768x384.png 768w, https:\/\/emea.technetix.com\/wp-content\/uploads\/sites\/2\/2023\/01\/502_TLT-series-600x300.png 600w\" sizes=\"auto, (max-width: 1000px) 100vw, 1000px\" \/><\/figure>\n\n\n\n<h2 class=\"gb-headline gb-headline-fffadf3f gb-headline-text\">TLT-Serie<\/h2>\n\n\n\n<p class=\"gb-headline gb-headline-711dc34b gb-headline-text\">Ein vollst\u00e4ndiges Portfolio von Abzweigern f\u00fcr den Inneneinsatz \u2212 gesch\u00fctzt durch Modem Safe und mit hoher Isolation f\u00fcr bis zu 16 Teilnehmeranschl\u00fcsse.<\/p>\n\n<\/div><\/div>\n<\/div><\/div><\/div>\n\n<div class=\"gb-grid-column gb-grid-column-19ba1974\"><div class=\"gb-container gb-container-19ba1974 image-link-block\"><a class=\"gb-container-link\" href=\"https:\/\/emea.technetix.com\/de\/produkte\/breitband-technologie\/?swoof=1&#038;pa_style-sub-brand=tmt-series&#038;really_curr_tax=635-product_cat\"><\/a><div class=\"gb-inside-container\">\n<div class=\"gb-container gb-container-54cc3ddf\"><div class=\"gb-inside-container\">\n\n<figure class=\"gb-block-image gb-block-image-07f2c363\"><img loading=\"lazy\" decoding=\"async\" width=\"1000\" height=\"500\" class=\"gb-image gb-image-07f2c363\" src=\"https:\/\/emea.technetix.com\/wp-content\/uploads\/sites\/2\/2023\/01\/503_TMT-1400-A.png\" alt=\"\" srcset=\"https:\/\/emea.technetix.com\/wp-content\/uploads\/sites\/2\/2023\/01\/503_TMT-1400-A.png 1000w, https:\/\/emea.technetix.com\/wp-content\/uploads\/sites\/2\/2023\/01\/503_TMT-1400-A-300x150.png 300w, https:\/\/emea.technetix.com\/wp-content\/uploads\/sites\/2\/2023\/01\/503_TMT-1400-A-768x384.png 768w, https:\/\/emea.technetix.com\/wp-content\/uploads\/sites\/2\/2023\/01\/503_TMT-1400-A-600x300.png 600w\" sizes=\"auto, (max-width: 1000px) 100vw, 1000px\" \/><\/figure>\n\n\n\n<h2 class=\"gb-headline gb-headline-5284c0f8 gb-headline-text\">TMT-Serie<\/h2>\n\n\n\n<p class=\"gb-headline gb-headline-9ab7931c gb-headline-text\">Tilted Mehrfachabzweiger bieten auf den Teilnehmeranschl\u00fcssen unterschiedliche dB-Tilted Ausgangslevel bei gleichzeitig einmaliger Isolation zwischen den Teilnehmeranschl\u00fcssen.<\/p>\n\n<\/div><\/div>\n<\/div><\/div><\/div>\n\n<div class=\"gb-grid-column gb-grid-column-7a843046\"><div class=\"gb-container gb-container-7a843046 image-link-block\"><a class=\"gb-container-link\" href=\"https:\/\/emea.technetix.com\/de\/produkte\/breitband-technologie\/isolatoren\/?swoof=1&#038;pa_style-sub-brand=tris-series&#038;really_curr_tax=637-product_cat\"><\/a><div class=\"gb-inside-container\">\n<div class=\"gb-container gb-container-4c55f7f0\"><div class=\"gb-inside-container\">\n\n<figure class=\"gb-block-image gb-block-image-ca53a008\"><img loading=\"lazy\" decoding=\"async\" width=\"1000\" height=\"500\" class=\"gb-image gb-image-ca53a008\" src=\"https:\/\/emea.technetix.com\/wp-content\/uploads\/sites\/2\/2023\/01\/504_TRISX-2003.png\" alt=\"\" srcset=\"https:\/\/emea.technetix.com\/wp-content\/uploads\/sites\/2\/2023\/01\/504_TRISX-2003.png 1000w, https:\/\/emea.technetix.com\/wp-content\/uploads\/sites\/2\/2023\/01\/504_TRISX-2003-300x150.png 300w, https:\/\/emea.technetix.com\/wp-content\/uploads\/sites\/2\/2023\/01\/504_TRISX-2003-768x384.png 768w, https:\/\/emea.technetix.com\/wp-content\/uploads\/sites\/2\/2023\/01\/504_TRISX-2003-600x300.png 600w\" sizes=\"auto, (max-width: 1000px) 100vw, 1000px\" \/><\/figure>\n\n\n\n<h2 class=\"gb-headline gb-headline-78959565 gb-headline-text\">Isolatoren der TRIS-Serie<\/h2>\n\n\n\n<p class=\"gb-headline gb-headline-09738830 gb-headline-text\">Doppel-galvanisches isoliertes Trennglied mit Modem-Safe zum Schutz der lokalen Infrastruktur gegen Netzwerk\u00fcberspannungen.<\/p>\n\n<\/div><\/div>\n<\/div><\/div><\/div>\n\n<div class=\"gb-grid-column gb-grid-column-7f2f4848\"><div class=\"gb-container gb-container-7f2f4848 image-link-block\"><a class=\"gb-container-link\" href=\"https:\/\/emea.technetix.com\/de\/produkte\/breitband-technologie\/signalaufbereitung\/\"><\/a><div class=\"gb-inside-container\">\n<div class=\"gb-container gb-container-01240044\"><div class=\"gb-inside-container\">\n\n<figure class=\"gb-block-image gb-block-image-eef3ae34\"><img loading=\"lazy\" decoding=\"async\" width=\"1000\" height=\"500\" class=\"gb-image gb-image-eef3ae34\" src=\"https:\/\/emea.technetix.com\/wp-content\/uploads\/sites\/2\/2023\/01\/506_HPFX102-FM-FF.png\" alt=\"\" srcset=\"https:\/\/emea.technetix.com\/wp-content\/uploads\/sites\/2\/2023\/01\/506_HPFX102-FM-FF.png 1000w, https:\/\/emea.technetix.com\/wp-content\/uploads\/sites\/2\/2023\/01\/506_HPFX102-FM-FF-300x150.png 300w, https:\/\/emea.technetix.com\/wp-content\/uploads\/sites\/2\/2023\/01\/506_HPFX102-FM-FF-768x384.png 768w, https:\/\/emea.technetix.com\/wp-content\/uploads\/sites\/2\/2023\/01\/506_HPFX102-FM-FF-600x300.png 600w\" sizes=\"auto, (max-width: 1000px) 100vw, 1000px\" \/><\/figure>\n\n\n\n<h2 class=\"gb-headline gb-headline-ada8221c gb-headline-text\">Signalaufbereitung<\/h2>\n\n\n\n<p class=\"gb-headline gb-headline-088a86cc gb-headline-text\">Signalaufbereitende Produkte einschlie\u00dflich Hoch-\/Tiefpassfiltern, Bandstopp-Filtern, Diplexfiltern, D\u00e4mpfungsgliedern und Kabelsimulatoren.<\/p>\n\n<\/div><\/div>\n<\/div><\/div><\/div>\n\n<div class=\"gb-grid-column gb-grid-column-0f3a7a2d\"><div class=\"gb-container gb-container-0f3a7a2d image-link-block\"><div class=\"gb-inside-container\">\n<div class=\"gb-container gb-container-c4ec9969\"><div class=\"gb-inside-container\">\n\n<figure class=\"gb-block-image gb-block-image-c6378176\"><img loading=\"lazy\" decoding=\"async\" width=\"1000\" height=\"500\" class=\"gb-image gb-image-c6378176\" src=\"https:\/\/emea.technetix.com\/wp-content\/uploads\/sites\/2\/2023\/01\/507_DG100-VM-1.5M.png\" alt=\"\" srcset=\"https:\/\/emea.technetix.com\/wp-content\/uploads\/sites\/2\/2023\/01\/507_DG100-VM-1.5M.png 1000w, https:\/\/emea.technetix.com\/wp-content\/uploads\/sites\/2\/2023\/01\/507_DG100-VM-1.5M-300x150.png 300w, https:\/\/emea.technetix.com\/wp-content\/uploads\/sites\/2\/2023\/01\/507_DG100-VM-1.5M-768x384.png 768w, https:\/\/emea.technetix.com\/wp-content\/uploads\/sites\/2\/2023\/01\/507_DG100-VM-1.5M-600x300.png 600w\" sizes=\"auto, (max-width: 1000px) 100vw, 1000px\" \/><\/figure>\n\n\n\n<h2 class=\"gb-headline gb-headline-bdf96aa9 gb-headline-text\">Isolator-Patchcords<\/h2>\n\n\n\n<p class=\"gb-headline gb-headline-223e14e1 gb-headline-text\">Vorbereitet f\u00fcr DOCSIS 4.0, selbstinstallierend, doppelte galvanische Isolation mit hervorragendem Schutz des CPE gegen Netzwerk\u00fcberspannungen.<\/p>\n\n<\/div><\/div>\n\n<div class=\"gb-button-wrapper gb-button-wrapper-5eb57855\">\n\n<span class=\"gb-button gb-button-ad5332c1 gb-button-text centre-buttons popup-buttons popmake-5791\">Kontakt<\/span>\n\n<\/div>\n<\/div><\/div><\/div>\n\n<div class=\"gb-grid-column gb-grid-column-3ffaab52\"><div class=\"gb-container gb-container-3ffaab52 image-link-block\"><a class=\"gb-container-link\" href=\"https:\/\/emea.technetix.com\/de\/produkte\/breitband-technologie\/wandsteckdosen\/\"><\/a><div class=\"gb-inside-container\">\n<div class=\"gb-container gb-container-cef13032\"><div class=\"gb-inside-container\">\n\n<figure class=\"gb-block-image gb-block-image-c040921d\"><img loading=\"lazy\" decoding=\"async\" width=\"1000\" height=\"500\" class=\"gb-image gb-image-c040921d\" src=\"https:\/\/emea.technetix.com\/wp-content\/uploads\/sites\/2\/2023\/01\/509_wall-outlets.png\" alt=\"\" srcset=\"https:\/\/emea.technetix.com\/wp-content\/uploads\/sites\/2\/2023\/01\/509_wall-outlets.png 1000w, https:\/\/emea.technetix.com\/wp-content\/uploads\/sites\/2\/2023\/01\/509_wall-outlets-300x150.png 300w, https:\/\/emea.technetix.com\/wp-content\/uploads\/sites\/2\/2023\/01\/509_wall-outlets-768x384.png 768w, https:\/\/emea.technetix.com\/wp-content\/uploads\/sites\/2\/2023\/01\/509_wall-outlets-600x300.png 600w\" sizes=\"auto, (max-width: 1000px) 100vw, 1000px\" \/><\/figure>\n\n\n\n<h2 class=\"gb-headline gb-headline-3bd30afa gb-headline-text\">Antennensteckdose<\/h2>\n\n\n\n<p class=\"gb-headline gb-headline-b88a64ed gb-headline-text\">Eine Auswahl von Antennen- Wandsteckdosen mit aufsteckbaren Modulen sowie integrierten Isolator und \u00dcberspannungsschutz.<\/p>\n\n<\/div><\/div>\n<\/div><\/div><\/div>\n<\/div>\n<\/div>","protected":false},"excerpt":{"rendered":"<p>Passive Komponenten f\u00fcr den Inneneinsatz Hochqualitative passive Komponenten f\u00fcr den Inneneinsatz, die Ihnen bei der Reduzierung der Gesamtkosten Ihres Netzwerks helfen.<\/p>\n","protected":false},"author":1,"featured_media":13437,"parent":6162,"menu_order":0,"comment_status":"closed","ping_status":"closed","template":"","meta":{"_acf_changed":false,"_gspb_post_css":"","footnotes":""},"class_list":["post-6190","page","type-page","status-publish","has-post-thumbnail"],"yoast_head":"<!-- This site is optimized with the Yoast SEO Premium plugin v22.5 (Yoast SEO v27.4) - https:\/\/yoast.com\/product\/yoast-seo-premium-wordpress\/ -->\n<title>Passive Komponenten f\u00fcr den Inneneinsatz - Technetix EMEA<\/title>\n<meta name=\"robots\" content=\"index, follow, max-snippet:-1, max-image-preview:large, max-video-preview:-1\" \/>\n<link rel=\"canonical\" href=\"https:\/\/emea.technetix.com\/de\/hfc-netzwerke\/passive-komponenten-fur-den-inneneinsatz\/\" \/>\n<meta property=\"og:locale\" content=\"de_DE\" \/>\n<meta property=\"og:type\" content=\"article\" \/>\n<meta property=\"og:title\" content=\"Passive Komponenten f\u00fcr den Inneneinsatz - Technetix EMEA\" \/>\n<meta property=\"og:description\" content=\"Passive Komponenten f\u00fcr den Inneneinsatz Hochqualitative passive Komponenten f\u00fcr den Inneneinsatz, die Ihnen bei der Reduzierung der Gesamtkosten Ihres Netzwerks helfen.\" \/>\n<meta property=\"og:url\" content=\"https:\/\/emea.technetix.com\/de\/hfc-netzwerke\/passive-komponenten-fur-den-inneneinsatz\/\" \/>\n<meta property=\"og:site_name\" content=\"Technetix EMEA\" \/>\n<meta property=\"article:modified_time\" content=\"2023-05-06T19:55:42+00:00\" \/>\n<meta property=\"og:image\" content=\"https:\/\/emea.technetix.com\/wp-content\/uploads\/sites\/2\/2023\/04\/PRODUCTS_LARGE_INDOOR-PASSIVES_FINAL.jpeg\" \/>\n\t<meta property=\"og:image:width\" content=\"1920\" \/>\n\t<meta property=\"og:image:height\" content=\"450\" \/>\n\t<meta property=\"og:image:type\" content=\"image\/jpeg\" \/>\n<meta name=\"twitter:card\" content=\"summary_large_image\" \/>\n<meta name=\"twitter:site\" content=\"@technetixgroup\" \/>\n<meta name=\"twitter:label1\" content=\"Gesch\u00e4tzte Lesezeit\" \/>\n\t<meta name=\"twitter:data1\" content=\"3\u00a0Minuten\" \/>\n<script type=\"application\/ld+json\" class=\"yoast-schema-graph\">{\"@context\":\"https:\\\/\\\/schema.org\",\"@graph\":[{\"@type\":\"WebPage\",\"@id\":\"https:\\\/\\\/emea.technetix.com\\\/de\\\/hfc-netzwerke\\\/passive-komponenten-fur-den-inneneinsatz\\\/\",\"url\":\"https:\\\/\\\/emea.technetix.com\\\/de\\\/hfc-netzwerke\\\/passive-komponenten-fur-den-inneneinsatz\\\/\",\"name\":\"Passive Komponenten f\u00fcr den Inneneinsatz - Technetix EMEA\",\"isPartOf\":{\"@id\":\"https:\\\/\\\/emea.technetix.com\\\/de\\\/#website\"},\"primaryImageOfPage\":{\"@id\":\"https:\\\/\\\/emea.technetix.com\\\/de\\\/hfc-netzwerke\\\/passive-komponenten-fur-den-inneneinsatz\\\/#primaryimage\"},\"image\":{\"@id\":\"https:\\\/\\\/emea.technetix.com\\\/de\\\/hfc-netzwerke\\\/passive-komponenten-fur-den-inneneinsatz\\\/#primaryimage\"},\"thumbnailUrl\":\"https:\\\/\\\/emea.technetix.com\\\/wp-content\\\/uploads\\\/sites\\\/2\\\/2023\\\/04\\\/PRODUCTS_LARGE_INDOOR-PASSIVES_FINAL.jpeg\",\"datePublished\":\"2023-01-19T22:58:52+00:00\",\"dateModified\":\"2023-05-06T19:55:42+00:00\",\"breadcrumb\":{\"@id\":\"https:\\\/\\\/emea.technetix.com\\\/de\\\/hfc-netzwerke\\\/passive-komponenten-fur-den-inneneinsatz\\\/#breadcrumb\"},\"inLanguage\":\"de\",\"potentialAction\":[{\"@type\":\"ReadAction\",\"target\":[\"https:\\\/\\\/emea.technetix.com\\\/de\\\/hfc-netzwerke\\\/passive-komponenten-fur-den-inneneinsatz\\\/\"]}]},{\"@type\":\"ImageObject\",\"inLanguage\":\"de\",\"@id\":\"https:\\\/\\\/emea.technetix.com\\\/de\\\/hfc-netzwerke\\\/passive-komponenten-fur-den-inneneinsatz\\\/#primaryimage\",\"url\":\"https:\\\/\\\/emea.technetix.com\\\/wp-content\\\/uploads\\\/sites\\\/2\\\/2023\\\/04\\\/PRODUCTS_LARGE_INDOOR-PASSIVES_FINAL.jpeg\",\"contentUrl\":\"https:\\\/\\\/emea.technetix.com\\\/wp-content\\\/uploads\\\/sites\\\/2\\\/2023\\\/04\\\/PRODUCTS_LARGE_INDOOR-PASSIVES_FINAL.jpeg\",\"width\":1920,\"height\":450},{\"@type\":\"BreadcrumbList\",\"@id\":\"https:\\\/\\\/emea.technetix.com\\\/de\\\/hfc-netzwerke\\\/passive-komponenten-fur-den-inneneinsatz\\\/#breadcrumb\",\"itemListElement\":[{\"@type\":\"ListItem\",\"position\":1,\"name\":\"Home\",\"item\":\"https:\\\/\\\/emea.technetix.com\\\/de\\\/\"},{\"@type\":\"ListItem\",\"position\":2,\"name\":\"Breitband Kabel\",\"item\":\"https:\\\/\\\/emea.technetix.com\\\/de\\\/hfc-netzwerke\\\/\"},{\"@type\":\"ListItem\",\"position\":3,\"name\":\"Passive Komponenten f\u00fcr den Inneneinsatz\"}]},{\"@type\":\"WebSite\",\"@id\":\"https:\\\/\\\/emea.technetix.com\\\/de\\\/#website\",\"url\":\"https:\\\/\\\/emea.technetix.com\\\/de\\\/\",\"name\":\"Technetix\",\"description\":\"Next-generation broadband equipment engineering\",\"publisher\":{\"@id\":\"https:\\\/\\\/emea.technetix.com\\\/de\\\/#organization\"},\"potentialAction\":[{\"@type\":\"SearchAction\",\"target\":{\"@type\":\"EntryPoint\",\"urlTemplate\":\"https:\\\/\\\/emea.technetix.com\\\/de\\\/?s={search_term_string}\"},\"query-input\":{\"@type\":\"PropertyValueSpecification\",\"valueRequired\":true,\"valueName\":\"search_term_string\"}}],\"inLanguage\":\"de\"},{\"@type\":\"Organization\",\"@id\":\"https:\\\/\\\/emea.technetix.com\\\/de\\\/#organization\",\"name\":\"Technetix\",\"url\":\"https:\\\/\\\/emea.technetix.com\\\/de\\\/\",\"logo\":{\"@type\":\"ImageObject\",\"inLanguage\":\"de\",\"@id\":\"https:\\\/\\\/emea.technetix.com\\\/de\\\/#\\\/schema\\\/logo\\\/image\\\/\",\"url\":\"https:\\\/\\\/emea.technetix.com\\\/wp-content\\\/uploads\\\/sites\\\/2\\\/2023\\\/06\\\/logo-Technetix-1000x1000-1.png\",\"contentUrl\":\"https:\\\/\\\/emea.technetix.com\\\/wp-content\\\/uploads\\\/sites\\\/2\\\/2023\\\/06\\\/logo-Technetix-1000x1000-1.png\",\"width\":1000,\"height\":1000,\"caption\":\"Technetix\"},\"image\":{\"@id\":\"https:\\\/\\\/emea.technetix.com\\\/de\\\/#\\\/schema\\\/logo\\\/image\\\/\"},\"sameAs\":[\"https:\\\/\\\/x.com\\\/technetixgroup\",\"https:\\\/\\\/www.linkedin.com\\\/company\\\/technetix\\\/\",\"https:\\\/\\\/www.youtube.com\\\/c\\\/Technetix-group\"]}]}<\/script>\n<!-- \/ Yoast SEO Premium plugin. -->","yoast_head_json":{"title":"Passive Komponenten f\u00fcr den Inneneinsatz - Technetix EMEA","robots":{"index":"index","follow":"follow","max-snippet":"max-snippet:-1","max-image-preview":"max-image-preview:large","max-video-preview":"max-video-preview:-1"},"canonical":"https:\/\/emea.technetix.com\/de\/hfc-netzwerke\/passive-komponenten-fur-den-inneneinsatz\/","og_locale":"de_DE","og_type":"article","og_title":"Passive Komponenten f\u00fcr den Inneneinsatz - Technetix EMEA","og_description":"Passive Komponenten f\u00fcr den Inneneinsatz Hochqualitative passive Komponenten f\u00fcr den Inneneinsatz, die Ihnen bei der Reduzierung der Gesamtkosten Ihres Netzwerks helfen.","og_url":"https:\/\/emea.technetix.com\/de\/hfc-netzwerke\/passive-komponenten-fur-den-inneneinsatz\/","og_site_name":"Technetix EMEA","article_modified_time":"2023-05-06T19:55:42+00:00","og_image":[{"width":1920,"height":450,"url":"https:\/\/emea.technetix.com\/wp-content\/uploads\/sites\/2\/2023\/04\/PRODUCTS_LARGE_INDOOR-PASSIVES_FINAL.jpeg","type":"image\/jpeg"}],"twitter_card":"summary_large_image","twitter_site":"@technetixgroup","twitter_misc":{"Gesch\u00e4tzte Lesezeit":"3\u00a0Minuten"},"schema":{"@context":"https:\/\/schema.org","@graph":[{"@type":"WebPage","@id":"https:\/\/emea.technetix.com\/de\/hfc-netzwerke\/passive-komponenten-fur-den-inneneinsatz\/","url":"https:\/\/emea.technetix.com\/de\/hfc-netzwerke\/passive-komponenten-fur-den-inneneinsatz\/","name":"Passive Komponenten f\u00fcr den Inneneinsatz - Technetix EMEA","isPartOf":{"@id":"https:\/\/emea.technetix.com\/de\/#website"},"primaryImageOfPage":{"@id":"https:\/\/emea.technetix.com\/de\/hfc-netzwerke\/passive-komponenten-fur-den-inneneinsatz\/#primaryimage"},"image":{"@id":"https:\/\/emea.technetix.com\/de\/hfc-netzwerke\/passive-komponenten-fur-den-inneneinsatz\/#primaryimage"},"thumbnailUrl":"https:\/\/emea.technetix.com\/wp-content\/uploads\/sites\/2\/2023\/04\/PRODUCTS_LARGE_INDOOR-PASSIVES_FINAL.jpeg","datePublished":"2023-01-19T22:58:52+00:00","dateModified":"2023-05-06T19:55:42+00:00","breadcrumb":{"@id":"https:\/\/emea.technetix.com\/de\/hfc-netzwerke\/passive-komponenten-fur-den-inneneinsatz\/#breadcrumb"},"inLanguage":"de","potentialAction":[{"@type":"ReadAction","target":["https:\/\/emea.technetix.com\/de\/hfc-netzwerke\/passive-komponenten-fur-den-inneneinsatz\/"]}]},{"@type":"ImageObject","inLanguage":"de","@id":"https:\/\/emea.technetix.com\/de\/hfc-netzwerke\/passive-komponenten-fur-den-inneneinsatz\/#primaryimage","url":"https:\/\/emea.technetix.com\/wp-content\/uploads\/sites\/2\/2023\/04\/PRODUCTS_LARGE_INDOOR-PASSIVES_FINAL.jpeg","contentUrl":"https:\/\/emea.technetix.com\/wp-content\/uploads\/sites\/2\/2023\/04\/PRODUCTS_LARGE_INDOOR-PASSIVES_FINAL.jpeg","width":1920,"height":450},{"@type":"BreadcrumbList","@id":"https:\/\/emea.technetix.com\/de\/hfc-netzwerke\/passive-komponenten-fur-den-inneneinsatz\/#breadcrumb","itemListElement":[{"@type":"ListItem","position":1,"name":"Home","item":"https:\/\/emea.technetix.com\/de\/"},{"@type":"ListItem","position":2,"name":"Breitband Kabel","item":"https:\/\/emea.technetix.com\/de\/hfc-netzwerke\/"},{"@type":"ListItem","position":3,"name":"Passive Komponenten f\u00fcr den Inneneinsatz"}]},{"@type":"WebSite","@id":"https:\/\/emea.technetix.com\/de\/#website","url":"https:\/\/emea.technetix.com\/de\/","name":"Technetix","description":"Next-generation broadband equipment engineering","publisher":{"@id":"https:\/\/emea.technetix.com\/de\/#organization"},"potentialAction":[{"@type":"SearchAction","target":{"@type":"EntryPoint","urlTemplate":"https:\/\/emea.technetix.com\/de\/?s={search_term_string}"},"query-input":{"@type":"PropertyValueSpecification","valueRequired":true,"valueName":"search_term_string"}}],"inLanguage":"de"},{"@type":"Organization","@id":"https:\/\/emea.technetix.com\/de\/#organization","name":"Technetix","url":"https:\/\/emea.technetix.com\/de\/","logo":{"@type":"ImageObject","inLanguage":"de","@id":"https:\/\/emea.technetix.com\/de\/#\/schema\/logo\/image\/","url":"https:\/\/emea.technetix.com\/wp-content\/uploads\/sites\/2\/2023\/06\/logo-Technetix-1000x1000-1.png","contentUrl":"https:\/\/emea.technetix.com\/wp-content\/uploads\/sites\/2\/2023\/06\/logo-Technetix-1000x1000-1.png","width":1000,"height":1000,"caption":"Technetix"},"image":{"@id":"https:\/\/emea.technetix.com\/de\/#\/schema\/logo\/image\/"},"sameAs":["https:\/\/x.com\/technetixgroup","https:\/\/www.linkedin.com\/company\/technetix\/","https:\/\/www.youtube.com\/c\/Technetix-group"]}]}},"acf":[],"publishpress_future_workflow_manual_trigger":{"enabledWorkflows":[]},"_links":{"self":[{"href":"https:\/\/emea.technetix.com\/de\/wp-json\/wp\/v2\/pages\/6190","targetHints":{"allow":["GET"]}}],"collection":[{"href":"https:\/\/emea.technetix.com\/de\/wp-json\/wp\/v2\/pages"}],"about":[{"href":"https:\/\/emea.technetix.com\/de\/wp-json\/wp\/v2\/types\/page"}],"author":[{"embeddable":true,"href":"https:\/\/emea.technetix.com\/de\/wp-json\/wp\/v2\/users\/1"}],"replies":[{"embeddable":true,"href":"https:\/\/emea.technetix.com\/de\/wp-json\/wp\/v2\/comments?post=6190"}],"version-history":[{"count":0,"href":"https:\/\/emea.technetix.com\/de\/wp-json\/wp\/v2\/pages\/6190\/revisions"}],"up":[{"embeddable":true,"href":"https:\/\/emea.technetix.com\/de\/wp-json\/wp\/v2\/pages\/6162"}],"wp:featuredmedia":[{"embeddable":true,"href":"https:\/\/emea.technetix.com\/de\/wp-json\/wp\/v2\/media\/13437"}],"wp:attachment":[{"href":"https:\/\/emea.technetix.com\/de\/wp-json\/wp\/v2\/media?parent=6190"}],"curies":[{"name":"wp","href":"https:\/\/api.w.org\/{rel}","templated":true}]}}