{"id":6167,"date":"2023-01-19T19:36:30","date_gmt":"2023-01-19T19:36:30","guid":{"rendered":"https:\/\/emea.technetix.com\/hfc-netzwerke\/losungen-fur-kopfstellen\/"},"modified":"2025-06-10T14:12:39","modified_gmt":"2025-06-10T14:12:39","slug":"losungen-fur-kopfstellen","status":"publish","type":"page","link":"https:\/\/emea.technetix.com\/de\/hfc-netzwerke\/losungen-fur-kopfstellen\/","title":{"rendered":"L\u00f6sungen f\u00fcr Kopfstellen"},"content":{"rendered":"<div class=\"gb-container gb-container-f86f3f4f gb-container-hero-banner\"><div class=\"gb-inside-container\">\n<h1 class=\"gb-headline gb-headline-e1547755 gb-headline-text gb-headline-hero-banner-title\">L\u00f6sungen f\u00fcr Kopfstellen<\/h1>\n<\/div><\/div>\n\n<div class=\"gb-container gb-container-2a8e7ead gb-container-con-centered-header\">\n\n<h2 class=\"gb-headline gb-headline-d02c52e4 gb-headline-text\">Smarte L\u00f6sungen f\u00fcr Ihre Kopfstellen-Umgebung.<\/h2>\n\n<\/div>\n\n<div class=\"gb-container gb-container-1c15fa5a gb-container-wide-back-page-con\">\n<div class=\"gb-grid-wrapper gb-grid-wrapper-53f55656\">\n<div class=\"gb-grid-column gb-grid-column-111762de\"><div class=\"gb-container gb-container-111762de image-link-block\"><a class=\"gb-container-link\" href=\"https:\/\/emea.technetix.com\/de\/hfc-netzwerke\/losungen-fur-kopfstellen\/aima3000\/\"><\/a><div class=\"gb-inside-container\">\n<div class=\"gb-container gb-container-c51a427e\"><div class=\"gb-inside-container\">\n\n<figure class=\"gb-block-image gb-block-image-92ef0c3b\"><img loading=\"lazy\" decoding=\"async\" width=\"1000\" height=\"500\" class=\"gb-image gb-image-92ef0c3b\" src=\"https:\/\/emea.technetix.com\/wp-content\/uploads\/sites\/2\/2023\/01\/200_AIMA3000-front-view.png\" alt=\"AIMA3000 - Kopfstellen-Plattform mit geringer Leistungsaufnahme: fortschrittlich, intelligent, Multi-Service und mit hoher Packungsdichte\" srcset=\"https:\/\/emea.technetix.com\/wp-content\/uploads\/sites\/2\/2023\/01\/200_AIMA3000-front-view.png 1000w, https:\/\/emea.technetix.com\/wp-content\/uploads\/sites\/2\/2023\/01\/200_AIMA3000-front-view-300x150.png 300w, https:\/\/emea.technetix.com\/wp-content\/uploads\/sites\/2\/2023\/01\/200_AIMA3000-front-view-768x384.png 768w, https:\/\/emea.technetix.com\/wp-content\/uploads\/sites\/2\/2023\/01\/200_AIMA3000-front-view-600x300.png 600w\" sizes=\"auto, (max-width: 1000px) 100vw, 1000px\" \/><\/figure>\n\n\n\n<h2 class=\"gb-headline gb-headline-8057c017 gb-headline-text\">AIMA3000<\/h2>\n\n\n\n<p class=\"gb-headline gb-headline-380a8e6b gb-headline-text\">Kopfstellen-Plattform mit geringer Leistungsaufnahme: fortschrittlich, intelligent, Multi-Service und mit hoher Packungsdichte.<\/p>\n\n<\/div><\/div>\n<\/div><\/div><\/div>\n\n<div class=\"gb-grid-column gb-grid-column-7a4bf16e\"><div class=\"gb-container gb-container-7a4bf16e image-link-block\"><a class=\"gb-container-link\" href=\"https:\/\/emea.technetix.com\/de\/hfc-netzwerke\/losungen-fur-kopfstellen\/nci-narrowcast-insertion-losung\/\"><\/a><div class=\"gb-inside-container\">\n<div class=\"gb-container gb-container-9300bbd2\"><div class=\"gb-inside-container\">\n\n<figure class=\"gb-block-image gb-block-image-6f84a4e9\"><img loading=\"lazy\" decoding=\"async\" width=\"1000\" height=\"500\" class=\"gb-image gb-image-6f84a4e9\" src=\"https:\/\/emea.technetix.com\/wp-content\/uploads\/sites\/2\/2023\/01\/201_NCI-521.png\" alt=\"Narrowcast-Insertion-L\u00f6sung (NCI) - Die kompakte CCAP-konforme Narrowcast-Insertion-L\u00f6sung (NCI) von Technetix ist die intelligente Wahl zur Bew\u00e4ltigung dieser Herausforderungen. Kompatibel zu DOCSIS 3.0\/3.1\" srcset=\"https:\/\/emea.technetix.com\/wp-content\/uploads\/sites\/2\/2023\/01\/201_NCI-521.png 1000w, https:\/\/emea.technetix.com\/wp-content\/uploads\/sites\/2\/2023\/01\/201_NCI-521-300x150.png 300w, https:\/\/emea.technetix.com\/wp-content\/uploads\/sites\/2\/2023\/01\/201_NCI-521-768x384.png 768w, https:\/\/emea.technetix.com\/wp-content\/uploads\/sites\/2\/2023\/01\/201_NCI-521-600x300.png 600w\" sizes=\"auto, (max-width: 1000px) 100vw, 1000px\" \/><\/figure>\n\n\n\n<h2 class=\"gb-headline gb-headline-e57d4edf gb-headline-text\">Narrowcast-Insertion-L\u00f6sung (NCI)<\/h2>\n\n\n\n<p class=\"gb-headline gb-headline-d30bd382 gb-headline-text\">Die kompakte CCAP-konforme Narrowcast-Insertion-L\u00f6sung (NCI) von Technetix ist die intelligente Wahl zur Bew\u00e4ltigung dieser Herausforderungen. Kompatibel zu DOCSIS 3.0\/3.1 <\/p>\n\n<\/div><\/div>\n<\/div><\/div><\/div>\n\n<div class=\"gb-grid-column gb-grid-column-3fddeac5\"><div class=\"gb-container gb-container-3fddeac5 image-link-block\"><a class=\"gb-container-link\" href=\"https:\/\/emea.technetix.com\/de\/hfc-netzwerke\/losungen-fur-kopfstellen\/upstream-verteiler-und-combiner\/\"><\/a><div class=\"gb-inside-container\">\n<div class=\"gb-container gb-container-7fd1c555\"><div class=\"gb-inside-container\">\n\n<figure class=\"gb-block-image gb-block-image-58e19e57\"><img loading=\"lazy\" decoding=\"async\" width=\"1000\" height=\"500\" class=\"gb-image gb-image-58e19e57\" src=\"https:\/\/emea.technetix.com\/wp-content\/uploads\/sites\/2\/2023\/01\/203_USC.png\" alt=\"Upstream-Verteiler und Combiner - Zur Erg\u00e4nzung der NCI-Downstream-L\u00f6sung hat Technetix den Upstream-Verteiler-Combiner entwickelt. Kompatibel zu DOCSIS 3.1 CCAP (bei Verwendung des NCI-Chassis)\" srcset=\"https:\/\/emea.technetix.com\/wp-content\/uploads\/sites\/2\/2023\/01\/203_USC.png 1000w, https:\/\/emea.technetix.com\/wp-content\/uploads\/sites\/2\/2023\/01\/203_USC-300x150.png 300w, https:\/\/emea.technetix.com\/wp-content\/uploads\/sites\/2\/2023\/01\/203_USC-768x384.png 768w, https:\/\/emea.technetix.com\/wp-content\/uploads\/sites\/2\/2023\/01\/203_USC-600x300.png 600w\" sizes=\"auto, (max-width: 1000px) 100vw, 1000px\" \/><\/figure>\n\n\n\n<h2 class=\"gb-headline gb-headline-14e94609 gb-headline-text\">Upstream-Verteiler und Combiner<\/h2>\n\n\n\n<p class=\"gb-headline gb-headline-a84155c4 gb-headline-text\">Zur Erg\u00e4nzung der NCI-Downstream-L\u00f6sung hat Technetix den Upstream-Verteiler-Combiner entwickelt. Kompatibel zu DOCSIS 3.1 CCAP (bei Verwendung des NCI-Chassis). <\/p>\n\n<\/div><\/div>\n<\/div><\/div><\/div>\n\n<div class=\"gb-grid-column gb-grid-column-eb2239b9\"><div class=\"gb-container gb-container-eb2239b9 image-link-block\"><a class=\"gb-container-link\" href=\"https:\/\/emea.technetix.com\/de\/hfc-netzwerke\/losungen-fur-kopfstellen\/flexible-panel-losung\/\"><\/a><div class=\"gb-inside-container\">\n<div class=\"gb-container gb-container-8b19c195\"><div class=\"gb-inside-container\">\n\n<figure class=\"gb-block-image gb-block-image-c54784f5\"><img loading=\"lazy\" decoding=\"async\" width=\"1000\" height=\"500\" class=\"gb-image gb-image-c54784f5\" src=\"https:\/\/emea.technetix.com\/wp-content\/uploads\/sites\/2\/2023\/01\/204_HSX-04.png\" alt=\"Flexible Panel-L\u00f6sung - Technetix bietet eine vollst\u00e4ndige Gesamtl\u00f6sung f\u00fcr individuelle und flexible Patchpanels an. Basierend auf Ihren Verteiler- und Combiner-Anforderungen erarbeiten wir f\u00fcr Sie den exakt auf Sie zugeschnittenen L\u00f6sungsvorschlag aus, individuell zusammengestellt\" srcset=\"https:\/\/emea.technetix.com\/wp-content\/uploads\/sites\/2\/2023\/01\/204_HSX-04.png 1000w, https:\/\/emea.technetix.com\/wp-content\/uploads\/sites\/2\/2023\/01\/204_HSX-04-300x150.png 300w, https:\/\/emea.technetix.com\/wp-content\/uploads\/sites\/2\/2023\/01\/204_HSX-04-768x384.png 768w, https:\/\/emea.technetix.com\/wp-content\/uploads\/sites\/2\/2023\/01\/204_HSX-04-600x300.png 600w\" sizes=\"auto, (max-width: 1000px) 100vw, 1000px\" \/><\/figure>\n\n\n\n<h2 class=\"gb-headline gb-headline-236f0596 gb-headline-text\">Flexible Panel-L\u00f6sung<\/h2>\n\n\n\n<p class=\"gb-headline gb-headline-973b47b2 gb-headline-text\">Technetix bietet eine vollst\u00e4ndige Gesamtl\u00f6sung f\u00fcr individuelle und flexible Patchpanels an. Basierend auf Ihren Verteiler- und Combiner-Anforderungen erarbeiten wir f\u00fcr Sie den exakt auf Sie zugeschnittenen L\u00f6sungsvorschlag aus, individuell zusammengestellt. <\/p>\n\n<\/div><\/div>\n<\/div><\/div><\/div>\n<\/div>\n<\/div>","protected":false},"excerpt":{"rendered":"<p>L\u00f6sungen f\u00fcr Kopfstellen Smarte L\u00f6sungen f\u00fcr Ihre Kopfstellen-Umgebung.<\/p>\n","protected":false},"author":1,"featured_media":688,"parent":6162,"menu_order":0,"comment_status":"closed","ping_status":"closed","template":"","meta":{"_acf_changed":false,"_gspb_post_css":"","footnotes":""},"class_list":["post-6167","page","type-page","status-publish","has-post-thumbnail"],"yoast_head":"<!-- This site is optimized with the Yoast SEO Premium plugin v22.5 (Yoast SEO v27.4) - https:\/\/yoast.com\/product\/yoast-seo-premium-wordpress\/ -->\n<title>L\u00f6sungen f\u00fcr Kopfstellen - Technetix EMEA<\/title>\n<meta name=\"robots\" content=\"index, follow, max-snippet:-1, max-image-preview:large, max-video-preview:-1\" \/>\n<link rel=\"canonical\" href=\"https:\/\/emea.technetix.com\/de\/hfc-netzwerke\/losungen-fur-kopfstellen\/\" \/>\n<meta property=\"og:locale\" content=\"de_DE\" \/>\n<meta property=\"og:type\" content=\"article\" \/>\n<meta property=\"og:title\" content=\"L\u00f6sungen f\u00fcr Kopfstellen - Technetix EMEA\" \/>\n<meta property=\"og:description\" content=\"L\u00f6sungen f\u00fcr Kopfstellen Smarte L\u00f6sungen f\u00fcr Ihre Kopfstellen-Umgebung.\" \/>\n<meta property=\"og:url\" content=\"https:\/\/emea.technetix.com\/de\/hfc-netzwerke\/losungen-fur-kopfstellen\/\" \/>\n<meta property=\"og:site_name\" content=\"Technetix EMEA\" \/>\n<meta property=\"article:modified_time\" content=\"2025-06-10T14:12:39+00:00\" \/>\n<meta property=\"og:image\" content=\"https:\/\/emea.technetix.com\/wp-content\/uploads\/sites\/2\/2023\/01\/PRODUCTS_LARGE_RF-HEADEND_FINAL.jpg\" \/>\n\t<meta property=\"og:image:width\" content=\"1920\" \/>\n\t<meta property=\"og:image:height\" content=\"450\" \/>\n\t<meta property=\"og:image:type\" content=\"image\/jpeg\" \/>\n<meta name=\"twitter:card\" content=\"summary_large_image\" \/>\n<meta name=\"twitter:site\" content=\"@technetixgroup\" \/>\n<meta name=\"twitter:label1\" content=\"Gesch\u00e4tzte Lesezeit\" \/>\n\t<meta name=\"twitter:data1\" content=\"2\u00a0Minuten\" \/>\n<script type=\"application\/ld+json\" class=\"yoast-schema-graph\">{\"@context\":\"https:\\\/\\\/schema.org\",\"@graph\":[{\"@type\":\"WebPage\",\"@id\":\"https:\\\/\\\/emea.technetix.com\\\/de\\\/hfc-netzwerke\\\/losungen-fur-kopfstellen\\\/\",\"url\":\"https:\\\/\\\/emea.technetix.com\\\/de\\\/hfc-netzwerke\\\/losungen-fur-kopfstellen\\\/\",\"name\":\"L\u00f6sungen f\u00fcr Kopfstellen - Technetix EMEA\",\"isPartOf\":{\"@id\":\"https:\\\/\\\/emea.technetix.com\\\/de\\\/#website\"},\"primaryImageOfPage\":{\"@id\":\"https:\\\/\\\/emea.technetix.com\\\/de\\\/hfc-netzwerke\\\/losungen-fur-kopfstellen\\\/#primaryimage\"},\"image\":{\"@id\":\"https:\\\/\\\/emea.technetix.com\\\/de\\\/hfc-netzwerke\\\/losungen-fur-kopfstellen\\\/#primaryimage\"},\"thumbnailUrl\":\"https:\\\/\\\/emea.technetix.com\\\/wp-content\\\/uploads\\\/sites\\\/2\\\/2023\\\/01\\\/PRODUCTS_LARGE_RF-HEADEND_FINAL.jpg\",\"datePublished\":\"2023-01-19T19:36:30+00:00\",\"dateModified\":\"2025-06-10T14:12:39+00:00\",\"breadcrumb\":{\"@id\":\"https:\\\/\\\/emea.technetix.com\\\/de\\\/hfc-netzwerke\\\/losungen-fur-kopfstellen\\\/#breadcrumb\"},\"inLanguage\":\"de\",\"potentialAction\":[{\"@type\":\"ReadAction\",\"target\":[\"https:\\\/\\\/emea.technetix.com\\\/de\\\/hfc-netzwerke\\\/losungen-fur-kopfstellen\\\/\"]}]},{\"@type\":\"ImageObject\",\"inLanguage\":\"de\",\"@id\":\"https:\\\/\\\/emea.technetix.com\\\/de\\\/hfc-netzwerke\\\/losungen-fur-kopfstellen\\\/#primaryimage\",\"url\":\"https:\\\/\\\/emea.technetix.com\\\/wp-content\\\/uploads\\\/sites\\\/2\\\/2023\\\/01\\\/PRODUCTS_LARGE_RF-HEADEND_FINAL.jpg\",\"contentUrl\":\"https:\\\/\\\/emea.technetix.com\\\/wp-content\\\/uploads\\\/sites\\\/2\\\/2023\\\/01\\\/PRODUCTS_LARGE_RF-HEADEND_FINAL.jpg\",\"width\":1920,\"height\":450},{\"@type\":\"BreadcrumbList\",\"@id\":\"https:\\\/\\\/emea.technetix.com\\\/de\\\/hfc-netzwerke\\\/losungen-fur-kopfstellen\\\/#breadcrumb\",\"itemListElement\":[{\"@type\":\"ListItem\",\"position\":1,\"name\":\"Home\",\"item\":\"https:\\\/\\\/emea.technetix.com\\\/de\\\/\"},{\"@type\":\"ListItem\",\"position\":2,\"name\":\"Breitband Kabel\",\"item\":\"https:\\\/\\\/emea.technetix.com\\\/de\\\/hfc-netzwerke\\\/\"},{\"@type\":\"ListItem\",\"position\":3,\"name\":\"L\u00f6sungen f\u00fcr Kopfstellen\"}]},{\"@type\":\"WebSite\",\"@id\":\"https:\\\/\\\/emea.technetix.com\\\/de\\\/#website\",\"url\":\"https:\\\/\\\/emea.technetix.com\\\/de\\\/\",\"name\":\"Technetix\",\"description\":\"Next-generation broadband equipment engineering\",\"publisher\":{\"@id\":\"https:\\\/\\\/emea.technetix.com\\\/de\\\/#organization\"},\"potentialAction\":[{\"@type\":\"SearchAction\",\"target\":{\"@type\":\"EntryPoint\",\"urlTemplate\":\"https:\\\/\\\/emea.technetix.com\\\/de\\\/?s={search_term_string}\"},\"query-input\":{\"@type\":\"PropertyValueSpecification\",\"valueRequired\":true,\"valueName\":\"search_term_string\"}}],\"inLanguage\":\"de\"},{\"@type\":\"Organization\",\"@id\":\"https:\\\/\\\/emea.technetix.com\\\/de\\\/#organization\",\"name\":\"Technetix\",\"url\":\"https:\\\/\\\/emea.technetix.com\\\/de\\\/\",\"logo\":{\"@type\":\"ImageObject\",\"inLanguage\":\"de\",\"@id\":\"https:\\\/\\\/emea.technetix.com\\\/de\\\/#\\\/schema\\\/logo\\\/image\\\/\",\"url\":\"https:\\\/\\\/emea.technetix.com\\\/wp-content\\\/uploads\\\/sites\\\/2\\\/2023\\\/06\\\/logo-Technetix-1000x1000-1.png\",\"contentUrl\":\"https:\\\/\\\/emea.technetix.com\\\/wp-content\\\/uploads\\\/sites\\\/2\\\/2023\\\/06\\\/logo-Technetix-1000x1000-1.png\",\"width\":1000,\"height\":1000,\"caption\":\"Technetix\"},\"image\":{\"@id\":\"https:\\\/\\\/emea.technetix.com\\\/de\\\/#\\\/schema\\\/logo\\\/image\\\/\"},\"sameAs\":[\"https:\\\/\\\/x.com\\\/technetixgroup\",\"https:\\\/\\\/www.linkedin.com\\\/company\\\/technetix\\\/\",\"https:\\\/\\\/www.youtube.com\\\/c\\\/Technetix-group\"]}]}<\/script>\n<!-- \/ Yoast SEO Premium plugin. -->","yoast_head_json":{"title":"L\u00f6sungen f\u00fcr Kopfstellen - Technetix EMEA","robots":{"index":"index","follow":"follow","max-snippet":"max-snippet:-1","max-image-preview":"max-image-preview:large","max-video-preview":"max-video-preview:-1"},"canonical":"https:\/\/emea.technetix.com\/de\/hfc-netzwerke\/losungen-fur-kopfstellen\/","og_locale":"de_DE","og_type":"article","og_title":"L\u00f6sungen f\u00fcr Kopfstellen - Technetix EMEA","og_description":"L\u00f6sungen f\u00fcr Kopfstellen Smarte L\u00f6sungen f\u00fcr Ihre Kopfstellen-Umgebung.","og_url":"https:\/\/emea.technetix.com\/de\/hfc-netzwerke\/losungen-fur-kopfstellen\/","og_site_name":"Technetix EMEA","article_modified_time":"2025-06-10T14:12:39+00:00","og_image":[{"width":1920,"height":450,"url":"https:\/\/emea.technetix.com\/wp-content\/uploads\/sites\/2\/2023\/01\/PRODUCTS_LARGE_RF-HEADEND_FINAL.jpg","type":"image\/jpeg"}],"twitter_card":"summary_large_image","twitter_site":"@technetixgroup","twitter_misc":{"Gesch\u00e4tzte Lesezeit":"2\u00a0Minuten"},"schema":{"@context":"https:\/\/schema.org","@graph":[{"@type":"WebPage","@id":"https:\/\/emea.technetix.com\/de\/hfc-netzwerke\/losungen-fur-kopfstellen\/","url":"https:\/\/emea.technetix.com\/de\/hfc-netzwerke\/losungen-fur-kopfstellen\/","name":"L\u00f6sungen f\u00fcr Kopfstellen - Technetix EMEA","isPartOf":{"@id":"https:\/\/emea.technetix.com\/de\/#website"},"primaryImageOfPage":{"@id":"https:\/\/emea.technetix.com\/de\/hfc-netzwerke\/losungen-fur-kopfstellen\/#primaryimage"},"image":{"@id":"https:\/\/emea.technetix.com\/de\/hfc-netzwerke\/losungen-fur-kopfstellen\/#primaryimage"},"thumbnailUrl":"https:\/\/emea.technetix.com\/wp-content\/uploads\/sites\/2\/2023\/01\/PRODUCTS_LARGE_RF-HEADEND_FINAL.jpg","datePublished":"2023-01-19T19:36:30+00:00","dateModified":"2025-06-10T14:12:39+00:00","breadcrumb":{"@id":"https:\/\/emea.technetix.com\/de\/hfc-netzwerke\/losungen-fur-kopfstellen\/#breadcrumb"},"inLanguage":"de","potentialAction":[{"@type":"ReadAction","target":["https:\/\/emea.technetix.com\/de\/hfc-netzwerke\/losungen-fur-kopfstellen\/"]}]},{"@type":"ImageObject","inLanguage":"de","@id":"https:\/\/emea.technetix.com\/de\/hfc-netzwerke\/losungen-fur-kopfstellen\/#primaryimage","url":"https:\/\/emea.technetix.com\/wp-content\/uploads\/sites\/2\/2023\/01\/PRODUCTS_LARGE_RF-HEADEND_FINAL.jpg","contentUrl":"https:\/\/emea.technetix.com\/wp-content\/uploads\/sites\/2\/2023\/01\/PRODUCTS_LARGE_RF-HEADEND_FINAL.jpg","width":1920,"height":450},{"@type":"BreadcrumbList","@id":"https:\/\/emea.technetix.com\/de\/hfc-netzwerke\/losungen-fur-kopfstellen\/#breadcrumb","itemListElement":[{"@type":"ListItem","position":1,"name":"Home","item":"https:\/\/emea.technetix.com\/de\/"},{"@type":"ListItem","position":2,"name":"Breitband Kabel","item":"https:\/\/emea.technetix.com\/de\/hfc-netzwerke\/"},{"@type":"ListItem","position":3,"name":"L\u00f6sungen f\u00fcr Kopfstellen"}]},{"@type":"WebSite","@id":"https:\/\/emea.technetix.com\/de\/#website","url":"https:\/\/emea.technetix.com\/de\/","name":"Technetix","description":"Next-generation broadband equipment engineering","publisher":{"@id":"https:\/\/emea.technetix.com\/de\/#organization"},"potentialAction":[{"@type":"SearchAction","target":{"@type":"EntryPoint","urlTemplate":"https:\/\/emea.technetix.com\/de\/?s={search_term_string}"},"query-input":{"@type":"PropertyValueSpecification","valueRequired":true,"valueName":"search_term_string"}}],"inLanguage":"de"},{"@type":"Organization","@id":"https:\/\/emea.technetix.com\/de\/#organization","name":"Technetix","url":"https:\/\/emea.technetix.com\/de\/","logo":{"@type":"ImageObject","inLanguage":"de","@id":"https:\/\/emea.technetix.com\/de\/#\/schema\/logo\/image\/","url":"https:\/\/emea.technetix.com\/wp-content\/uploads\/sites\/2\/2023\/06\/logo-Technetix-1000x1000-1.png","contentUrl":"https:\/\/emea.technetix.com\/wp-content\/uploads\/sites\/2\/2023\/06\/logo-Technetix-1000x1000-1.png","width":1000,"height":1000,"caption":"Technetix"},"image":{"@id":"https:\/\/emea.technetix.com\/de\/#\/schema\/logo\/image\/"},"sameAs":["https:\/\/x.com\/technetixgroup","https:\/\/www.linkedin.com\/company\/technetix\/","https:\/\/www.youtube.com\/c\/Technetix-group"]}]}},"acf":[],"publishpress_future_workflow_manual_trigger":{"enabledWorkflows":[]},"_links":{"self":[{"href":"https:\/\/emea.technetix.com\/de\/wp-json\/wp\/v2\/pages\/6167","targetHints":{"allow":["GET"]}}],"collection":[{"href":"https:\/\/emea.technetix.com\/de\/wp-json\/wp\/v2\/pages"}],"about":[{"href":"https:\/\/emea.technetix.com\/de\/wp-json\/wp\/v2\/types\/page"}],"author":[{"embeddable":true,"href":"https:\/\/emea.technetix.com\/de\/wp-json\/wp\/v2\/users\/1"}],"replies":[{"embeddable":true,"href":"https:\/\/emea.technetix.com\/de\/wp-json\/wp\/v2\/comments?post=6167"}],"version-history":[{"count":0,"href":"https:\/\/emea.technetix.com\/de\/wp-json\/wp\/v2\/pages\/6167\/revisions"}],"up":[{"embeddable":true,"href":"https:\/\/emea.technetix.com\/de\/wp-json\/wp\/v2\/pages\/6162"}],"wp:featuredmedia":[{"embeddable":true,"href":"https:\/\/emea.technetix.com\/de\/wp-json\/wp\/v2\/media\/688"}],"wp:attachment":[{"href":"https:\/\/emea.technetix.com\/de\/wp-json\/wp\/v2\/media?parent=6167"}],"curies":[{"name":"wp","href":"https:\/\/api.w.org\/{rel}","templated":true}]}}