{"id":6157,"date":"2023-01-19T19:19:48","date_gmt":"2023-01-19T19:19:48","guid":{"rendered":"https:\/\/emea.technetix.com\/xhaul\/"},"modified":"2024-06-20T08:43:31","modified_gmt":"2024-06-20T08:43:31","slug":"drahtlose-kommunikation","status":"publish","type":"page","link":"https:\/\/emea.technetix.com\/de\/drahtlose-kommunikation\/","title":{"rendered":"Drahtlose Kommunikation"},"content":{"rendered":"<div class=\"gb-container gb-container-c11aec0a gb-container-con-centered-header\">\n\n<div style=\"height:21px\" aria-hidden=\"true\" class=\"wp-block-spacer\"><\/div>\n\n\n\n<h1 class=\"gb-headline gb-headline-e37b17fd gb-headline-text\">Drahtlose Kommunikation<\/h1>\n\n\n\n<h2 class=\"gb-headline gb-headline-d02c52e4 gb-headline-text\">Drahtlose L\u00f6sungen f\u00fcr Glasfaser und Kabel.<\/h2>\n\n<\/div>\n\n<div class=\"gb-container gb-container-f8d13d6c gb-container-wide-back-page-con\">\n<div class=\"gb-grid-wrapper gb-grid-wrapper-53f55656\">\n<div class=\"gb-grid-column gb-grid-column-111762de\"><div class=\"gb-container gb-container-111762de image-link-block\"><a class=\"gb-container-link\" href=\"https:\/\/emea.technetix.com\/de\/hfc-netzwerke\/virtuelle-segmentierung\/\"><\/a><div class=\"gb-inside-container\">\n<div class=\"gb-container gb-container-c51a427e\"><div class=\"gb-inside-container\">\n\n<figure class=\"gb-block-image gb-block-image-92ef0c3b\"><img loading=\"lazy\" decoding=\"async\" width=\"1000\" height=\"500\" class=\"gb-image gb-image-92ef0c3b\" src=\"https:\/\/emea.technetix.com\/wp-content\/uploads\/sites\/2\/2023\/01\/1_VS-portrait.png\" alt=\"Virtual Segmentation unit\" srcset=\"https:\/\/emea.technetix.com\/wp-content\/uploads\/sites\/2\/2023\/01\/1_VS-portrait.png 1000w, https:\/\/emea.technetix.com\/wp-content\/uploads\/sites\/2\/2023\/01\/1_VS-portrait-300x150.png 300w, https:\/\/emea.technetix.com\/wp-content\/uploads\/sites\/2\/2023\/01\/1_VS-portrait-768x384.png 768w, https:\/\/emea.technetix.com\/wp-content\/uploads\/sites\/2\/2023\/01\/1_VS-portrait-600x300.png 600w\" sizes=\"auto, (max-width: 1000px) 100vw, 1000px\" \/><\/figure>\n\n\n\n<h2 class=\"gb-headline gb-headline-8057c017 gb-headline-text\">Virtual Segmentation\u2122<\/h2>\n\n\n\n<p class=\"gb-headline gb-headline-380a8e6b gb-headline-text\">Virtual Segmentation\u2122 stellt eine \u2018Glasfaser-\u00e4hnliche\u2019 Verbindung \u00fcber Koax-Netzwerke bereit. Bis zu 10 Gb symmetrische transparente Ethernet-Verbindung (Layer 1), ideal f\u00fcr Drahtlos-Applikationen. <\/p>\n\n<\/div><\/div>\n<\/div><\/div><\/div>\n\n<div class=\"gb-grid-column gb-grid-column-0f3a7a2d\"><div class=\"gb-container gb-container-0f3a7a2d image-link-block\"><a class=\"gb-container-link\" href=\"https:\/\/emea.technetix.com\/de\/fttx-netzwerke\/cx-kompakter-switch\/\"><\/a><div class=\"gb-inside-container\">\n<div class=\"gb-container gb-container-c4ec9969\"><div class=\"gb-inside-container\">\n\n<figure class=\"gb-block-image gb-block-image-c6378176\"><img loading=\"lazy\" decoding=\"async\" width=\"1000\" height=\"500\" class=\"gb-image gb-image-c6378176\" src=\"https:\/\/emea.technetix.com\/wp-content\/uploads\/sites\/2\/2023\/01\/5_cX-compact-switch.png\" alt=\"5cx Compact Switch\" srcset=\"https:\/\/emea.technetix.com\/wp-content\/uploads\/sites\/2\/2023\/01\/5_cX-compact-switch.png 1000w, https:\/\/emea.technetix.com\/wp-content\/uploads\/sites\/2\/2023\/01\/5_cX-compact-switch-300x150.png 300w, https:\/\/emea.technetix.com\/wp-content\/uploads\/sites\/2\/2023\/01\/5_cX-compact-switch-768x384.png 768w, https:\/\/emea.technetix.com\/wp-content\/uploads\/sites\/2\/2023\/01\/5_cX-compact-switch-600x300.png 600w\" sizes=\"auto, (max-width: 1000px) 100vw, 1000px\" \/><\/figure>\n\n\n\n<h2 class=\"gb-headline gb-headline-bdf96aa9 gb-headline-text\">Kompakter Switch<\/h2>\n\n\n\n<p class=\"gb-headline gb-headline-223e14e1 gb-headline-text\">Kompakter Carrier-Ethernet-Switch, vorbereitet f\u00fcr Mobile Backhaul. Unterst\u00fctzt SyncE und IEEE 1588v2 Kompakte Bauform, f\u00fcr den Einsatz in einer rauen Umgebung konzipiert und passive gek\u00fchlt.  <\/p>\n\n<\/div><\/div>\n<\/div><\/div><\/div>\n\n<div class=\"gb-grid-column gb-grid-column-412bfcb8\"><div class=\"gb-container gb-container-412bfcb8 image-link-block\"><a class=\"gb-container-link\" href=\"https:\/\/emea.technetix.com\/de\/drahtlose-kommunikation\/poe-docsis-gateways\/\"><\/a><div class=\"gb-inside-container\">\n<div class=\"gb-container gb-container-a2588a6c\"><div class=\"gb-inside-container\">\n\n<figure class=\"gb-block-image gb-block-image-d2712bdd\"><img loading=\"lazy\" decoding=\"async\" width=\"1000\" height=\"500\" class=\"gb-image gb-image-d2712bdd\" src=\"https:\/\/emea.technetix.com\/wp-content\/uploads\/sites\/2\/2023\/12\/5000x2500px-tiles_0004_Protected_-PoE-DOCSIS\u00ae-Gateways-1.png\" alt=\"\" title=\"5000x2500px-tiles_0004_Protected_-PoE++-DOCSIS\u00ae-Gateways\" srcset=\"https:\/\/emea.technetix.com\/wp-content\/uploads\/sites\/2\/2023\/12\/5000x2500px-tiles_0004_Protected_-PoE-DOCSIS\u00ae-Gateways-1.png 1000w, https:\/\/emea.technetix.com\/wp-content\/uploads\/sites\/2\/2023\/12\/5000x2500px-tiles_0004_Protected_-PoE-DOCSIS\u00ae-Gateways-1-300x150.png 300w, https:\/\/emea.technetix.com\/wp-content\/uploads\/sites\/2\/2023\/12\/5000x2500px-tiles_0004_Protected_-PoE-DOCSIS\u00ae-Gateways-1-768x384.png 768w, https:\/\/emea.technetix.com\/wp-content\/uploads\/sites\/2\/2023\/12\/5000x2500px-tiles_0004_Protected_-PoE-DOCSIS\u00ae-Gateways-1-600x300.png 600w\" sizes=\"auto, (max-width: 1000px) 100vw, 1000px\" \/><\/figure>\n\n\n\n<h2 class=\"gb-headline gb-headline-bb712b48 gb-headline-text\">PoE ++ DOCSIS\u00ae Gateways<\/h2>\n\n\n\n<p>Erm\u00f6glicht die Verwendung von PoE++ \u2013 Ger\u00e4ten im HFC-Strang.<\/p>\n\n<\/div><\/div>\n<\/div><\/div><\/div>\n\n<div class=\"gb-grid-column gb-grid-column-adaa01c8\"><div class=\"gb-container gb-container-adaa01c8 image-link-block\"><a class=\"gb-container-link\" href=\"https:\/\/emea.technetix.com\/de\/xhaul\/optische-hfc-poe-pon-gateways\/\"><\/a><div class=\"gb-inside-container\">\n<div class=\"gb-container gb-container-52147889\"><div class=\"gb-inside-container\">\n\n<figure class=\"gb-block-image gb-block-image-6ac7b09f\"><img loading=\"lazy\" decoding=\"async\" width=\"1000\" height=\"500\" class=\"gb-image gb-image-6ac7b09f\" src=\"https:\/\/emea.technetix.com\/wp-content\/uploads\/sites\/2\/2023\/12\/5000x2500px-tiles_0002_DOCSIS-2-2.png\" alt=\"\" title=\"5000x2500px-tiles_0002_DOCSIS-2-2\" srcset=\"https:\/\/emea.technetix.com\/wp-content\/uploads\/sites\/2\/2023\/12\/5000x2500px-tiles_0002_DOCSIS-2-2.png 1000w, https:\/\/emea.technetix.com\/wp-content\/uploads\/sites\/2\/2023\/12\/5000x2500px-tiles_0002_DOCSIS-2-2-300x150.png 300w, https:\/\/emea.technetix.com\/wp-content\/uploads\/sites\/2\/2023\/12\/5000x2500px-tiles_0002_DOCSIS-2-2-768x384.png 768w, https:\/\/emea.technetix.com\/wp-content\/uploads\/sites\/2\/2023\/12\/5000x2500px-tiles_0002_DOCSIS-2-2-600x300.png 600w\" sizes=\"auto, (max-width: 1000px) 100vw, 1000px\" \/><\/figure>\n\n\n\n<h2 class=\"gb-headline gb-headline-8d2d26a4 gb-headline-text\">Optische HFC PoE PON-Gateways<\/h2>\n\n\n\n<p>Die optischen HFC, Power-over-Ethernet- (PoE) und PON-Gateways von Technetix erm\u00f6glichen schnelle Internet-Dienste f\u00fcr jedes IP-Ger\u00e4t, das \u00fcber eine GPON OLT-Verbindung an den Ethernet-Port angeschlossen ist. <\/p>\n\n<\/div><\/div>\n<\/div><\/div><\/div>\n\n<div class=\"gb-grid-column gb-grid-column-3ac8e96c\"><div class=\"gb-container gb-container-3ac8e96c image-link-block\"><a class=\"gb-container-link\" href=\"https:\/\/emea.technetix.com\/de\/xhaul\/temperaturgehaertete-d3-0-3-1-kabelmodems-gehartete-docsis-3-0-3-1-modem-series\/\"><\/a><div class=\"gb-inside-container\">\n<div class=\"gb-container gb-container-d2786aa8\"><div class=\"gb-inside-container\">\n\n<figure class=\"gb-block-image gb-block-image-60f4a9e3\"><img loading=\"lazy\" decoding=\"async\" width=\"1000\" height=\"500\" class=\"gb-image gb-image-60f4a9e3\" src=\"https:\/\/emea.technetix.com\/wp-content\/uploads\/sites\/2\/2023\/12\/5000x2500px-tiles_0001_HDCM-2.png\" alt=\"\" title=\"5000x2500px-tiles_0001_HDCM-2\" srcset=\"https:\/\/emea.technetix.com\/wp-content\/uploads\/sites\/2\/2023\/12\/5000x2500px-tiles_0001_HDCM-2.png 1000w, https:\/\/emea.technetix.com\/wp-content\/uploads\/sites\/2\/2023\/12\/5000x2500px-tiles_0001_HDCM-2-300x150.png 300w, https:\/\/emea.technetix.com\/wp-content\/uploads\/sites\/2\/2023\/12\/5000x2500px-tiles_0001_HDCM-2-768x384.png 768w, https:\/\/emea.technetix.com\/wp-content\/uploads\/sites\/2\/2023\/12\/5000x2500px-tiles_0001_HDCM-2-600x300.png 600w\" sizes=\"auto, (max-width: 1000px) 100vw, 1000px\" \/><\/figure>\n\n\n\n<h2 class=\"gb-headline gb-headline-ffb2985b gb-headline-text\"><br>Temperaturgeh\u00e4rtete Kabelmodems<\/h2>\n\n\n\n<p class=\"gb-headline gb-headline-77446ae5 gb-headline-text\">Unsere kompakten und wirtschaftlichen Kabelmodems sind speziell f\u00fcr den rauhen Au\u00dfeneinsatz mit Gigabit+ \u2013 Datenkommunikation entwickelt worden.<\/p>\n\n<\/div><\/div>\n<\/div><\/div><\/div>\n\n<div class=\"gb-grid-column gb-grid-column-2b9b2f43\"><div class=\"gb-container gb-container-2b9b2f43 image-link-block\"><a class=\"gb-container-link\" href=\"https:\/\/emea.technetix.com\/de\/drahtlose-kommunikation\/docsis-wi-fi-access-points-smhap-series\/\"><\/a><div class=\"gb-inside-container\">\n<div class=\"gb-container gb-container-37c2f807\"><div class=\"gb-inside-container\">\n\n<figure class=\"gb-block-image gb-block-image-f57e72fe\"><img loading=\"lazy\" decoding=\"async\" width=\"1000\" height=\"500\" class=\"gb-image gb-image-f57e72fe\" src=\"https:\/\/emea.technetix.com\/wp-content\/uploads\/sites\/2\/2023\/12\/MicrosoftTeams-image-3.png\" alt=\"\" title=\"MicrosoftTeams-image-3\" srcset=\"https:\/\/emea.technetix.com\/wp-content\/uploads\/sites\/2\/2023\/12\/MicrosoftTeams-image-3.png 1000w, https:\/\/emea.technetix.com\/wp-content\/uploads\/sites\/2\/2023\/12\/MicrosoftTeams-image-3-300x150.png 300w, https:\/\/emea.technetix.com\/wp-content\/uploads\/sites\/2\/2023\/12\/MicrosoftTeams-image-3-768x384.png 768w, https:\/\/emea.technetix.com\/wp-content\/uploads\/sites\/2\/2023\/12\/MicrosoftTeams-image-3-600x300.png 600w\" sizes=\"auto, (max-width: 1000px) 100vw, 1000px\" \/><\/figure>\n\n\n\n<h2 class=\"gb-headline gb-headline-05ae5bc4 gb-headline-text\">DOCSIS\u00ae Wi-Fi\u00ae Access Points (SMHAP Series)<\/h2>\n\n\n\n<p class=\"gb-headline gb-headline-081ab56f gb-headline-text\">Erweiterungen der Drahtlostopologie und Hotspot-Dienste sind nur einen Steinwurf entfernt.<\/p>\n\n<\/div><\/div>\n<\/div><\/div><\/div>\n<\/div>\n<\/div>\n\n<div class=\"gb-container gb-container-ee3b3949 gb-container-con-buttons-bottom\">\n\n<h2 class=\"gb-headline gb-headline-7ce6fa4b gb-headline-text gb-headline-head-bottom-buttons\">N\u00fctzliche Links<\/h2>\n\n\n<div class=\"gb-button-wrapper gb-button-wrapper-5300c273 gb-button-wrapper-after-content-buttons\">\n\n<a class=\"gb-button gb-button-ff3bad62 gb-button-text gb-button-bottom-button\" href=\"https:\/\/emea.technetix.com\/de\/netzwerk-consulting\/\">Netzwerk-Consulting<\/a>\n\n\n\n<a class=\"gb-button gb-button-e7a0fe73 gb-button-text gb-button-bottom-button\" href=\"https:\/\/emea.technetix.com\/de\/technetix-akademie\/\">Technetix Akademie<\/a>\n\n\n\n<a class=\"gb-button gb-button-5e4e6530 gb-button-text gb-button-bottom-button\" href=\"https:\/\/emea.technetix.com\/de\/fttx-netzwerke\/\">Fiber<\/a>\n\n\n\n<a class=\"gb-button gb-button-d81668bd gb-button-text gb-button-bottom-button\" href=\"https:\/\/emea.technetix.com\/de\/hfc-netzwerke\/\">Breitband Kabel<\/a>\n\n\n\n<a class=\"gb-button gb-button-4ceed201 gb-button-text gb-button-bottom-button\" href=\"https:\/\/emea.technetix.com\/de\/unsere-vision\/5g-xhaul\/\">5G wireless<\/a>\n\n\n\n<a class=\"gb-button gb-button-74bfad52 gb-button-text gb-button-bottom-button\" href=\"https:\/\/emea.technetix.com\/de\/kontakt\/\">Kontakt<\/a>\n\n<\/div>\n<\/div>","protected":false},"excerpt":{"rendered":"<p>Drahtlose Kommunikation Drahtlose L\u00f6sungen f\u00fcr Glasfaser und Kabel. N\u00fctzliche Links<\/p>\n","protected":false},"author":1,"featured_media":0,"parent":0,"menu_order":0,"comment_status":"closed","ping_status":"closed","template":"","meta":{"_acf_changed":false,"_gspb_post_css":"","footnotes":""},"class_list":["post-6157","page","type-page","status-publish"],"yoast_head":"<!-- This site is optimized with the Yoast SEO Premium plugin v22.5 (Yoast SEO v27.4) - https:\/\/yoast.com\/product\/yoast-seo-premium-wordpress\/ -->\n<title>Drahtlose Kommunikation - Technetix EMEA<\/title>\n<meta name=\"robots\" content=\"index, follow, max-snippet:-1, max-image-preview:large, max-video-preview:-1\" \/>\n<link rel=\"canonical\" href=\"https:\/\/emea.technetix.com\/de\/drahtlose-kommunikation\/\" \/>\n<meta property=\"og:locale\" content=\"de_DE\" \/>\n<meta property=\"og:type\" content=\"article\" \/>\n<meta property=\"og:title\" content=\"Drahtlose Kommunikation - Technetix EMEA\" \/>\n<meta property=\"og:description\" content=\"Drahtlose Kommunikation Drahtlose L\u00f6sungen f\u00fcr Glasfaser und Kabel. N\u00fctzliche Links\" \/>\n<meta property=\"og:url\" content=\"https:\/\/emea.technetix.com\/de\/drahtlose-kommunikation\/\" \/>\n<meta property=\"og:site_name\" content=\"Technetix EMEA\" \/>\n<meta property=\"article:modified_time\" content=\"2024-06-20T08:43:31+00:00\" \/>\n<meta property=\"og:image\" content=\"https:\/\/emea.technetix.com\/wp-content\/uploads\/sites\/2\/2023\/01\/1_VS-portrait.png\" \/>\n<meta name=\"twitter:card\" content=\"summary_large_image\" \/>\n<meta name=\"twitter:site\" content=\"@technetixgroup\" \/>\n<meta name=\"twitter:label1\" content=\"Gesch\u00e4tzte Lesezeit\" \/>\n\t<meta name=\"twitter:data1\" content=\"2\u00a0Minuten\" \/>\n<script type=\"application\/ld+json\" class=\"yoast-schema-graph\">{\"@context\":\"https:\\\/\\\/schema.org\",\"@graph\":[{\"@type\":\"WebPage\",\"@id\":\"https:\\\/\\\/emea.technetix.com\\\/de\\\/drahtlose-kommunikation\\\/\",\"url\":\"https:\\\/\\\/emea.technetix.com\\\/de\\\/drahtlose-kommunikation\\\/\",\"name\":\"Drahtlose Kommunikation - Technetix EMEA\",\"isPartOf\":{\"@id\":\"https:\\\/\\\/emea.technetix.com\\\/de\\\/#website\"},\"primaryImageOfPage\":{\"@id\":\"https:\\\/\\\/emea.technetix.com\\\/de\\\/drahtlose-kommunikation\\\/#primaryimage\"},\"image\":{\"@id\":\"https:\\\/\\\/emea.technetix.com\\\/de\\\/drahtlose-kommunikation\\\/#primaryimage\"},\"thumbnailUrl\":\"https:\\\/\\\/emea.technetix.com\\\/wp-content\\\/uploads\\\/sites\\\/2\\\/2023\\\/01\\\/1_VS-portrait.png\",\"datePublished\":\"2023-01-19T19:19:48+00:00\",\"dateModified\":\"2024-06-20T08:43:31+00:00\",\"breadcrumb\":{\"@id\":\"https:\\\/\\\/emea.technetix.com\\\/de\\\/drahtlose-kommunikation\\\/#breadcrumb\"},\"inLanguage\":\"de\",\"potentialAction\":[{\"@type\":\"ReadAction\",\"target\":[\"https:\\\/\\\/emea.technetix.com\\\/de\\\/drahtlose-kommunikation\\\/\"]}]},{\"@type\":\"ImageObject\",\"inLanguage\":\"de\",\"@id\":\"https:\\\/\\\/emea.technetix.com\\\/de\\\/drahtlose-kommunikation\\\/#primaryimage\",\"url\":\"https:\\\/\\\/emea.technetix.com\\\/wp-content\\\/uploads\\\/sites\\\/2\\\/2023\\\/01\\\/1_VS-portrait.png\",\"contentUrl\":\"https:\\\/\\\/emea.technetix.com\\\/wp-content\\\/uploads\\\/sites\\\/2\\\/2023\\\/01\\\/1_VS-portrait.png\"},{\"@type\":\"BreadcrumbList\",\"@id\":\"https:\\\/\\\/emea.technetix.com\\\/de\\\/drahtlose-kommunikation\\\/#breadcrumb\",\"itemListElement\":[{\"@type\":\"ListItem\",\"position\":1,\"name\":\"Home\",\"item\":\"https:\\\/\\\/emea.technetix.com\\\/de\\\/\"},{\"@type\":\"ListItem\",\"position\":2,\"name\":\"Drahtlose Kommunikation\"}]},{\"@type\":\"WebSite\",\"@id\":\"https:\\\/\\\/emea.technetix.com\\\/de\\\/#website\",\"url\":\"https:\\\/\\\/emea.technetix.com\\\/de\\\/\",\"name\":\"Technetix\",\"description\":\"Next-generation broadband equipment engineering\",\"publisher\":{\"@id\":\"https:\\\/\\\/emea.technetix.com\\\/de\\\/#organization\"},\"potentialAction\":[{\"@type\":\"SearchAction\",\"target\":{\"@type\":\"EntryPoint\",\"urlTemplate\":\"https:\\\/\\\/emea.technetix.com\\\/de\\\/?s={search_term_string}\"},\"query-input\":{\"@type\":\"PropertyValueSpecification\",\"valueRequired\":true,\"valueName\":\"search_term_string\"}}],\"inLanguage\":\"de\"},{\"@type\":\"Organization\",\"@id\":\"https:\\\/\\\/emea.technetix.com\\\/de\\\/#organization\",\"name\":\"Technetix\",\"url\":\"https:\\\/\\\/emea.technetix.com\\\/de\\\/\",\"logo\":{\"@type\":\"ImageObject\",\"inLanguage\":\"de\",\"@id\":\"https:\\\/\\\/emea.technetix.com\\\/de\\\/#\\\/schema\\\/logo\\\/image\\\/\",\"url\":\"https:\\\/\\\/emea.technetix.com\\\/wp-content\\\/uploads\\\/sites\\\/2\\\/2023\\\/06\\\/logo-Technetix-1000x1000-1.png\",\"contentUrl\":\"https:\\\/\\\/emea.technetix.com\\\/wp-content\\\/uploads\\\/sites\\\/2\\\/2023\\\/06\\\/logo-Technetix-1000x1000-1.png\",\"width\":1000,\"height\":1000,\"caption\":\"Technetix\"},\"image\":{\"@id\":\"https:\\\/\\\/emea.technetix.com\\\/de\\\/#\\\/schema\\\/logo\\\/image\\\/\"},\"sameAs\":[\"https:\\\/\\\/x.com\\\/technetixgroup\",\"https:\\\/\\\/www.linkedin.com\\\/company\\\/technetix\\\/\",\"https:\\\/\\\/www.youtube.com\\\/c\\\/Technetix-group\"]}]}<\/script>\n<!-- \/ Yoast SEO Premium plugin. -->","yoast_head_json":{"title":"Drahtlose Kommunikation - Technetix EMEA","robots":{"index":"index","follow":"follow","max-snippet":"max-snippet:-1","max-image-preview":"max-image-preview:large","max-video-preview":"max-video-preview:-1"},"canonical":"https:\/\/emea.technetix.com\/de\/drahtlose-kommunikation\/","og_locale":"de_DE","og_type":"article","og_title":"Drahtlose Kommunikation - Technetix EMEA","og_description":"Drahtlose Kommunikation Drahtlose L\u00f6sungen f\u00fcr Glasfaser und Kabel. N\u00fctzliche Links","og_url":"https:\/\/emea.technetix.com\/de\/drahtlose-kommunikation\/","og_site_name":"Technetix EMEA","article_modified_time":"2024-06-20T08:43:31+00:00","og_image":[{"url":"https:\/\/emea.technetix.com\/wp-content\/uploads\/sites\/2\/2023\/01\/1_VS-portrait.png","type":"","width":"","height":""}],"twitter_card":"summary_large_image","twitter_site":"@technetixgroup","twitter_misc":{"Gesch\u00e4tzte Lesezeit":"2\u00a0Minuten"},"schema":{"@context":"https:\/\/schema.org","@graph":[{"@type":"WebPage","@id":"https:\/\/emea.technetix.com\/de\/drahtlose-kommunikation\/","url":"https:\/\/emea.technetix.com\/de\/drahtlose-kommunikation\/","name":"Drahtlose Kommunikation - Technetix EMEA","isPartOf":{"@id":"https:\/\/emea.technetix.com\/de\/#website"},"primaryImageOfPage":{"@id":"https:\/\/emea.technetix.com\/de\/drahtlose-kommunikation\/#primaryimage"},"image":{"@id":"https:\/\/emea.technetix.com\/de\/drahtlose-kommunikation\/#primaryimage"},"thumbnailUrl":"https:\/\/emea.technetix.com\/wp-content\/uploads\/sites\/2\/2023\/01\/1_VS-portrait.png","datePublished":"2023-01-19T19:19:48+00:00","dateModified":"2024-06-20T08:43:31+00:00","breadcrumb":{"@id":"https:\/\/emea.technetix.com\/de\/drahtlose-kommunikation\/#breadcrumb"},"inLanguage":"de","potentialAction":[{"@type":"ReadAction","target":["https:\/\/emea.technetix.com\/de\/drahtlose-kommunikation\/"]}]},{"@type":"ImageObject","inLanguage":"de","@id":"https:\/\/emea.technetix.com\/de\/drahtlose-kommunikation\/#primaryimage","url":"https:\/\/emea.technetix.com\/wp-content\/uploads\/sites\/2\/2023\/01\/1_VS-portrait.png","contentUrl":"https:\/\/emea.technetix.com\/wp-content\/uploads\/sites\/2\/2023\/01\/1_VS-portrait.png"},{"@type":"BreadcrumbList","@id":"https:\/\/emea.technetix.com\/de\/drahtlose-kommunikation\/#breadcrumb","itemListElement":[{"@type":"ListItem","position":1,"name":"Home","item":"https:\/\/emea.technetix.com\/de\/"},{"@type":"ListItem","position":2,"name":"Drahtlose Kommunikation"}]},{"@type":"WebSite","@id":"https:\/\/emea.technetix.com\/de\/#website","url":"https:\/\/emea.technetix.com\/de\/","name":"Technetix","description":"Next-generation broadband equipment engineering","publisher":{"@id":"https:\/\/emea.technetix.com\/de\/#organization"},"potentialAction":[{"@type":"SearchAction","target":{"@type":"EntryPoint","urlTemplate":"https:\/\/emea.technetix.com\/de\/?s={search_term_string}"},"query-input":{"@type":"PropertyValueSpecification","valueRequired":true,"valueName":"search_term_string"}}],"inLanguage":"de"},{"@type":"Organization","@id":"https:\/\/emea.technetix.com\/de\/#organization","name":"Technetix","url":"https:\/\/emea.technetix.com\/de\/","logo":{"@type":"ImageObject","inLanguage":"de","@id":"https:\/\/emea.technetix.com\/de\/#\/schema\/logo\/image\/","url":"https:\/\/emea.technetix.com\/wp-content\/uploads\/sites\/2\/2023\/06\/logo-Technetix-1000x1000-1.png","contentUrl":"https:\/\/emea.technetix.com\/wp-content\/uploads\/sites\/2\/2023\/06\/logo-Technetix-1000x1000-1.png","width":1000,"height":1000,"caption":"Technetix"},"image":{"@id":"https:\/\/emea.technetix.com\/de\/#\/schema\/logo\/image\/"},"sameAs":["https:\/\/x.com\/technetixgroup","https:\/\/www.linkedin.com\/company\/technetix\/","https:\/\/www.youtube.com\/c\/Technetix-group"]}]}},"acf":[],"publishpress_future_workflow_manual_trigger":{"enabledWorkflows":[]},"_links":{"self":[{"href":"https:\/\/emea.technetix.com\/de\/wp-json\/wp\/v2\/pages\/6157","targetHints":{"allow":["GET"]}}],"collection":[{"href":"https:\/\/emea.technetix.com\/de\/wp-json\/wp\/v2\/pages"}],"about":[{"href":"https:\/\/emea.technetix.com\/de\/wp-json\/wp\/v2\/types\/page"}],"author":[{"embeddable":true,"href":"https:\/\/emea.technetix.com\/de\/wp-json\/wp\/v2\/users\/1"}],"replies":[{"embeddable":true,"href":"https:\/\/emea.technetix.com\/de\/wp-json\/wp\/v2\/comments?post=6157"}],"version-history":[{"count":0,"href":"https:\/\/emea.technetix.com\/de\/wp-json\/wp\/v2\/pages\/6157\/revisions"}],"wp:attachment":[{"href":"https:\/\/emea.technetix.com\/de\/wp-json\/wp\/v2\/media?parent=6157"}],"curies":[{"name":"wp","href":"https:\/\/api.w.org\/{rel}","templated":true}]}}