{"id":6139,"date":"2023-01-19T19:15:07","date_gmt":"2023-01-19T19:15:07","guid":{"rendered":"https:\/\/emea.technetix.com\/virtuelle-segmentierung\/"},"modified":"2024-07-16T13:28:21","modified_gmt":"2024-07-16T13:28:21","slug":"virtuelle-segmentierung","status":"publish","type":"page","link":"https:\/\/emea.technetix.com\/de\/hfc-netzwerke\/virtuelle-segmentierung\/","title":{"rendered":"Virtual Segmentation"},"content":{"rendered":"<div class=\"gb-container gb-container-f86f3f4f gb-container-hero-banner\"><div class=\"gb-inside-container\">\n<h1 class=\"gb-headline gb-headline-e1547755 gb-headline-text gb-headline-hero-banner-title\">Virtual Segmentation<\/h1>\n<\/div><\/div>\n\n<div class=\"gb-container gb-container-d5dbdd16 gb-container-inner-back-page-con\">\n\n<h2 class=\"gb-headline gb-headline-d02c52e4 gb-headline-text\">Transformieren Sie Ihr Netzwerk mit Ethernet-\u00dcbertragung \u00fcber Koax.<\/h2>\n\n\n\n<p class=\"gb-headline gb-headline-6656b5c3 gb-headline-text\">Die Virtual Segmentation\u2122 erm\u00f6glicht die Nutzung von symmetrischen 10 Gbps \u00fcber das vorhandene Koaxialkabel. Virtual Segmentation\u2122 unterst\u00fctzt Applikationen wie R-PHY\/R-MACPHY, Mobile Backhaul, symmetrische\/Unternehmensanwendungen sowie Smart City-Anwendungen und schnelle Wi-Fi-Dienste. <\/p>\n\n\n\n<p class=\"gb-headline gb-headline-6331af4f gb-headline-text\">Im Wesentlichen k\u00f6nnen alle Szenarien, die eine hohe Bandbreite mit geringen Latenzen in Ihrem Netzwerk erfordern, mit einer CAPEX-Reduzierung von bis zu 80 % bereitgestellt werden \u2013 und das bei einer Reduzierung der Bereitstellungszeiten von Monaten zu Tagen. Es agiert alles \u00fcber das vorhandene koaxiale Netzwerk, bestehende Dienste werden dabei nicht beeinflusst. <\/p>\n\n\n\n<figure class=\"gb-block-image gb-block-image-61e35e7d\"><img loading=\"lazy\" decoding=\"async\" width=\"1911\" height=\"855\" class=\"gb-image gb-image-61e35e7d\" src=\"https:\/\/emea.technetix.com\/wp-content\/uploads\/sites\/2\/2024\/07\/2024_VS_AW.png\" alt=\"Diagram of Virtual Segmentation \" title=\"2024_VS_AW\" srcset=\"https:\/\/emea.technetix.com\/wp-content\/uploads\/sites\/2\/2024\/07\/2024_VS_AW.png 1911w, https:\/\/emea.technetix.com\/wp-content\/uploads\/sites\/2\/2024\/07\/2024_VS_AW-300x134.png 300w, https:\/\/emea.technetix.com\/wp-content\/uploads\/sites\/2\/2024\/07\/2024_VS_AW-1024x458.png 1024w, https:\/\/emea.technetix.com\/wp-content\/uploads\/sites\/2\/2024\/07\/2024_VS_AW-768x344.png 768w, https:\/\/emea.technetix.com\/wp-content\/uploads\/sites\/2\/2024\/07\/2024_VS_AW-1536x687.png 1536w, https:\/\/emea.technetix.com\/wp-content\/uploads\/sites\/2\/2024\/07\/2024_VS_AW-600x268.png 600w\" sizes=\"auto, (max-width: 1911px) 100vw, 1911px\" \/><\/figure>\n\n\n\n<figure class=\"wp-block-image size-large\"><a href=\"https:\/\/emea.technetix.com\/wp-content\/uploads\/sites\/2\/2024\/07\/2024_SPECTRUM_4GHz_AW-1024x217.png\"><img loading=\"lazy\" decoding=\"async\" width=\"1024\" height=\"217\" src=\"https:\/\/emea.technetix.com\/wp-content\/uploads\/sites\/2\/2024\/07\/2024_SPECTRUM_4GHz_AW-1024x217.png\" alt=\"Image of spectrum 4GHz AW\" class=\"wp-image-471018\" srcset=\"https:\/\/emea.technetix.com\/wp-content\/uploads\/sites\/2\/2024\/07\/2024_SPECTRUM_4GHz_AW-1024x217.png 1024w, https:\/\/emea.technetix.com\/wp-content\/uploads\/sites\/2\/2024\/07\/2024_SPECTRUM_4GHz_AW-300x64.png 300w, https:\/\/emea.technetix.com\/wp-content\/uploads\/sites\/2\/2024\/07\/2024_SPECTRUM_4GHz_AW-768x163.png 768w, https:\/\/emea.technetix.com\/wp-content\/uploads\/sites\/2\/2024\/07\/2024_SPECTRUM_4GHz_AW-1536x326.png 1536w, https:\/\/emea.technetix.com\/wp-content\/uploads\/sites\/2\/2024\/07\/2024_SPECTRUM_4GHz_AW-600x127.png 600w, https:\/\/emea.technetix.com\/wp-content\/uploads\/sites\/2\/2024\/07\/2024_SPECTRUM_4GHz_AW.png 1911w\" sizes=\"auto, (max-width: 1024px) 100vw, 1024px\" \/><\/a><\/figure>\n\n\n\n<h2 class=\"gb-headline gb-headline-6b17d0fd gb-headline-text gb-headline-h2-in-content\">Die L\u00f6sung &#8211; Virtual Segmentation\u2122<\/h2>\n\n\n\n<p class=\"gb-headline gb-headline-623f5b86 gb-headline-text\">Die Technetix-L\u00f6sung einer Virtual Segmentation\u2122 bietet \u00fcber existierende koaxiale Kabel zus\u00e4tzliche Bandbreite zur Speisung eines Remote PHY-Device (RPD) \u2013 ohne dabei Glasfaser bis zur neuen Segmentierungslokation zu nutzen. Die Virtual Segmentation\u2122 erm\u00f6glicht Betreibern eine \u00dcberlagerung ihrer vorhandenen koaxialen Infrastruktur mit zus\u00e4tzlicher Bandbreite. Ein RPD kann daher ohne den Einsatz von Glasfasern genutzt werden. <\/p>\n\n\n\n<p class=\"gb-headline gb-headline-aecea58e gb-headline-text\">Vorteile:<\/p>\n\n\n\n<ul class=\"wp-block-list\">\n<li>Die vorhandene Infrastruktur bleibt erhalten \u2013 Virtual Segmentation\u2122 ist eine Erg\u00e4nzung<\/li>\n\n\n\n<li>Kosteneffizient<\/li>\n\n\n\n<li>Erweiterung der Bandbreite f\u00fcr hohe Anforderungen<\/li>\n<\/ul>\n\n\n\n<figure class=\"gb-block-image gb-block-image-6c544550\"><img loading=\"lazy\" decoding=\"async\" width=\"800\" height=\"306\" class=\"gb-image gb-image-6c544550\" src=\"https:\/\/emea.technetix.com\/wp-content\/uploads\/sites\/2\/2023\/01\/awards-logo-new.png\" alt=\"Die L\u00f6sung - Virtual Segmentation\u2122\" srcset=\"https:\/\/emea.technetix.com\/wp-content\/uploads\/sites\/2\/2023\/01\/awards-logo-new.png 800w, https:\/\/emea.technetix.com\/wp-content\/uploads\/sites\/2\/2023\/01\/awards-logo-new-300x115.png 300w, https:\/\/emea.technetix.com\/wp-content\/uploads\/sites\/2\/2023\/01\/awards-logo-new-768x294.png 768w, https:\/\/emea.technetix.com\/wp-content\/uploads\/sites\/2\/2023\/01\/awards-logo-new-600x230.png 600w\" sizes=\"auto, (max-width: 800px) 100vw, 800px\" \/><\/figure>\n\n<\/div>\n\n<div class=\"gb-container gb-container-6bfac31a gb-container-con-buttons-bottom\">\n\n<h2 class=\"gb-headline gb-headline-7ce6fa4b gb-headline-text gb-headline-head-bottom-buttons\">N\u00fctzliche Links<\/h2>\n\n\n<div class=\"gb-button-wrapper gb-button-wrapper-5300c273 gb-button-wrapper-after-con-buttons\">\n\n<a class=\"gb-button gb-button-ff3bad62 gb-button-text gb-button-bottom-button\" href=\"https:\/\/emea.technetix.com\/wp-content\/uploads\/sites\/2\/2023\/01\/Virtual-Segmentation-leaflet_BRC_EN.pdf\" target=\"_blank\" rel=\"noopener noreferrer\">Flyer<\/a>\n\n\n\n<a class=\"gb-button gb-button-e7a0fe73 gb-button-text gb-button-bottom-button\" href=\"https:\/\/emea.technetix.com\/wp-content\/uploads\/sites\/2\/2024\/07\/Virtual-Segmentation_WP_EN_V11.pdf\" target=\"_blank\" rel=\"noopener noreferrer\">White Paper<\/a>\n\n\n\n<a class=\"gb-button gb-button-74bfad52 gb-button-text gb-button-bottom-button\" href=\"https:\/\/emea.technetix.com\/de\/kontakt\/\">Kontakt<\/a>\n\n<\/div>\n<\/div>","protected":false},"excerpt":{"rendered":"<p>Virtual Segmentation Transformieren Sie Ihr Netzwerk mit Ethernet-\u00dcbertragung \u00fcber Koax. Die Virtual Segmentation\u2122 erm\u00f6glicht die Nutzung von symmetrischen 10 Gbps \u00fcber das vorhandene Koaxialkabel. Virtual Segmentation\u2122 unterst\u00fctzt Applikationen wie R-PHY\/R-MACPHY, Mobile Backhaul, symmetrische\/Unternehmensanwendungen sowie Smart City-Anwendungen und schnelle Wi-Fi-Dienste. Im Wesentlichen k\u00f6nnen alle Szenarien, die eine hohe Bandbreite mit geringen Latenzen in Ihrem Netzwerk erfordern, &#8230; <a title=\"Virtual Segmentation\" class=\"read-more\" href=\"https:\/\/emea.technetix.com\/de\/hfc-netzwerke\/virtuelle-segmentierung\/\" aria-label=\"Mehr Informationen \u00fcber Virtual Segmentation\">Read more<\/a><\/p>\n","protected":false},"author":1,"featured_media":645,"parent":6162,"menu_order":0,"comment_status":"closed","ping_status":"closed","template":"","meta":{"_acf_changed":false,"_gspb_post_css":"","footnotes":""},"class_list":["post-6139","page","type-page","status-publish","has-post-thumbnail"],"yoast_head":"<!-- This site is optimized with the Yoast SEO Premium plugin v22.5 (Yoast SEO v27.4) - https:\/\/yoast.com\/product\/yoast-seo-premium-wordpress\/ -->\n<title>Virtual Segmentation - Technetix EMEA<\/title>\n<meta name=\"robots\" content=\"index, follow, max-snippet:-1, max-image-preview:large, max-video-preview:-1\" \/>\n<link rel=\"canonical\" href=\"https:\/\/emea.technetix.com\/de\/hfc-netzwerke\/virtuelle-segmentierung\/\" \/>\n<meta property=\"og:locale\" content=\"de_DE\" \/>\n<meta property=\"og:type\" content=\"article\" \/>\n<meta property=\"og:title\" content=\"Virtual Segmentation - Technetix EMEA\" \/>\n<meta property=\"og:description\" content=\"Virtual Segmentation Transformieren Sie Ihr Netzwerk mit Ethernet-\u00dcbertragung \u00fcber Koax. Die Virtual Segmentation\u2122 erm\u00f6glicht die Nutzung von symmetrischen 10 Gbps \u00fcber das vorhandene Koaxialkabel. Virtual Segmentation\u2122 unterst\u00fctzt Applikationen wie R-PHY\/R-MACPHY, Mobile Backhaul, symmetrische\/Unternehmensanwendungen sowie Smart City-Anwendungen und schnelle Wi-Fi-Dienste. Im Wesentlichen k\u00f6nnen alle Szenarien, die eine hohe Bandbreite mit geringen Latenzen in Ihrem Netzwerk erfordern, ... Read more\" \/>\n<meta property=\"og:url\" content=\"https:\/\/emea.technetix.com\/de\/hfc-netzwerke\/virtuelle-segmentierung\/\" \/>\n<meta property=\"og:site_name\" content=\"Technetix EMEA\" \/>\n<meta property=\"article:modified_time\" content=\"2024-07-16T13:28:21+00:00\" \/>\n<meta property=\"og:image\" content=\"https:\/\/emea.technetix.com\/wp-content\/uploads\/sites\/2\/2023\/01\/PRODUCTS_LARGE_VS_FINAL-1.jpg\" \/>\n\t<meta property=\"og:image:width\" content=\"1920\" \/>\n\t<meta property=\"og:image:height\" content=\"450\" \/>\n\t<meta property=\"og:image:type\" content=\"image\/jpeg\" \/>\n<meta name=\"twitter:card\" content=\"summary_large_image\" \/>\n<meta name=\"twitter:site\" content=\"@technetixgroup\" \/>\n<meta name=\"twitter:label1\" content=\"Gesch\u00e4tzte Lesezeit\" \/>\n\t<meta name=\"twitter:data1\" content=\"2\u00a0Minuten\" \/>\n<script type=\"application\/ld+json\" class=\"yoast-schema-graph\">{\"@context\":\"https:\\\/\\\/schema.org\",\"@graph\":[{\"@type\":\"WebPage\",\"@id\":\"https:\\\/\\\/emea.technetix.com\\\/de\\\/hfc-netzwerke\\\/virtuelle-segmentierung\\\/\",\"url\":\"https:\\\/\\\/emea.technetix.com\\\/de\\\/hfc-netzwerke\\\/virtuelle-segmentierung\\\/\",\"name\":\"Virtual Segmentation - Technetix EMEA\",\"isPartOf\":{\"@id\":\"https:\\\/\\\/emea.technetix.com\\\/de\\\/#website\"},\"primaryImageOfPage\":{\"@id\":\"https:\\\/\\\/emea.technetix.com\\\/de\\\/hfc-netzwerke\\\/virtuelle-segmentierung\\\/#primaryimage\"},\"image\":{\"@id\":\"https:\\\/\\\/emea.technetix.com\\\/de\\\/hfc-netzwerke\\\/virtuelle-segmentierung\\\/#primaryimage\"},\"thumbnailUrl\":\"https:\\\/\\\/emea.technetix.com\\\/wp-content\\\/uploads\\\/sites\\\/2\\\/2023\\\/01\\\/PRODUCTS_LARGE_VS_FINAL-1.jpg\",\"datePublished\":\"2023-01-19T19:15:07+00:00\",\"dateModified\":\"2024-07-16T13:28:21+00:00\",\"breadcrumb\":{\"@id\":\"https:\\\/\\\/emea.technetix.com\\\/de\\\/hfc-netzwerke\\\/virtuelle-segmentierung\\\/#breadcrumb\"},\"inLanguage\":\"de\",\"potentialAction\":[{\"@type\":\"ReadAction\",\"target\":[\"https:\\\/\\\/emea.technetix.com\\\/de\\\/hfc-netzwerke\\\/virtuelle-segmentierung\\\/\"]}]},{\"@type\":\"ImageObject\",\"inLanguage\":\"de\",\"@id\":\"https:\\\/\\\/emea.technetix.com\\\/de\\\/hfc-netzwerke\\\/virtuelle-segmentierung\\\/#primaryimage\",\"url\":\"https:\\\/\\\/emea.technetix.com\\\/wp-content\\\/uploads\\\/sites\\\/2\\\/2023\\\/01\\\/PRODUCTS_LARGE_VS_FINAL-1.jpg\",\"contentUrl\":\"https:\\\/\\\/emea.technetix.com\\\/wp-content\\\/uploads\\\/sites\\\/2\\\/2023\\\/01\\\/PRODUCTS_LARGE_VS_FINAL-1.jpg\",\"width\":1920,\"height\":450},{\"@type\":\"BreadcrumbList\",\"@id\":\"https:\\\/\\\/emea.technetix.com\\\/de\\\/hfc-netzwerke\\\/virtuelle-segmentierung\\\/#breadcrumb\",\"itemListElement\":[{\"@type\":\"ListItem\",\"position\":1,\"name\":\"Home\",\"item\":\"https:\\\/\\\/emea.technetix.com\\\/de\\\/\"},{\"@type\":\"ListItem\",\"position\":2,\"name\":\"Breitband Kabel\",\"item\":\"https:\\\/\\\/emea.technetix.com\\\/de\\\/hfc-netzwerke\\\/\"},{\"@type\":\"ListItem\",\"position\":3,\"name\":\"Virtual Segmentation\"}]},{\"@type\":\"WebSite\",\"@id\":\"https:\\\/\\\/emea.technetix.com\\\/de\\\/#website\",\"url\":\"https:\\\/\\\/emea.technetix.com\\\/de\\\/\",\"name\":\"Technetix\",\"description\":\"Next-generation broadband equipment engineering\",\"publisher\":{\"@id\":\"https:\\\/\\\/emea.technetix.com\\\/de\\\/#organization\"},\"potentialAction\":[{\"@type\":\"SearchAction\",\"target\":{\"@type\":\"EntryPoint\",\"urlTemplate\":\"https:\\\/\\\/emea.technetix.com\\\/de\\\/?s={search_term_string}\"},\"query-input\":{\"@type\":\"PropertyValueSpecification\",\"valueRequired\":true,\"valueName\":\"search_term_string\"}}],\"inLanguage\":\"de\"},{\"@type\":\"Organization\",\"@id\":\"https:\\\/\\\/emea.technetix.com\\\/de\\\/#organization\",\"name\":\"Technetix\",\"url\":\"https:\\\/\\\/emea.technetix.com\\\/de\\\/\",\"logo\":{\"@type\":\"ImageObject\",\"inLanguage\":\"de\",\"@id\":\"https:\\\/\\\/emea.technetix.com\\\/de\\\/#\\\/schema\\\/logo\\\/image\\\/\",\"url\":\"https:\\\/\\\/emea.technetix.com\\\/wp-content\\\/uploads\\\/sites\\\/2\\\/2023\\\/06\\\/logo-Technetix-1000x1000-1.png\",\"contentUrl\":\"https:\\\/\\\/emea.technetix.com\\\/wp-content\\\/uploads\\\/sites\\\/2\\\/2023\\\/06\\\/logo-Technetix-1000x1000-1.png\",\"width\":1000,\"height\":1000,\"caption\":\"Technetix\"},\"image\":{\"@id\":\"https:\\\/\\\/emea.technetix.com\\\/de\\\/#\\\/schema\\\/logo\\\/image\\\/\"},\"sameAs\":[\"https:\\\/\\\/x.com\\\/technetixgroup\",\"https:\\\/\\\/www.linkedin.com\\\/company\\\/technetix\\\/\",\"https:\\\/\\\/www.youtube.com\\\/c\\\/Technetix-group\"]}]}<\/script>\n<!-- \/ Yoast SEO Premium plugin. -->","yoast_head_json":{"title":"Virtual Segmentation - Technetix EMEA","robots":{"index":"index","follow":"follow","max-snippet":"max-snippet:-1","max-image-preview":"max-image-preview:large","max-video-preview":"max-video-preview:-1"},"canonical":"https:\/\/emea.technetix.com\/de\/hfc-netzwerke\/virtuelle-segmentierung\/","og_locale":"de_DE","og_type":"article","og_title":"Virtual Segmentation - Technetix EMEA","og_description":"Virtual Segmentation Transformieren Sie Ihr Netzwerk mit Ethernet-\u00dcbertragung \u00fcber Koax. Die Virtual Segmentation\u2122 erm\u00f6glicht die Nutzung von symmetrischen 10 Gbps \u00fcber das vorhandene Koaxialkabel. Virtual Segmentation\u2122 unterst\u00fctzt Applikationen wie R-PHY\/R-MACPHY, Mobile Backhaul, symmetrische\/Unternehmensanwendungen sowie Smart City-Anwendungen und schnelle Wi-Fi-Dienste. Im Wesentlichen k\u00f6nnen alle Szenarien, die eine hohe Bandbreite mit geringen Latenzen in Ihrem Netzwerk erfordern, ... Read more","og_url":"https:\/\/emea.technetix.com\/de\/hfc-netzwerke\/virtuelle-segmentierung\/","og_site_name":"Technetix EMEA","article_modified_time":"2024-07-16T13:28:21+00:00","og_image":[{"width":1920,"height":450,"url":"https:\/\/emea.technetix.com\/wp-content\/uploads\/sites\/2\/2023\/01\/PRODUCTS_LARGE_VS_FINAL-1.jpg","type":"image\/jpeg"}],"twitter_card":"summary_large_image","twitter_site":"@technetixgroup","twitter_misc":{"Gesch\u00e4tzte Lesezeit":"2\u00a0Minuten"},"schema":{"@context":"https:\/\/schema.org","@graph":[{"@type":"WebPage","@id":"https:\/\/emea.technetix.com\/de\/hfc-netzwerke\/virtuelle-segmentierung\/","url":"https:\/\/emea.technetix.com\/de\/hfc-netzwerke\/virtuelle-segmentierung\/","name":"Virtual Segmentation - Technetix EMEA","isPartOf":{"@id":"https:\/\/emea.technetix.com\/de\/#website"},"primaryImageOfPage":{"@id":"https:\/\/emea.technetix.com\/de\/hfc-netzwerke\/virtuelle-segmentierung\/#primaryimage"},"image":{"@id":"https:\/\/emea.technetix.com\/de\/hfc-netzwerke\/virtuelle-segmentierung\/#primaryimage"},"thumbnailUrl":"https:\/\/emea.technetix.com\/wp-content\/uploads\/sites\/2\/2023\/01\/PRODUCTS_LARGE_VS_FINAL-1.jpg","datePublished":"2023-01-19T19:15:07+00:00","dateModified":"2024-07-16T13:28:21+00:00","breadcrumb":{"@id":"https:\/\/emea.technetix.com\/de\/hfc-netzwerke\/virtuelle-segmentierung\/#breadcrumb"},"inLanguage":"de","potentialAction":[{"@type":"ReadAction","target":["https:\/\/emea.technetix.com\/de\/hfc-netzwerke\/virtuelle-segmentierung\/"]}]},{"@type":"ImageObject","inLanguage":"de","@id":"https:\/\/emea.technetix.com\/de\/hfc-netzwerke\/virtuelle-segmentierung\/#primaryimage","url":"https:\/\/emea.technetix.com\/wp-content\/uploads\/sites\/2\/2023\/01\/PRODUCTS_LARGE_VS_FINAL-1.jpg","contentUrl":"https:\/\/emea.technetix.com\/wp-content\/uploads\/sites\/2\/2023\/01\/PRODUCTS_LARGE_VS_FINAL-1.jpg","width":1920,"height":450},{"@type":"BreadcrumbList","@id":"https:\/\/emea.technetix.com\/de\/hfc-netzwerke\/virtuelle-segmentierung\/#breadcrumb","itemListElement":[{"@type":"ListItem","position":1,"name":"Home","item":"https:\/\/emea.technetix.com\/de\/"},{"@type":"ListItem","position":2,"name":"Breitband Kabel","item":"https:\/\/emea.technetix.com\/de\/hfc-netzwerke\/"},{"@type":"ListItem","position":3,"name":"Virtual Segmentation"}]},{"@type":"WebSite","@id":"https:\/\/emea.technetix.com\/de\/#website","url":"https:\/\/emea.technetix.com\/de\/","name":"Technetix","description":"Next-generation broadband equipment engineering","publisher":{"@id":"https:\/\/emea.technetix.com\/de\/#organization"},"potentialAction":[{"@type":"SearchAction","target":{"@type":"EntryPoint","urlTemplate":"https:\/\/emea.technetix.com\/de\/?s={search_term_string}"},"query-input":{"@type":"PropertyValueSpecification","valueRequired":true,"valueName":"search_term_string"}}],"inLanguage":"de"},{"@type":"Organization","@id":"https:\/\/emea.technetix.com\/de\/#organization","name":"Technetix","url":"https:\/\/emea.technetix.com\/de\/","logo":{"@type":"ImageObject","inLanguage":"de","@id":"https:\/\/emea.technetix.com\/de\/#\/schema\/logo\/image\/","url":"https:\/\/emea.technetix.com\/wp-content\/uploads\/sites\/2\/2023\/06\/logo-Technetix-1000x1000-1.png","contentUrl":"https:\/\/emea.technetix.com\/wp-content\/uploads\/sites\/2\/2023\/06\/logo-Technetix-1000x1000-1.png","width":1000,"height":1000,"caption":"Technetix"},"image":{"@id":"https:\/\/emea.technetix.com\/de\/#\/schema\/logo\/image\/"},"sameAs":["https:\/\/x.com\/technetixgroup","https:\/\/www.linkedin.com\/company\/technetix\/","https:\/\/www.youtube.com\/c\/Technetix-group"]}]}},"acf":[],"publishpress_future_workflow_manual_trigger":{"enabledWorkflows":[]},"_links":{"self":[{"href":"https:\/\/emea.technetix.com\/de\/wp-json\/wp\/v2\/pages\/6139","targetHints":{"allow":["GET"]}}],"collection":[{"href":"https:\/\/emea.technetix.com\/de\/wp-json\/wp\/v2\/pages"}],"about":[{"href":"https:\/\/emea.technetix.com\/de\/wp-json\/wp\/v2\/types\/page"}],"author":[{"embeddable":true,"href":"https:\/\/emea.technetix.com\/de\/wp-json\/wp\/v2\/users\/1"}],"replies":[{"embeddable":true,"href":"https:\/\/emea.technetix.com\/de\/wp-json\/wp\/v2\/comments?post=6139"}],"version-history":[{"count":0,"href":"https:\/\/emea.technetix.com\/de\/wp-json\/wp\/v2\/pages\/6139\/revisions"}],"up":[{"embeddable":true,"href":"https:\/\/emea.technetix.com\/de\/wp-json\/wp\/v2\/pages\/6162"}],"wp:featuredmedia":[{"embeddable":true,"href":"https:\/\/emea.technetix.com\/de\/wp-json\/wp\/v2\/media\/645"}],"wp:attachment":[{"href":"https:\/\/emea.technetix.com\/de\/wp-json\/wp\/v2\/media?parent=6139"}],"curies":[{"name":"wp","href":"https:\/\/api.w.org\/{rel}","templated":true}]}}