{"id":521174,"date":"2023-11-09T14:57:12","date_gmt":"2023-11-09T14:57:12","guid":{"rendered":"https:\/\/emea.technetix.com\/stromversorgungsloesungen\/nachhaltige-erneuerbare-loesungen\/portable-ac-generatoren\/portable-lifepo4-830-wh-1000-w-120-vac-generator-lbacg-830\/"},"modified":"2024-11-21T15:46:29","modified_gmt":"2024-11-21T15:46:29","slug":"portable-lifepo4-830-wh-1000-w-120-vac-energiezentralen-lbacg-830","status":"publish","type":"page","link":"https:\/\/emea.technetix.com\/de\/stromversorgungsloesungen\/portable-energiezentralen\/portable-ac-energiezentralen\/portable-lifepo4-830-wh-1000-w-120-vac-energiezentralen-lbacg-830\/","title":{"rendered":"Portable LiFeP04 830 Wh\/1.000 W 120 VAC Energiezentralen (LBACG-830)"},"content":{"rendered":"<div class=\"gb-container gb-container-a2efb66f gb-container-wide-back-page-con\" id=\"content\">\n<div class=\"gb-grid-wrapper gb-grid-wrapper-5efcc144\">\n<div class=\"gb-grid-column gb-grid-column-6e2f42ae\"><div class=\"gb-container gb-container-6e2f42ae\" id=\"image-col\"><div class=\"gb-inside-container\">\n\n<figure class=\"gb-block-image gb-block-image-61e35e7d\"><img loading=\"lazy\" decoding=\"async\" width=\"1000\" height=\"1000\" class=\"gb-image gb-image-61e35e7d\" src=\"https:\/\/emea.technetix.com\/wp-content\/uploads\/sites\/2\/2023\/12\/LBACG_830_side_angled.png\" alt=\"\" title=\"LBACG_830_side_angled\" srcset=\"https:\/\/emea.technetix.com\/wp-content\/uploads\/sites\/2\/2023\/12\/LBACG_830_side_angled.png 1000w, https:\/\/emea.technetix.com\/wp-content\/uploads\/sites\/2\/2023\/12\/LBACG_830_side_angled-300x300.png 300w, https:\/\/emea.technetix.com\/wp-content\/uploads\/sites\/2\/2023\/12\/LBACG_830_side_angled-150x150.png 150w, https:\/\/emea.technetix.com\/wp-content\/uploads\/sites\/2\/2023\/12\/LBACG_830_side_angled-768x768.png 768w, https:\/\/emea.technetix.com\/wp-content\/uploads\/sites\/2\/2023\/12\/LBACG_830_side_angled-600x600.png 600w, https:\/\/emea.technetix.com\/wp-content\/uploads\/sites\/2\/2023\/12\/LBACG_830_side_angled-100x100.png 100w\" sizes=\"auto, (max-width: 1000px) 100vw, 1000px\" \/><\/figure>\n\n<\/div><\/div><\/div>\n\n<div class=\"gb-grid-column gb-grid-column-cb46cc96\"><div class=\"gb-container gb-container-cb46cc96\" id=\"content-col\"><div class=\"gb-inside-container\">\n<h2 class=\"gb-headline gb-headline-d02c52e4 gb-headline-text\">Portable LiFeP04 830 Wh\/1.000 W 120 VAC Energiezentralen (LBACG-830)<\/h2>\n\n\n<p>Eine saubere und nachhaltige Option anstelle kleiner portabler Gasgeneratoren ohne dabei die Leistung zu kompromittieren. Dieses innovative Design verwendet eine Batterie mit hoher Kapazit\u00e4t und einen hocheffizienten AC-Inverter zur leisen Produktion einer sauberen und geregelten Sinusleistung mit 120 VAC, 60 Hz. Ein kleines, leichtes und stabiles Leistungspaket f\u00fcr den Arbeitsplatz und entlegene Standorte. Ideal f\u00fcr die Versorgung von Werkzeugen, Glasfaser-Splei\u00dfger\u00e4ten, Testausr\u00fcstung, Laptops und Telefonnetzteilen. Sichere Lithium-Chemie ohne Kobalt und Explosionsgefahren.   <\/p>\n\n\n\n<ul class=\"wp-block-list\">\n<li>Abmessungen und Gewicht (11 kb \/ 24 lbs) \u00e4hnlich zu Tragetaschen erlauben Portabilit\u00e4t<\/li>\n\n\n\n<li>Gew\u00e4hrleistet die leise 120 V-Stromversorgung relevanter Ausr\u00fcstung w\u00e4hrend eines Stromausfalls f\u00fcr 1 bis zu mehr als 100 Stunden (lastabh\u00e4ngig)<\/li>\n\n\n\n<li>Vollst\u00e4ndige Batterieladung in nur vier Stunden \u00fcber ein AC-Ladeger\u00e4t.<\/li>\n\n\n\n<li>830 Wh Energiespeicherung und 1 kW Ausgangsleistung<\/li>\n<\/ul>\n\n<\/div><\/div><\/div>\n<\/div>\n\n<div class=\"gb-container gb-container-dbeed0b8 gb-container-con-buttons-bottom\">\n\n<h2 class=\"gb-headline gb-headline-7ce6fa4b gb-headline-text gb-headline-head-bottom-buttons\">N\u00fctzliche Links<\/h2>\n\n\n<div class=\"gb-button-wrapper gb-button-wrapper-5300c273 gb-button-wrapper-after-con-buttons\">\n\n<a class=\"gb-button gb-button-3eadfa91 gb-button-text gb-button-bottom-button\" href=\"https:\/\/emea.technetix.com\/wp-content\/uploads\/sites\/2\/2023\/12\/LBACG_830_V1_DS_EN.pdf\" target=\"_blank\" rel=\"noopener noreferrer\">Datenblatt<\/a>\n\n\n\n<a class=\"gb-button gb-button-74bfad52 gb-button-text gb-button-bottom-button\" href=\"https:\/\/emea.technetix.com\/de\/kontakt\/\">Kontakt<\/a>\n\n<\/div>\n<\/div>\n<\/div>","protected":false},"excerpt":{"rendered":"<p>N\u00fctzliche Links<\/p>\n","protected":false},"author":21,"featured_media":0,"parent":521172,"menu_order":0,"comment_status":"closed","ping_status":"closed","template":"","meta":{"_acf_changed":false,"_gspb_post_css":"","footnotes":""},"class_list":["post-521174","page","type-page","status-publish"],"yoast_head":"<!-- This site is optimized with the Yoast SEO Premium plugin v22.5 (Yoast SEO v27.4) - https:\/\/yoast.com\/product\/yoast-seo-premium-wordpress\/ -->\n<title>Portable LiFeP04 830 Wh\/1.000 W 120 VAC Energiezentralen (LBACG-830) - Technetix EMEA<\/title>\n<meta name=\"robots\" content=\"index, follow, max-snippet:-1, max-image-preview:large, max-video-preview:-1\" \/>\n<link rel=\"canonical\" href=\"https:\/\/emea.technetix.com\/de\/stromversorgungsloesungen\/portable-energiezentralen\/portable-ac-energiezentralen\/portable-lifepo4-830-wh-1000-w-120-vac-energiezentralen-lbacg-830\/\" \/>\n<meta property=\"og:locale\" content=\"de_DE\" \/>\n<meta property=\"og:type\" content=\"article\" \/>\n<meta property=\"og:title\" content=\"Portable LiFeP04 830 Wh\/1.000 W 120 VAC Energiezentralen (LBACG-830) - Technetix EMEA\" \/>\n<meta property=\"og:description\" content=\"N\u00fctzliche Links\" \/>\n<meta property=\"og:url\" content=\"https:\/\/emea.technetix.com\/de\/stromversorgungsloesungen\/portable-energiezentralen\/portable-ac-energiezentralen\/portable-lifepo4-830-wh-1000-w-120-vac-energiezentralen-lbacg-830\/\" \/>\n<meta property=\"og:site_name\" content=\"Technetix EMEA\" \/>\n<meta property=\"article:modified_time\" content=\"2024-11-21T15:46:29+00:00\" \/>\n<meta property=\"og:image\" content=\"https:\/\/emea.technetix.com\/wp-content\/uploads\/sites\/2\/2023\/12\/LBACG_830_side_angled.png\" \/>\n<meta name=\"twitter:card\" content=\"summary_large_image\" \/>\n<meta name=\"twitter:site\" content=\"@technetixgroup\" \/>\n<meta name=\"twitter:label1\" content=\"Gesch\u00e4tzte Lesezeit\" \/>\n\t<meta name=\"twitter:data1\" content=\"1\u00a0Minute\" \/>\n<script type=\"application\/ld+json\" class=\"yoast-schema-graph\">{\"@context\":\"https:\\\/\\\/schema.org\",\"@graph\":[{\"@type\":\"WebPage\",\"@id\":\"https:\\\/\\\/emea.technetix.com\\\/de\\\/stromversorgungsloesungen\\\/portable-energiezentralen\\\/portable-ac-energiezentralen\\\/portable-lifepo4-830-wh-1000-w-120-vac-energiezentralen-lbacg-830\\\/\",\"url\":\"https:\\\/\\\/emea.technetix.com\\\/de\\\/stromversorgungsloesungen\\\/portable-energiezentralen\\\/portable-ac-energiezentralen\\\/portable-lifepo4-830-wh-1000-w-120-vac-energiezentralen-lbacg-830\\\/\",\"name\":\"Portable LiFeP04 830 Wh\\\/1.000 W 120 VAC Energiezentralen (LBACG-830) - Technetix EMEA\",\"isPartOf\":{\"@id\":\"https:\\\/\\\/emea.technetix.com\\\/de\\\/#website\"},\"primaryImageOfPage\":{\"@id\":\"https:\\\/\\\/emea.technetix.com\\\/de\\\/stromversorgungsloesungen\\\/portable-energiezentralen\\\/portable-ac-energiezentralen\\\/portable-lifepo4-830-wh-1000-w-120-vac-energiezentralen-lbacg-830\\\/#primaryimage\"},\"image\":{\"@id\":\"https:\\\/\\\/emea.technetix.com\\\/de\\\/stromversorgungsloesungen\\\/portable-energiezentralen\\\/portable-ac-energiezentralen\\\/portable-lifepo4-830-wh-1000-w-120-vac-energiezentralen-lbacg-830\\\/#primaryimage\"},\"thumbnailUrl\":\"https:\\\/\\\/emea.technetix.com\\\/wp-content\\\/uploads\\\/sites\\\/2\\\/2023\\\/12\\\/LBACG_830_side_angled.png\",\"datePublished\":\"2023-11-09T14:57:12+00:00\",\"dateModified\":\"2024-11-21T15:46:29+00:00\",\"breadcrumb\":{\"@id\":\"https:\\\/\\\/emea.technetix.com\\\/de\\\/stromversorgungsloesungen\\\/portable-energiezentralen\\\/portable-ac-energiezentralen\\\/portable-lifepo4-830-wh-1000-w-120-vac-energiezentralen-lbacg-830\\\/#breadcrumb\"},\"inLanguage\":\"de\",\"potentialAction\":[{\"@type\":\"ReadAction\",\"target\":[\"https:\\\/\\\/emea.technetix.com\\\/de\\\/stromversorgungsloesungen\\\/portable-energiezentralen\\\/portable-ac-energiezentralen\\\/portable-lifepo4-830-wh-1000-w-120-vac-energiezentralen-lbacg-830\\\/\"]}]},{\"@type\":\"ImageObject\",\"inLanguage\":\"de\",\"@id\":\"https:\\\/\\\/emea.technetix.com\\\/de\\\/stromversorgungsloesungen\\\/portable-energiezentralen\\\/portable-ac-energiezentralen\\\/portable-lifepo4-830-wh-1000-w-120-vac-energiezentralen-lbacg-830\\\/#primaryimage\",\"url\":\"https:\\\/\\\/emea.technetix.com\\\/wp-content\\\/uploads\\\/sites\\\/2\\\/2023\\\/12\\\/LBACG_830_side_angled.png\",\"contentUrl\":\"https:\\\/\\\/emea.technetix.com\\\/wp-content\\\/uploads\\\/sites\\\/2\\\/2023\\\/12\\\/LBACG_830_side_angled.png\"},{\"@type\":\"BreadcrumbList\",\"@id\":\"https:\\\/\\\/emea.technetix.com\\\/de\\\/stromversorgungsloesungen\\\/portable-energiezentralen\\\/portable-ac-energiezentralen\\\/portable-lifepo4-830-wh-1000-w-120-vac-energiezentralen-lbacg-830\\\/#breadcrumb\",\"itemListElement\":[{\"@type\":\"ListItem\",\"position\":1,\"name\":\"Home\",\"item\":\"https:\\\/\\\/emea.technetix.com\\\/de\\\/\"},{\"@type\":\"ListItem\",\"position\":2,\"name\":\"Stromversorgungsl\u00f6sungen\",\"item\":\"https:\\\/\\\/emea.technetix.com\\\/de\\\/stromversorgungsloesungen\\\/\"},{\"@type\":\"ListItem\",\"position\":3,\"name\":\"\u00a0Portable Energiezentralen\",\"item\":\"https:\\\/\\\/emea.technetix.com\\\/de\\\/stromversorgungsloesungen\\\/portable-energiezentralen\\\/\"},{\"@type\":\"ListItem\",\"position\":4,\"name\":\"Portable AC-Energiezentralen\",\"item\":\"https:\\\/\\\/emea.technetix.com\\\/de\\\/stromversorgungsloesungen\\\/portable-energiezentralen\\\/portable-ac-energiezentralen\\\/\"},{\"@type\":\"ListItem\",\"position\":5,\"name\":\"Portable LiFeP04 830 Wh\\\/1.000 W 120 VAC Energiezentralen (LBACG-830)\"}]},{\"@type\":\"WebSite\",\"@id\":\"https:\\\/\\\/emea.technetix.com\\\/de\\\/#website\",\"url\":\"https:\\\/\\\/emea.technetix.com\\\/de\\\/\",\"name\":\"Technetix\",\"description\":\"Next-generation broadband equipment engineering\",\"publisher\":{\"@id\":\"https:\\\/\\\/emea.technetix.com\\\/de\\\/#organization\"},\"potentialAction\":[{\"@type\":\"SearchAction\",\"target\":{\"@type\":\"EntryPoint\",\"urlTemplate\":\"https:\\\/\\\/emea.technetix.com\\\/de\\\/?s={search_term_string}\"},\"query-input\":{\"@type\":\"PropertyValueSpecification\",\"valueRequired\":true,\"valueName\":\"search_term_string\"}}],\"inLanguage\":\"de\"},{\"@type\":\"Organization\",\"@id\":\"https:\\\/\\\/emea.technetix.com\\\/de\\\/#organization\",\"name\":\"Technetix\",\"url\":\"https:\\\/\\\/emea.technetix.com\\\/de\\\/\",\"logo\":{\"@type\":\"ImageObject\",\"inLanguage\":\"de\",\"@id\":\"https:\\\/\\\/emea.technetix.com\\\/de\\\/#\\\/schema\\\/logo\\\/image\\\/\",\"url\":\"https:\\\/\\\/emea.technetix.com\\\/wp-content\\\/uploads\\\/sites\\\/2\\\/2023\\\/06\\\/logo-Technetix-1000x1000-1.png\",\"contentUrl\":\"https:\\\/\\\/emea.technetix.com\\\/wp-content\\\/uploads\\\/sites\\\/2\\\/2023\\\/06\\\/logo-Technetix-1000x1000-1.png\",\"width\":1000,\"height\":1000,\"caption\":\"Technetix\"},\"image\":{\"@id\":\"https:\\\/\\\/emea.technetix.com\\\/de\\\/#\\\/schema\\\/logo\\\/image\\\/\"},\"sameAs\":[\"https:\\\/\\\/x.com\\\/technetixgroup\",\"https:\\\/\\\/www.linkedin.com\\\/company\\\/technetix\\\/\",\"https:\\\/\\\/www.youtube.com\\\/c\\\/Technetix-group\"]}]}<\/script>\n<!-- \/ Yoast SEO Premium plugin. -->","yoast_head_json":{"title":"Portable LiFeP04 830 Wh\/1.000 W 120 VAC Energiezentralen (LBACG-830) - Technetix EMEA","robots":{"index":"index","follow":"follow","max-snippet":"max-snippet:-1","max-image-preview":"max-image-preview:large","max-video-preview":"max-video-preview:-1"},"canonical":"https:\/\/emea.technetix.com\/de\/stromversorgungsloesungen\/portable-energiezentralen\/portable-ac-energiezentralen\/portable-lifepo4-830-wh-1000-w-120-vac-energiezentralen-lbacg-830\/","og_locale":"de_DE","og_type":"article","og_title":"Portable LiFeP04 830 Wh\/1.000 W 120 VAC Energiezentralen (LBACG-830) - Technetix EMEA","og_description":"N\u00fctzliche Links","og_url":"https:\/\/emea.technetix.com\/de\/stromversorgungsloesungen\/portable-energiezentralen\/portable-ac-energiezentralen\/portable-lifepo4-830-wh-1000-w-120-vac-energiezentralen-lbacg-830\/","og_site_name":"Technetix EMEA","article_modified_time":"2024-11-21T15:46:29+00:00","og_image":[{"url":"https:\/\/emea.technetix.com\/wp-content\/uploads\/sites\/2\/2023\/12\/LBACG_830_side_angled.png","type":"","width":"","height":""}],"twitter_card":"summary_large_image","twitter_site":"@technetixgroup","twitter_misc":{"Gesch\u00e4tzte Lesezeit":"1\u00a0Minute"},"schema":{"@context":"https:\/\/schema.org","@graph":[{"@type":"WebPage","@id":"https:\/\/emea.technetix.com\/de\/stromversorgungsloesungen\/portable-energiezentralen\/portable-ac-energiezentralen\/portable-lifepo4-830-wh-1000-w-120-vac-energiezentralen-lbacg-830\/","url":"https:\/\/emea.technetix.com\/de\/stromversorgungsloesungen\/portable-energiezentralen\/portable-ac-energiezentralen\/portable-lifepo4-830-wh-1000-w-120-vac-energiezentralen-lbacg-830\/","name":"Portable LiFeP04 830 Wh\/1.000 W 120 VAC Energiezentralen (LBACG-830) - Technetix EMEA","isPartOf":{"@id":"https:\/\/emea.technetix.com\/de\/#website"},"primaryImageOfPage":{"@id":"https:\/\/emea.technetix.com\/de\/stromversorgungsloesungen\/portable-energiezentralen\/portable-ac-energiezentralen\/portable-lifepo4-830-wh-1000-w-120-vac-energiezentralen-lbacg-830\/#primaryimage"},"image":{"@id":"https:\/\/emea.technetix.com\/de\/stromversorgungsloesungen\/portable-energiezentralen\/portable-ac-energiezentralen\/portable-lifepo4-830-wh-1000-w-120-vac-energiezentralen-lbacg-830\/#primaryimage"},"thumbnailUrl":"https:\/\/emea.technetix.com\/wp-content\/uploads\/sites\/2\/2023\/12\/LBACG_830_side_angled.png","datePublished":"2023-11-09T14:57:12+00:00","dateModified":"2024-11-21T15:46:29+00:00","breadcrumb":{"@id":"https:\/\/emea.technetix.com\/de\/stromversorgungsloesungen\/portable-energiezentralen\/portable-ac-energiezentralen\/portable-lifepo4-830-wh-1000-w-120-vac-energiezentralen-lbacg-830\/#breadcrumb"},"inLanguage":"de","potentialAction":[{"@type":"ReadAction","target":["https:\/\/emea.technetix.com\/de\/stromversorgungsloesungen\/portable-energiezentralen\/portable-ac-energiezentralen\/portable-lifepo4-830-wh-1000-w-120-vac-energiezentralen-lbacg-830\/"]}]},{"@type":"ImageObject","inLanguage":"de","@id":"https:\/\/emea.technetix.com\/de\/stromversorgungsloesungen\/portable-energiezentralen\/portable-ac-energiezentralen\/portable-lifepo4-830-wh-1000-w-120-vac-energiezentralen-lbacg-830\/#primaryimage","url":"https:\/\/emea.technetix.com\/wp-content\/uploads\/sites\/2\/2023\/12\/LBACG_830_side_angled.png","contentUrl":"https:\/\/emea.technetix.com\/wp-content\/uploads\/sites\/2\/2023\/12\/LBACG_830_side_angled.png"},{"@type":"BreadcrumbList","@id":"https:\/\/emea.technetix.com\/de\/stromversorgungsloesungen\/portable-energiezentralen\/portable-ac-energiezentralen\/portable-lifepo4-830-wh-1000-w-120-vac-energiezentralen-lbacg-830\/#breadcrumb","itemListElement":[{"@type":"ListItem","position":1,"name":"Home","item":"https:\/\/emea.technetix.com\/de\/"},{"@type":"ListItem","position":2,"name":"Stromversorgungsl\u00f6sungen","item":"https:\/\/emea.technetix.com\/de\/stromversorgungsloesungen\/"},{"@type":"ListItem","position":3,"name":"\u00a0Portable Energiezentralen","item":"https:\/\/emea.technetix.com\/de\/stromversorgungsloesungen\/portable-energiezentralen\/"},{"@type":"ListItem","position":4,"name":"Portable AC-Energiezentralen","item":"https:\/\/emea.technetix.com\/de\/stromversorgungsloesungen\/portable-energiezentralen\/portable-ac-energiezentralen\/"},{"@type":"ListItem","position":5,"name":"Portable LiFeP04 830 Wh\/1.000 W 120 VAC Energiezentralen (LBACG-830)"}]},{"@type":"WebSite","@id":"https:\/\/emea.technetix.com\/de\/#website","url":"https:\/\/emea.technetix.com\/de\/","name":"Technetix","description":"Next-generation broadband equipment engineering","publisher":{"@id":"https:\/\/emea.technetix.com\/de\/#organization"},"potentialAction":[{"@type":"SearchAction","target":{"@type":"EntryPoint","urlTemplate":"https:\/\/emea.technetix.com\/de\/?s={search_term_string}"},"query-input":{"@type":"PropertyValueSpecification","valueRequired":true,"valueName":"search_term_string"}}],"inLanguage":"de"},{"@type":"Organization","@id":"https:\/\/emea.technetix.com\/de\/#organization","name":"Technetix","url":"https:\/\/emea.technetix.com\/de\/","logo":{"@type":"ImageObject","inLanguage":"de","@id":"https:\/\/emea.technetix.com\/de\/#\/schema\/logo\/image\/","url":"https:\/\/emea.technetix.com\/wp-content\/uploads\/sites\/2\/2023\/06\/logo-Technetix-1000x1000-1.png","contentUrl":"https:\/\/emea.technetix.com\/wp-content\/uploads\/sites\/2\/2023\/06\/logo-Technetix-1000x1000-1.png","width":1000,"height":1000,"caption":"Technetix"},"image":{"@id":"https:\/\/emea.technetix.com\/de\/#\/schema\/logo\/image\/"},"sameAs":["https:\/\/x.com\/technetixgroup","https:\/\/www.linkedin.com\/company\/technetix\/","https:\/\/www.youtube.com\/c\/Technetix-group"]}]}},"acf":[],"publishpress_future_workflow_manual_trigger":{"enabledWorkflows":[]},"_links":{"self":[{"href":"https:\/\/emea.technetix.com\/de\/wp-json\/wp\/v2\/pages\/521174","targetHints":{"allow":["GET"]}}],"collection":[{"href":"https:\/\/emea.technetix.com\/de\/wp-json\/wp\/v2\/pages"}],"about":[{"href":"https:\/\/emea.technetix.com\/de\/wp-json\/wp\/v2\/types\/page"}],"author":[{"embeddable":true,"href":"https:\/\/emea.technetix.com\/de\/wp-json\/wp\/v2\/users\/21"}],"replies":[{"embeddable":true,"href":"https:\/\/emea.technetix.com\/de\/wp-json\/wp\/v2\/comments?post=521174"}],"version-history":[{"count":0,"href":"https:\/\/emea.technetix.com\/de\/wp-json\/wp\/v2\/pages\/521174\/revisions"}],"up":[{"embeddable":true,"href":"https:\/\/emea.technetix.com\/de\/wp-json\/wp\/v2\/pages\/521172"}],"wp:attachment":[{"href":"https:\/\/emea.technetix.com\/de\/wp-json\/wp\/v2\/media?parent=521174"}],"curies":[{"name":"wp","href":"https:\/\/api.w.org\/{rel}","templated":true}]}}