{"id":438720,"date":"2023-11-15T13:36:16","date_gmt":"2023-11-15T13:36:16","guid":{"rendered":"https:\/\/emea.technetix.com\/xhaul\/temperaturgehaertete-d3-0-3-1-kabelmodems-gehartete-docsis-3-0-3-1-modem-series\/"},"modified":"2024-06-14T10:58:35","modified_gmt":"2024-06-14T10:58:35","slug":"temperaturgehaertete-d3-0-3-1-kabelmodems-gehartete-docsis-3-0-3-1-modem-series","status":"publish","type":"page","link":"https:\/\/emea.technetix.com\/de\/drahtlose-kommunikation\/temperaturgehaertete-d3-0-3-1-kabelmodems-gehartete-docsis-3-0-3-1-modem-series\/","title":{"rendered":"Temperaturgeh\u00e4rtete D3.0\/3.1 Kabelmodems (GEH\u00c4RTETE DOCSIS 3.0\/3.1 MODEM-Serie)"},"content":{"rendered":"<div class=\"gb-container gb-container-a2efb66f gb-container-wide-back-page-con\" id=\"content\">\n<div class=\"gb-grid-wrapper gb-grid-wrapper-5efcc144\">\n<div class=\"gb-grid-column gb-grid-column-6e2f42ae\"><div class=\"gb-container gb-container-6e2f42ae\" id=\"image-col\"><div class=\"gb-inside-container\">\n\n<figure class=\"gb-block-image gb-block-image-61e35e7d\"><img loading=\"lazy\" decoding=\"async\" width=\"1000\" height=\"1000\" class=\"gb-image gb-image-61e35e7d\" src=\"https:\/\/emea.technetix.com\/wp-content\/uploads\/sites\/2\/2023\/11\/00000000_HDCM_PRFL_06.png\" alt=\"\" title=\"00000000_HDCM_PRFL_06\" srcset=\"https:\/\/emea.technetix.com\/wp-content\/uploads\/sites\/2\/2023\/11\/00000000_HDCM_PRFL_06.png 1000w, https:\/\/emea.technetix.com\/wp-content\/uploads\/sites\/2\/2023\/11\/00000000_HDCM_PRFL_06-300x300.png 300w, https:\/\/emea.technetix.com\/wp-content\/uploads\/sites\/2\/2023\/11\/00000000_HDCM_PRFL_06-150x150.png 150w, https:\/\/emea.technetix.com\/wp-content\/uploads\/sites\/2\/2023\/11\/00000000_HDCM_PRFL_06-768x768.png 768w, https:\/\/emea.technetix.com\/wp-content\/uploads\/sites\/2\/2023\/11\/00000000_HDCM_PRFL_06-600x600.png 600w, https:\/\/emea.technetix.com\/wp-content\/uploads\/sites\/2\/2023\/11\/00000000_HDCM_PRFL_06-100x100.png 100w\" sizes=\"auto, (max-width: 1000px) 100vw, 1000px\" \/><\/figure>\n\n<\/div><\/div><\/div>\n\n<div class=\"gb-grid-column gb-grid-column-cb46cc96\"><div class=\"gb-container gb-container-cb46cc96\" id=\"content-col\"><div class=\"gb-inside-container\">\n<h2 class=\"gb-headline gb-headline-d02c52e4 gb-headline-text\">Temperaturgeh\u00e4rtete D3.0\/3.1 Kabelmodems (GEH\u00c4RTETE DOCSIS 3.0\/3.1 MODEM-Serie)<\/h2>\n\n\n<p>Unsere kompakten und wirtschaftlichen Kabelmodems sind speziell f\u00fcr den rauhen Au\u00dfeneinsatz mit Gigabit+ &#8211; Datenkommunikation entwickelt worden. Sie sind eine ideale L\u00f6sung f\u00fcr Installationen mit m\u00f6glichen Temperaturschwankungen. Erfolgreiche Einsatzbeispiele umfassten Kommunikations\u00acverbindungen, Sicherheits- und Verkehrs\u00fcberwachungskameras, digitale Leitsysteme, APs und Informationsst\u00e4nde. Vielf\u00e4ltige Funktionen erm\u00f6glichen Betreibern den Zugriff auf kritische Informationen per Spektrumanalyse, \u00dcberwachung und Diagnostik.  <\/p>\n\n\n\n<ul class=\"wp-block-list\">\n<li>Geh\u00e4use mit IP54-Schutz<\/li>\n\n\n\n<li>2\u00d72 OFDM\/OFDMA DOCSIS 3.1 Kan\u00e4le und\/oder 32\u00d78 SCQAM DOCSIS 3.0<\/li>\n\n\n\n<li>Tuner f\u00fcr die komplette Bandbreite<\/li>\n\n\n\n<li>Multiprozessor-Technologie mit ARM-basiertem Applikationsprozessor<\/li>\n\n\n\n<li>US- und DS- Spektrumanalysator<\/li>\n<\/ul>\n\n<\/div><\/div><\/div>\n<\/div>\n\n<div class=\"gb-container gb-container-dbeed0b8 gb-container-con-buttons-bottom\">\n\n<h2 class=\"gb-headline gb-headline-7ce6fa4b gb-headline-text gb-headline-head-bottom-buttons\">N\u00fctzliche Links<\/h2>\n\n\n<div class=\"gb-button-wrapper gb-button-wrapper-5300c273 gb-button-wrapper-after-con-buttons\">\n\n<a class=\"gb-button gb-button-3eadfa91 gb-button-text gb-button-bottom-button\" href=\"https:\/\/emea.technetix.com\/wp-content\/uploads\/sites\/2\/2023\/11\/HDCM_Dx_Series_V1_DS_EN.pdf\" target=\"_blank\" rel=\"noopener noreferrer\">Datenblatt<\/a>\n\n\n\n<a class=\"gb-button gb-button-74bfad52 gb-button-text gb-button-bottom-button\" href=\"https:\/\/emea.technetix.com\/de\/kontakt\/\">Kontakt<\/a>\n\n<\/div>\n<\/div>\n<\/div>","protected":false},"excerpt":{"rendered":"<p>N\u00fctzliche Links<\/p>\n","protected":false},"author":21,"featured_media":0,"parent":6157,"menu_order":0,"comment_status":"closed","ping_status":"closed","template":"","meta":{"_acf_changed":false,"_gspb_post_css":"","footnotes":""},"class_list":["post-438720","page","type-page","status-publish"],"yoast_head":"<!-- This site is optimized with the Yoast SEO Premium plugin v22.5 (Yoast SEO v27.4) - https:\/\/yoast.com\/product\/yoast-seo-premium-wordpress\/ -->\n<title>Temperaturgeh\u00e4rtete D3.0\/3.1 Kabelmodems (GEH\u00c4RTETE DOCSIS 3.0\/3.1 MODEM-Serie) - Technetix EMEA<\/title>\n<meta name=\"robots\" content=\"index, follow, max-snippet:-1, max-image-preview:large, max-video-preview:-1\" \/>\n<link rel=\"canonical\" href=\"https:\/\/emea.technetix.com\/de\/drahtlose-kommunikation\/temperaturgehaertete-d3-0-3-1-kabelmodems-gehartete-docsis-3-0-3-1-modem-series\/\" \/>\n<meta property=\"og:locale\" content=\"de_DE\" \/>\n<meta property=\"og:type\" content=\"article\" \/>\n<meta property=\"og:title\" content=\"Temperaturgeh\u00e4rtete D3.0\/3.1 Kabelmodems (GEH\u00c4RTETE DOCSIS 3.0\/3.1 MODEM-Serie) - Technetix EMEA\" \/>\n<meta property=\"og:description\" content=\"N\u00fctzliche Links\" \/>\n<meta property=\"og:url\" content=\"https:\/\/emea.technetix.com\/de\/drahtlose-kommunikation\/temperaturgehaertete-d3-0-3-1-kabelmodems-gehartete-docsis-3-0-3-1-modem-series\/\" \/>\n<meta property=\"og:site_name\" content=\"Technetix EMEA\" \/>\n<meta property=\"article:modified_time\" content=\"2024-06-14T10:58:35+00:00\" \/>\n<meta property=\"og:image\" content=\"https:\/\/emea.technetix.com\/wp-content\/uploads\/sites\/2\/2023\/11\/00000000_HDCM_PRFL_06.png\" \/>\n<meta name=\"twitter:card\" content=\"summary_large_image\" \/>\n<meta name=\"twitter:site\" content=\"@technetixgroup\" \/>\n<script type=\"application\/ld+json\" class=\"yoast-schema-graph\">{\"@context\":\"https:\\\/\\\/schema.org\",\"@graph\":[{\"@type\":\"WebPage\",\"@id\":\"https:\\\/\\\/emea.technetix.com\\\/de\\\/drahtlose-kommunikation\\\/temperaturgehaertete-d3-0-3-1-kabelmodems-gehartete-docsis-3-0-3-1-modem-series\\\/\",\"url\":\"https:\\\/\\\/emea.technetix.com\\\/de\\\/drahtlose-kommunikation\\\/temperaturgehaertete-d3-0-3-1-kabelmodems-gehartete-docsis-3-0-3-1-modem-series\\\/\",\"name\":\"Temperaturgeh\u00e4rtete D3.0\\\/3.1 Kabelmodems (GEH\u00c4RTETE DOCSIS 3.0\\\/3.1 MODEM-Serie) - Technetix EMEA\",\"isPartOf\":{\"@id\":\"https:\\\/\\\/emea.technetix.com\\\/de\\\/#website\"},\"primaryImageOfPage\":{\"@id\":\"https:\\\/\\\/emea.technetix.com\\\/de\\\/drahtlose-kommunikation\\\/temperaturgehaertete-d3-0-3-1-kabelmodems-gehartete-docsis-3-0-3-1-modem-series\\\/#primaryimage\"},\"image\":{\"@id\":\"https:\\\/\\\/emea.technetix.com\\\/de\\\/drahtlose-kommunikation\\\/temperaturgehaertete-d3-0-3-1-kabelmodems-gehartete-docsis-3-0-3-1-modem-series\\\/#primaryimage\"},\"thumbnailUrl\":\"https:\\\/\\\/emea.technetix.com\\\/wp-content\\\/uploads\\\/sites\\\/2\\\/2023\\\/11\\\/00000000_HDCM_PRFL_06.png\",\"datePublished\":\"2023-11-15T13:36:16+00:00\",\"dateModified\":\"2024-06-14T10:58:35+00:00\",\"breadcrumb\":{\"@id\":\"https:\\\/\\\/emea.technetix.com\\\/de\\\/drahtlose-kommunikation\\\/temperaturgehaertete-d3-0-3-1-kabelmodems-gehartete-docsis-3-0-3-1-modem-series\\\/#breadcrumb\"},\"inLanguage\":\"de\",\"potentialAction\":[{\"@type\":\"ReadAction\",\"target\":[\"https:\\\/\\\/emea.technetix.com\\\/de\\\/drahtlose-kommunikation\\\/temperaturgehaertete-d3-0-3-1-kabelmodems-gehartete-docsis-3-0-3-1-modem-series\\\/\"]}]},{\"@type\":\"ImageObject\",\"inLanguage\":\"de\",\"@id\":\"https:\\\/\\\/emea.technetix.com\\\/de\\\/drahtlose-kommunikation\\\/temperaturgehaertete-d3-0-3-1-kabelmodems-gehartete-docsis-3-0-3-1-modem-series\\\/#primaryimage\",\"url\":\"https:\\\/\\\/emea.technetix.com\\\/wp-content\\\/uploads\\\/sites\\\/2\\\/2023\\\/11\\\/00000000_HDCM_PRFL_06.png\",\"contentUrl\":\"https:\\\/\\\/emea.technetix.com\\\/wp-content\\\/uploads\\\/sites\\\/2\\\/2023\\\/11\\\/00000000_HDCM_PRFL_06.png\"},{\"@type\":\"BreadcrumbList\",\"@id\":\"https:\\\/\\\/emea.technetix.com\\\/de\\\/drahtlose-kommunikation\\\/temperaturgehaertete-d3-0-3-1-kabelmodems-gehartete-docsis-3-0-3-1-modem-series\\\/#breadcrumb\",\"itemListElement\":[{\"@type\":\"ListItem\",\"position\":1,\"name\":\"Home\",\"item\":\"https:\\\/\\\/emea.technetix.com\\\/de\\\/\"},{\"@type\":\"ListItem\",\"position\":2,\"name\":\"Drahtlose Kommunikation\",\"item\":\"https:\\\/\\\/emea.technetix.com\\\/de\\\/drahtlose-kommunikation\\\/\"},{\"@type\":\"ListItem\",\"position\":3,\"name\":\"Temperaturgeh\u00e4rtete D3.0\\\/3.1 Kabelmodems (GEH\u00c4RTETE DOCSIS 3.0\\\/3.1 MODEM-Serie)\"}]},{\"@type\":\"WebSite\",\"@id\":\"https:\\\/\\\/emea.technetix.com\\\/de\\\/#website\",\"url\":\"https:\\\/\\\/emea.technetix.com\\\/de\\\/\",\"name\":\"Technetix\",\"description\":\"Next-generation broadband equipment engineering\",\"publisher\":{\"@id\":\"https:\\\/\\\/emea.technetix.com\\\/de\\\/#organization\"},\"potentialAction\":[{\"@type\":\"SearchAction\",\"target\":{\"@type\":\"EntryPoint\",\"urlTemplate\":\"https:\\\/\\\/emea.technetix.com\\\/de\\\/?s={search_term_string}\"},\"query-input\":{\"@type\":\"PropertyValueSpecification\",\"valueRequired\":true,\"valueName\":\"search_term_string\"}}],\"inLanguage\":\"de\"},{\"@type\":\"Organization\",\"@id\":\"https:\\\/\\\/emea.technetix.com\\\/de\\\/#organization\",\"name\":\"Technetix\",\"url\":\"https:\\\/\\\/emea.technetix.com\\\/de\\\/\",\"logo\":{\"@type\":\"ImageObject\",\"inLanguage\":\"de\",\"@id\":\"https:\\\/\\\/emea.technetix.com\\\/de\\\/#\\\/schema\\\/logo\\\/image\\\/\",\"url\":\"https:\\\/\\\/emea.technetix.com\\\/wp-content\\\/uploads\\\/sites\\\/2\\\/2023\\\/06\\\/logo-Technetix-1000x1000-1.png\",\"contentUrl\":\"https:\\\/\\\/emea.technetix.com\\\/wp-content\\\/uploads\\\/sites\\\/2\\\/2023\\\/06\\\/logo-Technetix-1000x1000-1.png\",\"width\":1000,\"height\":1000,\"caption\":\"Technetix\"},\"image\":{\"@id\":\"https:\\\/\\\/emea.technetix.com\\\/de\\\/#\\\/schema\\\/logo\\\/image\\\/\"},\"sameAs\":[\"https:\\\/\\\/x.com\\\/technetixgroup\",\"https:\\\/\\\/www.linkedin.com\\\/company\\\/technetix\\\/\",\"https:\\\/\\\/www.youtube.com\\\/c\\\/Technetix-group\"]}]}<\/script>\n<!-- \/ Yoast SEO Premium plugin. -->","yoast_head_json":{"title":"Temperaturgeh\u00e4rtete D3.0\/3.1 Kabelmodems (GEH\u00c4RTETE DOCSIS 3.0\/3.1 MODEM-Serie) - Technetix EMEA","robots":{"index":"index","follow":"follow","max-snippet":"max-snippet:-1","max-image-preview":"max-image-preview:large","max-video-preview":"max-video-preview:-1"},"canonical":"https:\/\/emea.technetix.com\/de\/drahtlose-kommunikation\/temperaturgehaertete-d3-0-3-1-kabelmodems-gehartete-docsis-3-0-3-1-modem-series\/","og_locale":"de_DE","og_type":"article","og_title":"Temperaturgeh\u00e4rtete D3.0\/3.1 Kabelmodems (GEH\u00c4RTETE DOCSIS 3.0\/3.1 MODEM-Serie) - Technetix EMEA","og_description":"N\u00fctzliche Links","og_url":"https:\/\/emea.technetix.com\/de\/drahtlose-kommunikation\/temperaturgehaertete-d3-0-3-1-kabelmodems-gehartete-docsis-3-0-3-1-modem-series\/","og_site_name":"Technetix EMEA","article_modified_time":"2024-06-14T10:58:35+00:00","og_image":[{"url":"https:\/\/emea.technetix.com\/wp-content\/uploads\/sites\/2\/2023\/11\/00000000_HDCM_PRFL_06.png","type":"","width":"","height":""}],"twitter_card":"summary_large_image","twitter_site":"@technetixgroup","schema":{"@context":"https:\/\/schema.org","@graph":[{"@type":"WebPage","@id":"https:\/\/emea.technetix.com\/de\/drahtlose-kommunikation\/temperaturgehaertete-d3-0-3-1-kabelmodems-gehartete-docsis-3-0-3-1-modem-series\/","url":"https:\/\/emea.technetix.com\/de\/drahtlose-kommunikation\/temperaturgehaertete-d3-0-3-1-kabelmodems-gehartete-docsis-3-0-3-1-modem-series\/","name":"Temperaturgeh\u00e4rtete D3.0\/3.1 Kabelmodems (GEH\u00c4RTETE DOCSIS 3.0\/3.1 MODEM-Serie) - Technetix EMEA","isPartOf":{"@id":"https:\/\/emea.technetix.com\/de\/#website"},"primaryImageOfPage":{"@id":"https:\/\/emea.technetix.com\/de\/drahtlose-kommunikation\/temperaturgehaertete-d3-0-3-1-kabelmodems-gehartete-docsis-3-0-3-1-modem-series\/#primaryimage"},"image":{"@id":"https:\/\/emea.technetix.com\/de\/drahtlose-kommunikation\/temperaturgehaertete-d3-0-3-1-kabelmodems-gehartete-docsis-3-0-3-1-modem-series\/#primaryimage"},"thumbnailUrl":"https:\/\/emea.technetix.com\/wp-content\/uploads\/sites\/2\/2023\/11\/00000000_HDCM_PRFL_06.png","datePublished":"2023-11-15T13:36:16+00:00","dateModified":"2024-06-14T10:58:35+00:00","breadcrumb":{"@id":"https:\/\/emea.technetix.com\/de\/drahtlose-kommunikation\/temperaturgehaertete-d3-0-3-1-kabelmodems-gehartete-docsis-3-0-3-1-modem-series\/#breadcrumb"},"inLanguage":"de","potentialAction":[{"@type":"ReadAction","target":["https:\/\/emea.technetix.com\/de\/drahtlose-kommunikation\/temperaturgehaertete-d3-0-3-1-kabelmodems-gehartete-docsis-3-0-3-1-modem-series\/"]}]},{"@type":"ImageObject","inLanguage":"de","@id":"https:\/\/emea.technetix.com\/de\/drahtlose-kommunikation\/temperaturgehaertete-d3-0-3-1-kabelmodems-gehartete-docsis-3-0-3-1-modem-series\/#primaryimage","url":"https:\/\/emea.technetix.com\/wp-content\/uploads\/sites\/2\/2023\/11\/00000000_HDCM_PRFL_06.png","contentUrl":"https:\/\/emea.technetix.com\/wp-content\/uploads\/sites\/2\/2023\/11\/00000000_HDCM_PRFL_06.png"},{"@type":"BreadcrumbList","@id":"https:\/\/emea.technetix.com\/de\/drahtlose-kommunikation\/temperaturgehaertete-d3-0-3-1-kabelmodems-gehartete-docsis-3-0-3-1-modem-series\/#breadcrumb","itemListElement":[{"@type":"ListItem","position":1,"name":"Home","item":"https:\/\/emea.technetix.com\/de\/"},{"@type":"ListItem","position":2,"name":"Drahtlose Kommunikation","item":"https:\/\/emea.technetix.com\/de\/drahtlose-kommunikation\/"},{"@type":"ListItem","position":3,"name":"Temperaturgeh\u00e4rtete D3.0\/3.1 Kabelmodems (GEH\u00c4RTETE DOCSIS 3.0\/3.1 MODEM-Serie)"}]},{"@type":"WebSite","@id":"https:\/\/emea.technetix.com\/de\/#website","url":"https:\/\/emea.technetix.com\/de\/","name":"Technetix","description":"Next-generation broadband equipment engineering","publisher":{"@id":"https:\/\/emea.technetix.com\/de\/#organization"},"potentialAction":[{"@type":"SearchAction","target":{"@type":"EntryPoint","urlTemplate":"https:\/\/emea.technetix.com\/de\/?s={search_term_string}"},"query-input":{"@type":"PropertyValueSpecification","valueRequired":true,"valueName":"search_term_string"}}],"inLanguage":"de"},{"@type":"Organization","@id":"https:\/\/emea.technetix.com\/de\/#organization","name":"Technetix","url":"https:\/\/emea.technetix.com\/de\/","logo":{"@type":"ImageObject","inLanguage":"de","@id":"https:\/\/emea.technetix.com\/de\/#\/schema\/logo\/image\/","url":"https:\/\/emea.technetix.com\/wp-content\/uploads\/sites\/2\/2023\/06\/logo-Technetix-1000x1000-1.png","contentUrl":"https:\/\/emea.technetix.com\/wp-content\/uploads\/sites\/2\/2023\/06\/logo-Technetix-1000x1000-1.png","width":1000,"height":1000,"caption":"Technetix"},"image":{"@id":"https:\/\/emea.technetix.com\/de\/#\/schema\/logo\/image\/"},"sameAs":["https:\/\/x.com\/technetixgroup","https:\/\/www.linkedin.com\/company\/technetix\/","https:\/\/www.youtube.com\/c\/Technetix-group"]}]}},"acf":[],"publishpress_future_workflow_manual_trigger":{"enabledWorkflows":[]},"_links":{"self":[{"href":"https:\/\/emea.technetix.com\/de\/wp-json\/wp\/v2\/pages\/438720","targetHints":{"allow":["GET"]}}],"collection":[{"href":"https:\/\/emea.technetix.com\/de\/wp-json\/wp\/v2\/pages"}],"about":[{"href":"https:\/\/emea.technetix.com\/de\/wp-json\/wp\/v2\/types\/page"}],"author":[{"embeddable":true,"href":"https:\/\/emea.technetix.com\/de\/wp-json\/wp\/v2\/users\/21"}],"replies":[{"embeddable":true,"href":"https:\/\/emea.technetix.com\/de\/wp-json\/wp\/v2\/comments?post=438720"}],"version-history":[{"count":0,"href":"https:\/\/emea.technetix.com\/de\/wp-json\/wp\/v2\/pages\/438720\/revisions"}],"up":[{"embeddable":true,"href":"https:\/\/emea.technetix.com\/de\/wp-json\/wp\/v2\/pages\/6157"}],"wp:attachment":[{"href":"https:\/\/emea.technetix.com\/de\/wp-json\/wp\/v2\/media?parent=438720"}],"curies":[{"name":"wp","href":"https:\/\/api.w.org\/{rel}","templated":true}]}}