{"id":434305,"date":"2023-11-09T13:09:59","date_gmt":"2023-11-09T13:09:59","guid":{"rendered":"https:\/\/emea.technetix.com\/stromversorgungsloesungen\/nachhaltige-erneuerbare-loesungen\/"},"modified":"2025-09-25T12:47:57","modified_gmt":"2025-09-25T12:47:57","slug":"portable-energiezentralen","status":"publish","type":"page","link":"https:\/\/emea.technetix.com\/de\/stromversorgungsloesungen\/portable-energiezentralen\/","title":{"rendered":"\u00a0Portable Energiezentralen"},"content":{"rendered":"<div class=\"gb-container gb-container-6741be28 gb-container-con-centered-header\" id=\"intro\">\n\n<div style=\"height:35px\" aria-hidden=\"true\" class=\"wp-block-spacer\"><\/div>\n\n\n\n<h2 class=\"gb-headline gb-headline-abbd6caf gb-headline-text\">&nbsp;Portable Energiezentralen<\/h2>\n\n\n\n<p>Bereitstellung gr\u00fcner, sauberer Energie f\u00fcr Netzwerke und Gemeinden in Krisensituationen \u00fcber tragbare Lithium-Eisenphosphat-Energiezentren, die schnell eingesetzt werden k\u00f6nnen. L\u00f6sungen mit hoher Energiedichte ersetzen gasbetriebene Generatoren.<\/p>\n\n\n\n<div style=\"height:29px\" aria-hidden=\"true\" class=\"wp-block-spacer\"><\/div>\n\n<\/div>\n\n<div class=\"gb-container gb-container-3070dded gb-container-wide-back-page-con\" id=\"cards\">\n<div class=\"gb-grid-wrapper gb-grid-wrapper-53f55656\">\n<div class=\"gb-grid-column gb-grid-column-111762de\"><div class=\"gb-container gb-container-111762de image-link-block\"><a class=\"gb-container-link\" href=\"https:\/\/emea.technetix.com\/de\/stromversorgungsloesungen\/portable-energiezentralen\/portable-ac-energiezentralen\/\"><\/a><div class=\"gb-inside-container\">\n<div class=\"gb-container gb-container-c51a427e\"><div class=\"gb-inside-container\">\n\n<figure class=\"gb-block-image gb-block-image-92ef0c3b\"><img loading=\"lazy\" decoding=\"async\" width=\"1000\" height=\"500\" class=\"gb-image gb-image-92ef0c3b\" src=\"https:\/\/emea.technetix.com\/wp-content\/uploads\/sites\/2\/2025\/09\/LBACG_2560_PRFL_07_edited-20240806-1-1.png\" alt=\"\" title=\"LBACG_2560_PRFL_07_edited-20240806-1 (1)\" srcset=\"https:\/\/emea.technetix.com\/wp-content\/uploads\/sites\/2\/2025\/09\/LBACG_2560_PRFL_07_edited-20240806-1-1.png 1000w, https:\/\/emea.technetix.com\/wp-content\/uploads\/sites\/2\/2025\/09\/LBACG_2560_PRFL_07_edited-20240806-1-1-300x150.png 300w, https:\/\/emea.technetix.com\/wp-content\/uploads\/sites\/2\/2025\/09\/LBACG_2560_PRFL_07_edited-20240806-1-1-768x384.png 768w, https:\/\/emea.technetix.com\/wp-content\/uploads\/sites\/2\/2025\/09\/LBACG_2560_PRFL_07_edited-20240806-1-1-600x300.png 600w\" sizes=\"auto, (max-width: 1000px) 100vw, 1000px\" \/><\/figure>\n\n\n\n<h2 class=\"gb-headline gb-headline-8057c017 gb-headline-text\">Portable AC-Energiezentralen<\/h2>\n\n\n\n<p class=\"gb-headline gb-headline-380a8e6b gb-headline-text\"><\/p>\n\n<\/div><\/div>\n<\/div><\/div><\/div>\n\n<div class=\"gb-grid-column gb-grid-column-0960c838\"><div class=\"gb-container gb-container-0960c838 image-link-block\"><a class=\"gb-container-link\" href=\"https:\/\/emea.technetix.com\/de\/stromversorgungsloesungen\/portable-energiezentralen\/portable-lifepo4-3600-wh-100-ah-36-vdc-breitband-batteriezentralen-lbbg-3600\"><\/a><div class=\"gb-inside-container\">\n<div class=\"gb-container gb-container-df6cbcc9\"><div class=\"gb-inside-container\">\n\n<figure class=\"gb-block-image gb-block-image-6787b70f\"><img loading=\"lazy\" decoding=\"async\" width=\"1000\" height=\"500\" class=\"gb-image gb-image-6787b70f\" src=\"https:\/\/emea.technetix.com\/wp-content\/uploads\/sites\/2\/2023\/12\/0011_Portable-LiFePO4-2560.png\" alt=\"\" title=\"0011_Portable-LiFePO4-2560\" srcset=\"https:\/\/emea.technetix.com\/wp-content\/uploads\/sites\/2\/2023\/12\/0011_Portable-LiFePO4-2560.png 1000w, https:\/\/emea.technetix.com\/wp-content\/uploads\/sites\/2\/2023\/12\/0011_Portable-LiFePO4-2560-300x150.png 300w, https:\/\/emea.technetix.com\/wp-content\/uploads\/sites\/2\/2023\/12\/0011_Portable-LiFePO4-2560-768x384.png 768w, https:\/\/emea.technetix.com\/wp-content\/uploads\/sites\/2\/2023\/12\/0011_Portable-LiFePO4-2560-600x300.png 600w\" sizes=\"auto, (max-width: 1000px) 100vw, 1000px\" \/><\/figure>\n\n\n\n<h2 class=\"gb-headline gb-headline-7341686a gb-headline-text\">Portable Breitband-Batteriezentralen<\/h2>\n\n\n\n<p class=\"gb-headline gb-headline-78d5eadf gb-headline-text\"><\/p>\n\n<\/div><\/div>\n<\/div><\/div><\/div>\n<\/div>\n<\/div>","protected":false},"excerpt":{"rendered":"<p>&nbsp;Portable Energiezentralen Bereitstellung gr\u00fcner, sauberer Energie f\u00fcr Netzwerke und Gemeinden in Krisensituationen \u00fcber tragbare Lithium-Eisenphosphat-Energiezentren, die schnell eingesetzt werden k\u00f6nnen. L\u00f6sungen mit hoher Energiedichte ersetzen gasbetriebene Generatoren.<\/p>\n","protected":false},"author":21,"featured_media":0,"parent":432986,"menu_order":0,"comment_status":"closed","ping_status":"closed","template":"","meta":{"_acf_changed":false,"_gspb_post_css":"","footnotes":""},"class_list":["post-434305","page","type-page","status-publish"],"yoast_head":"<!-- This site is optimized with the Yoast SEO Premium plugin v22.5 (Yoast SEO v27.4) - https:\/\/yoast.com\/product\/yoast-seo-premium-wordpress\/ -->\n<title>\u00a0Portable Energiezentralen - Technetix EMEA<\/title>\n<meta name=\"robots\" content=\"index, follow, max-snippet:-1, max-image-preview:large, max-video-preview:-1\" \/>\n<link rel=\"canonical\" href=\"https:\/\/emea.technetix.com\/de\/stromversorgungsloesungen\/portable-energiezentralen\/\" \/>\n<meta property=\"og:locale\" content=\"de_DE\" \/>\n<meta property=\"og:type\" content=\"article\" \/>\n<meta property=\"og:title\" content=\"\u00a0Portable Energiezentralen - Technetix EMEA\" \/>\n<meta property=\"og:description\" content=\"&nbsp;Portable Energiezentralen Bereitstellung gr\u00fcner, sauberer Energie f\u00fcr Netzwerke und Gemeinden in Krisensituationen \u00fcber tragbare Lithium-Eisenphosphat-Energiezentren, die schnell eingesetzt werden k\u00f6nnen. L\u00f6sungen mit hoher Energiedichte ersetzen gasbetriebene Generatoren.\" \/>\n<meta property=\"og:url\" content=\"https:\/\/emea.technetix.com\/de\/stromversorgungsloesungen\/portable-energiezentralen\/\" \/>\n<meta property=\"og:site_name\" content=\"Technetix EMEA\" \/>\n<meta property=\"article:modified_time\" content=\"2025-09-25T12:47:57+00:00\" \/>\n<meta property=\"og:image\" content=\"https:\/\/emea.technetix.com\/wp-content\/uploads\/sites\/2\/2025\/09\/LBACG_2560_PRFL_07_edited-20240806-1-1.png\" \/>\n<meta name=\"twitter:card\" content=\"summary_large_image\" \/>\n<meta name=\"twitter:site\" content=\"@technetixgroup\" \/>\n<meta name=\"twitter:label1\" content=\"Gesch\u00e4tzte Lesezeit\" \/>\n\t<meta name=\"twitter:data1\" content=\"1\u00a0Minute\" \/>\n<script type=\"application\/ld+json\" class=\"yoast-schema-graph\">{\"@context\":\"https:\\\/\\\/schema.org\",\"@graph\":[{\"@type\":\"WebPage\",\"@id\":\"https:\\\/\\\/emea.technetix.com\\\/de\\\/stromversorgungsloesungen\\\/portable-energiezentralen\\\/\",\"url\":\"https:\\\/\\\/emea.technetix.com\\\/de\\\/stromversorgungsloesungen\\\/portable-energiezentralen\\\/\",\"name\":\"\u00a0Portable Energiezentralen - Technetix EMEA\",\"isPartOf\":{\"@id\":\"https:\\\/\\\/emea.technetix.com\\\/de\\\/#website\"},\"primaryImageOfPage\":{\"@id\":\"https:\\\/\\\/emea.technetix.com\\\/de\\\/stromversorgungsloesungen\\\/portable-energiezentralen\\\/#primaryimage\"},\"image\":{\"@id\":\"https:\\\/\\\/emea.technetix.com\\\/de\\\/stromversorgungsloesungen\\\/portable-energiezentralen\\\/#primaryimage\"},\"thumbnailUrl\":\"https:\\\/\\\/emea.technetix.com\\\/wp-content\\\/uploads\\\/sites\\\/2\\\/2025\\\/09\\\/LBACG_2560_PRFL_07_edited-20240806-1-1.png\",\"datePublished\":\"2023-11-09T13:09:59+00:00\",\"dateModified\":\"2025-09-25T12:47:57+00:00\",\"breadcrumb\":{\"@id\":\"https:\\\/\\\/emea.technetix.com\\\/de\\\/stromversorgungsloesungen\\\/portable-energiezentralen\\\/#breadcrumb\"},\"inLanguage\":\"de\",\"potentialAction\":[{\"@type\":\"ReadAction\",\"target\":[\"https:\\\/\\\/emea.technetix.com\\\/de\\\/stromversorgungsloesungen\\\/portable-energiezentralen\\\/\"]}]},{\"@type\":\"ImageObject\",\"inLanguage\":\"de\",\"@id\":\"https:\\\/\\\/emea.technetix.com\\\/de\\\/stromversorgungsloesungen\\\/portable-energiezentralen\\\/#primaryimage\",\"url\":\"https:\\\/\\\/emea.technetix.com\\\/wp-content\\\/uploads\\\/sites\\\/2\\\/2025\\\/09\\\/LBACG_2560_PRFL_07_edited-20240806-1-1.png\",\"contentUrl\":\"https:\\\/\\\/emea.technetix.com\\\/wp-content\\\/uploads\\\/sites\\\/2\\\/2025\\\/09\\\/LBACG_2560_PRFL_07_edited-20240806-1-1.png\"},{\"@type\":\"BreadcrumbList\",\"@id\":\"https:\\\/\\\/emea.technetix.com\\\/de\\\/stromversorgungsloesungen\\\/portable-energiezentralen\\\/#breadcrumb\",\"itemListElement\":[{\"@type\":\"ListItem\",\"position\":1,\"name\":\"Home\",\"item\":\"https:\\\/\\\/emea.technetix.com\\\/de\\\/\"},{\"@type\":\"ListItem\",\"position\":2,\"name\":\"Stromversorgungsl\u00f6sungen\",\"item\":\"https:\\\/\\\/emea.technetix.com\\\/de\\\/stromversorgungsloesungen\\\/\"},{\"@type\":\"ListItem\",\"position\":3,\"name\":\"\u00a0Portable Energiezentralen\"}]},{\"@type\":\"WebSite\",\"@id\":\"https:\\\/\\\/emea.technetix.com\\\/de\\\/#website\",\"url\":\"https:\\\/\\\/emea.technetix.com\\\/de\\\/\",\"name\":\"Technetix\",\"description\":\"Next-generation broadband equipment engineering\",\"publisher\":{\"@id\":\"https:\\\/\\\/emea.technetix.com\\\/de\\\/#organization\"},\"potentialAction\":[{\"@type\":\"SearchAction\",\"target\":{\"@type\":\"EntryPoint\",\"urlTemplate\":\"https:\\\/\\\/emea.technetix.com\\\/de\\\/?s={search_term_string}\"},\"query-input\":{\"@type\":\"PropertyValueSpecification\",\"valueRequired\":true,\"valueName\":\"search_term_string\"}}],\"inLanguage\":\"de\"},{\"@type\":\"Organization\",\"@id\":\"https:\\\/\\\/emea.technetix.com\\\/de\\\/#organization\",\"name\":\"Technetix\",\"url\":\"https:\\\/\\\/emea.technetix.com\\\/de\\\/\",\"logo\":{\"@type\":\"ImageObject\",\"inLanguage\":\"de\",\"@id\":\"https:\\\/\\\/emea.technetix.com\\\/de\\\/#\\\/schema\\\/logo\\\/image\\\/\",\"url\":\"https:\\\/\\\/emea.technetix.com\\\/wp-content\\\/uploads\\\/sites\\\/2\\\/2023\\\/06\\\/logo-Technetix-1000x1000-1.png\",\"contentUrl\":\"https:\\\/\\\/emea.technetix.com\\\/wp-content\\\/uploads\\\/sites\\\/2\\\/2023\\\/06\\\/logo-Technetix-1000x1000-1.png\",\"width\":1000,\"height\":1000,\"caption\":\"Technetix\"},\"image\":{\"@id\":\"https:\\\/\\\/emea.technetix.com\\\/de\\\/#\\\/schema\\\/logo\\\/image\\\/\"},\"sameAs\":[\"https:\\\/\\\/x.com\\\/technetixgroup\",\"https:\\\/\\\/www.linkedin.com\\\/company\\\/technetix\\\/\",\"https:\\\/\\\/www.youtube.com\\\/c\\\/Technetix-group\"]}]}<\/script>\n<!-- \/ Yoast SEO Premium plugin. -->","yoast_head_json":{"title":"\u00a0Portable Energiezentralen - Technetix EMEA","robots":{"index":"index","follow":"follow","max-snippet":"max-snippet:-1","max-image-preview":"max-image-preview:large","max-video-preview":"max-video-preview:-1"},"canonical":"https:\/\/emea.technetix.com\/de\/stromversorgungsloesungen\/portable-energiezentralen\/","og_locale":"de_DE","og_type":"article","og_title":"\u00a0Portable Energiezentralen - Technetix EMEA","og_description":"&nbsp;Portable Energiezentralen Bereitstellung gr\u00fcner, sauberer Energie f\u00fcr Netzwerke und Gemeinden in Krisensituationen \u00fcber tragbare Lithium-Eisenphosphat-Energiezentren, die schnell eingesetzt werden k\u00f6nnen. L\u00f6sungen mit hoher Energiedichte ersetzen gasbetriebene Generatoren.","og_url":"https:\/\/emea.technetix.com\/de\/stromversorgungsloesungen\/portable-energiezentralen\/","og_site_name":"Technetix EMEA","article_modified_time":"2025-09-25T12:47:57+00:00","og_image":[{"url":"https:\/\/emea.technetix.com\/wp-content\/uploads\/sites\/2\/2025\/09\/LBACG_2560_PRFL_07_edited-20240806-1-1.png","type":"","width":"","height":""}],"twitter_card":"summary_large_image","twitter_site":"@technetixgroup","twitter_misc":{"Gesch\u00e4tzte Lesezeit":"1\u00a0Minute"},"schema":{"@context":"https:\/\/schema.org","@graph":[{"@type":"WebPage","@id":"https:\/\/emea.technetix.com\/de\/stromversorgungsloesungen\/portable-energiezentralen\/","url":"https:\/\/emea.technetix.com\/de\/stromversorgungsloesungen\/portable-energiezentralen\/","name":"\u00a0Portable Energiezentralen - Technetix EMEA","isPartOf":{"@id":"https:\/\/emea.technetix.com\/de\/#website"},"primaryImageOfPage":{"@id":"https:\/\/emea.technetix.com\/de\/stromversorgungsloesungen\/portable-energiezentralen\/#primaryimage"},"image":{"@id":"https:\/\/emea.technetix.com\/de\/stromversorgungsloesungen\/portable-energiezentralen\/#primaryimage"},"thumbnailUrl":"https:\/\/emea.technetix.com\/wp-content\/uploads\/sites\/2\/2025\/09\/LBACG_2560_PRFL_07_edited-20240806-1-1.png","datePublished":"2023-11-09T13:09:59+00:00","dateModified":"2025-09-25T12:47:57+00:00","breadcrumb":{"@id":"https:\/\/emea.technetix.com\/de\/stromversorgungsloesungen\/portable-energiezentralen\/#breadcrumb"},"inLanguage":"de","potentialAction":[{"@type":"ReadAction","target":["https:\/\/emea.technetix.com\/de\/stromversorgungsloesungen\/portable-energiezentralen\/"]}]},{"@type":"ImageObject","inLanguage":"de","@id":"https:\/\/emea.technetix.com\/de\/stromversorgungsloesungen\/portable-energiezentralen\/#primaryimage","url":"https:\/\/emea.technetix.com\/wp-content\/uploads\/sites\/2\/2025\/09\/LBACG_2560_PRFL_07_edited-20240806-1-1.png","contentUrl":"https:\/\/emea.technetix.com\/wp-content\/uploads\/sites\/2\/2025\/09\/LBACG_2560_PRFL_07_edited-20240806-1-1.png"},{"@type":"BreadcrumbList","@id":"https:\/\/emea.technetix.com\/de\/stromversorgungsloesungen\/portable-energiezentralen\/#breadcrumb","itemListElement":[{"@type":"ListItem","position":1,"name":"Home","item":"https:\/\/emea.technetix.com\/de\/"},{"@type":"ListItem","position":2,"name":"Stromversorgungsl\u00f6sungen","item":"https:\/\/emea.technetix.com\/de\/stromversorgungsloesungen\/"},{"@type":"ListItem","position":3,"name":"\u00a0Portable Energiezentralen"}]},{"@type":"WebSite","@id":"https:\/\/emea.technetix.com\/de\/#website","url":"https:\/\/emea.technetix.com\/de\/","name":"Technetix","description":"Next-generation broadband equipment engineering","publisher":{"@id":"https:\/\/emea.technetix.com\/de\/#organization"},"potentialAction":[{"@type":"SearchAction","target":{"@type":"EntryPoint","urlTemplate":"https:\/\/emea.technetix.com\/de\/?s={search_term_string}"},"query-input":{"@type":"PropertyValueSpecification","valueRequired":true,"valueName":"search_term_string"}}],"inLanguage":"de"},{"@type":"Organization","@id":"https:\/\/emea.technetix.com\/de\/#organization","name":"Technetix","url":"https:\/\/emea.technetix.com\/de\/","logo":{"@type":"ImageObject","inLanguage":"de","@id":"https:\/\/emea.technetix.com\/de\/#\/schema\/logo\/image\/","url":"https:\/\/emea.technetix.com\/wp-content\/uploads\/sites\/2\/2023\/06\/logo-Technetix-1000x1000-1.png","contentUrl":"https:\/\/emea.technetix.com\/wp-content\/uploads\/sites\/2\/2023\/06\/logo-Technetix-1000x1000-1.png","width":1000,"height":1000,"caption":"Technetix"},"image":{"@id":"https:\/\/emea.technetix.com\/de\/#\/schema\/logo\/image\/"},"sameAs":["https:\/\/x.com\/technetixgroup","https:\/\/www.linkedin.com\/company\/technetix\/","https:\/\/www.youtube.com\/c\/Technetix-group"]}]}},"acf":[],"publishpress_future_workflow_manual_trigger":{"enabledWorkflows":[]},"_links":{"self":[{"href":"https:\/\/emea.technetix.com\/de\/wp-json\/wp\/v2\/pages\/434305","targetHints":{"allow":["GET"]}}],"collection":[{"href":"https:\/\/emea.technetix.com\/de\/wp-json\/wp\/v2\/pages"}],"about":[{"href":"https:\/\/emea.technetix.com\/de\/wp-json\/wp\/v2\/types\/page"}],"author":[{"embeddable":true,"href":"https:\/\/emea.technetix.com\/de\/wp-json\/wp\/v2\/users\/21"}],"replies":[{"embeddable":true,"href":"https:\/\/emea.technetix.com\/de\/wp-json\/wp\/v2\/comments?post=434305"}],"version-history":[{"count":0,"href":"https:\/\/emea.technetix.com\/de\/wp-json\/wp\/v2\/pages\/434305\/revisions"}],"up":[{"embeddable":true,"href":"https:\/\/emea.technetix.com\/de\/wp-json\/wp\/v2\/pages\/432986"}],"wp:attachment":[{"href":"https:\/\/emea.technetix.com\/de\/wp-json\/wp\/v2\/media?parent=434305"}],"curies":[{"name":"wp","href":"https:\/\/api.w.org\/{rel}","templated":true}]}}