{"id":434134,"date":"2023-11-09T10:12:04","date_gmt":"2023-11-09T10:12:04","guid":{"rendered":"https:\/\/emea.technetix.com\/lifep04-breitband-standby-batterien\/36-vdc-100-ah-lifep04-breitband-standby-batterie-lblifepo4-36v100ah\/"},"modified":"2025-05-14T14:40:15","modified_gmt":"2025-05-14T14:40:15","slug":"36-vdc-100-ah-lifep04-breitband-standby-batterie-lblifepo4-36v100ah","status":"publish","type":"page","link":"https:\/\/emea.technetix.com\/de\/stromversorgungsloesungen\/lifep04-breitband-standby-batterien\/36-vdc-100-ah-lifep04-breitband-standby-batterie-lblifepo4-36v100ah\/","title":{"rendered":"36 VDC, 100 Ah LiFeP04 Breitband Standby-Batterie (LBLIFEP04-36V100AHB\/36V100AHBTH)"},"content":{"rendered":"<div class=\"gb-container gb-container-a2efb66f gb-container-wide-back-page-con\" id=\"content\">\n<div class=\"gb-grid-wrapper gb-grid-wrapper-5efcc144\">\n<div class=\"gb-grid-column gb-grid-column-6e2f42ae\"><div class=\"gb-container gb-container-6e2f42ae\" id=\"image-col\"><div class=\"gb-inside-container\">\n\n<figure class=\"gb-block-image gb-block-image-61e35e7d\"><img loading=\"lazy\" decoding=\"async\" width=\"2704\" height=\"1523\" class=\"gb-image gb-image-61e35e7d\" src=\"https:\/\/emea.technetix.com\/wp-content\/uploads\/sites\/2\/2025\/01\/19204248_LBLIFEPO4-36V100AH_front_angled.png\" alt=\"Technetix LBLIFEPO4-36V100AH\" srcset=\"https:\/\/emea.technetix.com\/wp-content\/uploads\/sites\/2\/2025\/01\/19204248_LBLIFEPO4-36V100AH_front_angled.png 2704w, https:\/\/emea.technetix.com\/wp-content\/uploads\/sites\/2\/2025\/01\/19204248_LBLIFEPO4-36V100AH_front_angled-300x169.png 300w, https:\/\/emea.technetix.com\/wp-content\/uploads\/sites\/2\/2025\/01\/19204248_LBLIFEPO4-36V100AH_front_angled-1024x577.png 1024w, https:\/\/emea.technetix.com\/wp-content\/uploads\/sites\/2\/2025\/01\/19204248_LBLIFEPO4-36V100AH_front_angled-768x433.png 768w, https:\/\/emea.technetix.com\/wp-content\/uploads\/sites\/2\/2025\/01\/19204248_LBLIFEPO4-36V100AH_front_angled-1536x865.png 1536w, https:\/\/emea.technetix.com\/wp-content\/uploads\/sites\/2\/2025\/01\/19204248_LBLIFEPO4-36V100AH_front_angled-2048x1154.png 2048w, https:\/\/emea.technetix.com\/wp-content\/uploads\/sites\/2\/2025\/01\/19204248_LBLIFEPO4-36V100AH_front_angled-600x338.png 600w\" sizes=\"auto, (max-width: 2704px) 100vw, 2704px\" \/><\/figure>\n\n<\/div><\/div><\/div>\n\n<div class=\"gb-grid-column gb-grid-column-cb46cc96\"><div class=\"gb-container gb-container-cb46cc96\" id=\"content-col\"><div class=\"gb-inside-container\">\n<h2 class=\"gb-headline gb-headline-d02c52e4 gb-headline-text\">36 VDC, 100 Ah LiFeP04 Breitband Standby-Batterie (LBLIFEP04-36V100AHB\/36V100AHBTH)<\/h2>\n\n\n<p>Die n\u00e4chste Generation von Lithium-Eisen-Phosphat-Batterien f\u00fcr Standby Versorgungs-anwendungen. Passt in das Batteriefach eines einzelnen Aussengeh\u00e4uses und ersetzt drei 12 VDC Bleis\u00e4ure-VRLA-Batterien, die zur Generierung eines Strangs mit 36 VDC in Reihe geschaltet sind. Stellt eine nachhaltige Standby-Unterst\u00fctzung f\u00fcr die HFC-Stromversorgung bereit und bietet dabei gleichzeitig eine hervorragende Leistung.  <\/p>\n\n\n\n<ul class=\"wp-block-list\">\n<li>Extrem hohe Energiedichte mit bis zu 90 % DoD<\/li>\n\n\n\n<li>Zertifiziert entsprechend ANSI\/CAN\/UL 1.973 and CE<\/li>\n\n\n\n<li>100 % wiederverwertbar, bleifrei, ohne Grundwasser-verschmutzendes Quecksilber, Kadmium, Kobalt oder seltene Erden<\/li>\n\n\n\n<li>10x l\u00e4ngere Lebensdauer als VRLA, 3x l\u00e4ngere Lebensdauer als NMC<\/li>\n<\/ul>\n\n<\/div><\/div><\/div>\n<\/div>\n\n<div class=\"gb-container gb-container-dbeed0b8 gb-container-con-buttons-bottom\">\n\n<h2 class=\"gb-headline gb-headline-7ce6fa4b gb-headline-text gb-headline-head-bottom-buttons\">N\u00fctzliche Links<\/h2>\n\n\n<div class=\"gb-button-wrapper gb-button-wrapper-5300c273 gb-button-wrapper-after-con-buttons\">\n\n<a class=\"gb-button gb-button-3eadfa91 gb-button-text gb-button-bottom-button\" href=\"https:\/\/docs.technetix.com\/Use%20cases\/LiFePO4%20HB_UC_EN_V3.pdf\">LifePO4-Anwendungsfall<\/a>\n\n\n\n<a class=\"gb-button gb-button-a4ac17da gb-button-text gb-button-bottom-button\" href=\"https:\/\/emea.technetix.com\/wp-content\/uploads\/sites\/2\/2025\/05\/19204395_LBLIFEPO4-36V100AHB_V1_DS_EN.pdf\">Datenblatt<\/a>\n\n\n\n<a class=\"gb-button gb-button-74bfad52 gb-button-text gb-button-bottom-button\" href=\"https:\/\/emea.technetix.com\/de\/kontakt\/\">Kontakt<\/a>\n\n<\/div>\n<\/div>\n<\/div>","protected":false},"excerpt":{"rendered":"<p>N\u00fctzliche Links<\/p>\n","protected":false},"author":21,"featured_media":0,"parent":417321,"menu_order":0,"comment_status":"closed","ping_status":"closed","template":"","meta":{"_acf_changed":false,"_gspb_post_css":"","footnotes":""},"class_list":["post-434134","page","type-page","status-publish"],"yoast_head":"<!-- This site is optimized with the Yoast SEO Premium plugin v22.5 (Yoast SEO v27.4) - https:\/\/yoast.com\/product\/yoast-seo-premium-wordpress\/ -->\n<title>36 VDC, 100 Ah LiFeP04 Breitband Standby-Batterie (LBLIFEP04-36V100AHB\/36V100AHBTH) - Technetix EMEA<\/title>\n<meta name=\"robots\" content=\"index, follow, max-snippet:-1, max-image-preview:large, max-video-preview:-1\" \/>\n<link rel=\"canonical\" href=\"https:\/\/emea.technetix.com\/de\/stromversorgungsloesungen\/lifep04-breitband-standby-batterien\/36-vdc-100-ah-lifep04-breitband-standby-batterie-lblifepo4-36v100ah\/\" \/>\n<meta property=\"og:locale\" content=\"de_DE\" \/>\n<meta property=\"og:type\" content=\"article\" \/>\n<meta property=\"og:title\" content=\"36 VDC, 100 Ah LiFeP04 Breitband Standby-Batterie (LBLIFEP04-36V100AHB\/36V100AHBTH) - Technetix EMEA\" \/>\n<meta property=\"og:description\" content=\"N\u00fctzliche Links\" \/>\n<meta property=\"og:url\" content=\"https:\/\/emea.technetix.com\/de\/stromversorgungsloesungen\/lifep04-breitband-standby-batterien\/36-vdc-100-ah-lifep04-breitband-standby-batterie-lblifepo4-36v100ah\/\" \/>\n<meta property=\"og:site_name\" content=\"Technetix EMEA\" \/>\n<meta property=\"article:modified_time\" content=\"2025-05-14T14:40:15+00:00\" \/>\n<meta property=\"og:image\" content=\"https:\/\/emea.technetix.com\/wp-content\/uploads\/sites\/2\/2025\/01\/19204248_LBLIFEPO4-36V100AH_front_angled.png\" \/>\n<meta name=\"twitter:card\" content=\"summary_large_image\" \/>\n<meta name=\"twitter:site\" content=\"@technetixgroup\" \/>\n<meta name=\"twitter:label1\" content=\"Gesch\u00e4tzte Lesezeit\" \/>\n\t<meta name=\"twitter:data1\" content=\"1\u00a0Minute\" \/>\n<script type=\"application\/ld+json\" class=\"yoast-schema-graph\">{\"@context\":\"https:\\\/\\\/schema.org\",\"@graph\":[{\"@type\":\"WebPage\",\"@id\":\"https:\\\/\\\/emea.technetix.com\\\/de\\\/stromversorgungsloesungen\\\/lifep04-breitband-standby-batterien\\\/36-vdc-100-ah-lifep04-breitband-standby-batterie-lblifepo4-36v100ah\\\/\",\"url\":\"https:\\\/\\\/emea.technetix.com\\\/de\\\/stromversorgungsloesungen\\\/lifep04-breitband-standby-batterien\\\/36-vdc-100-ah-lifep04-breitband-standby-batterie-lblifepo4-36v100ah\\\/\",\"name\":\"36 VDC, 100 Ah LiFeP04 Breitband Standby-Batterie (LBLIFEP04-36V100AHB\\\/36V100AHBTH) - Technetix EMEA\",\"isPartOf\":{\"@id\":\"https:\\\/\\\/emea.technetix.com\\\/de\\\/#website\"},\"primaryImageOfPage\":{\"@id\":\"https:\\\/\\\/emea.technetix.com\\\/de\\\/stromversorgungsloesungen\\\/lifep04-breitband-standby-batterien\\\/36-vdc-100-ah-lifep04-breitband-standby-batterie-lblifepo4-36v100ah\\\/#primaryimage\"},\"image\":{\"@id\":\"https:\\\/\\\/emea.technetix.com\\\/de\\\/stromversorgungsloesungen\\\/lifep04-breitband-standby-batterien\\\/36-vdc-100-ah-lifep04-breitband-standby-batterie-lblifepo4-36v100ah\\\/#primaryimage\"},\"thumbnailUrl\":\"https:\\\/\\\/emea.technetix.com\\\/wp-content\\\/uploads\\\/sites\\\/2\\\/2025\\\/01\\\/19204248_LBLIFEPO4-36V100AH_front_angled.png\",\"datePublished\":\"2023-11-09T10:12:04+00:00\",\"dateModified\":\"2025-05-14T14:40:15+00:00\",\"breadcrumb\":{\"@id\":\"https:\\\/\\\/emea.technetix.com\\\/de\\\/stromversorgungsloesungen\\\/lifep04-breitband-standby-batterien\\\/36-vdc-100-ah-lifep04-breitband-standby-batterie-lblifepo4-36v100ah\\\/#breadcrumb\"},\"inLanguage\":\"de\",\"potentialAction\":[{\"@type\":\"ReadAction\",\"target\":[\"https:\\\/\\\/emea.technetix.com\\\/de\\\/stromversorgungsloesungen\\\/lifep04-breitband-standby-batterien\\\/36-vdc-100-ah-lifep04-breitband-standby-batterie-lblifepo4-36v100ah\\\/\"]}]},{\"@type\":\"ImageObject\",\"inLanguage\":\"de\",\"@id\":\"https:\\\/\\\/emea.technetix.com\\\/de\\\/stromversorgungsloesungen\\\/lifep04-breitband-standby-batterien\\\/36-vdc-100-ah-lifep04-breitband-standby-batterie-lblifepo4-36v100ah\\\/#primaryimage\",\"url\":\"https:\\\/\\\/emea.technetix.com\\\/wp-content\\\/uploads\\\/sites\\\/2\\\/2025\\\/01\\\/19204248_LBLIFEPO4-36V100AH_front_angled.png\",\"contentUrl\":\"https:\\\/\\\/emea.technetix.com\\\/wp-content\\\/uploads\\\/sites\\\/2\\\/2025\\\/01\\\/19204248_LBLIFEPO4-36V100AH_front_angled.png\"},{\"@type\":\"BreadcrumbList\",\"@id\":\"https:\\\/\\\/emea.technetix.com\\\/de\\\/stromversorgungsloesungen\\\/lifep04-breitband-standby-batterien\\\/36-vdc-100-ah-lifep04-breitband-standby-batterie-lblifepo4-36v100ah\\\/#breadcrumb\",\"itemListElement\":[{\"@type\":\"ListItem\",\"position\":1,\"name\":\"Home\",\"item\":\"https:\\\/\\\/emea.technetix.com\\\/de\\\/\"},{\"@type\":\"ListItem\",\"position\":2,\"name\":\"Stromversorgungsl\u00f6sungen\",\"item\":\"https:\\\/\\\/emea.technetix.com\\\/de\\\/stromversorgungsloesungen\\\/\"},{\"@type\":\"ListItem\",\"position\":3,\"name\":\"LiFeP04 Breitband Standby-Batterien\",\"item\":\"https:\\\/\\\/emea.technetix.com\\\/de\\\/stromversorgungsloesungen\\\/lifep04-breitband-standby-batterien\\\/\"},{\"@type\":\"ListItem\",\"position\":4,\"name\":\"36 VDC, 100 Ah LiFeP04 Breitband Standby-Batterie (LBLIFEP04-36V100AHB\\\/36V100AHBTH)\"}]},{\"@type\":\"WebSite\",\"@id\":\"https:\\\/\\\/emea.technetix.com\\\/de\\\/#website\",\"url\":\"https:\\\/\\\/emea.technetix.com\\\/de\\\/\",\"name\":\"Technetix\",\"description\":\"Next-generation broadband equipment engineering\",\"publisher\":{\"@id\":\"https:\\\/\\\/emea.technetix.com\\\/de\\\/#organization\"},\"potentialAction\":[{\"@type\":\"SearchAction\",\"target\":{\"@type\":\"EntryPoint\",\"urlTemplate\":\"https:\\\/\\\/emea.technetix.com\\\/de\\\/?s={search_term_string}\"},\"query-input\":{\"@type\":\"PropertyValueSpecification\",\"valueRequired\":true,\"valueName\":\"search_term_string\"}}],\"inLanguage\":\"de\"},{\"@type\":\"Organization\",\"@id\":\"https:\\\/\\\/emea.technetix.com\\\/de\\\/#organization\",\"name\":\"Technetix\",\"url\":\"https:\\\/\\\/emea.technetix.com\\\/de\\\/\",\"logo\":{\"@type\":\"ImageObject\",\"inLanguage\":\"de\",\"@id\":\"https:\\\/\\\/emea.technetix.com\\\/de\\\/#\\\/schema\\\/logo\\\/image\\\/\",\"url\":\"https:\\\/\\\/emea.technetix.com\\\/wp-content\\\/uploads\\\/sites\\\/2\\\/2023\\\/06\\\/logo-Technetix-1000x1000-1.png\",\"contentUrl\":\"https:\\\/\\\/emea.technetix.com\\\/wp-content\\\/uploads\\\/sites\\\/2\\\/2023\\\/06\\\/logo-Technetix-1000x1000-1.png\",\"width\":1000,\"height\":1000,\"caption\":\"Technetix\"},\"image\":{\"@id\":\"https:\\\/\\\/emea.technetix.com\\\/de\\\/#\\\/schema\\\/logo\\\/image\\\/\"},\"sameAs\":[\"https:\\\/\\\/x.com\\\/technetixgroup\",\"https:\\\/\\\/www.linkedin.com\\\/company\\\/technetix\\\/\",\"https:\\\/\\\/www.youtube.com\\\/c\\\/Technetix-group\"]}]}<\/script>\n<!-- \/ Yoast SEO Premium plugin. -->","yoast_head_json":{"title":"36 VDC, 100 Ah LiFeP04 Breitband Standby-Batterie (LBLIFEP04-36V100AHB\/36V100AHBTH) - Technetix EMEA","robots":{"index":"index","follow":"follow","max-snippet":"max-snippet:-1","max-image-preview":"max-image-preview:large","max-video-preview":"max-video-preview:-1"},"canonical":"https:\/\/emea.technetix.com\/de\/stromversorgungsloesungen\/lifep04-breitband-standby-batterien\/36-vdc-100-ah-lifep04-breitband-standby-batterie-lblifepo4-36v100ah\/","og_locale":"de_DE","og_type":"article","og_title":"36 VDC, 100 Ah LiFeP04 Breitband Standby-Batterie (LBLIFEP04-36V100AHB\/36V100AHBTH) - Technetix EMEA","og_description":"N\u00fctzliche Links","og_url":"https:\/\/emea.technetix.com\/de\/stromversorgungsloesungen\/lifep04-breitband-standby-batterien\/36-vdc-100-ah-lifep04-breitband-standby-batterie-lblifepo4-36v100ah\/","og_site_name":"Technetix EMEA","article_modified_time":"2025-05-14T14:40:15+00:00","og_image":[{"url":"https:\/\/emea.technetix.com\/wp-content\/uploads\/sites\/2\/2025\/01\/19204248_LBLIFEPO4-36V100AH_front_angled.png","type":"","width":"","height":""}],"twitter_card":"summary_large_image","twitter_site":"@technetixgroup","twitter_misc":{"Gesch\u00e4tzte Lesezeit":"1\u00a0Minute"},"schema":{"@context":"https:\/\/schema.org","@graph":[{"@type":"WebPage","@id":"https:\/\/emea.technetix.com\/de\/stromversorgungsloesungen\/lifep04-breitband-standby-batterien\/36-vdc-100-ah-lifep04-breitband-standby-batterie-lblifepo4-36v100ah\/","url":"https:\/\/emea.technetix.com\/de\/stromversorgungsloesungen\/lifep04-breitband-standby-batterien\/36-vdc-100-ah-lifep04-breitband-standby-batterie-lblifepo4-36v100ah\/","name":"36 VDC, 100 Ah LiFeP04 Breitband Standby-Batterie (LBLIFEP04-36V100AHB\/36V100AHBTH) - Technetix EMEA","isPartOf":{"@id":"https:\/\/emea.technetix.com\/de\/#website"},"primaryImageOfPage":{"@id":"https:\/\/emea.technetix.com\/de\/stromversorgungsloesungen\/lifep04-breitband-standby-batterien\/36-vdc-100-ah-lifep04-breitband-standby-batterie-lblifepo4-36v100ah\/#primaryimage"},"image":{"@id":"https:\/\/emea.technetix.com\/de\/stromversorgungsloesungen\/lifep04-breitband-standby-batterien\/36-vdc-100-ah-lifep04-breitband-standby-batterie-lblifepo4-36v100ah\/#primaryimage"},"thumbnailUrl":"https:\/\/emea.technetix.com\/wp-content\/uploads\/sites\/2\/2025\/01\/19204248_LBLIFEPO4-36V100AH_front_angled.png","datePublished":"2023-11-09T10:12:04+00:00","dateModified":"2025-05-14T14:40:15+00:00","breadcrumb":{"@id":"https:\/\/emea.technetix.com\/de\/stromversorgungsloesungen\/lifep04-breitband-standby-batterien\/36-vdc-100-ah-lifep04-breitband-standby-batterie-lblifepo4-36v100ah\/#breadcrumb"},"inLanguage":"de","potentialAction":[{"@type":"ReadAction","target":["https:\/\/emea.technetix.com\/de\/stromversorgungsloesungen\/lifep04-breitband-standby-batterien\/36-vdc-100-ah-lifep04-breitband-standby-batterie-lblifepo4-36v100ah\/"]}]},{"@type":"ImageObject","inLanguage":"de","@id":"https:\/\/emea.technetix.com\/de\/stromversorgungsloesungen\/lifep04-breitband-standby-batterien\/36-vdc-100-ah-lifep04-breitband-standby-batterie-lblifepo4-36v100ah\/#primaryimage","url":"https:\/\/emea.technetix.com\/wp-content\/uploads\/sites\/2\/2025\/01\/19204248_LBLIFEPO4-36V100AH_front_angled.png","contentUrl":"https:\/\/emea.technetix.com\/wp-content\/uploads\/sites\/2\/2025\/01\/19204248_LBLIFEPO4-36V100AH_front_angled.png"},{"@type":"BreadcrumbList","@id":"https:\/\/emea.technetix.com\/de\/stromversorgungsloesungen\/lifep04-breitband-standby-batterien\/36-vdc-100-ah-lifep04-breitband-standby-batterie-lblifepo4-36v100ah\/#breadcrumb","itemListElement":[{"@type":"ListItem","position":1,"name":"Home","item":"https:\/\/emea.technetix.com\/de\/"},{"@type":"ListItem","position":2,"name":"Stromversorgungsl\u00f6sungen","item":"https:\/\/emea.technetix.com\/de\/stromversorgungsloesungen\/"},{"@type":"ListItem","position":3,"name":"LiFeP04 Breitband Standby-Batterien","item":"https:\/\/emea.technetix.com\/de\/stromversorgungsloesungen\/lifep04-breitband-standby-batterien\/"},{"@type":"ListItem","position":4,"name":"36 VDC, 100 Ah LiFeP04 Breitband Standby-Batterie (LBLIFEP04-36V100AHB\/36V100AHBTH)"}]},{"@type":"WebSite","@id":"https:\/\/emea.technetix.com\/de\/#website","url":"https:\/\/emea.technetix.com\/de\/","name":"Technetix","description":"Next-generation broadband equipment engineering","publisher":{"@id":"https:\/\/emea.technetix.com\/de\/#organization"},"potentialAction":[{"@type":"SearchAction","target":{"@type":"EntryPoint","urlTemplate":"https:\/\/emea.technetix.com\/de\/?s={search_term_string}"},"query-input":{"@type":"PropertyValueSpecification","valueRequired":true,"valueName":"search_term_string"}}],"inLanguage":"de"},{"@type":"Organization","@id":"https:\/\/emea.technetix.com\/de\/#organization","name":"Technetix","url":"https:\/\/emea.technetix.com\/de\/","logo":{"@type":"ImageObject","inLanguage":"de","@id":"https:\/\/emea.technetix.com\/de\/#\/schema\/logo\/image\/","url":"https:\/\/emea.technetix.com\/wp-content\/uploads\/sites\/2\/2023\/06\/logo-Technetix-1000x1000-1.png","contentUrl":"https:\/\/emea.technetix.com\/wp-content\/uploads\/sites\/2\/2023\/06\/logo-Technetix-1000x1000-1.png","width":1000,"height":1000,"caption":"Technetix"},"image":{"@id":"https:\/\/emea.technetix.com\/de\/#\/schema\/logo\/image\/"},"sameAs":["https:\/\/x.com\/technetixgroup","https:\/\/www.linkedin.com\/company\/technetix\/","https:\/\/www.youtube.com\/c\/Technetix-group"]}]}},"acf":[],"publishpress_future_workflow_manual_trigger":{"enabledWorkflows":[]},"_links":{"self":[{"href":"https:\/\/emea.technetix.com\/de\/wp-json\/wp\/v2\/pages\/434134","targetHints":{"allow":["GET"]}}],"collection":[{"href":"https:\/\/emea.technetix.com\/de\/wp-json\/wp\/v2\/pages"}],"about":[{"href":"https:\/\/emea.technetix.com\/de\/wp-json\/wp\/v2\/types\/page"}],"author":[{"embeddable":true,"href":"https:\/\/emea.technetix.com\/de\/wp-json\/wp\/v2\/users\/21"}],"replies":[{"embeddable":true,"href":"https:\/\/emea.technetix.com\/de\/wp-json\/wp\/v2\/comments?post=434134"}],"version-history":[{"count":0,"href":"https:\/\/emea.technetix.com\/de\/wp-json\/wp\/v2\/pages\/434134\/revisions"}],"up":[{"embeddable":true,"href":"https:\/\/emea.technetix.com\/de\/wp-json\/wp\/v2\/pages\/417321"}],"wp:attachment":[{"href":"https:\/\/emea.technetix.com\/de\/wp-json\/wp\/v2\/media?parent=434134"}],"curies":[{"name":"wp","href":"https:\/\/api.w.org\/{rel}","templated":true}]}}