{"id":428690,"date":"2024-01-30T11:41:03","date_gmt":"2024-01-30T11:41:03","guid":{"rendered":"https:\/\/emea.technetix.com\/lifep04-broadband-standby-batterien\/12-vdc-100-ah-lifep04-broadband-standby-battery-lblifep04-12v100ah\/"},"modified":"2025-01-23T16:14:29","modified_gmt":"2025-01-23T16:14:29","slug":"12-vdc-100-ah-lifep04-breitband-standby-batterie-lblifep04-12v100ah","status":"publish","type":"page","link":"https:\/\/emea.technetix.com\/de\/stromversorgungsloesungen\/lifep04-breitband-standby-batterien\/12-vdc-100-ah-lifep04-breitband-standby-batterie-lblifep04-12v100ah\/","title":{"rendered":"12 VDC, 100 Ah LiFeP04 Breitband Standby-Batterie (LBLIFEP04-12V100AH)"},"content":{"rendered":"<div class=\"gb-container gb-container-a2efb66f gb-container-wide-back-page-con\" id=\"content\">\n<div class=\"gb-grid-wrapper gb-grid-wrapper-5efcc144\">\n<div class=\"gb-grid-column gb-grid-column-6e2f42ae\"><div class=\"gb-container gb-container-6e2f42ae\" id=\"image-col\"><div class=\"gb-inside-container\">\n\n<figure class=\"gb-block-image gb-block-image-61e35e7d\"><img loading=\"lazy\" decoding=\"async\" width=\"1000\" height=\"500\" class=\"gb-image gb-image-61e35e7d\" src=\"https:\/\/emea.technetix.com\/wp-content\/uploads\/sites\/2\/2025\/01\/19204264_LBLIFE-P04-12V-100AH_PRFL_01.png\" alt=\"Technetix LBLIFE-P04-12V-100AH\" srcset=\"https:\/\/emea.technetix.com\/wp-content\/uploads\/sites\/2\/2025\/01\/19204264_LBLIFE-P04-12V-100AH_PRFL_01.png 1000w, https:\/\/emea.technetix.com\/wp-content\/uploads\/sites\/2\/2025\/01\/19204264_LBLIFE-P04-12V-100AH_PRFL_01-300x150.png 300w, https:\/\/emea.technetix.com\/wp-content\/uploads\/sites\/2\/2025\/01\/19204264_LBLIFE-P04-12V-100AH_PRFL_01-768x384.png 768w, https:\/\/emea.technetix.com\/wp-content\/uploads\/sites\/2\/2025\/01\/19204264_LBLIFE-P04-12V-100AH_PRFL_01-600x300.png 600w\" sizes=\"auto, (max-width: 1000px) 100vw, 1000px\" \/><\/figure>\n\n<\/div><\/div><\/div>\n\n<div class=\"gb-grid-column gb-grid-column-cb46cc96\"><div class=\"gb-container gb-container-cb46cc96\" id=\"content-col\"><div class=\"gb-inside-container\">\n<h2 class=\"gb-headline gb-headline-de5f9b1e gb-headline-text\">12 VDC, 100 Ah LiFeP04 Breitband Standby-Batterie (LBLIFEP04-12V100AH)<\/h2>\n\n\n<p>Eine Standby-Batterie mit hoher Energiedichte auf Lithium-Eisen-Phosphat-Basis f\u00fcr Standby-Versorgungsanwendungen. Eine Batterie mit ultrahoher Kapazit\u00e4t bietet eine hervorragende Leistung f\u00fcr die saubere und nachhaltige Unterst\u00fctzung der Standby-Versorgung des HFC-Netzwerks. Eine extrem hohe Energieleistung mit bis zu 90 % DoD bietet eine l\u00e4ngere Laufzeit und verbesserte Netzwerkzuverl\u00e4ssigkeit mit einem geringen bis keinem Wartungsaufwand.  <\/p>\n\n\n\n<ul class=\"wp-block-list\">\n<li>Fortschrittliches BMS mit Bluetooth-Verbindung<\/li>\n\n\n\n<li>100 % recyclebar, bleifrei, ohne Grundwasser-verschmutzendes Quecksilber, Kadmium, Kobalt oder seltene Erden<\/li>\n\n\n\n<li>Bleis\u00e4ure-Batterien enthalten keine sch\u00e4dlichen \u00e4tzenden Gase und keinen explosiven Wasserstoff<\/li>\n\n\n\n<li>4x k\u00fcrzere Ladezeit im Vergleich zu VRLA sowie nur eine minimale Auswirkung hoher Entladeraten auf die Batterielebensdauer<\/li>\n\n\n\n<li>Keine Erhaltungsladung erforderlich: dies verringert den Energiebedarf im Betrieb<\/li>\n<\/ul>\n\n<\/div><\/div><\/div>\n<\/div>\n<\/div>\n\n<div class=\"gb-container gb-container-e4a86c09 gb-container-con-buttons-bottom\" id=\"buttons\">\n<div class=\"gb-container gb-container-dbeed0b8 gb-container-con-buttons-bottom\">\n\n<h2 class=\"gb-headline gb-headline-c57984e3 gb-headline-text gb-headline-head-bottom-buttons\">N\u00fctzliche Links<\/h2>\n\n\n<div class=\"gb-button-wrapper gb-button-wrapper-1c7dbdfd gb-button-wrapper-after-con-buttons\">\n\n<a class=\"gb-button gb-button-3eadfa91 gb-button-text gb-button-bottom-button\" href=\"https:\/\/emea.technetix.com\/wp-content\/uploads\/sites\/2\/2024\/01\/LBLIFEPO4-12V344AH_V1_DS_EN.pdf\" target=\"_blank\" rel=\"noopener noreferrer\">Datenblatt<\/a>\n\n\n\n<a class=\"gb-button gb-button-74bfad52 gb-button-text gb-button-bottom-button\" href=\"https:\/\/emea.technetix.com\/wp-content\/uploads\/sites\/2\/2025\/01\/LBLIFEPO4-12V100AH_V1_DS_EN-2.pdf\">Datenblatt<\/a>\n\n\n\n<a class=\"gb-button gb-button-0d0de3d8 gb-button-text gb-button-bottom-button\" href=\"https:\/\/emea.technetix.com\/de\/kontakt\/\">Kontakt<\/a>\n\n<\/div>\n<\/div>\n<\/div>","protected":false},"excerpt":{"rendered":"<p>N\u00fctzliche Links<\/p>\n","protected":false},"author":21,"featured_media":0,"parent":417321,"menu_order":0,"comment_status":"closed","ping_status":"closed","template":"","meta":{"_acf_changed":false,"_gspb_post_css":"","footnotes":""},"class_list":["post-428690","page","type-page","status-publish"],"yoast_head":"<!-- This site is optimized with the Yoast SEO Premium plugin v22.5 (Yoast SEO v27.4) - https:\/\/yoast.com\/product\/yoast-seo-premium-wordpress\/ -->\n<title>12 VDC, 100 Ah LiFeP04 Breitband Standby-Batterie (LBLIFEP04-12V100AH) - Technetix EMEA<\/title>\n<meta name=\"robots\" content=\"index, follow, max-snippet:-1, max-image-preview:large, max-video-preview:-1\" \/>\n<link rel=\"canonical\" href=\"https:\/\/emea.technetix.com\/de\/stromversorgungsloesungen\/lifep04-breitband-standby-batterien\/12-vdc-100-ah-lifep04-breitband-standby-batterie-lblifep04-12v100ah\/\" \/>\n<meta property=\"og:locale\" content=\"de_DE\" \/>\n<meta property=\"og:type\" content=\"article\" \/>\n<meta property=\"og:title\" content=\"12 VDC, 100 Ah LiFeP04 Breitband Standby-Batterie (LBLIFEP04-12V100AH) - Technetix EMEA\" \/>\n<meta property=\"og:description\" content=\"N\u00fctzliche Links\" \/>\n<meta property=\"og:url\" content=\"https:\/\/emea.technetix.com\/de\/stromversorgungsloesungen\/lifep04-breitband-standby-batterien\/12-vdc-100-ah-lifep04-breitband-standby-batterie-lblifep04-12v100ah\/\" \/>\n<meta property=\"og:site_name\" content=\"Technetix EMEA\" \/>\n<meta property=\"article:modified_time\" content=\"2025-01-23T16:14:29+00:00\" \/>\n<meta property=\"og:image\" content=\"https:\/\/emea.technetix.com\/wp-content\/uploads\/sites\/2\/2025\/01\/19204264_LBLIFE-P04-12V-100AH_PRFL_01.png\" \/>\n<meta name=\"twitter:card\" content=\"summary_large_image\" \/>\n<meta name=\"twitter:site\" content=\"@technetixgroup\" \/>\n<meta name=\"twitter:label1\" content=\"Gesch\u00e4tzte Lesezeit\" \/>\n\t<meta name=\"twitter:data1\" content=\"1\u00a0Minute\" \/>\n<script type=\"application\/ld+json\" class=\"yoast-schema-graph\">{\"@context\":\"https:\\\/\\\/schema.org\",\"@graph\":[{\"@type\":\"WebPage\",\"@id\":\"https:\\\/\\\/emea.technetix.com\\\/de\\\/stromversorgungsloesungen\\\/lifep04-breitband-standby-batterien\\\/12-vdc-100-ah-lifep04-breitband-standby-batterie-lblifep04-12v100ah\\\/\",\"url\":\"https:\\\/\\\/emea.technetix.com\\\/de\\\/stromversorgungsloesungen\\\/lifep04-breitband-standby-batterien\\\/12-vdc-100-ah-lifep04-breitband-standby-batterie-lblifep04-12v100ah\\\/\",\"name\":\"12 VDC, 100 Ah LiFeP04 Breitband Standby-Batterie (LBLIFEP04-12V100AH) - Technetix EMEA\",\"isPartOf\":{\"@id\":\"https:\\\/\\\/emea.technetix.com\\\/de\\\/#website\"},\"primaryImageOfPage\":{\"@id\":\"https:\\\/\\\/emea.technetix.com\\\/de\\\/stromversorgungsloesungen\\\/lifep04-breitband-standby-batterien\\\/12-vdc-100-ah-lifep04-breitband-standby-batterie-lblifep04-12v100ah\\\/#primaryimage\"},\"image\":{\"@id\":\"https:\\\/\\\/emea.technetix.com\\\/de\\\/stromversorgungsloesungen\\\/lifep04-breitband-standby-batterien\\\/12-vdc-100-ah-lifep04-breitband-standby-batterie-lblifep04-12v100ah\\\/#primaryimage\"},\"thumbnailUrl\":\"https:\\\/\\\/emea.technetix.com\\\/wp-content\\\/uploads\\\/sites\\\/2\\\/2025\\\/01\\\/19204264_LBLIFE-P04-12V-100AH_PRFL_01.png\",\"datePublished\":\"2024-01-30T11:41:03+00:00\",\"dateModified\":\"2025-01-23T16:14:29+00:00\",\"breadcrumb\":{\"@id\":\"https:\\\/\\\/emea.technetix.com\\\/de\\\/stromversorgungsloesungen\\\/lifep04-breitband-standby-batterien\\\/12-vdc-100-ah-lifep04-breitband-standby-batterie-lblifep04-12v100ah\\\/#breadcrumb\"},\"inLanguage\":\"de\",\"potentialAction\":[{\"@type\":\"ReadAction\",\"target\":[\"https:\\\/\\\/emea.technetix.com\\\/de\\\/stromversorgungsloesungen\\\/lifep04-breitband-standby-batterien\\\/12-vdc-100-ah-lifep04-breitband-standby-batterie-lblifep04-12v100ah\\\/\"]}]},{\"@type\":\"ImageObject\",\"inLanguage\":\"de\",\"@id\":\"https:\\\/\\\/emea.technetix.com\\\/de\\\/stromversorgungsloesungen\\\/lifep04-breitband-standby-batterien\\\/12-vdc-100-ah-lifep04-breitband-standby-batterie-lblifep04-12v100ah\\\/#primaryimage\",\"url\":\"https:\\\/\\\/emea.technetix.com\\\/wp-content\\\/uploads\\\/sites\\\/2\\\/2025\\\/01\\\/19204264_LBLIFE-P04-12V-100AH_PRFL_01.png\",\"contentUrl\":\"https:\\\/\\\/emea.technetix.com\\\/wp-content\\\/uploads\\\/sites\\\/2\\\/2025\\\/01\\\/19204264_LBLIFE-P04-12V-100AH_PRFL_01.png\"},{\"@type\":\"BreadcrumbList\",\"@id\":\"https:\\\/\\\/emea.technetix.com\\\/de\\\/stromversorgungsloesungen\\\/lifep04-breitband-standby-batterien\\\/12-vdc-100-ah-lifep04-breitband-standby-batterie-lblifep04-12v100ah\\\/#breadcrumb\",\"itemListElement\":[{\"@type\":\"ListItem\",\"position\":1,\"name\":\"Home\",\"item\":\"https:\\\/\\\/emea.technetix.com\\\/de\\\/\"},{\"@type\":\"ListItem\",\"position\":2,\"name\":\"Stromversorgungsl\u00f6sungen\",\"item\":\"https:\\\/\\\/emea.technetix.com\\\/de\\\/stromversorgungsloesungen\\\/\"},{\"@type\":\"ListItem\",\"position\":3,\"name\":\"LiFeP04 Breitband Standby-Batterien\",\"item\":\"https:\\\/\\\/emea.technetix.com\\\/de\\\/stromversorgungsloesungen\\\/lifep04-breitband-standby-batterien\\\/\"},{\"@type\":\"ListItem\",\"position\":4,\"name\":\"12 VDC, 100 Ah LiFeP04 Breitband Standby-Batterie (LBLIFEP04-12V100AH)\"}]},{\"@type\":\"WebSite\",\"@id\":\"https:\\\/\\\/emea.technetix.com\\\/de\\\/#website\",\"url\":\"https:\\\/\\\/emea.technetix.com\\\/de\\\/\",\"name\":\"Technetix\",\"description\":\"Next-generation broadband equipment engineering\",\"publisher\":{\"@id\":\"https:\\\/\\\/emea.technetix.com\\\/de\\\/#organization\"},\"potentialAction\":[{\"@type\":\"SearchAction\",\"target\":{\"@type\":\"EntryPoint\",\"urlTemplate\":\"https:\\\/\\\/emea.technetix.com\\\/de\\\/?s={search_term_string}\"},\"query-input\":{\"@type\":\"PropertyValueSpecification\",\"valueRequired\":true,\"valueName\":\"search_term_string\"}}],\"inLanguage\":\"de\"},{\"@type\":\"Organization\",\"@id\":\"https:\\\/\\\/emea.technetix.com\\\/de\\\/#organization\",\"name\":\"Technetix\",\"url\":\"https:\\\/\\\/emea.technetix.com\\\/de\\\/\",\"logo\":{\"@type\":\"ImageObject\",\"inLanguage\":\"de\",\"@id\":\"https:\\\/\\\/emea.technetix.com\\\/de\\\/#\\\/schema\\\/logo\\\/image\\\/\",\"url\":\"https:\\\/\\\/emea.technetix.com\\\/wp-content\\\/uploads\\\/sites\\\/2\\\/2023\\\/06\\\/logo-Technetix-1000x1000-1.png\",\"contentUrl\":\"https:\\\/\\\/emea.technetix.com\\\/wp-content\\\/uploads\\\/sites\\\/2\\\/2023\\\/06\\\/logo-Technetix-1000x1000-1.png\",\"width\":1000,\"height\":1000,\"caption\":\"Technetix\"},\"image\":{\"@id\":\"https:\\\/\\\/emea.technetix.com\\\/de\\\/#\\\/schema\\\/logo\\\/image\\\/\"},\"sameAs\":[\"https:\\\/\\\/x.com\\\/technetixgroup\",\"https:\\\/\\\/www.linkedin.com\\\/company\\\/technetix\\\/\",\"https:\\\/\\\/www.youtube.com\\\/c\\\/Technetix-group\"]}]}<\/script>\n<!-- \/ Yoast SEO Premium plugin. -->","yoast_head_json":{"title":"12 VDC, 100 Ah LiFeP04 Breitband Standby-Batterie (LBLIFEP04-12V100AH) - Technetix EMEA","robots":{"index":"index","follow":"follow","max-snippet":"max-snippet:-1","max-image-preview":"max-image-preview:large","max-video-preview":"max-video-preview:-1"},"canonical":"https:\/\/emea.technetix.com\/de\/stromversorgungsloesungen\/lifep04-breitband-standby-batterien\/12-vdc-100-ah-lifep04-breitband-standby-batterie-lblifep04-12v100ah\/","og_locale":"de_DE","og_type":"article","og_title":"12 VDC, 100 Ah LiFeP04 Breitband Standby-Batterie (LBLIFEP04-12V100AH) - Technetix EMEA","og_description":"N\u00fctzliche Links","og_url":"https:\/\/emea.technetix.com\/de\/stromversorgungsloesungen\/lifep04-breitband-standby-batterien\/12-vdc-100-ah-lifep04-breitband-standby-batterie-lblifep04-12v100ah\/","og_site_name":"Technetix EMEA","article_modified_time":"2025-01-23T16:14:29+00:00","og_image":[{"url":"https:\/\/emea.technetix.com\/wp-content\/uploads\/sites\/2\/2025\/01\/19204264_LBLIFE-P04-12V-100AH_PRFL_01.png","type":"","width":"","height":""}],"twitter_card":"summary_large_image","twitter_site":"@technetixgroup","twitter_misc":{"Gesch\u00e4tzte Lesezeit":"1\u00a0Minute"},"schema":{"@context":"https:\/\/schema.org","@graph":[{"@type":"WebPage","@id":"https:\/\/emea.technetix.com\/de\/stromversorgungsloesungen\/lifep04-breitband-standby-batterien\/12-vdc-100-ah-lifep04-breitband-standby-batterie-lblifep04-12v100ah\/","url":"https:\/\/emea.technetix.com\/de\/stromversorgungsloesungen\/lifep04-breitband-standby-batterien\/12-vdc-100-ah-lifep04-breitband-standby-batterie-lblifep04-12v100ah\/","name":"12 VDC, 100 Ah LiFeP04 Breitband Standby-Batterie (LBLIFEP04-12V100AH) - Technetix EMEA","isPartOf":{"@id":"https:\/\/emea.technetix.com\/de\/#website"},"primaryImageOfPage":{"@id":"https:\/\/emea.technetix.com\/de\/stromversorgungsloesungen\/lifep04-breitband-standby-batterien\/12-vdc-100-ah-lifep04-breitband-standby-batterie-lblifep04-12v100ah\/#primaryimage"},"image":{"@id":"https:\/\/emea.technetix.com\/de\/stromversorgungsloesungen\/lifep04-breitband-standby-batterien\/12-vdc-100-ah-lifep04-breitband-standby-batterie-lblifep04-12v100ah\/#primaryimage"},"thumbnailUrl":"https:\/\/emea.technetix.com\/wp-content\/uploads\/sites\/2\/2025\/01\/19204264_LBLIFE-P04-12V-100AH_PRFL_01.png","datePublished":"2024-01-30T11:41:03+00:00","dateModified":"2025-01-23T16:14:29+00:00","breadcrumb":{"@id":"https:\/\/emea.technetix.com\/de\/stromversorgungsloesungen\/lifep04-breitband-standby-batterien\/12-vdc-100-ah-lifep04-breitband-standby-batterie-lblifep04-12v100ah\/#breadcrumb"},"inLanguage":"de","potentialAction":[{"@type":"ReadAction","target":["https:\/\/emea.technetix.com\/de\/stromversorgungsloesungen\/lifep04-breitband-standby-batterien\/12-vdc-100-ah-lifep04-breitband-standby-batterie-lblifep04-12v100ah\/"]}]},{"@type":"ImageObject","inLanguage":"de","@id":"https:\/\/emea.technetix.com\/de\/stromversorgungsloesungen\/lifep04-breitband-standby-batterien\/12-vdc-100-ah-lifep04-breitband-standby-batterie-lblifep04-12v100ah\/#primaryimage","url":"https:\/\/emea.technetix.com\/wp-content\/uploads\/sites\/2\/2025\/01\/19204264_LBLIFE-P04-12V-100AH_PRFL_01.png","contentUrl":"https:\/\/emea.technetix.com\/wp-content\/uploads\/sites\/2\/2025\/01\/19204264_LBLIFE-P04-12V-100AH_PRFL_01.png"},{"@type":"BreadcrumbList","@id":"https:\/\/emea.technetix.com\/de\/stromversorgungsloesungen\/lifep04-breitband-standby-batterien\/12-vdc-100-ah-lifep04-breitband-standby-batterie-lblifep04-12v100ah\/#breadcrumb","itemListElement":[{"@type":"ListItem","position":1,"name":"Home","item":"https:\/\/emea.technetix.com\/de\/"},{"@type":"ListItem","position":2,"name":"Stromversorgungsl\u00f6sungen","item":"https:\/\/emea.technetix.com\/de\/stromversorgungsloesungen\/"},{"@type":"ListItem","position":3,"name":"LiFeP04 Breitband Standby-Batterien","item":"https:\/\/emea.technetix.com\/de\/stromversorgungsloesungen\/lifep04-breitband-standby-batterien\/"},{"@type":"ListItem","position":4,"name":"12 VDC, 100 Ah LiFeP04 Breitband Standby-Batterie (LBLIFEP04-12V100AH)"}]},{"@type":"WebSite","@id":"https:\/\/emea.technetix.com\/de\/#website","url":"https:\/\/emea.technetix.com\/de\/","name":"Technetix","description":"Next-generation broadband equipment engineering","publisher":{"@id":"https:\/\/emea.technetix.com\/de\/#organization"},"potentialAction":[{"@type":"SearchAction","target":{"@type":"EntryPoint","urlTemplate":"https:\/\/emea.technetix.com\/de\/?s={search_term_string}"},"query-input":{"@type":"PropertyValueSpecification","valueRequired":true,"valueName":"search_term_string"}}],"inLanguage":"de"},{"@type":"Organization","@id":"https:\/\/emea.technetix.com\/de\/#organization","name":"Technetix","url":"https:\/\/emea.technetix.com\/de\/","logo":{"@type":"ImageObject","inLanguage":"de","@id":"https:\/\/emea.technetix.com\/de\/#\/schema\/logo\/image\/","url":"https:\/\/emea.technetix.com\/wp-content\/uploads\/sites\/2\/2023\/06\/logo-Technetix-1000x1000-1.png","contentUrl":"https:\/\/emea.technetix.com\/wp-content\/uploads\/sites\/2\/2023\/06\/logo-Technetix-1000x1000-1.png","width":1000,"height":1000,"caption":"Technetix"},"image":{"@id":"https:\/\/emea.technetix.com\/de\/#\/schema\/logo\/image\/"},"sameAs":["https:\/\/x.com\/technetixgroup","https:\/\/www.linkedin.com\/company\/technetix\/","https:\/\/www.youtube.com\/c\/Technetix-group"]}]}},"acf":[],"publishpress_future_workflow_manual_trigger":{"enabledWorkflows":[]},"_links":{"self":[{"href":"https:\/\/emea.technetix.com\/de\/wp-json\/wp\/v2\/pages\/428690","targetHints":{"allow":["GET"]}}],"collection":[{"href":"https:\/\/emea.technetix.com\/de\/wp-json\/wp\/v2\/pages"}],"about":[{"href":"https:\/\/emea.technetix.com\/de\/wp-json\/wp\/v2\/types\/page"}],"author":[{"embeddable":true,"href":"https:\/\/emea.technetix.com\/de\/wp-json\/wp\/v2\/users\/21"}],"replies":[{"embeddable":true,"href":"https:\/\/emea.technetix.com\/de\/wp-json\/wp\/v2\/comments?post=428690"}],"version-history":[{"count":0,"href":"https:\/\/emea.technetix.com\/de\/wp-json\/wp\/v2\/pages\/428690\/revisions"}],"up":[{"embeddable":true,"href":"https:\/\/emea.technetix.com\/de\/wp-json\/wp\/v2\/pages\/417321"}],"wp:attachment":[{"href":"https:\/\/emea.technetix.com\/de\/wp-json\/wp\/v2\/media?parent=428690"}],"curies":[{"name":"wp","href":"https:\/\/api.w.org\/{rel}","templated":true}]}}