{"id":424433,"date":"2023-12-14T14:37:04","date_gmt":"2023-12-14T14:37:04","guid":{"rendered":"https:\/\/emea.technetix.com\/netzwerk-standby-nicht-standby-usv-stromversorgungen\/mast-and-montiertes-aussengehaeuse-fuer-stromversorgungen-lpme\/"},"modified":"2024-06-04T15:05:06","modified_gmt":"2024-06-04T15:05:06","slug":"mast-and-montiertes-aussengehaeuse-fuer-stromversorgungen-lpme","status":"publish","type":"page","link":"https:\/\/emea.technetix.com\/de\/stromversorgungsloesungen\/netzwerk-standby-nicht-standby-usv-stromversorgungen\/mast-and-montiertes-aussengehaeuse-fuer-stromversorgungen-lpme\/","title":{"rendered":"Mast-\/Wand-montiertes Au\u00dfengeh\u00e4use f\u00fcr Stromversorgungen (LPME)"},"content":{"rendered":"<div class=\"gb-container gb-container-a2efb66f gb-container-wide-back-page-con\" id=\"content\">\n<div class=\"gb-grid-wrapper gb-grid-wrapper-5efcc144\">\n<div class=\"gb-grid-column gb-grid-column-6e2f42ae\"><div class=\"gb-container gb-container-6e2f42ae\" id=\"image-col\"><div class=\"gb-inside-container\">\n\n<figure class=\"gb-block-image gb-block-image-61e35e7d\"><img loading=\"lazy\" decoding=\"async\" width=\"1000\" height=\"500\" class=\"gb-image gb-image-61e35e7d\" src=\"https:\/\/emea.technetix.com\/wp-content\/uploads\/sites\/2\/2023\/12\/0002_LPME_LBUPS-1.png\" alt=\"\" title=\"0002_LPME_LBUPS-1\" srcset=\"https:\/\/emea.technetix.com\/wp-content\/uploads\/sites\/2\/2023\/12\/0002_LPME_LBUPS-1.png 1000w, https:\/\/emea.technetix.com\/wp-content\/uploads\/sites\/2\/2023\/12\/0002_LPME_LBUPS-1-300x150.png 300w, https:\/\/emea.technetix.com\/wp-content\/uploads\/sites\/2\/2023\/12\/0002_LPME_LBUPS-1-768x384.png 768w, https:\/\/emea.technetix.com\/wp-content\/uploads\/sites\/2\/2023\/12\/0002_LPME_LBUPS-1-600x300.png 600w\" sizes=\"auto, (max-width: 1000px) 100vw, 1000px\" \/><\/figure>\n\n<\/div><\/div><\/div>\n\n<div class=\"gb-grid-column gb-grid-column-cb46cc96\"><div class=\"gb-container gb-container-cb46cc96\" id=\"content-col\"><div class=\"gb-inside-container\">\n<h2 class=\"gb-headline gb-headline-d02c52e4 gb-headline-text\">Mast-\/Wand-montiertes Au\u00dfengeh\u00e4use f\u00fcr Stromversorgungen (LPME)<\/h2>\n\n\n<p> Die Technetix LPME-Serie von Au\u00dfengeh\u00e4usen bietet ausgezeichnete Mast- und Wandmontageoptionen f\u00fcr die LBUPS-Serie von Stromversorgungen. Von einer Einzelstranganwendung f\u00fcr drei Batterien (LPME-3) bis zu einer Doppelstrangwendung f\u00fcr sechs Batterien (LPME-6) oder einer Dreifachstranganwendung f\u00fcr neun Batterien (LPME-9) \u2013 diese Serie von Au\u00dfengeh\u00e4usen erf\u00fcllt viele Geh\u00e4useanforderungen von Backup-Versorgungen. <\/p>\n\n<\/div><\/div><\/div>\n<\/div>\n<\/div><div class=\"gb-container gb-container-e4a86c09 gb-container-con-buttons-bottom\" id=\"buttons\">\n\n<h2 class=\"gb-headline gb-headline-7ce6fa4b gb-headline-text gb-headline-head-bottom-buttons\">N\u00fctzliche Links<\/h2>\n\n\n<div class=\"gb-button-wrapper gb-button-wrapper-5300c273 gb-button-wrapper-after-con-buttons\">\n\n<a class=\"gb-button gb-button-ff3bad62 gb-button-text gb-button-bottom-button\" href=\"https:\/\/emea.technetix.com\/de\/kontakt\/\" target=\"_blank\" rel=\"noopener noreferrer\">Kontakt<\/a>\n\n<\/div>\n<\/div>","protected":false},"excerpt":{"rendered":"<p>N\u00fctzliche Links<\/p>\n","protected":false},"author":21,"featured_media":0,"parent":415708,"menu_order":0,"comment_status":"closed","ping_status":"closed","template":"","meta":{"_acf_changed":false,"_gspb_post_css":"","footnotes":""},"class_list":["post-424433","page","type-page","status-publish"],"yoast_head":"<!-- This site is optimized with the Yoast SEO Premium plugin v22.5 (Yoast SEO v27.3) - https:\/\/yoast.com\/product\/yoast-seo-premium-wordpress\/ -->\n<title>Mast-\/Wand-montiertes Au\u00dfengeh\u00e4use f\u00fcr Stromversorgungen (LPME) - Technetix EMEA<\/title>\n<meta name=\"robots\" content=\"index, follow, max-snippet:-1, max-image-preview:large, max-video-preview:-1\" \/>\n<link rel=\"canonical\" href=\"https:\/\/emea.technetix.com\/de\/stromversorgungsloesungen\/netzwerk-standby-nicht-standby-usv-stromversorgungen\/mast-and-montiertes-aussengehaeuse-fuer-stromversorgungen-lpme\/\" \/>\n<meta property=\"og:locale\" content=\"de_DE\" \/>\n<meta property=\"og:type\" content=\"article\" \/>\n<meta property=\"og:title\" content=\"Mast-\/Wand-montiertes Au\u00dfengeh\u00e4use f\u00fcr Stromversorgungen (LPME) - Technetix EMEA\" \/>\n<meta property=\"og:description\" content=\"N\u00fctzliche Links\" \/>\n<meta property=\"og:url\" content=\"https:\/\/emea.technetix.com\/de\/stromversorgungsloesungen\/netzwerk-standby-nicht-standby-usv-stromversorgungen\/mast-and-montiertes-aussengehaeuse-fuer-stromversorgungen-lpme\/\" \/>\n<meta property=\"og:site_name\" content=\"Technetix EMEA\" \/>\n<meta property=\"article:modified_time\" content=\"2024-06-04T15:05:06+00:00\" \/>\n<meta property=\"og:image\" content=\"https:\/\/emea.technetix.com\/wp-content\/uploads\/sites\/2\/2023\/12\/0002_LPME_LBUPS-1.png\" \/>\n<meta name=\"twitter:card\" content=\"summary_large_image\" \/>\n<meta name=\"twitter:site\" content=\"@technetixgroup\" \/>\n<script type=\"application\/ld+json\" class=\"yoast-schema-graph\">{\"@context\":\"https:\\\/\\\/schema.org\",\"@graph\":[{\"@type\":\"WebPage\",\"@id\":\"https:\\\/\\\/emea.technetix.com\\\/de\\\/stromversorgungsloesungen\\\/netzwerk-standby-nicht-standby-usv-stromversorgungen\\\/mast-and-montiertes-aussengehaeuse-fuer-stromversorgungen-lpme\\\/\",\"url\":\"https:\\\/\\\/emea.technetix.com\\\/de\\\/stromversorgungsloesungen\\\/netzwerk-standby-nicht-standby-usv-stromversorgungen\\\/mast-and-montiertes-aussengehaeuse-fuer-stromversorgungen-lpme\\\/\",\"name\":\"Mast-\\\/Wand-montiertes Au\u00dfengeh\u00e4use f\u00fcr Stromversorgungen (LPME) - Technetix EMEA\",\"isPartOf\":{\"@id\":\"https:\\\/\\\/emea.technetix.com\\\/de\\\/#website\"},\"primaryImageOfPage\":{\"@id\":\"https:\\\/\\\/emea.technetix.com\\\/de\\\/stromversorgungsloesungen\\\/netzwerk-standby-nicht-standby-usv-stromversorgungen\\\/mast-and-montiertes-aussengehaeuse-fuer-stromversorgungen-lpme\\\/#primaryimage\"},\"image\":{\"@id\":\"https:\\\/\\\/emea.technetix.com\\\/de\\\/stromversorgungsloesungen\\\/netzwerk-standby-nicht-standby-usv-stromversorgungen\\\/mast-and-montiertes-aussengehaeuse-fuer-stromversorgungen-lpme\\\/#primaryimage\"},\"thumbnailUrl\":\"https:\\\/\\\/emea.technetix.com\\\/wp-content\\\/uploads\\\/sites\\\/2\\\/2023\\\/12\\\/0002_LPME_LBUPS-1.png\",\"datePublished\":\"2023-12-14T14:37:04+00:00\",\"dateModified\":\"2024-06-04T15:05:06+00:00\",\"breadcrumb\":{\"@id\":\"https:\\\/\\\/emea.technetix.com\\\/de\\\/stromversorgungsloesungen\\\/netzwerk-standby-nicht-standby-usv-stromversorgungen\\\/mast-and-montiertes-aussengehaeuse-fuer-stromversorgungen-lpme\\\/#breadcrumb\"},\"inLanguage\":\"de\",\"potentialAction\":[{\"@type\":\"ReadAction\",\"target\":[\"https:\\\/\\\/emea.technetix.com\\\/de\\\/stromversorgungsloesungen\\\/netzwerk-standby-nicht-standby-usv-stromversorgungen\\\/mast-and-montiertes-aussengehaeuse-fuer-stromversorgungen-lpme\\\/\"]}]},{\"@type\":\"ImageObject\",\"inLanguage\":\"de\",\"@id\":\"https:\\\/\\\/emea.technetix.com\\\/de\\\/stromversorgungsloesungen\\\/netzwerk-standby-nicht-standby-usv-stromversorgungen\\\/mast-and-montiertes-aussengehaeuse-fuer-stromversorgungen-lpme\\\/#primaryimage\",\"url\":\"https:\\\/\\\/emea.technetix.com\\\/wp-content\\\/uploads\\\/sites\\\/2\\\/2023\\\/12\\\/0002_LPME_LBUPS-1.png\",\"contentUrl\":\"https:\\\/\\\/emea.technetix.com\\\/wp-content\\\/uploads\\\/sites\\\/2\\\/2023\\\/12\\\/0002_LPME_LBUPS-1.png\"},{\"@type\":\"BreadcrumbList\",\"@id\":\"https:\\\/\\\/emea.technetix.com\\\/de\\\/stromversorgungsloesungen\\\/netzwerk-standby-nicht-standby-usv-stromversorgungen\\\/mast-and-montiertes-aussengehaeuse-fuer-stromversorgungen-lpme\\\/#breadcrumb\",\"itemListElement\":[{\"@type\":\"ListItem\",\"position\":1,\"name\":\"Home\",\"item\":\"https:\\\/\\\/emea.technetix.com\\\/de\\\/\"},{\"@type\":\"ListItem\",\"position\":2,\"name\":\"Stromversorgungsl\u00f6sungen\",\"item\":\"https:\\\/\\\/emea.technetix.com\\\/de\\\/stromversorgungsloesungen\\\/\"},{\"@type\":\"ListItem\",\"position\":3,\"name\":\"Netzwerk-Standby \\\/ Nicht-Standby USV-Stromversorgungen\",\"item\":\"https:\\\/\\\/emea.technetix.com\\\/de\\\/stromversorgungsloesungen\\\/netzwerk-standby-nicht-standby-usv-stromversorgungen\\\/\"},{\"@type\":\"ListItem\",\"position\":4,\"name\":\"Mast-\\\/Wand-montiertes Au\u00dfengeh\u00e4use f\u00fcr Stromversorgungen (LPME)\"}]},{\"@type\":\"WebSite\",\"@id\":\"https:\\\/\\\/emea.technetix.com\\\/de\\\/#website\",\"url\":\"https:\\\/\\\/emea.technetix.com\\\/de\\\/\",\"name\":\"Technetix\",\"description\":\"Next-generation broadband equipment engineering\",\"publisher\":{\"@id\":\"https:\\\/\\\/emea.technetix.com\\\/de\\\/#organization\"},\"potentialAction\":[{\"@type\":\"SearchAction\",\"target\":{\"@type\":\"EntryPoint\",\"urlTemplate\":\"https:\\\/\\\/emea.technetix.com\\\/de\\\/?s={search_term_string}\"},\"query-input\":{\"@type\":\"PropertyValueSpecification\",\"valueRequired\":true,\"valueName\":\"search_term_string\"}}],\"inLanguage\":\"de\"},{\"@type\":\"Organization\",\"@id\":\"https:\\\/\\\/emea.technetix.com\\\/de\\\/#organization\",\"name\":\"Technetix\",\"url\":\"https:\\\/\\\/emea.technetix.com\\\/de\\\/\",\"logo\":{\"@type\":\"ImageObject\",\"inLanguage\":\"de\",\"@id\":\"https:\\\/\\\/emea.technetix.com\\\/de\\\/#\\\/schema\\\/logo\\\/image\\\/\",\"url\":\"https:\\\/\\\/emea.technetix.com\\\/wp-content\\\/uploads\\\/sites\\\/2\\\/2023\\\/06\\\/logo-Technetix-1000x1000-1.png\",\"contentUrl\":\"https:\\\/\\\/emea.technetix.com\\\/wp-content\\\/uploads\\\/sites\\\/2\\\/2023\\\/06\\\/logo-Technetix-1000x1000-1.png\",\"width\":1000,\"height\":1000,\"caption\":\"Technetix\"},\"image\":{\"@id\":\"https:\\\/\\\/emea.technetix.com\\\/de\\\/#\\\/schema\\\/logo\\\/image\\\/\"},\"sameAs\":[\"https:\\\/\\\/x.com\\\/technetixgroup\",\"https:\\\/\\\/www.linkedin.com\\\/company\\\/technetix\\\/\",\"https:\\\/\\\/www.youtube.com\\\/c\\\/Technetix-group\"]}]}<\/script>\n<!-- \/ Yoast SEO Premium plugin. -->","yoast_head_json":{"title":"Mast-\/Wand-montiertes Au\u00dfengeh\u00e4use f\u00fcr Stromversorgungen (LPME) - Technetix EMEA","robots":{"index":"index","follow":"follow","max-snippet":"max-snippet:-1","max-image-preview":"max-image-preview:large","max-video-preview":"max-video-preview:-1"},"canonical":"https:\/\/emea.technetix.com\/de\/stromversorgungsloesungen\/netzwerk-standby-nicht-standby-usv-stromversorgungen\/mast-and-montiertes-aussengehaeuse-fuer-stromversorgungen-lpme\/","og_locale":"de_DE","og_type":"article","og_title":"Mast-\/Wand-montiertes Au\u00dfengeh\u00e4use f\u00fcr Stromversorgungen (LPME) - Technetix EMEA","og_description":"N\u00fctzliche Links","og_url":"https:\/\/emea.technetix.com\/de\/stromversorgungsloesungen\/netzwerk-standby-nicht-standby-usv-stromversorgungen\/mast-and-montiertes-aussengehaeuse-fuer-stromversorgungen-lpme\/","og_site_name":"Technetix EMEA","article_modified_time":"2024-06-04T15:05:06+00:00","og_image":[{"url":"https:\/\/emea.technetix.com\/wp-content\/uploads\/sites\/2\/2023\/12\/0002_LPME_LBUPS-1.png","type":"","width":"","height":""}],"twitter_card":"summary_large_image","twitter_site":"@technetixgroup","schema":{"@context":"https:\/\/schema.org","@graph":[{"@type":"WebPage","@id":"https:\/\/emea.technetix.com\/de\/stromversorgungsloesungen\/netzwerk-standby-nicht-standby-usv-stromversorgungen\/mast-and-montiertes-aussengehaeuse-fuer-stromversorgungen-lpme\/","url":"https:\/\/emea.technetix.com\/de\/stromversorgungsloesungen\/netzwerk-standby-nicht-standby-usv-stromversorgungen\/mast-and-montiertes-aussengehaeuse-fuer-stromversorgungen-lpme\/","name":"Mast-\/Wand-montiertes Au\u00dfengeh\u00e4use f\u00fcr Stromversorgungen (LPME) - Technetix EMEA","isPartOf":{"@id":"https:\/\/emea.technetix.com\/de\/#website"},"primaryImageOfPage":{"@id":"https:\/\/emea.technetix.com\/de\/stromversorgungsloesungen\/netzwerk-standby-nicht-standby-usv-stromversorgungen\/mast-and-montiertes-aussengehaeuse-fuer-stromversorgungen-lpme\/#primaryimage"},"image":{"@id":"https:\/\/emea.technetix.com\/de\/stromversorgungsloesungen\/netzwerk-standby-nicht-standby-usv-stromversorgungen\/mast-and-montiertes-aussengehaeuse-fuer-stromversorgungen-lpme\/#primaryimage"},"thumbnailUrl":"https:\/\/emea.technetix.com\/wp-content\/uploads\/sites\/2\/2023\/12\/0002_LPME_LBUPS-1.png","datePublished":"2023-12-14T14:37:04+00:00","dateModified":"2024-06-04T15:05:06+00:00","breadcrumb":{"@id":"https:\/\/emea.technetix.com\/de\/stromversorgungsloesungen\/netzwerk-standby-nicht-standby-usv-stromversorgungen\/mast-and-montiertes-aussengehaeuse-fuer-stromversorgungen-lpme\/#breadcrumb"},"inLanguage":"de","potentialAction":[{"@type":"ReadAction","target":["https:\/\/emea.technetix.com\/de\/stromversorgungsloesungen\/netzwerk-standby-nicht-standby-usv-stromversorgungen\/mast-and-montiertes-aussengehaeuse-fuer-stromversorgungen-lpme\/"]}]},{"@type":"ImageObject","inLanguage":"de","@id":"https:\/\/emea.technetix.com\/de\/stromversorgungsloesungen\/netzwerk-standby-nicht-standby-usv-stromversorgungen\/mast-and-montiertes-aussengehaeuse-fuer-stromversorgungen-lpme\/#primaryimage","url":"https:\/\/emea.technetix.com\/wp-content\/uploads\/sites\/2\/2023\/12\/0002_LPME_LBUPS-1.png","contentUrl":"https:\/\/emea.technetix.com\/wp-content\/uploads\/sites\/2\/2023\/12\/0002_LPME_LBUPS-1.png"},{"@type":"BreadcrumbList","@id":"https:\/\/emea.technetix.com\/de\/stromversorgungsloesungen\/netzwerk-standby-nicht-standby-usv-stromversorgungen\/mast-and-montiertes-aussengehaeuse-fuer-stromversorgungen-lpme\/#breadcrumb","itemListElement":[{"@type":"ListItem","position":1,"name":"Home","item":"https:\/\/emea.technetix.com\/de\/"},{"@type":"ListItem","position":2,"name":"Stromversorgungsl\u00f6sungen","item":"https:\/\/emea.technetix.com\/de\/stromversorgungsloesungen\/"},{"@type":"ListItem","position":3,"name":"Netzwerk-Standby \/ Nicht-Standby USV-Stromversorgungen","item":"https:\/\/emea.technetix.com\/de\/stromversorgungsloesungen\/netzwerk-standby-nicht-standby-usv-stromversorgungen\/"},{"@type":"ListItem","position":4,"name":"Mast-\/Wand-montiertes Au\u00dfengeh\u00e4use f\u00fcr Stromversorgungen (LPME)"}]},{"@type":"WebSite","@id":"https:\/\/emea.technetix.com\/de\/#website","url":"https:\/\/emea.technetix.com\/de\/","name":"Technetix","description":"Next-generation broadband equipment engineering","publisher":{"@id":"https:\/\/emea.technetix.com\/de\/#organization"},"potentialAction":[{"@type":"SearchAction","target":{"@type":"EntryPoint","urlTemplate":"https:\/\/emea.technetix.com\/de\/?s={search_term_string}"},"query-input":{"@type":"PropertyValueSpecification","valueRequired":true,"valueName":"search_term_string"}}],"inLanguage":"de"},{"@type":"Organization","@id":"https:\/\/emea.technetix.com\/de\/#organization","name":"Technetix","url":"https:\/\/emea.technetix.com\/de\/","logo":{"@type":"ImageObject","inLanguage":"de","@id":"https:\/\/emea.technetix.com\/de\/#\/schema\/logo\/image\/","url":"https:\/\/emea.technetix.com\/wp-content\/uploads\/sites\/2\/2023\/06\/logo-Technetix-1000x1000-1.png","contentUrl":"https:\/\/emea.technetix.com\/wp-content\/uploads\/sites\/2\/2023\/06\/logo-Technetix-1000x1000-1.png","width":1000,"height":1000,"caption":"Technetix"},"image":{"@id":"https:\/\/emea.technetix.com\/de\/#\/schema\/logo\/image\/"},"sameAs":["https:\/\/x.com\/technetixgroup","https:\/\/www.linkedin.com\/company\/technetix\/","https:\/\/www.youtube.com\/c\/Technetix-group"]}]}},"acf":[],"publishpress_future_workflow_manual_trigger":{"enabledWorkflows":[]},"_links":{"self":[{"href":"https:\/\/emea.technetix.com\/de\/wp-json\/wp\/v2\/pages\/424433","targetHints":{"allow":["GET"]}}],"collection":[{"href":"https:\/\/emea.technetix.com\/de\/wp-json\/wp\/v2\/pages"}],"about":[{"href":"https:\/\/emea.technetix.com\/de\/wp-json\/wp\/v2\/types\/page"}],"author":[{"embeddable":true,"href":"https:\/\/emea.technetix.com\/de\/wp-json\/wp\/v2\/users\/21"}],"replies":[{"embeddable":true,"href":"https:\/\/emea.technetix.com\/de\/wp-json\/wp\/v2\/comments?post=424433"}],"version-history":[{"count":0,"href":"https:\/\/emea.technetix.com\/de\/wp-json\/wp\/v2\/pages\/424433\/revisions"}],"up":[{"embeddable":true,"href":"https:\/\/emea.technetix.com\/de\/wp-json\/wp\/v2\/pages\/415708"}],"wp:attachment":[{"href":"https:\/\/emea.technetix.com\/de\/wp-json\/wp\/v2\/media?parent=424433"}],"curies":[{"name":"wp","href":"https:\/\/api.w.org\/{rel}","templated":true}]}}