{"id":418594,"date":"2023-11-13T11:53:01","date_gmt":"2023-11-13T11:53:01","guid":{"rendered":"https:\/\/emea.technetix.com\/click50\/"},"modified":"2025-02-19T15:18:20","modified_gmt":"2025-02-19T15:18:20","slug":"click50","status":"publish","type":"page","link":"https:\/\/emea.technetix.com\/de\/click50\/","title":{"rendered":"Click50"},"content":{"rendered":"<div class=\"gb-container gb-container-a2efb66f gb-container-wide-back-page-con\" id=\"content\">\n<div class=\"gb-grid-wrapper gb-grid-wrapper-5efcc144\">\n<div class=\"gb-grid-column gb-grid-column-6e2f42ae\"><div class=\"gb-container gb-container-6e2f42ae\" id=\"image-col\"><div class=\"gb-inside-container\">\n\n<figure class=\"gb-block-image gb-block-image-61e35e7d\"><img loading=\"lazy\" decoding=\"async\" width=\"1207\" height=\"1202\" class=\"gb-image gb-image-61e35e7d\" src=\"https:\/\/emea.technetix.com\/wp-content\/uploads\/sites\/2\/2023\/11\/CL50-Range.png\" alt=\"\" title=\"CL50-Range\" srcset=\"https:\/\/emea.technetix.com\/wp-content\/uploads\/sites\/2\/2023\/11\/CL50-Range.png 1207w, https:\/\/emea.technetix.com\/wp-content\/uploads\/sites\/2\/2023\/11\/CL50-Range-300x300.png 300w, https:\/\/emea.technetix.com\/wp-content\/uploads\/sites\/2\/2023\/11\/CL50-Range-1024x1020.png 1024w, https:\/\/emea.technetix.com\/wp-content\/uploads\/sites\/2\/2023\/11\/CL50-Range-150x150.png 150w, https:\/\/emea.technetix.com\/wp-content\/uploads\/sites\/2\/2023\/11\/CL50-Range-768x765.png 768w, https:\/\/emea.technetix.com\/wp-content\/uploads\/sites\/2\/2023\/11\/CL50-Range-600x598.png 600w, https:\/\/emea.technetix.com\/wp-content\/uploads\/sites\/2\/2023\/11\/CL50-Range-100x100.png 100w\" sizes=\"auto, (max-width: 1207px) 100vw, 1207px\" \/><\/figure>\n\n<\/div><\/div><\/div>\n\n<div class=\"gb-grid-column gb-grid-column-cb46cc96\"><div class=\"gb-container gb-container-cb46cc96\" id=\"content-col\"><div class=\"gb-inside-container\">\n\n<h2 class=\"wp-block-heading\" id=\"h-click50-modulare-wandsteckdose-fur-den-kabel-tv-und-glasfaser-einsatz\">Click50 \u2013 Modulare Wandsteckdose f\u00fcr den Kabel-TV- und Glasfaser-Einsatz<\/h2>\n\n\n\n<p>Vor-Ort-Eins\u00e4tze stellen mit die h\u00f6chsten Betriebskosten dar, die Kabelnetzbetreiber hinnehmen m\u00fcssen \u2013 warum sollte man Ihr Netzwerk nicht zukunftssicher gestalten? Click50 von Technetix ist nicht nur eine Plattform zur vereinfachten Aufr\u00fcstung von Standorten zu FTTH sondern auch kompatibel mit 50&#215;25 mm Modulen von Fremdherstellern. Kunden k\u00f6nnen daher beliebig AV-, Netzwerk- und andere Telekommunikationsports f\u00fcr sowohl Heim- als auch Gesch\u00e4ftsanwendungen hinzuf\u00fcgen. <\/p>\n\n\n\n<p>Click50 von Technetix ist eine f\u00fcr den DOCSIS 3.1-Markt (2 GHz) entwickelte Steckdosen-L\u00f6sung f\u00fcr Geb\u00e4ude. Das System wurde vor dem Hintergrund der Netzwerkmigration zur Reduzierung der Installationszeit und der Verringerung von Vor-Ort-Eins\u00e4tzen entwickelt. <\/p>\n\n\n\n<p>Die modulare L\u00f6sung kann mit aufr\u00fcstbaren Komponenten zur Unterst\u00fctzung der Netzwerkmigration vom Breitbandkabel zu PON konfiguriert werden. Sie ist vollst\u00e4ndig zukunftssicher, einfach zu installieren und aufzur\u00fcsten und kann in HF- und optischen Netzwerken gleichzeitig genutzt werden. <\/p>\n\n\n\n<ul class=\"wp-block-list\">\n<li>Erm\u00f6glicht die einfache Migration von koaxialen zu vollst\u00e4ndigen Glasfasernetzwerken<\/li>\n\n\n\n<li>Mit vielf\u00e4ltigem Zubeh\u00f6r verf\u00fcgbar<\/li>\n\n\n\n<li>Reduzieren Sie die Aktivit\u00e4ten vor Ort<\/li>\n<\/ul>\n\n<\/div><\/div><\/div>\n<\/div>\n<\/div>\n\n<div class=\"gb-container gb-container-e4a86c09 gb-container-con-buttons-bottom\">\n\n<h2 class=\"gb-headline gb-headline-7ce6fa4b gb-headline-text gb-headline-head-bottom-buttons\">N\u00fctzliche Links<\/h2>\n\n\n<div class=\"gb-button-wrapper gb-button-wrapper-5300c273 gb-button-wrapper-after-con-buttons\">\n\n<a class=\"gb-button gb-button-5e4e6530 gb-button-text gb-button-bottom-button\" href=\"https:\/\/emea.technetix.com\/wp-content\/uploads\/sites\/2\/2023\/02\/CL50-PlatformGuide_BRC_EN.pdf\">Leitfaden zur modularen Steckdosenplattform Click50<\/a>\n\n\n\n<a class=\"gb-button gb-button-38119ac0 gb-button-text gb-button-bottom-button\" href=\"https:\/\/docs.technetix.com\/brochures\/Fiber_Passives_Brochure.pdf\">Brosch\u00fcre \u00fcber passive Glasfaserprodukte<\/a>\n\n\n\n<a class=\"gb-button gb-button-74bfad52 gb-button-text gb-button-bottom-button\" href=\"https:\/\/emea.technetix.com\/de\/kontakt\/\">Kontakt<\/a>\n\n<\/div>\n<\/div>","protected":false},"excerpt":{"rendered":"<p>N\u00fctzliche Links<\/p>\n","protected":false},"author":3,"featured_media":0,"parent":0,"menu_order":0,"comment_status":"closed","ping_status":"closed","template":"","meta":{"_acf_changed":false,"_gspb_post_css":"","footnotes":""},"class_list":["post-418594","page","type-page","status-publish"],"yoast_head":"<!-- This site is optimized with the Yoast SEO Premium plugin v22.5 (Yoast SEO v27.4) - https:\/\/yoast.com\/product\/yoast-seo-premium-wordpress\/ -->\n<title>Click50 - Technetix EMEA<\/title>\n<meta name=\"robots\" content=\"index, follow, max-snippet:-1, max-image-preview:large, max-video-preview:-1\" \/>\n<link rel=\"canonical\" href=\"https:\/\/emea.technetix.com\/de\/click50\/\" \/>\n<meta property=\"og:locale\" content=\"de_DE\" \/>\n<meta property=\"og:type\" content=\"article\" \/>\n<meta property=\"og:title\" content=\"Click50 - Technetix EMEA\" \/>\n<meta property=\"og:description\" content=\"N\u00fctzliche Links\" \/>\n<meta property=\"og:url\" content=\"https:\/\/emea.technetix.com\/de\/click50\/\" \/>\n<meta property=\"og:site_name\" content=\"Technetix EMEA\" \/>\n<meta property=\"article:modified_time\" content=\"2025-02-19T15:18:20+00:00\" \/>\n<meta property=\"og:image\" content=\"https:\/\/emea.technetix.com\/wp-content\/uploads\/sites\/2\/2023\/11\/CL50-Range.png\" \/>\n<meta name=\"twitter:card\" content=\"summary_large_image\" \/>\n<meta name=\"twitter:site\" content=\"@technetixgroup\" \/>\n<meta name=\"twitter:label1\" content=\"Gesch\u00e4tzte Lesezeit\" \/>\n\t<meta name=\"twitter:data1\" content=\"1\u00a0Minute\" \/>\n<script type=\"application\/ld+json\" class=\"yoast-schema-graph\">{\"@context\":\"https:\\\/\\\/schema.org\",\"@graph\":[{\"@type\":\"WebPage\",\"@id\":\"https:\\\/\\\/emea.technetix.com\\\/de\\\/click50\\\/\",\"url\":\"https:\\\/\\\/emea.technetix.com\\\/de\\\/click50\\\/\",\"name\":\"Click50 - Technetix EMEA\",\"isPartOf\":{\"@id\":\"https:\\\/\\\/emea.technetix.com\\\/de\\\/#website\"},\"primaryImageOfPage\":{\"@id\":\"https:\\\/\\\/emea.technetix.com\\\/de\\\/click50\\\/#primaryimage\"},\"image\":{\"@id\":\"https:\\\/\\\/emea.technetix.com\\\/de\\\/click50\\\/#primaryimage\"},\"thumbnailUrl\":\"https:\\\/\\\/emea.technetix.com\\\/wp-content\\\/uploads\\\/sites\\\/2\\\/2023\\\/11\\\/CL50-Range.png\",\"datePublished\":\"2023-11-13T11:53:01+00:00\",\"dateModified\":\"2025-02-19T15:18:20+00:00\",\"breadcrumb\":{\"@id\":\"https:\\\/\\\/emea.technetix.com\\\/de\\\/click50\\\/#breadcrumb\"},\"inLanguage\":\"de\",\"potentialAction\":[{\"@type\":\"ReadAction\",\"target\":[\"https:\\\/\\\/emea.technetix.com\\\/de\\\/click50\\\/\"]}]},{\"@type\":\"ImageObject\",\"inLanguage\":\"de\",\"@id\":\"https:\\\/\\\/emea.technetix.com\\\/de\\\/click50\\\/#primaryimage\",\"url\":\"https:\\\/\\\/emea.technetix.com\\\/wp-content\\\/uploads\\\/sites\\\/2\\\/2023\\\/11\\\/CL50-Range.png\",\"contentUrl\":\"https:\\\/\\\/emea.technetix.com\\\/wp-content\\\/uploads\\\/sites\\\/2\\\/2023\\\/11\\\/CL50-Range.png\"},{\"@type\":\"BreadcrumbList\",\"@id\":\"https:\\\/\\\/emea.technetix.com\\\/de\\\/click50\\\/#breadcrumb\",\"itemListElement\":[{\"@type\":\"ListItem\",\"position\":1,\"name\":\"Home\",\"item\":\"https:\\\/\\\/emea.technetix.com\\\/de\\\/\"},{\"@type\":\"ListItem\",\"position\":2,\"name\":\"Click50\"}]},{\"@type\":\"WebSite\",\"@id\":\"https:\\\/\\\/emea.technetix.com\\\/de\\\/#website\",\"url\":\"https:\\\/\\\/emea.technetix.com\\\/de\\\/\",\"name\":\"Technetix\",\"description\":\"Next-generation broadband equipment engineering\",\"publisher\":{\"@id\":\"https:\\\/\\\/emea.technetix.com\\\/de\\\/#organization\"},\"potentialAction\":[{\"@type\":\"SearchAction\",\"target\":{\"@type\":\"EntryPoint\",\"urlTemplate\":\"https:\\\/\\\/emea.technetix.com\\\/de\\\/?s={search_term_string}\"},\"query-input\":{\"@type\":\"PropertyValueSpecification\",\"valueRequired\":true,\"valueName\":\"search_term_string\"}}],\"inLanguage\":\"de\"},{\"@type\":\"Organization\",\"@id\":\"https:\\\/\\\/emea.technetix.com\\\/de\\\/#organization\",\"name\":\"Technetix\",\"url\":\"https:\\\/\\\/emea.technetix.com\\\/de\\\/\",\"logo\":{\"@type\":\"ImageObject\",\"inLanguage\":\"de\",\"@id\":\"https:\\\/\\\/emea.technetix.com\\\/de\\\/#\\\/schema\\\/logo\\\/image\\\/\",\"url\":\"https:\\\/\\\/emea.technetix.com\\\/wp-content\\\/uploads\\\/sites\\\/2\\\/2023\\\/06\\\/logo-Technetix-1000x1000-1.png\",\"contentUrl\":\"https:\\\/\\\/emea.technetix.com\\\/wp-content\\\/uploads\\\/sites\\\/2\\\/2023\\\/06\\\/logo-Technetix-1000x1000-1.png\",\"width\":1000,\"height\":1000,\"caption\":\"Technetix\"},\"image\":{\"@id\":\"https:\\\/\\\/emea.technetix.com\\\/de\\\/#\\\/schema\\\/logo\\\/image\\\/\"},\"sameAs\":[\"https:\\\/\\\/x.com\\\/technetixgroup\",\"https:\\\/\\\/www.linkedin.com\\\/company\\\/technetix\\\/\",\"https:\\\/\\\/www.youtube.com\\\/c\\\/Technetix-group\"]}]}<\/script>\n<!-- \/ Yoast SEO Premium plugin. -->","yoast_head_json":{"title":"Click50 - Technetix EMEA","robots":{"index":"index","follow":"follow","max-snippet":"max-snippet:-1","max-image-preview":"max-image-preview:large","max-video-preview":"max-video-preview:-1"},"canonical":"https:\/\/emea.technetix.com\/de\/click50\/","og_locale":"de_DE","og_type":"article","og_title":"Click50 - Technetix EMEA","og_description":"N\u00fctzliche Links","og_url":"https:\/\/emea.technetix.com\/de\/click50\/","og_site_name":"Technetix EMEA","article_modified_time":"2025-02-19T15:18:20+00:00","og_image":[{"url":"https:\/\/emea.technetix.com\/wp-content\/uploads\/sites\/2\/2023\/11\/CL50-Range.png","type":"","width":"","height":""}],"twitter_card":"summary_large_image","twitter_site":"@technetixgroup","twitter_misc":{"Gesch\u00e4tzte Lesezeit":"1\u00a0Minute"},"schema":{"@context":"https:\/\/schema.org","@graph":[{"@type":"WebPage","@id":"https:\/\/emea.technetix.com\/de\/click50\/","url":"https:\/\/emea.technetix.com\/de\/click50\/","name":"Click50 - Technetix EMEA","isPartOf":{"@id":"https:\/\/emea.technetix.com\/de\/#website"},"primaryImageOfPage":{"@id":"https:\/\/emea.technetix.com\/de\/click50\/#primaryimage"},"image":{"@id":"https:\/\/emea.technetix.com\/de\/click50\/#primaryimage"},"thumbnailUrl":"https:\/\/emea.technetix.com\/wp-content\/uploads\/sites\/2\/2023\/11\/CL50-Range.png","datePublished":"2023-11-13T11:53:01+00:00","dateModified":"2025-02-19T15:18:20+00:00","breadcrumb":{"@id":"https:\/\/emea.technetix.com\/de\/click50\/#breadcrumb"},"inLanguage":"de","potentialAction":[{"@type":"ReadAction","target":["https:\/\/emea.technetix.com\/de\/click50\/"]}]},{"@type":"ImageObject","inLanguage":"de","@id":"https:\/\/emea.technetix.com\/de\/click50\/#primaryimage","url":"https:\/\/emea.technetix.com\/wp-content\/uploads\/sites\/2\/2023\/11\/CL50-Range.png","contentUrl":"https:\/\/emea.technetix.com\/wp-content\/uploads\/sites\/2\/2023\/11\/CL50-Range.png"},{"@type":"BreadcrumbList","@id":"https:\/\/emea.technetix.com\/de\/click50\/#breadcrumb","itemListElement":[{"@type":"ListItem","position":1,"name":"Home","item":"https:\/\/emea.technetix.com\/de\/"},{"@type":"ListItem","position":2,"name":"Click50"}]},{"@type":"WebSite","@id":"https:\/\/emea.technetix.com\/de\/#website","url":"https:\/\/emea.technetix.com\/de\/","name":"Technetix","description":"Next-generation broadband equipment engineering","publisher":{"@id":"https:\/\/emea.technetix.com\/de\/#organization"},"potentialAction":[{"@type":"SearchAction","target":{"@type":"EntryPoint","urlTemplate":"https:\/\/emea.technetix.com\/de\/?s={search_term_string}"},"query-input":{"@type":"PropertyValueSpecification","valueRequired":true,"valueName":"search_term_string"}}],"inLanguage":"de"},{"@type":"Organization","@id":"https:\/\/emea.technetix.com\/de\/#organization","name":"Technetix","url":"https:\/\/emea.technetix.com\/de\/","logo":{"@type":"ImageObject","inLanguage":"de","@id":"https:\/\/emea.technetix.com\/de\/#\/schema\/logo\/image\/","url":"https:\/\/emea.technetix.com\/wp-content\/uploads\/sites\/2\/2023\/06\/logo-Technetix-1000x1000-1.png","contentUrl":"https:\/\/emea.technetix.com\/wp-content\/uploads\/sites\/2\/2023\/06\/logo-Technetix-1000x1000-1.png","width":1000,"height":1000,"caption":"Technetix"},"image":{"@id":"https:\/\/emea.technetix.com\/de\/#\/schema\/logo\/image\/"},"sameAs":["https:\/\/x.com\/technetixgroup","https:\/\/www.linkedin.com\/company\/technetix\/","https:\/\/www.youtube.com\/c\/Technetix-group"]}]}},"acf":[],"publishpress_future_workflow_manual_trigger":{"enabledWorkflows":[]},"_links":{"self":[{"href":"https:\/\/emea.technetix.com\/de\/wp-json\/wp\/v2\/pages\/418594","targetHints":{"allow":["GET"]}}],"collection":[{"href":"https:\/\/emea.technetix.com\/de\/wp-json\/wp\/v2\/pages"}],"about":[{"href":"https:\/\/emea.technetix.com\/de\/wp-json\/wp\/v2\/types\/page"}],"author":[{"embeddable":true,"href":"https:\/\/emea.technetix.com\/de\/wp-json\/wp\/v2\/users\/3"}],"replies":[{"embeddable":true,"href":"https:\/\/emea.technetix.com\/de\/wp-json\/wp\/v2\/comments?post=418594"}],"version-history":[{"count":0,"href":"https:\/\/emea.technetix.com\/de\/wp-json\/wp\/v2\/pages\/418594\/revisions"}],"wp:attachment":[{"href":"https:\/\/emea.technetix.com\/de\/wp-json\/wp\/v2\/media?parent=418594"}],"curies":[{"name":"wp","href":"https:\/\/api.w.org\/{rel}","templated":true}]}}