{"id":415959,"date":"2023-11-13T11:49:34","date_gmt":"2023-11-13T11:49:34","guid":{"rendered":"https:\/\/emea.technetix.com\/fttx-netzwerke\/dosen-fuer-die-glasfaserterminierung-in-grossen-mehrfamilienhaeusern\/ftb-connect\/"},"modified":"2024-08-19T12:29:39","modified_gmt":"2024-08-19T12:29:39","slug":"ftb-connect","status":"publish","type":"page","link":"https:\/\/emea.technetix.com\/de\/glasfasernetzwerk\/dosen-fuer-die-glasfaserterminierung-in-grossen-mehrfamilienhaeusern\/ftb-connect\/","title":{"rendered":"FTB Connect"},"content":{"rendered":"<div class=\"gb-container gb-container-a2efb66f gb-container-wide-back-page-con\" id=\"content\">\n<div class=\"gb-grid-wrapper gb-grid-wrapper-5efcc144\">\n<div class=\"gb-grid-column gb-grid-column-6e2f42ae\"><div class=\"gb-container gb-container-6e2f42ae\" id=\"image-col\"><div class=\"gb-inside-container\">\n\n<figure class=\"gb-block-image gb-block-image-61e35e7d\"><img loading=\"lazy\" decoding=\"async\" width=\"1000\" height=\"1000\" class=\"gb-image gb-image-61e35e7d\" src=\"https:\/\/emea.technetix.com\/wp-content\/uploads\/sites\/2\/2023\/11\/19014707_FTB-CONNECT_PRFL_08.png\" alt=\"\" title=\"19014707_FTB-CONNECT_PRFL_08\" srcset=\"https:\/\/emea.technetix.com\/wp-content\/uploads\/sites\/2\/2023\/11\/19014707_FTB-CONNECT_PRFL_08.png 1000w, https:\/\/emea.technetix.com\/wp-content\/uploads\/sites\/2\/2023\/11\/19014707_FTB-CONNECT_PRFL_08-300x300.png 300w, https:\/\/emea.technetix.com\/wp-content\/uploads\/sites\/2\/2023\/11\/19014707_FTB-CONNECT_PRFL_08-150x150.png 150w, https:\/\/emea.technetix.com\/wp-content\/uploads\/sites\/2\/2023\/11\/19014707_FTB-CONNECT_PRFL_08-768x768.png 768w, https:\/\/emea.technetix.com\/wp-content\/uploads\/sites\/2\/2023\/11\/19014707_FTB-CONNECT_PRFL_08-600x600.png 600w, https:\/\/emea.technetix.com\/wp-content\/uploads\/sites\/2\/2023\/11\/19014707_FTB-CONNECT_PRFL_08-100x100.png 100w\" sizes=\"auto, (max-width: 1000px) 100vw, 1000px\" \/><\/figure>\n\n<\/div><\/div><\/div>\n\n<div class=\"gb-grid-column gb-grid-column-cb46cc96\"><div class=\"gb-container gb-container-cb46cc96\" id=\"content-col\"><div class=\"gb-inside-container\">\n\n<h2 class=\"wp-block-heading\" id=\"h-ftb-connect-ist-eine-sowohl-fur-den-innen-als-auch-den-ausseneinsatz-geeignete-universallosung\">FTB Connect ist eine sowohl f\u00fcr den Innen- als auch den Au\u00dfeneinsatz geeignete Universall\u00f6sung.<\/h2>\n\n\n\n<p>L\u00f6sung zur Wand- und Mastmontage mit Zugangsschutz. Mit der Fiber Termination Box (FTB) Connect wurden die Installationsm\u00f6glichkeiten erweitert \u2013 nun sind alle vier Seiten mit insgesamt 10 Ports zug\u00e4nglich. Diese gut durchdachte L\u00f6sung bietet eine lange Lebensdauer und einen maximalen Investitionsschutz. Die FTB Connect adressiert unterschiedliche FTTH-Topologien und kann aufgrund ihrer Flexibilit\u00e4t Splitter, Patch- und Splei\u00df-Optionen aufnehmen. 72 Glasfasern werden in einem kompakten Geh\u00e4use terminiert. Alternativ kann Connect auch als reine Splei\u00dfverteilerbox genutzt werden.     <\/p>\n\n\n\n<div style=\"height:15px\" aria-hidden=\"true\" class=\"wp-block-spacer\"><\/div>\n\n\n\n<figure class=\"wp-block-video\"><video height=\"1080\" style=\"aspect-ratio: 1920 \/ 1080;\" width=\"1920\" autoplay controls src=\"https:\/\/emea.technetix.com\/wp-content\/uploads\/sites\/2\/2024\/05\/24THX_connect_v20.mp4\"><\/video><\/figure>\n\n\n\n<div style=\"height:15px\" aria-hidden=\"true\" class=\"wp-block-spacer\"><\/div>\n\n\n\n<ul class=\"wp-block-list\">\n<li>&#8211; 72x Crimp- oder Schrumpf-Splei\u00dfhalter<\/li>\n\n\n\n<li>&#8211; 3x Halter f\u00fcr PLC-Splitter und 1x Halter f\u00fcr PLC-Splitter pro Kassette<\/li>\n\n\n\n<li>2x 12 Kopplungen per ausfaltbarer Kassette (48x LC)<\/li>\n\n\n\n<li>Aufsteckbare und entfernbare Abdeckung<\/li>\n<\/ul>\n\n<\/div><\/div><\/div>\n<\/div>\n<\/div>\n\n<div class=\"gb-container gb-container-e4a86c09 gb-container-con-buttons-bottom\">\n\n<h2 class=\"gb-headline gb-headline-7ce6fa4b gb-headline-text gb-headline-head-bottom-buttons\">N\u00fctzliche Links<\/h2>\n\n\n<div class=\"gb-button-wrapper gb-button-wrapper-5300c273 gb-button-wrapper-after-con-buttons\">\n\n<a class=\"gb-button gb-button-11d97b61 gb-button-text gb-button-bottom-button\" href=\"https:\/\/emea.technetix.com\/wp-content\/uploads\/sites\/2\/2024\/08\/19014806_FTB-CONNECT_V7_DS_EN.pdf\" target=\"_blank\" rel=\"noopener noreferrer\">Datenblatt<\/a>\n\n\n\n<a class=\"gb-button gb-button-74bfad52 gb-button-text gb-button-bottom-button\" href=\"https:\/\/emea.technetix.com\/de\/kontakt\/\">Kontakt<\/a>\n\n<\/div>\n<\/div>","protected":false},"excerpt":{"rendered":"<p>N\u00fctzliche Links<\/p>\n","protected":false},"author":3,"featured_media":0,"parent":415935,"menu_order":0,"comment_status":"closed","ping_status":"closed","template":"","meta":{"_acf_changed":false,"_gspb_post_css":"","footnotes":""},"class_list":["post-415959","page","type-page","status-publish"],"yoast_head":"<!-- This site is optimized with the Yoast SEO Premium plugin v22.5 (Yoast SEO v27.4) - https:\/\/yoast.com\/product\/yoast-seo-premium-wordpress\/ -->\n<title>FTB Connect - Technetix EMEA<\/title>\n<meta name=\"robots\" content=\"index, follow, max-snippet:-1, max-image-preview:large, max-video-preview:-1\" \/>\n<link rel=\"canonical\" href=\"https:\/\/emea.technetix.com\/de\/glasfasernetzwerk\/dosen-fuer-die-glasfaserterminierung-in-grossen-mehrfamilienhaeusern\/ftb-connect\/\" \/>\n<meta property=\"og:locale\" content=\"de_DE\" \/>\n<meta property=\"og:type\" content=\"article\" \/>\n<meta property=\"og:title\" content=\"FTB Connect - Technetix EMEA\" \/>\n<meta property=\"og:description\" content=\"N\u00fctzliche Links\" \/>\n<meta property=\"og:url\" content=\"https:\/\/emea.technetix.com\/de\/glasfasernetzwerk\/dosen-fuer-die-glasfaserterminierung-in-grossen-mehrfamilienhaeusern\/ftb-connect\/\" \/>\n<meta property=\"og:site_name\" content=\"Technetix EMEA\" \/>\n<meta property=\"article:modified_time\" content=\"2024-08-19T12:29:39+00:00\" \/>\n<meta property=\"og:image\" content=\"https:\/\/emea.technetix.com\/wp-content\/uploads\/sites\/2\/2023\/11\/19014707_FTB-CONNECT_PRFL_08.png\" \/>\n<meta name=\"twitter:card\" content=\"summary_large_image\" \/>\n<meta name=\"twitter:site\" content=\"@technetixgroup\" \/>\n<meta name=\"twitter:label1\" content=\"Gesch\u00e4tzte Lesezeit\" \/>\n\t<meta name=\"twitter:data1\" content=\"1\u00a0Minute\" \/>\n<script type=\"application\/ld+json\" class=\"yoast-schema-graph\">{\"@context\":\"https:\\\/\\\/schema.org\",\"@graph\":[{\"@type\":\"WebPage\",\"@id\":\"https:\\\/\\\/emea.technetix.com\\\/de\\\/glasfasernetzwerk\\\/dosen-fuer-die-glasfaserterminierung-in-grossen-mehrfamilienhaeusern\\\/ftb-connect\\\/\",\"url\":\"https:\\\/\\\/emea.technetix.com\\\/de\\\/glasfasernetzwerk\\\/dosen-fuer-die-glasfaserterminierung-in-grossen-mehrfamilienhaeusern\\\/ftb-connect\\\/\",\"name\":\"FTB Connect - Technetix EMEA\",\"isPartOf\":{\"@id\":\"https:\\\/\\\/emea.technetix.com\\\/de\\\/#website\"},\"primaryImageOfPage\":{\"@id\":\"https:\\\/\\\/emea.technetix.com\\\/de\\\/glasfasernetzwerk\\\/dosen-fuer-die-glasfaserterminierung-in-grossen-mehrfamilienhaeusern\\\/ftb-connect\\\/#primaryimage\"},\"image\":{\"@id\":\"https:\\\/\\\/emea.technetix.com\\\/de\\\/glasfasernetzwerk\\\/dosen-fuer-die-glasfaserterminierung-in-grossen-mehrfamilienhaeusern\\\/ftb-connect\\\/#primaryimage\"},\"thumbnailUrl\":\"https:\\\/\\\/emea.technetix.com\\\/wp-content\\\/uploads\\\/sites\\\/2\\\/2023\\\/11\\\/19014707_FTB-CONNECT_PRFL_08.png\",\"datePublished\":\"2023-11-13T11:49:34+00:00\",\"dateModified\":\"2024-08-19T12:29:39+00:00\",\"breadcrumb\":{\"@id\":\"https:\\\/\\\/emea.technetix.com\\\/de\\\/glasfasernetzwerk\\\/dosen-fuer-die-glasfaserterminierung-in-grossen-mehrfamilienhaeusern\\\/ftb-connect\\\/#breadcrumb\"},\"inLanguage\":\"de\",\"potentialAction\":[{\"@type\":\"ReadAction\",\"target\":[\"https:\\\/\\\/emea.technetix.com\\\/de\\\/glasfasernetzwerk\\\/dosen-fuer-die-glasfaserterminierung-in-grossen-mehrfamilienhaeusern\\\/ftb-connect\\\/\"]}]},{\"@type\":\"ImageObject\",\"inLanguage\":\"de\",\"@id\":\"https:\\\/\\\/emea.technetix.com\\\/de\\\/glasfasernetzwerk\\\/dosen-fuer-die-glasfaserterminierung-in-grossen-mehrfamilienhaeusern\\\/ftb-connect\\\/#primaryimage\",\"url\":\"https:\\\/\\\/emea.technetix.com\\\/wp-content\\\/uploads\\\/sites\\\/2\\\/2023\\\/11\\\/19014707_FTB-CONNECT_PRFL_08.png\",\"contentUrl\":\"https:\\\/\\\/emea.technetix.com\\\/wp-content\\\/uploads\\\/sites\\\/2\\\/2023\\\/11\\\/19014707_FTB-CONNECT_PRFL_08.png\"},{\"@type\":\"BreadcrumbList\",\"@id\":\"https:\\\/\\\/emea.technetix.com\\\/de\\\/glasfasernetzwerk\\\/dosen-fuer-die-glasfaserterminierung-in-grossen-mehrfamilienhaeusern\\\/ftb-connect\\\/#breadcrumb\",\"itemListElement\":[{\"@type\":\"ListItem\",\"position\":1,\"name\":\"Home\",\"item\":\"https:\\\/\\\/emea.technetix.com\\\/de\\\/\"},{\"@type\":\"ListItem\",\"position\":2,\"name\":\"Glasfasernetzwerk\",\"item\":\"https:\\\/\\\/emea.technetix.com\\\/de\\\/glasfasernetzwerk\\\/\"},{\"@type\":\"ListItem\",\"position\":3,\"name\":\"Dosen f\u00fcr die Glasfaserterminierung in gro\u00dfen Mehrfamilienh\u00e4usern\",\"item\":\"https:\\\/\\\/emea.technetix.com\\\/de\\\/glasfasernetzwerk\\\/dosen-fuer-die-glasfaserterminierung-in-grossen-mehrfamilienhaeusern\\\/\"},{\"@type\":\"ListItem\",\"position\":4,\"name\":\"FTB Connect\"}]},{\"@type\":\"WebSite\",\"@id\":\"https:\\\/\\\/emea.technetix.com\\\/de\\\/#website\",\"url\":\"https:\\\/\\\/emea.technetix.com\\\/de\\\/\",\"name\":\"Technetix\",\"description\":\"Next-generation broadband equipment engineering\",\"publisher\":{\"@id\":\"https:\\\/\\\/emea.technetix.com\\\/de\\\/#organization\"},\"potentialAction\":[{\"@type\":\"SearchAction\",\"target\":{\"@type\":\"EntryPoint\",\"urlTemplate\":\"https:\\\/\\\/emea.technetix.com\\\/de\\\/?s={search_term_string}\"},\"query-input\":{\"@type\":\"PropertyValueSpecification\",\"valueRequired\":true,\"valueName\":\"search_term_string\"}}],\"inLanguage\":\"de\"},{\"@type\":\"Organization\",\"@id\":\"https:\\\/\\\/emea.technetix.com\\\/de\\\/#organization\",\"name\":\"Technetix\",\"url\":\"https:\\\/\\\/emea.technetix.com\\\/de\\\/\",\"logo\":{\"@type\":\"ImageObject\",\"inLanguage\":\"de\",\"@id\":\"https:\\\/\\\/emea.technetix.com\\\/de\\\/#\\\/schema\\\/logo\\\/image\\\/\",\"url\":\"https:\\\/\\\/emea.technetix.com\\\/wp-content\\\/uploads\\\/sites\\\/2\\\/2023\\\/06\\\/logo-Technetix-1000x1000-1.png\",\"contentUrl\":\"https:\\\/\\\/emea.technetix.com\\\/wp-content\\\/uploads\\\/sites\\\/2\\\/2023\\\/06\\\/logo-Technetix-1000x1000-1.png\",\"width\":1000,\"height\":1000,\"caption\":\"Technetix\"},\"image\":{\"@id\":\"https:\\\/\\\/emea.technetix.com\\\/de\\\/#\\\/schema\\\/logo\\\/image\\\/\"},\"sameAs\":[\"https:\\\/\\\/x.com\\\/technetixgroup\",\"https:\\\/\\\/www.linkedin.com\\\/company\\\/technetix\\\/\",\"https:\\\/\\\/www.youtube.com\\\/c\\\/Technetix-group\"]}]}<\/script>\n<!-- \/ Yoast SEO Premium plugin. -->","yoast_head_json":{"title":"FTB Connect - Technetix EMEA","robots":{"index":"index","follow":"follow","max-snippet":"max-snippet:-1","max-image-preview":"max-image-preview:large","max-video-preview":"max-video-preview:-1"},"canonical":"https:\/\/emea.technetix.com\/de\/glasfasernetzwerk\/dosen-fuer-die-glasfaserterminierung-in-grossen-mehrfamilienhaeusern\/ftb-connect\/","og_locale":"de_DE","og_type":"article","og_title":"FTB Connect - Technetix EMEA","og_description":"N\u00fctzliche Links","og_url":"https:\/\/emea.technetix.com\/de\/glasfasernetzwerk\/dosen-fuer-die-glasfaserterminierung-in-grossen-mehrfamilienhaeusern\/ftb-connect\/","og_site_name":"Technetix EMEA","article_modified_time":"2024-08-19T12:29:39+00:00","og_image":[{"url":"https:\/\/emea.technetix.com\/wp-content\/uploads\/sites\/2\/2023\/11\/19014707_FTB-CONNECT_PRFL_08.png","type":"","width":"","height":""}],"twitter_card":"summary_large_image","twitter_site":"@technetixgroup","twitter_misc":{"Gesch\u00e4tzte Lesezeit":"1\u00a0Minute"},"schema":{"@context":"https:\/\/schema.org","@graph":[{"@type":"WebPage","@id":"https:\/\/emea.technetix.com\/de\/glasfasernetzwerk\/dosen-fuer-die-glasfaserterminierung-in-grossen-mehrfamilienhaeusern\/ftb-connect\/","url":"https:\/\/emea.technetix.com\/de\/glasfasernetzwerk\/dosen-fuer-die-glasfaserterminierung-in-grossen-mehrfamilienhaeusern\/ftb-connect\/","name":"FTB Connect - Technetix EMEA","isPartOf":{"@id":"https:\/\/emea.technetix.com\/de\/#website"},"primaryImageOfPage":{"@id":"https:\/\/emea.technetix.com\/de\/glasfasernetzwerk\/dosen-fuer-die-glasfaserterminierung-in-grossen-mehrfamilienhaeusern\/ftb-connect\/#primaryimage"},"image":{"@id":"https:\/\/emea.technetix.com\/de\/glasfasernetzwerk\/dosen-fuer-die-glasfaserterminierung-in-grossen-mehrfamilienhaeusern\/ftb-connect\/#primaryimage"},"thumbnailUrl":"https:\/\/emea.technetix.com\/wp-content\/uploads\/sites\/2\/2023\/11\/19014707_FTB-CONNECT_PRFL_08.png","datePublished":"2023-11-13T11:49:34+00:00","dateModified":"2024-08-19T12:29:39+00:00","breadcrumb":{"@id":"https:\/\/emea.technetix.com\/de\/glasfasernetzwerk\/dosen-fuer-die-glasfaserterminierung-in-grossen-mehrfamilienhaeusern\/ftb-connect\/#breadcrumb"},"inLanguage":"de","potentialAction":[{"@type":"ReadAction","target":["https:\/\/emea.technetix.com\/de\/glasfasernetzwerk\/dosen-fuer-die-glasfaserterminierung-in-grossen-mehrfamilienhaeusern\/ftb-connect\/"]}]},{"@type":"ImageObject","inLanguage":"de","@id":"https:\/\/emea.technetix.com\/de\/glasfasernetzwerk\/dosen-fuer-die-glasfaserterminierung-in-grossen-mehrfamilienhaeusern\/ftb-connect\/#primaryimage","url":"https:\/\/emea.technetix.com\/wp-content\/uploads\/sites\/2\/2023\/11\/19014707_FTB-CONNECT_PRFL_08.png","contentUrl":"https:\/\/emea.technetix.com\/wp-content\/uploads\/sites\/2\/2023\/11\/19014707_FTB-CONNECT_PRFL_08.png"},{"@type":"BreadcrumbList","@id":"https:\/\/emea.technetix.com\/de\/glasfasernetzwerk\/dosen-fuer-die-glasfaserterminierung-in-grossen-mehrfamilienhaeusern\/ftb-connect\/#breadcrumb","itemListElement":[{"@type":"ListItem","position":1,"name":"Home","item":"https:\/\/emea.technetix.com\/de\/"},{"@type":"ListItem","position":2,"name":"Glasfasernetzwerk","item":"https:\/\/emea.technetix.com\/de\/glasfasernetzwerk\/"},{"@type":"ListItem","position":3,"name":"Dosen f\u00fcr die Glasfaserterminierung in gro\u00dfen Mehrfamilienh\u00e4usern","item":"https:\/\/emea.technetix.com\/de\/glasfasernetzwerk\/dosen-fuer-die-glasfaserterminierung-in-grossen-mehrfamilienhaeusern\/"},{"@type":"ListItem","position":4,"name":"FTB Connect"}]},{"@type":"WebSite","@id":"https:\/\/emea.technetix.com\/de\/#website","url":"https:\/\/emea.technetix.com\/de\/","name":"Technetix","description":"Next-generation broadband equipment engineering","publisher":{"@id":"https:\/\/emea.technetix.com\/de\/#organization"},"potentialAction":[{"@type":"SearchAction","target":{"@type":"EntryPoint","urlTemplate":"https:\/\/emea.technetix.com\/de\/?s={search_term_string}"},"query-input":{"@type":"PropertyValueSpecification","valueRequired":true,"valueName":"search_term_string"}}],"inLanguage":"de"},{"@type":"Organization","@id":"https:\/\/emea.technetix.com\/de\/#organization","name":"Technetix","url":"https:\/\/emea.technetix.com\/de\/","logo":{"@type":"ImageObject","inLanguage":"de","@id":"https:\/\/emea.technetix.com\/de\/#\/schema\/logo\/image\/","url":"https:\/\/emea.technetix.com\/wp-content\/uploads\/sites\/2\/2023\/06\/logo-Technetix-1000x1000-1.png","contentUrl":"https:\/\/emea.technetix.com\/wp-content\/uploads\/sites\/2\/2023\/06\/logo-Technetix-1000x1000-1.png","width":1000,"height":1000,"caption":"Technetix"},"image":{"@id":"https:\/\/emea.technetix.com\/de\/#\/schema\/logo\/image\/"},"sameAs":["https:\/\/x.com\/technetixgroup","https:\/\/www.linkedin.com\/company\/technetix\/","https:\/\/www.youtube.com\/c\/Technetix-group"]}]}},"acf":[],"publishpress_future_workflow_manual_trigger":{"enabledWorkflows":[]},"_links":{"self":[{"href":"https:\/\/emea.technetix.com\/de\/wp-json\/wp\/v2\/pages\/415959","targetHints":{"allow":["GET"]}}],"collection":[{"href":"https:\/\/emea.technetix.com\/de\/wp-json\/wp\/v2\/pages"}],"about":[{"href":"https:\/\/emea.technetix.com\/de\/wp-json\/wp\/v2\/types\/page"}],"author":[{"embeddable":true,"href":"https:\/\/emea.technetix.com\/de\/wp-json\/wp\/v2\/users\/3"}],"replies":[{"embeddable":true,"href":"https:\/\/emea.technetix.com\/de\/wp-json\/wp\/v2\/comments?post=415959"}],"version-history":[{"count":0,"href":"https:\/\/emea.technetix.com\/de\/wp-json\/wp\/v2\/pages\/415959\/revisions"}],"up":[{"embeddable":true,"href":"https:\/\/emea.technetix.com\/de\/wp-json\/wp\/v2\/pages\/415935"}],"wp:attachment":[{"href":"https:\/\/emea.technetix.com\/de\/wp-json\/wp\/v2\/media?parent=415959"}],"curies":[{"name":"wp","href":"https:\/\/api.w.org\/{rel}","templated":true}]}}