{"id":415652,"date":"2023-10-12T15:17:34","date_gmt":"2023-10-12T15:17:34","guid":{"rendered":"https:\/\/emea.technetix.com\/aspx\/"},"modified":"2025-05-06T10:21:29","modified_gmt":"2025-05-06T10:21:29","slug":"aspx","status":"publish","type":"page","link":"https:\/\/emea.technetix.com\/de\/stromversorgungsloesungen\/aspx\/","title":{"rendered":"Access Smart Powering"},"content":{"rendered":"<div class=\"gb-container gb-container-f86f3f4f gb-container-hero-banner\" id=\"banner\"><div class=\"gb-inside-container\">\n<h1 class=\"gb-headline gb-headline-e1547755 gb-headline-text gb-headline-hero-banner-title\">Access Smart Powering<\/h1>\n<\/div><\/div><div class=\"gb-container gb-container-13985861 gb-container-inner-back-page-con\" id=\"content\">\n\n<h2 class=\"gb-headline gb-headline-d02c52e4 gb-headline-text\">Verringern Sie den Energiebedarf des Netzwerks um bis zu 30 %<\/h2>\n\n\n\n<p>H\u00e4ufig bedeuten HFC-Netzwerkaufr\u00fcstungen auf 1,2 GHz oder 1,8 GHz die Installation zus\u00e4tzlicher vom Hauptstromnetz versorgte Einspeisungspunkte, neue Hardware und die Verwendung stromintensiver Ausr\u00fcstung. Dies erfordert normalerweise mehr Leistung als die konventionelle Infrastruktur. Netzbetreiber werden aufgrund des erh\u00f6hten Leistungsbedarfs durch zus\u00e4tzliche Kosten belastet. <\/p>\n\n\n\n<p>Access Smart Powering (ASPX) stellt f\u00fcr Netzbetreiber eine bahnbrechende M\u00f6glichkeit zur Reduzierung der Energiekosten des HFC-Netzwerks dar. ASPX basiert vollst\u00e4ndig auf einer DC-Stromversorgung, bietet eine Effizienz von 94 %, eliminiert Stromspitzen und daraus folgende <sup>I2R<\/sup>-Leistungsverluste in der Verkabelung (was ein Einsparpotenzial von mehr als 20 % bedeutet) und weist einen Anlagen-Leistungsfaktor von 1 auf. <\/p>\n\n\n\n<p>Die DC-AC-Umwandlung zwischen der Standby-Batterieversorgung und dem Ausgang wird durch eine effizientere DC-DC-Umwandlung ersetzt. Dies erh\u00f6ht die Standby-Zeit der Batterieversorgung um 10 % bis 20 %. Netzbetreiber profitieren somit von substantiellen Kosteneinsparungen. <\/p>\n\n\n\n<p>Kontaktieren Sie uns und erfahren Sie mehr dar\u00fcber, wie ASPX von Technetix den Leistungsbedarf ihres Netzwerks um bis zu 30 % verringern kann.<\/p>\n\n<\/div><div class=\"gb-container gb-container-e4a86c09 gb-container-con-buttons-bottom\" id=\"buttons\">\n\n<h2 class=\"gb-headline gb-headline-7ce6fa4b gb-headline-text gb-headline-head-bottom-buttons\">N\u00fctzliche Links<\/h2>\n\n\n<div class=\"gb-button-wrapper gb-button-wrapper-5300c273 gb-button-wrapper-after-con-buttons\">\n\n<a class=\"gb-button gb-button-99dd3ee3 gb-button-text gb-button-bottom-button\" href=\"https:\/\/emea.technetix.com\/latest-news\/a-triple-win-for-technetix\/\" target=\"_blank\" rel=\"noopener noreferrer\">Pressemitteilung zum DTR-Award<\/a>\n\n\n\n<a class=\"gb-button gb-button-ff3bad62 gb-button-text gb-button-bottom-button\" href=\"https:\/\/emea.technetix.com\/de\/kontakt\/\" target=\"_blank\" rel=\"noopener noreferrer\">Kontakt<\/a>\n\n<\/div>\n<\/div>","protected":false},"excerpt":{"rendered":"<p>Access Smart Powering Verringern Sie den Energiebedarf des Netzwerks um bis zu 30 % H\u00e4ufig bedeuten HFC-Netzwerkaufr\u00fcstungen auf 1,2 GHz oder 1,8 GHz die Installation zus\u00e4tzlicher vom Hauptstromnetz versorgte Einspeisungspunkte, neue Hardware und die Verwendung stromintensiver Ausr\u00fcstung. Dies erfordert normalerweise mehr Leistung als die konventionelle Infrastruktur. Netzbetreiber werden aufgrund des erh\u00f6hten Leistungsbedarfs durch zus\u00e4tzliche Kosten &#8230; <a title=\"Access Smart Powering\" class=\"read-more\" href=\"https:\/\/emea.technetix.com\/de\/stromversorgungsloesungen\/aspx\/\" aria-label=\"Mehr Informationen \u00fcber Access Smart Powering\">Read more<\/a><\/p>\n","protected":false},"author":3,"featured_media":1062324,"parent":432986,"menu_order":0,"comment_status":"closed","ping_status":"closed","template":"","meta":{"_acf_changed":false,"_gspb_post_css":"","footnotes":""},"class_list":["post-415652","page","type-page","status-publish","has-post-thumbnail"],"yoast_head":"<!-- This site is optimized with the Yoast SEO Premium plugin v22.5 (Yoast SEO v27.4) - https:\/\/yoast.com\/product\/yoast-seo-premium-wordpress\/ -->\n<title>Access Smart Powering - Technetix EMEA<\/title>\n<meta name=\"robots\" content=\"index, follow, max-snippet:-1, max-image-preview:large, max-video-preview:-1\" \/>\n<link rel=\"canonical\" href=\"https:\/\/emea.technetix.com\/de\/stromversorgungsloesungen\/aspx\/\" \/>\n<meta property=\"og:locale\" content=\"de_DE\" \/>\n<meta property=\"og:type\" content=\"article\" \/>\n<meta property=\"og:title\" content=\"Access Smart Powering - Technetix EMEA\" \/>\n<meta property=\"og:description\" content=\"Access Smart Powering Verringern Sie den Energiebedarf des Netzwerks um bis zu 30 % H\u00e4ufig bedeuten HFC-Netzwerkaufr\u00fcstungen auf 1,2 GHz oder 1,8 GHz die Installation zus\u00e4tzlicher vom Hauptstromnetz versorgte Einspeisungspunkte, neue Hardware und die Verwendung stromintensiver Ausr\u00fcstung. Dies erfordert normalerweise mehr Leistung als die konventionelle Infrastruktur. Netzbetreiber werden aufgrund des erh\u00f6hten Leistungsbedarfs durch zus\u00e4tzliche Kosten ... Read more\" \/>\n<meta property=\"og:url\" content=\"https:\/\/emea.technetix.com\/de\/stromversorgungsloesungen\/aspx\/\" \/>\n<meta property=\"og:site_name\" content=\"Technetix EMEA\" \/>\n<meta property=\"article:modified_time\" content=\"2025-05-06T10:21:29+00:00\" \/>\n<meta property=\"og:image\" content=\"https:\/\/emea.technetix.com\/wp-content\/uploads\/sites\/2\/2025\/05\/PRODUCTS_LARGE_ASPX_FINAL.webp\" \/>\n\t<meta property=\"og:image:width\" content=\"1920\" \/>\n\t<meta property=\"og:image:height\" content=\"450\" \/>\n\t<meta property=\"og:image:type\" content=\"image\/webp\" \/>\n<meta name=\"twitter:card\" content=\"summary_large_image\" \/>\n<meta name=\"twitter:site\" content=\"@technetixgroup\" \/>\n<meta name=\"twitter:label1\" content=\"Gesch\u00e4tzte Lesezeit\" \/>\n\t<meta name=\"twitter:data1\" content=\"1\u00a0Minute\" \/>\n<script type=\"application\/ld+json\" class=\"yoast-schema-graph\">{\"@context\":\"https:\\\/\\\/schema.org\",\"@graph\":[{\"@type\":\"WebPage\",\"@id\":\"https:\\\/\\\/emea.technetix.com\\\/de\\\/stromversorgungsloesungen\\\/aspx\\\/\",\"url\":\"https:\\\/\\\/emea.technetix.com\\\/de\\\/stromversorgungsloesungen\\\/aspx\\\/\",\"name\":\"Access Smart Powering - Technetix EMEA\",\"isPartOf\":{\"@id\":\"https:\\\/\\\/emea.technetix.com\\\/de\\\/#website\"},\"primaryImageOfPage\":{\"@id\":\"https:\\\/\\\/emea.technetix.com\\\/de\\\/stromversorgungsloesungen\\\/aspx\\\/#primaryimage\"},\"image\":{\"@id\":\"https:\\\/\\\/emea.technetix.com\\\/de\\\/stromversorgungsloesungen\\\/aspx\\\/#primaryimage\"},\"thumbnailUrl\":\"https:\\\/\\\/emea.technetix.com\\\/wp-content\\\/uploads\\\/sites\\\/2\\\/2025\\\/05\\\/PRODUCTS_LARGE_ASPX_FINAL.webp\",\"datePublished\":\"2023-10-12T15:17:34+00:00\",\"dateModified\":\"2025-05-06T10:21:29+00:00\",\"breadcrumb\":{\"@id\":\"https:\\\/\\\/emea.technetix.com\\\/de\\\/stromversorgungsloesungen\\\/aspx\\\/#breadcrumb\"},\"inLanguage\":\"de\",\"potentialAction\":[{\"@type\":\"ReadAction\",\"target\":[\"https:\\\/\\\/emea.technetix.com\\\/de\\\/stromversorgungsloesungen\\\/aspx\\\/\"]}]},{\"@type\":\"ImageObject\",\"inLanguage\":\"de\",\"@id\":\"https:\\\/\\\/emea.technetix.com\\\/de\\\/stromversorgungsloesungen\\\/aspx\\\/#primaryimage\",\"url\":\"https:\\\/\\\/emea.technetix.com\\\/wp-content\\\/uploads\\\/sites\\\/2\\\/2025\\\/05\\\/PRODUCTS_LARGE_ASPX_FINAL.webp\",\"contentUrl\":\"https:\\\/\\\/emea.technetix.com\\\/wp-content\\\/uploads\\\/sites\\\/2\\\/2025\\\/05\\\/PRODUCTS_LARGE_ASPX_FINAL.webp\",\"width\":1920,\"height\":450,\"caption\":\"Technetix ASPX banner\"},{\"@type\":\"BreadcrumbList\",\"@id\":\"https:\\\/\\\/emea.technetix.com\\\/de\\\/stromversorgungsloesungen\\\/aspx\\\/#breadcrumb\",\"itemListElement\":[{\"@type\":\"ListItem\",\"position\":1,\"name\":\"Home\",\"item\":\"https:\\\/\\\/emea.technetix.com\\\/de\\\/\"},{\"@type\":\"ListItem\",\"position\":2,\"name\":\"Stromversorgungsl\u00f6sungen\",\"item\":\"https:\\\/\\\/emea.technetix.com\\\/de\\\/stromversorgungsloesungen\\\/\"},{\"@type\":\"ListItem\",\"position\":3,\"name\":\"Access Smart Powering\"}]},{\"@type\":\"WebSite\",\"@id\":\"https:\\\/\\\/emea.technetix.com\\\/de\\\/#website\",\"url\":\"https:\\\/\\\/emea.technetix.com\\\/de\\\/\",\"name\":\"Technetix\",\"description\":\"Next-generation broadband equipment engineering\",\"publisher\":{\"@id\":\"https:\\\/\\\/emea.technetix.com\\\/de\\\/#organization\"},\"potentialAction\":[{\"@type\":\"SearchAction\",\"target\":{\"@type\":\"EntryPoint\",\"urlTemplate\":\"https:\\\/\\\/emea.technetix.com\\\/de\\\/?s={search_term_string}\"},\"query-input\":{\"@type\":\"PropertyValueSpecification\",\"valueRequired\":true,\"valueName\":\"search_term_string\"}}],\"inLanguage\":\"de\"},{\"@type\":\"Organization\",\"@id\":\"https:\\\/\\\/emea.technetix.com\\\/de\\\/#organization\",\"name\":\"Technetix\",\"url\":\"https:\\\/\\\/emea.technetix.com\\\/de\\\/\",\"logo\":{\"@type\":\"ImageObject\",\"inLanguage\":\"de\",\"@id\":\"https:\\\/\\\/emea.technetix.com\\\/de\\\/#\\\/schema\\\/logo\\\/image\\\/\",\"url\":\"https:\\\/\\\/emea.technetix.com\\\/wp-content\\\/uploads\\\/sites\\\/2\\\/2023\\\/06\\\/logo-Technetix-1000x1000-1.png\",\"contentUrl\":\"https:\\\/\\\/emea.technetix.com\\\/wp-content\\\/uploads\\\/sites\\\/2\\\/2023\\\/06\\\/logo-Technetix-1000x1000-1.png\",\"width\":1000,\"height\":1000,\"caption\":\"Technetix\"},\"image\":{\"@id\":\"https:\\\/\\\/emea.technetix.com\\\/de\\\/#\\\/schema\\\/logo\\\/image\\\/\"},\"sameAs\":[\"https:\\\/\\\/x.com\\\/technetixgroup\",\"https:\\\/\\\/www.linkedin.com\\\/company\\\/technetix\\\/\",\"https:\\\/\\\/www.youtube.com\\\/c\\\/Technetix-group\"]}]}<\/script>\n<!-- \/ Yoast SEO Premium plugin. -->","yoast_head_json":{"title":"Access Smart Powering - Technetix EMEA","robots":{"index":"index","follow":"follow","max-snippet":"max-snippet:-1","max-image-preview":"max-image-preview:large","max-video-preview":"max-video-preview:-1"},"canonical":"https:\/\/emea.technetix.com\/de\/stromversorgungsloesungen\/aspx\/","og_locale":"de_DE","og_type":"article","og_title":"Access Smart Powering - Technetix EMEA","og_description":"Access Smart Powering Verringern Sie den Energiebedarf des Netzwerks um bis zu 30 % H\u00e4ufig bedeuten HFC-Netzwerkaufr\u00fcstungen auf 1,2 GHz oder 1,8 GHz die Installation zus\u00e4tzlicher vom Hauptstromnetz versorgte Einspeisungspunkte, neue Hardware und die Verwendung stromintensiver Ausr\u00fcstung. Dies erfordert normalerweise mehr Leistung als die konventionelle Infrastruktur. Netzbetreiber werden aufgrund des erh\u00f6hten Leistungsbedarfs durch zus\u00e4tzliche Kosten ... Read more","og_url":"https:\/\/emea.technetix.com\/de\/stromversorgungsloesungen\/aspx\/","og_site_name":"Technetix EMEA","article_modified_time":"2025-05-06T10:21:29+00:00","og_image":[{"width":1920,"height":450,"url":"https:\/\/emea.technetix.com\/wp-content\/uploads\/sites\/2\/2025\/05\/PRODUCTS_LARGE_ASPX_FINAL.webp","type":"image\/webp"}],"twitter_card":"summary_large_image","twitter_site":"@technetixgroup","twitter_misc":{"Gesch\u00e4tzte Lesezeit":"1\u00a0Minute"},"schema":{"@context":"https:\/\/schema.org","@graph":[{"@type":"WebPage","@id":"https:\/\/emea.technetix.com\/de\/stromversorgungsloesungen\/aspx\/","url":"https:\/\/emea.technetix.com\/de\/stromversorgungsloesungen\/aspx\/","name":"Access Smart Powering - Technetix EMEA","isPartOf":{"@id":"https:\/\/emea.technetix.com\/de\/#website"},"primaryImageOfPage":{"@id":"https:\/\/emea.technetix.com\/de\/stromversorgungsloesungen\/aspx\/#primaryimage"},"image":{"@id":"https:\/\/emea.technetix.com\/de\/stromversorgungsloesungen\/aspx\/#primaryimage"},"thumbnailUrl":"https:\/\/emea.technetix.com\/wp-content\/uploads\/sites\/2\/2025\/05\/PRODUCTS_LARGE_ASPX_FINAL.webp","datePublished":"2023-10-12T15:17:34+00:00","dateModified":"2025-05-06T10:21:29+00:00","breadcrumb":{"@id":"https:\/\/emea.technetix.com\/de\/stromversorgungsloesungen\/aspx\/#breadcrumb"},"inLanguage":"de","potentialAction":[{"@type":"ReadAction","target":["https:\/\/emea.technetix.com\/de\/stromversorgungsloesungen\/aspx\/"]}]},{"@type":"ImageObject","inLanguage":"de","@id":"https:\/\/emea.technetix.com\/de\/stromversorgungsloesungen\/aspx\/#primaryimage","url":"https:\/\/emea.technetix.com\/wp-content\/uploads\/sites\/2\/2025\/05\/PRODUCTS_LARGE_ASPX_FINAL.webp","contentUrl":"https:\/\/emea.technetix.com\/wp-content\/uploads\/sites\/2\/2025\/05\/PRODUCTS_LARGE_ASPX_FINAL.webp","width":1920,"height":450,"caption":"Technetix ASPX banner"},{"@type":"BreadcrumbList","@id":"https:\/\/emea.technetix.com\/de\/stromversorgungsloesungen\/aspx\/#breadcrumb","itemListElement":[{"@type":"ListItem","position":1,"name":"Home","item":"https:\/\/emea.technetix.com\/de\/"},{"@type":"ListItem","position":2,"name":"Stromversorgungsl\u00f6sungen","item":"https:\/\/emea.technetix.com\/de\/stromversorgungsloesungen\/"},{"@type":"ListItem","position":3,"name":"Access Smart Powering"}]},{"@type":"WebSite","@id":"https:\/\/emea.technetix.com\/de\/#website","url":"https:\/\/emea.technetix.com\/de\/","name":"Technetix","description":"Next-generation broadband equipment engineering","publisher":{"@id":"https:\/\/emea.technetix.com\/de\/#organization"},"potentialAction":[{"@type":"SearchAction","target":{"@type":"EntryPoint","urlTemplate":"https:\/\/emea.technetix.com\/de\/?s={search_term_string}"},"query-input":{"@type":"PropertyValueSpecification","valueRequired":true,"valueName":"search_term_string"}}],"inLanguage":"de"},{"@type":"Organization","@id":"https:\/\/emea.technetix.com\/de\/#organization","name":"Technetix","url":"https:\/\/emea.technetix.com\/de\/","logo":{"@type":"ImageObject","inLanguage":"de","@id":"https:\/\/emea.technetix.com\/de\/#\/schema\/logo\/image\/","url":"https:\/\/emea.technetix.com\/wp-content\/uploads\/sites\/2\/2023\/06\/logo-Technetix-1000x1000-1.png","contentUrl":"https:\/\/emea.technetix.com\/wp-content\/uploads\/sites\/2\/2023\/06\/logo-Technetix-1000x1000-1.png","width":1000,"height":1000,"caption":"Technetix"},"image":{"@id":"https:\/\/emea.technetix.com\/de\/#\/schema\/logo\/image\/"},"sameAs":["https:\/\/x.com\/technetixgroup","https:\/\/www.linkedin.com\/company\/technetix\/","https:\/\/www.youtube.com\/c\/Technetix-group"]}]}},"acf":[],"publishpress_future_workflow_manual_trigger":{"enabledWorkflows":[]},"_links":{"self":[{"href":"https:\/\/emea.technetix.com\/de\/wp-json\/wp\/v2\/pages\/415652","targetHints":{"allow":["GET"]}}],"collection":[{"href":"https:\/\/emea.technetix.com\/de\/wp-json\/wp\/v2\/pages"}],"about":[{"href":"https:\/\/emea.technetix.com\/de\/wp-json\/wp\/v2\/types\/page"}],"author":[{"embeddable":true,"href":"https:\/\/emea.technetix.com\/de\/wp-json\/wp\/v2\/users\/3"}],"replies":[{"embeddable":true,"href":"https:\/\/emea.technetix.com\/de\/wp-json\/wp\/v2\/comments?post=415652"}],"version-history":[{"count":0,"href":"https:\/\/emea.technetix.com\/de\/wp-json\/wp\/v2\/pages\/415652\/revisions"}],"up":[{"embeddable":true,"href":"https:\/\/emea.technetix.com\/de\/wp-json\/wp\/v2\/pages\/432986"}],"wp:featuredmedia":[{"embeddable":true,"href":"https:\/\/emea.technetix.com\/de\/wp-json\/wp\/v2\/media\/1062324"}],"wp:attachment":[{"href":"https:\/\/emea.technetix.com\/de\/wp-json\/wp\/v2\/media?parent=415652"}],"curies":[{"name":"wp","href":"https:\/\/api.w.org\/{rel}","templated":true}]}}