{"id":397408,"date":"2023-11-08T11:38:28","date_gmt":"2023-11-08T11:38:28","guid":{"rendered":"https:\/\/emea.technetix.com\/fttx-netzwerke\/fiber-acess-terminals\/supertap-mpo-robuste-verbindungskabel-mit-steckverbindern-fuer-multiport-service-terminals-lb-mpoc\/"},"modified":"2024-05-16T11:42:27","modified_gmt":"2024-05-16T11:42:27","slug":"supertap-mpo-robuste-verbindungskabel-mit-steckverbindern-fuer-multiport-service-terminals-lb-mpoc","status":"publish","type":"page","link":"https:\/\/emea.technetix.com\/de\/glasfasernetzwerk\/fiber-acess-terminals\/supertap-mpo-robuste-verbindungskabel-mit-steckverbindern-fuer-multiport-service-terminals-lb-mpoc\/","title":{"rendered":"SuperTap\u00ae MPO Robuste Verbindungskabel mit Steckverbindern f\u00fcr Multiport Service-Terminals (LB-MPOC)"},"content":{"rendered":"<div class=\"gb-container gb-container-a2efb66f gb-container-wide-back-page-con\" id=\"content\">\n<div class=\"gb-grid-wrapper gb-grid-wrapper-5efcc144\">\n<div class=\"gb-grid-column gb-grid-column-6e2f42ae\"><div class=\"gb-container gb-container-6e2f42ae\" id=\"image-col\"><div class=\"gb-inside-container\">\n\n<figure class=\"gb-block-image gb-block-image-61e35e7d\"><img loading=\"lazy\" decoding=\"async\" width=\"672\" height=\"420\" class=\"gb-image gb-image-61e35e7d\" src=\"https:\/\/emea.technetix.com\/wp-content\/uploads\/sites\/2\/2023\/11\/SuperTap_12Fiber_MPO_to_SuperTap_12Fiber_MPO_cable-copy.png\" alt=\"\" title=\"SuperTap_12Fiber_MPO_to_SuperTap_12Fiber_MPO_cable-copy\" srcset=\"https:\/\/emea.technetix.com\/wp-content\/uploads\/sites\/2\/2023\/11\/SuperTap_12Fiber_MPO_to_SuperTap_12Fiber_MPO_cable-copy.png 672w, https:\/\/emea.technetix.com\/wp-content\/uploads\/sites\/2\/2023\/11\/SuperTap_12Fiber_MPO_to_SuperTap_12Fiber_MPO_cable-copy-300x188.png 300w, https:\/\/emea.technetix.com\/wp-content\/uploads\/sites\/2\/2023\/11\/SuperTap_12Fiber_MPO_to_SuperTap_12Fiber_MPO_cable-copy-600x375.png 600w\" sizes=\"auto, (max-width: 672px) 100vw, 672px\" \/><\/figure>\n\n<\/div><\/div><\/div>\n\n<div class=\"gb-grid-column gb-grid-column-cb46cc96\"><div class=\"gb-container gb-container-cb46cc96\" id=\"content-col\"><div class=\"gb-inside-container\">\n<h2 class=\"gb-headline gb-headline-d02c52e4 gb-headline-text\">SuperTap\u00ae MPO Robuste Verbindungskabel mit Steckverbindern f\u00fcr Multiport Service-Terminals (LB-MPOC)<\/h2>\n\n\n<p>Vorterminierte OSP-Kabel f\u00fcr eine einfache FTTx-Installation. Das verst\u00e4rkte Verbindungskabel mit Einzelglasfaser erm\u00f6glicht die schnelle Verbindung mit externen Verteiler und Splitter. Das optimierte Outdoor Kabel mit 12 Glasfasern wurde f\u00fcr einen beschleunigten Installationsprozess entwickelt, bietet eine zuverl\u00e4ssige Verbindung und ist sowohl f\u00fcr den Innen- als auch den Au\u00dfeneinsatz geeignet.  <\/p>\n\n\n\n<ul class=\"wp-block-list\">\n<li>Armiertes, rundes Au\u00dfenkabel f\u00fcr den Feldeinsatz und Kabeleinzug<\/li>\n\n\n\n<li>Robuste Stecker- und Kupplungen\/ Adapter<\/li>\n\n\n\n<li>Hybride Steckverbinder: ein Ende mit SuperTap 12-Glasfaserverbinder und das andere Ende mit 12 Standard 12\/APC oder SuperTap 12-Glasfaser MPO an beiden Enden<\/li>\n\n\n\n<li>Kleine Bauform und geringer Biegeradius<\/li>\n<\/ul>\n\n<\/div><\/div><\/div>\n<\/div>\n\n<div class=\"gb-container gb-container-dbeed0b8 gb-container-con-buttons-bottom\">\n\n<h2 class=\"gb-headline gb-headline-7ce6fa4b gb-headline-text gb-headline-head-bottom-buttons\">N\u00fctzliche Links<\/h2>\n\n\n<div class=\"gb-button-wrapper gb-button-wrapper-5300c273 gb-button-wrapper-after-con-buttons\">\n\n<a class=\"gb-button gb-button-3eadfa91 gb-button-text gb-button-bottom-button\" href=\"https:\/\/emea.technetix.com\/wp-content\/uploads\/sites\/2\/2023\/11\/LB_MPOC_Series_V1_DS_EN.pdf\" target=\"_blank\" rel=\"noopener noreferrer\">Datenblatt<\/a>\n\n\n\n<a class=\"gb-button gb-button-74bfad52 gb-button-text gb-button-bottom-button\" href=\"https:\/\/emea.technetix.com\/de\/kontakt\/\">Kontakt<\/a>\n\n<\/div>\n<\/div>\n<\/div>","protected":false},"excerpt":{"rendered":"<p>N\u00fctzliche Links<\/p>\n","protected":false},"author":21,"featured_media":0,"parent":394596,"menu_order":0,"comment_status":"closed","ping_status":"closed","template":"","meta":{"_acf_changed":false,"_gspb_post_css":"","footnotes":""},"class_list":["post-397408","page","type-page","status-publish"],"yoast_head":"<!-- This site is optimized with the Yoast SEO Premium plugin v22.5 (Yoast SEO v27.4) - https:\/\/yoast.com\/product\/yoast-seo-premium-wordpress\/ -->\n<title>SuperTap\u00ae MPO Robuste Verbindungskabel mit Steckverbindern f\u00fcr Multiport Service-Terminals (LB-MPOC) - Technetix EMEA<\/title>\n<meta name=\"robots\" content=\"index, follow, max-snippet:-1, max-image-preview:large, max-video-preview:-1\" \/>\n<link rel=\"canonical\" href=\"https:\/\/emea.technetix.com\/de\/glasfasernetzwerk\/fiber-acess-terminals\/supertap-mpo-robuste-verbindungskabel-mit-steckverbindern-fuer-multiport-service-terminals-lb-mpoc\/\" \/>\n<meta property=\"og:locale\" content=\"de_DE\" \/>\n<meta property=\"og:type\" content=\"article\" \/>\n<meta property=\"og:title\" content=\"SuperTap\u00ae MPO Robuste Verbindungskabel mit Steckverbindern f\u00fcr Multiport Service-Terminals (LB-MPOC) - Technetix EMEA\" \/>\n<meta property=\"og:description\" content=\"N\u00fctzliche Links\" \/>\n<meta property=\"og:url\" content=\"https:\/\/emea.technetix.com\/de\/glasfasernetzwerk\/fiber-acess-terminals\/supertap-mpo-robuste-verbindungskabel-mit-steckverbindern-fuer-multiport-service-terminals-lb-mpoc\/\" \/>\n<meta property=\"og:site_name\" content=\"Technetix EMEA\" \/>\n<meta property=\"article:modified_time\" content=\"2024-05-16T11:42:27+00:00\" \/>\n<meta property=\"og:image\" content=\"https:\/\/emea.technetix.com\/wp-content\/uploads\/sites\/2\/2023\/11\/SuperTap_12Fiber_MPO_to_SuperTap_12Fiber_MPO_cable-copy.png\" \/>\n<meta name=\"twitter:card\" content=\"summary_large_image\" \/>\n<meta name=\"twitter:site\" content=\"@technetixgroup\" \/>\n<meta name=\"twitter:label1\" content=\"Gesch\u00e4tzte Lesezeit\" \/>\n\t<meta name=\"twitter:data1\" content=\"1\u00a0Minute\" \/>\n<script type=\"application\/ld+json\" class=\"yoast-schema-graph\">{\"@context\":\"https:\\\/\\\/schema.org\",\"@graph\":[{\"@type\":\"WebPage\",\"@id\":\"https:\\\/\\\/emea.technetix.com\\\/de\\\/glasfasernetzwerk\\\/fiber-acess-terminals\\\/supertap-mpo-robuste-verbindungskabel-mit-steckverbindern-fuer-multiport-service-terminals-lb-mpoc\\\/\",\"url\":\"https:\\\/\\\/emea.technetix.com\\\/de\\\/glasfasernetzwerk\\\/fiber-acess-terminals\\\/supertap-mpo-robuste-verbindungskabel-mit-steckverbindern-fuer-multiport-service-terminals-lb-mpoc\\\/\",\"name\":\"SuperTap\u00ae MPO Robuste Verbindungskabel mit Steckverbindern f\u00fcr Multiport Service-Terminals (LB-MPOC) - Technetix EMEA\",\"isPartOf\":{\"@id\":\"https:\\\/\\\/emea.technetix.com\\\/de\\\/#website\"},\"primaryImageOfPage\":{\"@id\":\"https:\\\/\\\/emea.technetix.com\\\/de\\\/glasfasernetzwerk\\\/fiber-acess-terminals\\\/supertap-mpo-robuste-verbindungskabel-mit-steckverbindern-fuer-multiport-service-terminals-lb-mpoc\\\/#primaryimage\"},\"image\":{\"@id\":\"https:\\\/\\\/emea.technetix.com\\\/de\\\/glasfasernetzwerk\\\/fiber-acess-terminals\\\/supertap-mpo-robuste-verbindungskabel-mit-steckverbindern-fuer-multiport-service-terminals-lb-mpoc\\\/#primaryimage\"},\"thumbnailUrl\":\"https:\\\/\\\/emea.technetix.com\\\/wp-content\\\/uploads\\\/sites\\\/2\\\/2023\\\/11\\\/SuperTap_12Fiber_MPO_to_SuperTap_12Fiber_MPO_cable-copy.png\",\"datePublished\":\"2023-11-08T11:38:28+00:00\",\"dateModified\":\"2024-05-16T11:42:27+00:00\",\"breadcrumb\":{\"@id\":\"https:\\\/\\\/emea.technetix.com\\\/de\\\/glasfasernetzwerk\\\/fiber-acess-terminals\\\/supertap-mpo-robuste-verbindungskabel-mit-steckverbindern-fuer-multiport-service-terminals-lb-mpoc\\\/#breadcrumb\"},\"inLanguage\":\"de\",\"potentialAction\":[{\"@type\":\"ReadAction\",\"target\":[\"https:\\\/\\\/emea.technetix.com\\\/de\\\/glasfasernetzwerk\\\/fiber-acess-terminals\\\/supertap-mpo-robuste-verbindungskabel-mit-steckverbindern-fuer-multiport-service-terminals-lb-mpoc\\\/\"]}]},{\"@type\":\"ImageObject\",\"inLanguage\":\"de\",\"@id\":\"https:\\\/\\\/emea.technetix.com\\\/de\\\/glasfasernetzwerk\\\/fiber-acess-terminals\\\/supertap-mpo-robuste-verbindungskabel-mit-steckverbindern-fuer-multiport-service-terminals-lb-mpoc\\\/#primaryimage\",\"url\":\"https:\\\/\\\/emea.technetix.com\\\/wp-content\\\/uploads\\\/sites\\\/2\\\/2023\\\/11\\\/SuperTap_12Fiber_MPO_to_SuperTap_12Fiber_MPO_cable-copy.png\",\"contentUrl\":\"https:\\\/\\\/emea.technetix.com\\\/wp-content\\\/uploads\\\/sites\\\/2\\\/2023\\\/11\\\/SuperTap_12Fiber_MPO_to_SuperTap_12Fiber_MPO_cable-copy.png\"},{\"@type\":\"BreadcrumbList\",\"@id\":\"https:\\\/\\\/emea.technetix.com\\\/de\\\/glasfasernetzwerk\\\/fiber-acess-terminals\\\/supertap-mpo-robuste-verbindungskabel-mit-steckverbindern-fuer-multiport-service-terminals-lb-mpoc\\\/#breadcrumb\",\"itemListElement\":[{\"@type\":\"ListItem\",\"position\":1,\"name\":\"Home\",\"item\":\"https:\\\/\\\/emea.technetix.com\\\/de\\\/\"},{\"@type\":\"ListItem\",\"position\":2,\"name\":\"Glasfasernetzwerk\",\"item\":\"https:\\\/\\\/emea.technetix.com\\\/de\\\/glasfasernetzwerk\\\/\"},{\"@type\":\"ListItem\",\"position\":3,\"name\":\"Glasfaserterminals\",\"item\":\"https:\\\/\\\/emea.technetix.com\\\/de\\\/glasfasernetzwerk\\\/fiber-acess-terminals\\\/\"},{\"@type\":\"ListItem\",\"position\":4,\"name\":\"SuperTap\u00ae MPO Robuste Verbindungskabel mit Steckverbindern f\u00fcr Multiport Service-Terminals (LB-MPOC)\"}]},{\"@type\":\"WebSite\",\"@id\":\"https:\\\/\\\/emea.technetix.com\\\/de\\\/#website\",\"url\":\"https:\\\/\\\/emea.technetix.com\\\/de\\\/\",\"name\":\"Technetix\",\"description\":\"Next-generation broadband equipment engineering\",\"publisher\":{\"@id\":\"https:\\\/\\\/emea.technetix.com\\\/de\\\/#organization\"},\"potentialAction\":[{\"@type\":\"SearchAction\",\"target\":{\"@type\":\"EntryPoint\",\"urlTemplate\":\"https:\\\/\\\/emea.technetix.com\\\/de\\\/?s={search_term_string}\"},\"query-input\":{\"@type\":\"PropertyValueSpecification\",\"valueRequired\":true,\"valueName\":\"search_term_string\"}}],\"inLanguage\":\"de\"},{\"@type\":\"Organization\",\"@id\":\"https:\\\/\\\/emea.technetix.com\\\/de\\\/#organization\",\"name\":\"Technetix\",\"url\":\"https:\\\/\\\/emea.technetix.com\\\/de\\\/\",\"logo\":{\"@type\":\"ImageObject\",\"inLanguage\":\"de\",\"@id\":\"https:\\\/\\\/emea.technetix.com\\\/de\\\/#\\\/schema\\\/logo\\\/image\\\/\",\"url\":\"https:\\\/\\\/emea.technetix.com\\\/wp-content\\\/uploads\\\/sites\\\/2\\\/2023\\\/06\\\/logo-Technetix-1000x1000-1.png\",\"contentUrl\":\"https:\\\/\\\/emea.technetix.com\\\/wp-content\\\/uploads\\\/sites\\\/2\\\/2023\\\/06\\\/logo-Technetix-1000x1000-1.png\",\"width\":1000,\"height\":1000,\"caption\":\"Technetix\"},\"image\":{\"@id\":\"https:\\\/\\\/emea.technetix.com\\\/de\\\/#\\\/schema\\\/logo\\\/image\\\/\"},\"sameAs\":[\"https:\\\/\\\/x.com\\\/technetixgroup\",\"https:\\\/\\\/www.linkedin.com\\\/company\\\/technetix\\\/\",\"https:\\\/\\\/www.youtube.com\\\/c\\\/Technetix-group\"]}]}<\/script>\n<!-- \/ Yoast SEO Premium plugin. -->","yoast_head_json":{"title":"SuperTap\u00ae MPO Robuste Verbindungskabel mit Steckverbindern f\u00fcr Multiport Service-Terminals (LB-MPOC) - Technetix EMEA","robots":{"index":"index","follow":"follow","max-snippet":"max-snippet:-1","max-image-preview":"max-image-preview:large","max-video-preview":"max-video-preview:-1"},"canonical":"https:\/\/emea.technetix.com\/de\/glasfasernetzwerk\/fiber-acess-terminals\/supertap-mpo-robuste-verbindungskabel-mit-steckverbindern-fuer-multiport-service-terminals-lb-mpoc\/","og_locale":"de_DE","og_type":"article","og_title":"SuperTap\u00ae MPO Robuste Verbindungskabel mit Steckverbindern f\u00fcr Multiport Service-Terminals (LB-MPOC) - Technetix EMEA","og_description":"N\u00fctzliche Links","og_url":"https:\/\/emea.technetix.com\/de\/glasfasernetzwerk\/fiber-acess-terminals\/supertap-mpo-robuste-verbindungskabel-mit-steckverbindern-fuer-multiport-service-terminals-lb-mpoc\/","og_site_name":"Technetix EMEA","article_modified_time":"2024-05-16T11:42:27+00:00","og_image":[{"url":"https:\/\/emea.technetix.com\/wp-content\/uploads\/sites\/2\/2023\/11\/SuperTap_12Fiber_MPO_to_SuperTap_12Fiber_MPO_cable-copy.png","type":"","width":"","height":""}],"twitter_card":"summary_large_image","twitter_site":"@technetixgroup","twitter_misc":{"Gesch\u00e4tzte Lesezeit":"1\u00a0Minute"},"schema":{"@context":"https:\/\/schema.org","@graph":[{"@type":"WebPage","@id":"https:\/\/emea.technetix.com\/de\/glasfasernetzwerk\/fiber-acess-terminals\/supertap-mpo-robuste-verbindungskabel-mit-steckverbindern-fuer-multiport-service-terminals-lb-mpoc\/","url":"https:\/\/emea.technetix.com\/de\/glasfasernetzwerk\/fiber-acess-terminals\/supertap-mpo-robuste-verbindungskabel-mit-steckverbindern-fuer-multiport-service-terminals-lb-mpoc\/","name":"SuperTap\u00ae MPO Robuste Verbindungskabel mit Steckverbindern f\u00fcr Multiport Service-Terminals (LB-MPOC) - Technetix EMEA","isPartOf":{"@id":"https:\/\/emea.technetix.com\/de\/#website"},"primaryImageOfPage":{"@id":"https:\/\/emea.technetix.com\/de\/glasfasernetzwerk\/fiber-acess-terminals\/supertap-mpo-robuste-verbindungskabel-mit-steckverbindern-fuer-multiport-service-terminals-lb-mpoc\/#primaryimage"},"image":{"@id":"https:\/\/emea.technetix.com\/de\/glasfasernetzwerk\/fiber-acess-terminals\/supertap-mpo-robuste-verbindungskabel-mit-steckverbindern-fuer-multiport-service-terminals-lb-mpoc\/#primaryimage"},"thumbnailUrl":"https:\/\/emea.technetix.com\/wp-content\/uploads\/sites\/2\/2023\/11\/SuperTap_12Fiber_MPO_to_SuperTap_12Fiber_MPO_cable-copy.png","datePublished":"2023-11-08T11:38:28+00:00","dateModified":"2024-05-16T11:42:27+00:00","breadcrumb":{"@id":"https:\/\/emea.technetix.com\/de\/glasfasernetzwerk\/fiber-acess-terminals\/supertap-mpo-robuste-verbindungskabel-mit-steckverbindern-fuer-multiport-service-terminals-lb-mpoc\/#breadcrumb"},"inLanguage":"de","potentialAction":[{"@type":"ReadAction","target":["https:\/\/emea.technetix.com\/de\/glasfasernetzwerk\/fiber-acess-terminals\/supertap-mpo-robuste-verbindungskabel-mit-steckverbindern-fuer-multiport-service-terminals-lb-mpoc\/"]}]},{"@type":"ImageObject","inLanguage":"de","@id":"https:\/\/emea.technetix.com\/de\/glasfasernetzwerk\/fiber-acess-terminals\/supertap-mpo-robuste-verbindungskabel-mit-steckverbindern-fuer-multiport-service-terminals-lb-mpoc\/#primaryimage","url":"https:\/\/emea.technetix.com\/wp-content\/uploads\/sites\/2\/2023\/11\/SuperTap_12Fiber_MPO_to_SuperTap_12Fiber_MPO_cable-copy.png","contentUrl":"https:\/\/emea.technetix.com\/wp-content\/uploads\/sites\/2\/2023\/11\/SuperTap_12Fiber_MPO_to_SuperTap_12Fiber_MPO_cable-copy.png"},{"@type":"BreadcrumbList","@id":"https:\/\/emea.technetix.com\/de\/glasfasernetzwerk\/fiber-acess-terminals\/supertap-mpo-robuste-verbindungskabel-mit-steckverbindern-fuer-multiport-service-terminals-lb-mpoc\/#breadcrumb","itemListElement":[{"@type":"ListItem","position":1,"name":"Home","item":"https:\/\/emea.technetix.com\/de\/"},{"@type":"ListItem","position":2,"name":"Glasfasernetzwerk","item":"https:\/\/emea.technetix.com\/de\/glasfasernetzwerk\/"},{"@type":"ListItem","position":3,"name":"Glasfaserterminals","item":"https:\/\/emea.technetix.com\/de\/glasfasernetzwerk\/fiber-acess-terminals\/"},{"@type":"ListItem","position":4,"name":"SuperTap\u00ae MPO Robuste Verbindungskabel mit Steckverbindern f\u00fcr Multiport Service-Terminals (LB-MPOC)"}]},{"@type":"WebSite","@id":"https:\/\/emea.technetix.com\/de\/#website","url":"https:\/\/emea.technetix.com\/de\/","name":"Technetix","description":"Next-generation broadband equipment engineering","publisher":{"@id":"https:\/\/emea.technetix.com\/de\/#organization"},"potentialAction":[{"@type":"SearchAction","target":{"@type":"EntryPoint","urlTemplate":"https:\/\/emea.technetix.com\/de\/?s={search_term_string}"},"query-input":{"@type":"PropertyValueSpecification","valueRequired":true,"valueName":"search_term_string"}}],"inLanguage":"de"},{"@type":"Organization","@id":"https:\/\/emea.technetix.com\/de\/#organization","name":"Technetix","url":"https:\/\/emea.technetix.com\/de\/","logo":{"@type":"ImageObject","inLanguage":"de","@id":"https:\/\/emea.technetix.com\/de\/#\/schema\/logo\/image\/","url":"https:\/\/emea.technetix.com\/wp-content\/uploads\/sites\/2\/2023\/06\/logo-Technetix-1000x1000-1.png","contentUrl":"https:\/\/emea.technetix.com\/wp-content\/uploads\/sites\/2\/2023\/06\/logo-Technetix-1000x1000-1.png","width":1000,"height":1000,"caption":"Technetix"},"image":{"@id":"https:\/\/emea.technetix.com\/de\/#\/schema\/logo\/image\/"},"sameAs":["https:\/\/x.com\/technetixgroup","https:\/\/www.linkedin.com\/company\/technetix\/","https:\/\/www.youtube.com\/c\/Technetix-group"]}]}},"acf":[],"publishpress_future_workflow_manual_trigger":{"enabledWorkflows":[]},"_links":{"self":[{"href":"https:\/\/emea.technetix.com\/de\/wp-json\/wp\/v2\/pages\/397408","targetHints":{"allow":["GET"]}}],"collection":[{"href":"https:\/\/emea.technetix.com\/de\/wp-json\/wp\/v2\/pages"}],"about":[{"href":"https:\/\/emea.technetix.com\/de\/wp-json\/wp\/v2\/types\/page"}],"author":[{"embeddable":true,"href":"https:\/\/emea.technetix.com\/de\/wp-json\/wp\/v2\/users\/21"}],"replies":[{"embeddable":true,"href":"https:\/\/emea.technetix.com\/de\/wp-json\/wp\/v2\/comments?post=397408"}],"version-history":[{"count":0,"href":"https:\/\/emea.technetix.com\/de\/wp-json\/wp\/v2\/pages\/397408\/revisions"}],"up":[{"embeddable":true,"href":"https:\/\/emea.technetix.com\/de\/wp-json\/wp\/v2\/pages\/394596"}],"wp:attachment":[{"href":"https:\/\/emea.technetix.com\/de\/wp-json\/wp\/v2\/media?parent=397408"}],"curies":[{"name":"wp","href":"https:\/\/api.w.org\/{rel}","templated":true}]}}