{"id":20402,"date":"2023-05-09T18:52:02","date_gmt":"2023-05-09T18:52:02","guid":{"rendered":"https:\/\/emea.technetix.com\/dbx-feldeinsatz-konfigurationsloesung\/"},"modified":"2023-05-17T09:34:54","modified_gmt":"2023-05-17T09:34:54","slug":"dbx-konfigurationsloesung-fuer-den-feldeinsatz","status":"publish","type":"page","link":"https:\/\/emea.technetix.com\/de\/dbx-konfigurationsloesung-fuer-den-feldeinsatz\/","title":{"rendered":"DBx Konfigurationsl\u00f6sung f\u00fcr den Feldeinsatz"},"content":{"rendered":"<div class=\"gb-container gb-container-f86f3f4f gb-container-hero-banner\" id=\"banner\"><div class=\"gb-inside-container\">\n<h1 class=\"gb-headline gb-headline-e1547755 gb-headline-text gb-headline-hero-banner-title\">DBx Konfigurationsl\u00f6sung f\u00fcr den Feldeinsatz<\/h1>\n<\/div><\/div>\n\n<div class=\"gb-container gb-container-13985861 gb-container-inner-back-page-con\" id=\"content\">\n\n<h2 class=\"gb-headline gb-headline-db3c42e7 gb-headline-text\">Wi-Fi-f\u00e4hige Feldeinsatz-Konfigurationsl\u00f6sung f\u00fcr die DBx-Plattform von Technetix<\/h2>\n\n\n\n<h3 class=\"gb-headline gb-headline-cb32a9b7 gb-headline-text\">Relevante Funktionen:<\/h3>\n\n\n\n<ul class=\"wp-block-list\">\n<li>Geringes Gewicht und robustes Design f\u00fcr den Au\u00dfeneinsatz<\/li>\n\n\n\n<li>Wasserfest<\/li>\n\n\n\n<li>Wiederaufladbare 2600 mAh Batterie<\/li>\n\n\n\n<li>Lanyard\/Befestigungsschlaufe<\/li>\n\n\n\n<li>Sichere Wi-Fi-Verbindung zur T-Box<\/li>\n\n\n\n<li>Touch-optimierte Webapplikation<\/li>\n\n\n\n<li>Konfigurationsassistent<\/li>\n\n\n\n<li>Konfigurationsbackup und -vorlagen<\/li>\n<\/ul>\n\n\n<div class=\"wp-block-image\">\n<figure class=\"aligncenter size-full\"><a href=\"https:\/\/emea.technetix.com\/wp-content\/uploads\/sites\/2\/2023\/05\/problem_t-box.jpg\"><img loading=\"lazy\" decoding=\"async\" width=\"600\" height=\"600\" src=\"https:\/\/emea.technetix.com\/wp-content\/uploads\/sites\/2\/2023\/05\/problem_t-box.jpg\" alt=\"\" class=\"wp-image-20244\" srcset=\"https:\/\/emea.technetix.com\/wp-content\/uploads\/sites\/2\/2023\/05\/problem_t-box.jpg 600w, https:\/\/emea.technetix.com\/wp-content\/uploads\/sites\/2\/2023\/05\/problem_t-box-300x300.jpg 300w, https:\/\/emea.technetix.com\/wp-content\/uploads\/sites\/2\/2023\/05\/problem_t-box-150x150.jpg 150w, https:\/\/emea.technetix.com\/wp-content\/uploads\/sites\/2\/2023\/05\/problem_t-box-100x100.jpg 100w\" sizes=\"auto, (max-width: 600px) 100vw, 600px\" \/><\/a><\/figure>\n<\/div>\n\n\n<h3 class=\"gb-headline gb-headline-4b5789cf gb-headline-text\">Vorteile:<\/h3>\n\n\n\n<ul class=\"wp-block-list\">\n<li>Geringes Gewicht, robust, Plug-and-Play<\/li>\n\n\n\n<li>Ergonomisch, einfache Nutzung<\/li>\n\n\n\n<li>F\u00fcr den Au\u00dfeneinsatz gestaltet<\/li>\n\n\n\n<li>Batteriebetrieben<\/li>\n\n\n\n<li>Exzellenter Wi-Fi-Empfang f\u00fcr die Konfiguration von strangmontierter Ausr\u00fcstung<\/li>\n\n\n\n<li>Nutzung mit beliebigen Smartphones, Tablets oder Laptops<\/li>\n\n\n\n<li>Schnelle und einfache Konfigurationen durch Backups und Vorlagen<\/li>\n<\/ul>\n\n\n<div class=\"wp-block-image\">\n<figure class=\"aligncenter size-full\"><a href=\"https:\/\/emea.technetix.com\/wp-content\/uploads\/sites\/2\/2023\/05\/lifestyle_t-box.jpg\"><img loading=\"lazy\" decoding=\"async\" width=\"1400\" height=\"500\" src=\"https:\/\/emea.technetix.com\/wp-content\/uploads\/sites\/2\/2023\/05\/lifestyle_t-box.jpg\" alt=\"\" class=\"wp-image-20247\" srcset=\"https:\/\/emea.technetix.com\/wp-content\/uploads\/sites\/2\/2023\/05\/lifestyle_t-box.jpg 1400w, https:\/\/emea.technetix.com\/wp-content\/uploads\/sites\/2\/2023\/05\/lifestyle_t-box-300x107.jpg 300w, https:\/\/emea.technetix.com\/wp-content\/uploads\/sites\/2\/2023\/05\/lifestyle_t-box-1024x366.jpg 1024w, https:\/\/emea.technetix.com\/wp-content\/uploads\/sites\/2\/2023\/05\/lifestyle_t-box-768x274.jpg 768w, https:\/\/emea.technetix.com\/wp-content\/uploads\/sites\/2\/2023\/05\/lifestyle_t-box-600x214.jpg 600w\" sizes=\"auto, (max-width: 1400px) 100vw, 1400px\" \/><\/a><\/figure>\n<\/div>\n\n\n<p><\/p>\n\n\n\n<h2 class=\"gb-headline gb-headline-7949153f gb-headline-text\">Die T-Box erlaubt Betreibern den schnellen Einsatz und die schnelle Konfiguration der Technetix-DBx-Produkte im Feld<\/h2>\n\n\n\n<p>Die T-Box ist die perfekte Erg\u00e4nzung zu der DBx-Produktreihe von Technetix. Sie ist eine leichte, kleine, robuste und wiederaufladbare Wi-Fi-f\u00e4hige Konfigurationseinheit. Sie erm\u00f6glicht jedem, der \u00fcber ein Smartphone, Tablet oder einen Laptop verf\u00fcgt, die Verbindung zu den und die Konfiguration der DBx-Knoten und -Verst\u00e4rker \u00fcber eine Touch-optimierte Webapplikation.<\/p>\n\n\n\n<p>Die T-Box verbindet sich \u00fcber eine USB-Verbindung mit jedem DBx-Steuermodul. Nach dem Einschalten \u00fcbermittelt sie ihre eigene sichere Wi-Fi-SSID. Anschlie\u00dfend m\u00fcssen f\u00fcr die Anmeldung an der T-Box-Webapplikation nur noch die auf dem Produktlabel angegebenen Anmeldedaten eingegeben werden. <\/p>\n\n\n\n<p>Der Konfigurationsassistent, die Vorlagen und die Backup-Funktionen gew\u00e4hrleisten, dass Sie Modifikationen und neue Konfigurationen an Verst\u00e4rkern und Knoten zu jeder Zeit binnen Minuten nach dem \u00d6ffnen des Schranks anwenden k\u00f6nnen. Sogar bei Strangmontage erlaubt der Wi-Fi-Bereich der T-Box die Konfiguration der DBx in der komfortablen Umgebung Ihres Fahrzeugs.<\/p>\n\n\n\n<h3 class=\"gb-headline gb-headline-f6a43784 gb-headline-text\">Vorteile im Vergleich zu mobilen Applikationen<\/h3>\n\n\n\n<p>Software f\u00fcr mobile Ger\u00e4te erfordert h\u00e4ufige Updates \u2212 zugleich wird jedoch Zuverl\u00e4ssigkeit und Kontinuit\u00e4t ben\u00f6tigt. Die T-Box bietet dies unabh\u00e4ngig von der genutzten Android-, iOS- oder Windows-Version. Ein Integrationstest nach Verf\u00fcgbarkeit eines jeden neuen Updates ist nicht erforderlich.<\/p>\n\n\n\n<p>\uf0a7 Die Konfigurationsassistent-, Vorlagen- und Backup-Funktionen erlauben Betreibern die Verwendung voreingestellter Konfigurationen im Feld und erm\u00f6glichen so den Einsatz von Personal mit unterschiedlichen Qualifikationen beim Einsatz von DBx-Konfigurationen vor Ort.<\/p>\n\n\n\n<p>Bei Verwendung der T-Box muss das Handheld-Ger\u00e4t nicht physisch mit der Netzwerkhardware verbunden sein. A robust and splash-proof design protects the T-Box from the risks of outdoor use<\/p>\n\n\n\n<p>Techniker k\u00f6nnen ihre eigenen pers\u00f6nlichen Ger\u00e4te ohne Risiko von Datenverlusten oder Verst\u00f6\u00dfen gegen den Datenschutz f\u00fcr den Betrieb der T-Box verwenden, da alle Aktivit\u00e4ten und Konfigurationen in der T-Box gespeichert sind und nicht im Ger\u00e4t.<\/p>\n\n\n\n<h3 class=\"gb-headline gb-headline-9b51f2f1 gb-headline-text\">Kompatibilit\u00e4t<\/h3>\n\n\n\n<p>Die T-Box kann alle unsere aktuellen DBx-Module mit allen optischen und Kompensationseinstellungen unterst\u00fctzen und konfigurieren. Die Webapplikation funktioniert mit \u00fcblichen Browsern wie Mozilla Firefox, Google Chrome und Microsoft Edge (einschlie\u00dflich der mobilen Versionen).<\/p>\n\n<\/div>\n\n<div class=\"wp-block-image\">\n<figure class=\"aligncenter size-full\"><a href=\"https:\/\/emea.technetix.com\/wp-content\/uploads\/sites\/2\/2023\/05\/solution_t-box.jpg\"><img loading=\"lazy\" decoding=\"async\" width=\"600\" height=\"600\" src=\"https:\/\/emea.technetix.com\/wp-content\/uploads\/sites\/2\/2023\/05\/solution_t-box.jpg\" alt=\"\" class=\"wp-image-20251\" srcset=\"https:\/\/emea.technetix.com\/wp-content\/uploads\/sites\/2\/2023\/05\/solution_t-box.jpg 600w, https:\/\/emea.technetix.com\/wp-content\/uploads\/sites\/2\/2023\/05\/solution_t-box-300x300.jpg 300w, https:\/\/emea.technetix.com\/wp-content\/uploads\/sites\/2\/2023\/05\/solution_t-box-150x150.jpg 150w, https:\/\/emea.technetix.com\/wp-content\/uploads\/sites\/2\/2023\/05\/solution_t-box-100x100.jpg 100w\" sizes=\"auto, (max-width: 600px) 100vw, 600px\" \/><\/a><\/figure>\n<\/div>\n\n<div class=\"gb-container gb-container-55a53e1e gb-container-con-buttons-bottom\" id=\"buttons\">\n\n<h2 class=\"gb-headline gb-headline-b8efc56f gb-headline-text gb-headline-head-bottom-buttons\">N\u00fctzliche Links<\/h2>\n\n\n<div class=\"gb-button-wrapper gb-button-wrapper-5300c273 gb-button-wrapper-after-con-buttons\">\n\n<a class=\"gb-button gb-button-8874c883 gb-button-text gb-button-bottom-button\" href=\"https:\/\/docs.technetix.com\/user-manuals\/T-BOX_MAN_EN.pdf\" target=\"_blank\" rel=\"noopener noreferrer\">Benutzerhandb\u00fccher<\/a>\n\n\n\n<a class=\"gb-button gb-button-ff3bad62 gb-button-text gb-button-bottom-button\" href=\"https:\/\/emea.technetix.com\/de\/kontakt\/\">Kontakt<\/a>\n\n<\/div>\n<\/div>","protected":false},"excerpt":{"rendered":"<p>DBx Konfigurationsl\u00f6sung f\u00fcr den Feldeinsatz Wi-Fi-f\u00e4hige Feldeinsatz-Konfigurationsl\u00f6sung f\u00fcr die DBx-Plattform von Technetix Relevante Funktionen: Vorteile: Die T-Box erlaubt Betreibern den schnellen Einsatz und die schnelle Konfiguration der Technetix-DBx-Produkte im Feld Die T-Box ist die perfekte Erg\u00e4nzung zu der DBx-Produktreihe von Technetix. Sie ist eine leichte, kleine, robuste und wiederaufladbare Wi-Fi-f\u00e4hige Konfigurationseinheit. Sie erm\u00f6glicht jedem, der &#8230; <a title=\"DBx Konfigurationsl\u00f6sung f\u00fcr den Feldeinsatz\" class=\"read-more\" href=\"https:\/\/emea.technetix.com\/de\/dbx-konfigurationsloesung-fuer-den-feldeinsatz\/\" aria-label=\"Mehr Informationen \u00fcber DBx Konfigurationsl\u00f6sung f\u00fcr den Feldeinsatz\">Read more<\/a><\/p>\n","protected":false},"author":1,"featured_media":20242,"parent":0,"menu_order":0,"comment_status":"open","ping_status":"closed","template":"","meta":{"_acf_changed":false,"_gspb_post_css":"","footnotes":""},"class_list":["post-20402","page","type-page","status-publish","has-post-thumbnail"],"yoast_head":"<!-- This site is optimized with the Yoast SEO Premium plugin v22.5 (Yoast SEO v27.4) - https:\/\/yoast.com\/product\/yoast-seo-premium-wordpress\/ -->\n<title>DBx Konfigurationsl\u00f6sung f\u00fcr den Feldeinsatz - Technetix EMEA<\/title>\n<meta name=\"description\" content=\"Wi-Fi-f\u00e4hige Feldeinsatz-Konfigurationsl\u00f6sung f\u00fcr die DBx-Plattform von Technetix\" \/>\n<meta name=\"robots\" content=\"index, follow, max-snippet:-1, max-image-preview:large, max-video-preview:-1\" \/>\n<link rel=\"canonical\" href=\"https:\/\/emea.technetix.com\/de\/dbx-konfigurationsloesung-fuer-den-feldeinsatz\/\" \/>\n<meta property=\"og:locale\" content=\"de_DE\" \/>\n<meta property=\"og:type\" content=\"article\" \/>\n<meta property=\"og:title\" content=\"DBx Konfigurationsl\u00f6sung f\u00fcr den Feldeinsatz - Technetix EMEA\" \/>\n<meta property=\"og:description\" content=\"Wi-Fi-f\u00e4hige Feldeinsatz-Konfigurationsl\u00f6sung f\u00fcr die DBx-Plattform von Technetix\" \/>\n<meta property=\"og:url\" content=\"https:\/\/emea.technetix.com\/de\/dbx-konfigurationsloesung-fuer-den-feldeinsatz\/\" \/>\n<meta property=\"og:site_name\" content=\"Technetix EMEA\" \/>\n<meta property=\"article:modified_time\" content=\"2023-05-17T09:34:54+00:00\" \/>\n<meta property=\"og:image\" content=\"https:\/\/emea.technetix.com\/wp-content\/uploads\/sites\/2\/2023\/05\/LANDING-PAGE_LARGE_T-BOX_FINAL.jpg\" \/>\n\t<meta property=\"og:image:width\" content=\"1920\" \/>\n\t<meta property=\"og:image:height\" content=\"450\" \/>\n\t<meta property=\"og:image:type\" content=\"image\/jpeg\" \/>\n<meta name=\"twitter:card\" content=\"summary_large_image\" \/>\n<meta name=\"twitter:site\" content=\"@technetixgroup\" \/>\n<script type=\"application\/ld+json\" class=\"yoast-schema-graph\">{\"@context\":\"https:\\\/\\\/schema.org\",\"@graph\":[{\"@type\":\"WebPage\",\"@id\":\"https:\\\/\\\/emea.technetix.com\\\/de\\\/dbx-konfigurationsloesung-fuer-den-feldeinsatz\\\/\",\"url\":\"https:\\\/\\\/emea.technetix.com\\\/de\\\/dbx-konfigurationsloesung-fuer-den-feldeinsatz\\\/\",\"name\":\"DBx Konfigurationsl\u00f6sung f\u00fcr den Feldeinsatz - Technetix EMEA\",\"isPartOf\":{\"@id\":\"https:\\\/\\\/emea.technetix.com\\\/de\\\/#website\"},\"primaryImageOfPage\":{\"@id\":\"https:\\\/\\\/emea.technetix.com\\\/de\\\/dbx-konfigurationsloesung-fuer-den-feldeinsatz\\\/#primaryimage\"},\"image\":{\"@id\":\"https:\\\/\\\/emea.technetix.com\\\/de\\\/dbx-konfigurationsloesung-fuer-den-feldeinsatz\\\/#primaryimage\"},\"thumbnailUrl\":\"https:\\\/\\\/emea.technetix.com\\\/wp-content\\\/uploads\\\/sites\\\/2\\\/2023\\\/05\\\/LANDING-PAGE_LARGE_T-BOX_FINAL.jpg\",\"datePublished\":\"2023-05-09T18:52:02+00:00\",\"dateModified\":\"2023-05-17T09:34:54+00:00\",\"description\":\"Wi-Fi-f\u00e4hige Feldeinsatz-Konfigurationsl\u00f6sung f\u00fcr die DBx-Plattform von Technetix\",\"breadcrumb\":{\"@id\":\"https:\\\/\\\/emea.technetix.com\\\/de\\\/dbx-konfigurationsloesung-fuer-den-feldeinsatz\\\/#breadcrumb\"},\"inLanguage\":\"de\",\"potentialAction\":[{\"@type\":\"ReadAction\",\"target\":[\"https:\\\/\\\/emea.technetix.com\\\/de\\\/dbx-konfigurationsloesung-fuer-den-feldeinsatz\\\/\"]}]},{\"@type\":\"ImageObject\",\"inLanguage\":\"de\",\"@id\":\"https:\\\/\\\/emea.technetix.com\\\/de\\\/dbx-konfigurationsloesung-fuer-den-feldeinsatz\\\/#primaryimage\",\"url\":\"https:\\\/\\\/emea.technetix.com\\\/wp-content\\\/uploads\\\/sites\\\/2\\\/2023\\\/05\\\/LANDING-PAGE_LARGE_T-BOX_FINAL.jpg\",\"contentUrl\":\"https:\\\/\\\/emea.technetix.com\\\/wp-content\\\/uploads\\\/sites\\\/2\\\/2023\\\/05\\\/LANDING-PAGE_LARGE_T-BOX_FINAL.jpg\",\"width\":1920,\"height\":450},{\"@type\":\"BreadcrumbList\",\"@id\":\"https:\\\/\\\/emea.technetix.com\\\/de\\\/dbx-konfigurationsloesung-fuer-den-feldeinsatz\\\/#breadcrumb\",\"itemListElement\":[{\"@type\":\"ListItem\",\"position\":1,\"name\":\"Home\",\"item\":\"https:\\\/\\\/emea.technetix.com\\\/de\\\/\"},{\"@type\":\"ListItem\",\"position\":2,\"name\":\"DBx Konfigurationsl\u00f6sung f\u00fcr den Feldeinsatz\"}]},{\"@type\":\"WebSite\",\"@id\":\"https:\\\/\\\/emea.technetix.com\\\/de\\\/#website\",\"url\":\"https:\\\/\\\/emea.technetix.com\\\/de\\\/\",\"name\":\"Technetix\",\"description\":\"Next-generation broadband equipment engineering\",\"publisher\":{\"@id\":\"https:\\\/\\\/emea.technetix.com\\\/de\\\/#organization\"},\"potentialAction\":[{\"@type\":\"SearchAction\",\"target\":{\"@type\":\"EntryPoint\",\"urlTemplate\":\"https:\\\/\\\/emea.technetix.com\\\/de\\\/?s={search_term_string}\"},\"query-input\":{\"@type\":\"PropertyValueSpecification\",\"valueRequired\":true,\"valueName\":\"search_term_string\"}}],\"inLanguage\":\"de\"},{\"@type\":\"Organization\",\"@id\":\"https:\\\/\\\/emea.technetix.com\\\/de\\\/#organization\",\"name\":\"Technetix\",\"url\":\"https:\\\/\\\/emea.technetix.com\\\/de\\\/\",\"logo\":{\"@type\":\"ImageObject\",\"inLanguage\":\"de\",\"@id\":\"https:\\\/\\\/emea.technetix.com\\\/de\\\/#\\\/schema\\\/logo\\\/image\\\/\",\"url\":\"https:\\\/\\\/emea.technetix.com\\\/wp-content\\\/uploads\\\/sites\\\/2\\\/2023\\\/06\\\/logo-Technetix-1000x1000-1.png\",\"contentUrl\":\"https:\\\/\\\/emea.technetix.com\\\/wp-content\\\/uploads\\\/sites\\\/2\\\/2023\\\/06\\\/logo-Technetix-1000x1000-1.png\",\"width\":1000,\"height\":1000,\"caption\":\"Technetix\"},\"image\":{\"@id\":\"https:\\\/\\\/emea.technetix.com\\\/de\\\/#\\\/schema\\\/logo\\\/image\\\/\"},\"sameAs\":[\"https:\\\/\\\/x.com\\\/technetixgroup\",\"https:\\\/\\\/www.linkedin.com\\\/company\\\/technetix\\\/\",\"https:\\\/\\\/www.youtube.com\\\/c\\\/Technetix-group\"]}]}<\/script>\n<!-- \/ Yoast SEO Premium plugin. -->","yoast_head_json":{"title":"DBx Konfigurationsl\u00f6sung f\u00fcr den Feldeinsatz - Technetix EMEA","description":"Wi-Fi-f\u00e4hige Feldeinsatz-Konfigurationsl\u00f6sung f\u00fcr die DBx-Plattform von Technetix","robots":{"index":"index","follow":"follow","max-snippet":"max-snippet:-1","max-image-preview":"max-image-preview:large","max-video-preview":"max-video-preview:-1"},"canonical":"https:\/\/emea.technetix.com\/de\/dbx-konfigurationsloesung-fuer-den-feldeinsatz\/","og_locale":"de_DE","og_type":"article","og_title":"DBx Konfigurationsl\u00f6sung f\u00fcr den Feldeinsatz - Technetix EMEA","og_description":"Wi-Fi-f\u00e4hige Feldeinsatz-Konfigurationsl\u00f6sung f\u00fcr die DBx-Plattform von Technetix","og_url":"https:\/\/emea.technetix.com\/de\/dbx-konfigurationsloesung-fuer-den-feldeinsatz\/","og_site_name":"Technetix EMEA","article_modified_time":"2023-05-17T09:34:54+00:00","og_image":[{"width":1920,"height":450,"url":"https:\/\/emea.technetix.com\/wp-content\/uploads\/sites\/2\/2023\/05\/LANDING-PAGE_LARGE_T-BOX_FINAL.jpg","type":"image\/jpeg"}],"twitter_card":"summary_large_image","twitter_site":"@technetixgroup","schema":{"@context":"https:\/\/schema.org","@graph":[{"@type":"WebPage","@id":"https:\/\/emea.technetix.com\/de\/dbx-konfigurationsloesung-fuer-den-feldeinsatz\/","url":"https:\/\/emea.technetix.com\/de\/dbx-konfigurationsloesung-fuer-den-feldeinsatz\/","name":"DBx Konfigurationsl\u00f6sung f\u00fcr den Feldeinsatz - Technetix EMEA","isPartOf":{"@id":"https:\/\/emea.technetix.com\/de\/#website"},"primaryImageOfPage":{"@id":"https:\/\/emea.technetix.com\/de\/dbx-konfigurationsloesung-fuer-den-feldeinsatz\/#primaryimage"},"image":{"@id":"https:\/\/emea.technetix.com\/de\/dbx-konfigurationsloesung-fuer-den-feldeinsatz\/#primaryimage"},"thumbnailUrl":"https:\/\/emea.technetix.com\/wp-content\/uploads\/sites\/2\/2023\/05\/LANDING-PAGE_LARGE_T-BOX_FINAL.jpg","datePublished":"2023-05-09T18:52:02+00:00","dateModified":"2023-05-17T09:34:54+00:00","description":"Wi-Fi-f\u00e4hige Feldeinsatz-Konfigurationsl\u00f6sung f\u00fcr die DBx-Plattform von Technetix","breadcrumb":{"@id":"https:\/\/emea.technetix.com\/de\/dbx-konfigurationsloesung-fuer-den-feldeinsatz\/#breadcrumb"},"inLanguage":"de","potentialAction":[{"@type":"ReadAction","target":["https:\/\/emea.technetix.com\/de\/dbx-konfigurationsloesung-fuer-den-feldeinsatz\/"]}]},{"@type":"ImageObject","inLanguage":"de","@id":"https:\/\/emea.technetix.com\/de\/dbx-konfigurationsloesung-fuer-den-feldeinsatz\/#primaryimage","url":"https:\/\/emea.technetix.com\/wp-content\/uploads\/sites\/2\/2023\/05\/LANDING-PAGE_LARGE_T-BOX_FINAL.jpg","contentUrl":"https:\/\/emea.technetix.com\/wp-content\/uploads\/sites\/2\/2023\/05\/LANDING-PAGE_LARGE_T-BOX_FINAL.jpg","width":1920,"height":450},{"@type":"BreadcrumbList","@id":"https:\/\/emea.technetix.com\/de\/dbx-konfigurationsloesung-fuer-den-feldeinsatz\/#breadcrumb","itemListElement":[{"@type":"ListItem","position":1,"name":"Home","item":"https:\/\/emea.technetix.com\/de\/"},{"@type":"ListItem","position":2,"name":"DBx Konfigurationsl\u00f6sung f\u00fcr den Feldeinsatz"}]},{"@type":"WebSite","@id":"https:\/\/emea.technetix.com\/de\/#website","url":"https:\/\/emea.technetix.com\/de\/","name":"Technetix","description":"Next-generation broadband equipment engineering","publisher":{"@id":"https:\/\/emea.technetix.com\/de\/#organization"},"potentialAction":[{"@type":"SearchAction","target":{"@type":"EntryPoint","urlTemplate":"https:\/\/emea.technetix.com\/de\/?s={search_term_string}"},"query-input":{"@type":"PropertyValueSpecification","valueRequired":true,"valueName":"search_term_string"}}],"inLanguage":"de"},{"@type":"Organization","@id":"https:\/\/emea.technetix.com\/de\/#organization","name":"Technetix","url":"https:\/\/emea.technetix.com\/de\/","logo":{"@type":"ImageObject","inLanguage":"de","@id":"https:\/\/emea.technetix.com\/de\/#\/schema\/logo\/image\/","url":"https:\/\/emea.technetix.com\/wp-content\/uploads\/sites\/2\/2023\/06\/logo-Technetix-1000x1000-1.png","contentUrl":"https:\/\/emea.technetix.com\/wp-content\/uploads\/sites\/2\/2023\/06\/logo-Technetix-1000x1000-1.png","width":1000,"height":1000,"caption":"Technetix"},"image":{"@id":"https:\/\/emea.technetix.com\/de\/#\/schema\/logo\/image\/"},"sameAs":["https:\/\/x.com\/technetixgroup","https:\/\/www.linkedin.com\/company\/technetix\/","https:\/\/www.youtube.com\/c\/Technetix-group"]}]}},"acf":[],"publishpress_future_workflow_manual_trigger":{"enabledWorkflows":[]},"_links":{"self":[{"href":"https:\/\/emea.technetix.com\/de\/wp-json\/wp\/v2\/pages\/20402","targetHints":{"allow":["GET"]}}],"collection":[{"href":"https:\/\/emea.technetix.com\/de\/wp-json\/wp\/v2\/pages"}],"about":[{"href":"https:\/\/emea.technetix.com\/de\/wp-json\/wp\/v2\/types\/page"}],"author":[{"embeddable":true,"href":"https:\/\/emea.technetix.com\/de\/wp-json\/wp\/v2\/users\/1"}],"replies":[{"embeddable":true,"href":"https:\/\/emea.technetix.com\/de\/wp-json\/wp\/v2\/comments?post=20402"}],"version-history":[{"count":0,"href":"https:\/\/emea.technetix.com\/de\/wp-json\/wp\/v2\/pages\/20402\/revisions"}],"wp:featuredmedia":[{"embeddable":true,"href":"https:\/\/emea.technetix.com\/de\/wp-json\/wp\/v2\/media\/20242"}],"wp:attachment":[{"href":"https:\/\/emea.technetix.com\/de\/wp-json\/wp\/v2\/media?parent=20402"}],"curies":[{"name":"wp","href":"https:\/\/api.w.org\/{rel}","templated":true}]}}