{"id":13103,"date":"2023-04-13T21:56:48","date_gmt":"2023-04-13T21:56:48","guid":{"rendered":"https:\/\/emea.technetix.com\/ecad\/"},"modified":"2023-04-13T22:20:15","modified_gmt":"2023-04-13T22:20:15","slug":"ecad","status":"publish","type":"page","link":"https:\/\/emea.technetix.com\/de\/ecad\/","title":{"rendered":"Technetix erweitert sein FTTH-Portfolio"},"content":{"rendered":"<div class=\"gb-container gb-container-a95f8d7f gb-container-inner-back-page-con\">\n<h1 class=\"gb-headline gb-headline-988515aa gb-headline-text gb-headline-h2\">Technetix erweitert sein FTTH-Portfolio<\/h1>\n\n\n<figure class=\"gb-block-image gb-block-image-6f28c54e\"><img loading=\"lazy\" decoding=\"async\" width=\"383\" height=\"187\" class=\"gb-image gb-image-6f28c54e\" src=\"https:\/\/emea.technetix.com\/wp-content\/uploads\/sites\/2\/2023\/04\/ecad-logo.jpeg\" alt=\"ECAD logo\" srcset=\"https:\/\/emea.technetix.com\/wp-content\/uploads\/sites\/2\/2023\/04\/ecad-logo.jpeg 383w, https:\/\/emea.technetix.com\/wp-content\/uploads\/sites\/2\/2023\/04\/ecad-logo-300x146.jpeg 300w\" sizes=\"auto, (max-width: 383px) 100vw, 383px\" \/><\/figure>\n\n\n\n<h2 class=\"gb-headline gb-headline-d02c52e4 gb-headline-text gb-headline-h2\">Technetix widmet sich intensiv dem deutschen Breitbandmarkt und st\u00e4rkt mit der Akquisition von ECAD Communications und dem damit verbundenen erweiterten Portfolio innovativer FTTH-Produkte seine globale Wertsch\u00f6pfung<\/h2>\n\n\n\n<figure class=\"gb-block-image gb-block-image-a86706a7\"><img loading=\"lazy\" decoding=\"async\" width=\"500\" height=\"376\" class=\"gb-image gb-image-a86706a7\" src=\"https:\/\/emea.technetix.com\/wp-content\/uploads\/sites\/2\/2023\/04\/EDAD_TECHNETIX_PR_IMAGE_01.jpeg\" alt=\"\" srcset=\"https:\/\/emea.technetix.com\/wp-content\/uploads\/sites\/2\/2023\/04\/EDAD_TECHNETIX_PR_IMAGE_01.jpeg 500w, https:\/\/emea.technetix.com\/wp-content\/uploads\/sites\/2\/2023\/04\/EDAD_TECHNETIX_PR_IMAGE_01-300x226.jpeg 300w\" sizes=\"auto, (max-width: 500px) 100vw, 500px\" \/><\/figure>\n\n\n\n<p class=\"gb-headline gb-headline-6656b5c3 gb-headline-text\">Die Technetix Group Ltd. ist erfreut, die Akquisition des Breitband-Komponentenbereichs der ECAD GmbH bekanntgeben zu k\u00f6nnen. Der neue Gesch\u00e4ftsbereich wird als ECAD Communications, ein Bereich der Technetix GmbH, aktiv sein. Wir sind von den M\u00f6glichkeiten, die dies unseren Angestellten, Kunden und Lieferanten er\u00f6ffnet, begeistert. Dabei nutzt Technetix seine gro\u00dfe europ\u00e4ische Plattform dazu, ein noch umfassenderes Portfolio an innovativen Produktl\u00f6sungen und Unterst\u00fctzung zu offerieren. Technetix wird den ECAD-Kabelbereich mit den eigenen existierenden Aktivit\u00e4ten verschmelzen und ein Unternehmen schaffen, das fokussiert ist und sich an Ihren Anforderungen orientiert \u2212 heute und in der Zukunft.  <\/p>\n\n\n\n<p class=\"gb-headline gb-headline-77d4828f gb-headline-text\">Technetix hat damit das komplette Portfolio der zuvor im Breitbandmarkt vertriebenen ECAD-Produkte einschlie\u00dflich des FTTH-Bereichs erworben. Wir freuen uns auf die Zusammenarbeit mit unseren neuen Kollegen und m\u00f6chten allen Interessenvertretern versichern, dass wir alle mit dem Ziel eines nahtlosen \u00dcbergangs eng mit ihnen zusammenarbeiten werden. Bitte z\u00f6gern Sie nicht, sich bei Fragen oder Bedenken mit <a href=\"mailto:jens.krause@technetix.com\" target=\"_blank\" rel=\"noreferrer noopener\">Jens Krause<\/a>, Sales Direktor.  <\/p>\n\n\n\n<h2 class=\"gb-headline gb-headline-6b17d0fd gb-headline-text gb-headline-h2-in-content\">Ein erweitertes HFC-Produktportfolio<\/h2>\n\n\n<div class=\"gb-grid-wrapper gb-grid-wrapper-a1d89b73\">\n<div class=\"gb-grid-column gb-grid-column-2823e7ef\"><div class=\"gb-container gb-container-2823e7ef\">\n\n<figure class=\"gb-block-image gb-block-image-5fdd1589\"><img loading=\"lazy\" decoding=\"async\" width=\"750\" height=\"500\" class=\"gb-image gb-image-5fdd1589\" src=\"https:\/\/emea.technetix.com\/wp-content\/uploads\/sites\/2\/2023\/04\/tele04.jpeg\" alt=\"Optischer Mininode\" srcset=\"https:\/\/emea.technetix.com\/wp-content\/uploads\/sites\/2\/2023\/04\/tele04.jpeg 750w, https:\/\/emea.technetix.com\/wp-content\/uploads\/sites\/2\/2023\/04\/tele04-300x200.jpeg 300w, https:\/\/emea.technetix.com\/wp-content\/uploads\/sites\/2\/2023\/04\/tele04-600x400.jpeg 600w\" sizes=\"auto, (max-width: 750px) 100vw, 750px\" \/><\/figure>\n\n\n\n<p class=\"gb-headline gb-headline-c9b08205 gb-headline-text gb-headline-image-caption\">Optischer Mininode<\/p>\n\n<\/div><\/div>\n\n<div class=\"gb-grid-column gb-grid-column-a274a0b6\"><div class=\"gb-container gb-container-a274a0b6\">\n\n<figure class=\"gb-block-image gb-block-image-59dd6298\"><img loading=\"lazy\" decoding=\"async\" width=\"750\" height=\"500\" class=\"gb-image gb-image-59dd6298\" src=\"https:\/\/emea.technetix.com\/wp-content\/uploads\/sites\/2\/2023\/04\/tele01.jpeg\" alt=\"Intelligente Multi-Layer-Management-Box f\u00fcr Glasfaserkabel \" srcset=\"https:\/\/emea.technetix.com\/wp-content\/uploads\/sites\/2\/2023\/04\/tele01.jpeg 750w, https:\/\/emea.technetix.com\/wp-content\/uploads\/sites\/2\/2023\/04\/tele01-300x200.jpeg 300w, https:\/\/emea.technetix.com\/wp-content\/uploads\/sites\/2\/2023\/04\/tele01-600x400.jpeg 600w\" sizes=\"auto, (max-width: 750px) 100vw, 750px\" \/><\/figure>\n\n\n\n<p class=\"gb-headline gb-headline-d6a46e76 gb-headline-text gb-headline-image-caption\">Intelligente Multi-Layer-Management-Box f\u00fcr Glasfaserkabel<\/p>\n\n<\/div><\/div>\n\n<div class=\"gb-grid-column gb-grid-column-4b45e9dd\"><div class=\"gb-container gb-container-4b45e9dd\">\n\n<figure class=\"gb-block-image gb-block-image-cbc9a153\"><img loading=\"lazy\" decoding=\"async\" width=\"1920\" height=\"921\" class=\"gb-image gb-image-cbc9a153\" src=\"https:\/\/emea.technetix.com\/wp-content\/uploads\/sites\/2\/2023\/04\/slide-08.jpeg\" alt=\"Untergrund-Abzweiger und Steckverbinder\" srcset=\"https:\/\/emea.technetix.com\/wp-content\/uploads\/sites\/2\/2023\/04\/slide-08.jpeg 1920w, https:\/\/emea.technetix.com\/wp-content\/uploads\/sites\/2\/2023\/04\/slide-08-300x144.jpeg 300w, https:\/\/emea.technetix.com\/wp-content\/uploads\/sites\/2\/2023\/04\/slide-08-1024x491.jpeg 1024w, https:\/\/emea.technetix.com\/wp-content\/uploads\/sites\/2\/2023\/04\/slide-08-768x368.jpeg 768w, https:\/\/emea.technetix.com\/wp-content\/uploads\/sites\/2\/2023\/04\/slide-08-1536x737.jpeg 1536w, https:\/\/emea.technetix.com\/wp-content\/uploads\/sites\/2\/2023\/04\/slide-08-600x288.jpeg 600w\" sizes=\"auto, (max-width: 1920px) 100vw, 1920px\" \/><\/figure>\n\n\n\n<p class=\"gb-headline gb-headline-87663795 gb-headline-text gb-headline-image-caption\">Untergrund-Abzweiger und Steckverbinder<\/p>\n\n<\/div><\/div>\n\n<div class=\"gb-grid-column gb-grid-column-0e2442d7\"><div class=\"gb-container gb-container-0e2442d7\">\n\n<figure class=\"gb-block-image gb-block-image-f3270b75\"><img loading=\"lazy\" decoding=\"async\" width=\"750\" height=\"500\" class=\"gb-image gb-image-f3270b75\" src=\"https:\/\/emea.technetix.com\/wp-content\/uploads\/sites\/2\/2023\/04\/kabel02.jpeg\" alt=\"Glasfaserkabel\" srcset=\"https:\/\/emea.technetix.com\/wp-content\/uploads\/sites\/2\/2023\/04\/kabel02.jpeg 750w, https:\/\/emea.technetix.com\/wp-content\/uploads\/sites\/2\/2023\/04\/kabel02-300x200.jpeg 300w, https:\/\/emea.technetix.com\/wp-content\/uploads\/sites\/2\/2023\/04\/kabel02-600x400.jpeg 600w\" sizes=\"auto, (max-width: 750px) 100vw, 750px\" \/><\/figure>\n\n\n\n<p class=\"gb-headline gb-headline-25a4d11c gb-headline-text gb-headline-image-caption\">Glasfaserkabel<\/p>\n\n<\/div><\/div>\n\n<div class=\"gb-grid-column gb-grid-column-695f6d75\"><div class=\"gb-container gb-container-695f6d75\">\n\n<figure class=\"gb-block-image gb-block-image-ac778579\"><img loading=\"lazy\" decoding=\"async\" width=\"750\" height=\"500\" class=\"gb-image gb-image-ac778579\" src=\"https:\/\/emea.technetix.com\/wp-content\/uploads\/sites\/2\/2023\/04\/bestueckung02.jpeg\" alt=\"Management-Box f\u00fcr Glasfaserkabel \" srcset=\"https:\/\/emea.technetix.com\/wp-content\/uploads\/sites\/2\/2023\/04\/bestueckung02.jpeg 750w, https:\/\/emea.technetix.com\/wp-content\/uploads\/sites\/2\/2023\/04\/bestueckung02-300x200.jpeg 300w, https:\/\/emea.technetix.com\/wp-content\/uploads\/sites\/2\/2023\/04\/bestueckung02-600x400.jpeg 600w\" sizes=\"auto, (max-width: 750px) 100vw, 750px\" \/><\/figure>\n\n\n\n<p class=\"gb-headline gb-headline-159da29b gb-headline-text gb-headline-image-caption\">Management-Box f\u00fcr Glasfaserkabel<\/p>\n\n<\/div><\/div>\n<\/div>\n\n\n<h2 class=\"gb-headline gb-headline-a21fe19b gb-headline-text gb-headline-h2-in-content\">Downloads<\/h2>\n\n\n\n<p class=\"gb-headline gb-headline-38194bbe gb-headline-text\"><a href=\"https:\/\/emea.technetix.com\/wp-content\/uploads\/sites\/2\/2023\/04\/Datasheet-ECAD-OAP-060320_EN.pdf\" target=\"_blank\" rel=\"noreferrer noopener\">OAP connection box<\/a><\/p>\n\n\n\n<p class=\"gb-headline gb-headline-579157dc gb-headline-text\"><a href=\"https:\/\/emea.technetix.com\/wp-content\/uploads\/sites\/2\/2023\/04\/ECAD-GF-Huep-Speed-060320_EN.pdf\" target=\"_blank\" rel=\"noreferrer noopener\">GF-Huep-Speed<\/a><\/p>\n\n\n\n<p class=\"gb-headline gb-headline-6472522a gb-headline-text\"><a href=\"https:\/\/emea.technetix.com\/wp-content\/uploads\/sites\/2\/2023\/04\/ECAD-OAP-Easy-Fiber-Installation-Kit-060320_DE.pdf\" target=\"_blank\" rel=\"noreferrer noopener\">OAP &#8211; Easy fiber installation kit<\/a><\/p>\n\n\n\n<p class=\"gb-headline gb-headline-9dabe3a7 gb-headline-text\"><a href=\"https:\/\/emea.technetix.com\/wp-content\/uploads\/sites\/2\/2023\/04\/ECAD-FTTH-Box-APL-060320_EN.pdf\" target=\"_blank\" rel=\"noreferrer noopener\">FTTH-Box-APL<\/a><\/p>\n\n\n\n<p class=\"gb-headline gb-headline-a3db8473 gb-headline-text\"><a href=\"https:\/\/emea.technetix.com\/wp-content\/uploads\/sites\/2\/2023\/04\/ECAD-GF-Huep-MAX-060320_EN.pdf\" target=\"_blank\" rel=\"noreferrer noopener\">GF-Huep-MAX<\/a><\/p>\n\n\n\n<p class=\"gb-headline gb-headline-ff71a157 gb-headline-text\"><a href=\"https:\/\/emea.technetix.com\/wp-content\/uploads\/sites\/2\/2023\/04\/Glasfaserkomp_060320_EN-DE.pdf\" target=\"_blank\" rel=\"noreferrer noopener\">Glasfaserkomp<\/a><\/p>\n\n\n\n<p class=\"gb-headline gb-headline-167edc11 gb-headline-text\"><a href=\"https:\/\/emea.technetix.com\/wp-content\/uploads\/sites\/2\/2023\/04\/Kontaktblatt-APLs-Jens_Krause_060320_EN-DE.pdf\" target=\"_blank\" rel=\"noreferrer noopener\">Kontaktblatt<\/a><\/p>\n\n<\/div>","protected":false},"excerpt":{"rendered":"<p>Technetix erweitert sein FTTH-Portfolio Technetix widmet sich intensiv dem deutschen Breitbandmarkt und st\u00e4rkt mit der Akquisition von ECAD Communications und dem damit verbundenen erweiterten Portfolio innovativer FTTH-Produkte seine globale Wertsch\u00f6pfung Die Technetix Group Ltd. ist erfreut, die Akquisition des Breitband-Komponentenbereichs der ECAD GmbH bekanntgeben zu k\u00f6nnen. Der neue Gesch\u00e4ftsbereich wird als ECAD Communications, ein Bereich &#8230; <a title=\"Technetix erweitert sein FTTH-Portfolio\" class=\"read-more\" href=\"https:\/\/emea.technetix.com\/de\/ecad\/\" aria-label=\"Mehr Informationen \u00fcber Technetix erweitert sein FTTH-Portfolio\">Read more<\/a><\/p>\n","protected":false},"author":1,"featured_media":0,"parent":0,"menu_order":0,"comment_status":"closed","ping_status":"closed","template":"","meta":{"_acf_changed":false,"_gspb_post_css":"","footnotes":""},"class_list":["post-13103","page","type-page","status-publish"],"yoast_head":"<!-- This site is optimized with the Yoast SEO Premium plugin v22.5 (Yoast SEO v27.3) - https:\/\/yoast.com\/product\/yoast-seo-premium-wordpress\/ -->\n<title>Technetix erweitert sein FTTH-Portfolio - Technetix EMEA<\/title>\n<meta name=\"robots\" content=\"index, follow, max-snippet:-1, max-image-preview:large, max-video-preview:-1\" \/>\n<link rel=\"canonical\" href=\"https:\/\/emea.technetix.com\/de\/ecad\/\" \/>\n<meta property=\"og:locale\" content=\"de_DE\" \/>\n<meta property=\"og:type\" content=\"article\" \/>\n<meta property=\"og:title\" content=\"Technetix erweitert sein FTTH-Portfolio - Technetix EMEA\" \/>\n<meta property=\"og:description\" content=\"Technetix erweitert sein FTTH-Portfolio Technetix widmet sich intensiv dem deutschen Breitbandmarkt und st\u00e4rkt mit der Akquisition von ECAD Communications und dem damit verbundenen erweiterten Portfolio innovativer FTTH-Produkte seine globale Wertsch\u00f6pfung Die Technetix Group Ltd. ist erfreut, die Akquisition des Breitband-Komponentenbereichs der ECAD GmbH bekanntgeben zu k\u00f6nnen. Der neue Gesch\u00e4ftsbereich wird als ECAD Communications, ein Bereich ... Read more\" \/>\n<meta property=\"og:url\" content=\"https:\/\/emea.technetix.com\/de\/ecad\/\" \/>\n<meta property=\"og:site_name\" content=\"Technetix EMEA\" \/>\n<meta property=\"article:modified_time\" content=\"2023-04-13T22:20:15+00:00\" \/>\n<meta property=\"og:image\" content=\"https:\/\/emea.technetix.com\/wp-content\/uploads\/sites\/2\/2023\/04\/ecad-logo.jpeg\" \/>\n<meta name=\"twitter:card\" content=\"summary_large_image\" \/>\n<meta name=\"twitter:site\" content=\"@technetixgroup\" \/>\n<meta name=\"twitter:label1\" content=\"Gesch\u00e4tzte Lesezeit\" \/>\n\t<meta name=\"twitter:data1\" content=\"3\u00a0Minuten\" \/>\n<script type=\"application\/ld+json\" class=\"yoast-schema-graph\">{\"@context\":\"https:\\\/\\\/schema.org\",\"@graph\":[{\"@type\":\"WebPage\",\"@id\":\"https:\\\/\\\/emea.technetix.com\\\/de\\\/ecad\\\/\",\"url\":\"https:\\\/\\\/emea.technetix.com\\\/de\\\/ecad\\\/\",\"name\":\"Technetix erweitert sein FTTH-Portfolio - Technetix EMEA\",\"isPartOf\":{\"@id\":\"https:\\\/\\\/emea.technetix.com\\\/de\\\/#website\"},\"primaryImageOfPage\":{\"@id\":\"https:\\\/\\\/emea.technetix.com\\\/de\\\/ecad\\\/#primaryimage\"},\"image\":{\"@id\":\"https:\\\/\\\/emea.technetix.com\\\/de\\\/ecad\\\/#primaryimage\"},\"thumbnailUrl\":\"https:\\\/\\\/emea.technetix.com\\\/wp-content\\\/uploads\\\/sites\\\/2\\\/2023\\\/04\\\/ecad-logo.jpeg\",\"datePublished\":\"2023-04-13T21:56:48+00:00\",\"dateModified\":\"2023-04-13T22:20:15+00:00\",\"breadcrumb\":{\"@id\":\"https:\\\/\\\/emea.technetix.com\\\/de\\\/ecad\\\/#breadcrumb\"},\"inLanguage\":\"de\",\"potentialAction\":[{\"@type\":\"ReadAction\",\"target\":[\"https:\\\/\\\/emea.technetix.com\\\/de\\\/ecad\\\/\"]}]},{\"@type\":\"ImageObject\",\"inLanguage\":\"de\",\"@id\":\"https:\\\/\\\/emea.technetix.com\\\/de\\\/ecad\\\/#primaryimage\",\"url\":\"https:\\\/\\\/emea.technetix.com\\\/wp-content\\\/uploads\\\/sites\\\/2\\\/2023\\\/04\\\/ecad-logo.jpeg\",\"contentUrl\":\"https:\\\/\\\/emea.technetix.com\\\/wp-content\\\/uploads\\\/sites\\\/2\\\/2023\\\/04\\\/ecad-logo.jpeg\"},{\"@type\":\"BreadcrumbList\",\"@id\":\"https:\\\/\\\/emea.technetix.com\\\/de\\\/ecad\\\/#breadcrumb\",\"itemListElement\":[{\"@type\":\"ListItem\",\"position\":1,\"name\":\"Home\",\"item\":\"https:\\\/\\\/emea.technetix.com\\\/de\\\/\"},{\"@type\":\"ListItem\",\"position\":2,\"name\":\"Technetix erweitert sein FTTH-Portfolio\"}]},{\"@type\":\"WebSite\",\"@id\":\"https:\\\/\\\/emea.technetix.com\\\/de\\\/#website\",\"url\":\"https:\\\/\\\/emea.technetix.com\\\/de\\\/\",\"name\":\"Technetix\",\"description\":\"Next-generation broadband equipment engineering\",\"publisher\":{\"@id\":\"https:\\\/\\\/emea.technetix.com\\\/de\\\/#organization\"},\"potentialAction\":[{\"@type\":\"SearchAction\",\"target\":{\"@type\":\"EntryPoint\",\"urlTemplate\":\"https:\\\/\\\/emea.technetix.com\\\/de\\\/?s={search_term_string}\"},\"query-input\":{\"@type\":\"PropertyValueSpecification\",\"valueRequired\":true,\"valueName\":\"search_term_string\"}}],\"inLanguage\":\"de\"},{\"@type\":\"Organization\",\"@id\":\"https:\\\/\\\/emea.technetix.com\\\/de\\\/#organization\",\"name\":\"Technetix\",\"url\":\"https:\\\/\\\/emea.technetix.com\\\/de\\\/\",\"logo\":{\"@type\":\"ImageObject\",\"inLanguage\":\"de\",\"@id\":\"https:\\\/\\\/emea.technetix.com\\\/de\\\/#\\\/schema\\\/logo\\\/image\\\/\",\"url\":\"https:\\\/\\\/emea.technetix.com\\\/wp-content\\\/uploads\\\/sites\\\/2\\\/2023\\\/06\\\/logo-Technetix-1000x1000-1.png\",\"contentUrl\":\"https:\\\/\\\/emea.technetix.com\\\/wp-content\\\/uploads\\\/sites\\\/2\\\/2023\\\/06\\\/logo-Technetix-1000x1000-1.png\",\"width\":1000,\"height\":1000,\"caption\":\"Technetix\"},\"image\":{\"@id\":\"https:\\\/\\\/emea.technetix.com\\\/de\\\/#\\\/schema\\\/logo\\\/image\\\/\"},\"sameAs\":[\"https:\\\/\\\/x.com\\\/technetixgroup\",\"https:\\\/\\\/www.linkedin.com\\\/company\\\/technetix\\\/\",\"https:\\\/\\\/www.youtube.com\\\/c\\\/Technetix-group\"]}]}<\/script>\n<!-- \/ Yoast SEO Premium plugin. -->","yoast_head_json":{"title":"Technetix erweitert sein FTTH-Portfolio - Technetix EMEA","robots":{"index":"index","follow":"follow","max-snippet":"max-snippet:-1","max-image-preview":"max-image-preview:large","max-video-preview":"max-video-preview:-1"},"canonical":"https:\/\/emea.technetix.com\/de\/ecad\/","og_locale":"de_DE","og_type":"article","og_title":"Technetix erweitert sein FTTH-Portfolio - Technetix EMEA","og_description":"Technetix erweitert sein FTTH-Portfolio Technetix widmet sich intensiv dem deutschen Breitbandmarkt und st\u00e4rkt mit der Akquisition von ECAD Communications und dem damit verbundenen erweiterten Portfolio innovativer FTTH-Produkte seine globale Wertsch\u00f6pfung Die Technetix Group Ltd. ist erfreut, die Akquisition des Breitband-Komponentenbereichs der ECAD GmbH bekanntgeben zu k\u00f6nnen. Der neue Gesch\u00e4ftsbereich wird als ECAD Communications, ein Bereich ... Read more","og_url":"https:\/\/emea.technetix.com\/de\/ecad\/","og_site_name":"Technetix EMEA","article_modified_time":"2023-04-13T22:20:15+00:00","og_image":[{"url":"https:\/\/emea.technetix.com\/wp-content\/uploads\/sites\/2\/2023\/04\/ecad-logo.jpeg","type":"","width":"","height":""}],"twitter_card":"summary_large_image","twitter_site":"@technetixgroup","twitter_misc":{"Gesch\u00e4tzte Lesezeit":"3\u00a0Minuten"},"schema":{"@context":"https:\/\/schema.org","@graph":[{"@type":"WebPage","@id":"https:\/\/emea.technetix.com\/de\/ecad\/","url":"https:\/\/emea.technetix.com\/de\/ecad\/","name":"Technetix erweitert sein FTTH-Portfolio - Technetix EMEA","isPartOf":{"@id":"https:\/\/emea.technetix.com\/de\/#website"},"primaryImageOfPage":{"@id":"https:\/\/emea.technetix.com\/de\/ecad\/#primaryimage"},"image":{"@id":"https:\/\/emea.technetix.com\/de\/ecad\/#primaryimage"},"thumbnailUrl":"https:\/\/emea.technetix.com\/wp-content\/uploads\/sites\/2\/2023\/04\/ecad-logo.jpeg","datePublished":"2023-04-13T21:56:48+00:00","dateModified":"2023-04-13T22:20:15+00:00","breadcrumb":{"@id":"https:\/\/emea.technetix.com\/de\/ecad\/#breadcrumb"},"inLanguage":"de","potentialAction":[{"@type":"ReadAction","target":["https:\/\/emea.technetix.com\/de\/ecad\/"]}]},{"@type":"ImageObject","inLanguage":"de","@id":"https:\/\/emea.technetix.com\/de\/ecad\/#primaryimage","url":"https:\/\/emea.technetix.com\/wp-content\/uploads\/sites\/2\/2023\/04\/ecad-logo.jpeg","contentUrl":"https:\/\/emea.technetix.com\/wp-content\/uploads\/sites\/2\/2023\/04\/ecad-logo.jpeg"},{"@type":"BreadcrumbList","@id":"https:\/\/emea.technetix.com\/de\/ecad\/#breadcrumb","itemListElement":[{"@type":"ListItem","position":1,"name":"Home","item":"https:\/\/emea.technetix.com\/de\/"},{"@type":"ListItem","position":2,"name":"Technetix erweitert sein FTTH-Portfolio"}]},{"@type":"WebSite","@id":"https:\/\/emea.technetix.com\/de\/#website","url":"https:\/\/emea.technetix.com\/de\/","name":"Technetix","description":"Next-generation broadband equipment engineering","publisher":{"@id":"https:\/\/emea.technetix.com\/de\/#organization"},"potentialAction":[{"@type":"SearchAction","target":{"@type":"EntryPoint","urlTemplate":"https:\/\/emea.technetix.com\/de\/?s={search_term_string}"},"query-input":{"@type":"PropertyValueSpecification","valueRequired":true,"valueName":"search_term_string"}}],"inLanguage":"de"},{"@type":"Organization","@id":"https:\/\/emea.technetix.com\/de\/#organization","name":"Technetix","url":"https:\/\/emea.technetix.com\/de\/","logo":{"@type":"ImageObject","inLanguage":"de","@id":"https:\/\/emea.technetix.com\/de\/#\/schema\/logo\/image\/","url":"https:\/\/emea.technetix.com\/wp-content\/uploads\/sites\/2\/2023\/06\/logo-Technetix-1000x1000-1.png","contentUrl":"https:\/\/emea.technetix.com\/wp-content\/uploads\/sites\/2\/2023\/06\/logo-Technetix-1000x1000-1.png","width":1000,"height":1000,"caption":"Technetix"},"image":{"@id":"https:\/\/emea.technetix.com\/de\/#\/schema\/logo\/image\/"},"sameAs":["https:\/\/x.com\/technetixgroup","https:\/\/www.linkedin.com\/company\/technetix\/","https:\/\/www.youtube.com\/c\/Technetix-group"]}]}},"acf":[],"publishpress_future_workflow_manual_trigger":{"enabledWorkflows":[]},"_links":{"self":[{"href":"https:\/\/emea.technetix.com\/de\/wp-json\/wp\/v2\/pages\/13103","targetHints":{"allow":["GET"]}}],"collection":[{"href":"https:\/\/emea.technetix.com\/de\/wp-json\/wp\/v2\/pages"}],"about":[{"href":"https:\/\/emea.technetix.com\/de\/wp-json\/wp\/v2\/types\/page"}],"author":[{"embeddable":true,"href":"https:\/\/emea.technetix.com\/de\/wp-json\/wp\/v2\/users\/1"}],"replies":[{"embeddable":true,"href":"https:\/\/emea.technetix.com\/de\/wp-json\/wp\/v2\/comments?post=13103"}],"version-history":[{"count":0,"href":"https:\/\/emea.technetix.com\/de\/wp-json\/wp\/v2\/pages\/13103\/revisions"}],"wp:attachment":[{"href":"https:\/\/emea.technetix.com\/de\/wp-json\/wp\/v2\/media?parent=13103"}],"curies":[{"name":"wp","href":"https:\/\/api.w.org\/{rel}","templated":true}]}}