{"id":1104238,"date":"2025-08-22T12:59:57","date_gmt":"2025-08-22T12:59:57","guid":{"rendered":"https:\/\/emea.technetix.com\/?page_id=1104238"},"modified":"2026-03-07T10:30:30","modified_gmt":"2026-03-07T10:30:30","slug":"dbt-1800-cc1-line-extender-18-ghz-smarter-verstaerker","status":"publish","type":"page","link":"https:\/\/emea.technetix.com\/de\/dbt-1800-cc1-line-extender-18-ghz-smarter-verstaerker\/","title":{"rendered":"DBT-1800-CC1 Line Extender 1,8 GHz Smarter Verst\u00e4rker"},"content":{"rendered":"<div class=\"gb-container gb-container-a2efb66f gb-container-wide-back-page-con\" id=\"content\">\n<div class=\"gb-grid-wrapper gb-grid-wrapper-5efcc144\">\n<div class=\"gb-grid-column gb-grid-column-6e2f42ae\"><div class=\"gb-container gb-container-6e2f42ae\" id=\"image-col\"><div class=\"gb-inside-container\">\n\n<figure class=\"gb-block-image gb-block-image-61e35e7d\"><img loading=\"lazy\" decoding=\"async\" width=\"1000\" height=\"1000\" class=\"gb-image gb-image-61e35e7d\" src=\"https:\/\/emea.technetix.com\/wp-content\/uploads\/sites\/2\/2026\/01\/19016077_DBT-1800-CC1_PRFL_10-2.png\" alt=\"\" title=\"19016077_DBT-1800-CC1_PRFL_10\" srcset=\"https:\/\/emea.technetix.com\/wp-content\/uploads\/sites\/2\/2026\/01\/19016077_DBT-1800-CC1_PRFL_10-2.png 1000w, https:\/\/emea.technetix.com\/wp-content\/uploads\/sites\/2\/2026\/01\/19016077_DBT-1800-CC1_PRFL_10-2-300x300.png 300w, https:\/\/emea.technetix.com\/wp-content\/uploads\/sites\/2\/2026\/01\/19016077_DBT-1800-CC1_PRFL_10-2-150x150.png 150w, https:\/\/emea.technetix.com\/wp-content\/uploads\/sites\/2\/2026\/01\/19016077_DBT-1800-CC1_PRFL_10-2-768x768.png 768w, https:\/\/emea.technetix.com\/wp-content\/uploads\/sites\/2\/2026\/01\/19016077_DBT-1800-CC1_PRFL_10-2-600x600.png 600w, https:\/\/emea.technetix.com\/wp-content\/uploads\/sites\/2\/2026\/01\/19016077_DBT-1800-CC1_PRFL_10-2-100x100.png 100w\" sizes=\"auto, (max-width: 1000px) 100vw, 1000px\" \/><\/figure>\n\n<\/div><\/div><\/div>\n\n<div class=\"gb-grid-column gb-grid-column-cb46cc96\"><div class=\"gb-container gb-container-cb46cc96\" id=\"content-col\"><div class=\"gb-inside-container\">\n\n<h2 class=\"wp-block-heading\" id=\"h-dbt-1800-cc1-line-extender-1-8-ghz-smarter-verstarker\">DBT-1800-CC1 Line Extender 1,8 GHz Smarter Verst\u00e4rker<\/h2>\n\n\n\n<p>Der f\u00fcr hohe Zuverl\u00e4ssigkeit entwickelte, 1,8-GHz-f\u00e4hige Technetix DBT-1800-CC1 Line Extender Verst\u00e4rker liefert eine Downstream-Verst\u00e4rkung von 46 dB bei 1794 MHz und eine Upstream-Verst\u00e4rkung von 32 dB bei 684 MHz. Unser DBT-1800-CC1 l\u00e4sst sich vor Ort mit steckbaren Diplex-Filtern einfach aufr\u00fcsten und unterst\u00fctzt die folgenden Aufteilungen:<\/p>\n\n\n\n<ul class=\"wp-block-list\">\n<li>85\/102 MHz<\/li>\n\n\n\n<li>204\/258 MHz<\/li>\n\n\n\n<li>396\/492 MHz<\/li>\n\n\n\n<li>492\/606 MHz<\/li>\n\n\n\n<li>684\/834 MHz<\/li>\n<\/ul>\n\n\n\n<p>Das Ger\u00e4t ist vollst\u00e4ndig abw\u00e4rtskompatibel mit \u00e4lteren Frequenzen und verf\u00fcgt \u00fcber die Option eines softwaregesteuerten Low-Input-Modus.<\/p>\n\n\n\n<p><strong>Weitere Merkmale sind:<\/strong><\/p>\n\n\n\n<ul class=\"wp-block-list\">\n<li>Vollelektronische intelligente Steuerung; lokale und Fernkonfiguration<\/li>\n\n\n\n<li>Agile AGC\/ALSC-Funktionalit\u00e4t<\/li>\n\n\n\n<li>Automatische Ausrichtung der Downstream-Leitung, einschlie\u00dflich kurzer Kabel mit digital schaltbarem Kabelsimulator<\/li>\n\n\n\n<li>3 W Einsparung pro aktivem Ausgangsport im Energiesparmodus, wobei der maximale TCP von 70 dBmV auf 67 dBmV sinkt<\/li>\n\n\n\n<li>SCTE 279 2022-Standardkonform<\/li>\n\n\n\n<li>Drop-in-Ger\u00e4t, kompatibel mit CCOR\u00ae\/ARRIS\u00ae FM33x-Geh\u00e4usen<\/li>\n<\/ul>\n\n<\/div><\/div><\/div>\n<\/div>\n<\/div>\n\n<div class=\"gb-container gb-container-e4a86c09 gb-container-con-buttons-bottom\" id=\"buttons\">\n\n<h2 class=\"gb-headline gb-headline-7ce6fa4b gb-headline-text gb-headline-head-bottom-buttons\">N\u00fctzliche Links<\/h2>\n\n\n<div class=\"gb-button-wrapper gb-button-wrapper-5300c273 gb-button-wrapper-after-con-buttons\">\n\n<a class=\"gb-button gb-button-875d5801 gb-button-text gb-button-bottom-button\" href=\"https:\/\/emea.technetix.com\/wp-content\/uploads\/sites\/2\/2026\/01\/19015733_DBT-1800_CCOR_CC1_LINE-EXTENDER_V35_DS_AE-3.pdf\">Datenblatt<\/a>\n\n\n\n<a class=\"gb-button gb-button-3608ba46 gb-button-text gb-button-bottom-button\" href=\"https:\/\/emea.technetix.com\/wp-content\/uploads\/sites\/2\/2026\/03\/DBT-1800_V11_BRC_AE.pdf\">Brosch\u00fcre<\/a>\n\n\n\n<a class=\"gb-button gb-button-ff3bad62 gb-button-text gb-button-bottom-button\" href=\"https:\/\/emea.technetix.com\/de\/kontakt\/\">Kontakt<\/a>\n\n<\/div>\n<\/div>","protected":false},"excerpt":{"rendered":"<p>N\u00fctzliche Links<\/p>\n","protected":false},"author":3,"featured_media":0,"parent":0,"menu_order":0,"comment_status":"closed","ping_status":"closed","template":"","meta":{"_acf_changed":false,"_gspb_post_css":"","footnotes":""},"class_list":["post-1104238","page","type-page","status-publish"],"yoast_head":"<!-- This site is optimized with the Yoast SEO Premium plugin v22.5 (Yoast SEO v27.4) - https:\/\/yoast.com\/product\/yoast-seo-premium-wordpress\/ -->\n<title>DBT-1800-CC1 Line Extender 1,8 GHz Smarter Verst\u00e4rker - Technetix EMEA<\/title>\n<meta name=\"robots\" content=\"index, follow, max-snippet:-1, max-image-preview:large, max-video-preview:-1\" \/>\n<link rel=\"canonical\" href=\"https:\/\/emea.technetix.com\/de\/dbt-1800-cc1-line-extender-18-ghz-smarter-verstaerker\/\" \/>\n<meta property=\"og:locale\" content=\"de_DE\" \/>\n<meta property=\"og:type\" content=\"article\" \/>\n<meta property=\"og:title\" content=\"DBT-1800-CC1 Line Extender 1,8 GHz Smarter Verst\u00e4rker - Technetix EMEA\" \/>\n<meta property=\"og:description\" content=\"N\u00fctzliche Links\" \/>\n<meta property=\"og:url\" content=\"https:\/\/emea.technetix.com\/de\/dbt-1800-cc1-line-extender-18-ghz-smarter-verstaerker\/\" \/>\n<meta property=\"og:site_name\" content=\"Technetix EMEA\" \/>\n<meta property=\"article:modified_time\" content=\"2026-03-07T10:30:30+00:00\" \/>\n<meta property=\"og:image\" content=\"https:\/\/emea.technetix.com\/wp-content\/uploads\/sites\/2\/2026\/01\/19016077_DBT-1800-CC1_PRFL_10-2.png\" \/>\n<meta name=\"twitter:card\" content=\"summary_large_image\" \/>\n<meta name=\"twitter:site\" content=\"@technetixgroup\" \/>\n<meta name=\"twitter:label1\" content=\"Gesch\u00e4tzte Lesezeit\" \/>\n\t<meta name=\"twitter:data1\" content=\"1\u00a0Minute\" \/>\n<script type=\"application\/ld+json\" class=\"yoast-schema-graph\">{\"@context\":\"https:\\\/\\\/schema.org\",\"@graph\":[{\"@type\":\"WebPage\",\"@id\":\"https:\\\/\\\/emea.technetix.com\\\/de\\\/dbt-1800-cc1-line-extender-18-ghz-smarter-verstaerker\\\/\",\"url\":\"https:\\\/\\\/emea.technetix.com\\\/de\\\/dbt-1800-cc1-line-extender-18-ghz-smarter-verstaerker\\\/\",\"name\":\"DBT-1800-CC1 Line Extender 1,8 GHz Smarter Verst\u00e4rker - Technetix EMEA\",\"isPartOf\":{\"@id\":\"https:\\\/\\\/emea.technetix.com\\\/de\\\/#website\"},\"primaryImageOfPage\":{\"@id\":\"https:\\\/\\\/emea.technetix.com\\\/de\\\/dbt-1800-cc1-line-extender-18-ghz-smarter-verstaerker\\\/#primaryimage\"},\"image\":{\"@id\":\"https:\\\/\\\/emea.technetix.com\\\/de\\\/dbt-1800-cc1-line-extender-18-ghz-smarter-verstaerker\\\/#primaryimage\"},\"thumbnailUrl\":\"https:\\\/\\\/emea.technetix.com\\\/wp-content\\\/uploads\\\/sites\\\/2\\\/2026\\\/01\\\/19016077_DBT-1800-CC1_PRFL_10-2.png\",\"datePublished\":\"2025-08-22T12:59:57+00:00\",\"dateModified\":\"2026-03-07T10:30:30+00:00\",\"breadcrumb\":{\"@id\":\"https:\\\/\\\/emea.technetix.com\\\/de\\\/dbt-1800-cc1-line-extender-18-ghz-smarter-verstaerker\\\/#breadcrumb\"},\"inLanguage\":\"de\",\"potentialAction\":[{\"@type\":\"ReadAction\",\"target\":[\"https:\\\/\\\/emea.technetix.com\\\/de\\\/dbt-1800-cc1-line-extender-18-ghz-smarter-verstaerker\\\/\"]}]},{\"@type\":\"ImageObject\",\"inLanguage\":\"de\",\"@id\":\"https:\\\/\\\/emea.technetix.com\\\/de\\\/dbt-1800-cc1-line-extender-18-ghz-smarter-verstaerker\\\/#primaryimage\",\"url\":\"https:\\\/\\\/emea.technetix.com\\\/wp-content\\\/uploads\\\/sites\\\/2\\\/2026\\\/01\\\/19016077_DBT-1800-CC1_PRFL_10-2.png\",\"contentUrl\":\"https:\\\/\\\/emea.technetix.com\\\/wp-content\\\/uploads\\\/sites\\\/2\\\/2026\\\/01\\\/19016077_DBT-1800-CC1_PRFL_10-2.png\"},{\"@type\":\"BreadcrumbList\",\"@id\":\"https:\\\/\\\/emea.technetix.com\\\/de\\\/dbt-1800-cc1-line-extender-18-ghz-smarter-verstaerker\\\/#breadcrumb\",\"itemListElement\":[{\"@type\":\"ListItem\",\"position\":1,\"name\":\"Home\",\"item\":\"https:\\\/\\\/emea.technetix.com\\\/de\\\/\"},{\"@type\":\"ListItem\",\"position\":2,\"name\":\"DBT-1800-CC1 Line Extender 1,8 GHz Smarter Verst\u00e4rker\"}]},{\"@type\":\"WebSite\",\"@id\":\"https:\\\/\\\/emea.technetix.com\\\/de\\\/#website\",\"url\":\"https:\\\/\\\/emea.technetix.com\\\/de\\\/\",\"name\":\"Technetix\",\"description\":\"Next-generation broadband equipment engineering\",\"publisher\":{\"@id\":\"https:\\\/\\\/emea.technetix.com\\\/de\\\/#organization\"},\"potentialAction\":[{\"@type\":\"SearchAction\",\"target\":{\"@type\":\"EntryPoint\",\"urlTemplate\":\"https:\\\/\\\/emea.technetix.com\\\/de\\\/?s={search_term_string}\"},\"query-input\":{\"@type\":\"PropertyValueSpecification\",\"valueRequired\":true,\"valueName\":\"search_term_string\"}}],\"inLanguage\":\"de\"},{\"@type\":\"Organization\",\"@id\":\"https:\\\/\\\/emea.technetix.com\\\/de\\\/#organization\",\"name\":\"Technetix\",\"url\":\"https:\\\/\\\/emea.technetix.com\\\/de\\\/\",\"logo\":{\"@type\":\"ImageObject\",\"inLanguage\":\"de\",\"@id\":\"https:\\\/\\\/emea.technetix.com\\\/de\\\/#\\\/schema\\\/logo\\\/image\\\/\",\"url\":\"https:\\\/\\\/emea.technetix.com\\\/wp-content\\\/uploads\\\/sites\\\/2\\\/2023\\\/06\\\/logo-Technetix-1000x1000-1.png\",\"contentUrl\":\"https:\\\/\\\/emea.technetix.com\\\/wp-content\\\/uploads\\\/sites\\\/2\\\/2023\\\/06\\\/logo-Technetix-1000x1000-1.png\",\"width\":1000,\"height\":1000,\"caption\":\"Technetix\"},\"image\":{\"@id\":\"https:\\\/\\\/emea.technetix.com\\\/de\\\/#\\\/schema\\\/logo\\\/image\\\/\"},\"sameAs\":[\"https:\\\/\\\/x.com\\\/technetixgroup\",\"https:\\\/\\\/www.linkedin.com\\\/company\\\/technetix\\\/\",\"https:\\\/\\\/www.youtube.com\\\/c\\\/Technetix-group\"]}]}<\/script>\n<!-- \/ Yoast SEO Premium plugin. -->","yoast_head_json":{"title":"DBT-1800-CC1 Line Extender 1,8 GHz Smarter Verst\u00e4rker - Technetix EMEA","robots":{"index":"index","follow":"follow","max-snippet":"max-snippet:-1","max-image-preview":"max-image-preview:large","max-video-preview":"max-video-preview:-1"},"canonical":"https:\/\/emea.technetix.com\/de\/dbt-1800-cc1-line-extender-18-ghz-smarter-verstaerker\/","og_locale":"de_DE","og_type":"article","og_title":"DBT-1800-CC1 Line Extender 1,8 GHz Smarter Verst\u00e4rker - Technetix EMEA","og_description":"N\u00fctzliche Links","og_url":"https:\/\/emea.technetix.com\/de\/dbt-1800-cc1-line-extender-18-ghz-smarter-verstaerker\/","og_site_name":"Technetix EMEA","article_modified_time":"2026-03-07T10:30:30+00:00","og_image":[{"url":"https:\/\/emea.technetix.com\/wp-content\/uploads\/sites\/2\/2026\/01\/19016077_DBT-1800-CC1_PRFL_10-2.png","type":"","width":"","height":""}],"twitter_card":"summary_large_image","twitter_site":"@technetixgroup","twitter_misc":{"Gesch\u00e4tzte Lesezeit":"1\u00a0Minute"},"schema":{"@context":"https:\/\/schema.org","@graph":[{"@type":"WebPage","@id":"https:\/\/emea.technetix.com\/de\/dbt-1800-cc1-line-extender-18-ghz-smarter-verstaerker\/","url":"https:\/\/emea.technetix.com\/de\/dbt-1800-cc1-line-extender-18-ghz-smarter-verstaerker\/","name":"DBT-1800-CC1 Line Extender 1,8 GHz Smarter Verst\u00e4rker - Technetix EMEA","isPartOf":{"@id":"https:\/\/emea.technetix.com\/de\/#website"},"primaryImageOfPage":{"@id":"https:\/\/emea.technetix.com\/de\/dbt-1800-cc1-line-extender-18-ghz-smarter-verstaerker\/#primaryimage"},"image":{"@id":"https:\/\/emea.technetix.com\/de\/dbt-1800-cc1-line-extender-18-ghz-smarter-verstaerker\/#primaryimage"},"thumbnailUrl":"https:\/\/emea.technetix.com\/wp-content\/uploads\/sites\/2\/2026\/01\/19016077_DBT-1800-CC1_PRFL_10-2.png","datePublished":"2025-08-22T12:59:57+00:00","dateModified":"2026-03-07T10:30:30+00:00","breadcrumb":{"@id":"https:\/\/emea.technetix.com\/de\/dbt-1800-cc1-line-extender-18-ghz-smarter-verstaerker\/#breadcrumb"},"inLanguage":"de","potentialAction":[{"@type":"ReadAction","target":["https:\/\/emea.technetix.com\/de\/dbt-1800-cc1-line-extender-18-ghz-smarter-verstaerker\/"]}]},{"@type":"ImageObject","inLanguage":"de","@id":"https:\/\/emea.technetix.com\/de\/dbt-1800-cc1-line-extender-18-ghz-smarter-verstaerker\/#primaryimage","url":"https:\/\/emea.technetix.com\/wp-content\/uploads\/sites\/2\/2026\/01\/19016077_DBT-1800-CC1_PRFL_10-2.png","contentUrl":"https:\/\/emea.technetix.com\/wp-content\/uploads\/sites\/2\/2026\/01\/19016077_DBT-1800-CC1_PRFL_10-2.png"},{"@type":"BreadcrumbList","@id":"https:\/\/emea.technetix.com\/de\/dbt-1800-cc1-line-extender-18-ghz-smarter-verstaerker\/#breadcrumb","itemListElement":[{"@type":"ListItem","position":1,"name":"Home","item":"https:\/\/emea.technetix.com\/de\/"},{"@type":"ListItem","position":2,"name":"DBT-1800-CC1 Line Extender 1,8 GHz Smarter Verst\u00e4rker"}]},{"@type":"WebSite","@id":"https:\/\/emea.technetix.com\/de\/#website","url":"https:\/\/emea.technetix.com\/de\/","name":"Technetix","description":"Next-generation broadband equipment engineering","publisher":{"@id":"https:\/\/emea.technetix.com\/de\/#organization"},"potentialAction":[{"@type":"SearchAction","target":{"@type":"EntryPoint","urlTemplate":"https:\/\/emea.technetix.com\/de\/?s={search_term_string}"},"query-input":{"@type":"PropertyValueSpecification","valueRequired":true,"valueName":"search_term_string"}}],"inLanguage":"de"},{"@type":"Organization","@id":"https:\/\/emea.technetix.com\/de\/#organization","name":"Technetix","url":"https:\/\/emea.technetix.com\/de\/","logo":{"@type":"ImageObject","inLanguage":"de","@id":"https:\/\/emea.technetix.com\/de\/#\/schema\/logo\/image\/","url":"https:\/\/emea.technetix.com\/wp-content\/uploads\/sites\/2\/2023\/06\/logo-Technetix-1000x1000-1.png","contentUrl":"https:\/\/emea.technetix.com\/wp-content\/uploads\/sites\/2\/2023\/06\/logo-Technetix-1000x1000-1.png","width":1000,"height":1000,"caption":"Technetix"},"image":{"@id":"https:\/\/emea.technetix.com\/de\/#\/schema\/logo\/image\/"},"sameAs":["https:\/\/x.com\/technetixgroup","https:\/\/www.linkedin.com\/company\/technetix\/","https:\/\/www.youtube.com\/c\/Technetix-group"]}]}},"acf":[],"publishpress_future_workflow_manual_trigger":{"enabledWorkflows":[]},"_links":{"self":[{"href":"https:\/\/emea.technetix.com\/de\/wp-json\/wp\/v2\/pages\/1104238","targetHints":{"allow":["GET"]}}],"collection":[{"href":"https:\/\/emea.technetix.com\/de\/wp-json\/wp\/v2\/pages"}],"about":[{"href":"https:\/\/emea.technetix.com\/de\/wp-json\/wp\/v2\/types\/page"}],"author":[{"embeddable":true,"href":"https:\/\/emea.technetix.com\/de\/wp-json\/wp\/v2\/users\/3"}],"replies":[{"embeddable":true,"href":"https:\/\/emea.technetix.com\/de\/wp-json\/wp\/v2\/comments?post=1104238"}],"version-history":[{"count":3,"href":"https:\/\/emea.technetix.com\/de\/wp-json\/wp\/v2\/pages\/1104238\/revisions"}],"predecessor-version":[{"id":1297973,"href":"https:\/\/emea.technetix.com\/de\/wp-json\/wp\/v2\/pages\/1104238\/revisions\/1297973"}],"wp:attachment":[{"href":"https:\/\/emea.technetix.com\/de\/wp-json\/wp\/v2\/media?parent=1104238"}],"curies":[{"name":"wp","href":"https:\/\/api.w.org\/{rel}","templated":true}]}}